{"id":10221,"date":"2019-02-25T19:45:25","date_gmt":"2019-02-25T19:45:25","guid":{"rendered":"https:\/\/www.wheelchairbasketball.ca\/?page_id=10221"},"modified":"2025-10-10T15:03:43","modified_gmt":"2025-10-10T15:03:43","slug":"programme-canadien-antidopage","status":"publish","type":"page","link":"https:\/\/www.wheelchairbasketball.ca\/fr\/equipe-canada\/haute-performance\/programme-canadien-antidopage\/","title":{"rendered":"Programme canadien antidopage"},"content":{"rendered":"<p>En tant que membre de Basketball en fauteuil roulant Canada, ou comme participant au sport de basketball en fauteuil roulant, le Programme canadien antidopage (PCA) s\u2019applique \u00e0 vous.\u00a0Il est important de noter que, en participant \u00e0 des \u00e9v\u00e9nements\u00a0partenaires\u00a0de Basketball en fauteuil roulant Canada, le PCA s\u2019applique \u00e0 vous et vous pouvez \u00eatre s\u00e9lectionn\u00e9(e)s pour des contr\u00f4les antidopage.<\/p>\n<p>Le Centre canadien pour l\u2019\u00e9thique dans le sport (CCES) g\u00e8re le Programme canadien antidopage (PCA), l\u2019ensemble de r\u00e8gles qui r\u00e9git le dopage au Canada. Le PCA comporte plusieurs aspects comme les contr\u00f4les en comp\u00e9tition et hors comp\u00e9tition, la formation, les exemptions m\u00e9dicales et les r\u00e9percussions des violations des r\u00e8gles antidopage. De plus, le PCA est conforme au Code mondial antidopage et aux standards internationaux.<\/p>\n<p>Basketball en fauteuil roulant Canada a adopt\u00e9 le PCA. En d\u2019autres mots, il s\u2019est inscrit \u00e0 un programme antidopage reconnu \u00e0 l\u2019\u00e9chelle internationale con\u00e7u pour prot\u00e9ger les droits des athl\u00e8tes et pour assurer des conditions \u00e9quitables. La politique antidopage ainsi que le code de conduite de Basketball en fauteuil roulant Canada refl\u00e8tent et appuient le PCA:<\/p>\n<ul>\n<li><a href=\"https:\/\/www.wheelchairbasketball.ca\/wp-content\/uploads\/2024\/11\/cces-policy-cadp-2021-final-f.pdf\">Programme canadien antidopage<\/a><\/li>\n<\/ul>\n<p>Bien que le CCES surveille le dopage au sein de la communaut\u00e9 sportive canadienne, vous pouvez \u00e9galement \u00eatre soumis aux r\u00e8gles de la <a href=\"https:\/\/iwbf.org\/\" target=\"_blank\" rel=\"noopener\">f\u00e9d\u00e9ration internationale (FI)<\/a>.<\/p>\n<h3>Informations pertinentes<\/h3>\n<p>Pour s\u2019assurer que les athl\u00e8tes ne violent pas une r\u00e8gle antidopage par inadvertance, le CCES recommande qu\u2019ils suivent les \u00e9tapes suivantes :<\/p>\n<h4>Contr\u00f4le antidopage<\/h4>\n<ul>\n<li><a href=\"http:\/\/cces.ca\/fr\/prelevement-des-echantillons\" target=\"_blank\" rel=\"noopener\">Se familiariser avec le processus de pr\u00e9l\u00e8vement des \u00e9chantillons<\/a>.<\/li>\n<li><a href=\"http:\/\/cces.ca\/fr\/droits-et-responsabilites-des-athletes\" target=\"_blank\" rel=\"noopener\">Se renseigner sur les droits et les responsabilit\u00e9s d\u2019un athl\u00e8te en mati\u00e8re de dopage<\/a>.<\/li>\n<li><a href=\"http:\/\/cces.ca\/fr\/prelevement-des-echantillons\" target=\"_blank\" rel=\"noopener\">Toujours se soumettre \u00e0 un contr\u00f4le du dopage lorsqu\u2019on vous en fait la demande<\/a>.<\/li>\n<\/ul>\n<h4>La Liste des interdictions<\/h4>\n<ul>\n<li>\n<div>\n<div><a href=\"https:\/\/www.wada-ama.org\/sites\/default\/files\/2025-09\/2026list_final_fr_clean_september_2025.pdf\">Liste des substances interdites 2026 de l&rsquo;Agence mondiale antidopage<\/a><\/div>\n<\/div>\n<\/li>\n<li><a href=\"http:\/\/cces.ca\/fr\/verifiez-vos-medicaments\" target=\"_blank\" rel=\"noopener\">V\u00e9rifier tous les m\u00e9dicaments et les produits avant de les utiliser afin de vous assurer qu\u2019ils ne contiennent pas de substances interdites<\/a>.<\/li>\n<li><a href=\"http:\/\/cces.ca\/fr\/exemptions-medicales\" target=\"_blank\" rel=\"noopener\">V\u00e9rifier les exigences li\u00e9es aux exemptions m\u00e9dicales<\/a>.<\/li>\n<li><a href=\"http:\/\/cces.ca\/fr\/supplements\" target=\"_blank\" rel=\"noopener\">Se renseigner sur les risques de dopage associ\u00e9s \u00e0 la prise de suppl\u00e9ments ainsi comment minimiser les risques<\/a>.<\/li>\n<\/ul>\n<h4>Nouvelles<\/h4>\n<p>Se renseigner. <a href=\"http:\/\/cces.ca\/fr\/inscription\" target=\"_blank\" rel=\"noopener\">S\u2019abonner<\/a> aux communiqu\u00e9s de presse et aux avis du CCES. Suivre le CCES sur ses r\u00e9seaux sociaux\u00a0:<\/p>\n<ul>\n<li>Facebook: <a href=\"http:\/\/www.facebook.com\/CanadianCentreforEthicsinSport\" target=\"_blank\" rel=\"noopener\">@CanadianCentreforEthicsinSport<\/a><\/li>\n<li>Twitter: <a href=\"https:\/\/twitter.com\/EthicsInSPORT\" target=\"_blank\" rel=\"noopener\">@EthicsInSPORT<\/a><\/li>\n<\/ul>\n<h4>Signalez le dopage<\/h4>\n<p>Pour signaler des activit\u00e9s de dopage dans le sport, composez le 1-800-710-CCES, ou remplissez le <a href=\"http:\/\/cces.ca\/signalezledopage\" target=\"_blank\" rel=\"noopener\">formulaire en ligne<\/a>.<\/p>\n<h4>Ressources additionnelles et renseignements<\/h4>\n<ul>\n<li>Pour en savoir plus sur le <a href=\"http:\/\/cces.ca\/fr\/le-programme-canadien-antidopage\" target=\"_blank\" rel=\"noopener\">Programme canadien antidopage<\/a>.<\/li>\n<li><a href=\"https:\/\/www.wada-ama.org\/fr\" target=\"_blank\" rel=\"noopener\">L\u2019Agence mondiale antidopage<\/a> a pour but de s\u2019assurer que les athl\u00e8tes prennent part \u00e0 des comp\u00e9titions dans un environnement sans dopage.<\/li>\n<li>Le CCES est fier d\u2019\u00eatre membre actif du <a href=\"http:\/\/truesportpur.ca\/fr\" target=\"_blank\" rel=\"noopener\">Mouvement Sport pur<\/a>, un mouvement ax\u00e9 sur l\u2019id\u00e9e simple que le sport sain peut faire une difference.<\/li>\n<\/ul>\n<h4>Contactez le CCES<\/h4>\n<p>Pour consulter des ressources additionnelles ou pour en savoir davantage sur le dopage, veuillez communiquer avec le CCES :<\/p>\n<ul>\n<li>Courriel : <a href=\"&#109;a&#x69;l&#x74;o&#x3a;i&#x6e;&#102;&#x6f;&#64;&#x63;&#99;&#x65;&#115;&#46;&#99;a\" target=\"_blank\" rel=\"noopener\">&#x69;n&#x66;&#111;&#64;&#x63;&#99;&#x65;&#115;&#46;&#x63;&#97;<\/a><\/li>\n<li>Appel sans frais : 1-800-672-7775<\/li>\n<li><a href=\"https:\/\/cces.ca\/fr\/communiquer-avec-nous\">En ligne<\/a><\/li>\n<\/ul>\n","protected":false},"excerpt":{"rendered":"En tant que membre de Basketball en fauteuil roulant Canada, ou comme participant au sport de basketball en fauteuil roulant, le Programme canadien antidopage (PCA) s\u2019applique \u00e0 vous.\u00a0Il est important de noter que, en participant \u00e0 des \u00e9v\u00e9nements\u00a0partenaires\u00a0de Basketball en fauteuil roulant Canada, le PCA s\u2019applique \u00e0 vous et vous pouvez \u00eatre s\u00e9lectionn\u00e9(e)s pour des [&hellip;]","protected":false},"author":6,"featured_media":21745,"parent":1518,"menu_order":1,"comment_status":"closed","ping_status":"closed","template":"","meta":{"om_disable_all_campaigns":false,"_monsterinsights_skip_tracking":false,"_monsterinsights_sitenote_active":false,"_monsterinsights_sitenote_note":"","_monsterinsights_sitenote_category":0,"footnotes":""},"acf":[],"yoast_head":"<!-- This site is optimized with the Yoast SEO plugin v21.9.1 - https:\/\/yoast.com\/wordpress\/plugins\/seo\/ -->\n<title>Programme canadien antidopage - Wheelchair Basketball Canada<\/title>\n<meta name=\"robots\" content=\"index, follow, max-snippet:-1, max-image-preview:large, max-video-preview:-1\" \/>\n<link rel=\"canonical\" href=\"https:\/\/www.wheelchairbasketball.ca\/fr\/equipe-canada\/haute-performance\/programme-canadien-antidopage\/\" \/>\n<meta property=\"og:locale\" content=\"fr_FR\" \/>\n<meta property=\"og:type\" content=\"article\" \/>\n<meta property=\"og:title\" content=\"Programme canadien antidopage - Wheelchair Basketball Canada\" \/>\n<meta property=\"og:description\" content=\"En tant que membre de Basketball en fauteuil roulant Canada, ou comme participant au sport de basketball en fauteuil roulant, le Programme canadien antidopage (PCA) s\u2019applique \u00e0 vous.\u00a0Il est important de noter que, en participant \u00e0 des \u00e9v\u00e9nements\u00a0partenaires\u00a0de Basketball en fauteuil roulant Canada, le PCA s\u2019applique \u00e0 vous et vous pouvez \u00eatre s\u00e9lectionn\u00e9(e)s pour des [&hellip;]\" \/>\n<meta property=\"og:url\" content=\"https:\/\/www.wheelchairbasketball.ca\/fr\/equipe-canada\/haute-performance\/programme-canadien-antidopage\/\" \/>\n<meta property=\"og:site_name\" content=\"Wheelchair Basketball Canada\" \/>\n<meta property=\"article:publisher\" content=\"http:\/\/www.facebook.com\/wheelchairbasketball\" \/>\n<meta property=\"article:modified_time\" content=\"2025-10-10T15:03:43+00:00\" \/>\n<meta property=\"og:image\" content=\"https:\/\/www.wheelchairbasketball.ca\/wp-content\/uploads\/2024\/10\/Paris2024_WomenWheelchairBasketball_Training-93106022-1400x600-1.png\" \/>\n\t<meta property=\"og:image:width\" content=\"1400\" \/>\n\t<meta property=\"og:image:height\" content=\"600\" \/>\n\t<meta property=\"og:image:type\" content=\"image\/png\" \/>\n<meta name=\"twitter:card\" content=\"summary_large_image\" \/>\n<meta name=\"twitter:site\" content=\"@WCBballCanada\" \/>\n<meta name=\"twitter:label1\" content=\"Dur\u00e9e de lecture estim\u00e9e\" \/>\n\t<meta name=\"twitter:data1\" content=\"3 minutes\" \/>\n<script type=\"application\/ld+json\" class=\"yoast-schema-graph\">{\"@context\":\"https:\/\/schema.org\",\"@graph\":[{\"@type\":\"WebPage\",\"@id\":\"https:\/\/www.wheelchairbasketball.ca\/fr\/equipe-canada\/haute-performance\/programme-canadien-antidopage\/\",\"url\":\"https:\/\/www.wheelchairbasketball.ca\/fr\/equipe-canada\/haute-performance\/programme-canadien-antidopage\/\",\"name\":\"Programme canadien antidopage - Wheelchair Basketball Canada\",\"isPartOf\":{\"@id\":\"https:\/\/www.wheelchairbasketball.ca\/#website\"},\"datePublished\":\"2019-02-25T19:45:25+00:00\",\"dateModified\":\"2025-10-10T15:03:43+00:00\",\"breadcrumb\":{\"@id\":\"https:\/\/www.wheelchairbasketball.ca\/fr\/equipe-canada\/haute-performance\/programme-canadien-antidopage\/#breadcrumb\"},\"inLanguage\":\"fr-FR\",\"potentialAction\":[{\"@type\":\"ReadAction\",\"target\":[\"https:\/\/www.wheelchairbasketball.ca\/fr\/equipe-canada\/haute-performance\/programme-canadien-antidopage\/\"]}]},{\"@type\":\"BreadcrumbList\",\"@id\":\"https:\/\/www.wheelchairbasketball.ca\/fr\/equipe-canada\/haute-performance\/programme-canadien-antidopage\/#breadcrumb\",\"itemListElement\":[{\"@type\":\"ListItem\",\"position\":1,\"name\":\"Home\",\"item\":\"https:\/\/www.wheelchairbasketball.ca\/fr\/\"},{\"@type\":\"ListItem\",\"position\":2,\"name\":\"\u00c9quipe Canada\",\"item\":\"https:\/\/www.wheelchairbasketball.ca\/fr\/equipe-canada\/\"},{\"@type\":\"ListItem\",\"position\":3,\"name\":\"Haute performance\",\"item\":\"https:\/\/www.wheelchairbasketball.ca\/fr\/equipe-canada\/haute-performance\/\"},{\"@type\":\"ListItem\",\"position\":4,\"name\":\"Programme canadien antidopage\"}]},{\"@type\":\"WebSite\",\"@id\":\"https:\/\/www.wheelchairbasketball.ca\/#website\",\"url\":\"https:\/\/www.wheelchairbasketball.ca\/\",\"name\":\"Wheelchair Basketball Canada\",\"description\":\"Real Life. Real Sport.\",\"potentialAction\":[{\"@type\":\"SearchAction\",\"target\":{\"@type\":\"EntryPoint\",\"urlTemplate\":\"https:\/\/www.wheelchairbasketball.ca\/?s={search_term_string}\"},\"query-input\":\"required name=search_term_string\"}],\"inLanguage\":\"fr-FR\"}]}<\/script>\n<!-- \/ Yoast SEO plugin. -->","yoast_head_json":{"title":"Programme canadien antidopage - Wheelchair Basketball Canada","robots":{"index":"index","follow":"follow","max-snippet":"max-snippet:-1","max-image-preview":"max-image-preview:large","max-video-preview":"max-video-preview:-1"},"canonical":"https:\/\/www.wheelchairbasketball.ca\/fr\/equipe-canada\/haute-performance\/programme-canadien-antidopage\/","og_locale":"fr_FR","og_type":"article","og_title":"Programme canadien antidopage - Wheelchair Basketball Canada","og_description":"En tant que membre de Basketball en fauteuil roulant Canada, ou comme participant au sport de basketball en fauteuil roulant, le Programme canadien antidopage (PCA) s\u2019applique \u00e0 vous.\u00a0Il est important de noter que, en participant \u00e0 des \u00e9v\u00e9nements\u00a0partenaires\u00a0de Basketball en fauteuil roulant Canada, le PCA s\u2019applique \u00e0 vous et vous pouvez \u00eatre s\u00e9lectionn\u00e9(e)s pour des [&hellip;]","og_url":"https:\/\/www.wheelchairbasketball.ca\/fr\/equipe-canada\/haute-performance\/programme-canadien-antidopage\/","og_site_name":"Wheelchair Basketball Canada","article_publisher":"http:\/\/www.facebook.com\/wheelchairbasketball","article_modified_time":"2025-10-10T15:03:43+00:00","og_image":[{"width":1400,"height":600,"url":"https:\/\/www.wheelchairbasketball.ca\/wp-content\/uploads\/2024\/10\/Paris2024_WomenWheelchairBasketball_Training-93106022-1400x600-1.png","type":"image\/png"}],"twitter_card":"summary_large_image","twitter_site":"@WCBballCanada","twitter_misc":{"Dur\u00e9e de lecture estim\u00e9e":"3 minutes"},"schema":{"@context":"https:\/\/schema.org","@graph":[{"@type":"WebPage","@id":"https:\/\/www.wheelchairbasketball.ca\/fr\/equipe-canada\/haute-performance\/programme-canadien-antidopage\/","url":"https:\/\/www.wheelchairbasketball.ca\/fr\/equipe-canada\/haute-performance\/programme-canadien-antidopage\/","name":"Programme canadien antidopage - Wheelchair Basketball Canada","isPartOf":{"@id":"https:\/\/www.wheelchairbasketball.ca\/#website"},"datePublished":"2019-02-25T19:45:25+00:00","dateModified":"2025-10-10T15:03:43+00:00","breadcrumb":{"@id":"https:\/\/www.wheelchairbasketball.ca\/fr\/equipe-canada\/haute-performance\/programme-canadien-antidopage\/#breadcrumb"},"inLanguage":"fr-FR","potentialAction":[{"@type":"ReadAction","target":["https:\/\/www.wheelchairbasketball.ca\/fr\/equipe-canada\/haute-performance\/programme-canadien-antidopage\/"]}]},{"@type":"BreadcrumbList","@id":"https:\/\/www.wheelchairbasketball.ca\/fr\/equipe-canada\/haute-performance\/programme-canadien-antidopage\/#breadcrumb","itemListElement":[{"@type":"ListItem","position":1,"name":"Home","item":"https:\/\/www.wheelchairbasketball.ca\/fr\/"},{"@type":"ListItem","position":2,"name":"\u00c9quipe Canada","item":"https:\/\/www.wheelchairbasketball.ca\/fr\/equipe-canada\/"},{"@type":"ListItem","position":3,"name":"Haute performance","item":"https:\/\/www.wheelchairbasketball.ca\/fr\/equipe-canada\/haute-performance\/"},{"@type":"ListItem","position":4,"name":"Programme canadien antidopage"}]},{"@type":"WebSite","@id":"https:\/\/www.wheelchairbasketball.ca\/#website","url":"https:\/\/www.wheelchairbasketball.ca\/","name":"Wheelchair Basketball Canada","description":"Real Life. Real Sport.","potentialAction":[{"@type":"SearchAction","target":{"@type":"EntryPoint","urlTemplate":"https:\/\/www.wheelchairbasketball.ca\/?s={search_term_string}"},"query-input":"required name=search_term_string"}],"inLanguage":"fr-FR"}]}},"_links":{"self":[{"href":"https:\/\/www.wheelchairbasketball.ca\/fr\/wp-json\/wp\/v2\/pages\/10221"}],"collection":[{"href":"https:\/\/www.wheelchairbasketball.ca\/fr\/wp-json\/wp\/v2\/pages"}],"about":[{"href":"https:\/\/www.wheelchairbasketball.ca\/fr\/wp-json\/wp\/v2\/types\/page"}],"author":[{"embeddable":true,"href":"https:\/\/www.wheelchairbasketball.ca\/fr\/wp-json\/wp\/v2\/users\/6"}],"replies":[{"embeddable":true,"href":"https:\/\/www.wheelchairbasketball.ca\/fr\/wp-json\/wp\/v2\/comments?post=10221"}],"version-history":[{"count":4,"href":"https:\/\/www.wheelchairbasketball.ca\/fr\/wp-json\/wp\/v2\/pages\/10221\/revisions"}],"predecessor-version":[{"id":22159,"href":"https:\/\/www.wheelchairbasketball.ca\/fr\/wp-json\/wp\/v2\/pages\/10221\/revisions\/22159"}],"up":[{"embeddable":true,"href":"https:\/\/www.wheelchairbasketball.ca\/fr\/wp-json\/wp\/v2\/pages\/1518"}],"wp:featuredmedia":[{"embeddable":true,"href":"https:\/\/www.wheelchairbasketball.ca\/fr\/wp-json\/wp\/v2\/media\/21745"}],"wp:attachment":[{"href":"https:\/\/www.wheelchairbasketball.ca\/fr\/wp-json\/wp\/v2\/media?parent=10221"}],"curies":[{"name":"wp","href":"https:\/\/api.w.org\/{rel}","templated":true}]}}