{"id":1162,"date":"2015-03-30T22:40:07","date_gmt":"2015-03-30T22:40:07","guid":{"rendered":"https:\/\/www.wheelchairbasketball.ca\/?page_id=1162"},"modified":"2015-03-30T22:40:07","modified_gmt":"2015-03-30T22:40:07","slug":"a-propos-de-nous","status":"publish","type":"page","link":"https:\/\/www.wheelchairbasketball.ca\/fr\/a-propos-de-nous\/","title":{"rendered":"\u00c0 propos de nous"},"content":{"rendered":"<h2>Renseignements g\u00e9n\u00e9raux<\/h2>\n<h3>Qui nous sommes<\/h3>\n<p>Basketball en fauteuil roulant Canada (BFRC) est l\u2019organisme national directeur de sport responsable de l\u2019organisation du basketball en fauteuil roulant au Canada. Organisme de bienfaisance sans but lucratif, BFRC est le membre canadien de la F\u00e9d\u00e9ration internationale de basketball en fauteuil roulant (I.W.B.F.).<\/p>\n<p>Les programmes et les services qu\u2019offre Basketball en fauteuil roulant Canada ont pour but de renforcer le sport du niveau d\u00e9butant jusqu\u2019aux athl\u00e8tes de haute performance qui participent aux Jeux paralympiques. Des repr\u00e9sentants des [provinces] \u00e9lisent le [conseil d\u2019administration] , qui \u00e9tablit les politiques et guide le d\u00e9veloppement du basketball en fauteuil roulant au Canada.<br \/>\nNotre r\u00eave<\/p>\n<p>La vision de Basketball en fauteuil roulant Canada pour 2020 est d&rsquo;\u00eatre le chef de file mondial du basketball en fauteuil roulant.<\/p>\n<h2>Nous croyons<\/h2>\n<ul>\n<li>en une conduite et un comportement \u00e9thiques;<\/li>\n<li>en un milieu qui pr\u00e9conise l&rsquo;esprit sportif;<\/li>\n<li> en un engagement envers une politique d&rsquo;int\u00e9gration qui encourage tous les Canadiens, tant handicap\u00e9s que physiquement aptes, \u00e0 participer au sport du basketball en fauteuil roulant;<\/li>\n<li>en des programmes et des services diversifi\u00e9s.\n<\/li>\n<\/ul>\n<h2>Notre client\u00e8le<\/h2>\n<p>Basketball en fauteuil roulant Canada est fier de sa diversit\u00e9, encourageant les personnes de tout \u00e2ge, qu\u2019elles soient handicap\u00e9es ou non, \u00e0 participer activement \u00e0 notre sport. BFRC favorise la croissance aux niveaux de l\u2019initiation au sport, du d\u00e9veloppement, de la comp\u00e9tition et de l\u2019\u00e9lite et offre des programmes aux jeunes, ainsi qu\u2019aux hommes et aux femmes.<\/p>\n<p>Dans l\u2019ensemble des provinces et des territoires canadiens, on compte plus de 2 500 athl\u00e8tes, entra\u00eeneurs, officiels et administrateurs qui sont des membres actifs.<\/p>\n","protected":false},"excerpt":{"rendered":"Renseignements g\u00e9n\u00e9raux Qui nous sommes Basketball en fauteuil roulant Canada (BFRC) est l\u2019organisme national directeur de sport responsable de l\u2019organisation du basketball en fauteuil roulant au Canada. Organisme de bienfaisance sans but lucratif, BFRC est le membre canadien de la F\u00e9d\u00e9ration internationale de basketball en fauteuil roulant (I.W.B.F.). Les programmes et les services qu\u2019offre Basketball [&hellip;]","protected":false},"author":4,"featured_media":0,"parent":0,"menu_order":16,"comment_status":"closed","ping_status":"closed","template":"","meta":{"om_disable_all_campaigns":false,"_monsterinsights_skip_tracking":false,"_monsterinsights_sitenote_active":false,"_monsterinsights_sitenote_note":"","_monsterinsights_sitenote_category":0,"footnotes":""},"acf":[],"yoast_head":"<!-- This site is optimized with the Yoast SEO plugin v21.9.1 - https:\/\/yoast.com\/wordpress\/plugins\/seo\/ -->\n<title>\u00c0 propos de nous - Wheelchair Basketball Canada<\/title>\n<meta name=\"robots\" content=\"index, follow, max-snippet:-1, max-image-preview:large, max-video-preview:-1\" \/>\n<link rel=\"canonical\" href=\"https:\/\/www.wheelchairbasketball.ca\/fr\/a-propos-de-nous\/\" \/>\n<meta property=\"og:locale\" content=\"fr_FR\" \/>\n<meta property=\"og:type\" content=\"article\" \/>\n<meta property=\"og:title\" content=\"\u00c0 propos de nous - Wheelchair Basketball Canada\" \/>\n<meta property=\"og:description\" content=\"Renseignements g\u00e9n\u00e9raux Qui nous sommes Basketball en fauteuil roulant Canada (BFRC) est l\u2019organisme national directeur de sport responsable de l\u2019organisation du basketball en fauteuil roulant au Canada. Organisme de bienfaisance sans but lucratif, BFRC est le membre canadien de la F\u00e9d\u00e9ration internationale de basketball en fauteuil roulant (I.W.B.F.). Les programmes et les services qu\u2019offre Basketball [&hellip;]\" \/>\n<meta property=\"og:url\" content=\"https:\/\/www.wheelchairbasketball.ca\/fr\/a-propos-de-nous\/\" \/>\n<meta property=\"og:site_name\" content=\"Wheelchair Basketball Canada\" \/>\n<meta property=\"article:publisher\" content=\"http:\/\/www.facebook.com\/wheelchairbasketball\" \/>\n<meta name=\"twitter:card\" content=\"summary_large_image\" \/>\n<meta name=\"twitter:site\" content=\"@WCBballCanada\" \/>\n<meta name=\"twitter:label1\" content=\"Dur\u00e9e de lecture estim\u00e9e\" \/>\n\t<meta name=\"twitter:data1\" content=\"1 minute\" \/>\n<script type=\"application\/ld+json\" class=\"yoast-schema-graph\">{\"@context\":\"https:\/\/schema.org\",\"@graph\":[{\"@type\":\"WebPage\",\"@id\":\"https:\/\/www.wheelchairbasketball.ca\/fr\/a-propos-de-nous\/\",\"url\":\"https:\/\/www.wheelchairbasketball.ca\/fr\/a-propos-de-nous\/\",\"name\":\"\u00c0 propos de nous - Wheelchair Basketball Canada\",\"isPartOf\":{\"@id\":\"https:\/\/www.wheelchairbasketball.ca\/#website\"},\"datePublished\":\"2015-03-30T22:40:07+00:00\",\"dateModified\":\"2015-03-30T22:40:07+00:00\",\"breadcrumb\":{\"@id\":\"https:\/\/www.wheelchairbasketball.ca\/fr\/a-propos-de-nous\/#breadcrumb\"},\"inLanguage\":\"fr-FR\",\"potentialAction\":[{\"@type\":\"ReadAction\",\"target\":[\"https:\/\/www.wheelchairbasketball.ca\/fr\/a-propos-de-nous\/\"]}]},{\"@type\":\"BreadcrumbList\",\"@id\":\"https:\/\/www.wheelchairbasketball.ca\/fr\/a-propos-de-nous\/#breadcrumb\",\"itemListElement\":[{\"@type\":\"ListItem\",\"position\":1,\"name\":\"Home\",\"item\":\"https:\/\/www.wheelchairbasketball.ca\/fr\/\"},{\"@type\":\"ListItem\",\"position\":2,\"name\":\"\u00c0 propos de nous\"}]},{\"@type\":\"WebSite\",\"@id\":\"https:\/\/www.wheelchairbasketball.ca\/#website\",\"url\":\"https:\/\/www.wheelchairbasketball.ca\/\",\"name\":\"Wheelchair Basketball Canada\",\"description\":\"Real Life. Real Sport.\",\"potentialAction\":[{\"@type\":\"SearchAction\",\"target\":{\"@type\":\"EntryPoint\",\"urlTemplate\":\"https:\/\/www.wheelchairbasketball.ca\/?s={search_term_string}\"},\"query-input\":\"required name=search_term_string\"}],\"inLanguage\":\"fr-FR\"}]}<\/script>\n<!-- \/ Yoast SEO plugin. -->","yoast_head_json":{"title":"\u00c0 propos de nous - Wheelchair Basketball Canada","robots":{"index":"index","follow":"follow","max-snippet":"max-snippet:-1","max-image-preview":"max-image-preview:large","max-video-preview":"max-video-preview:-1"},"canonical":"https:\/\/www.wheelchairbasketball.ca\/fr\/a-propos-de-nous\/","og_locale":"fr_FR","og_type":"article","og_title":"\u00c0 propos de nous - Wheelchair Basketball Canada","og_description":"Renseignements g\u00e9n\u00e9raux Qui nous sommes Basketball en fauteuil roulant Canada (BFRC) est l\u2019organisme national directeur de sport responsable de l\u2019organisation du basketball en fauteuil roulant au Canada. Organisme de bienfaisance sans but lucratif, BFRC est le membre canadien de la F\u00e9d\u00e9ration internationale de basketball en fauteuil roulant (I.W.B.F.). Les programmes et les services qu\u2019offre Basketball [&hellip;]","og_url":"https:\/\/www.wheelchairbasketball.ca\/fr\/a-propos-de-nous\/","og_site_name":"Wheelchair Basketball Canada","article_publisher":"http:\/\/www.facebook.com\/wheelchairbasketball","twitter_card":"summary_large_image","twitter_site":"@WCBballCanada","twitter_misc":{"Dur\u00e9e de lecture estim\u00e9e":"1 minute"},"schema":{"@context":"https:\/\/schema.org","@graph":[{"@type":"WebPage","@id":"https:\/\/www.wheelchairbasketball.ca\/fr\/a-propos-de-nous\/","url":"https:\/\/www.wheelchairbasketball.ca\/fr\/a-propos-de-nous\/","name":"\u00c0 propos de nous - Wheelchair Basketball Canada","isPartOf":{"@id":"https:\/\/www.wheelchairbasketball.ca\/#website"},"datePublished":"2015-03-30T22:40:07+00:00","dateModified":"2015-03-30T22:40:07+00:00","breadcrumb":{"@id":"https:\/\/www.wheelchairbasketball.ca\/fr\/a-propos-de-nous\/#breadcrumb"},"inLanguage":"fr-FR","potentialAction":[{"@type":"ReadAction","target":["https:\/\/www.wheelchairbasketball.ca\/fr\/a-propos-de-nous\/"]}]},{"@type":"BreadcrumbList","@id":"https:\/\/www.wheelchairbasketball.ca\/fr\/a-propos-de-nous\/#breadcrumb","itemListElement":[{"@type":"ListItem","position":1,"name":"Home","item":"https:\/\/www.wheelchairbasketball.ca\/fr\/"},{"@type":"ListItem","position":2,"name":"\u00c0 propos de nous"}]},{"@type":"WebSite","@id":"https:\/\/www.wheelchairbasketball.ca\/#website","url":"https:\/\/www.wheelchairbasketball.ca\/","name":"Wheelchair Basketball Canada","description":"Real Life. Real Sport.","potentialAction":[{"@type":"SearchAction","target":{"@type":"EntryPoint","urlTemplate":"https:\/\/www.wheelchairbasketball.ca\/?s={search_term_string}"},"query-input":"required name=search_term_string"}],"inLanguage":"fr-FR"}]}},"_links":{"self":[{"href":"https:\/\/www.wheelchairbasketball.ca\/fr\/wp-json\/wp\/v2\/pages\/1162"}],"collection":[{"href":"https:\/\/www.wheelchairbasketball.ca\/fr\/wp-json\/wp\/v2\/pages"}],"about":[{"href":"https:\/\/www.wheelchairbasketball.ca\/fr\/wp-json\/wp\/v2\/types\/page"}],"author":[{"embeddable":true,"href":"https:\/\/www.wheelchairbasketball.ca\/fr\/wp-json\/wp\/v2\/users\/4"}],"replies":[{"embeddable":true,"href":"https:\/\/www.wheelchairbasketball.ca\/fr\/wp-json\/wp\/v2\/comments?post=1162"}],"version-history":[{"count":3,"href":"https:\/\/www.wheelchairbasketball.ca\/fr\/wp-json\/wp\/v2\/pages\/1162\/revisions"}],"predecessor-version":[{"id":1165,"href":"https:\/\/www.wheelchairbasketball.ca\/fr\/wp-json\/wp\/v2\/pages\/1162\/revisions\/1165"}],"wp:attachment":[{"href":"https:\/\/www.wheelchairbasketball.ca\/fr\/wp-json\/wp\/v2\/media?parent=1162"}],"curies":[{"name":"wp","href":"https:\/\/api.w.org\/{rel}","templated":true}]}}