{"id":1167,"date":"2015-03-30T22:40:24","date_gmt":"2015-03-30T22:40:24","guid":{"rendered":"https:\/\/www.wheelchairbasketball.ca\/?page_id=1167"},"modified":"2024-11-20T20:57:28","modified_gmt":"2024-11-20T20:57:28","slug":"qui-nous-sommes","status":"publish","type":"page","link":"https:\/\/www.wheelchairbasketball.ca\/fr\/a-propos-de-nous\/qui-nous-sommes\/","title":{"rendered":"Qui sommes-nous"},"content":{"rendered":"<p>Basketball en fauteuil roulant Canada (BFRC) est l\u2019organisme national directeur de sport responsable de l\u2019organisation du basketball en fauteuil roulant au Canada. Organisme de bienfaisance sans but lucratif, BFRC est le membre canadien de la F\u00e9d\u00e9ration internationale de basketball en fauteuil roulant (I.W.B.F.).<\/p>\n<p>Les programmes et les services qu\u2019offre Basketball en fauteuil roulant Canada ont pour but de renforcer le sport, du niveau d\u00e9butant jusqu\u2019aux athl\u00e8tes de haute performance, qui participent aux Jeux paralympiques. Des repr\u00e9sentants des provinces \u00e9lisent le conseil d\u2019administration, qui \u00e9tablit les politiques et guide le d\u00e9veloppement du basketball en fauteuil roulant au Canada.<\/p>\n<h3><b>D\u00e9claration de vision<\/b><\/h3>\n<p>\u00catre le leader mondial du basket-ball en fauteuil roulant.<\/p>\n<h3>Notre ambition de gagner<\/h3>\n<p>Excellence \u2013 chaque jour et de chaque fa\u00e7on<\/p>\n<h3><b>\u00c9nonc\u00e9 de mission<\/b><\/h3>\n<p>Basket-ball en fauteuil roulant Canada s&rsquo;engage \u00e0 atteindre l&rsquo;excellence dans le d\u00e9veloppement, le soutien et la promotion de programmes et de services de basket-ball en fauteuil roulant pour tous les Canadiens.<\/p>\n<h3>Nos valeurs<\/h3>\n<ul>\n<li>Excellence<\/li>\n<li>Int\u00e9grit\u00e9<\/li>\n<li>Inclusion<\/li>\n<li>Responsabilisation<\/li>\n<li>Passion<\/li>\n<\/ul>\n<h3>Notre client\u00e8le<\/h3>\n<p>Basketball en fauteuil roulant Canada est fier de sa diversit\u00e9, encourageant les personnes de tout \u00e2ge, qu\u2019elles soient handicap\u00e9es ou non, \u00e0 participer activement \u00e0 notre sport. BFRC favorise la croissance aux niveaux de l\u2019initiation au sport, du d\u00e9veloppement, de la comp\u00e9tition et de l\u2019\u00e9lite et offre des programmes aux jeunes et aux adultes de toute identit\u00e9 de genre.<\/p>\n","protected":false},"excerpt":{"rendered":"Basketball en fauteuil roulant Canada (BFRC) est l\u2019organisme national directeur de sport responsable de l\u2019organisation du basketball en fauteuil roulant au Canada. Organisme de bienfaisance sans but lucratif, BFRC est le membre canadien de la F\u00e9d\u00e9ration internationale de basketball en fauteuil roulant (I.W.B.F.). Les programmes et les services qu\u2019offre Basketball en fauteuil roulant Canada ont [&hellip;]","protected":false},"author":4,"featured_media":2437,"parent":1162,"menu_order":0,"comment_status":"closed","ping_status":"closed","template":"","meta":{"om_disable_all_campaigns":false,"_monsterinsights_skip_tracking":false,"_monsterinsights_sitenote_active":false,"_monsterinsights_sitenote_note":"","_monsterinsights_sitenote_category":0,"footnotes":""},"acf":[],"yoast_head":"<!-- This site is optimized with the Yoast SEO plugin v21.9.1 - https:\/\/yoast.com\/wordpress\/plugins\/seo\/ -->\n<title>Qui sommes-nous - Wheelchair Basketball Canada<\/title>\n<meta name=\"robots\" content=\"index, follow, max-snippet:-1, max-image-preview:large, max-video-preview:-1\" \/>\n<link rel=\"canonical\" href=\"https:\/\/www.wheelchairbasketball.ca\/fr\/a-propos-de-nous\/qui-nous-sommes\/\" \/>\n<meta property=\"og:locale\" content=\"fr_FR\" \/>\n<meta property=\"og:type\" content=\"article\" \/>\n<meta property=\"og:title\" content=\"Qui sommes-nous - Wheelchair Basketball Canada\" \/>\n<meta property=\"og:description\" content=\"Basketball en fauteuil roulant Canada (BFRC) est l\u2019organisme national directeur de sport responsable de l\u2019organisation du basketball en fauteuil roulant au Canada. Organisme de bienfaisance sans but lucratif, BFRC est le membre canadien de la F\u00e9d\u00e9ration internationale de basketball en fauteuil roulant (I.W.B.F.). Les programmes et les services qu\u2019offre Basketball en fauteuil roulant Canada ont [&hellip;]\" \/>\n<meta property=\"og:url\" content=\"https:\/\/www.wheelchairbasketball.ca\/fr\/a-propos-de-nous\/qui-nous-sommes\/\" \/>\n<meta property=\"og:site_name\" content=\"Wheelchair Basketball Canada\" \/>\n<meta property=\"article:publisher\" content=\"http:\/\/www.facebook.com\/wheelchairbasketball\" \/>\n<meta property=\"article:modified_time\" content=\"2024-11-20T20:57:28+00:00\" \/>\n<meta property=\"og:image\" content=\"https:\/\/www.wheelchairbasketball.ca\/wp-content\/uploads\/2015\/03\/WBC-Feature-Image-f.jpg\" \/>\n\t<meta property=\"og:image:width\" content=\"1400\" \/>\n\t<meta property=\"og:image:height\" content=\"600\" \/>\n\t<meta property=\"og:image:type\" content=\"image\/jpeg\" \/>\n<meta name=\"twitter:card\" content=\"summary_large_image\" \/>\n<meta name=\"twitter:site\" content=\"@WCBballCanada\" \/>\n<meta name=\"twitter:label1\" content=\"Dur\u00e9e de lecture estim\u00e9e\" \/>\n\t<meta name=\"twitter:data1\" content=\"2 minutes\" \/>\n<script type=\"application\/ld+json\" class=\"yoast-schema-graph\">{\"@context\":\"https:\/\/schema.org\",\"@graph\":[{\"@type\":\"WebPage\",\"@id\":\"https:\/\/www.wheelchairbasketball.ca\/fr\/a-propos-de-nous\/qui-nous-sommes\/\",\"url\":\"https:\/\/www.wheelchairbasketball.ca\/fr\/a-propos-de-nous\/qui-nous-sommes\/\",\"name\":\"Qui sommes-nous - Wheelchair Basketball Canada\",\"isPartOf\":{\"@id\":\"https:\/\/www.wheelchairbasketball.ca\/#website\"},\"datePublished\":\"2015-03-30T22:40:24+00:00\",\"dateModified\":\"2024-11-20T20:57:28+00:00\",\"breadcrumb\":{\"@id\":\"https:\/\/www.wheelchairbasketball.ca\/fr\/a-propos-de-nous\/qui-nous-sommes\/#breadcrumb\"},\"inLanguage\":\"fr-FR\",\"potentialAction\":[{\"@type\":\"ReadAction\",\"target\":[\"https:\/\/www.wheelchairbasketball.ca\/fr\/a-propos-de-nous\/qui-nous-sommes\/\"]}]},{\"@type\":\"BreadcrumbList\",\"@id\":\"https:\/\/www.wheelchairbasketball.ca\/fr\/a-propos-de-nous\/qui-nous-sommes\/#breadcrumb\",\"itemListElement\":[{\"@type\":\"ListItem\",\"position\":1,\"name\":\"Home\",\"item\":\"https:\/\/www.wheelchairbasketball.ca\/fr\/\"},{\"@type\":\"ListItem\",\"position\":2,\"name\":\"\u00c0 propos de nous\",\"item\":\"https:\/\/www.wheelchairbasketball.ca\/fr\/a-propos-de-nous\/\"},{\"@type\":\"ListItem\",\"position\":3,\"name\":\"Qui sommes-nous\"}]},{\"@type\":\"WebSite\",\"@id\":\"https:\/\/www.wheelchairbasketball.ca\/#website\",\"url\":\"https:\/\/www.wheelchairbasketball.ca\/\",\"name\":\"Wheelchair Basketball Canada\",\"description\":\"Real Life. Real Sport.\",\"potentialAction\":[{\"@type\":\"SearchAction\",\"target\":{\"@type\":\"EntryPoint\",\"urlTemplate\":\"https:\/\/www.wheelchairbasketball.ca\/?s={search_term_string}\"},\"query-input\":\"required name=search_term_string\"}],\"inLanguage\":\"fr-FR\"}]}<\/script>\n<!-- \/ Yoast SEO plugin. -->","yoast_head_json":{"title":"Qui sommes-nous - Wheelchair Basketball Canada","robots":{"index":"index","follow":"follow","max-snippet":"max-snippet:-1","max-image-preview":"max-image-preview:large","max-video-preview":"max-video-preview:-1"},"canonical":"https:\/\/www.wheelchairbasketball.ca\/fr\/a-propos-de-nous\/qui-nous-sommes\/","og_locale":"fr_FR","og_type":"article","og_title":"Qui sommes-nous - Wheelchair Basketball Canada","og_description":"Basketball en fauteuil roulant Canada (BFRC) est l\u2019organisme national directeur de sport responsable de l\u2019organisation du basketball en fauteuil roulant au Canada. Organisme de bienfaisance sans but lucratif, BFRC est le membre canadien de la F\u00e9d\u00e9ration internationale de basketball en fauteuil roulant (I.W.B.F.). Les programmes et les services qu\u2019offre Basketball en fauteuil roulant Canada ont [&hellip;]","og_url":"https:\/\/www.wheelchairbasketball.ca\/fr\/a-propos-de-nous\/qui-nous-sommes\/","og_site_name":"Wheelchair Basketball Canada","article_publisher":"http:\/\/www.facebook.com\/wheelchairbasketball","article_modified_time":"2024-11-20T20:57:28+00:00","og_image":[{"width":1400,"height":600,"url":"https:\/\/www.wheelchairbasketball.ca\/wp-content\/uploads\/2015\/03\/WBC-Feature-Image-f.jpg","type":"image\/jpeg"}],"twitter_card":"summary_large_image","twitter_site":"@WCBballCanada","twitter_misc":{"Dur\u00e9e de lecture estim\u00e9e":"2 minutes"},"schema":{"@context":"https:\/\/schema.org","@graph":[{"@type":"WebPage","@id":"https:\/\/www.wheelchairbasketball.ca\/fr\/a-propos-de-nous\/qui-nous-sommes\/","url":"https:\/\/www.wheelchairbasketball.ca\/fr\/a-propos-de-nous\/qui-nous-sommes\/","name":"Qui sommes-nous - Wheelchair Basketball Canada","isPartOf":{"@id":"https:\/\/www.wheelchairbasketball.ca\/#website"},"datePublished":"2015-03-30T22:40:24+00:00","dateModified":"2024-11-20T20:57:28+00:00","breadcrumb":{"@id":"https:\/\/www.wheelchairbasketball.ca\/fr\/a-propos-de-nous\/qui-nous-sommes\/#breadcrumb"},"inLanguage":"fr-FR","potentialAction":[{"@type":"ReadAction","target":["https:\/\/www.wheelchairbasketball.ca\/fr\/a-propos-de-nous\/qui-nous-sommes\/"]}]},{"@type":"BreadcrumbList","@id":"https:\/\/www.wheelchairbasketball.ca\/fr\/a-propos-de-nous\/qui-nous-sommes\/#breadcrumb","itemListElement":[{"@type":"ListItem","position":1,"name":"Home","item":"https:\/\/www.wheelchairbasketball.ca\/fr\/"},{"@type":"ListItem","position":2,"name":"\u00c0 propos de nous","item":"https:\/\/www.wheelchairbasketball.ca\/fr\/a-propos-de-nous\/"},{"@type":"ListItem","position":3,"name":"Qui sommes-nous"}]},{"@type":"WebSite","@id":"https:\/\/www.wheelchairbasketball.ca\/#website","url":"https:\/\/www.wheelchairbasketball.ca\/","name":"Wheelchair Basketball Canada","description":"Real Life. Real Sport.","potentialAction":[{"@type":"SearchAction","target":{"@type":"EntryPoint","urlTemplate":"https:\/\/www.wheelchairbasketball.ca\/?s={search_term_string}"},"query-input":"required name=search_term_string"}],"inLanguage":"fr-FR"}]}},"_links":{"self":[{"href":"https:\/\/www.wheelchairbasketball.ca\/fr\/wp-json\/wp\/v2\/pages\/1167"}],"collection":[{"href":"https:\/\/www.wheelchairbasketball.ca\/fr\/wp-json\/wp\/v2\/pages"}],"about":[{"href":"https:\/\/www.wheelchairbasketball.ca\/fr\/wp-json\/wp\/v2\/types\/page"}],"author":[{"embeddable":true,"href":"https:\/\/www.wheelchairbasketball.ca\/fr\/wp-json\/wp\/v2\/users\/4"}],"replies":[{"embeddable":true,"href":"https:\/\/www.wheelchairbasketball.ca\/fr\/wp-json\/wp\/v2\/comments?post=1167"}],"version-history":[{"count":10,"href":"https:\/\/www.wheelchairbasketball.ca\/fr\/wp-json\/wp\/v2\/pages\/1167\/revisions"}],"predecessor-version":[{"id":22117,"href":"https:\/\/www.wheelchairbasketball.ca\/fr\/wp-json\/wp\/v2\/pages\/1167\/revisions\/22117"}],"up":[{"embeddable":true,"href":"https:\/\/www.wheelchairbasketball.ca\/fr\/wp-json\/wp\/v2\/pages\/1162"}],"wp:featuredmedia":[{"embeddable":true,"href":"https:\/\/www.wheelchairbasketball.ca\/fr\/wp-json\/wp\/v2\/media\/2437"}],"wp:attachment":[{"href":"https:\/\/www.wheelchairbasketball.ca\/fr\/wp-json\/wp\/v2\/media?parent=1167"}],"curies":[{"name":"wp","href":"https:\/\/api.w.org\/{rel}","templated":true}]}}