{"id":1169,"date":"2015-03-30T22:47:48","date_gmt":"2015-03-30T22:47:02","guid":{"rendered":"https:\/\/www.wheelchairbasketball.ca\/?page_id=1169"},"modified":"2024-11-22T14:42:33","modified_gmt":"2024-11-22T14:42:33","slug":"facons-de-donner","status":"publish","type":"page","link":"https:\/\/www.wheelchairbasketball.ca\/fr\/facons-de-donner\/","title":{"rendered":"Fa\u00e7ons de donner"},"content":{"rendered":"<p>Fi\u00e8rement au Canada, le basketball en fauteuil roulant est un sport inclusif dans lequel les athl\u00e8tes handicap\u00e9s et non handicap\u00e9s concourent ensemble, sur un pied d\u2019\u00e9galit\u00e9. Basketball en fauteuil roulant Canada (BFRC) favorise la croissance aux niveaux de l\u2019initiation, du d\u00e9veloppement, de la comp\u00e9tition et de l\u2019\u00e9lite et offre des programmes pour les jeunes, les femmes et les hommes.<\/p>\n<p>Nous nous effor\u00e7ons de faire vivre aux gens l\u2019impact du basketball en fauteuil roulant sur la qualit\u00e9 de vie. Notre vision est d\u2019inciter les gens \u00e0 se sentir, \u00e0 penser et \u00e0 agir diff\u00e9remment en ce qui concerne le basketball en fauteuil roulant et les personnes handicap\u00e9es. Rejoignez-nous!<\/p>\n<p>Basketball en fauteuil roulant s&rsquo;engage envers l&rsquo;excellence dans le d\u00e9veloppement, le soutien et la promotion des programmes et des services de basketball en fauteuil roulant pour tous les Canadiens. Gr\u00e2ce au soutien de nos g\u00e9n\u00e9reux donateurs, nous offrons des programmes et des services qui ont pour but de renforcer le sport du niveau d\u00e9butant jusqu\u2019aux athl\u00e8tes de haute performance qui participent aux Jeux paralympiques.<\/p>\n<h3>Fa\u00e7ons de montrer votre soutien<\/h3>\n<h4>\u00catre b\u00e9n\u00e9vole<\/h4>\n<p>Aimeriez-vous collaborer pour apprendre \u00e0 mieux conna\u00eetre notre organisation? Disposez\u2011vous d\u2019un peu de temps libre dont vous souhaitez faire bon usage ? <a href=\"https:\/\/volunteerottawa.ca\/account\/my-member-profile\/\">Consultez nos derni\u00e8res opportunit\u00e9s de b\u00e9n\u00e9volat !<\/a><\/p>\n<h4>Faire un don<\/h4>\n<ul>\n<li><strong>Don mensuel<\/strong> : appuyez nos programmes \u00e0 longueur d\u2019ann\u00e9e gr\u00e2ce \u00e0 un don mensuel.<\/li>\n<li><strong>Don unique<\/strong> : faites un don unique en votre nom ou en celui de votre famille ou de votre entreprise.<\/li>\n<li><strong>Don honorifique<\/strong> : marquez une occasion sp\u00e9ciale dans votre vie, faites un don \u00e0 la m\u00e9moire d\u2019un \u00eatre cher ou offrez un message de soutien \u00e0 nos athl\u00e8tes.<\/li>\n<\/ul>\n<p><a href=\"https:\/\/wheelchairbasketballca.kindful.com\/\" target=\"_blank\" rel=\"noopener noreferrer\"><img loading=\"lazy\" decoding=\"async\" class=\"alignnone wp-image-5968 size-full\" src=\"https:\/\/www.wheelchairbasketball.ca\/wp-content\/uploads\/2015\/03\/Donate-btn-f.jpg\" alt=\"Donate-btn-f\" width=\"200\" height=\"63\" \/><\/a><\/p>\n<p>Vous pouvez aussi faire un don par ch\u00e8que. Veuillez libeller votre ch\u00e8que \u00e0 l\u2019ordre de Basketball en fauteuil roulant Canada et le poster \u00e0 l\u2019adresse suivante\u00a0:<\/p>\n<p>Basketball en fauteuil roulant Canada<br \/>\n27, promenade Auriga, suite M1062<br \/>\nNepean, Ontario<br \/>\nK2E 0B1<\/p>\n<h4>Organiser un \u00e9v\u00e9nement<\/h4>\n<p>Aimeriez-vous appuyer BFRC avec vos habilet\u00e9s cr\u00e9atives de collecte de fonds? Que vous songiez \u00e0 un grand ou un petit \u00e9v\u00e9nement, nous croyons que l\u2019organisation et la passion sont les cl\u00e9s du succ\u00e8s. Votre \u00e9v\u00e9nement peut \u00eatre aussi simple que de r\u00e9unir quelques amis ensemble pour un souper, afin de cr\u00e9er une occasion pour vos invit\u00e9s de faire un don. Tous les \u00e9v\u00e9nements doivent tenir compte des valeurs fondamentales et de la mission de BFRC. <a href=\"&#109;&#x61;&#105;&#x6c;t&#111;&#x3a;&#116;&#x71;u&#x69;n&#110;&#x40;&#119;&#x68;e&#x65;&#x6c;&#99;&#x68;a&#x69;r&#98;&#x61;&#115;&#x6b;e&#x74;b&#97;&#x6c;&#108;&#x2e;c&#97;\">Laissez-nous vous aider \u00e0 d\u00e9marrer<\/a>!<\/p>\n<h4>Faire don d\u2019un v\u00e9hicule<\/h4>\n<p>Par l\u2019interm\u00e9diaire du site Web <a href=\"https:\/\/donatecar.ca\/org\/charitypage\/donate.php?charity=WheelchairBasketballCanada\" target=\"_blank\" rel=\"noopener noreferrer\">Donate A Car Canada,<\/a> vous pouvez faire don de votre v\u00e9hicule r\u00e9cr\u00e9atif, bateau, motocyclette ou autre v\u00e9hicule, qui sera recycl\u00e9 ou vendu aux ench\u00e8res. Donate A Car Canada s\u2019occupera de tous les d\u00e9tails et vous recevrez un re\u00e7u aux fins de l\u2019imp\u00f4t.<\/p>\n<h4>Devenir un commanditaire<\/h4>\n<p>Une nouvelle exp\u00e9rience et une fa\u00e7on novatrice de voir le parrainage vous int\u00e9ressent? Bienvenue dans le monde du basketball en fauteuil roulant; il est inclusif, inspirant, surprenant et amusant. Ici, nous brisons les barri\u00e8res, changeons les perceptions et faisons bouger des montagnes. \u00c7a vous dit quelque chose? <a href=\"mailto:slevo&#121;&#64;&#119;&#104;&#101;&#101;&#108;&#99;&#104;&#97;&#105;&#114;&#98;&#97;&#115;&#x6b;&#x65;&#x74;&#x62;&#x61;&#x6c;&#x6c;&#x2e;&#x63;&#x61;\">Travaillons ensemble<\/a>.<\/p>\n<p>Vous souhaitez collaborer ? Contactez notre responsable des partenariats, <a href=\"mailto: &#101;b&#x79;e&#x72;s&#x40;&#119;&#x68;&#101;&#x65;&#108;c&#x68;a&#x69;r&#x62;&#97;&#x73;&#107;&#x65;&#116;&#x62;&#97;l&#x6c;&#46;&#x63;a\">Ed Byers<\/a>, pour en discuter.<\/p>\n<h3>Organisme de bienfaisance enregistr\u00e9<\/h3>\n<p>Basketball en fauteuil roulant Canada est une association canadienne de sport amateur enregistr\u00e9e aupr\u00e8s de l\u2019Agence du revenu du Canada. Association sans but lucratif, BFRC a le droit d\u2019\u00e9mettre des re\u00e7us d\u00e9ductibles d\u2019imp\u00f4t pour les dons.<\/p>\n<p><strong>Num\u00e9ro d\u2019oeuvre de bienfaisance enregistr\u00e9e : 14082 5191 RR0001<\/strong><\/p>\n<p>Les produits de tous les dons de bienfaisance profitent aux participants dans le sport au Canada et sont administr\u00e9s par Basketball en fauteuil roulant Canada. Merci pour votre soutien.<\/p>\n<h3>Politique de confidentialit\u00e9<\/h3>\n<p>Basketball en fauteuil roulant Canada reconna\u00eet l\u2019importance de la protection de vos renseignements personnels et en tient compte. Toute information est recueillie \u00e0 usage interne seulement et ne sera pas divulgu\u00e9e \u00e0 des tiers. Pour toute question ou pr\u00e9occupation particuli\u00e8re contactez-nous \u00e0 <a href=\"&#x6d;&#x61;&#105;&#108;t&#x6f;&#x3a;&#x69;&#110;&#102;o&#x40;&#x77;&#x68;&#101;&#101;l&#x63;&#x68;&#x61;&#105;&#114;b&#x61;&#x73;&#x6b;&#101;tb&#x61;&#x6c;&#x6c;&#46;ca\">inf&#111;&#64;&#119;&#x68;&#x65;&#x65;&#x6c;&#x63;&#x68;air&#98;&#97;&#115;&#107;&#x65;&#x74;&#x62;&#x61;&#x6c;&#x6c;&#46;ca<\/a>.<\/p>\n<h3>Politique de remboursement<\/h3>\n<p>Les remboursements seront \u00e9mis au cas par cas.<\/p>\n<p>&nbsp;<\/p>\n","protected":false},"excerpt":{"rendered":"Fi\u00e8rement au Canada, le basketball en fauteuil roulant est un sport inclusif dans lequel les athl\u00e8tes handicap\u00e9s et non handicap\u00e9s concourent ensemble, sur un pied d\u2019\u00e9galit\u00e9. Basketball en fauteuil roulant Canada (BFRC) favorise la croissance aux niveaux de l\u2019initiation, du d\u00e9veloppement, de la comp\u00e9tition et de l\u2019\u00e9lite et offre des programmes pour les jeunes, les [&hellip;]","protected":false},"author":4,"featured_media":21737,"parent":0,"menu_order":5,"comment_status":"closed","ping_status":"closed","template":"","meta":{"om_disable_all_campaigns":false,"_monsterinsights_skip_tracking":false,"_monsterinsights_sitenote_active":false,"_monsterinsights_sitenote_note":"","_monsterinsights_sitenote_category":0,"footnotes":""},"acf":[],"yoast_head":"<!-- This site is optimized with the Yoast SEO plugin v21.9.1 - https:\/\/yoast.com\/wordpress\/plugins\/seo\/ -->\n<title>Fa\u00e7ons de donner - Wheelchair Basketball Canada<\/title>\n<meta name=\"robots\" content=\"index, follow, max-snippet:-1, max-image-preview:large, max-video-preview:-1\" \/>\n<link rel=\"canonical\" href=\"https:\/\/www.wheelchairbasketball.ca\/fr\/facons-de-donner\/\" \/>\n<meta property=\"og:locale\" content=\"fr_FR\" \/>\n<meta property=\"og:type\" content=\"article\" \/>\n<meta property=\"og:title\" content=\"Fa\u00e7ons de donner - Wheelchair Basketball Canada\" \/>\n<meta property=\"og:description\" content=\"Fi\u00e8rement au Canada, le basketball en fauteuil roulant est un sport inclusif dans lequel les athl\u00e8tes handicap\u00e9s et non handicap\u00e9s concourent ensemble, sur un pied d\u2019\u00e9galit\u00e9. Basketball en fauteuil roulant Canada (BFRC) favorise la croissance aux niveaux de l\u2019initiation, du d\u00e9veloppement, de la comp\u00e9tition et de l\u2019\u00e9lite et offre des programmes pour les jeunes, les [&hellip;]\" \/>\n<meta property=\"og:url\" content=\"https:\/\/www.wheelchairbasketball.ca\/fr\/facons-de-donner\/\" \/>\n<meta property=\"og:site_name\" content=\"Wheelchair Basketball Canada\" \/>\n<meta property=\"article:publisher\" content=\"http:\/\/www.facebook.com\/wheelchairbasketball\" \/>\n<meta property=\"article:modified_time\" content=\"2024-11-22T14:42:33+00:00\" \/>\n<meta property=\"og:image\" content=\"https:\/\/www.wheelchairbasketball.ca\/wp-content\/uploads\/2024\/10\/022023_MartinCaird055-1400x600-1.png\" \/>\n\t<meta property=\"og:image:width\" content=\"1400\" \/>\n\t<meta property=\"og:image:height\" content=\"600\" \/>\n\t<meta property=\"og:image:type\" content=\"image\/png\" \/>\n<meta name=\"twitter:card\" content=\"summary_large_image\" \/>\n<meta name=\"twitter:site\" content=\"@WCBballCanada\" \/>\n<meta name=\"twitter:label1\" content=\"Dur\u00e9e de lecture estim\u00e9e\" \/>\n\t<meta name=\"twitter:data1\" content=\"4 minutes\" \/>\n<script type=\"application\/ld+json\" class=\"yoast-schema-graph\">{\"@context\":\"https:\/\/schema.org\",\"@graph\":[{\"@type\":\"WebPage\",\"@id\":\"https:\/\/www.wheelchairbasketball.ca\/fr\/facons-de-donner\/\",\"url\":\"https:\/\/www.wheelchairbasketball.ca\/fr\/facons-de-donner\/\",\"name\":\"Fa\u00e7ons de donner - Wheelchair Basketball Canada\",\"isPartOf\":{\"@id\":\"https:\/\/www.wheelchairbasketball.ca\/#website\"},\"datePublished\":\"2015-03-30T22:47:02+00:00\",\"dateModified\":\"2024-11-22T14:42:33+00:00\",\"breadcrumb\":{\"@id\":\"https:\/\/www.wheelchairbasketball.ca\/fr\/facons-de-donner\/#breadcrumb\"},\"inLanguage\":\"fr-FR\",\"potentialAction\":[{\"@type\":\"ReadAction\",\"target\":[\"https:\/\/www.wheelchairbasketball.ca\/fr\/facons-de-donner\/\"]}]},{\"@type\":\"BreadcrumbList\",\"@id\":\"https:\/\/www.wheelchairbasketball.ca\/fr\/facons-de-donner\/#breadcrumb\",\"itemListElement\":[{\"@type\":\"ListItem\",\"position\":1,\"name\":\"Home\",\"item\":\"https:\/\/www.wheelchairbasketball.ca\/fr\/\"},{\"@type\":\"ListItem\",\"position\":2,\"name\":\"Fa\u00e7ons de donner\"}]},{\"@type\":\"WebSite\",\"@id\":\"https:\/\/www.wheelchairbasketball.ca\/#website\",\"url\":\"https:\/\/www.wheelchairbasketball.ca\/\",\"name\":\"Wheelchair Basketball Canada\",\"description\":\"Real Life. Real Sport.\",\"potentialAction\":[{\"@type\":\"SearchAction\",\"target\":{\"@type\":\"EntryPoint\",\"urlTemplate\":\"https:\/\/www.wheelchairbasketball.ca\/?s={search_term_string}\"},\"query-input\":\"required name=search_term_string\"}],\"inLanguage\":\"fr-FR\"}]}<\/script>\n<!-- \/ Yoast SEO plugin. -->","yoast_head_json":{"title":"Fa\u00e7ons de donner - Wheelchair Basketball Canada","robots":{"index":"index","follow":"follow","max-snippet":"max-snippet:-1","max-image-preview":"max-image-preview:large","max-video-preview":"max-video-preview:-1"},"canonical":"https:\/\/www.wheelchairbasketball.ca\/fr\/facons-de-donner\/","og_locale":"fr_FR","og_type":"article","og_title":"Fa\u00e7ons de donner - Wheelchair Basketball Canada","og_description":"Fi\u00e8rement au Canada, le basketball en fauteuil roulant est un sport inclusif dans lequel les athl\u00e8tes handicap\u00e9s et non handicap\u00e9s concourent ensemble, sur un pied d\u2019\u00e9galit\u00e9. Basketball en fauteuil roulant Canada (BFRC) favorise la croissance aux niveaux de l\u2019initiation, du d\u00e9veloppement, de la comp\u00e9tition et de l\u2019\u00e9lite et offre des programmes pour les jeunes, les [&hellip;]","og_url":"https:\/\/www.wheelchairbasketball.ca\/fr\/facons-de-donner\/","og_site_name":"Wheelchair Basketball Canada","article_publisher":"http:\/\/www.facebook.com\/wheelchairbasketball","article_modified_time":"2024-11-22T14:42:33+00:00","og_image":[{"width":1400,"height":600,"url":"https:\/\/www.wheelchairbasketball.ca\/wp-content\/uploads\/2024\/10\/022023_MartinCaird055-1400x600-1.png","type":"image\/png"}],"twitter_card":"summary_large_image","twitter_site":"@WCBballCanada","twitter_misc":{"Dur\u00e9e de lecture estim\u00e9e":"4 minutes"},"schema":{"@context":"https:\/\/schema.org","@graph":[{"@type":"WebPage","@id":"https:\/\/www.wheelchairbasketball.ca\/fr\/facons-de-donner\/","url":"https:\/\/www.wheelchairbasketball.ca\/fr\/facons-de-donner\/","name":"Fa\u00e7ons de donner - Wheelchair Basketball Canada","isPartOf":{"@id":"https:\/\/www.wheelchairbasketball.ca\/#website"},"datePublished":"2015-03-30T22:47:02+00:00","dateModified":"2024-11-22T14:42:33+00:00","breadcrumb":{"@id":"https:\/\/www.wheelchairbasketball.ca\/fr\/facons-de-donner\/#breadcrumb"},"inLanguage":"fr-FR","potentialAction":[{"@type":"ReadAction","target":["https:\/\/www.wheelchairbasketball.ca\/fr\/facons-de-donner\/"]}]},{"@type":"BreadcrumbList","@id":"https:\/\/www.wheelchairbasketball.ca\/fr\/facons-de-donner\/#breadcrumb","itemListElement":[{"@type":"ListItem","position":1,"name":"Home","item":"https:\/\/www.wheelchairbasketball.ca\/fr\/"},{"@type":"ListItem","position":2,"name":"Fa\u00e7ons de donner"}]},{"@type":"WebSite","@id":"https:\/\/www.wheelchairbasketball.ca\/#website","url":"https:\/\/www.wheelchairbasketball.ca\/","name":"Wheelchair Basketball Canada","description":"Real Life. Real Sport.","potentialAction":[{"@type":"SearchAction","target":{"@type":"EntryPoint","urlTemplate":"https:\/\/www.wheelchairbasketball.ca\/?s={search_term_string}"},"query-input":"required name=search_term_string"}],"inLanguage":"fr-FR"}]}},"_links":{"self":[{"href":"https:\/\/www.wheelchairbasketball.ca\/fr\/wp-json\/wp\/v2\/pages\/1169"}],"collection":[{"href":"https:\/\/www.wheelchairbasketball.ca\/fr\/wp-json\/wp\/v2\/pages"}],"about":[{"href":"https:\/\/www.wheelchairbasketball.ca\/fr\/wp-json\/wp\/v2\/types\/page"}],"author":[{"embeddable":true,"href":"https:\/\/www.wheelchairbasketball.ca\/fr\/wp-json\/wp\/v2\/users\/4"}],"replies":[{"embeddable":true,"href":"https:\/\/www.wheelchairbasketball.ca\/fr\/wp-json\/wp\/v2\/comments?post=1169"}],"version-history":[{"count":11,"href":"https:\/\/www.wheelchairbasketball.ca\/fr\/wp-json\/wp\/v2\/pages\/1169\/revisions"}],"predecessor-version":[{"id":22259,"href":"https:\/\/www.wheelchairbasketball.ca\/fr\/wp-json\/wp\/v2\/pages\/1169\/revisions\/22259"}],"wp:featuredmedia":[{"embeddable":true,"href":"https:\/\/www.wheelchairbasketball.ca\/fr\/wp-json\/wp\/v2\/media\/21737"}],"wp:attachment":[{"href":"https:\/\/www.wheelchairbasketball.ca\/fr\/wp-json\/wp\/v2\/media?parent=1169"}],"curies":[{"name":"wp","href":"https:\/\/api.w.org\/{rel}","templated":true}]}}