{"id":1179,"date":"2015-03-30T22:59:36","date_gmt":"2015-03-30T22:59:36","guid":{"rendered":"https:\/\/www.wheelchairbasketball.ca\/?page_id=1179"},"modified":"2025-01-09T18:38:23","modified_gmt":"2025-01-09T18:38:23","slug":"partenaires","status":"publish","type":"page","link":"https:\/\/www.wheelchairbasketball.ca\/fr\/a-propos-de-nous\/partenaires\/","title":{"rendered":"Partenaires"},"content":{"rendered":"<h3><span style=\"vertical-align: inherit;\"><span style=\"vertical-align: inherit;\"><span style=\"vertical-align: inherit;\"><span style=\"vertical-align: inherit;\">Government partners<\/span><\/span><\/span><\/span><\/h3>\n<p><a href=\"http:\/\/canada.pch.gc.ca\/fra\/1413910841375\/1413910880559\" target=\"_blank\" rel=\"noopener noreferrer\"><img loading=\"lazy\" decoding=\"async\" class=\"alignleft wp-image-8358 size-full\" src=\"https:\/\/www.wheelchairbasketball.ca\/wp-content\/uploads\/2015\/03\/Sport-Canada.jpg\" alt=\"\" width=\"200\" height=\"200\" srcset=\"https:\/\/www.wheelchairbasketball.ca\/wp-content\/uploads\/2015\/03\/Sport-Canada.jpg 200w, https:\/\/www.wheelchairbasketball.ca\/wp-content\/uploads\/2015\/03\/Sport-Canada-150x150.jpg 150w\" sizes=\"(max-width: 200px) 100vw, 200px\" \/><\/a><a href=\"http:\/\/www.anouslepodium.org\/\" target=\"_blank\" rel=\"noopener noreferrer\"><img loading=\"lazy\" decoding=\"async\" class=\"alignnone wp-image-8359 size-full\" src=\"https:\/\/www.wheelchairbasketball.ca\/wp-content\/uploads\/2015\/03\/Sport-OTP.jpg\" alt=\"\" width=\"200\" height=\"200\" srcset=\"https:\/\/www.wheelchairbasketball.ca\/wp-content\/uploads\/2015\/03\/Sport-OTP.jpg 200w, https:\/\/www.wheelchairbasketball.ca\/wp-content\/uploads\/2015\/03\/Sport-OTP-150x150.jpg 150w\" sizes=\"(max-width: 200px) 100vw, 200px\" \/><\/a><\/p>\n<hr \/>\n<h3><span style=\"vertical-align: inherit;\"><span style=\"vertical-align: inherit;\"><span style=\"vertical-align: inherit;\"><span style=\"vertical-align: inherit;\">Official partners<\/span><\/span><\/span><\/span><\/h3>\n<p><a href=\"http:\/\/www.sunrisemedical.ca\/\" target=\"_blank\" rel=\"noopener noreferrer\"><img loading=\"lazy\" decoding=\"async\" class=\"wp-image-8361 size-full alignleft\" src=\"https:\/\/www.wheelchairbasketball.ca\/wp-content\/uploads\/2018\/08\/Quickie-and-RGK2.jpg\" alt=\"\" width=\"200\" height=\"200\" \/><\/a><span lang=\"FR-CA\">Sunrise Medical est un chef de file mondial dans la cr\u00e9ation, la conception, la fabrication et le marketing de fauteuils roulants manuels et \u00e9lectriques, ainsi que de syst\u00e8mes de si\u00e8ges et de positionnement standard et personnalis\u00e9s. Sa marque reconnue de fauteuils de sport Quickie a propuls\u00e9 beaucoup des meilleurs joueurs de basketball en fauteuil roulant au monde \u00e0 la plus haute marche du podium. Sunrise Medical est fier d&rsquo;aider les nombreux Canadiens qui ne se fixent pas de limites. Pour plus de renseignements, visitez : <a href=\"http:\/\/www.sunrisemedical.ca\">www.sunrisemedical.ca<\/a><\/span><\/p>\n<p>&nbsp;<\/p>\n<p>&nbsp;<\/p>\n<p><a href=\"https:\/\/www.wheelchairbasketball.ca\/wp-content\/uploads\/2023\/06\/Molten_Logo-Blue-WhiteBG-Stacked-211x100-1.png\"><img loading=\"lazy\" decoding=\"async\" width=\"211\" height=\"100\" class=\"size-full wp-image-19070 alignleft\" src=\"https:\/\/www.wheelchairbasketball.ca\/wp-content\/uploads\/2023\/06\/Molten_Logo-Blue-WhiteBG-Stacked-211x100-1.png\" alt=\"\" \/><\/a>Molten est le fournisseur officiel de ballons de Basketball en fauteuil roulant Canada. Fond\u00e9 en 1958, Molten a offert, au monde entier, de l\u2019\u00e9quipement sportif haut de gamme, des pi\u00e8ces pour v\u00e9hicules automobiles, de l\u2019\u00e9quipement de soins de sant\u00e9 et d&rsquo;autres produits. Chaque division de Molten a sa propre promesse de marque pour ses clients : \u00ab jouer pour de vrai \u00bb de la division des sports, \u00ab du fonctionnel \u00e0 l\u2019agr\u00e9able \u00bb de la division des pi\u00e8ces de v\u00e9hicules automobiles et \u00ab de l&rsquo;int\u00e9rieur \u00e0 l&rsquo;ext\u00e9rieur \u00bb de la division de l\u2019\u00e9quipement de sant\u00e9. Bien que chacune de ces divisions soit unique, elles se d\u00e9veloppent gr\u00e2ce, uniquement, \u00e0 la marque Molten. Nous continuerons de croire au potentiel des athl\u00e8tes, des arbitres, des ing\u00e9nieurs, des patients et des professionnels de la sant\u00e9, qui utilisent nos produits, ainsi qu&rsquo;au potentiel distinct de chaque employ\u00e9 de Molten. Nous poursuivrons notre parcours pour cr\u00e9er un monde meilleur. Pour plus de renseignements, visitez le site Web : <a href=\"https:\/\/moltenusa.com\/\">https:\/\/moltenusa.com\/<\/a><\/p>\n<p>&nbsp;<\/p>\n<p><a href=\"https:\/\/www.wheelchairbasketball.ca\/wp-content\/uploads\/2023\/03\/GL-Coed_Logo_2022-23-196x110-1.jpg\"><img loading=\"lazy\" decoding=\"async\" width=\"196\" height=\"100\" class=\"size-full wp-image-18169 alignleft\" src=\"https:\/\/www.wheelchairbasketball.ca\/wp-content\/uploads\/2023\/03\/GL-Coed_Logo_2022-23-196x110-1.jpg\" alt=\"\" \/><\/a>Fond\u00e9e en 1979, \u00e0 London, en Ontario, GoodLife Fitness est depuis devenue le plus grand groupe de cha\u00eenes de centres de conditionnement physique au Canada et le quatri\u00e8me en importance au monde. Le fondateur et chef de la direction, David \u00ab Patch \u00bb Patchell-Evans a cr\u00e9\u00e9 l\u2019entreprise dans un seul but : permettre \u00e0 tous les Canadiens de vivre en sant\u00e9 et en forme. Comptant pr\u00e8s de 10 000 employ\u00e9s, plus de 900 000 membres et au-del\u00e0 de 200 clubs, GoodLife contribue chaque jour \u00e0 transformer la sant\u00e9 et la forme physique des gens partout au Canada. <a href=\"https:\/\/www.goodlifefitness.com\/home.html\">www.goodlifefitness.com<\/a><\/p>\n<p>&nbsp;<\/p>\n<hr \/>\n<h3><span style=\"vertical-align: inherit;\"><span style=\"vertical-align: inherit;\"><span style=\"vertical-align: inherit;\"><span style=\"vertical-align: inherit;\">Sports Partners<\/span><\/span><\/span><\/span><\/h3>\n<p><a href=\"http:\/\/paralympique.ca\/\" target=\"_blank\" rel=\"noopener noreferrer\"><img loading=\"lazy\" decoding=\"async\" class=\"alignnone wp-image-8365 size-full\" src=\"https:\/\/www.wheelchairbasketball.ca\/wp-content\/uploads\/2015\/03\/Sport-CPC.jpg\" alt=\"\" width=\"200\" height=\"200\" srcset=\"https:\/\/www.wheelchairbasketball.ca\/wp-content\/uploads\/2015\/03\/Sport-CPC.jpg 200w, https:\/\/www.wheelchairbasketball.ca\/wp-content\/uploads\/2015\/03\/Sport-CPC-150x150.jpg 150w\" sizes=\"(max-width: 200px) 100vw, 200px\" \/><\/a><a href=\"https:\/\/iwbf.org\/\" target=\"_blank\" rel=\"noopener noreferrer\"><img loading=\"lazy\" decoding=\"async\" class=\"alignleft wp-image-8366 size-full\" src=\"https:\/\/www.wheelchairbasketball.ca\/wp-content\/uploads\/2015\/03\/Sport-IWBF.jpg\" alt=\"\" width=\"200\" height=\"200\" srcset=\"https:\/\/www.wheelchairbasketball.ca\/wp-content\/uploads\/2015\/03\/Sport-IWBF.jpg 200w, https:\/\/www.wheelchairbasketball.ca\/wp-content\/uploads\/2015\/03\/Sport-IWBF-150x150.jpg 150w\" sizes=\"(max-width: 200px) 100vw, 200px\" \/><\/a><a href=\"https:\/\/truesportpur.ca\/fr\" target=\"_blank\" rel=\"noopener noreferrer\"><img loading=\"lazy\" decoding=\"async\" class=\"wp-image-14187 size-full alignnone\" src=\"https:\/\/www.wheelchairbasketball.ca\/wp-content\/uploads\/2020\/03\/True-Sport-150x150.jpg\" alt=\"\" width=\"200\" height=\"200\" srcset=\"https:\/\/www.wheelchairbasketball.ca\/wp-content\/uploads\/2020\/03\/True-Sport-150x150.jpg 200w, https:\/\/www.wheelchairbasketball.ca\/wp-content\/uploads\/2020\/03\/True-Sport-150x150-150x150.jpg 150w\" sizes=\"(max-width: 200px) 100vw, 200px\" \/><\/a><br \/>\n<a href=\"http:\/\/basketball.ca\/fr\" target=\"_blank\" rel=\"noopener noreferrer\"><img loading=\"lazy\" decoding=\"async\" class=\"wp-image-14564 size-full alignleft\" src=\"https:\/\/www.wheelchairbasketball.ca\/wp-content\/uploads\/2020\/08\/Canada-Basketball-200-1.jpg\" alt=\"\" width=\"200\" height=\"200\" srcset=\"https:\/\/www.wheelchairbasketball.ca\/wp-content\/uploads\/2020\/08\/Canada-Basketball-200-1.jpg 200w, https:\/\/www.wheelchairbasketball.ca\/wp-content\/uploads\/2020\/08\/Canada-Basketball-200-1-150x150.jpg 150w\" sizes=\"(max-width: 200px) 100vw, 200px\" \/><\/a><a href=\"https:\/\/www.canadagames.ca\/\"><img loading=\"lazy\" decoding=\"async\" class=\"wp-image-15221 size-full alignleft\" src=\"https:\/\/www.wheelchairbasketball.ca\/wp-content\/uploads\/2021\/03\/Partners-LOGO.jpg\" alt=\"\" width=\"200\" height=\"200\" srcset=\"https:\/\/www.wheelchairbasketball.ca\/wp-content\/uploads\/2021\/03\/Partners-LOGO.jpg 200w, https:\/\/www.wheelchairbasketball.ca\/wp-content\/uploads\/2021\/03\/Partners-LOGO-150x150.jpg 150w\" sizes=\"(max-width: 200px) 100vw, 200px\" \/><\/a><\/p>\n<p>&nbsp;<\/p>\n","protected":false},"excerpt":{"rendered":"Government partners Official partners Sunrise Medical est un chef de file mondial dans la cr\u00e9ation, la conception, la fabrication et le marketing de fauteuils roulants manuels et \u00e9lectriques, ainsi que de syst\u00e8mes de si\u00e8ges et de positionnement standard et personnalis\u00e9s. Sa marque reconnue de fauteuils de sport Quickie a propuls\u00e9 beaucoup des meilleurs joueurs de [&hellip;]","protected":false},"author":4,"featured_media":21781,"parent":1162,"menu_order":4,"comment_status":"closed","ping_status":"closed","template":"","meta":{"om_disable_all_campaigns":false,"_monsterinsights_skip_tracking":false,"_monsterinsights_sitenote_active":false,"_monsterinsights_sitenote_note":"","_monsterinsights_sitenote_category":0,"footnotes":""},"acf":[],"yoast_head":"<!-- This site is optimized with the Yoast SEO plugin v21.9.1 - https:\/\/yoast.com\/wordpress\/plugins\/seo\/ -->\n<title>Partenaires - Wheelchair Basketball Canada<\/title>\n<meta name=\"robots\" content=\"index, follow, max-snippet:-1, max-image-preview:large, max-video-preview:-1\" \/>\n<link rel=\"canonical\" href=\"https:\/\/www.wheelchairbasketball.ca\/fr\/a-propos-de-nous\/partenaires\/\" \/>\n<meta property=\"og:locale\" content=\"fr_FR\" \/>\n<meta property=\"og:type\" content=\"article\" \/>\n<meta property=\"og:title\" content=\"Partenaires - Wheelchair Basketball Canada\" \/>\n<meta property=\"og:description\" content=\"Government partners Official partners Sunrise Medical est un chef de file mondial dans la cr\u00e9ation, la conception, la fabrication et le marketing de fauteuils roulants manuels et \u00e9lectriques, ainsi que de syst\u00e8mes de si\u00e8ges et de positionnement standard et personnalis\u00e9s. Sa marque reconnue de fauteuils de sport Quickie a propuls\u00e9 beaucoup des meilleurs joueurs de [&hellip;]\" \/>\n<meta property=\"og:url\" content=\"https:\/\/www.wheelchairbasketball.ca\/fr\/a-propos-de-nous\/partenaires\/\" \/>\n<meta property=\"og:site_name\" content=\"Wheelchair Basketball Canada\" \/>\n<meta property=\"article:publisher\" content=\"http:\/\/www.facebook.com\/wheelchairbasketball\" \/>\n<meta property=\"article:modified_time\" content=\"2025-01-09T18:38:23+00:00\" \/>\n<meta property=\"og:image\" content=\"https:\/\/www.wheelchairbasketball.ca\/wp-content\/uploads\/2024\/10\/20240831_WHEELCHAIR_BASKETBALL_CPC0979AB-1400x600-1.png\" \/>\n\t<meta property=\"og:image:width\" content=\"1402\" \/>\n\t<meta property=\"og:image:height\" content=\"600\" \/>\n\t<meta property=\"og:image:type\" content=\"image\/png\" \/>\n<meta name=\"twitter:card\" content=\"summary_large_image\" \/>\n<meta name=\"twitter:site\" content=\"@WCBballCanada\" \/>\n<meta name=\"twitter:label1\" content=\"Dur\u00e9e de lecture estim\u00e9e\" \/>\n\t<meta name=\"twitter:data1\" content=\"4 minutes\" \/>\n<script type=\"application\/ld+json\" class=\"yoast-schema-graph\">{\"@context\":\"https:\/\/schema.org\",\"@graph\":[{\"@type\":\"WebPage\",\"@id\":\"https:\/\/www.wheelchairbasketball.ca\/fr\/a-propos-de-nous\/partenaires\/\",\"url\":\"https:\/\/www.wheelchairbasketball.ca\/fr\/a-propos-de-nous\/partenaires\/\",\"name\":\"Partenaires - Wheelchair Basketball Canada\",\"isPartOf\":{\"@id\":\"https:\/\/www.wheelchairbasketball.ca\/#website\"},\"datePublished\":\"2015-03-30T22:59:36+00:00\",\"dateModified\":\"2025-01-09T18:38:23+00:00\",\"breadcrumb\":{\"@id\":\"https:\/\/www.wheelchairbasketball.ca\/fr\/a-propos-de-nous\/partenaires\/#breadcrumb\"},\"inLanguage\":\"fr-FR\",\"potentialAction\":[{\"@type\":\"ReadAction\",\"target\":[\"https:\/\/www.wheelchairbasketball.ca\/fr\/a-propos-de-nous\/partenaires\/\"]}]},{\"@type\":\"BreadcrumbList\",\"@id\":\"https:\/\/www.wheelchairbasketball.ca\/fr\/a-propos-de-nous\/partenaires\/#breadcrumb\",\"itemListElement\":[{\"@type\":\"ListItem\",\"position\":1,\"name\":\"Home\",\"item\":\"https:\/\/www.wheelchairbasketball.ca\/fr\/\"},{\"@type\":\"ListItem\",\"position\":2,\"name\":\"\u00c0 propos de nous\",\"item\":\"https:\/\/www.wheelchairbasketball.ca\/fr\/a-propos-de-nous\/\"},{\"@type\":\"ListItem\",\"position\":3,\"name\":\"Partenaires\"}]},{\"@type\":\"WebSite\",\"@id\":\"https:\/\/www.wheelchairbasketball.ca\/#website\",\"url\":\"https:\/\/www.wheelchairbasketball.ca\/\",\"name\":\"Wheelchair Basketball Canada\",\"description\":\"Real Life. Real Sport.\",\"potentialAction\":[{\"@type\":\"SearchAction\",\"target\":{\"@type\":\"EntryPoint\",\"urlTemplate\":\"https:\/\/www.wheelchairbasketball.ca\/?s={search_term_string}\"},\"query-input\":\"required name=search_term_string\"}],\"inLanguage\":\"fr-FR\"}]}<\/script>\n<!-- \/ Yoast SEO plugin. -->","yoast_head_json":{"title":"Partenaires - Wheelchair Basketball Canada","robots":{"index":"index","follow":"follow","max-snippet":"max-snippet:-1","max-image-preview":"max-image-preview:large","max-video-preview":"max-video-preview:-1"},"canonical":"https:\/\/www.wheelchairbasketball.ca\/fr\/a-propos-de-nous\/partenaires\/","og_locale":"fr_FR","og_type":"article","og_title":"Partenaires - Wheelchair Basketball Canada","og_description":"Government partners Official partners Sunrise Medical est un chef de file mondial dans la cr\u00e9ation, la conception, la fabrication et le marketing de fauteuils roulants manuels et \u00e9lectriques, ainsi que de syst\u00e8mes de si\u00e8ges et de positionnement standard et personnalis\u00e9s. Sa marque reconnue de fauteuils de sport Quickie a propuls\u00e9 beaucoup des meilleurs joueurs de [&hellip;]","og_url":"https:\/\/www.wheelchairbasketball.ca\/fr\/a-propos-de-nous\/partenaires\/","og_site_name":"Wheelchair Basketball Canada","article_publisher":"http:\/\/www.facebook.com\/wheelchairbasketball","article_modified_time":"2025-01-09T18:38:23+00:00","og_image":[{"width":1402,"height":600,"url":"https:\/\/www.wheelchairbasketball.ca\/wp-content\/uploads\/2024\/10\/20240831_WHEELCHAIR_BASKETBALL_CPC0979AB-1400x600-1.png","type":"image\/png"}],"twitter_card":"summary_large_image","twitter_site":"@WCBballCanada","twitter_misc":{"Dur\u00e9e de lecture estim\u00e9e":"4 minutes"},"schema":{"@context":"https:\/\/schema.org","@graph":[{"@type":"WebPage","@id":"https:\/\/www.wheelchairbasketball.ca\/fr\/a-propos-de-nous\/partenaires\/","url":"https:\/\/www.wheelchairbasketball.ca\/fr\/a-propos-de-nous\/partenaires\/","name":"Partenaires - Wheelchair Basketball Canada","isPartOf":{"@id":"https:\/\/www.wheelchairbasketball.ca\/#website"},"datePublished":"2015-03-30T22:59:36+00:00","dateModified":"2025-01-09T18:38:23+00:00","breadcrumb":{"@id":"https:\/\/www.wheelchairbasketball.ca\/fr\/a-propos-de-nous\/partenaires\/#breadcrumb"},"inLanguage":"fr-FR","potentialAction":[{"@type":"ReadAction","target":["https:\/\/www.wheelchairbasketball.ca\/fr\/a-propos-de-nous\/partenaires\/"]}]},{"@type":"BreadcrumbList","@id":"https:\/\/www.wheelchairbasketball.ca\/fr\/a-propos-de-nous\/partenaires\/#breadcrumb","itemListElement":[{"@type":"ListItem","position":1,"name":"Home","item":"https:\/\/www.wheelchairbasketball.ca\/fr\/"},{"@type":"ListItem","position":2,"name":"\u00c0 propos de nous","item":"https:\/\/www.wheelchairbasketball.ca\/fr\/a-propos-de-nous\/"},{"@type":"ListItem","position":3,"name":"Partenaires"}]},{"@type":"WebSite","@id":"https:\/\/www.wheelchairbasketball.ca\/#website","url":"https:\/\/www.wheelchairbasketball.ca\/","name":"Wheelchair Basketball Canada","description":"Real Life. Real Sport.","potentialAction":[{"@type":"SearchAction","target":{"@type":"EntryPoint","urlTemplate":"https:\/\/www.wheelchairbasketball.ca\/?s={search_term_string}"},"query-input":"required name=search_term_string"}],"inLanguage":"fr-FR"}]}},"_links":{"self":[{"href":"https:\/\/www.wheelchairbasketball.ca\/fr\/wp-json\/wp\/v2\/pages\/1179"}],"collection":[{"href":"https:\/\/www.wheelchairbasketball.ca\/fr\/wp-json\/wp\/v2\/pages"}],"about":[{"href":"https:\/\/www.wheelchairbasketball.ca\/fr\/wp-json\/wp\/v2\/types\/page"}],"author":[{"embeddable":true,"href":"https:\/\/www.wheelchairbasketball.ca\/fr\/wp-json\/wp\/v2\/users\/4"}],"replies":[{"embeddable":true,"href":"https:\/\/www.wheelchairbasketball.ca\/fr\/wp-json\/wp\/v2\/comments?post=1179"}],"version-history":[{"count":13,"href":"https:\/\/www.wheelchairbasketball.ca\/fr\/wp-json\/wp\/v2\/pages\/1179\/revisions"}],"predecessor-version":[{"id":23170,"href":"https:\/\/www.wheelchairbasketball.ca\/fr\/wp-json\/wp\/v2\/pages\/1179\/revisions\/23170"}],"up":[{"embeddable":true,"href":"https:\/\/www.wheelchairbasketball.ca\/fr\/wp-json\/wp\/v2\/pages\/1162"}],"wp:featuredmedia":[{"embeddable":true,"href":"https:\/\/www.wheelchairbasketball.ca\/fr\/wp-json\/wp\/v2\/media\/21781"}],"wp:attachment":[{"href":"https:\/\/www.wheelchairbasketball.ca\/fr\/wp-json\/wp\/v2\/media?parent=1179"}],"curies":[{"name":"wp","href":"https:\/\/api.w.org\/{rel}","templated":true}]}}