{"id":1186,"date":"2015-03-31T00:09:23","date_gmt":"2015-03-31T00:09:23","guid":{"rendered":"https:\/\/www.wheelchairbasketball.ca\/?page_id=1186"},"modified":"2017-01-24T22:01:38","modified_gmt":"2017-01-24T22:01:38","slug":"dlta","status":"publish","type":"page","link":"https:\/\/www.wheelchairbasketball.ca\/fr\/technique\/dlta\/","title":{"rendered":"DLTA"},"content":{"rendered":"<p>Basketball en fauteuil roulant Canada a le plaisir de pr\u00e9senter le <a href=\"https:\/\/www.wheelchairbasketball.ca\/wp-content\/uploads\/2015\/03\/LTAD-Vol-1-Final-Lowres.pdf\" target=\"_blank\">mod\u00e8le de d\u00e9veloppement de l\u2019athl\u00e8te de basketball en fauteuil roulant<\/a>,\u00a0une ressource cl\u00e9 qui d\u00e9crit ce que les athl\u00e8tes de basketball en fauteuil roulant doivent faire, aux \u00e2ges et aux stades particuliers, afin de pleinement se d\u00e9velopper et de r\u00e9aliser leur potentiel au profit du sport, dans l\u2019int\u00e9r\u00eat d\u2019une meilleure sant\u00e9 et en vue de plus grandes r\u00e9alisations.<\/p>\n<p>Avec la participation de scientifiques du sport et d\u2019entra\u00eeneurs de partout au pays, Basketball en fauteuil roulant Canada a \u00e9tabli un cheminement \u00e0 long terme pour l\u2019athl\u00e8te ainsi que des lignes directrices pour l\u2019entra\u00eenement et la comp\u00e9tition afin de montrer aux entra\u00eeneurs, parents, b\u00e9n\u00e9voles et administrateurs, aux niveaux local, provincial et national, l\u2019importance d\u2019une approche syst\u00e9matique et uniforme envers le d\u00e9veloppement des athl\u00e8tes de basketball en fauteuil roulant, tout en reconnaissant l\u2019importance de la participation r\u00e9cr\u00e9ative et non \u00e9lite.<\/p>\n<h3>Introduction au DLTA<\/h3>\n<p>Au Canada, plus de 2 500 athl\u00e8tes, entra\u00eeneurs, officiels et administrateurs membres, dans l\u2019ensemble des provinces et des territoires, participent au basketball en fauteuil roulant. \u00c0 titre d\u2019organisme national directeur du sport, Basketball en fauteuil roulant Canada s\u2019engage envers l\u2019excellence dans le d\u00e9veloppement, le soutien et la promotion des programmes et services de basketball en fauteuil roulant pour tous les Canadiens et Canadiennes.<\/p>\n<p><img loading=\"lazy\" decoding=\"async\" width=\"200\" height=\"269\" class=\"alignleft size-full wp-image-7174\" src=\"https:\/\/www.wheelchairbasketball.ca\/wp-content\/uploads\/2015\/03\/LTADmini-portrait.jpg\" alt=\"\" \/>Dans le but de respecter cet engagement, Basketball en fauteuil roulant Canada offre des programmes et des services qui renforcent le sport \u00e0 partir du niveau communautaire de base jusqu\u2019\u00e0 la comp\u00e9tition de haute performance aux Jeux paralympiques. Le mod\u00e8le de d\u00e9veloppement \u00e0 long terme de l\u2019athl\u00e8te (DLTA) pour le basketball en fauteuil roulant fait partie int\u00e9grante de cette r\u00e9alisation.<\/p>\n<p>Le <a href=\"https:\/\/www.wheelchairbasketball.ca\/wp-content\/uploads\/2015\/03\/LTAD-Vol-1-Final-Lowres.pdf\" target=\"_blank\">mod\u00e8le de d\u00e9veloppement de l\u2019athl\u00e8te de basketball en fauteuil roulant<\/a> pr\u00e9sente la raison d\u2019\u00eatre et les lignes directrices de base pour la promotion du sport et le d\u00e9veloppement de nos athl\u00e8tes aux niveaux de l\u2019initiation, du d\u00e9veloppement, de la comp\u00e9tition et de l\u2019\u00e9lite au Canada. Au moyen de programmes logiques d\u2019entra\u00eenement, de comp\u00e9tition et de r\u00e9cup\u00e9ration, qui mettent l\u2019accent sur les besoins des athl\u00e8tes \u00e0 chaque stade de la maturation et du d\u00e9veloppement, le mod\u00e8le de DLTA est con\u00e7u pour r\u00e9aliser la vision \u00e0 long terme de Basketball en fauteuil roulant Canada, soit de devenir le chef de file mondial du basketball en fauteuil roulant.<\/p>\n<h3>Comprendre le DLTA<\/h3>\n<p>Le DLTA est une approche syst\u00e9mique adopt\u00e9e par Basketball en fauteuil roulant Canada dans le but de maximiser le potentiel d\u2019un participant et son engagement dans notre sport.<\/p>\n<p>Le <a href=\"https:\/\/www.wheelchairbasketball.ca\/wp-content\/uploads\/2015\/03\/LTAD-Vol-1-Final-Lowres.pdf\" target=\"_blank\">mod\u00e8le de d\u00e9veloppement de l\u2019athl\u00e8te de basketball en fauteuil roulant<\/a> est une adaptation de l\u2019approche de DLTA d\u00e9crite par <a title=\"Au Canada, le sport c\u2019est pour la vie\" href=\"http:\/\/www.canadiansportforlife.ca\/fr\" target=\"_blank\">Au Canada, le sport c\u2019est pour la vie<\/a> (ACSV). Le DLTA est fond\u00e9 sur la reconnaissance qu\u2019une meilleure performance sportive et une nation active sont des r\u00e9sultats d\u2019un parcours de d\u00e9veloppement bien d\u00e9fini de l\u2019athl\u00e8te.<\/p>\n<p>Le DLTA vise un programme optimal d\u2019entra\u00eenement, de comp\u00e9tition et de r\u00e9cup\u00e9ration par rapport au d\u00e9veloppement biologique et \u00e0 la maturation. Le DLTA favorise aussi l\u2019\u00e9galit\u00e9 des chances et l\u2019inclusion de tous les participants et une approche ax\u00e9e sur l\u2019athl\u00e8te pour l\u2019entra\u00eenement et la conception des programmes. Pour atteindre ces buts, le DLTA int\u00e8gre la recherche la plus courante en sciences du sport et les pratiques exemplaires en entra\u00eenement pour offrir des programmes optimaux.<\/p>\n<p><img loading=\"lazy\" decoding=\"async\" width=\"800\" height=\"450\" class=\"aligncenter size-full wp-image-7204\" src=\"https:\/\/www.wheelchairbasketball.ca\/wp-content\/uploads\/2015\/03\/LTAD-Graphic-f.jpg\" alt=\"\" srcset=\"https:\/\/www.wheelchairbasketball.ca\/wp-content\/uploads\/2015\/03\/LTAD-Graphic-f.jpg 800w, https:\/\/www.wheelchairbasketball.ca\/wp-content\/uploads\/2015\/03\/LTAD-Graphic-f-300x169.jpg 300w, https:\/\/www.wheelchairbasketball.ca\/wp-content\/uploads\/2015\/03\/LTAD-Graphic-f-768x432.jpg 768w\" sizes=\"(max-width: 800px) 100vw, 800px\" \/><\/p>\n<p><strong>Buts du DLTA de Basketball en fauteuil roulant Canada:<\/strong><\/p>\n<ul>\n<li>offrir un cadre constant et acceptable que peuvent utiliser les entra\u00eeneurs pour le d\u00e9veloppement des joueurs;<\/li>\n<li>assurer un leadership coh\u00e9rent pour le d\u00e9veloppement du basketball en fauteuil roulant au Canada;<\/li>\n<li>offrir une proportion de comp\u00e9tition et d\u2019entra\u00eenement appropri\u00e9e \u00e0 l\u2019\u00e2ge et au stade qui permettront \u00e0 nos joueurs d\u2019acqu\u00e9rir les habilet\u00e9s qui correspondent \u00e0 leur stade de d\u00e9veloppement;<\/li>\n<li>accorder \u00e0 la victoire l\u2019accent appropri\u00e9 qui est exig\u00e9 \u00e0 chaque stade du d\u00e9veloppement;<\/li>\n<li>s\u2019assurer que le mouvement fondamental et les habilet\u00e9s mentales, techniques et tactiques du basketball en fauteuil roulant sont introduits de fa\u00e7on syst\u00e9matique et opportune;<\/li>\n<li>s\u2019assurer que les consid\u00e9rations appropri\u00e9es sont prises pour concevoir des programmes qui seront inclusifs et permettront \u00e0 tous de s\u2019\u00e9panouir;<\/li>\n<li>reconna\u00eetre l\u2019importance d\u2019un leadership de qualit\u00e9 \u00e0 tous les niveaux des programmes.<\/li>\n<\/ul>\n","protected":false},"excerpt":{"rendered":"Basketball en fauteuil roulant Canada a le plaisir de pr\u00e9senter le mod\u00e8le de d\u00e9veloppement de l\u2019athl\u00e8te de basketball en fauteuil roulant,\u00a0une ressource cl\u00e9 qui d\u00e9crit ce que les athl\u00e8tes de basketball en fauteuil roulant doivent faire, aux \u00e2ges et aux stades particuliers, afin de pleinement se d\u00e9velopper et de r\u00e9aliser leur potentiel au profit du [&hellip;]","protected":false},"author":4,"featured_media":12261,"parent":1649,"menu_order":3,"comment_status":"closed","ping_status":"closed","template":"","meta":{"om_disable_all_campaigns":false,"_monsterinsights_skip_tracking":false,"_monsterinsights_sitenote_active":false,"_monsterinsights_sitenote_note":"","_monsterinsights_sitenote_category":0,"footnotes":""},"acf":[],"yoast_head":"<!-- This site is optimized with the Yoast SEO plugin v21.9.1 - https:\/\/yoast.com\/wordpress\/plugins\/seo\/ -->\n<title>DLTA - Wheelchair Basketball Canada<\/title>\n<meta name=\"robots\" content=\"index, follow, max-snippet:-1, max-image-preview:large, max-video-preview:-1\" \/>\n<link rel=\"canonical\" href=\"https:\/\/www.wheelchairbasketball.ca\/fr\/technique\/dlta\/\" \/>\n<meta property=\"og:locale\" content=\"fr_FR\" \/>\n<meta property=\"og:type\" content=\"article\" \/>\n<meta property=\"og:title\" content=\"DLTA - Wheelchair Basketball Canada\" \/>\n<meta property=\"og:description\" content=\"Basketball en fauteuil roulant Canada a le plaisir de pr\u00e9senter le mod\u00e8le de d\u00e9veloppement de l\u2019athl\u00e8te de basketball en fauteuil roulant,\u00a0une ressource cl\u00e9 qui d\u00e9crit ce que les athl\u00e8tes de basketball en fauteuil roulant doivent faire, aux \u00e2ges et aux stades particuliers, afin de pleinement se d\u00e9velopper et de r\u00e9aliser leur potentiel au profit du [&hellip;]\" \/>\n<meta property=\"og:url\" content=\"https:\/\/www.wheelchairbasketball.ca\/fr\/technique\/dlta\/\" \/>\n<meta property=\"og:site_name\" content=\"Wheelchair Basketball Canada\" \/>\n<meta property=\"article:publisher\" content=\"http:\/\/www.facebook.com\/wheelchairbasketball\" \/>\n<meta property=\"article:modified_time\" content=\"2017-01-24T22:01:38+00:00\" \/>\n<meta property=\"og:image\" content=\"https:\/\/www.wheelchairbasketball.ca\/wp-content\/uploads\/2015\/03\/LTAD-feature.jpg\" \/>\n\t<meta property=\"og:image:width\" content=\"1400\" \/>\n\t<meta property=\"og:image:height\" content=\"600\" \/>\n\t<meta property=\"og:image:type\" content=\"image\/jpeg\" \/>\n<meta name=\"twitter:card\" content=\"summary_large_image\" \/>\n<meta name=\"twitter:site\" content=\"@WCBballCanada\" \/>\n<meta name=\"twitter:label1\" content=\"Dur\u00e9e de lecture estim\u00e9e\" \/>\n\t<meta name=\"twitter:data1\" content=\"4 minutes\" \/>\n<script type=\"application\/ld+json\" class=\"yoast-schema-graph\">{\"@context\":\"https:\/\/schema.org\",\"@graph\":[{\"@type\":\"WebPage\",\"@id\":\"https:\/\/www.wheelchairbasketball.ca\/fr\/technique\/dlta\/\",\"url\":\"https:\/\/www.wheelchairbasketball.ca\/fr\/technique\/dlta\/\",\"name\":\"DLTA - Wheelchair Basketball Canada\",\"isPartOf\":{\"@id\":\"https:\/\/www.wheelchairbasketball.ca\/#website\"},\"datePublished\":\"2015-03-31T00:09:23+00:00\",\"dateModified\":\"2017-01-24T22:01:38+00:00\",\"breadcrumb\":{\"@id\":\"https:\/\/www.wheelchairbasketball.ca\/fr\/technique\/dlta\/#breadcrumb\"},\"inLanguage\":\"fr-FR\",\"potentialAction\":[{\"@type\":\"ReadAction\",\"target\":[\"https:\/\/www.wheelchairbasketball.ca\/fr\/technique\/dlta\/\"]}]},{\"@type\":\"BreadcrumbList\",\"@id\":\"https:\/\/www.wheelchairbasketball.ca\/fr\/technique\/dlta\/#breadcrumb\",\"itemListElement\":[{\"@type\":\"ListItem\",\"position\":1,\"name\":\"Home\",\"item\":\"https:\/\/www.wheelchairbasketball.ca\/fr\/\"},{\"@type\":\"ListItem\",\"position\":2,\"name\":\"Technique\",\"item\":\"https:\/\/www.wheelchairbasketball.ca\/fr\/technique\/\"},{\"@type\":\"ListItem\",\"position\":3,\"name\":\"DLTA\"}]},{\"@type\":\"WebSite\",\"@id\":\"https:\/\/www.wheelchairbasketball.ca\/#website\",\"url\":\"https:\/\/www.wheelchairbasketball.ca\/\",\"name\":\"Wheelchair Basketball Canada\",\"description\":\"Real Life. Real Sport.\",\"potentialAction\":[{\"@type\":\"SearchAction\",\"target\":{\"@type\":\"EntryPoint\",\"urlTemplate\":\"https:\/\/www.wheelchairbasketball.ca\/?s={search_term_string}\"},\"query-input\":\"required name=search_term_string\"}],\"inLanguage\":\"fr-FR\"}]}<\/script>\n<!-- \/ Yoast SEO plugin. -->","yoast_head_json":{"title":"DLTA - Wheelchair Basketball Canada","robots":{"index":"index","follow":"follow","max-snippet":"max-snippet:-1","max-image-preview":"max-image-preview:large","max-video-preview":"max-video-preview:-1"},"canonical":"https:\/\/www.wheelchairbasketball.ca\/fr\/technique\/dlta\/","og_locale":"fr_FR","og_type":"article","og_title":"DLTA - Wheelchair Basketball Canada","og_description":"Basketball en fauteuil roulant Canada a le plaisir de pr\u00e9senter le mod\u00e8le de d\u00e9veloppement de l\u2019athl\u00e8te de basketball en fauteuil roulant,\u00a0une ressource cl\u00e9 qui d\u00e9crit ce que les athl\u00e8tes de basketball en fauteuil roulant doivent faire, aux \u00e2ges et aux stades particuliers, afin de pleinement se d\u00e9velopper et de r\u00e9aliser leur potentiel au profit du [&hellip;]","og_url":"https:\/\/www.wheelchairbasketball.ca\/fr\/technique\/dlta\/","og_site_name":"Wheelchair Basketball Canada","article_publisher":"http:\/\/www.facebook.com\/wheelchairbasketball","article_modified_time":"2017-01-24T22:01:38+00:00","og_image":[{"width":1400,"height":600,"url":"https:\/\/www.wheelchairbasketball.ca\/wp-content\/uploads\/2015\/03\/LTAD-feature.jpg","type":"image\/jpeg"}],"twitter_card":"summary_large_image","twitter_site":"@WCBballCanada","twitter_misc":{"Dur\u00e9e de lecture estim\u00e9e":"4 minutes"},"schema":{"@context":"https:\/\/schema.org","@graph":[{"@type":"WebPage","@id":"https:\/\/www.wheelchairbasketball.ca\/fr\/technique\/dlta\/","url":"https:\/\/www.wheelchairbasketball.ca\/fr\/technique\/dlta\/","name":"DLTA - Wheelchair Basketball Canada","isPartOf":{"@id":"https:\/\/www.wheelchairbasketball.ca\/#website"},"datePublished":"2015-03-31T00:09:23+00:00","dateModified":"2017-01-24T22:01:38+00:00","breadcrumb":{"@id":"https:\/\/www.wheelchairbasketball.ca\/fr\/technique\/dlta\/#breadcrumb"},"inLanguage":"fr-FR","potentialAction":[{"@type":"ReadAction","target":["https:\/\/www.wheelchairbasketball.ca\/fr\/technique\/dlta\/"]}]},{"@type":"BreadcrumbList","@id":"https:\/\/www.wheelchairbasketball.ca\/fr\/technique\/dlta\/#breadcrumb","itemListElement":[{"@type":"ListItem","position":1,"name":"Home","item":"https:\/\/www.wheelchairbasketball.ca\/fr\/"},{"@type":"ListItem","position":2,"name":"Technique","item":"https:\/\/www.wheelchairbasketball.ca\/fr\/technique\/"},{"@type":"ListItem","position":3,"name":"DLTA"}]},{"@type":"WebSite","@id":"https:\/\/www.wheelchairbasketball.ca\/#website","url":"https:\/\/www.wheelchairbasketball.ca\/","name":"Wheelchair Basketball Canada","description":"Real Life. Real Sport.","potentialAction":[{"@type":"SearchAction","target":{"@type":"EntryPoint","urlTemplate":"https:\/\/www.wheelchairbasketball.ca\/?s={search_term_string}"},"query-input":"required name=search_term_string"}],"inLanguage":"fr-FR"}]}},"_links":{"self":[{"href":"https:\/\/www.wheelchairbasketball.ca\/fr\/wp-json\/wp\/v2\/pages\/1186"}],"collection":[{"href":"https:\/\/www.wheelchairbasketball.ca\/fr\/wp-json\/wp\/v2\/pages"}],"about":[{"href":"https:\/\/www.wheelchairbasketball.ca\/fr\/wp-json\/wp\/v2\/types\/page"}],"author":[{"embeddable":true,"href":"https:\/\/www.wheelchairbasketball.ca\/fr\/wp-json\/wp\/v2\/users\/4"}],"replies":[{"embeddable":true,"href":"https:\/\/www.wheelchairbasketball.ca\/fr\/wp-json\/wp\/v2\/comments?post=1186"}],"version-history":[{"count":6,"href":"https:\/\/www.wheelchairbasketball.ca\/fr\/wp-json\/wp\/v2\/pages\/1186\/revisions"}],"predecessor-version":[{"id":7205,"href":"https:\/\/www.wheelchairbasketball.ca\/fr\/wp-json\/wp\/v2\/pages\/1186\/revisions\/7205"}],"up":[{"embeddable":true,"href":"https:\/\/www.wheelchairbasketball.ca\/fr\/wp-json\/wp\/v2\/pages\/1649"}],"wp:featuredmedia":[{"embeddable":true,"href":"https:\/\/www.wheelchairbasketball.ca\/fr\/wp-json\/wp\/v2\/media\/12261"}],"wp:attachment":[{"href":"https:\/\/www.wheelchairbasketball.ca\/fr\/wp-json\/wp\/v2\/media?parent=1186"}],"curies":[{"name":"wp","href":"https:\/\/api.w.org\/{rel}","templated":true}]}}