{"id":1191,"date":"2015-03-31T00:16:02","date_gmt":"2015-03-31T00:16:02","guid":{"rendered":"https:\/\/www.wheelchairbasketball.ca\/?page_id=1191"},"modified":"2025-02-05T15:44:43","modified_gmt":"2025-02-05T15:44:43","slug":"pnce","status":"publish","type":"page","link":"https:\/\/www.wheelchairbasketball.ca\/fr\/technique\/pnce\/","title":{"rendered":"PNCE"},"content":{"rendered":"<h2>Programme national de certification des entra\u00eeneurs<\/h2>\n<h3>Aper\u00e7u<\/h3>\n<h5><a href=\"https:\/\/www.wheelchairbasketball.ca\/wp-content\/uploads\/2015\/03\/WBC-Operations-Manual-V7_FR2.pdf\"><em>Manuel des op\u00e9rations du PNCE de Basketball en fauteuil roulant Canada (<\/em>pdf)<\/a><\/h5>\n<p>Basketball en fauteuil roulant Canada croit fermement que tout comme un entra\u00eeneur fort et apte favorisera le succ\u00e8s de son \u00e9quipe, un programme d\u2019entra\u00eenement fort et apte favorisera le succ\u00e8s dans la communaut\u00e9. Nous croyons que le programme d\u2019entra\u00eenement est essentiel au succ\u00e8s global de notre sport au Canada et sur la sc\u00e8ne internationale. Que nous mesurions notre succ\u00e8s en fonction du nombre de m\u00e9dailles d\u2019or ou du nombre de participants, des entra\u00eeneurs chevronn\u00e9s, efficaces et passionn\u00e9s sont indispensables.<\/p>\n<p><img loading=\"lazy\" decoding=\"async\" width=\"182\" height=\"60\" class=\"alignnone size-full wp-image-5672\" src=\"https:\/\/www.wheelchairbasketball.ca\/wp-content\/uploads\/2015\/03\/IT_BEGINS_HERE_FR.jpg\" alt=\"IT_BEGINS_HERE_FR\" \/><\/p>\n<p><iframe loading=\"lazy\" title=\"Association canadienne des entra\u00eeneurs : viser plus haut\" width=\"604\" height=\"340\" src=\"https:\/\/www.youtube.com\/embed\/kqIy0XdFLr0?feature=oembed\" frameborder=\"0\" allow=\"accelerometer; autoplay; clipboard-write; encrypted-media; gyroscope; picture-in-picture; web-share\" referrerpolicy=\"strict-origin-when-cross-origin\" allowfullscreen><\/iframe><\/p>\n<p>L\u2019adoption du nouveau Programme national de certification des entra\u00eeneurs (PNCE) nous a permis de r\u00e9\u00e9valuer nos normes, le\u00e7ons, enseignements et crit\u00e8res d\u2019entra\u00eenement. Une occasion nous a \u00e9t\u00e9 donn\u00e9e de recueillir de l\u2019information et d\u2019apporter les changements menant \u00e0 la croissance et au perfectionnement. Nous avons aussi \u00e9t\u00e9 en mesure d\u2019harmoniser notre programme d\u2019entra\u00eenement avec notre <a href=\"https:\/\/www.wheelchairbasketball.ca\/fr\/technique\/modele-de-developpement-a-long-terme-de-lathlete\/\">mod\u00e8le de d\u00e9veloppement \u00e0 long terme de l\u2019athl\u00e8te (DLTA)<\/a>, une harmonisation qui est absolument cruciale au basketball en fauteuil roulant au Canada.<\/p>\n<p><a href=\"https:\/\/www.wheelchairbasketball.ca\/wp-content\/uploads\/2015\/03\/LTAD-Coaching-Levels-f.jpg\"><img loading=\"lazy\" decoding=\"async\" class=\" size-full wp-image-1193 alignnone\" src=\"https:\/\/www.wheelchairbasketball.ca\/wp-content\/uploads\/2015\/03\/LTAD-Coaching-Levels-f.jpg\" alt=\"LTAD - Coaching Levels-f\" width=\"759\" height=\"484\" srcset=\"https:\/\/www.wheelchairbasketball.ca\/wp-content\/uploads\/2015\/03\/LTAD-Coaching-Levels-f.jpg 759w, https:\/\/www.wheelchairbasketball.ca\/wp-content\/uploads\/2015\/03\/LTAD-Coaching-Levels-f-300x191.jpg 300w\" sizes=\"(max-width: 759px) 100vw, 759px\" \/><\/a><\/p>\n<h3>Contextes\u00a0d&rsquo;entra\u00eenement<\/h3>\n<p>Basketball en fauteuil roulant Canada mettra l\u2019accent sur deux contextes\u00a0d\u2019entra\u00eenement : <a href=\"https:\/\/www.wheelchairbasketball.ca\/fr\/technique\/pnce\/community-sport-stream\/\">sport communautaire<\/a> et <a href=\"https:\/\/www.wheelchairbasketball.ca\/fr\/technique\/pnce\/contexte-competition\/\">comp\u00e9tition<\/a>. Le contexte appropri\u00e9 d\u00e9pendra du type d\u2019athl\u00e8te avec lequel l\u2019entra\u00eeneur travaille.<\/p>\n<p><img loading=\"lazy\" decoding=\"async\" width=\"800\" height=\"537\" class=\"size-full wp-image-5683 alignnone\" src=\"https:\/\/www.wheelchairbasketball.ca\/wp-content\/uploads\/2015\/03\/113015-CDM-Community-Sport-and-Competition-Streams-800px-f.jpg\" alt=\"113015 - CDM Community Sport and Competition Streams-800px-f\" srcset=\"https:\/\/www.wheelchairbasketball.ca\/wp-content\/uploads\/2015\/03\/113015-CDM-Community-Sport-and-Competition-Streams-800px-f.jpg 800w, https:\/\/www.wheelchairbasketball.ca\/wp-content\/uploads\/2015\/03\/113015-CDM-Community-Sport-and-Competition-Streams-800px-f-300x201.jpg 300w, https:\/\/www.wheelchairbasketball.ca\/wp-content\/uploads\/2015\/03\/113015-CDM-Community-Sport-and-Competition-Streams-800px-f-768x516.jpg 768w\" sizes=\"(max-width: 800px) 100vw, 800px\" \/><\/p>\n<p><img loading=\"lazy\" decoding=\"async\" width=\"800\" height=\"500\" class=\"alignleft size-full wp-image-5734\" src=\"https:\/\/www.wheelchairbasketball.ca\/wp-content\/uploads\/2016\/03\/113015-PDM-Community-Sport-and-Competition-Streams-800px-f.jpg\" alt=\"113015 - PDM Community Sport and Competition Streams-800px-f\" srcset=\"https:\/\/www.wheelchairbasketball.ca\/wp-content\/uploads\/2016\/03\/113015-PDM-Community-Sport-and-Competition-Streams-800px-f.jpg 800w, https:\/\/www.wheelchairbasketball.ca\/wp-content\/uploads\/2016\/03\/113015-PDM-Community-Sport-and-Competition-Streams-800px-f-300x188.jpg 300w, https:\/\/www.wheelchairbasketball.ca\/wp-content\/uploads\/2016\/03\/113015-PDM-Community-Sport-and-Competition-Streams-800px-f-768x480.jpg 768w\" sizes=\"(max-width: 800px) 100vw, 800px\" \/><\/p>\n","protected":false},"excerpt":{"rendered":"Programme national de certification des entra\u00eeneurs Aper\u00e7u Manuel des op\u00e9rations du PNCE de Basketball en fauteuil roulant Canada (pdf) Basketball en fauteuil roulant Canada croit fermement que tout comme un entra\u00eeneur fort et apte favorisera le succ\u00e8s de son \u00e9quipe, un programme d\u2019entra\u00eenement fort et apte favorisera le succ\u00e8s dans la communaut\u00e9. Nous croyons que [&hellip;]","protected":false},"author":4,"featured_media":5681,"parent":1649,"menu_order":0,"comment_status":"closed","ping_status":"closed","template":"","meta":{"om_disable_all_campaigns":false,"_monsterinsights_skip_tracking":false,"_monsterinsights_sitenote_active":false,"_monsterinsights_sitenote_note":"","_monsterinsights_sitenote_category":0,"footnotes":""},"acf":[],"yoast_head":"<!-- This site is optimized with the Yoast SEO plugin v21.9.1 - https:\/\/yoast.com\/wordpress\/plugins\/seo\/ -->\n<title>PNCE - Wheelchair Basketball Canada<\/title>\n<meta name=\"robots\" content=\"index, follow, max-snippet:-1, max-image-preview:large, max-video-preview:-1\" \/>\n<link rel=\"canonical\" href=\"https:\/\/www.wheelchairbasketball.ca\/fr\/technique\/pnce\/\" \/>\n<meta property=\"og:locale\" content=\"fr_FR\" \/>\n<meta property=\"og:type\" content=\"article\" \/>\n<meta property=\"og:title\" content=\"PNCE - Wheelchair Basketball Canada\" \/>\n<meta property=\"og:description\" content=\"Programme national de certification des entra\u00eeneurs Aper\u00e7u Manuel des op\u00e9rations du PNCE de Basketball en fauteuil roulant Canada (pdf) Basketball en fauteuil roulant Canada croit fermement que tout comme un entra\u00eeneur fort et apte favorisera le succ\u00e8s de son \u00e9quipe, un programme d\u2019entra\u00eenement fort et apte favorisera le succ\u00e8s dans la communaut\u00e9. Nous croyons que [&hellip;]\" \/>\n<meta property=\"og:url\" content=\"https:\/\/www.wheelchairbasketball.ca\/fr\/technique\/pnce\/\" \/>\n<meta property=\"og:site_name\" content=\"Wheelchair Basketball Canada\" \/>\n<meta property=\"article:publisher\" content=\"http:\/\/www.facebook.com\/wheelchairbasketball\" \/>\n<meta property=\"article:modified_time\" content=\"2025-02-05T15:44:43+00:00\" \/>\n<meta property=\"og:image\" content=\"https:\/\/www.wheelchairbasketball.ca\/wp-content\/uploads\/2015\/03\/NCCP-feature-f.jpg\" \/>\n\t<meta property=\"og:image:width\" content=\"1400\" \/>\n\t<meta property=\"og:image:height\" content=\"600\" \/>\n\t<meta property=\"og:image:type\" content=\"image\/jpeg\" \/>\n<meta name=\"twitter:card\" content=\"summary_large_image\" \/>\n<meta name=\"twitter:site\" content=\"@WCBballCanada\" \/>\n<meta name=\"twitter:label1\" content=\"Dur\u00e9e de lecture estim\u00e9e\" \/>\n\t<meta name=\"twitter:data1\" content=\"2 minutes\" \/>\n<script type=\"application\/ld+json\" class=\"yoast-schema-graph\">{\"@context\":\"https:\/\/schema.org\",\"@graph\":[{\"@type\":\"WebPage\",\"@id\":\"https:\/\/www.wheelchairbasketball.ca\/fr\/technique\/pnce\/\",\"url\":\"https:\/\/www.wheelchairbasketball.ca\/fr\/technique\/pnce\/\",\"name\":\"PNCE - Wheelchair Basketball Canada\",\"isPartOf\":{\"@id\":\"https:\/\/www.wheelchairbasketball.ca\/#website\"},\"datePublished\":\"2015-03-31T00:16:02+00:00\",\"dateModified\":\"2025-02-05T15:44:43+00:00\",\"breadcrumb\":{\"@id\":\"https:\/\/www.wheelchairbasketball.ca\/fr\/technique\/pnce\/#breadcrumb\"},\"inLanguage\":\"fr-FR\",\"potentialAction\":[{\"@type\":\"ReadAction\",\"target\":[\"https:\/\/www.wheelchairbasketball.ca\/fr\/technique\/pnce\/\"]}]},{\"@type\":\"BreadcrumbList\",\"@id\":\"https:\/\/www.wheelchairbasketball.ca\/fr\/technique\/pnce\/#breadcrumb\",\"itemListElement\":[{\"@type\":\"ListItem\",\"position\":1,\"name\":\"Home\",\"item\":\"https:\/\/www.wheelchairbasketball.ca\/fr\/\"},{\"@type\":\"ListItem\",\"position\":2,\"name\":\"Technique\",\"item\":\"https:\/\/www.wheelchairbasketball.ca\/fr\/technique\/\"},{\"@type\":\"ListItem\",\"position\":3,\"name\":\"PNCE\"}]},{\"@type\":\"WebSite\",\"@id\":\"https:\/\/www.wheelchairbasketball.ca\/#website\",\"url\":\"https:\/\/www.wheelchairbasketball.ca\/\",\"name\":\"Wheelchair Basketball Canada\",\"description\":\"Real Life. Real Sport.\",\"potentialAction\":[{\"@type\":\"SearchAction\",\"target\":{\"@type\":\"EntryPoint\",\"urlTemplate\":\"https:\/\/www.wheelchairbasketball.ca\/?s={search_term_string}\"},\"query-input\":\"required name=search_term_string\"}],\"inLanguage\":\"fr-FR\"}]}<\/script>\n<!-- \/ Yoast SEO plugin. -->","yoast_head_json":{"title":"PNCE - Wheelchair Basketball Canada","robots":{"index":"index","follow":"follow","max-snippet":"max-snippet:-1","max-image-preview":"max-image-preview:large","max-video-preview":"max-video-preview:-1"},"canonical":"https:\/\/www.wheelchairbasketball.ca\/fr\/technique\/pnce\/","og_locale":"fr_FR","og_type":"article","og_title":"PNCE - Wheelchair Basketball Canada","og_description":"Programme national de certification des entra\u00eeneurs Aper\u00e7u Manuel des op\u00e9rations du PNCE de Basketball en fauteuil roulant Canada (pdf) Basketball en fauteuil roulant Canada croit fermement que tout comme un entra\u00eeneur fort et apte favorisera le succ\u00e8s de son \u00e9quipe, un programme d\u2019entra\u00eenement fort et apte favorisera le succ\u00e8s dans la communaut\u00e9. Nous croyons que [&hellip;]","og_url":"https:\/\/www.wheelchairbasketball.ca\/fr\/technique\/pnce\/","og_site_name":"Wheelchair Basketball Canada","article_publisher":"http:\/\/www.facebook.com\/wheelchairbasketball","article_modified_time":"2025-02-05T15:44:43+00:00","og_image":[{"width":1400,"height":600,"url":"https:\/\/www.wheelchairbasketball.ca\/wp-content\/uploads\/2015\/03\/NCCP-feature-f.jpg","type":"image\/jpeg"}],"twitter_card":"summary_large_image","twitter_site":"@WCBballCanada","twitter_misc":{"Dur\u00e9e de lecture estim\u00e9e":"2 minutes"},"schema":{"@context":"https:\/\/schema.org","@graph":[{"@type":"WebPage","@id":"https:\/\/www.wheelchairbasketball.ca\/fr\/technique\/pnce\/","url":"https:\/\/www.wheelchairbasketball.ca\/fr\/technique\/pnce\/","name":"PNCE - Wheelchair Basketball Canada","isPartOf":{"@id":"https:\/\/www.wheelchairbasketball.ca\/#website"},"datePublished":"2015-03-31T00:16:02+00:00","dateModified":"2025-02-05T15:44:43+00:00","breadcrumb":{"@id":"https:\/\/www.wheelchairbasketball.ca\/fr\/technique\/pnce\/#breadcrumb"},"inLanguage":"fr-FR","potentialAction":[{"@type":"ReadAction","target":["https:\/\/www.wheelchairbasketball.ca\/fr\/technique\/pnce\/"]}]},{"@type":"BreadcrumbList","@id":"https:\/\/www.wheelchairbasketball.ca\/fr\/technique\/pnce\/#breadcrumb","itemListElement":[{"@type":"ListItem","position":1,"name":"Home","item":"https:\/\/www.wheelchairbasketball.ca\/fr\/"},{"@type":"ListItem","position":2,"name":"Technique","item":"https:\/\/www.wheelchairbasketball.ca\/fr\/technique\/"},{"@type":"ListItem","position":3,"name":"PNCE"}]},{"@type":"WebSite","@id":"https:\/\/www.wheelchairbasketball.ca\/#website","url":"https:\/\/www.wheelchairbasketball.ca\/","name":"Wheelchair Basketball Canada","description":"Real Life. Real Sport.","potentialAction":[{"@type":"SearchAction","target":{"@type":"EntryPoint","urlTemplate":"https:\/\/www.wheelchairbasketball.ca\/?s={search_term_string}"},"query-input":"required name=search_term_string"}],"inLanguage":"fr-FR"}]}},"_links":{"self":[{"href":"https:\/\/www.wheelchairbasketball.ca\/fr\/wp-json\/wp\/v2\/pages\/1191"}],"collection":[{"href":"https:\/\/www.wheelchairbasketball.ca\/fr\/wp-json\/wp\/v2\/pages"}],"about":[{"href":"https:\/\/www.wheelchairbasketball.ca\/fr\/wp-json\/wp\/v2\/types\/page"}],"author":[{"embeddable":true,"href":"https:\/\/www.wheelchairbasketball.ca\/fr\/wp-json\/wp\/v2\/users\/4"}],"replies":[{"embeddable":true,"href":"https:\/\/www.wheelchairbasketball.ca\/fr\/wp-json\/wp\/v2\/comments?post=1191"}],"version-history":[{"count":12,"href":"https:\/\/www.wheelchairbasketball.ca\/fr\/wp-json\/wp\/v2\/pages\/1191\/revisions"}],"predecessor-version":[{"id":23359,"href":"https:\/\/www.wheelchairbasketball.ca\/fr\/wp-json\/wp\/v2\/pages\/1191\/revisions\/23359"}],"up":[{"embeddable":true,"href":"https:\/\/www.wheelchairbasketball.ca\/fr\/wp-json\/wp\/v2\/pages\/1649"}],"wp:featuredmedia":[{"embeddable":true,"href":"https:\/\/www.wheelchairbasketball.ca\/fr\/wp-json\/wp\/v2\/media\/5681"}],"wp:attachment":[{"href":"https:\/\/www.wheelchairbasketball.ca\/fr\/wp-json\/wp\/v2\/media?parent=1191"}],"curies":[{"name":"wp","href":"https:\/\/api.w.org\/{rel}","templated":true}]}}