{"id":1196,"date":"2015-03-31T00:46:36","date_gmt":"2015-03-31T00:46:36","guid":{"rendered":"https:\/\/www.wheelchairbasketball.ca\/?page_id=1196"},"modified":"2024-09-25T15:03:56","modified_gmt":"2024-09-25T15:03:56","slug":"classificateurs","status":"publish","type":"page","link":"https:\/\/www.wheelchairbasketball.ca\/fr\/technique\/classificateurs\/","title":{"rendered":"Classificateurs"},"content":{"rendered":"<p>La classification est le processus par lequel la capacit\u00e9 fonctionnelle totale d\u2019une \u00e9quipe sur le terrain est \u00e9galis\u00e9e par rapport aux adversaires. Il s\u2019agit d\u2019une \u00e9valuation fonctionnelle qui tient compte des habilet\u00e9s de chaque joueur d\u2019ex\u00e9cuter des habilet\u00e9s propres au sport du basketball en fauteuil roulant, notamment le d\u00e9placement en fauteuil roulant, le dribble, la passe, la r\u00e9action au contact, le tir et le rebond.<\/p>\n<p>Les classificateurs sont des officiels techniques certifi\u00e9s dont le r\u00f4le est d&rsquo;\u00e9valuer et attribuer les joueurs \u00e0 une classification. Les joueurs sont maintenant class\u00e9s dans le gymnase, sur le terrain et assis dans leur fauteuil de basketball. Cela permet d&rsquo;\u00e9valuer chaque joueur, en situation de jeu et de comp\u00e9tition.<\/p>\n<h3>Devenir classificateur<\/h3>\n<p>Les personnes qui souhaitent s&rsquo;engager dans le sport du basketball en fauteuil roulant comme classificateur devraient contacter leur <a title=\"Nos membres\" href=\"https:\/\/www.wheelchairbasketball.ca\/fr\/a-propos-de-nous\/nos-membres\/\">organisme provincial de sport<\/a>\u00a0pour participer au niveau local. Pour plus de renseignements, veuillez contacter <a href=\"https:\/\/www.wheelchairbasketball.ca\/fr\/a-propos-de-nous\/contactez-nous\/\">Basketball en fauteuil roulant Canada<\/a>.<\/p>\n<h3>Classificateurs actifs<\/h3>\n<h4>Colombie-Britannique<\/h4>\n<ul>\n<li>Tim Frick<\/li>\n<li>Makiko Harada<\/li>\n<li>Brad Hagkull<\/li>\n<li>Kelly Harris<\/li>\n<li>Alphonsus To<\/li>\n<li>Rob Stiles<\/li>\n<\/ul>\n<h4>Alberta<\/h4>\n<ul>\n<li>Omid Mirzahosseini<\/li>\n<li>Becky McRae<\/li>\n<\/ul>\n<h4>Saskatchewan<\/h4>\n<ul>\n<li>Tami Turner<\/li>\n<\/ul>\n<h4>Manitoba<\/h4>\n<ul>\n<li>Karen Gillespie<\/li>\n<li>Sandy Loewen<\/li>\n<\/ul>\n<h4>Ontario<\/h4>\n<ul>\n<li>Christina Swett<\/li>\n<li>Brett Nagata<\/li>\n<li>Ben Power<\/li>\n<\/ul>\n<h4>Qu\u00e9bec<\/h4>\n<ul>\n<li>Anne Lachance<\/li>\n<li>Catherine St. Pierre<\/li>\n<\/ul>\n<h4>Nouveau-Brunswick<\/h4>\n<ul>\n<li>Karen Ferguson<\/li>\n<li>Clary Stubbert<\/li>\n<\/ul>\n<h4>Nouvelle-\u00c9cosse<\/h4>\n<ul>\n<li>Cher Smith<\/li>\n<\/ul>\n<h3>\u00cele-du-Prince-\u00c9douard<\/h3>\n<ul>\n<li>Annie Macartney<\/li>\n<\/ul>\n<h3>Introduction \u00e0 la classification de l&rsquo;IWBF<\/h3>\n<p>Cette vid\u00e9o est pr\u00e9sent\u00e9e par la F\u00e9d\u00e9ration internationale de basketball en fauteuil roulant. C&rsquo;est une vid\u00e9o \u00e9ducative con\u00e7ue pour introduire les classificateurs au syst\u00e8me international de classification.<\/p>\n<p><iframe loading=\"lazy\" title=\"Introduction to IWBF Classification - French\" width=\"604\" height=\"340\" src=\"https:\/\/www.youtube.com\/embed\/njykMPZpPp0?feature=oembed\" frameborder=\"0\" allow=\"accelerometer; autoplay; clipboard-write; encrypted-media; gyroscope; picture-in-picture; web-share\" referrerpolicy=\"strict-origin-when-cross-origin\" allowfullscreen><\/iframe><\/p>\n<h3>Ressources pour les classificateurs<\/h3>\n<p><em>Les ressources suivantes sont disponibles en anglais seulement.<\/em><\/p>\n<p><strong>Classification national<\/strong><\/p>\n<ul>\n<li><a href=\"https:\/\/www.wheelchairbasketball.ca\/wp-content\/uploads\/2020\/01\/Classification-Procedures-French-December-2019.pdf\" target=\"_blank\" rel=\"noopener noreferrer\">Proc\u00e9dures de la classification<\/a><\/li>\n<li><a href=\"https:\/\/www.wheelchairbasketball.ca\/wp-content\/uploads\/2023\/03\/FORMULAIRE-DE-DEMANDE-DE-RECLASSIFICATION.doc\">Formulaire de reclassification<\/a><\/li>\n<\/ul>\n<p><strong>Classification international<\/strong><\/p>\n<ul>\n<li><a href=\"https:\/\/iwbf.org\/wp-content\/uploads\/2022\/12\/2021-IWBF-Classification-Rules-Version-2022-12-12-vers-2-small.pdf\">2021 R\u00e8gles de classification des joueurs de l&rsquo;IWBF<\/a><\/li>\n<li><a href=\"https:\/\/iwbf.org\/wp-content\/uploads\/2022\/12\/2021-IWBF-Classification-Manual-Version-202212-12-small.pdf\">2021 Manuel de classification des joueurs de l&rsquo;IWBF<\/a><\/li>\n<\/ul>\n","protected":false},"excerpt":{"rendered":"La classification est le processus par lequel la capacit\u00e9 fonctionnelle totale d\u2019une \u00e9quipe sur le terrain est \u00e9galis\u00e9e par rapport aux adversaires. Il s\u2019agit d\u2019une \u00e9valuation fonctionnelle qui tient compte des habilet\u00e9s de chaque joueur d\u2019ex\u00e9cuter des habilet\u00e9s propres au sport du basketball en fauteuil roulant, notamment le d\u00e9placement en fauteuil roulant, le dribble, la [&hellip;]","protected":false},"author":4,"featured_media":21767,"parent":1649,"menu_order":6,"comment_status":"closed","ping_status":"closed","template":"","meta":{"om_disable_all_campaigns":false,"_monsterinsights_skip_tracking":false,"_monsterinsights_sitenote_active":false,"_monsterinsights_sitenote_note":"","_monsterinsights_sitenote_category":0,"footnotes":""},"acf":[],"yoast_head":"<!-- This site is optimized with the Yoast SEO plugin v21.9.1 - https:\/\/yoast.com\/wordpress\/plugins\/seo\/ -->\n<title>Classificateurs - Wheelchair Basketball Canada<\/title>\n<meta name=\"robots\" content=\"index, follow, max-snippet:-1, max-image-preview:large, max-video-preview:-1\" \/>\n<link rel=\"canonical\" href=\"https:\/\/www.wheelchairbasketball.ca\/fr\/technique\/classificateurs\/\" \/>\n<meta property=\"og:locale\" content=\"fr_FR\" \/>\n<meta property=\"og:type\" content=\"article\" \/>\n<meta property=\"og:title\" content=\"Classificateurs - Wheelchair Basketball Canada\" \/>\n<meta property=\"og:description\" content=\"La classification est le processus par lequel la capacit\u00e9 fonctionnelle totale d\u2019une \u00e9quipe sur le terrain est \u00e9galis\u00e9e par rapport aux adversaires. Il s\u2019agit d\u2019une \u00e9valuation fonctionnelle qui tient compte des habilet\u00e9s de chaque joueur d\u2019ex\u00e9cuter des habilet\u00e9s propres au sport du basketball en fauteuil roulant, notamment le d\u00e9placement en fauteuil roulant, le dribble, la [&hellip;]\" \/>\n<meta property=\"og:url\" content=\"https:\/\/www.wheelchairbasketball.ca\/fr\/technique\/classificateurs\/\" \/>\n<meta property=\"og:site_name\" content=\"Wheelchair Basketball Canada\" \/>\n<meta property=\"article:publisher\" content=\"http:\/\/www.facebook.com\/wheelchairbasketball\" \/>\n<meta property=\"article:modified_time\" content=\"2024-09-25T15:03:56+00:00\" \/>\n<meta property=\"og:image\" content=\"https:\/\/www.wheelchairbasketball.ca\/wp-content\/uploads\/2015\/03\/Classifiers-feature.jpg\" \/>\n\t<meta property=\"og:image:width\" content=\"1400\" \/>\n\t<meta property=\"og:image:height\" content=\"600\" \/>\n\t<meta property=\"og:image:type\" content=\"image\/jpeg\" \/>\n<meta name=\"twitter:card\" content=\"summary_large_image\" \/>\n<meta name=\"twitter:site\" content=\"@WCBballCanada\" \/>\n<meta name=\"twitter:label1\" content=\"Dur\u00e9e de lecture estim\u00e9e\" \/>\n\t<meta name=\"twitter:data1\" content=\"2 minutes\" \/>\n<script type=\"application\/ld+json\" class=\"yoast-schema-graph\">{\"@context\":\"https:\/\/schema.org\",\"@graph\":[{\"@type\":\"WebPage\",\"@id\":\"https:\/\/www.wheelchairbasketball.ca\/fr\/technique\/classificateurs\/\",\"url\":\"https:\/\/www.wheelchairbasketball.ca\/fr\/technique\/classificateurs\/\",\"name\":\"Classificateurs - Wheelchair Basketball Canada\",\"isPartOf\":{\"@id\":\"https:\/\/www.wheelchairbasketball.ca\/#website\"},\"datePublished\":\"2015-03-31T00:46:36+00:00\",\"dateModified\":\"2024-09-25T15:03:56+00:00\",\"breadcrumb\":{\"@id\":\"https:\/\/www.wheelchairbasketball.ca\/fr\/technique\/classificateurs\/#breadcrumb\"},\"inLanguage\":\"fr-FR\",\"potentialAction\":[{\"@type\":\"ReadAction\",\"target\":[\"https:\/\/www.wheelchairbasketball.ca\/fr\/technique\/classificateurs\/\"]}]},{\"@type\":\"BreadcrumbList\",\"@id\":\"https:\/\/www.wheelchairbasketball.ca\/fr\/technique\/classificateurs\/#breadcrumb\",\"itemListElement\":[{\"@type\":\"ListItem\",\"position\":1,\"name\":\"Home\",\"item\":\"https:\/\/www.wheelchairbasketball.ca\/fr\/\"},{\"@type\":\"ListItem\",\"position\":2,\"name\":\"Technique\",\"item\":\"https:\/\/www.wheelchairbasketball.ca\/fr\/technique\/\"},{\"@type\":\"ListItem\",\"position\":3,\"name\":\"Classificateurs\"}]},{\"@type\":\"WebSite\",\"@id\":\"https:\/\/www.wheelchairbasketball.ca\/#website\",\"url\":\"https:\/\/www.wheelchairbasketball.ca\/\",\"name\":\"Wheelchair Basketball Canada\",\"description\":\"Real Life. Real Sport.\",\"potentialAction\":[{\"@type\":\"SearchAction\",\"target\":{\"@type\":\"EntryPoint\",\"urlTemplate\":\"https:\/\/www.wheelchairbasketball.ca\/?s={search_term_string}\"},\"query-input\":\"required name=search_term_string\"}],\"inLanguage\":\"fr-FR\"}]}<\/script>\n<!-- \/ Yoast SEO plugin. -->","yoast_head_json":{"title":"Classificateurs - Wheelchair Basketball Canada","robots":{"index":"index","follow":"follow","max-snippet":"max-snippet:-1","max-image-preview":"max-image-preview:large","max-video-preview":"max-video-preview:-1"},"canonical":"https:\/\/www.wheelchairbasketball.ca\/fr\/technique\/classificateurs\/","og_locale":"fr_FR","og_type":"article","og_title":"Classificateurs - Wheelchair Basketball Canada","og_description":"La classification est le processus par lequel la capacit\u00e9 fonctionnelle totale d\u2019une \u00e9quipe sur le terrain est \u00e9galis\u00e9e par rapport aux adversaires. Il s\u2019agit d\u2019une \u00e9valuation fonctionnelle qui tient compte des habilet\u00e9s de chaque joueur d\u2019ex\u00e9cuter des habilet\u00e9s propres au sport du basketball en fauteuil roulant, notamment le d\u00e9placement en fauteuil roulant, le dribble, la [&hellip;]","og_url":"https:\/\/www.wheelchairbasketball.ca\/fr\/technique\/classificateurs\/","og_site_name":"Wheelchair Basketball Canada","article_publisher":"http:\/\/www.facebook.com\/wheelchairbasketball","article_modified_time":"2024-09-25T15:03:56+00:00","og_image":[{"width":1400,"height":600,"url":"https:\/\/www.wheelchairbasketball.ca\/wp-content\/uploads\/2015\/03\/Classifiers-feature.jpg","type":"image\/jpeg"}],"twitter_card":"summary_large_image","twitter_site":"@WCBballCanada","twitter_misc":{"Dur\u00e9e de lecture estim\u00e9e":"2 minutes"},"schema":{"@context":"https:\/\/schema.org","@graph":[{"@type":"WebPage","@id":"https:\/\/www.wheelchairbasketball.ca\/fr\/technique\/classificateurs\/","url":"https:\/\/www.wheelchairbasketball.ca\/fr\/technique\/classificateurs\/","name":"Classificateurs - Wheelchair Basketball Canada","isPartOf":{"@id":"https:\/\/www.wheelchairbasketball.ca\/#website"},"datePublished":"2015-03-31T00:46:36+00:00","dateModified":"2024-09-25T15:03:56+00:00","breadcrumb":{"@id":"https:\/\/www.wheelchairbasketball.ca\/fr\/technique\/classificateurs\/#breadcrumb"},"inLanguage":"fr-FR","potentialAction":[{"@type":"ReadAction","target":["https:\/\/www.wheelchairbasketball.ca\/fr\/technique\/classificateurs\/"]}]},{"@type":"BreadcrumbList","@id":"https:\/\/www.wheelchairbasketball.ca\/fr\/technique\/classificateurs\/#breadcrumb","itemListElement":[{"@type":"ListItem","position":1,"name":"Home","item":"https:\/\/www.wheelchairbasketball.ca\/fr\/"},{"@type":"ListItem","position":2,"name":"Technique","item":"https:\/\/www.wheelchairbasketball.ca\/fr\/technique\/"},{"@type":"ListItem","position":3,"name":"Classificateurs"}]},{"@type":"WebSite","@id":"https:\/\/www.wheelchairbasketball.ca\/#website","url":"https:\/\/www.wheelchairbasketball.ca\/","name":"Wheelchair Basketball Canada","description":"Real Life. Real Sport.","potentialAction":[{"@type":"SearchAction","target":{"@type":"EntryPoint","urlTemplate":"https:\/\/www.wheelchairbasketball.ca\/?s={search_term_string}"},"query-input":"required name=search_term_string"}],"inLanguage":"fr-FR"}]}},"_links":{"self":[{"href":"https:\/\/www.wheelchairbasketball.ca\/fr\/wp-json\/wp\/v2\/pages\/1196"}],"collection":[{"href":"https:\/\/www.wheelchairbasketball.ca\/fr\/wp-json\/wp\/v2\/pages"}],"about":[{"href":"https:\/\/www.wheelchairbasketball.ca\/fr\/wp-json\/wp\/v2\/types\/page"}],"author":[{"embeddable":true,"href":"https:\/\/www.wheelchairbasketball.ca\/fr\/wp-json\/wp\/v2\/users\/4"}],"replies":[{"embeddable":true,"href":"https:\/\/www.wheelchairbasketball.ca\/fr\/wp-json\/wp\/v2\/comments?post=1196"}],"version-history":[{"count":12,"href":"https:\/\/www.wheelchairbasketball.ca\/fr\/wp-json\/wp\/v2\/pages\/1196\/revisions"}],"predecessor-version":[{"id":21646,"href":"https:\/\/www.wheelchairbasketball.ca\/fr\/wp-json\/wp\/v2\/pages\/1196\/revisions\/21646"}],"up":[{"embeddable":true,"href":"https:\/\/www.wheelchairbasketball.ca\/fr\/wp-json\/wp\/v2\/pages\/1649"}],"wp:featuredmedia":[{"embeddable":true,"href":"https:\/\/www.wheelchairbasketball.ca\/fr\/wp-json\/wp\/v2\/media\/21767"}],"wp:attachment":[{"href":"https:\/\/www.wheelchairbasketball.ca\/fr\/wp-json\/wp\/v2\/media?parent=1196"}],"curies":[{"name":"wp","href":"https:\/\/api.w.org\/{rel}","templated":true}]}}