{"id":1197,"date":"2015-03-31T00:40:48","date_gmt":"2015-03-31T00:40:48","guid":{"rendered":"https:\/\/www.wheelchairbasketball.ca\/?page_id=1197"},"modified":"2026-02-03T17:28:08","modified_gmt":"2026-02-03T17:28:08","slug":"nos-membres","status":"publish","type":"page","link":"https:\/\/www.wheelchairbasketball.ca\/fr\/a-propos-de-nous\/nos-membres\/","title":{"rendered":"Nos membres"},"content":{"rendered":"<h2>Organismes provinciaux des sports en fauteuil roulant<\/h2>\n<h3>BC Wheelchair Basketball Society<\/h3>\n<p>La BC Wheelchair Basketball Society (BCWBS) est un organisme sans but lucratif qui offre un soutien aux programmes de basketball en fauteuil roulant en Colombie-Britannique.<\/p>\n<p>780, promenade SW Marine, Vancouver, C.-B., V6P 5Y7<br \/>\nT\u00e9l\u00e9phone :\u00a0604-333-3530<br \/>\nT\u00e9l\u00e9copieur : 604-326-1229<br \/>\nCourriel : <a href=\"mai&#108;&#116;&#111;&#x3a;&#x69;&#x6e;&#x66;&#x6f;&#x40;bcw&#98;&#115;&#46;&#99;&#x61;\">&#x69;&#x6e;&#x66;&#x6f;&#x40;&#x62;&#x63;&#x77;&#98;&#115;&#46;&#99;&#97;<\/a><br \/>\n<a href=\"http:\/\/www.bcwbs.ca\">www.bcwbs.ca<\/a><\/p>\n<hr \/>\n<h3>Wheelchair Sports Alberta<\/h3>\n<p>Wheelchair Sports Alberta est une association sans but lucratif enregistr\u00e9e, responsable de l\u2019\u00e9laboration et de la mise en \u0153uvre de programmes et de services de sport provinciaux en Alberta.<\/p>\n<p>11759, chemin Groat, Edmonton, AB, T5M 3K6<br \/>\nT\u00e9l\u00e9phone : 780-427-8699<br \/>\nSans frais : 888-453-6770<br \/>\nT\u00e9l\u00e9copieur : 780-427-8723<br \/>\nCourriel : <a href=\"ma&#105;&#108;&#116;&#x6f;&#x3a;&#x77;&#x73;&#x61;1&#64;&#116;&#101;&#108;&#x75;&#x73;&#x2e;&#x6e;&#x65;t\">&#119;&#x73;a&#x31;&#64;&#116;&#x65;&#108;&#x75;s&#46;&#x6e;&#101;&#x74;<\/a><br \/>\n<a title=\"www.abwheelchairsports.ca\" href=\"http:\/\/www.abwheelchairsports.ca\" target=\"_blank\" rel=\"noopener noreferrer\">www.abwheelchairsports.ca<\/a><\/p>\n<hr \/>\n<h3>Saskatchewan Wheelchair Sports Association<\/h3>\n<p>La Saskatchewan Wheelchair Sports Association (SWSA) est un organisme \u00e0 but non lucratif vou\u00e9 au d\u00e9veloppement et au soutien des occasions offertes aux enfants, adolescents et adultes handicap\u00e9s de participer selon leurs habilet\u00e9s aux activit\u00e9s sportives, r\u00e9cr\u00e9atives et de loisirs de l&rsquo;Association.<\/p>\n<p>510, rue Cynthia, Saskatoon, SK, S7L 7K7<br \/>\nT\u00e9l\u00e9phone : 306-975-0824<br \/>\nT\u00e9l\u00e9copieur : 306-975-0825<br \/>\nCourriel : <a href=\"&#109;&#x61;i&#x6c;&#x74;&#111;&#x3a;s&#119;&#x73;&#97;&#x40;s&#104;&#x61;w&#x2e;c&#97;\">&#x73;&#119;&#x73;&#x61;&#64;&#x73;&#x68;&#97;&#x77;&#x2e;&#99;&#x61;<\/a><br \/>\n<a title=\"www.swsa.ca\" href=\"http:\/\/www.swsa.ca\" target=\"_blank\" rel=\"noopener noreferrer\">www.swsa.ca<\/a><\/p>\n<hr \/>\n<h3>Basketball Manitoba<\/h3>\n<p>145, avenue Pacific, Winnipeg, MB, R3B 2Z6<br \/>\nT\u00e9l\u00e9phone : 204-925-5790<br \/>\nT\u00e9l\u00e9copieur : 204-925-5792<br \/>\nCourriel : <a title=\"&#109;&#x61;i&#x6c;t&#111;&#x3a;&#119;&#x68;e&#101;&#x6c;&#99;&#x68;a&#x69;&#x72;&#64;&#x62;a&#x73;k&#101;&#x74;&#98;&#x61;l&#108;&#x6d;&#97;&#x6e;i&#116;&#x6f;&#98;&#x61;&#46;&#x63;&#x61;\" contenteditable=\"false\" href=\"&#109;&#x61;i&#x6c;&#x74;&#111;&#x3a;w&#104;&#x65;&#101;&#x6c;c&#104;&#x61;i&#x72;&#64;&#98;&#x61;s&#x6b;&#x65;&#116;&#x62;a&#108;&#x6c;&#109;&#x61;n&#105;&#x74;&#111;&#x62;a&#46;&#x63;a\">w&#104;&#101;&#x65;&#x6c;c&#104;&#97;&#x69;&#x72;&#x40;b&#97;&#115;&#x6b;&#x65;tb&#97;&#x6c;&#x6c;&#x6d;a&#110;&#105;&#x74;&#x6f;ba&#46;&#x63;&#x61;<\/a><br \/>\n<a href=\"https:\/\/www.basketballmanitoba.ca\/\">www.basketballmanitoba.ca<\/a><\/p>\n<hr \/>\n<h3>Ontario Para Network<\/h3>\n<p>L&rsquo;Ontario Para Network (ONPARA) est ax\u00e9e sur le d\u00e9veloppement et la promotion de programmes centralis\u00e9s sur les athl\u00e8tes et le sport amateur en fauteuil roulant.<\/p>\n<p>104-3 Concorde Gate, Toronto, ON M3C 3N7<br \/>\nT\u00e9l\u00e9phone : 416-426-7131<br \/>\nCourriel : <a href=\"&#109;a&#x69;l&#x74;o&#x3a;i&#x6e;f&#x6f;&#64;&#x6f;&#110;&#x70;&#97;&#x72;&#97;&#x2e;&#99;&#x61;\" target=\"_blank\" rel=\"noopener noreferrer\">&#x69;&#x6e;&#102;&#111;&#64;&#x6f;&#x6e;&#x70;&#97;ra&#x2e;&#x63;&#97;<\/a><br \/>\n<a href=\"https:\/\/onpara.ca\/\" target=\"_blank\" rel=\"noopener noreferrer\">onpara.ca<\/a><\/p>\n<hr \/>\n<h3>Parasports Qu\u00e9bec<\/h3>\n<p>Parasports Qu\u00e9bec, anciennement reconnu comme l&rsquo;Association qu\u00e9b\u00e9coise des sports en fauteuil roulant (AQSFR), est l\u2019organisme sans but lucratif reconnu officiellement par le gouvernement du Qu\u00e9bec comme la r\u00e9gie sportive des sports en fauteuil roulant.<\/p>\n<p>Maison du loisir et du sport<br \/>\n7665 Boul. Lacordaire, Montr\u00e9al, Qu\u00e9bec H1S 2A7<br \/>\nT\u00e9l\u00e9phone : 514-252-3108<br \/>\nT\u00e9l\u00e9copieur : 514-254-9793<br \/>\nCourriel : <a href=\"&#x6d;&#x61;&#105;&#108;to&#x3a;&#x69;&#x6e;&#102;o&#64;&#x70;&#x61;&#x72;&#97;&#115;p&#x6f;&#x72;&#x74;&#115;&#113;u&#x65;&#x62;&#x65;&#99;&#46;co&#x6d;\">&#x69;&#x6e;&#x66;&#x6f;&#x40;&#x70;&#x61;&#114;&#97;&#115;&#112;&#111;rtsq&#x75;&#x65;&#x62;&#x65;&#x63;&#x2e;&#x63;&#x6f;&#109;<\/a><br \/>\n<a title=\"www.parasportsquebec.com\" href=\"http:\/\/www.parasportsquebec.com\/\" target=\"_blank\" rel=\"noopener noreferrer\">www.parasportsquebec.com<\/a><\/p>\n<hr \/>\n<h3>Sports en fauteuil roulant Nouveau-Brunswick<\/h3>\n<p>Sports en fauteuil roulant Nouveau-Brunswick veille \u00e0 ce que les personnes ayant une d\u00e9ficience physique puissent participer aux activit\u00e9s sportives et r\u00e9cr\u00e9atives. SFRNB soutient et promeut le sport de basketball en fauteuil roulant dans la province et travaille avec la <a title=\"Maritime Wheelchair Basketball Association\" href=\"http:\/\/www.mwba.ca\" target=\"_blank\" rel=\"noopener noreferrer\">Maritime Wheelchair Basketball Association<\/a> pour faciliter le jeu concurrentiel dans les Maritimes.<\/p>\n<p>18 Cottage Lane, Scotchtown, N.-B., E4B 0B5<br \/>\nT\u00e9l\u00e9phone : 506-450-9143<br \/>\nCourriel : <a href=\"&#x6d;a&#x69;&#108;&#x74;&#111;&#x3a;&#x73;a&#x62;&#114;&#x69;&#110;&#x61;&#46;d&#x75;&#114;&#x65;&#112;&#x6f;&#115;&#64;&#x72;&#111;&#x67;&#101;&#x72;&#115;&#46;&#x63;o&#x6d;\">&#115;&#x61;b&#114;&#x69;&#110;&#x61;&#46;&#100;&#x75;r&#x65;&#x70;&#111;&#x73;&#64;&#114;&#x6f;g&#x65;&#x72;&#115;&#x2e;c&#111;&#x6d;<\/a><br \/>\n<a title=\"www.sfrnb.ca\" href=\"http:\/\/www.sfrnb.ca\/\" target=\"_blank\" rel=\"noopener noreferrer\">www.sfrnb.ca<\/a><\/p>\n<hr \/>\n<h3>Basketball Nova Scotia<\/h3>\n<p><a href=\"https:\/\/basketballnovascotia.ca\/content\/wheelchair-basketball\">Basketball Nova Scotia<\/a> r\u00e9git le sport du basket-ball en fauteuil roulant en Nouvelle-\u00c9cosse et travaille en \u00e9troite collaboration avec le coordonnateur des sports paralympiques de Sport Nova Scotia.<\/p>\n<p>Lori Lancaster<br \/>\n5516, chemin Spring Garden, 4e \u00e9tage. Halifax (Nouvelle-\u00c9cosse) B3J 1G6<br \/>\nT\u00e9l\u00e9phone : 902-425-5450, poste 348<br \/>\nCourriel : &#x62;n&#x73;&#101;&#x78;&#101;c&#x75;&#116;&#x69;&#118;e&#x64;&#105;&#x72;&#101;c&#x74;o&#x72;&#64;&#x73;&#x70;o&#x72;&#116;&#x6e;&#111;v&#x61;&#115;&#x63;&#111;t&#x69;a&#x2e;&#99;a<\/p>\n<hr \/>\n<h3>ParaSport and Recreation PEI<\/h3>\n<p>Anciennement reconnu comme Paralympics PEI, ParaSport et Recreation PEI est un organisme \u00e0 but non lucratif \u00e9tablit en 1974 et constitu\u00e9 en personne morale en 1976 dans le but d\u2019appuyer la participation des personnes ayant une d\u00e9ficience physique \u00e0 des activit\u00e9s r\u00e9cr\u00e9atives et sportives.<\/p>\n<p>40 Enman Crescent, Room 123<br \/>\nCharlottetown, PEI<br \/>\nC1E 1E6<br \/>\nT\u00e9l\u00e9phone : 902-368-4540<br \/>\nT\u00e9l\u00e9copieur : 902-368-4548<br \/>\nCourriel : <a href=\"&#x6d;a&#x69;&#108;&#x74;&#111;&#x3a;&#x69;n&#x66;&#111;&#x40;&#112;&#x61;&#114;a&#x73;&#112;&#x6f;&#114;&#x74;&#112;e&#x69;&#46;&#x63;&#97;\">&#105;&#x6e;&#x66;o&#64;&#x70;a&#114;&#x61;s&#112;&#x6f;r&#116;&#x70;&#x65;&#105;&#x2e;&#x63;a <\/a><br \/>\n<a title=\"www.parasportpei.ca\" href=\"http:\/\/www.parasportpei.ca\" target=\"_blank\" rel=\"noopener noreferrer\">www.parasportpei.ca<\/a><\/p>\n<hr \/>\n<h3>Newfoundland and Labrador Wheelchair Sports Association<\/h3>\n<p>La Newfoundland and Labrador Wheelchair Sports Association soutient et promeut les sports en fauteuil roulant dans la province.<\/p>\n<p>Raeleen Baggs<br \/>\nEmail: <a href=\"&#109;&#x61;&#105;&#x6c;t&#x6f;:&#114;&#x61;&#101;&#x6c;&#101;&#x65;n&#x62;a&#103;&#x67;&#115;&#x40;y&#x61;h&#x6f;&#x6f;&#46;&#x63;&#97;\">r&#97;&#x65;&#x6c;e&#101;&#110;&#x62;&#x61;g&#103;&#x73;&#x40;y&#97;&#104;&#x6f;&#x6f;&#46;&#99;&#x61;<\/a><\/p>\n<p>&nbsp;<\/p>\n<p>&nbsp;<\/p>\n","protected":false},"excerpt":{"rendered":"Organismes provinciaux des sports en fauteuil roulant BC Wheelchair Basketball Society La BC Wheelchair Basketball Society (BCWBS) est un organisme sans but lucratif qui offre un soutien aux programmes de basketball en fauteuil roulant en Colombie-Britannique. 780, promenade SW Marine, Vancouver, C.-B., V6P 5Y7 T\u00e9l\u00e9phone :\u00a0604-333-3530 T\u00e9l\u00e9copieur : 604-326-1229 Courriel : in&#102;&#111;&#64;&#x62;&#x63;&#x77;&#x62;&#x73;&#46;c&#97; www.bcwbs.ca Wheelchair Sports [&hellip;]","protected":false},"author":4,"featured_media":21783,"parent":1162,"menu_order":5,"comment_status":"closed","ping_status":"closed","template":"","meta":{"om_disable_all_campaigns":false,"_monsterinsights_skip_tracking":false,"_monsterinsights_sitenote_active":false,"_monsterinsights_sitenote_note":"","_monsterinsights_sitenote_category":0,"footnotes":""},"acf":[],"yoast_head":"<!-- This site is optimized with the Yoast SEO plugin v21.9.1 - https:\/\/yoast.com\/wordpress\/plugins\/seo\/ -->\n<title>Nos membres - Wheelchair Basketball Canada<\/title>\n<meta name=\"robots\" content=\"index, follow, max-snippet:-1, max-image-preview:large, max-video-preview:-1\" \/>\n<link rel=\"canonical\" href=\"https:\/\/www.wheelchairbasketball.ca\/fr\/a-propos-de-nous\/nos-membres\/\" \/>\n<meta property=\"og:locale\" content=\"fr_FR\" \/>\n<meta property=\"og:type\" content=\"article\" \/>\n<meta property=\"og:title\" content=\"Nos membres - Wheelchair Basketball Canada\" \/>\n<meta property=\"og:description\" content=\"Organismes provinciaux des sports en fauteuil roulant BC Wheelchair Basketball Society La BC Wheelchair Basketball Society (BCWBS) est un organisme sans but lucratif qui offre un soutien aux programmes de basketball en fauteuil roulant en Colombie-Britannique. 780, promenade SW Marine, Vancouver, C.-B., V6P 5Y7 T\u00e9l\u00e9phone :\u00a0604-333-3530 T\u00e9l\u00e9copieur : 604-326-1229 Courriel : &#x69;&#110;&#102;o&#x40;&#x62;&#099;w&#x62;&#x73;&#046;ca www.bcwbs.ca Wheelchair Sports [&hellip;]\" \/>\n<meta property=\"og:url\" content=\"https:\/\/www.wheelchairbasketball.ca\/fr\/a-propos-de-nous\/nos-membres\/\" \/>\n<meta property=\"og:site_name\" content=\"Wheelchair Basketball Canada\" \/>\n<meta property=\"article:publisher\" content=\"http:\/\/www.facebook.com\/wheelchairbasketball\" \/>\n<meta property=\"article:modified_time\" content=\"2026-02-03T17:28:08+00:00\" \/>\n<meta property=\"og:image\" content=\"https:\/\/www.wheelchairbasketball.ca\/wp-content\/uploads\/2024\/10\/3048e34f-25e5-47f6-9abe-12bcc1704834-1400x600-1.png\" \/>\n\t<meta property=\"og:image:width\" content=\"1400\" \/>\n\t<meta property=\"og:image:height\" content=\"600\" \/>\n\t<meta property=\"og:image:type\" content=\"image\/png\" \/>\n<meta name=\"twitter:card\" content=\"summary_large_image\" \/>\n<meta name=\"twitter:site\" content=\"@WCBballCanada\" \/>\n<meta name=\"twitter:label1\" content=\"Dur\u00e9e de lecture estim\u00e9e\" \/>\n\t<meta name=\"twitter:data1\" content=\"3 minutes\" \/>\n<script type=\"application\/ld+json\" class=\"yoast-schema-graph\">{\"@context\":\"https:\/\/schema.org\",\"@graph\":[{\"@type\":\"WebPage\",\"@id\":\"https:\/\/www.wheelchairbasketball.ca\/fr\/a-propos-de-nous\/nos-membres\/\",\"url\":\"https:\/\/www.wheelchairbasketball.ca\/fr\/a-propos-de-nous\/nos-membres\/\",\"name\":\"Nos membres - Wheelchair Basketball Canada\",\"isPartOf\":{\"@id\":\"https:\/\/www.wheelchairbasketball.ca\/#website\"},\"datePublished\":\"2015-03-31T00:40:48+00:00\",\"dateModified\":\"2026-02-03T17:28:08+00:00\",\"breadcrumb\":{\"@id\":\"https:\/\/www.wheelchairbasketball.ca\/fr\/a-propos-de-nous\/nos-membres\/#breadcrumb\"},\"inLanguage\":\"fr-FR\",\"potentialAction\":[{\"@type\":\"ReadAction\",\"target\":[\"https:\/\/www.wheelchairbasketball.ca\/fr\/a-propos-de-nous\/nos-membres\/\"]}]},{\"@type\":\"BreadcrumbList\",\"@id\":\"https:\/\/www.wheelchairbasketball.ca\/fr\/a-propos-de-nous\/nos-membres\/#breadcrumb\",\"itemListElement\":[{\"@type\":\"ListItem\",\"position\":1,\"name\":\"Home\",\"item\":\"https:\/\/www.wheelchairbasketball.ca\/fr\/\"},{\"@type\":\"ListItem\",\"position\":2,\"name\":\"\u00c0 propos de nous\",\"item\":\"https:\/\/www.wheelchairbasketball.ca\/fr\/a-propos-de-nous\/\"},{\"@type\":\"ListItem\",\"position\":3,\"name\":\"Nos membres\"}]},{\"@type\":\"WebSite\",\"@id\":\"https:\/\/www.wheelchairbasketball.ca\/#website\",\"url\":\"https:\/\/www.wheelchairbasketball.ca\/\",\"name\":\"Wheelchair Basketball Canada\",\"description\":\"Real Life. Real Sport.\",\"potentialAction\":[{\"@type\":\"SearchAction\",\"target\":{\"@type\":\"EntryPoint\",\"urlTemplate\":\"https:\/\/www.wheelchairbasketball.ca\/?s={search_term_string}\"},\"query-input\":\"required name=search_term_string\"}],\"inLanguage\":\"fr-FR\"}]}<\/script>\n<!-- \/ Yoast SEO plugin. -->","yoast_head_json":{"title":"Nos membres - Wheelchair Basketball Canada","robots":{"index":"index","follow":"follow","max-snippet":"max-snippet:-1","max-image-preview":"max-image-preview:large","max-video-preview":"max-video-preview:-1"},"canonical":"https:\/\/www.wheelchairbasketball.ca\/fr\/a-propos-de-nous\/nos-membres\/","og_locale":"fr_FR","og_type":"article","og_title":"Nos membres - Wheelchair Basketball Canada","og_description":"Organismes provinciaux des sports en fauteuil roulant BC Wheelchair Basketball Society La BC Wheelchair Basketball Society (BCWBS) est un organisme sans but lucratif qui offre un soutien aux programmes de basketball en fauteuil roulant en Colombie-Britannique. 780, promenade SW Marine, Vancouver, C.-B., V6P 5Y7 T\u00e9l\u00e9phone :\u00a0604-333-3530 T\u00e9l\u00e9copieur : 604-326-1229 Courriel : &#x69;&#110;&#102;o&#x40;&#x62;&#99;w&#x62;&#x73;&#46;ca www.bcwbs.ca Wheelchair Sports [&hellip;]","og_url":"https:\/\/www.wheelchairbasketball.ca\/fr\/a-propos-de-nous\/nos-membres\/","og_site_name":"Wheelchair Basketball Canada","article_publisher":"http:\/\/www.facebook.com\/wheelchairbasketball","article_modified_time":"2026-02-03T17:28:08+00:00","og_image":[{"width":1400,"height":600,"url":"https:\/\/www.wheelchairbasketball.ca\/wp-content\/uploads\/2024\/10\/3048e34f-25e5-47f6-9abe-12bcc1704834-1400x600-1.png","type":"image\/png"}],"twitter_card":"summary_large_image","twitter_site":"@WCBballCanada","twitter_misc":{"Dur\u00e9e de lecture estim\u00e9e":"3 minutes"},"schema":{"@context":"https:\/\/schema.org","@graph":[{"@type":"WebPage","@id":"https:\/\/www.wheelchairbasketball.ca\/fr\/a-propos-de-nous\/nos-membres\/","url":"https:\/\/www.wheelchairbasketball.ca\/fr\/a-propos-de-nous\/nos-membres\/","name":"Nos membres - Wheelchair Basketball Canada","isPartOf":{"@id":"https:\/\/www.wheelchairbasketball.ca\/#website"},"datePublished":"2015-03-31T00:40:48+00:00","dateModified":"2026-02-03T17:28:08+00:00","breadcrumb":{"@id":"https:\/\/www.wheelchairbasketball.ca\/fr\/a-propos-de-nous\/nos-membres\/#breadcrumb"},"inLanguage":"fr-FR","potentialAction":[{"@type":"ReadAction","target":["https:\/\/www.wheelchairbasketball.ca\/fr\/a-propos-de-nous\/nos-membres\/"]}]},{"@type":"BreadcrumbList","@id":"https:\/\/www.wheelchairbasketball.ca\/fr\/a-propos-de-nous\/nos-membres\/#breadcrumb","itemListElement":[{"@type":"ListItem","position":1,"name":"Home","item":"https:\/\/www.wheelchairbasketball.ca\/fr\/"},{"@type":"ListItem","position":2,"name":"\u00c0 propos de nous","item":"https:\/\/www.wheelchairbasketball.ca\/fr\/a-propos-de-nous\/"},{"@type":"ListItem","position":3,"name":"Nos membres"}]},{"@type":"WebSite","@id":"https:\/\/www.wheelchairbasketball.ca\/#website","url":"https:\/\/www.wheelchairbasketball.ca\/","name":"Wheelchair Basketball Canada","description":"Real Life. Real Sport.","potentialAction":[{"@type":"SearchAction","target":{"@type":"EntryPoint","urlTemplate":"https:\/\/www.wheelchairbasketball.ca\/?s={search_term_string}"},"query-input":"required name=search_term_string"}],"inLanguage":"fr-FR"}]}},"_links":{"self":[{"href":"https:\/\/www.wheelchairbasketball.ca\/fr\/wp-json\/wp\/v2\/pages\/1197"}],"collection":[{"href":"https:\/\/www.wheelchairbasketball.ca\/fr\/wp-json\/wp\/v2\/pages"}],"about":[{"href":"https:\/\/www.wheelchairbasketball.ca\/fr\/wp-json\/wp\/v2\/types\/page"}],"author":[{"embeddable":true,"href":"https:\/\/www.wheelchairbasketball.ca\/fr\/wp-json\/wp\/v2\/users\/4"}],"replies":[{"embeddable":true,"href":"https:\/\/www.wheelchairbasketball.ca\/fr\/wp-json\/wp\/v2\/comments?post=1197"}],"version-history":[{"count":11,"href":"https:\/\/www.wheelchairbasketball.ca\/fr\/wp-json\/wp\/v2\/pages\/1197\/revisions"}],"predecessor-version":[{"id":25471,"href":"https:\/\/www.wheelchairbasketball.ca\/fr\/wp-json\/wp\/v2\/pages\/1197\/revisions\/25471"}],"up":[{"embeddable":true,"href":"https:\/\/www.wheelchairbasketball.ca\/fr\/wp-json\/wp\/v2\/pages\/1162"}],"wp:featuredmedia":[{"embeddable":true,"href":"https:\/\/www.wheelchairbasketball.ca\/fr\/wp-json\/wp\/v2\/media\/21783"}],"wp:attachment":[{"href":"https:\/\/www.wheelchairbasketball.ca\/fr\/wp-json\/wp\/v2\/media?parent=1197"}],"curies":[{"name":"wp","href":"https:\/\/api.w.org\/{rel}","templated":true}]}}