{"id":1202,"date":"2015-03-31T00:55:13","date_gmt":"2015-03-31T00:55:13","guid":{"rendered":"https:\/\/www.wheelchairbasketball.ca\/?page_id=1202"},"modified":"2025-01-28T15:56:25","modified_gmt":"2025-01-28T15:56:25","slug":"officiels","status":"publish","type":"page","link":"https:\/\/www.wheelchairbasketball.ca\/fr\/technique\/officiels\/","title":{"rendered":"Officiels"},"content":{"rendered":"<p>Les officiels, ou les arbitres, sont des officiels techniques certifi\u00e9s dont le r\u00f4le est de faire respecter les r\u00e8gles de basketball en fauteuil roulant. Les opportunit\u00e9s pour officier le basketball en fauteuil roulant existent aux championnats et aux comp\u00e9titions des niveaux locaux, provinciaux, nationaux et internationaux.<\/p>\n<h3>Devenir officiel<\/h3>\n<p>Les personnes qui souhaitent s&rsquo;engager dans le sport du basketball en fauteuil roulant comme officiel devraient contacter leur <a href=\"https:\/\/www.wheelchairbasketball.ca\/fr\/a-propos-de-nous\/nos-membres\/\">organisme provincial de sport<\/a> pour participer au niveau local. Pour plus de renseignements, veuillez contacter <a href=\"https:\/\/www.wheelchairbasketball.ca\/fr\/a-propos-de-nous\/contactez-nous\/\">Basketball en fauteuil roulant Canada<\/a>.<\/p>\n<h3>R\u00e8gles de basketball en fauteuil roulant<\/h3>\n<p>Le basketball en fauteuil roulant au Canada est jou\u00e9 selon les <a href=\"https:\/\/www.wheelchairbasketball.ca\/fr\/technique\/officiels\/regles-de-li-w-b-f\/\">r\u00e8gles de la F\u00e9d\u00e9ration internationale de basketball en fauteuil roulant (I.W.B.F.)<\/a>, qui ont \u00e9t\u00e9 modifi\u00e9es de celles de la F\u00e9d\u00e9ration internationale de basketball (FIBA). Quelques adaptations ont \u00e9t\u00e9 apport\u00e9es pour le jeu dans les diff\u00e9rentes divisions de la Ligue canadienne de basketball en fauteuil roulant (LCBFR) dans le but d\u2019encourager le d\u00e9veloppement.<\/p>\n<ul>\n<li><a href=\"https:\/\/cdn.prod.website-files.com\/66a7ad387e177bc7c659bb87\/67950f5c57b528852ee729a9_IWBF_2024_OWBRI_ver2_def.pdf\">Changements et interpr\u00e9tations des r\u00e8gles\u00a0<\/a><\/li>\n<li><a href=\"https:\/\/cdn.prod.website-files.com\/66a7ad387e177bc7c659bb87\/67950f4816ab0fb86f0ef12a_2024_OWBR-Ver2_def.pdf\">R\u00e8gles de l&rsquo;I.W.B.F. de 2024<\/a><\/li>\n<li><a href=\"https:\/\/cdn.prod.website-files.com\/66a7ad387e177bc7c659bb87\/67950fda570898e412f16e8a_3x3_IWBF_rules_2025_ver1_def.pdf\">R\u00e8glement officiel du basket-ball en fauteuil roulant 3\u00d73<\/a><\/li>\n<\/ul>\n<h3>Examen annuel<\/h3>\n<p>Afin d\u2019\u00eatre consid\u00e9r\u00e9 pour les affectations d\u2019apr\u00e8s-saison, les officiels doivent\u00a0terminer et r\u00e9ussir <a href=\"https:\/\/www.wheelchairbasketball.ca\/fr\/technique\/officiels\/examen-annuel-des-officiels\/\">l\u2019examen annuel des officiels<\/a> de Basketball en fauteuil roulant Canada.<\/p>\n<h3>Ressources pour les officiels<\/h3>\n<ul>\n<li><a href=\"https:\/\/www.wheelchairbasketball.ca\/wp-content\/uploads\/2024\/11\/IWBF-Handbook-2023-ver3.pdf\">l&rsquo;I.W.B.F. Manuel officiel<\/a><\/li>\n<li><a href=\"https:\/\/www.wheelchairbasketball.ca\/wp-content\/uploads\/2024\/05\/20th-EDITION-White-cover-4th-May-2024.pdf\">Principes du contact<\/a><\/li>\n<li><a href=\"https:\/\/www.wheelchairbasketball.ca\/wp-content\/uploads\/2015\/03\/2016-Officiating-Modification-Manual-V2-1.pdf\">Officiating Modification Manual 2016<\/a>\u00a0(.pdf)<em> (en anglais)<\/em><\/li>\n<\/ul>\n<p><strong>T\u00e9l\u00e9chargements\u00a0:<\/strong><\/p>\n<ul>\n<li><a title=\"Certification Chart v4\" href=\"https:\/\/wheelchairbasketball.ca\/uploadedFiles\/Members\/Officials\/Forms\/Referee%20Certification%20chart%20-%20vers%204-1-f.pdf\">Fiche de certification<\/a>\u00a0(.pdf)<\/li>\n<li><a title=\"[Commentaires d\u2019observation]\" href=\"https:\/\/www.wheelchairbasketball.ca\/uploadedFiles\/Members\/Officials\/Forms\/Observation%20Form%20for%20Referees%20-f.pdf\">Commentaires d\u2019observation<\/a>\u00a0(.pdf)<\/li>\n<li><a title=\"[Feuille de r\u00e9capitulation pour les arbitres]\" href=\"https:\/\/www.wheelchairbasketball.ca\/uploadedFiles\/Members\/Officials\/Forms\/Summary%20Sheet%20for%20Referees%20-%20f.pdf\">Feuille de r\u00e9capitulation pour les arbitres<\/a>\u00a0(.pdf)<\/li>\n<li><a title=\"[Formulaire d\u2019\u00e9valuation des officiels]\" href=\"https:\/\/www.wheelchairbasketball.ca\/uploadedFiles\/Members\/Officials\/Forms\/Official%20Rating%20Form%20-%20f.pdf\">Formulaire d\u2019\u00e9valuation des officiels<\/a>\u00a0(.pdf)<\/li>\n<li><a title=\"[Formulaire d\u2019\u00e9valuation de tournoi]\" href=\"https:\/\/www.wheelchairbasketball.ca\/uploadedFiles\/Members\/Officials\/Forms\/CWBA%20TOURNAMENT%20EVALUATION%20FORM%20-f.pdf\">Formulaire d\u2019\u00e9valuation de tournoi<\/a>\u00a0(.pdf)<\/li>\n<li><a title=\"Referee Evaluation Sheet-single-f\" href=\"https:\/\/wheelchairbasketball.ca\/uploadedFiles\/Members\/Officials\/Forms\/Referee%20Evalution%20Sheet%20-%20single-f.xls\">Feuille d&rsquo;\u00e9valuation de l&rsquo;arbitre &#8211; single<\/a>\u00a0(.xls)<\/li>\n<li id=\"radETempNode\"><a title=\"Referee Evaluation Sheet - crew-f\" href=\"https:\/\/wheelchairbasketball.ca\/uploadedFiles\/Members\/Officials\/Forms\/Referee%20Evalution%20Sheet%20%28crew%29-f.xls\">Feuille d&rsquo;\u00e9valuation de l&rsquo;arbitre &#8211; crew<\/a>\u00a0(.xls)<\/li>\n<\/ul>\n","protected":false},"excerpt":{"rendered":"Les officiels, ou les arbitres, sont des officiels techniques certifi\u00e9s dont le r\u00f4le est de faire respecter les r\u00e8gles de basketball en fauteuil roulant. Les opportunit\u00e9s pour officier le basketball en fauteuil roulant existent aux championnats et aux comp\u00e9titions des niveaux locaux, provinciaux, nationaux et internationaux. Devenir officiel Les personnes qui souhaitent s&rsquo;engager dans le [&hellip;]","protected":false},"author":4,"featured_media":21769,"parent":1649,"menu_order":7,"comment_status":"closed","ping_status":"closed","template":"","meta":{"om_disable_all_campaigns":false,"_monsterinsights_skip_tracking":false,"_monsterinsights_sitenote_active":false,"_monsterinsights_sitenote_note":"","_monsterinsights_sitenote_category":0,"footnotes":""},"acf":[],"yoast_head":"<!-- This site is optimized with the Yoast SEO plugin v21.9.1 - https:\/\/yoast.com\/wordpress\/plugins\/seo\/ -->\n<title>Officiels - Wheelchair Basketball Canada<\/title>\n<meta name=\"robots\" content=\"index, follow, max-snippet:-1, max-image-preview:large, max-video-preview:-1\" \/>\n<link rel=\"canonical\" href=\"https:\/\/www.wheelchairbasketball.ca\/fr\/technique\/officiels\/\" \/>\n<meta property=\"og:locale\" content=\"fr_FR\" \/>\n<meta property=\"og:type\" content=\"article\" \/>\n<meta property=\"og:title\" content=\"Officiels - Wheelchair Basketball Canada\" \/>\n<meta property=\"og:description\" content=\"Les officiels, ou les arbitres, sont des officiels techniques certifi\u00e9s dont le r\u00f4le est de faire respecter les r\u00e8gles de basketball en fauteuil roulant. Les opportunit\u00e9s pour officier le basketball en fauteuil roulant existent aux championnats et aux comp\u00e9titions des niveaux locaux, provinciaux, nationaux et internationaux. Devenir officiel Les personnes qui souhaitent s&rsquo;engager dans le [&hellip;]\" \/>\n<meta property=\"og:url\" content=\"https:\/\/www.wheelchairbasketball.ca\/fr\/technique\/officiels\/\" \/>\n<meta property=\"og:site_name\" content=\"Wheelchair Basketball Canada\" \/>\n<meta property=\"article:publisher\" content=\"http:\/\/www.facebook.com\/wheelchairbasketball\" \/>\n<meta property=\"article:modified_time\" content=\"2025-01-28T15:56:25+00:00\" \/>\n<meta property=\"og:image\" content=\"https:\/\/www.wheelchairbasketball.ca\/wp-content\/uploads\/2024\/10\/53653530568_5c9a19248a_o-1400x600-1.png\" \/>\n\t<meta property=\"og:image:width\" content=\"1400\" \/>\n\t<meta property=\"og:image:height\" content=\"600\" \/>\n\t<meta property=\"og:image:type\" content=\"image\/png\" \/>\n<meta name=\"twitter:card\" content=\"summary_large_image\" \/>\n<meta name=\"twitter:site\" content=\"@WCBballCanada\" \/>\n<meta name=\"twitter:label1\" content=\"Dur\u00e9e de lecture estim\u00e9e\" \/>\n\t<meta name=\"twitter:data1\" content=\"2 minutes\" \/>\n<script type=\"application\/ld+json\" class=\"yoast-schema-graph\">{\"@context\":\"https:\/\/schema.org\",\"@graph\":[{\"@type\":\"WebPage\",\"@id\":\"https:\/\/www.wheelchairbasketball.ca\/fr\/technique\/officiels\/\",\"url\":\"https:\/\/www.wheelchairbasketball.ca\/fr\/technique\/officiels\/\",\"name\":\"Officiels - Wheelchair Basketball Canada\",\"isPartOf\":{\"@id\":\"https:\/\/www.wheelchairbasketball.ca\/#website\"},\"datePublished\":\"2015-03-31T00:55:13+00:00\",\"dateModified\":\"2025-01-28T15:56:25+00:00\",\"breadcrumb\":{\"@id\":\"https:\/\/www.wheelchairbasketball.ca\/fr\/technique\/officiels\/#breadcrumb\"},\"inLanguage\":\"fr-FR\",\"potentialAction\":[{\"@type\":\"ReadAction\",\"target\":[\"https:\/\/www.wheelchairbasketball.ca\/fr\/technique\/officiels\/\"]}]},{\"@type\":\"BreadcrumbList\",\"@id\":\"https:\/\/www.wheelchairbasketball.ca\/fr\/technique\/officiels\/#breadcrumb\",\"itemListElement\":[{\"@type\":\"ListItem\",\"position\":1,\"name\":\"Home\",\"item\":\"https:\/\/www.wheelchairbasketball.ca\/fr\/\"},{\"@type\":\"ListItem\",\"position\":2,\"name\":\"Technique\",\"item\":\"https:\/\/www.wheelchairbasketball.ca\/fr\/technique\/\"},{\"@type\":\"ListItem\",\"position\":3,\"name\":\"Officiels\"}]},{\"@type\":\"WebSite\",\"@id\":\"https:\/\/www.wheelchairbasketball.ca\/#website\",\"url\":\"https:\/\/www.wheelchairbasketball.ca\/\",\"name\":\"Wheelchair Basketball Canada\",\"description\":\"Real Life. Real Sport.\",\"potentialAction\":[{\"@type\":\"SearchAction\",\"target\":{\"@type\":\"EntryPoint\",\"urlTemplate\":\"https:\/\/www.wheelchairbasketball.ca\/?s={search_term_string}\"},\"query-input\":\"required name=search_term_string\"}],\"inLanguage\":\"fr-FR\"}]}<\/script>\n<!-- \/ Yoast SEO plugin. -->","yoast_head_json":{"title":"Officiels - Wheelchair Basketball Canada","robots":{"index":"index","follow":"follow","max-snippet":"max-snippet:-1","max-image-preview":"max-image-preview:large","max-video-preview":"max-video-preview:-1"},"canonical":"https:\/\/www.wheelchairbasketball.ca\/fr\/technique\/officiels\/","og_locale":"fr_FR","og_type":"article","og_title":"Officiels - Wheelchair Basketball Canada","og_description":"Les officiels, ou les arbitres, sont des officiels techniques certifi\u00e9s dont le r\u00f4le est de faire respecter les r\u00e8gles de basketball en fauteuil roulant. Les opportunit\u00e9s pour officier le basketball en fauteuil roulant existent aux championnats et aux comp\u00e9titions des niveaux locaux, provinciaux, nationaux et internationaux. Devenir officiel Les personnes qui souhaitent s&rsquo;engager dans le [&hellip;]","og_url":"https:\/\/www.wheelchairbasketball.ca\/fr\/technique\/officiels\/","og_site_name":"Wheelchair Basketball Canada","article_publisher":"http:\/\/www.facebook.com\/wheelchairbasketball","article_modified_time":"2025-01-28T15:56:25+00:00","og_image":[{"width":1400,"height":600,"url":"https:\/\/www.wheelchairbasketball.ca\/wp-content\/uploads\/2024\/10\/53653530568_5c9a19248a_o-1400x600-1.png","type":"image\/png"}],"twitter_card":"summary_large_image","twitter_site":"@WCBballCanada","twitter_misc":{"Dur\u00e9e de lecture estim\u00e9e":"2 minutes"},"schema":{"@context":"https:\/\/schema.org","@graph":[{"@type":"WebPage","@id":"https:\/\/www.wheelchairbasketball.ca\/fr\/technique\/officiels\/","url":"https:\/\/www.wheelchairbasketball.ca\/fr\/technique\/officiels\/","name":"Officiels - Wheelchair Basketball Canada","isPartOf":{"@id":"https:\/\/www.wheelchairbasketball.ca\/#website"},"datePublished":"2015-03-31T00:55:13+00:00","dateModified":"2025-01-28T15:56:25+00:00","breadcrumb":{"@id":"https:\/\/www.wheelchairbasketball.ca\/fr\/technique\/officiels\/#breadcrumb"},"inLanguage":"fr-FR","potentialAction":[{"@type":"ReadAction","target":["https:\/\/www.wheelchairbasketball.ca\/fr\/technique\/officiels\/"]}]},{"@type":"BreadcrumbList","@id":"https:\/\/www.wheelchairbasketball.ca\/fr\/technique\/officiels\/#breadcrumb","itemListElement":[{"@type":"ListItem","position":1,"name":"Home","item":"https:\/\/www.wheelchairbasketball.ca\/fr\/"},{"@type":"ListItem","position":2,"name":"Technique","item":"https:\/\/www.wheelchairbasketball.ca\/fr\/technique\/"},{"@type":"ListItem","position":3,"name":"Officiels"}]},{"@type":"WebSite","@id":"https:\/\/www.wheelchairbasketball.ca\/#website","url":"https:\/\/www.wheelchairbasketball.ca\/","name":"Wheelchair Basketball Canada","description":"Real Life. Real Sport.","potentialAction":[{"@type":"SearchAction","target":{"@type":"EntryPoint","urlTemplate":"https:\/\/www.wheelchairbasketball.ca\/?s={search_term_string}"},"query-input":"required name=search_term_string"}],"inLanguage":"fr-FR"}]}},"_links":{"self":[{"href":"https:\/\/www.wheelchairbasketball.ca\/fr\/wp-json\/wp\/v2\/pages\/1202"}],"collection":[{"href":"https:\/\/www.wheelchairbasketball.ca\/fr\/wp-json\/wp\/v2\/pages"}],"about":[{"href":"https:\/\/www.wheelchairbasketball.ca\/fr\/wp-json\/wp\/v2\/types\/page"}],"author":[{"embeddable":true,"href":"https:\/\/www.wheelchairbasketball.ca\/fr\/wp-json\/wp\/v2\/users\/4"}],"replies":[{"embeddable":true,"href":"https:\/\/www.wheelchairbasketball.ca\/fr\/wp-json\/wp\/v2\/comments?post=1202"}],"version-history":[{"count":12,"href":"https:\/\/www.wheelchairbasketball.ca\/fr\/wp-json\/wp\/v2\/pages\/1202\/revisions"}],"predecessor-version":[{"id":23302,"href":"https:\/\/www.wheelchairbasketball.ca\/fr\/wp-json\/wp\/v2\/pages\/1202\/revisions\/23302"}],"up":[{"embeddable":true,"href":"https:\/\/www.wheelchairbasketball.ca\/fr\/wp-json\/wp\/v2\/pages\/1649"}],"wp:featuredmedia":[{"embeddable":true,"href":"https:\/\/www.wheelchairbasketball.ca\/fr\/wp-json\/wp\/v2\/media\/21769"}],"wp:attachment":[{"href":"https:\/\/www.wheelchairbasketball.ca\/fr\/wp-json\/wp\/v2\/media?parent=1202"}],"curies":[{"name":"wp","href":"https:\/\/api.w.org\/{rel}","templated":true}]}}