{"id":1204,"date":"2015-03-31T00:58:26","date_gmt":"2015-03-31T00:58:26","guid":{"rendered":"https:\/\/www.wheelchairbasketball.ca\/?page_id=1204"},"modified":"2015-03-31T00:58:26","modified_gmt":"2015-03-31T00:58:26","slug":"le-sport","status":"publish","type":"page","link":"https:\/\/www.wheelchairbasketball.ca\/fr\/le-sport\/","title":{"rendered":"Le sport"},"content":{"rendered":"<h2>\u00c0 propos du sport<\/h2>\n<p>Chaque \u00e9quipe se compose de cinq joueurs et de sept rempla\u00e7ants. Le match comprend quatre p\u00e9riodes de dix minutes chacune. Apr\u00e8s les premi\u00e8re et troisi\u00e8me p\u00e9riodes, on compte un intervalle d&rsquo;une minute. Il y a un intervalle de 15 minutes entre les deuxi\u00e8me et troisi\u00e8me p\u00e9riodes. En cas d\u2019\u00e9galit\u00e9 des points \u00e0 la fin du temps de jeu de la quatri\u00e8me p\u00e9riode, le match se poursuit par une prolongation de cinq minutes ou autant de p\u00e9riodes de cinq minutes que n\u00e9cessaires pour d\u00e9partager l\u2019\u00e9galit\u00e9.<\/p>\n<ul>\n<li>    Un panier r\u00e9ussi est cr\u00e9dit\u00e9 comme suit \u00e0 l&rsquo;\u00e9quipe qui attaque le panier dans lequel le ballon a p\u00e9n\u00e9tr\u00e9 :<\/li>\n<li>    un panier r\u00e9ussi \u00e0 la suite d&rsquo;un lancer franc compte un (1) point;<\/li>\n<li>    un panier r\u00e9ussi de la zone de panier \u00e0 deux points compte deux (2) points;<\/li>\n<li>    un panier r\u00e9ussi de la zone de panier \u00e0 trois points compte trois (3) points. <\/li>\n<\/ul>\n<p>Chaque \u00e9quipe dispose de 24 secondes pour tenter de marquer un panier. Si l\u2019\u00e9quipe en possession du ballon d\u00e9passe ce d\u00e9lai, le ballon et le droit de jeu sont accord\u00e9s \u00e0 l\u2019\u00e9quipe adverse.<\/p>\n<p>\u00c0 l\u2019instar du basketball debout, les joueurs doivent dribbler le ballon apr\u00e8s en avoir pris le contr\u00f4le sur le terrain. \u00ab Marcher \u00bb est une infraction qui se produit lorsque le joueur fait plus de deux pouss\u00e9es sur ses roues sans dribbler. Il est interdit \u00e0 un joueur de toucher d&rsquo;un ou des deux pieds la surface de jeu pendant qu&rsquo;il est en possession du ballon.<\/p>\n","protected":false},"excerpt":{"rendered":"\u00c0 propos du sport Chaque \u00e9quipe se compose de cinq joueurs et de sept rempla\u00e7ants. Le match comprend quatre p\u00e9riodes de dix minutes chacune. Apr\u00e8s les premi\u00e8re et troisi\u00e8me p\u00e9riodes, on compte un intervalle d&rsquo;une minute. Il y a un intervalle de 15 minutes entre les deuxi\u00e8me et troisi\u00e8me p\u00e9riodes. En cas d\u2019\u00e9galit\u00e9 des points [&hellip;]","protected":false},"author":4,"featured_media":0,"parent":0,"menu_order":13,"comment_status":"closed","ping_status":"closed","template":"","meta":{"om_disable_all_campaigns":false,"_monsterinsights_skip_tracking":false,"_monsterinsights_sitenote_active":false,"_monsterinsights_sitenote_note":"","_monsterinsights_sitenote_category":0,"footnotes":""},"acf":[],"yoast_head":"<!-- This site is optimized with the Yoast SEO plugin v21.9.1 - https:\/\/yoast.com\/wordpress\/plugins\/seo\/ -->\n<title>Le sport - Wheelchair Basketball Canada<\/title>\n<meta name=\"robots\" content=\"index, follow, max-snippet:-1, max-image-preview:large, max-video-preview:-1\" \/>\n<link rel=\"canonical\" href=\"https:\/\/www.wheelchairbasketball.ca\/fr\/le-sport\/\" \/>\n<meta property=\"og:locale\" content=\"fr_FR\" \/>\n<meta property=\"og:type\" content=\"article\" \/>\n<meta property=\"og:title\" content=\"Le sport - Wheelchair Basketball Canada\" \/>\n<meta property=\"og:description\" content=\"\u00c0 propos du sport Chaque \u00e9quipe se compose de cinq joueurs et de sept rempla\u00e7ants. Le match comprend quatre p\u00e9riodes de dix minutes chacune. Apr\u00e8s les premi\u00e8re et troisi\u00e8me p\u00e9riodes, on compte un intervalle d&rsquo;une minute. Il y a un intervalle de 15 minutes entre les deuxi\u00e8me et troisi\u00e8me p\u00e9riodes. En cas d\u2019\u00e9galit\u00e9 des points [&hellip;]\" \/>\n<meta property=\"og:url\" content=\"https:\/\/www.wheelchairbasketball.ca\/fr\/le-sport\/\" \/>\n<meta property=\"og:site_name\" content=\"Wheelchair Basketball Canada\" \/>\n<meta property=\"article:publisher\" content=\"http:\/\/www.facebook.com\/wheelchairbasketball\" \/>\n<meta name=\"twitter:card\" content=\"summary_large_image\" \/>\n<meta name=\"twitter:site\" content=\"@WCBballCanada\" \/>\n<meta name=\"twitter:label1\" content=\"Dur\u00e9e de lecture estim\u00e9e\" \/>\n\t<meta name=\"twitter:data1\" content=\"1 minute\" \/>\n<script type=\"application\/ld+json\" class=\"yoast-schema-graph\">{\"@context\":\"https:\/\/schema.org\",\"@graph\":[{\"@type\":\"WebPage\",\"@id\":\"https:\/\/www.wheelchairbasketball.ca\/fr\/le-sport\/\",\"url\":\"https:\/\/www.wheelchairbasketball.ca\/fr\/le-sport\/\",\"name\":\"Le sport - Wheelchair Basketball Canada\",\"isPartOf\":{\"@id\":\"https:\/\/www.wheelchairbasketball.ca\/#website\"},\"datePublished\":\"2015-03-31T00:58:26+00:00\",\"dateModified\":\"2015-03-31T00:58:26+00:00\",\"breadcrumb\":{\"@id\":\"https:\/\/www.wheelchairbasketball.ca\/fr\/le-sport\/#breadcrumb\"},\"inLanguage\":\"fr-FR\",\"potentialAction\":[{\"@type\":\"ReadAction\",\"target\":[\"https:\/\/www.wheelchairbasketball.ca\/fr\/le-sport\/\"]}]},{\"@type\":\"BreadcrumbList\",\"@id\":\"https:\/\/www.wheelchairbasketball.ca\/fr\/le-sport\/#breadcrumb\",\"itemListElement\":[{\"@type\":\"ListItem\",\"position\":1,\"name\":\"Home\",\"item\":\"https:\/\/www.wheelchairbasketball.ca\/fr\/\"},{\"@type\":\"ListItem\",\"position\":2,\"name\":\"Le sport\"}]},{\"@type\":\"WebSite\",\"@id\":\"https:\/\/www.wheelchairbasketball.ca\/#website\",\"url\":\"https:\/\/www.wheelchairbasketball.ca\/\",\"name\":\"Wheelchair Basketball Canada\",\"description\":\"Real Life. Real Sport.\",\"potentialAction\":[{\"@type\":\"SearchAction\",\"target\":{\"@type\":\"EntryPoint\",\"urlTemplate\":\"https:\/\/www.wheelchairbasketball.ca\/?s={search_term_string}\"},\"query-input\":\"required name=search_term_string\"}],\"inLanguage\":\"fr-FR\"}]}<\/script>\n<!-- \/ Yoast SEO plugin. -->","yoast_head_json":{"title":"Le sport - Wheelchair Basketball Canada","robots":{"index":"index","follow":"follow","max-snippet":"max-snippet:-1","max-image-preview":"max-image-preview:large","max-video-preview":"max-video-preview:-1"},"canonical":"https:\/\/www.wheelchairbasketball.ca\/fr\/le-sport\/","og_locale":"fr_FR","og_type":"article","og_title":"Le sport - Wheelchair Basketball Canada","og_description":"\u00c0 propos du sport Chaque \u00e9quipe se compose de cinq joueurs et de sept rempla\u00e7ants. Le match comprend quatre p\u00e9riodes de dix minutes chacune. Apr\u00e8s les premi\u00e8re et troisi\u00e8me p\u00e9riodes, on compte un intervalle d&rsquo;une minute. Il y a un intervalle de 15 minutes entre les deuxi\u00e8me et troisi\u00e8me p\u00e9riodes. En cas d\u2019\u00e9galit\u00e9 des points [&hellip;]","og_url":"https:\/\/www.wheelchairbasketball.ca\/fr\/le-sport\/","og_site_name":"Wheelchair Basketball Canada","article_publisher":"http:\/\/www.facebook.com\/wheelchairbasketball","twitter_card":"summary_large_image","twitter_site":"@WCBballCanada","twitter_misc":{"Dur\u00e9e de lecture estim\u00e9e":"1 minute"},"schema":{"@context":"https:\/\/schema.org","@graph":[{"@type":"WebPage","@id":"https:\/\/www.wheelchairbasketball.ca\/fr\/le-sport\/","url":"https:\/\/www.wheelchairbasketball.ca\/fr\/le-sport\/","name":"Le sport - Wheelchair Basketball Canada","isPartOf":{"@id":"https:\/\/www.wheelchairbasketball.ca\/#website"},"datePublished":"2015-03-31T00:58:26+00:00","dateModified":"2015-03-31T00:58:26+00:00","breadcrumb":{"@id":"https:\/\/www.wheelchairbasketball.ca\/fr\/le-sport\/#breadcrumb"},"inLanguage":"fr-FR","potentialAction":[{"@type":"ReadAction","target":["https:\/\/www.wheelchairbasketball.ca\/fr\/le-sport\/"]}]},{"@type":"BreadcrumbList","@id":"https:\/\/www.wheelchairbasketball.ca\/fr\/le-sport\/#breadcrumb","itemListElement":[{"@type":"ListItem","position":1,"name":"Home","item":"https:\/\/www.wheelchairbasketball.ca\/fr\/"},{"@type":"ListItem","position":2,"name":"Le sport"}]},{"@type":"WebSite","@id":"https:\/\/www.wheelchairbasketball.ca\/#website","url":"https:\/\/www.wheelchairbasketball.ca\/","name":"Wheelchair Basketball Canada","description":"Real Life. Real Sport.","potentialAction":[{"@type":"SearchAction","target":{"@type":"EntryPoint","urlTemplate":"https:\/\/www.wheelchairbasketball.ca\/?s={search_term_string}"},"query-input":"required name=search_term_string"}],"inLanguage":"fr-FR"}]}},"_links":{"self":[{"href":"https:\/\/www.wheelchairbasketball.ca\/fr\/wp-json\/wp\/v2\/pages\/1204"}],"collection":[{"href":"https:\/\/www.wheelchairbasketball.ca\/fr\/wp-json\/wp\/v2\/pages"}],"about":[{"href":"https:\/\/www.wheelchairbasketball.ca\/fr\/wp-json\/wp\/v2\/types\/page"}],"author":[{"embeddable":true,"href":"https:\/\/www.wheelchairbasketball.ca\/fr\/wp-json\/wp\/v2\/users\/4"}],"replies":[{"embeddable":true,"href":"https:\/\/www.wheelchairbasketball.ca\/fr\/wp-json\/wp\/v2\/comments?post=1204"}],"version-history":[{"count":1,"href":"https:\/\/www.wheelchairbasketball.ca\/fr\/wp-json\/wp\/v2\/pages\/1204\/revisions"}],"predecessor-version":[{"id":1205,"href":"https:\/\/www.wheelchairbasketball.ca\/fr\/wp-json\/wp\/v2\/pages\/1204\/revisions\/1205"}],"wp:attachment":[{"href":"https:\/\/www.wheelchairbasketball.ca\/fr\/wp-json\/wp\/v2\/media?parent=1204"}],"curies":[{"name":"wp","href":"https:\/\/api.w.org\/{rel}","templated":true}]}}