{"id":1206,"date":"2015-03-31T01:00:36","date_gmt":"2015-03-31T01:00:36","guid":{"rendered":"https:\/\/www.wheelchairbasketball.ca\/?page_id=1206"},"modified":"2015-08-25T16:48:28","modified_gmt":"2015-08-25T16:48:28","slug":"a-propos-du-sport","status":"publish","type":"page","link":"https:\/\/www.wheelchairbasketball.ca\/fr\/le-sport\/a-propos-du-sport\/","title":{"rendered":"\u00c0 propos du sport"},"content":{"rendered":"<p>Le basketball en fauteuil roulant est un sport de comp\u00e9tition rapide et tr\u00e8s dynamique qui se dispute entre deux \u00e9quipes et dont l&rsquo;objet est de marquer dans le panier de l&rsquo;adversaire. Chaque \u00e9quipe se compose de cinq joueurs et de sept rempla\u00e7ants.<\/p>\n<h3>R\u00e8gles de base<\/h3>\n<p>Les r\u00e8gles de base du basketball en fauteuil roulant sont tr\u00e8s semblables \u00e0 celles du basketball debout. Par exemple, en ce qui concerne les dimensions du terrain, la hauteur du panier, la distance de la ligne de lancer franc, la ligne des trois points et autres, les m\u00eames mesures s\u2019appliquent que dans un jeu de basketball debout. En 1964, des r\u00e8gles internationales de base ont \u00e9t\u00e9 adopt\u00e9es compte tenu de l\u00e9g\u00e8res modifications afin de r\u00e9pondre aux besoins du sport pratiqu\u00e9 dans un fauteuil roulant.<\/p>\n<p>Le basketball en fauteuil roulant au Canada est jou\u00e9 selon les <a href=\"https:\/\/www.wheelchairbasketball.ca\/fr\/technique\/regles-iwbf\/\">r\u00e8gles de la F\u00e9d\u00e9ration internationale de basketball en fauteuil roulant (I.W.B.F.)<\/a>, qui ont \u00e9t\u00e9 modifi\u00e9es de celles de la F\u00e9d\u00e9ration internationale de basketball (FIBA).<\/p>\n<h4>Marquer des points<\/h4>\n<p>Un panier r\u00e9ussi est cr\u00e9dit\u00e9 comme suit \u00e0 l&rsquo;\u00e9quipe qui attaque le panier dans lequel le ballon a p\u00e9n\u00e9tr\u00e9 :<\/p>\n<ul>\n<li>un panier r\u00e9ussi \u00e0 la suite d&rsquo;un lancer franc compte un point;<\/li>\n<li>un panier r\u00e9ussi de la zone de panier \u00e0 deux points compte deux points;<\/li>\n<li>un panier r\u00e9ussi de la zone de panier \u00e0 trois points compte trois points.<\/li>\n<\/ul>\n<p>Chaque \u00e9quipe dispose de 24 secondes pour tenter de marquer un panier. Si l\u2019\u00e9quipe en possession du ballon d\u00e9passe ce d\u00e9lai, le ballon et le droit de jeu sont accord\u00e9s \u00e0 l\u2019\u00e9quipe adverse.<\/p>\n<h4>Dur\u00e9e<\/h4>\n<p>Conform\u00e9ment aux r\u00e8gles de l\u2019I.W.B.F., les matchs de basketball en fauteuil roulant se composent habituellement de quatre p\u00e9riodes de 10 minutes. Si les scores sont \u00e0 \u00e9galit\u00e9 \u00e0 la fin des quatre p\u00e9riodes, une prolongation de cinq minutes est jou\u00e9e. Si les scores demeurent \u00e0 \u00e9galit\u00e9 \u00e0 la fin de cette p\u00e9riode, des prolongations suppl\u00e9mentaires ont lieu jusqu\u2019\u00e0 ce qu\u2019un gagnant soit d\u00e9termin\u00e9.<\/p>\n<h4>Dribble<\/h4>\n<p>Un joueur peut faire avancer son fauteuil et bondir le ballon simultan\u00e9ment, cependant s\u2019il ramasse le ballon ou le place sur ses genoux, il ne peut pousser que deux fois avant d\u2019\u00eatre oblig\u00e9 de faire un tir, une passe ou de dribbler le ballon de nouveau. Il n\u2019y a pas de r\u00e8gle de double dribble en basketball en fauteuil roulant. \u00ab Marcher \u00bb est une infraction qui se produit lorsque le joueur fait plus de deux pouss\u00e9es sans dribbler quand il est en possession du ballon.\u00a0Il est interdit \u00e0 un joueur de toucher d&rsquo;un ou des deux pieds la surface de jeu.<\/p>\n<h4>Fautes et\u00a0infractions<\/h4>\n<p>Le fauteuil roulant est consid\u00e9r\u00e9 comme faisant partie du corps du joueur en ce qui concerne l\u2019\u00e9tablissement de responsabilit\u00e9 pour le contact sur le terrain de jeu en cas de charge, d\u2019obstruction, de hors-jeu et d\u2019autres infractions.<\/p>\n<p>Un attaquant ne peut pas rester dans la zone de lancer franc pendant plus de trois secondes.\u00a0Dans un jeu \u00e0 l\u2019int\u00e9rieur des limites, l\u2019attaquant ne peut pas se rendre dans la zone de lancer franc jusqu\u2019\u00e0 ce que l\u2019arbitre rende le ballon au joueur dans les limites.<\/p>\n<p>Outre les fautes techniques qui peuvent \u00eatre \u00e9valu\u00e9es de temps \u00e0 autre, comme au basketball debout, un joueur levant sa jambe pour obtenir un avantage ou se soulevant hors de son fauteuil \u00e9cope d\u2019une faute technique. Le joueur doit rester fermement assis dans son fauteuil et ne doit pas se servir de la partie inf\u00e9rieure de son corps pour se procurer un avantage indu.<\/p>\n<p>En cas de chute d\u2019un joueur de son fauteuil, un arbitre peut arr\u00eater le jeu si, de son avis, le joueur risque d\u2019\u00eatre bless\u00e9. Sinon, le jeu continue.<\/p>\n","protected":false},"excerpt":{"rendered":"Le basketball en fauteuil roulant est un sport de comp\u00e9tition rapide et tr\u00e8s dynamique qui se dispute entre deux \u00e9quipes et dont l&rsquo;objet est de marquer dans le panier de l&rsquo;adversaire. Chaque \u00e9quipe se compose de cinq joueurs et de sept rempla\u00e7ants. R\u00e8gles de base Les r\u00e8gles de base du basketball en fauteuil roulant sont [&hellip;]","protected":false},"author":4,"featured_media":21755,"parent":1204,"menu_order":1,"comment_status":"closed","ping_status":"closed","template":"","meta":{"om_disable_all_campaigns":false,"_monsterinsights_skip_tracking":false,"_monsterinsights_sitenote_active":false,"_monsterinsights_sitenote_note":"","_monsterinsights_sitenote_category":0,"footnotes":""},"acf":[],"yoast_head":"<!-- This site is optimized with the Yoast SEO plugin v21.9.1 - https:\/\/yoast.com\/wordpress\/plugins\/seo\/ -->\n<title>\u00c0 propos du sport - Wheelchair Basketball Canada<\/title>\n<meta name=\"robots\" content=\"index, follow, max-snippet:-1, max-image-preview:large, max-video-preview:-1\" \/>\n<link rel=\"canonical\" href=\"https:\/\/www.wheelchairbasketball.ca\/fr\/le-sport\/a-propos-du-sport\/\" \/>\n<meta property=\"og:locale\" content=\"fr_FR\" \/>\n<meta property=\"og:type\" content=\"article\" \/>\n<meta property=\"og:title\" content=\"\u00c0 propos du sport - Wheelchair Basketball Canada\" \/>\n<meta property=\"og:description\" content=\"Le basketball en fauteuil roulant est un sport de comp\u00e9tition rapide et tr\u00e8s dynamique qui se dispute entre deux \u00e9quipes et dont l&rsquo;objet est de marquer dans le panier de l&rsquo;adversaire. Chaque \u00e9quipe se compose de cinq joueurs et de sept rempla\u00e7ants. R\u00e8gles de base Les r\u00e8gles de base du basketball en fauteuil roulant sont [&hellip;]\" \/>\n<meta property=\"og:url\" content=\"https:\/\/www.wheelchairbasketball.ca\/fr\/le-sport\/a-propos-du-sport\/\" \/>\n<meta property=\"og:site_name\" content=\"Wheelchair Basketball Canada\" \/>\n<meta property=\"article:publisher\" content=\"http:\/\/www.facebook.com\/wheelchairbasketball\" \/>\n<meta property=\"article:modified_time\" content=\"2015-08-25T16:48:28+00:00\" \/>\n<meta property=\"og:image\" content=\"https:\/\/www.wheelchairbasketball.ca\/wp-content\/uploads\/2015\/03\/TheSport-FeatureImage.jpg\" \/>\n\t<meta property=\"og:image:width\" content=\"1400\" \/>\n\t<meta property=\"og:image:height\" content=\"600\" \/>\n\t<meta property=\"og:image:type\" content=\"image\/jpeg\" \/>\n<meta name=\"twitter:card\" content=\"summary_large_image\" \/>\n<meta name=\"twitter:site\" content=\"@WCBballCanada\" \/>\n<meta name=\"twitter:label1\" content=\"Dur\u00e9e de lecture estim\u00e9e\" \/>\n\t<meta name=\"twitter:data1\" content=\"3 minutes\" \/>\n<script type=\"application\/ld+json\" class=\"yoast-schema-graph\">{\"@context\":\"https:\/\/schema.org\",\"@graph\":[{\"@type\":\"WebPage\",\"@id\":\"https:\/\/www.wheelchairbasketball.ca\/fr\/le-sport\/a-propos-du-sport\/\",\"url\":\"https:\/\/www.wheelchairbasketball.ca\/fr\/le-sport\/a-propos-du-sport\/\",\"name\":\"\u00c0 propos du sport - Wheelchair Basketball Canada\",\"isPartOf\":{\"@id\":\"https:\/\/www.wheelchairbasketball.ca\/#website\"},\"datePublished\":\"2015-03-31T01:00:36+00:00\",\"dateModified\":\"2015-08-25T16:48:28+00:00\",\"breadcrumb\":{\"@id\":\"https:\/\/www.wheelchairbasketball.ca\/fr\/le-sport\/a-propos-du-sport\/#breadcrumb\"},\"inLanguage\":\"fr-FR\",\"potentialAction\":[{\"@type\":\"ReadAction\",\"target\":[\"https:\/\/www.wheelchairbasketball.ca\/fr\/le-sport\/a-propos-du-sport\/\"]}]},{\"@type\":\"BreadcrumbList\",\"@id\":\"https:\/\/www.wheelchairbasketball.ca\/fr\/le-sport\/a-propos-du-sport\/#breadcrumb\",\"itemListElement\":[{\"@type\":\"ListItem\",\"position\":1,\"name\":\"Home\",\"item\":\"https:\/\/www.wheelchairbasketball.ca\/fr\/\"},{\"@type\":\"ListItem\",\"position\":2,\"name\":\"Le sport\",\"item\":\"https:\/\/www.wheelchairbasketball.ca\/fr\/le-sport\/\"},{\"@type\":\"ListItem\",\"position\":3,\"name\":\"\u00c0 propos du sport\"}]},{\"@type\":\"WebSite\",\"@id\":\"https:\/\/www.wheelchairbasketball.ca\/#website\",\"url\":\"https:\/\/www.wheelchairbasketball.ca\/\",\"name\":\"Wheelchair Basketball Canada\",\"description\":\"Real Life. Real Sport.\",\"potentialAction\":[{\"@type\":\"SearchAction\",\"target\":{\"@type\":\"EntryPoint\",\"urlTemplate\":\"https:\/\/www.wheelchairbasketball.ca\/?s={search_term_string}\"},\"query-input\":\"required name=search_term_string\"}],\"inLanguage\":\"fr-FR\"}]}<\/script>\n<!-- \/ Yoast SEO plugin. -->","yoast_head_json":{"title":"\u00c0 propos du sport - Wheelchair Basketball Canada","robots":{"index":"index","follow":"follow","max-snippet":"max-snippet:-1","max-image-preview":"max-image-preview:large","max-video-preview":"max-video-preview:-1"},"canonical":"https:\/\/www.wheelchairbasketball.ca\/fr\/le-sport\/a-propos-du-sport\/","og_locale":"fr_FR","og_type":"article","og_title":"\u00c0 propos du sport - Wheelchair Basketball Canada","og_description":"Le basketball en fauteuil roulant est un sport de comp\u00e9tition rapide et tr\u00e8s dynamique qui se dispute entre deux \u00e9quipes et dont l&rsquo;objet est de marquer dans le panier de l&rsquo;adversaire. Chaque \u00e9quipe se compose de cinq joueurs et de sept rempla\u00e7ants. R\u00e8gles de base Les r\u00e8gles de base du basketball en fauteuil roulant sont [&hellip;]","og_url":"https:\/\/www.wheelchairbasketball.ca\/fr\/le-sport\/a-propos-du-sport\/","og_site_name":"Wheelchair Basketball Canada","article_publisher":"http:\/\/www.facebook.com\/wheelchairbasketball","article_modified_time":"2015-08-25T16:48:28+00:00","og_image":[{"width":1400,"height":600,"url":"https:\/\/www.wheelchairbasketball.ca\/wp-content\/uploads\/2015\/03\/TheSport-FeatureImage.jpg","type":"image\/jpeg"}],"twitter_card":"summary_large_image","twitter_site":"@WCBballCanada","twitter_misc":{"Dur\u00e9e de lecture estim\u00e9e":"3 minutes"},"schema":{"@context":"https:\/\/schema.org","@graph":[{"@type":"WebPage","@id":"https:\/\/www.wheelchairbasketball.ca\/fr\/le-sport\/a-propos-du-sport\/","url":"https:\/\/www.wheelchairbasketball.ca\/fr\/le-sport\/a-propos-du-sport\/","name":"\u00c0 propos du sport - Wheelchair Basketball Canada","isPartOf":{"@id":"https:\/\/www.wheelchairbasketball.ca\/#website"},"datePublished":"2015-03-31T01:00:36+00:00","dateModified":"2015-08-25T16:48:28+00:00","breadcrumb":{"@id":"https:\/\/www.wheelchairbasketball.ca\/fr\/le-sport\/a-propos-du-sport\/#breadcrumb"},"inLanguage":"fr-FR","potentialAction":[{"@type":"ReadAction","target":["https:\/\/www.wheelchairbasketball.ca\/fr\/le-sport\/a-propos-du-sport\/"]}]},{"@type":"BreadcrumbList","@id":"https:\/\/www.wheelchairbasketball.ca\/fr\/le-sport\/a-propos-du-sport\/#breadcrumb","itemListElement":[{"@type":"ListItem","position":1,"name":"Home","item":"https:\/\/www.wheelchairbasketball.ca\/fr\/"},{"@type":"ListItem","position":2,"name":"Le sport","item":"https:\/\/www.wheelchairbasketball.ca\/fr\/le-sport\/"},{"@type":"ListItem","position":3,"name":"\u00c0 propos du sport"}]},{"@type":"WebSite","@id":"https:\/\/www.wheelchairbasketball.ca\/#website","url":"https:\/\/www.wheelchairbasketball.ca\/","name":"Wheelchair Basketball Canada","description":"Real Life. Real Sport.","potentialAction":[{"@type":"SearchAction","target":{"@type":"EntryPoint","urlTemplate":"https:\/\/www.wheelchairbasketball.ca\/?s={search_term_string}"},"query-input":"required name=search_term_string"}],"inLanguage":"fr-FR"}]}},"_links":{"self":[{"href":"https:\/\/www.wheelchairbasketball.ca\/fr\/wp-json\/wp\/v2\/pages\/1206"}],"collection":[{"href":"https:\/\/www.wheelchairbasketball.ca\/fr\/wp-json\/wp\/v2\/pages"}],"about":[{"href":"https:\/\/www.wheelchairbasketball.ca\/fr\/wp-json\/wp\/v2\/types\/page"}],"author":[{"embeddable":true,"href":"https:\/\/www.wheelchairbasketball.ca\/fr\/wp-json\/wp\/v2\/users\/4"}],"replies":[{"embeddable":true,"href":"https:\/\/www.wheelchairbasketball.ca\/fr\/wp-json\/wp\/v2\/comments?post=1206"}],"version-history":[{"count":6,"href":"https:\/\/www.wheelchairbasketball.ca\/fr\/wp-json\/wp\/v2\/pages\/1206\/revisions"}],"predecessor-version":[{"id":4761,"href":"https:\/\/www.wheelchairbasketball.ca\/fr\/wp-json\/wp\/v2\/pages\/1206\/revisions\/4761"}],"up":[{"embeddable":true,"href":"https:\/\/www.wheelchairbasketball.ca\/fr\/wp-json\/wp\/v2\/pages\/1204"}],"wp:featuredmedia":[{"embeddable":true,"href":"https:\/\/www.wheelchairbasketball.ca\/fr\/wp-json\/wp\/v2\/media\/21755"}],"wp:attachment":[{"href":"https:\/\/www.wheelchairbasketball.ca\/fr\/wp-json\/wp\/v2\/media?parent=1206"}],"curies":[{"name":"wp","href":"https:\/\/api.w.org\/{rel}","templated":true}]}}