{"id":1208,"date":"2015-03-31T01:12:13","date_gmt":"2015-03-31T01:12:13","guid":{"rendered":"https:\/\/www.wheelchairbasketball.ca\/?page_id=1208"},"modified":"2024-11-20T14:28:36","modified_gmt":"2024-11-20T14:28:36","slug":"participation","status":"publish","type":"page","link":"https:\/\/www.wheelchairbasketball.ca\/fr\/le-sport\/participation\/","title":{"rendered":"Participation"},"content":{"rendered":"<p>Basketball en fauteuil roulant Canada offre des programmes et des services \u00e0 toute personne qui souhaite participer au sport du basketball en fauteuil roulant. Basketball en fauteuil roulant Canada encourage et invite la participation \u00e0 titre de joueurs, d\u2019entra\u00eeneurs, d\u2019officiels ou de b\u00e9n\u00e9voles.<\/p>\n<h3>Athl\u00e8tes<\/h3>\n<p>Basketball en fauteuil roulant Canada s\u2019engage \u00e0 offrir aux athl\u00e8tes ayant une d\u00e9ficience l\u2019occasion de participer dans un programme sportif pleinement int\u00e9gr\u00e9, au niveau souhait\u00e9. Nous favorisons la croissance aux niveaux de l\u2019initiation, du d\u00e9veloppement, de la comp\u00e9tition et de l\u2019\u00e9lite et offrons des programmes pour les jeunes, les femmes et les hommes.<\/p>\n<blockquote><p><em><strong>Le basketball en fauteuil roulant est v\u00e9ritablement un sport pour tous!<\/strong><\/em><\/p><\/blockquote>\n<p>Nous croyons que l\u2019inclusion est essentielle pour parvenir \u00e0 l\u2019\u00e9quit\u00e9 et assurer l\u2019acc\u00e8s au sport et, par cons\u00e9quent, nous pr\u00e9conisons le concept du \u00ab sport pour tous \u00bb, encourageant les athl\u00e8tes ayant une d\u00e9ficience et les athl\u00e8tes physiquement aptes \u00e0 concourir ensemble sur un m\u00eame terrain de basketball en vertu d\u2019un syst\u00e8me de classification. Ce syst\u00e8me permet une comp\u00e9tition juste et \u00e9quitable pour tous.<\/p>\n<p><strong>Trouvez le\u00a0club le plus proche de vous pour participer! &gt; <a href=\"https:\/\/www.wheelchairbasketball.ca\/fr\/programmes\/trouver-un-club\/\">Trouvez un club<\/a><\/strong><\/p>\n<h3>Entra\u00eeneurs et officiels<\/h3>\n<p>Les personnes qui souhaitent s&rsquo;engager dans le sport du basketball en fauteuil roulant comme entra\u00eeneur ou officiel devraient\u00a0contacter leur <a href=\"https:\/\/www.wheelchairbasketball.ca\/fr\/a-propos-de-nous\/nos-membres\/\">organisme provincial de sport<\/a> pour participer au niveau local. Plus de renseignements pour les <a href=\"https:\/\/www.wheelchairbasketball.ca\/fr\/technique\/pnce\/\">entra\u00eeneurs <\/a>et les <a href=\"https:\/\/www.wheelchairbasketball.ca\/fr\/technique\/coin-des-officiels\/\">officiels<\/a> est aussi disponible sur notre site Web.<\/p>\n<h3>B\u00e9n\u00e9voles<\/h3>\n<p>Est-ce que vous aimez le basketball en fauteuil roulant et souhaiteriez acqu\u00e9rir de l\u2019exp\u00e9rience comme b\u00e9n\u00e9vole d\u2019un organisme national de sport? De temps \u00e0 autre, nous offrons des occasions de b\u00e9n\u00e9volat dans les domaines de la planification d\u2019\u00e9v\u00e9nements, des m\u00e9dias, du marketing et des communications, du marquage de points, de la vid\u00e9ographie et autres. Contactez <a href=\"m&#97;&#105;&#x6c;&#x74;o&#58;&#105;&#x6e;&#x66;&#x6f;&#64;&#119;&#104;&#x65;&#x65;lc&#104;&#x61;&#x69;&#x72;b&#97;&#115;&#x6b;&#x65;tb&#97;&#x6c;&#x6c;&#x2e;c&#97;\">&#x69;&#x6e;&#x66;&#x6f;&#64;&#119;hee&#x6c;&#x63;&#x68;&#x61;&#105;&#114;bas&#x6b;&#x65;&#x74;&#x62;&#97;&#108;&#108;&#46;c&#x61;<\/a> pour plus de renseignements sur le b\u00e9n\u00e9volat.<\/p>\n","protected":false},"excerpt":{"rendered":"Basketball en fauteuil roulant Canada offre des programmes et des services \u00e0 toute personne qui souhaite participer au sport du basketball en fauteuil roulant. Basketball en fauteuil roulant Canada encourage et invite la participation \u00e0 titre de joueurs, d\u2019entra\u00eeneurs, d\u2019officiels ou de b\u00e9n\u00e9voles. Athl\u00e8tes Basketball en fauteuil roulant Canada s\u2019engage \u00e0 offrir aux athl\u00e8tes ayant [&hellip;]","protected":false},"author":4,"featured_media":11124,"parent":1204,"menu_order":2,"comment_status":"closed","ping_status":"closed","template":"","meta":{"om_disable_all_campaigns":false,"_monsterinsights_skip_tracking":false,"_monsterinsights_sitenote_active":false,"_monsterinsights_sitenote_note":"","_monsterinsights_sitenote_category":0,"footnotes":""},"acf":[],"yoast_head":"<!-- This site is optimized with the Yoast SEO plugin v21.9.1 - https:\/\/yoast.com\/wordpress\/plugins\/seo\/ -->\n<title>Participation - Wheelchair Basketball Canada<\/title>\n<meta name=\"robots\" content=\"index, follow, max-snippet:-1, max-image-preview:large, max-video-preview:-1\" \/>\n<link rel=\"canonical\" href=\"https:\/\/www.wheelchairbasketball.ca\/fr\/le-sport\/participation\/\" \/>\n<meta property=\"og:locale\" content=\"fr_FR\" \/>\n<meta property=\"og:type\" content=\"article\" \/>\n<meta property=\"og:title\" content=\"Participation - Wheelchair Basketball Canada\" \/>\n<meta property=\"og:description\" content=\"Basketball en fauteuil roulant Canada offre des programmes et des services \u00e0 toute personne qui souhaite participer au sport du basketball en fauteuil roulant. Basketball en fauteuil roulant Canada encourage et invite la participation \u00e0 titre de joueurs, d\u2019entra\u00eeneurs, d\u2019officiels ou de b\u00e9n\u00e9voles. Athl\u00e8tes Basketball en fauteuil roulant Canada s\u2019engage \u00e0 offrir aux athl\u00e8tes ayant [&hellip;]\" \/>\n<meta property=\"og:url\" content=\"https:\/\/www.wheelchairbasketball.ca\/fr\/le-sport\/participation\/\" \/>\n<meta property=\"og:site_name\" content=\"Wheelchair Basketball Canada\" \/>\n<meta property=\"article:publisher\" content=\"http:\/\/www.facebook.com\/wheelchairbasketball\" \/>\n<meta property=\"article:modified_time\" content=\"2024-11-20T14:28:36+00:00\" \/>\n<meta property=\"og:image\" content=\"https:\/\/www.wheelchairbasketball.ca\/wp-content\/uploads\/2015\/03\/GetInvolved-Feature-Image.jpg\" \/>\n\t<meta property=\"og:image:width\" content=\"1400\" \/>\n\t<meta property=\"og:image:height\" content=\"600\" \/>\n\t<meta property=\"og:image:type\" content=\"image\/jpeg\" \/>\n<meta name=\"twitter:card\" content=\"summary_large_image\" \/>\n<meta name=\"twitter:site\" content=\"@WCBballCanada\" \/>\n<meta name=\"twitter:label1\" content=\"Dur\u00e9e de lecture estim\u00e9e\" \/>\n\t<meta name=\"twitter:data1\" content=\"2 minutes\" \/>\n<script type=\"application\/ld+json\" class=\"yoast-schema-graph\">{\"@context\":\"https:\/\/schema.org\",\"@graph\":[{\"@type\":\"WebPage\",\"@id\":\"https:\/\/www.wheelchairbasketball.ca\/fr\/le-sport\/participation\/\",\"url\":\"https:\/\/www.wheelchairbasketball.ca\/fr\/le-sport\/participation\/\",\"name\":\"Participation - Wheelchair Basketball Canada\",\"isPartOf\":{\"@id\":\"https:\/\/www.wheelchairbasketball.ca\/#website\"},\"datePublished\":\"2015-03-31T01:12:13+00:00\",\"dateModified\":\"2024-11-20T14:28:36+00:00\",\"breadcrumb\":{\"@id\":\"https:\/\/www.wheelchairbasketball.ca\/fr\/le-sport\/participation\/#breadcrumb\"},\"inLanguage\":\"fr-FR\",\"potentialAction\":[{\"@type\":\"ReadAction\",\"target\":[\"https:\/\/www.wheelchairbasketball.ca\/fr\/le-sport\/participation\/\"]}]},{\"@type\":\"BreadcrumbList\",\"@id\":\"https:\/\/www.wheelchairbasketball.ca\/fr\/le-sport\/participation\/#breadcrumb\",\"itemListElement\":[{\"@type\":\"ListItem\",\"position\":1,\"name\":\"Home\",\"item\":\"https:\/\/www.wheelchairbasketball.ca\/fr\/\"},{\"@type\":\"ListItem\",\"position\":2,\"name\":\"Le sport\",\"item\":\"https:\/\/www.wheelchairbasketball.ca\/fr\/le-sport\/\"},{\"@type\":\"ListItem\",\"position\":3,\"name\":\"Participation\"}]},{\"@type\":\"WebSite\",\"@id\":\"https:\/\/www.wheelchairbasketball.ca\/#website\",\"url\":\"https:\/\/www.wheelchairbasketball.ca\/\",\"name\":\"Wheelchair Basketball Canada\",\"description\":\"Real Life. Real Sport.\",\"potentialAction\":[{\"@type\":\"SearchAction\",\"target\":{\"@type\":\"EntryPoint\",\"urlTemplate\":\"https:\/\/www.wheelchairbasketball.ca\/?s={search_term_string}\"},\"query-input\":\"required name=search_term_string\"}],\"inLanguage\":\"fr-FR\"}]}<\/script>\n<!-- \/ Yoast SEO plugin. -->","yoast_head_json":{"title":"Participation - Wheelchair Basketball Canada","robots":{"index":"index","follow":"follow","max-snippet":"max-snippet:-1","max-image-preview":"max-image-preview:large","max-video-preview":"max-video-preview:-1"},"canonical":"https:\/\/www.wheelchairbasketball.ca\/fr\/le-sport\/participation\/","og_locale":"fr_FR","og_type":"article","og_title":"Participation - Wheelchair Basketball Canada","og_description":"Basketball en fauteuil roulant Canada offre des programmes et des services \u00e0 toute personne qui souhaite participer au sport du basketball en fauteuil roulant. Basketball en fauteuil roulant Canada encourage et invite la participation \u00e0 titre de joueurs, d\u2019entra\u00eeneurs, d\u2019officiels ou de b\u00e9n\u00e9voles. Athl\u00e8tes Basketball en fauteuil roulant Canada s\u2019engage \u00e0 offrir aux athl\u00e8tes ayant [&hellip;]","og_url":"https:\/\/www.wheelchairbasketball.ca\/fr\/le-sport\/participation\/","og_site_name":"Wheelchair Basketball Canada","article_publisher":"http:\/\/www.facebook.com\/wheelchairbasketball","article_modified_time":"2024-11-20T14:28:36+00:00","og_image":[{"width":1400,"height":600,"url":"https:\/\/www.wheelchairbasketball.ca\/wp-content\/uploads\/2015\/03\/GetInvolved-Feature-Image.jpg","type":"image\/jpeg"}],"twitter_card":"summary_large_image","twitter_site":"@WCBballCanada","twitter_misc":{"Dur\u00e9e de lecture estim\u00e9e":"2 minutes"},"schema":{"@context":"https:\/\/schema.org","@graph":[{"@type":"WebPage","@id":"https:\/\/www.wheelchairbasketball.ca\/fr\/le-sport\/participation\/","url":"https:\/\/www.wheelchairbasketball.ca\/fr\/le-sport\/participation\/","name":"Participation - Wheelchair Basketball Canada","isPartOf":{"@id":"https:\/\/www.wheelchairbasketball.ca\/#website"},"datePublished":"2015-03-31T01:12:13+00:00","dateModified":"2024-11-20T14:28:36+00:00","breadcrumb":{"@id":"https:\/\/www.wheelchairbasketball.ca\/fr\/le-sport\/participation\/#breadcrumb"},"inLanguage":"fr-FR","potentialAction":[{"@type":"ReadAction","target":["https:\/\/www.wheelchairbasketball.ca\/fr\/le-sport\/participation\/"]}]},{"@type":"BreadcrumbList","@id":"https:\/\/www.wheelchairbasketball.ca\/fr\/le-sport\/participation\/#breadcrumb","itemListElement":[{"@type":"ListItem","position":1,"name":"Home","item":"https:\/\/www.wheelchairbasketball.ca\/fr\/"},{"@type":"ListItem","position":2,"name":"Le sport","item":"https:\/\/www.wheelchairbasketball.ca\/fr\/le-sport\/"},{"@type":"ListItem","position":3,"name":"Participation"}]},{"@type":"WebSite","@id":"https:\/\/www.wheelchairbasketball.ca\/#website","url":"https:\/\/www.wheelchairbasketball.ca\/","name":"Wheelchair Basketball Canada","description":"Real Life. Real Sport.","potentialAction":[{"@type":"SearchAction","target":{"@type":"EntryPoint","urlTemplate":"https:\/\/www.wheelchairbasketball.ca\/?s={search_term_string}"},"query-input":"required name=search_term_string"}],"inLanguage":"fr-FR"}]}},"_links":{"self":[{"href":"https:\/\/www.wheelchairbasketball.ca\/fr\/wp-json\/wp\/v2\/pages\/1208"}],"collection":[{"href":"https:\/\/www.wheelchairbasketball.ca\/fr\/wp-json\/wp\/v2\/pages"}],"about":[{"href":"https:\/\/www.wheelchairbasketball.ca\/fr\/wp-json\/wp\/v2\/types\/page"}],"author":[{"embeddable":true,"href":"https:\/\/www.wheelchairbasketball.ca\/fr\/wp-json\/wp\/v2\/users\/4"}],"replies":[{"embeddable":true,"href":"https:\/\/www.wheelchairbasketball.ca\/fr\/wp-json\/wp\/v2\/comments?post=1208"}],"version-history":[{"count":8,"href":"https:\/\/www.wheelchairbasketball.ca\/fr\/wp-json\/wp\/v2\/pages\/1208\/revisions"}],"predecessor-version":[{"id":22067,"href":"https:\/\/www.wheelchairbasketball.ca\/fr\/wp-json\/wp\/v2\/pages\/1208\/revisions\/22067"}],"up":[{"embeddable":true,"href":"https:\/\/www.wheelchairbasketball.ca\/fr\/wp-json\/wp\/v2\/pages\/1204"}],"wp:featuredmedia":[{"embeddable":true,"href":"https:\/\/www.wheelchairbasketball.ca\/fr\/wp-json\/wp\/v2\/media\/11124"}],"wp:attachment":[{"href":"https:\/\/www.wheelchairbasketball.ca\/fr\/wp-json\/wp\/v2\/media?parent=1208"}],"curies":[{"name":"wp","href":"https:\/\/api.w.org\/{rel}","templated":true}]}}