{"id":1210,"date":"2015-03-31T01:07:55","date_gmt":"2015-03-31T01:07:55","guid":{"rendered":"https:\/\/www.wheelchairbasketball.ca\/?page_id=1210"},"modified":"2015-03-31T01:07:55","modified_gmt":"2015-03-31T01:07:55","slug":"programmes","status":"publish","type":"page","link":"https:\/\/www.wheelchairbasketball.ca\/fr\/programmes\/","title":{"rendered":"Programmes"},"content":{"rendered":"<h2>Aper\u00e7u \u2013 niveau national<\/h2>\n<p>Basketball en fauteuil roulant Canada a le plaisir d\u2019offrir des programmes \u00e0 toute personne int\u00e9ress\u00e9e \u00e0 jouer au basketball en fauteuil roulant. On encourage et invite la participation \u00e0 titre de joueurs, d\u2019entra\u00eeneurs, d\u2019officiels ou de b\u00e9n\u00e9voles.<\/p>\n<p>En partenariat avec ses provinces et clubs membres, Basketball en fauteuil roulant Canada organise des [Championnats nationaux] masculins et f\u00e9minins et des Championnats de club nationaux [masculins] et [f\u00e9minins]. BFRC pr\u00e9sente aussi un certain nombre d\u2019\u00e9v\u00e9nements de [basketball junior et de mini-basketball], dont les Championnats juniors Est et Ouest, les Championnats nationaux juniors et les Championnats r\u00e9gionaux de mini-basketball.<\/p>\n<p>Nous nous engageons \u00e0 donner aux athl\u00e8tes handicap\u00e9s l\u2019occasion de participer \u00e0 un programme de sport pleinement int\u00e9gr\u00e9 au niveau qu\u2019ils choisissent. BFRC favorise la croissance aux niveaux de l\u2019initiation, du d\u00e9veloppement, de la comp\u00e9tition et de l\u2019\u00e9lite et offre des programmes aux jeunes, aux femmes et aux hommes.<\/p>\n<p><strong>Sport pour tous<\/strong><\/p>\n<p>BFRC croit que l\u2019inclusion est essentielle en vue de parvenir \u00e0 l\u2019\u00e9quit\u00e9 et l\u2019acc\u00e8s dans le sport et, par cons\u00e9quent, pr\u00f4ne le concept du \u00ab sport pour tous \u00bb, encourageant les athl\u00e8tes handicap\u00e9s et non handicap\u00e9s \u00e0 concourir ensemble sur le m\u00eame terrain de jeu en vertu d\u2018un syst\u00e8me de classification. Ce syst\u00e8me permet une comp\u00e9tition juste et \u00e9quitable pour tous.<\/p>\n<p><strong>Contr\u00f4le de dopage<\/strong><\/p>\n<p>Basketball en fauteuil roulant Canada pr\u00e9conise la tenue de comp\u00e9titions justes, \u00e9quitables et exemptes de substances interdites. Nous travaillons conjointement avec le Centre canadien pour l&rsquo;\u00e9thique dans le sport et respectons les r\u00e8glements \u00e9nonc\u00e9s dans le Programme canadien antidopage. Plus de renseignements sont fournis sur la page [Contr\u00f4le de dopage].<\/p>\n<p><strong>Financement et soutien<\/strong><\/p>\n<p>Basketball en fauteuil roulant Canada ne pourrait r\u00e9ussir sans le soutien de nombreux groupes. Nous travaillons en \u00e9troite collaboration avec Canada Basketball et le Comit\u00e9 paralympique canadien (CPC) pour nous assurer que les athl\u00e8tes ont acc\u00e8s \u00e0 tous les renseignements et le soutien qui sont offerts. Sport Canada offre une aide financi\u00e8re aux programmes de Basketball en fauteuil roulant Canada par l\u2019interm\u00e9diaire de Canada Basketball.<\/p>\n<p>Nous vous remercions de votre int\u00e9r\u00eat et vous invitons \u00e0 <a title=\"Contactez-nous\" href=\"https:\/\/www.wheelchairbasketball.ca\/fr\/a-propos-de-nous\/contactez-nous\/\">[nous contacter] <\/a>pour plus de renseignements.<\/p>\n","protected":false},"excerpt":{"rendered":"Aper\u00e7u \u2013 niveau national Basketball en fauteuil roulant Canada a le plaisir d\u2019offrir des programmes \u00e0 toute personne int\u00e9ress\u00e9e \u00e0 jouer au basketball en fauteuil roulant. On encourage et invite la participation \u00e0 titre de joueurs, d\u2019entra\u00eeneurs, d\u2019officiels ou de b\u00e9n\u00e9voles. En partenariat avec ses provinces et clubs membres, Basketball en fauteuil roulant Canada organise [&hellip;]","protected":false},"author":4,"featured_media":0,"parent":0,"menu_order":11,"comment_status":"closed","ping_status":"closed","template":"","meta":{"om_disable_all_campaigns":false,"_monsterinsights_skip_tracking":false,"_monsterinsights_sitenote_active":false,"_monsterinsights_sitenote_note":"","_monsterinsights_sitenote_category":0,"footnotes":""},"acf":[],"yoast_head":"<!-- This site is optimized with the Yoast SEO plugin v21.9.1 - https:\/\/yoast.com\/wordpress\/plugins\/seo\/ -->\n<title>Programmes - Wheelchair Basketball Canada<\/title>\n<meta name=\"robots\" content=\"index, follow, max-snippet:-1, max-image-preview:large, max-video-preview:-1\" \/>\n<link rel=\"canonical\" href=\"https:\/\/www.wheelchairbasketball.ca\/fr\/programmes\/\" \/>\n<meta property=\"og:locale\" content=\"fr_FR\" \/>\n<meta property=\"og:type\" content=\"article\" \/>\n<meta property=\"og:title\" content=\"Programmes - Wheelchair Basketball Canada\" \/>\n<meta property=\"og:description\" content=\"Aper\u00e7u \u2013 niveau national Basketball en fauteuil roulant Canada a le plaisir d\u2019offrir des programmes \u00e0 toute personne int\u00e9ress\u00e9e \u00e0 jouer au basketball en fauteuil roulant. On encourage et invite la participation \u00e0 titre de joueurs, d\u2019entra\u00eeneurs, d\u2019officiels ou de b\u00e9n\u00e9voles. En partenariat avec ses provinces et clubs membres, Basketball en fauteuil roulant Canada organise [&hellip;]\" \/>\n<meta property=\"og:url\" content=\"https:\/\/www.wheelchairbasketball.ca\/fr\/programmes\/\" \/>\n<meta property=\"og:site_name\" content=\"Wheelchair Basketball Canada\" \/>\n<meta property=\"article:publisher\" content=\"http:\/\/www.facebook.com\/wheelchairbasketball\" \/>\n<meta name=\"twitter:card\" content=\"summary_large_image\" \/>\n<meta name=\"twitter:site\" content=\"@WCBballCanada\" \/>\n<meta name=\"twitter:label1\" content=\"Dur\u00e9e de lecture estim\u00e9e\" \/>\n\t<meta name=\"twitter:data1\" content=\"2 minutes\" \/>\n<script type=\"application\/ld+json\" class=\"yoast-schema-graph\">{\"@context\":\"https:\/\/schema.org\",\"@graph\":[{\"@type\":\"WebPage\",\"@id\":\"https:\/\/www.wheelchairbasketball.ca\/fr\/programmes\/\",\"url\":\"https:\/\/www.wheelchairbasketball.ca\/fr\/programmes\/\",\"name\":\"Programmes - Wheelchair Basketball Canada\",\"isPartOf\":{\"@id\":\"https:\/\/www.wheelchairbasketball.ca\/#website\"},\"datePublished\":\"2015-03-31T01:07:55+00:00\",\"dateModified\":\"2015-03-31T01:07:55+00:00\",\"breadcrumb\":{\"@id\":\"https:\/\/www.wheelchairbasketball.ca\/fr\/programmes\/#breadcrumb\"},\"inLanguage\":\"fr-FR\",\"potentialAction\":[{\"@type\":\"ReadAction\",\"target\":[\"https:\/\/www.wheelchairbasketball.ca\/fr\/programmes\/\"]}]},{\"@type\":\"BreadcrumbList\",\"@id\":\"https:\/\/www.wheelchairbasketball.ca\/fr\/programmes\/#breadcrumb\",\"itemListElement\":[{\"@type\":\"ListItem\",\"position\":1,\"name\":\"Home\",\"item\":\"https:\/\/www.wheelchairbasketball.ca\/fr\/\"},{\"@type\":\"ListItem\",\"position\":2,\"name\":\"Programmes\"}]},{\"@type\":\"WebSite\",\"@id\":\"https:\/\/www.wheelchairbasketball.ca\/#website\",\"url\":\"https:\/\/www.wheelchairbasketball.ca\/\",\"name\":\"Wheelchair Basketball Canada\",\"description\":\"Real Life. Real Sport.\",\"potentialAction\":[{\"@type\":\"SearchAction\",\"target\":{\"@type\":\"EntryPoint\",\"urlTemplate\":\"https:\/\/www.wheelchairbasketball.ca\/?s={search_term_string}\"},\"query-input\":\"required name=search_term_string\"}],\"inLanguage\":\"fr-FR\"}]}<\/script>\n<!-- \/ Yoast SEO plugin. -->","yoast_head_json":{"title":"Programmes - Wheelchair Basketball Canada","robots":{"index":"index","follow":"follow","max-snippet":"max-snippet:-1","max-image-preview":"max-image-preview:large","max-video-preview":"max-video-preview:-1"},"canonical":"https:\/\/www.wheelchairbasketball.ca\/fr\/programmes\/","og_locale":"fr_FR","og_type":"article","og_title":"Programmes - Wheelchair Basketball Canada","og_description":"Aper\u00e7u \u2013 niveau national Basketball en fauteuil roulant Canada a le plaisir d\u2019offrir des programmes \u00e0 toute personne int\u00e9ress\u00e9e \u00e0 jouer au basketball en fauteuil roulant. On encourage et invite la participation \u00e0 titre de joueurs, d\u2019entra\u00eeneurs, d\u2019officiels ou de b\u00e9n\u00e9voles. En partenariat avec ses provinces et clubs membres, Basketball en fauteuil roulant Canada organise [&hellip;]","og_url":"https:\/\/www.wheelchairbasketball.ca\/fr\/programmes\/","og_site_name":"Wheelchair Basketball Canada","article_publisher":"http:\/\/www.facebook.com\/wheelchairbasketball","twitter_card":"summary_large_image","twitter_site":"@WCBballCanada","twitter_misc":{"Dur\u00e9e de lecture estim\u00e9e":"2 minutes"},"schema":{"@context":"https:\/\/schema.org","@graph":[{"@type":"WebPage","@id":"https:\/\/www.wheelchairbasketball.ca\/fr\/programmes\/","url":"https:\/\/www.wheelchairbasketball.ca\/fr\/programmes\/","name":"Programmes - Wheelchair Basketball Canada","isPartOf":{"@id":"https:\/\/www.wheelchairbasketball.ca\/#website"},"datePublished":"2015-03-31T01:07:55+00:00","dateModified":"2015-03-31T01:07:55+00:00","breadcrumb":{"@id":"https:\/\/www.wheelchairbasketball.ca\/fr\/programmes\/#breadcrumb"},"inLanguage":"fr-FR","potentialAction":[{"@type":"ReadAction","target":["https:\/\/www.wheelchairbasketball.ca\/fr\/programmes\/"]}]},{"@type":"BreadcrumbList","@id":"https:\/\/www.wheelchairbasketball.ca\/fr\/programmes\/#breadcrumb","itemListElement":[{"@type":"ListItem","position":1,"name":"Home","item":"https:\/\/www.wheelchairbasketball.ca\/fr\/"},{"@type":"ListItem","position":2,"name":"Programmes"}]},{"@type":"WebSite","@id":"https:\/\/www.wheelchairbasketball.ca\/#website","url":"https:\/\/www.wheelchairbasketball.ca\/","name":"Wheelchair Basketball Canada","description":"Real Life. Real Sport.","potentialAction":[{"@type":"SearchAction","target":{"@type":"EntryPoint","urlTemplate":"https:\/\/www.wheelchairbasketball.ca\/?s={search_term_string}"},"query-input":"required name=search_term_string"}],"inLanguage":"fr-FR"}]}},"_links":{"self":[{"href":"https:\/\/www.wheelchairbasketball.ca\/fr\/wp-json\/wp\/v2\/pages\/1210"}],"collection":[{"href":"https:\/\/www.wheelchairbasketball.ca\/fr\/wp-json\/wp\/v2\/pages"}],"about":[{"href":"https:\/\/www.wheelchairbasketball.ca\/fr\/wp-json\/wp\/v2\/types\/page"}],"author":[{"embeddable":true,"href":"https:\/\/www.wheelchairbasketball.ca\/fr\/wp-json\/wp\/v2\/users\/4"}],"replies":[{"embeddable":true,"href":"https:\/\/www.wheelchairbasketball.ca\/fr\/wp-json\/wp\/v2\/comments?post=1210"}],"version-history":[{"count":1,"href":"https:\/\/www.wheelchairbasketball.ca\/fr\/wp-json\/wp\/v2\/pages\/1210\/revisions"}],"predecessor-version":[{"id":1211,"href":"https:\/\/www.wheelchairbasketball.ca\/fr\/wp-json\/wp\/v2\/pages\/1210\/revisions\/1211"}],"wp:attachment":[{"href":"https:\/\/www.wheelchairbasketball.ca\/fr\/wp-json\/wp\/v2\/media?parent=1210"}],"curies":[{"name":"wp","href":"https:\/\/api.w.org\/{rel}","templated":true}]}}