{"id":1213,"date":"2015-03-31T01:33:44","date_gmt":"2015-03-31T01:33:44","guid":{"rendered":"https:\/\/www.wheelchairbasketball.ca\/?page_id=1213"},"modified":"2015-03-31T01:33:44","modified_gmt":"2015-03-31T01:33:44","slug":"regles-de-base","status":"publish","type":"page","link":"https:\/\/www.wheelchairbasketball.ca\/fr\/le-sport\/regles-de-base\/","title":{"rendered":"R\u00e8gles de base"},"content":{"rendered":"<p>Les r\u00e8gles de base du basketball en fauteuil roulant sont tr\u00e8s semblables \u00e0 celles du basketball debout (par exemple, en ce qui concerne la hauteur du panier, la distance de la ligne de lancer franc, la ligne des trois points et autres, les m\u00eames mesures s\u2019appliquent que dans un jeu de basketball debout), mais au fil du temps, elles ont aussi \u00e9volu\u00e9. En 1964, des r\u00e8gles internationales de base ont \u00e9t\u00e9 adopt\u00e9es compte tenu de l\u00e9g\u00e8res modifications afin de r\u00e9pondre aux besoins du sport pratiqu\u00e9 dans un fauteuil roulant.<\/p>\n<p>\u00c0 l\u2019origine, les participants \u00e9taient principalement des personnes atteintes d&rsquo;une l\u00e9sion de la moelle \u00e9pini\u00e8re ou qui avaient souffert de polio. Ce ne fut que vers la fin des ann\u00e9es 70 que la communaut\u00e9 du basketball en fauteuil roulant a d\u00e9cid\u00e9 d&rsquo;autoriser et d&rsquo;encourager les personnes ayant d&rsquo;autres d\u00e9ficiences \u00e0 y participer.<\/p>\n<p>Le basketball en fauteuil roulant au Canada est jou\u00e9 selon les r\u00e8gles de la F\u00e9d\u00e9ration internationale de basketball en fauteuil roulant (I.W.B.F.), qui ont \u00e9t\u00e9 modifi\u00e9es de celles de la F\u00e9d\u00e9ration internationale de basketball (FIBA). Quelques adaptations ont \u00e9t\u00e9 apport\u00e9es pour le jeu dans les diff\u00e9rentes divisions de la Ligue canadienne de basketball en fauteuil roulant (LCBFR) dans le but d\u2019encourager le d\u00e9veloppement. Certaines \u00e9quipes au Canada jouent dans une ligue r\u00e9gie par la National Wheelchair Basketball Association (NWBA), qui est l\u2019\u00e9quivalent am\u00e9ricain de Basketball en fauteuil roulant Canada. Les r\u00e8gles utilis\u00e9es pour ce jeu sont modifi\u00e9s de celles employ\u00e9es dans les jeux de ligue de la National Collegiate Athletic Association (NCAA).<\/p>\n<h2>Dribble<\/h2>\n<p>Un joueur peut faire avancer son fauteuil et bondir le ballon simultan\u00e9ment, cependant s\u2019il ramasse le ballon ou le place sur ses genoux, il ne peut pousser que deux fois avant d\u2019\u00eatre oblig\u00e9 de faire un tir, une passe ou de dribbler le ballon de nouveau. Il n\u2019y a pas de r\u00e8gle de double dribble en basketball en fauteuil roulant. \u00ab Marcher \u00bb est une infraction qui se produit lorsque le joueur fait plus de deux pouss\u00e9es sans dribbler quand il est en possession du ballon.<\/p>\n<h2>Restrictions du fauteuil<\/h2>\n<p>Le fauteuil roulant, principale composante de l\u2019\u00e9quipement du jeu, a \u00e9volu\u00e9 au rythme de la croissance du sport. Au d\u00e9but, les joueurs se servaient du fauteuil roulant typique en acier inoxydable, pourvu de repose-pieds et d\u2019appuie-bras et pesant environ 30 lb. Aujourd\u2019hui, les fauteuils roulants sont l\u00e9gers et a\u00e9rodynamiques afin de favoriser la vitesse et l\u2019agilit\u00e9 et offrent de nombreuses particularit\u00e9s techniques de pointe qui facilitent la participation au sport.<br \/>\n<a href=\"https:\/\/www.wheelchairbasketball.ca\/wp-content\/uploads\/2015\/03\/WheelchairMeasurements-window.jpg\"><img loading=\"lazy\" decoding=\"async\" class=\" size-full wp-image-618 alignnone\" src=\"https:\/\/www.wheelchairbasketball.ca\/wp-content\/uploads\/2015\/03\/WheelchairMeasurements-window.jpg\" alt=\"WheelchairMeasurements-window\" width=\"458\" height=\"299\" srcset=\"https:\/\/www.wheelchairbasketball.ca\/wp-content\/uploads\/2015\/03\/WheelchairMeasurements-window.jpg 458w, https:\/\/www.wheelchairbasketball.ca\/wp-content\/uploads\/2015\/03\/WheelchairMeasurements-window-300x196.jpg 300w\" sizes=\"(max-width: 458px) 100vw, 458px\" \/><\/a><\/p>\n<h2>Restrictions du fauteuil<\/h2>\n<p>Le fauteuil roulant est consid\u00e9r\u00e9 comme une pi\u00e8ce d\u2019\u00e9quipement dans le jeu et les restrictions suivantes s\u2019appliquent:<\/p>\n<ul>\n<li>la hauteur du si\u00e8ge ne peut pas d\u00e9passer 63 cm pour les athl\u00e8tes de cat\u00e9gories 1-3;<\/li>\n<li>la hauteur du si\u00e8ge ne peut pas d\u00e9passer 58 cm pour les athl\u00e8tes de cat\u00e9gories 3.5-4.5<\/li>\n<li>la barre avant doit \u00eatre 11cm;<\/li>\n<li>il doit y avoir du mat\u00e9riel de protection du sol sous l\u2019avant du fauteuil roulant;<\/li>\n<li>le fauteuil peut avoir 3 ou 4 roues et les grandes roues ne doivent pas d\u00e9passer 69 cm;<\/li>\n<li>il doit y avoir une main-courante sur chaque roue;<\/li>\n<li>les leviers de direction, les freins ou les engrenages ne sont pas permis sur le fauteuil;<\/li>\n<li>les pneus \u00e0 air noirs ne sont pas permis;<\/li>\n<li>les pneus \u00e0 air qui marquez le plancher ne sont pas permis;<\/li>\n<li>les appuie-bras et les autres soutiens ne peuvent d\u00e9passer la ligne des jambes ou du corps du joueur dans une position assise naturelle.<\/li>\n<li>la barre horizontale au dos du fauteuil roulant (dossier) doit \u00eatre rembourr\u00e9e pour pr\u00e9venir les blessures.<\/li>\n<\/ul>\n<h2>Fautes<\/h2>\n<p>Le fauteuil roulant est consid\u00e9r\u00e9 comme faisant partie du corps du joueur en ce qui concerne l\u2019\u00e9tablissement de responsabilit\u00e9 pour le contact sur le terrain de jeu en cas de charge, d\u2019obstruction, de hors-jeu et d\u2019autres infractions.<\/p>\n<p>Un attaquant ne peut pas rester dans la zone de lancer franc pendant plus de trois secondes.<\/p>\n<p>Outre les fautes techniques qui peuvent \u00eatre \u00e9valu\u00e9es de temps \u00e0 autre, comme au basketball debout, un joueur levant sa jambe pour obtenir un avantage ou se soulevant hors de son fauteuil \u00e9cope d\u2019une faute technique. Le joueur doit rester fermement assis dans son fauteuil et ne doit pas se servir de la partie inf\u00e9rieure de son corps pour se procurer un avantage indu. En cas de chute d\u2019un joueur de son fauteuil, un arbitre peut arr\u00eater le jeu si, de son avis, le joueur risque d\u2019\u00eatre bless\u00e9. Sinon, le jeu continue.<\/p>\n<p>Dans un jeu \u00e0 l\u2019int\u00e9rieur des limites, l\u2019attaquant ne peut pas se rendre dans la zone de lancer franc jusqu\u2019\u00e0 ce que l\u2019arbitre rende le ballon au joueur dans les limites.<\/p>\n<h2>Dur\u00e9e<\/h2>\n<p>Conform\u00e9ment aux r\u00e8gles de l\u2019IWBF, les matchs de basketball en fauteuil roulant se composent habituellement de quatre (4) p\u00e9riodes de 10 minutes. Si les scores sont \u00e0 \u00e9galit\u00e9 \u00e0 la fin des quatre p\u00e9riodes, une prolongation de cinq (5) minutes est jou\u00e9e. Si les scores demeurent \u00e0 \u00e9galit\u00e9 \u00e0 la fin de cette p\u00e9riode, des prolongations suppl\u00e9mentaires ont lieu jusqu\u2019\u00e0 ce qu\u2019un gagnant soit d\u00e9termin\u00e9.<\/p>\n<h2>Le Terrain<\/h2>\n<p><a href=\"https:\/\/www.wheelchairbasketball.ca\/wp-content\/uploads\/2015\/03\/FIBACourt-landscape.jpg\"><img loading=\"lazy\" decoding=\"async\" class=\" size-full wp-image-619 alignnone\" src=\"https:\/\/www.wheelchairbasketball.ca\/wp-content\/uploads\/2015\/03\/FIBACourt-landscape.jpg\" alt=\"FIBACourt-landscape\" width=\"458\" height=\"299\" srcset=\"https:\/\/www.wheelchairbasketball.ca\/wp-content\/uploads\/2015\/03\/FIBACourt-landscape.jpg 458w, https:\/\/www.wheelchairbasketball.ca\/wp-content\/uploads\/2015\/03\/FIBACourt-landscape-300x196.jpg 300w\" sizes=\"(max-width: 458px) 100vw, 458px\" \/><\/a><\/p>\n<p>Le basketball en fauteuil roulant se joue sur le m\u00eame terrain que le basketball debout (par exemple, la hauteur du panier, la distance \u00e0 la ligne de lancer franc, la ligne des trois points, etc., sont exactement les m\u00eames). Pour la comp\u00e9tition internationale, tous les r\u00e8glements de la FIBA relatifs au terrain sont respect\u00e9s. Certaines des mesures standard de la FIBA sont les suivantes :<\/p>\n<p><strong>Dimensions du terrain:<\/strong> 28 m\u00e8tres (de long) sur 15 m\u00e8tres (de large)<br \/>\n<strong>Ligne des trois points:<\/strong> 6,75 m\u00e8tres (\u00e0 partir du panier)<br \/>\n<strong>Hauteur du panier:<\/strong> 3.04 m\u00e8tres (10&prime;) <\/p>\n","protected":false},"excerpt":{"rendered":"Les r\u00e8gles de base du basketball en fauteuil roulant sont tr\u00e8s semblables \u00e0 celles du basketball debout (par exemple, en ce qui concerne la hauteur du panier, la distance de la ligne de lancer franc, la ligne des trois points et autres, les m\u00eames mesures s\u2019appliquent que dans un jeu de basketball debout), mais au [&hellip;]","protected":false},"author":4,"featured_media":0,"parent":1204,"menu_order":3,"comment_status":"closed","ping_status":"closed","template":"","meta":{"om_disable_all_campaigns":false,"_monsterinsights_skip_tracking":false,"_monsterinsights_sitenote_active":false,"_monsterinsights_sitenote_note":"","_monsterinsights_sitenote_category":0,"footnotes":""},"acf":[],"yoast_head":"<!-- This site is optimized with the Yoast SEO plugin v21.9.1 - https:\/\/yoast.com\/wordpress\/plugins\/seo\/ -->\n<title>R\u00e8gles de base - Wheelchair Basketball Canada<\/title>\n<meta name=\"robots\" content=\"index, follow, max-snippet:-1, max-image-preview:large, max-video-preview:-1\" \/>\n<link rel=\"canonical\" href=\"https:\/\/www.wheelchairbasketball.ca\/fr\/le-sport\/regles-de-base\/\" \/>\n<meta property=\"og:locale\" content=\"fr_FR\" \/>\n<meta property=\"og:type\" content=\"article\" \/>\n<meta property=\"og:title\" content=\"R\u00e8gles de base - Wheelchair Basketball Canada\" \/>\n<meta property=\"og:description\" content=\"Les r\u00e8gles de base du basketball en fauteuil roulant sont tr\u00e8s semblables \u00e0 celles du basketball debout (par exemple, en ce qui concerne la hauteur du panier, la distance de la ligne de lancer franc, la ligne des trois points et autres, les m\u00eames mesures s\u2019appliquent que dans un jeu de basketball debout), mais au [&hellip;]\" \/>\n<meta property=\"og:url\" content=\"https:\/\/www.wheelchairbasketball.ca\/fr\/le-sport\/regles-de-base\/\" \/>\n<meta property=\"og:site_name\" content=\"Wheelchair Basketball Canada\" \/>\n<meta property=\"article:publisher\" content=\"http:\/\/www.facebook.com\/wheelchairbasketball\" \/>\n<meta property=\"og:image\" content=\"https:\/\/www.wheelchairbasketball.ca\/wp-content\/uploads\/2015\/03\/WheelchairMeasurements-window.jpg\" \/>\n<meta name=\"twitter:card\" content=\"summary_large_image\" \/>\n<meta name=\"twitter:site\" content=\"@WCBballCanada\" \/>\n<meta name=\"twitter:label1\" content=\"Dur\u00e9e de lecture estim\u00e9e\" \/>\n\t<meta name=\"twitter:data1\" content=\"5 minutes\" \/>\n<script type=\"application\/ld+json\" class=\"yoast-schema-graph\">{\"@context\":\"https:\/\/schema.org\",\"@graph\":[{\"@type\":\"WebPage\",\"@id\":\"https:\/\/www.wheelchairbasketball.ca\/fr\/le-sport\/regles-de-base\/\",\"url\":\"https:\/\/www.wheelchairbasketball.ca\/fr\/le-sport\/regles-de-base\/\",\"name\":\"R\u00e8gles de base - Wheelchair Basketball Canada\",\"isPartOf\":{\"@id\":\"https:\/\/www.wheelchairbasketball.ca\/#website\"},\"datePublished\":\"2015-03-31T01:33:44+00:00\",\"dateModified\":\"2015-03-31T01:33:44+00:00\",\"breadcrumb\":{\"@id\":\"https:\/\/www.wheelchairbasketball.ca\/fr\/le-sport\/regles-de-base\/#breadcrumb\"},\"inLanguage\":\"fr-FR\",\"potentialAction\":[{\"@type\":\"ReadAction\",\"target\":[\"https:\/\/www.wheelchairbasketball.ca\/fr\/le-sport\/regles-de-base\/\"]}]},{\"@type\":\"BreadcrumbList\",\"@id\":\"https:\/\/www.wheelchairbasketball.ca\/fr\/le-sport\/regles-de-base\/#breadcrumb\",\"itemListElement\":[{\"@type\":\"ListItem\",\"position\":1,\"name\":\"Home\",\"item\":\"https:\/\/www.wheelchairbasketball.ca\/fr\/\"},{\"@type\":\"ListItem\",\"position\":2,\"name\":\"Le sport\",\"item\":\"https:\/\/www.wheelchairbasketball.ca\/fr\/le-sport\/\"},{\"@type\":\"ListItem\",\"position\":3,\"name\":\"R\u00e8gles de base\"}]},{\"@type\":\"WebSite\",\"@id\":\"https:\/\/www.wheelchairbasketball.ca\/#website\",\"url\":\"https:\/\/www.wheelchairbasketball.ca\/\",\"name\":\"Wheelchair Basketball Canada\",\"description\":\"Real Life. Real Sport.\",\"potentialAction\":[{\"@type\":\"SearchAction\",\"target\":{\"@type\":\"EntryPoint\",\"urlTemplate\":\"https:\/\/www.wheelchairbasketball.ca\/?s={search_term_string}\"},\"query-input\":\"required name=search_term_string\"}],\"inLanguage\":\"fr-FR\"}]}<\/script>\n<!-- \/ Yoast SEO plugin. -->","yoast_head_json":{"title":"R\u00e8gles de base - Wheelchair Basketball Canada","robots":{"index":"index","follow":"follow","max-snippet":"max-snippet:-1","max-image-preview":"max-image-preview:large","max-video-preview":"max-video-preview:-1"},"canonical":"https:\/\/www.wheelchairbasketball.ca\/fr\/le-sport\/regles-de-base\/","og_locale":"fr_FR","og_type":"article","og_title":"R\u00e8gles de base - Wheelchair Basketball Canada","og_description":"Les r\u00e8gles de base du basketball en fauteuil roulant sont tr\u00e8s semblables \u00e0 celles du basketball debout (par exemple, en ce qui concerne la hauteur du panier, la distance de la ligne de lancer franc, la ligne des trois points et autres, les m\u00eames mesures s\u2019appliquent que dans un jeu de basketball debout), mais au [&hellip;]","og_url":"https:\/\/www.wheelchairbasketball.ca\/fr\/le-sport\/regles-de-base\/","og_site_name":"Wheelchair Basketball Canada","article_publisher":"http:\/\/www.facebook.com\/wheelchairbasketball","og_image":[{"url":"https:\/\/www.wheelchairbasketball.ca\/wp-content\/uploads\/2015\/03\/WheelchairMeasurements-window.jpg"}],"twitter_card":"summary_large_image","twitter_site":"@WCBballCanada","twitter_misc":{"Dur\u00e9e de lecture estim\u00e9e":"5 minutes"},"schema":{"@context":"https:\/\/schema.org","@graph":[{"@type":"WebPage","@id":"https:\/\/www.wheelchairbasketball.ca\/fr\/le-sport\/regles-de-base\/","url":"https:\/\/www.wheelchairbasketball.ca\/fr\/le-sport\/regles-de-base\/","name":"R\u00e8gles de base - Wheelchair Basketball Canada","isPartOf":{"@id":"https:\/\/www.wheelchairbasketball.ca\/#website"},"datePublished":"2015-03-31T01:33:44+00:00","dateModified":"2015-03-31T01:33:44+00:00","breadcrumb":{"@id":"https:\/\/www.wheelchairbasketball.ca\/fr\/le-sport\/regles-de-base\/#breadcrumb"},"inLanguage":"fr-FR","potentialAction":[{"@type":"ReadAction","target":["https:\/\/www.wheelchairbasketball.ca\/fr\/le-sport\/regles-de-base\/"]}]},{"@type":"BreadcrumbList","@id":"https:\/\/www.wheelchairbasketball.ca\/fr\/le-sport\/regles-de-base\/#breadcrumb","itemListElement":[{"@type":"ListItem","position":1,"name":"Home","item":"https:\/\/www.wheelchairbasketball.ca\/fr\/"},{"@type":"ListItem","position":2,"name":"Le sport","item":"https:\/\/www.wheelchairbasketball.ca\/fr\/le-sport\/"},{"@type":"ListItem","position":3,"name":"R\u00e8gles de base"}]},{"@type":"WebSite","@id":"https:\/\/www.wheelchairbasketball.ca\/#website","url":"https:\/\/www.wheelchairbasketball.ca\/","name":"Wheelchair Basketball Canada","description":"Real Life. Real Sport.","potentialAction":[{"@type":"SearchAction","target":{"@type":"EntryPoint","urlTemplate":"https:\/\/www.wheelchairbasketball.ca\/?s={search_term_string}"},"query-input":"required name=search_term_string"}],"inLanguage":"fr-FR"}]}},"_links":{"self":[{"href":"https:\/\/www.wheelchairbasketball.ca\/fr\/wp-json\/wp\/v2\/pages\/1213"}],"collection":[{"href":"https:\/\/www.wheelchairbasketball.ca\/fr\/wp-json\/wp\/v2\/pages"}],"about":[{"href":"https:\/\/www.wheelchairbasketball.ca\/fr\/wp-json\/wp\/v2\/types\/page"}],"author":[{"embeddable":true,"href":"https:\/\/www.wheelchairbasketball.ca\/fr\/wp-json\/wp\/v2\/users\/4"}],"replies":[{"embeddable":true,"href":"https:\/\/www.wheelchairbasketball.ca\/fr\/wp-json\/wp\/v2\/comments?post=1213"}],"version-history":[{"count":2,"href":"https:\/\/www.wheelchairbasketball.ca\/fr\/wp-json\/wp\/v2\/pages\/1213\/revisions"}],"predecessor-version":[{"id":1215,"href":"https:\/\/www.wheelchairbasketball.ca\/fr\/wp-json\/wp\/v2\/pages\/1213\/revisions\/1215"}],"up":[{"embeddable":true,"href":"https:\/\/www.wheelchairbasketball.ca\/fr\/wp-json\/wp\/v2\/pages\/1204"}],"wp:attachment":[{"href":"https:\/\/www.wheelchairbasketball.ca\/fr\/wp-json\/wp\/v2\/media?parent=1213"}],"curies":[{"name":"wp","href":"https:\/\/api.w.org\/{rel}","templated":true}]}}