{"id":1216,"date":"2015-03-31T01:42:31","date_gmt":"2015-03-31T01:42:31","guid":{"rendered":"https:\/\/www.wheelchairbasketball.ca\/?page_id=1216"},"modified":"2024-11-20T14:32:39","modified_gmt":"2024-11-20T14:32:39","slug":"equipement","status":"publish","type":"page","link":"https:\/\/www.wheelchairbasketball.ca\/fr\/le-sport\/equipement\/","title":{"rendered":"\u00c9quipement"},"content":{"rendered":"<p>Le basketball en fauteuil roulant n\u00e9cessite un minimum d\u2019\u00e9quipement. Pour s\u2019adonner \u00e0 ce sport d\u2019\u00e9quipe amusant, les athl\u00e8tes n\u2019ont besoin que d\u2019un fauteuil roulant de sport et d\u2019un ballon de basket.<\/p>\n<p>Le basketball en fauteuil roulant fauteuil roulant est habituellement jou\u00e9 en ar\u00e8ne ou gymnastique sur un terrain de basket, mais\u00a0peut \u00eatre jou\u00e9 \u00e0 l&rsquo;int\u00e9rieur ou dehors, n&rsquo;importe o\u00f9 leur est une surface plane et un filet.<\/p>\n<h3>Le fauteuil roulant<\/h3>\n<p><a href=\"https:\/\/www.wheelchairbasketball.ca\/wp-content\/uploads\/2015\/03\/PatAndersonChair-Portrait.jpg\"><img loading=\"lazy\" decoding=\"async\" class=\" size-full wp-image-623 alignright\" src=\"https:\/\/www.wheelchairbasketball.ca\/wp-content\/uploads\/2015\/03\/PatAndersonChair-Portrait.jpg\" alt=\"PatAndersonChair-Portrait\" width=\"200\" height=\"269\" \/><\/a>Le fauteuil roulant, principale composante de l&rsquo;\u00e9quipement du basketball en fauteuil roulant, a \u00e9volu\u00e9 au rythme de la croissance du sport. Au d\u00e9but, les joueurs se servaient du fauteuil roulant en acier inoxydable, pourvu de repose-pieds et d&rsquo;appuie-bras en pesant environ 30 lb. Aujourd&rsquo;hui, les fauteuils roulants sont l\u00e8gers et a\u00e9rodynamiques afin de favoriser la vitesse et l&rsquo;agilit\u00e9 et offrent de nombreuses particularit\u00e9s techniques de pointe qui facilitent la participation au sport.<\/p>\n<p>Pour la plupart, les fauteuils utilis\u00e9s en sport aujourd\u2019hui sont faits de titane ou de l\u2019aluminium employ\u00e9 dans la fabrication des avions. Ces fauteuils sont munies d\u2019une cinqui\u00e8me et\u00a0sixi\u00e8me roue pour plus de stabilit\u00e9 et de mobilit\u00e9. Le pare-choc avant est con\u00e7u pour ne pas s\u2019accrocher au ou \u00eatre retenu par le fauteuil de l\u2019adversaire. Le cambre, ou l\u2019angle \u00e0 la base de la roue, est le meilleur angle possible pour assurer la stabilit\u00e9 et permettre des virages rapides. Les fabricants remplacent de plus en plus les rayons d\u2019acier traditionnels des roues par des c\u00e2bles car ces derniers sont trois fois plus r\u00e9sistants et 50 % plus l\u00e9gers que l\u2019acier.<\/p>\n<p>Les fauteuils roulants de basketball haut de gamme sont co\u00fbteux; leur prix 5 000 $.<\/p>\n<h3>Le Ballon<\/h3>\n<p>Molten est le ballon de basketball officiel de la FIBA, utilis\u00e9 pour toutes les importantes comp\u00e9titions y compris les Jeux paralympiques et les Championnats du monde, ainsi que le la plupart des \u00e9v\u00e9nements nationaux tenus au Canada.<\/p>\n<p>&nbsp;<\/p>\n","protected":false},"excerpt":{"rendered":"Le basketball en fauteuil roulant n\u00e9cessite un minimum d\u2019\u00e9quipement. Pour s\u2019adonner \u00e0 ce sport d\u2019\u00e9quipe amusant, les athl\u00e8tes n\u2019ont besoin que d\u2019un fauteuil roulant de sport et d\u2019un ballon de basket. Le basketball en fauteuil roulant fauteuil roulant est habituellement jou\u00e9 en ar\u00e8ne ou gymnastique sur un terrain de basket, mais\u00a0peut \u00eatre jou\u00e9 \u00e0 l&rsquo;int\u00e9rieur [&hellip;]","protected":false},"author":4,"featured_media":21761,"parent":1204,"menu_order":3,"comment_status":"closed","ping_status":"closed","template":"","meta":{"om_disable_all_campaigns":false,"_monsterinsights_skip_tracking":false,"_monsterinsights_sitenote_active":false,"_monsterinsights_sitenote_note":"","_monsterinsights_sitenote_category":0,"footnotes":""},"acf":[],"yoast_head":"<!-- This site is optimized with the Yoast SEO plugin v21.9.1 - https:\/\/yoast.com\/wordpress\/plugins\/seo\/ -->\n<title>\u00c9quipement - Wheelchair Basketball Canada<\/title>\n<meta name=\"robots\" content=\"index, follow, max-snippet:-1, max-image-preview:large, max-video-preview:-1\" \/>\n<link rel=\"canonical\" href=\"https:\/\/www.wheelchairbasketball.ca\/fr\/le-sport\/equipement\/\" \/>\n<meta property=\"og:locale\" content=\"fr_FR\" \/>\n<meta property=\"og:type\" content=\"article\" \/>\n<meta property=\"og:title\" content=\"\u00c9quipement - Wheelchair Basketball Canada\" \/>\n<meta property=\"og:description\" content=\"Le basketball en fauteuil roulant n\u00e9cessite un minimum d\u2019\u00e9quipement. Pour s\u2019adonner \u00e0 ce sport d\u2019\u00e9quipe amusant, les athl\u00e8tes n\u2019ont besoin que d\u2019un fauteuil roulant de sport et d\u2019un ballon de basket. Le basketball en fauteuil roulant fauteuil roulant est habituellement jou\u00e9 en ar\u00e8ne ou gymnastique sur un terrain de basket, mais\u00a0peut \u00eatre jou\u00e9 \u00e0 l&rsquo;int\u00e9rieur [&hellip;]\" \/>\n<meta property=\"og:url\" content=\"https:\/\/www.wheelchairbasketball.ca\/fr\/le-sport\/equipement\/\" \/>\n<meta property=\"og:site_name\" content=\"Wheelchair Basketball Canada\" \/>\n<meta property=\"article:publisher\" content=\"http:\/\/www.facebook.com\/wheelchairbasketball\" \/>\n<meta property=\"article:modified_time\" content=\"2024-11-20T14:32:39+00:00\" \/>\n<meta property=\"og:image\" content=\"https:\/\/www.wheelchairbasketball.ca\/wp-content\/uploads\/2024\/10\/022023_MartinCaird047-1400x600-1.png\" \/>\n\t<meta property=\"og:image:width\" content=\"1400\" \/>\n\t<meta property=\"og:image:height\" content=\"600\" \/>\n\t<meta property=\"og:image:type\" content=\"image\/png\" \/>\n<meta name=\"twitter:card\" content=\"summary_large_image\" \/>\n<meta name=\"twitter:site\" content=\"@WCBballCanada\" \/>\n<meta name=\"twitter:label1\" content=\"Dur\u00e9e de lecture estim\u00e9e\" \/>\n\t<meta name=\"twitter:data1\" content=\"2 minutes\" \/>\n<script type=\"application\/ld+json\" class=\"yoast-schema-graph\">{\"@context\":\"https:\/\/schema.org\",\"@graph\":[{\"@type\":\"WebPage\",\"@id\":\"https:\/\/www.wheelchairbasketball.ca\/fr\/le-sport\/equipement\/\",\"url\":\"https:\/\/www.wheelchairbasketball.ca\/fr\/le-sport\/equipement\/\",\"name\":\"\u00c9quipement - Wheelchair Basketball Canada\",\"isPartOf\":{\"@id\":\"https:\/\/www.wheelchairbasketball.ca\/#website\"},\"datePublished\":\"2015-03-31T01:42:31+00:00\",\"dateModified\":\"2024-11-20T14:32:39+00:00\",\"breadcrumb\":{\"@id\":\"https:\/\/www.wheelchairbasketball.ca\/fr\/le-sport\/equipement\/#breadcrumb\"},\"inLanguage\":\"fr-FR\",\"potentialAction\":[{\"@type\":\"ReadAction\",\"target\":[\"https:\/\/www.wheelchairbasketball.ca\/fr\/le-sport\/equipement\/\"]}]},{\"@type\":\"BreadcrumbList\",\"@id\":\"https:\/\/www.wheelchairbasketball.ca\/fr\/le-sport\/equipement\/#breadcrumb\",\"itemListElement\":[{\"@type\":\"ListItem\",\"position\":1,\"name\":\"Home\",\"item\":\"https:\/\/www.wheelchairbasketball.ca\/fr\/\"},{\"@type\":\"ListItem\",\"position\":2,\"name\":\"Le sport\",\"item\":\"https:\/\/www.wheelchairbasketball.ca\/fr\/le-sport\/\"},{\"@type\":\"ListItem\",\"position\":3,\"name\":\"\u00c9quipement\"}]},{\"@type\":\"WebSite\",\"@id\":\"https:\/\/www.wheelchairbasketball.ca\/#website\",\"url\":\"https:\/\/www.wheelchairbasketball.ca\/\",\"name\":\"Wheelchair Basketball Canada\",\"description\":\"Real Life. Real Sport.\",\"potentialAction\":[{\"@type\":\"SearchAction\",\"target\":{\"@type\":\"EntryPoint\",\"urlTemplate\":\"https:\/\/www.wheelchairbasketball.ca\/?s={search_term_string}\"},\"query-input\":\"required name=search_term_string\"}],\"inLanguage\":\"fr-FR\"}]}<\/script>\n<!-- \/ Yoast SEO plugin. -->","yoast_head_json":{"title":"\u00c9quipement - Wheelchair Basketball Canada","robots":{"index":"index","follow":"follow","max-snippet":"max-snippet:-1","max-image-preview":"max-image-preview:large","max-video-preview":"max-video-preview:-1"},"canonical":"https:\/\/www.wheelchairbasketball.ca\/fr\/le-sport\/equipement\/","og_locale":"fr_FR","og_type":"article","og_title":"\u00c9quipement - Wheelchair Basketball Canada","og_description":"Le basketball en fauteuil roulant n\u00e9cessite un minimum d\u2019\u00e9quipement. Pour s\u2019adonner \u00e0 ce sport d\u2019\u00e9quipe amusant, les athl\u00e8tes n\u2019ont besoin que d\u2019un fauteuil roulant de sport et d\u2019un ballon de basket. Le basketball en fauteuil roulant fauteuil roulant est habituellement jou\u00e9 en ar\u00e8ne ou gymnastique sur un terrain de basket, mais\u00a0peut \u00eatre jou\u00e9 \u00e0 l&rsquo;int\u00e9rieur [&hellip;]","og_url":"https:\/\/www.wheelchairbasketball.ca\/fr\/le-sport\/equipement\/","og_site_name":"Wheelchair Basketball Canada","article_publisher":"http:\/\/www.facebook.com\/wheelchairbasketball","article_modified_time":"2024-11-20T14:32:39+00:00","og_image":[{"width":1400,"height":600,"url":"https:\/\/www.wheelchairbasketball.ca\/wp-content\/uploads\/2024\/10\/022023_MartinCaird047-1400x600-1.png","type":"image\/png"}],"twitter_card":"summary_large_image","twitter_site":"@WCBballCanada","twitter_misc":{"Dur\u00e9e de lecture estim\u00e9e":"2 minutes"},"schema":{"@context":"https:\/\/schema.org","@graph":[{"@type":"WebPage","@id":"https:\/\/www.wheelchairbasketball.ca\/fr\/le-sport\/equipement\/","url":"https:\/\/www.wheelchairbasketball.ca\/fr\/le-sport\/equipement\/","name":"\u00c9quipement - Wheelchair Basketball Canada","isPartOf":{"@id":"https:\/\/www.wheelchairbasketball.ca\/#website"},"datePublished":"2015-03-31T01:42:31+00:00","dateModified":"2024-11-20T14:32:39+00:00","breadcrumb":{"@id":"https:\/\/www.wheelchairbasketball.ca\/fr\/le-sport\/equipement\/#breadcrumb"},"inLanguage":"fr-FR","potentialAction":[{"@type":"ReadAction","target":["https:\/\/www.wheelchairbasketball.ca\/fr\/le-sport\/equipement\/"]}]},{"@type":"BreadcrumbList","@id":"https:\/\/www.wheelchairbasketball.ca\/fr\/le-sport\/equipement\/#breadcrumb","itemListElement":[{"@type":"ListItem","position":1,"name":"Home","item":"https:\/\/www.wheelchairbasketball.ca\/fr\/"},{"@type":"ListItem","position":2,"name":"Le sport","item":"https:\/\/www.wheelchairbasketball.ca\/fr\/le-sport\/"},{"@type":"ListItem","position":3,"name":"\u00c9quipement"}]},{"@type":"WebSite","@id":"https:\/\/www.wheelchairbasketball.ca\/#website","url":"https:\/\/www.wheelchairbasketball.ca\/","name":"Wheelchair Basketball Canada","description":"Real Life. Real Sport.","potentialAction":[{"@type":"SearchAction","target":{"@type":"EntryPoint","urlTemplate":"https:\/\/www.wheelchairbasketball.ca\/?s={search_term_string}"},"query-input":"required name=search_term_string"}],"inLanguage":"fr-FR"}]}},"_links":{"self":[{"href":"https:\/\/www.wheelchairbasketball.ca\/fr\/wp-json\/wp\/v2\/pages\/1216"}],"collection":[{"href":"https:\/\/www.wheelchairbasketball.ca\/fr\/wp-json\/wp\/v2\/pages"}],"about":[{"href":"https:\/\/www.wheelchairbasketball.ca\/fr\/wp-json\/wp\/v2\/types\/page"}],"author":[{"embeddable":true,"href":"https:\/\/www.wheelchairbasketball.ca\/fr\/wp-json\/wp\/v2\/users\/4"}],"replies":[{"embeddable":true,"href":"https:\/\/www.wheelchairbasketball.ca\/fr\/wp-json\/wp\/v2\/comments?post=1216"}],"version-history":[{"count":6,"href":"https:\/\/www.wheelchairbasketball.ca\/fr\/wp-json\/wp\/v2\/pages\/1216\/revisions"}],"predecessor-version":[{"id":22070,"href":"https:\/\/www.wheelchairbasketball.ca\/fr\/wp-json\/wp\/v2\/pages\/1216\/revisions\/22070"}],"up":[{"embeddable":true,"href":"https:\/\/www.wheelchairbasketball.ca\/fr\/wp-json\/wp\/v2\/pages\/1204"}],"wp:featuredmedia":[{"embeddable":true,"href":"https:\/\/www.wheelchairbasketball.ca\/fr\/wp-json\/wp\/v2\/media\/21761"}],"wp:attachment":[{"href":"https:\/\/www.wheelchairbasketball.ca\/fr\/wp-json\/wp\/v2\/media?parent=1216"}],"curies":[{"name":"wp","href":"https:\/\/api.w.org\/{rel}","templated":true}]}}