{"id":1218,"date":"2015-03-31T01:46:30","date_gmt":"2015-03-31T01:46:30","guid":{"rendered":"https:\/\/www.wheelchairbasketball.ca\/?page_id=1218"},"modified":"2024-10-22T21:01:33","modified_gmt":"2024-10-22T21:01:33","slug":"classification","status":"publish","type":"page","link":"https:\/\/www.wheelchairbasketball.ca\/fr\/le-sport\/classification\/","title":{"rendered":"Classification"},"content":{"rendered":"<p><span lang=\"FR-CA\">La plupart des personnes qui regardent une partie de basketball en fauteuil roulant deviennent imm\u00e9diatement captiv\u00e9es. Toutefois, une question se pose rapidement\u00a0: \u00ab\u00a0Comment est-ce que des athl\u00e8tes, qui ont des capacit\u00e9s fonctionnelles aussi diff\u00e9rentes, peuvent concourir les uns contre les autres assez \u00e9quitablement?<\/span><\/p>\n<p><span lang=\"FR-CA\">La classification est le processus par lequel la capacit\u00e9 fonctionnelle totale d\u2019une \u00e9quipe sur le terrain est \u00e9galis\u00e9e par rapport aux adversaires. Il s\u2019agit d\u2019une \u00e9valuation fonctionnelle qui tient compte des habilet\u00e9s de chaque joueur d\u2019ex\u00e9cuter des habilet\u00e9s propres au sport du basketball en fauteuil roulant, notamment le d\u00e9placement en fauteuil roulant, le dribble, la passe, la r\u00e9action au contact, le tir et le rebond.<\/span> Chaque joueur est ensuite attribu\u00e9 une valeur en points selon leur capacit\u00e9 fonctionnelle. Cette valeur en points d\u00e9termine la classification du joueur.<\/p>\n<p>Au Canada, les classifications respectent de fa\u00e7on tr\u00e8s \u00e9troite le syst\u00e8me international de classification et vont de 1,0 \u00e0 4,5. Les athl\u00e8tes de cat\u00e9gories inf\u00e9rieures sont plus limit\u00e9s dans leurs capacit\u00e9s fonctionnelles, tandis que les athl\u00e8tes de cat\u00e9gorie plus \u00e9lev\u00e9e ont peu ou pas de limites.<\/p>\n<p><strong>Vous voulez en savoir plus sur la classification?<\/strong><br \/>\nJetez un coup d\u2019\u0153il au <a href=\"https:\/\/lecasier.coach.ca\/onlinelearning#WB-ACM1-F\">cours d&rsquo;apprentissage en ligne<\/a>, comptant 7 modules, qui d\u00e9compose chaque cat\u00e9gorie de classification.Les entra\u00eeneurs certifi\u00e9s du PNCE obtiendront 1 point de perfectionnement personnel par module!<\/p>\n<p>\u00c0 la fin de ce cours, vous serez en mesure de\u202f:<\/p>\n<ul>\n<li>comprendre la philosophie de la classification et son processus;<\/li>\n<li>nommer les facteurs qui d\u00e9terminent la classification d\u2019un joueur;<\/li>\n<li>reconna\u00eetre les caract\u00e9ristiques de chacune des cat\u00e9gories.<\/li>\n<\/ul>\n<h3>Cat\u00e9gories<\/h3>\n<p>Les athl\u00e8tes de cat\u00e9gories 1,0 et 2,0 sont similaires puisqu\u2019ils n\u2019ont pas le contr\u00f4le de leur base assise. Par exemple, la plupart d\u2019entre eux ont besoin du soutien de l&rsquo;extr\u00e9mit\u00e9 sup\u00e9rieure pour se redresser dans leur fauteuil apr\u00e8s s\u2019\u00eatre pench\u00e9s en avant pour un dribble, une passe ou un tir.<\/p>\n<p>Les athl\u00e8tes de cat\u00e9gorie 1,0 sont g\u00e9n\u00e9ralement incapables de bouger le torse dans aucun sens. La plupart ne peuvent tourner le haut du corps par exemple pour recevoir une passe par\u2011dessus l\u2019\u00e9paule durant une contre\u2011attaque.<\/p>\n<p><a href=\"https:\/\/www.wheelchairbasketball.ca\/wp-content\/uploads\/2024\/01\/10-15-lignes-directrices-sur-les-sie\u0300ges.pdf\">LIGNES DIRECTRICES SUR LES SI\u00c8GES POUR LES CAT\u00c9GORIES 1,0-1,5<\/a><\/p>\n<p>Les athl\u00e8tes de cat\u00e9gorie 2,0 sont g\u00e9n\u00e9ralement capables de tourner le haut de leur corps sans utiliser leurs bras comme soutien, ce qui am\u00e9liore dans une large mesure leur capacit\u00e9 de surveiller le terrain, de recevoir des passes ou de tirer le ballon de diff\u00e9rentes directions.<\/p>\n<p><a href=\"https:\/\/www.wheelchairbasketball.ca\/wp-content\/uploads\/2024\/01\/20-25-lignes-directrices-sur-les-sie\u0300ges.pdf\">LIGNES DIRECTRICES SUR LES SI\u00c8GES POUR LES CAT\u00c9GORIES 2,0<\/a><\/p>\n<p>Les athl\u00e8tes de cat\u00e9gories 3,0 et 4,0 sont semblables, puisqu\u2019ils ont tous le contr\u00f4le de leur base assise.<\/p>\n<p>Les athl\u00e8tes de cat\u00e9gorie 3,0 sont g\u00e9n\u00e9ralement capables de tourner les \u00e9paules et de se pencher en avant sans difficult\u00e9. Ils peuvent par exemple dribbler le ballon bien en avant de leur fauteuil. Toutefois, ils ne peuvent se pencher sur le c\u00f4t\u00e9 et se redresser sans utiliser les bras comme soutien parce que la plupart d\u2019entre eux n\u2019ont pas la force n\u00e9cessaire dans les jambes pour le faire.<\/p>\n<p><a href=\"https:\/\/www.wheelchairbasketball.ca\/wp-content\/uploads\/2024\/01\/30-lignes-directrices-sur-les-sie\u0300ges.pdf\">LIGNES DIRECTRICES SUR LES SI\u00c8GES POUR LES CAT\u00c9GORIES 3,0<\/a><\/p>\n<p>Les athl\u00e8tes de cat\u00e9gorie 4,0 ont la mobilit\u00e9 de leur torse dans tous les sens. Ils sont facilement capables de se tourner, de se pencher en avant ainsi que de se pencher d\u2019un c\u00f4t\u00e9 au moins sans difficult\u00e9. Ces athl\u00e8tes peuvent se pencher de c\u00f4t\u00e9 pour disputer un tir, prot\u00e9ger le ballon contre un adversaire ou saisir un rebond. Les athl\u00e8tes de cat\u00e9gorie 4.0 se distinguent des athl\u00e8tes de cat\u00e9gorie 4,5, parce qu\u2019ils ne peuvent souvent pas se pencher de mani\u00e8re \u00e9gale des deux c\u00f4t\u00e9s, en raison de force limit\u00e9e dans une jambe.<\/p>\n<p><a href=\"https:\/\/www.wheelchairbasketball.ca\/wp-content\/uploads\/2024\/01\/35-4.0-lignes-directrices-sur-les-sie\u0300ges.pdf\">LIGNES DIRECTRICES SUR LES SI\u00c8GES POUR LES CAT\u00c9GORIES 3,5-4,0<\/a><\/p>\n<p><a href=\"https:\/\/www.wheelchairbasketball.ca\/wp-content\/uploads\/2024\/01\/45-lignes-directrices-sur-les-sie\u0300ges.pdf\">LIGNES DIRECTRICES SUR LES SI\u00c8GES POUR LES CAT\u00c9GORIES 4,5<\/a><\/p>\n<p>On peut se rendre compte de ce que c\u2019est d\u2019\u00eatre un athl\u00e8te de cat\u00e9gorie un ou deux en essayant de garder les genoux ensemble et soulev\u00e9s, en position assise sur une chaise. Dans cette position, il est presque impossible de se pencher en avant ou de c\u00f4t\u00e9. Le seul mouvement possible du tronc est la rotation des \u00e9paules.<\/p>\n<p>De m\u00eame, on peut se rendre compte de ce que c\u2019est d\u2019\u00eatre un athl\u00e8te de cat\u00e9gorie trois en pressant les genoux ensemble en position assise sur une chaise. Se pencher en avant et tourner le torse pour regarder derri\u00e8re soi sera assez facile, tandis que se pencher sur le c\u00f4t\u00e9 pour ramasser quelque chose par terre sera difficile sinon impossible.<\/p>\n<p>Parfois, un athl\u00e8te poss\u00e8de des caract\u00e9ristiques de deux cat\u00e9gories. Dans ces cas, une cat\u00e9gorie ,5 peut \u00eatre assign\u00e9e.<\/p>\n<h3>Classificateurs<\/h3>\n<p>Les classificateurs sont des officiels techniques certifi\u00e9s dont le r\u00f4le est d&rsquo;\u00e9valuer et attribuer les joueurs \u00e0 une classification. Les classificateurs sont un groupe de personnes qui connaissent bien le sport. Une formation m\u00e9dicale n\u2019est pas n\u00e9cessaire.<\/p>\n<p><a href=\"https:\/\/www.wheelchairbasketball.ca\/wp-content\/uploads\/2023\/03\/PROCE\u0301DURES-DE-CLASSIFICATION-DE\u0301CEMBRE-2019.docx\">Proc\u00e9dures pour classification<\/a><br \/>\n<a href=\"https:\/\/www.wheelchairbasketball.ca\/wp-content\/uploads\/2023\/03\/FORMULAIRE-DE-DEMANDE-DE-RECLASSIFICATION.doc\">Demande de reclassement <\/a><\/p>\n<p>Pour plus de renseignements sur la classification ou comment devenir un classificateur certifi\u00e9, veuillez communiquer avec le bureau national de Basketball en fauteuil roulant Canada.<\/p>\n","protected":false},"excerpt":{"rendered":"La plupart des personnes qui regardent une partie de basketball en fauteuil roulant deviennent imm\u00e9diatement captiv\u00e9es. Toutefois, une question se pose rapidement\u00a0: \u00ab\u00a0Comment est-ce que des athl\u00e8tes, qui ont des capacit\u00e9s fonctionnelles aussi diff\u00e9rentes, peuvent concourir les uns contre les autres assez \u00e9quitablement? La classification est le processus par lequel la capacit\u00e9 fonctionnelle totale d\u2019une [&hellip;]","protected":false},"author":4,"featured_media":21763,"parent":1204,"menu_order":4,"comment_status":"closed","ping_status":"closed","template":"","meta":{"om_disable_all_campaigns":false,"_monsterinsights_skip_tracking":false,"_monsterinsights_sitenote_active":false,"_monsterinsights_sitenote_note":"","_monsterinsights_sitenote_category":0,"footnotes":""},"acf":[],"yoast_head":"<!-- This site is optimized with the Yoast SEO plugin v21.9.1 - https:\/\/yoast.com\/wordpress\/plugins\/seo\/ -->\n<title>Classification - Wheelchair Basketball Canada<\/title>\n<meta name=\"robots\" content=\"index, follow, max-snippet:-1, max-image-preview:large, max-video-preview:-1\" \/>\n<link rel=\"canonical\" href=\"https:\/\/www.wheelchairbasketball.ca\/fr\/le-sport\/classification\/\" \/>\n<meta property=\"og:locale\" content=\"fr_FR\" \/>\n<meta property=\"og:type\" content=\"article\" \/>\n<meta property=\"og:title\" content=\"Classification - Wheelchair Basketball Canada\" \/>\n<meta property=\"og:description\" content=\"La plupart des personnes qui regardent une partie de basketball en fauteuil roulant deviennent imm\u00e9diatement captiv\u00e9es. Toutefois, une question se pose rapidement\u00a0: \u00ab\u00a0Comment est-ce que des athl\u00e8tes, qui ont des capacit\u00e9s fonctionnelles aussi diff\u00e9rentes, peuvent concourir les uns contre les autres assez \u00e9quitablement? La classification est le processus par lequel la capacit\u00e9 fonctionnelle totale d\u2019une [&hellip;]\" \/>\n<meta property=\"og:url\" content=\"https:\/\/www.wheelchairbasketball.ca\/fr\/le-sport\/classification\/\" \/>\n<meta property=\"og:site_name\" content=\"Wheelchair Basketball Canada\" \/>\n<meta property=\"article:publisher\" content=\"http:\/\/www.facebook.com\/wheelchairbasketball\" \/>\n<meta property=\"article:modified_time\" content=\"2024-10-22T21:01:33+00:00\" \/>\n<meta property=\"og:image\" content=\"https:\/\/www.wheelchairbasketball.ca\/wp-content\/uploads\/2024\/10\/Paris2024_MenWheelchairBasketball_Training-1108510-1400x600-1.png\" \/>\n\t<meta property=\"og:image:width\" content=\"1400\" \/>\n\t<meta property=\"og:image:height\" content=\"600\" \/>\n\t<meta property=\"og:image:type\" content=\"image\/png\" \/>\n<meta name=\"twitter:card\" content=\"summary_large_image\" \/>\n<meta name=\"twitter:site\" content=\"@WCBballCanada\" \/>\n<meta name=\"twitter:label1\" content=\"Dur\u00e9e de lecture estim\u00e9e\" \/>\n\t<meta name=\"twitter:data1\" content=\"4 minutes\" \/>\n<script type=\"application\/ld+json\" class=\"yoast-schema-graph\">{\"@context\":\"https:\/\/schema.org\",\"@graph\":[{\"@type\":\"WebPage\",\"@id\":\"https:\/\/www.wheelchairbasketball.ca\/fr\/le-sport\/classification\/\",\"url\":\"https:\/\/www.wheelchairbasketball.ca\/fr\/le-sport\/classification\/\",\"name\":\"Classification - Wheelchair Basketball Canada\",\"isPartOf\":{\"@id\":\"https:\/\/www.wheelchairbasketball.ca\/#website\"},\"datePublished\":\"2015-03-31T01:46:30+00:00\",\"dateModified\":\"2024-10-22T21:01:33+00:00\",\"breadcrumb\":{\"@id\":\"https:\/\/www.wheelchairbasketball.ca\/fr\/le-sport\/classification\/#breadcrumb\"},\"inLanguage\":\"fr-FR\",\"potentialAction\":[{\"@type\":\"ReadAction\",\"target\":[\"https:\/\/www.wheelchairbasketball.ca\/fr\/le-sport\/classification\/\"]}]},{\"@type\":\"BreadcrumbList\",\"@id\":\"https:\/\/www.wheelchairbasketball.ca\/fr\/le-sport\/classification\/#breadcrumb\",\"itemListElement\":[{\"@type\":\"ListItem\",\"position\":1,\"name\":\"Home\",\"item\":\"https:\/\/www.wheelchairbasketball.ca\/fr\/\"},{\"@type\":\"ListItem\",\"position\":2,\"name\":\"Le sport\",\"item\":\"https:\/\/www.wheelchairbasketball.ca\/fr\/le-sport\/\"},{\"@type\":\"ListItem\",\"position\":3,\"name\":\"Classification\"}]},{\"@type\":\"WebSite\",\"@id\":\"https:\/\/www.wheelchairbasketball.ca\/#website\",\"url\":\"https:\/\/www.wheelchairbasketball.ca\/\",\"name\":\"Wheelchair Basketball Canada\",\"description\":\"Real Life. Real Sport.\",\"potentialAction\":[{\"@type\":\"SearchAction\",\"target\":{\"@type\":\"EntryPoint\",\"urlTemplate\":\"https:\/\/www.wheelchairbasketball.ca\/?s={search_term_string}\"},\"query-input\":\"required name=search_term_string\"}],\"inLanguage\":\"fr-FR\"}]}<\/script>\n<!-- \/ Yoast SEO plugin. -->","yoast_head_json":{"title":"Classification - Wheelchair Basketball Canada","robots":{"index":"index","follow":"follow","max-snippet":"max-snippet:-1","max-image-preview":"max-image-preview:large","max-video-preview":"max-video-preview:-1"},"canonical":"https:\/\/www.wheelchairbasketball.ca\/fr\/le-sport\/classification\/","og_locale":"fr_FR","og_type":"article","og_title":"Classification - Wheelchair Basketball Canada","og_description":"La plupart des personnes qui regardent une partie de basketball en fauteuil roulant deviennent imm\u00e9diatement captiv\u00e9es. Toutefois, une question se pose rapidement\u00a0: \u00ab\u00a0Comment est-ce que des athl\u00e8tes, qui ont des capacit\u00e9s fonctionnelles aussi diff\u00e9rentes, peuvent concourir les uns contre les autres assez \u00e9quitablement? La classification est le processus par lequel la capacit\u00e9 fonctionnelle totale d\u2019une [&hellip;]","og_url":"https:\/\/www.wheelchairbasketball.ca\/fr\/le-sport\/classification\/","og_site_name":"Wheelchair Basketball Canada","article_publisher":"http:\/\/www.facebook.com\/wheelchairbasketball","article_modified_time":"2024-10-22T21:01:33+00:00","og_image":[{"width":1400,"height":600,"url":"https:\/\/www.wheelchairbasketball.ca\/wp-content\/uploads\/2024\/10\/Paris2024_MenWheelchairBasketball_Training-1108510-1400x600-1.png","type":"image\/png"}],"twitter_card":"summary_large_image","twitter_site":"@WCBballCanada","twitter_misc":{"Dur\u00e9e de lecture estim\u00e9e":"4 minutes"},"schema":{"@context":"https:\/\/schema.org","@graph":[{"@type":"WebPage","@id":"https:\/\/www.wheelchairbasketball.ca\/fr\/le-sport\/classification\/","url":"https:\/\/www.wheelchairbasketball.ca\/fr\/le-sport\/classification\/","name":"Classification - Wheelchair Basketball Canada","isPartOf":{"@id":"https:\/\/www.wheelchairbasketball.ca\/#website"},"datePublished":"2015-03-31T01:46:30+00:00","dateModified":"2024-10-22T21:01:33+00:00","breadcrumb":{"@id":"https:\/\/www.wheelchairbasketball.ca\/fr\/le-sport\/classification\/#breadcrumb"},"inLanguage":"fr-FR","potentialAction":[{"@type":"ReadAction","target":["https:\/\/www.wheelchairbasketball.ca\/fr\/le-sport\/classification\/"]}]},{"@type":"BreadcrumbList","@id":"https:\/\/www.wheelchairbasketball.ca\/fr\/le-sport\/classification\/#breadcrumb","itemListElement":[{"@type":"ListItem","position":1,"name":"Home","item":"https:\/\/www.wheelchairbasketball.ca\/fr\/"},{"@type":"ListItem","position":2,"name":"Le sport","item":"https:\/\/www.wheelchairbasketball.ca\/fr\/le-sport\/"},{"@type":"ListItem","position":3,"name":"Classification"}]},{"@type":"WebSite","@id":"https:\/\/www.wheelchairbasketball.ca\/#website","url":"https:\/\/www.wheelchairbasketball.ca\/","name":"Wheelchair Basketball Canada","description":"Real Life. Real Sport.","potentialAction":[{"@type":"SearchAction","target":{"@type":"EntryPoint","urlTemplate":"https:\/\/www.wheelchairbasketball.ca\/?s={search_term_string}"},"query-input":"required name=search_term_string"}],"inLanguage":"fr-FR"}]}},"_links":{"self":[{"href":"https:\/\/www.wheelchairbasketball.ca\/fr\/wp-json\/wp\/v2\/pages\/1218"}],"collection":[{"href":"https:\/\/www.wheelchairbasketball.ca\/fr\/wp-json\/wp\/v2\/pages"}],"about":[{"href":"https:\/\/www.wheelchairbasketball.ca\/fr\/wp-json\/wp\/v2\/types\/page"}],"author":[{"embeddable":true,"href":"https:\/\/www.wheelchairbasketball.ca\/fr\/wp-json\/wp\/v2\/users\/4"}],"replies":[{"embeddable":true,"href":"https:\/\/www.wheelchairbasketball.ca\/fr\/wp-json\/wp\/v2\/comments?post=1218"}],"version-history":[{"count":11,"href":"https:\/\/www.wheelchairbasketball.ca\/fr\/wp-json\/wp\/v2\/pages\/1218\/revisions"}],"predecessor-version":[{"id":21765,"href":"https:\/\/www.wheelchairbasketball.ca\/fr\/wp-json\/wp\/v2\/pages\/1218\/revisions\/21765"}],"up":[{"embeddable":true,"href":"https:\/\/www.wheelchairbasketball.ca\/fr\/wp-json\/wp\/v2\/pages\/1204"}],"wp:featuredmedia":[{"embeddable":true,"href":"https:\/\/www.wheelchairbasketball.ca\/fr\/wp-json\/wp\/v2\/media\/21763"}],"wp:attachment":[{"href":"https:\/\/www.wheelchairbasketball.ca\/fr\/wp-json\/wp\/v2\/media?parent=1218"}],"curies":[{"name":"wp","href":"https:\/\/api.w.org\/{rel}","templated":true}]}}