{"id":1220,"date":"2015-03-31T01:50:27","date_gmt":"2015-03-31T01:50:27","guid":{"rendered":"https:\/\/www.wheelchairbasketball.ca\/?page_id=1220"},"modified":"2015-05-05T19:18:03","modified_gmt":"2015-05-05T19:18:03","slug":"historique-du-basketball-en-fauteuil-roulant","status":"publish","type":"page","link":"https:\/\/www.wheelchairbasketball.ca\/fr\/le-sport\/historique-du-basketball-en-fauteuil-roulant\/","title":{"rendered":"Histoire du sport"},"content":{"rendered":"<h3>Naissance du sport<\/h3>\n<p>Le sport du basketball en fauteuil roulant est issu de la Deuxi\u00e8me Guerre mondiale (1939-1945). Un des r\u00e9sultats de ce conflit \u00e0 l&rsquo;\u00e9chelle plan\u00e9taire fut de confronter la soci\u00e9t\u00e9 \u00e0 un nombre inhabituel de personnes atteintes de d\u00e9ficiences physiques. Apr\u00e8s la guerre, un grand nombre d\u2019anciens combattants handicap\u00e9s ont \u00e9t\u00e9 plac\u00e9s dans des h\u00f4pitaux en vue de leur r\u00e9adaptation et beaucoup d\u2019entre eux souhaitaient toujours s\u2019adonner au sport.<\/p>\n<p>La philosophie de l&rsquo;\u00e9poque \u00e9tait d&rsquo;adapter des sports particuliers en ne prenant en consid\u00e9ration que la vision du personnel de r\u00e9adaptation. Le basketball \u00e9tait per\u00e7u comme \u00e9tant un des sports d&rsquo;\u00e9quipe les plus faciles \u00e0 adapter. Il \u00e9tait donc, au d\u00e9but des ann\u00e9es 40, pratiqu\u00e9 \u00e0 divers endroits dans le monde.<\/p>\n<p>Le premier match document\u00e9 de basketball en fauteuil roulant a \u00e9t\u00e9 jou\u00e9 le 25 novembre 1946 par un groupe d\u2019anciens combattants des \u00c9tats-Unis.<\/p>\n<h3>Sir Ludwig Guttmann<\/h3>\n<p>Sir Ludwig Guttmann est reconnu \u00e0 titre de fondateur du mouvement paralympique. On lui a confi\u00e9 la t\u00e2che d&rsquo;instaurer un centre pour les bless\u00e9s m\u00e9dullaires (\u00e0 la moelle \u00e9pini\u00e8re) \u00e0 l&rsquo;H\u00f4pital Stoke Mandeville \u00e0 Aylesbury, en Angleterre. C&rsquo;est le gouvernement britannique qui, en 1944, assura le financement de l&rsquo;op\u00e9ration dans l&rsquo;optique d&rsquo;avoir une alternative qui aide les personnes \u00e0 faire face \u00e0 leur d\u00e9ficience, retrouver leur dignit\u00e9 et leur ind\u00e9pendance qu&rsquo;elles avaient parfois perdue et devenir heureuses, en sant\u00e9 et se sentir consid\u00e9r\u00e9es comme des membres respect\u00e9s de la soci\u00e9t\u00e9.<\/p>\n<p>Sir Ludwig Guttmann a organis\u00e9 les premiers Jeux en fauteuil roulant de Stoke Mandeville, en 1948, une comp\u00e9tition compos\u00e9e de sports organis\u00e9s en fauteuil roulant, y compris le netball en fauteuil roulant \u2013 une variante \u00e9loign\u00e9e du basketball en fauteuil roulant. Pour ses efforts, il a \u00e9t\u00e9 reconnu au nombre des premiers pionniers.<\/p>\n<p>Quatre ans plus tard, en 1952, des concurrents des Pays-Bas se sont joints aux Jeux en fauteuil roulant de Stoke Mandeville et un mouvement international est n\u00e9. L\u2019\u00e9v\u00e9nement annuel est devenu les Jeux internationaux de Stoke Mandeville, un pr\u00e9d\u00e9cesseur des Jeux paralympiques modernes.<\/p>\n<h3>Les Jeux paralympiques<\/h3>\n<p>Les Jeux paralympiques repr\u00e9sentent l\u2019\u00e9v\u00e9nement majeur pour les athl\u00e8tes de classe mondiale ayant une d\u00e9ficience physique et l\u2019une des comp\u00e9titions multisports les plus importantes au monde. Les Jeux paralympiques, r\u00e9gis par le Comit\u00e9 international paralympique (CIP), ont lieu tous les quatre ans durant la m\u00eame ann\u00e9e que les Jeux olympiques.<\/p>\n<p>Les premiers Jeux paralympiques se sont d\u00e9roul\u00e9s \u00e0 Rome, en Italie, en 1960. Le basketball en fauteuil roulant \u00e9tait l\u2019un des huit sports qui ont fait leurs d\u00e9buts aux premiers Jeux paralympiques. La comp\u00e9tition f\u00e9minine de basketball en fauteuil roulant a \u00e9t\u00e9 introduite aux Jeux paralympiques de 1968, \u00e0 Tel-Aviv, en Isra\u00ebl.<\/p>\n<p>Aujourd\u2019hui, le basketball en fauteuil roulant est l\u2019un des principaux sports disput\u00e9s aux Jeux paralympiques d\u2019\u00e9t\u00e9.<\/p>\n<h3>Les Championnats du monde<\/h3>\n<p>Les Championnats du monde de basketball en fauteuil roulant, anciennement connus sous le nom de la Coupe d&rsquo;or, sont une comp\u00e9tition internationale de basketball en fauteuil roulant ind\u00e9pendante. L\u2019\u00e9v\u00e9nement est r\u00e9gi par la F\u00e9d\u00e9ration internationale de basketball en fauteuil roulant (I.W.B.F.) et se d\u00e9roule tous les quatre ans.<\/p>\n<p>Le premier championnat du monde a eu lieu \u00e0 Bruges, en Belgique, en 1975, et comptait onze \u00e9quipes masculines d\u2019Am\u00e9rique du Nord, d\u2019Asie et d\u2019Europe. Le premier championnat du monde f\u00e9minin s\u2019est d\u00e9roul\u00e9 \u00e0 St-Etienne, en France, en 1990.<\/p>\n<p>Un championnat du monde junior pour les hommes de moins de 23 ans s\u2019est tenu pour la premi\u00e8re fois \u00e0 Toronto, au Canada, en 1997. Un championnat du monde junior pour les femmes de moins de 25 ans a aussi d\u00e9but\u00e9 en 2011, \u00e0 St. Catharines, en Ontario, au Canada.<\/p>\n<h2>Une perspective canadienne<\/h2>\n<h3>D\u2019humbles d\u00e9buts<\/h3>\n<p>Le basketball en fauteuil roulant se joue au Canada depuis les ann\u00e9es 1940. Au d\u00e9but, on ne d\u00e9nombrait que deux \u00e9quipes au Canada, les Wheelchair Wonders de Montr\u00e9al et les Dueck Powerglides de Vancouver. En raison des possibilit\u00e9s limit\u00e9es de comp\u00e9tition, les \u00e9quipes participaient souvent \u00e0 des matchs de d\u00e9monstration dans la collectivit\u00e9 et invitaient des personnes non handicap\u00e9es \u00e0 y prendre part en se servant des fauteuils roulants suppl\u00e9mentaires que les \u00e9quipes apportaient avec elles.<\/p>\n<p>Pour se mesurer \u00e0 d\u2019autres \u00e9quipes \u00e9tablies de basketball en fauteuil roulant, les deux \u00e9quipes devaient se rendre aux \u00c9tats-Unis pour participer aux matchs de la National Wheelchair Basketball League ou en Angleterre pour prendre part aux Jeux internationaux Stoke Mandeville.\u00a0L\u2019\u00e9quipe de Montr\u00e9al a repr\u00e9sent\u00e9 le Canada aux Jeux de Stoke en 1953, la premi\u00e8re participation canadienne \u00e0 une comp\u00e9tition internationale dans ce sport, ainsi qu\u2019au sixi\u00e8me Tournoi national de basketball en fauteuil roulant en 1954, \u00e0 New York.<\/p>\n<h3>Championnats nationaux (1968-2012)<\/h3>\n<p>De 1968 \u00e0 1978, les championnats nationaux ont \u00e9t\u00e9 pr\u00e9sent\u00e9s conjointement avec les championnats canadiens dans les autres sports en fauteuil roulant. En 1979, la comp\u00e9tition de basketball en fauteuil roulant a \u00e9t\u00e9 organis\u00e9e s\u00e9par\u00e9ment des autres \u00e9v\u00e9nements en fauteuil roulant et les \u00e9quipes provinciales se sont disput\u00e9 le troph\u00e9e Maxime K. Cooper. Ce troph\u00e9e a \u00e9t\u00e9 retir\u00e9 en 1986 et, aujourd\u2019hui, l\u2019\u00e9quipe qui remporte le championnat se voit d\u00e9cerner le troph\u00e9e Robert W. Jackson.<\/p>\n<h3>Ligue canadienne de basketball en fauteuil roulant (LCBFR)<\/h3>\n<p>La <a href=\"https:\/\/www.wheelchairbasketball.ca\/fr\/programmes\/ligue-canadienne-de-basketball-en-fauteuil-roulant\/\">Ligue canadienne de basketball en fauteuil roulant <\/a>a \u00e9t\u00e9 fond\u00e9e en 1986. Les \u00e9quipes se disputent le titre national conform\u00e9ment aux r\u00e8glements de la FIBA et de l\u2019I.W.B.F. et \u00e0 un syst\u00e8me de classification de 15 points selon lequel les athl\u00e8tes physiquement aptes sont class\u00e9s dans la cat\u00e9gorie 4,5 et les athl\u00e8tes qui\u00a0sont plus limit\u00e9s dans leurs capacit\u00e9s fonctionnelles sont class\u00e9s dans la cat\u00e9gorie 1,0.<\/p>\n","protected":false},"excerpt":{"rendered":"Naissance du sport Le sport du basketball en fauteuil roulant est issu de la Deuxi\u00e8me Guerre mondiale (1939-1945). Un des r\u00e9sultats de ce conflit \u00e0 l&rsquo;\u00e9chelle plan\u00e9taire fut de confronter la soci\u00e9t\u00e9 \u00e0 un nombre inhabituel de personnes atteintes de d\u00e9ficiences physiques. Apr\u00e8s la guerre, un grand nombre d\u2019anciens combattants handicap\u00e9s ont \u00e9t\u00e9 plac\u00e9s dans [&hellip;]","protected":false},"author":4,"featured_media":11123,"parent":1204,"menu_order":5,"comment_status":"closed","ping_status":"closed","template":"","meta":{"om_disable_all_campaigns":false,"_monsterinsights_skip_tracking":false,"_monsterinsights_sitenote_active":false,"_monsterinsights_sitenote_note":"","_monsterinsights_sitenote_category":0,"footnotes":""},"acf":[],"yoast_head":"<!-- This site is optimized with the Yoast SEO plugin v21.9.1 - https:\/\/yoast.com\/wordpress\/plugins\/seo\/ -->\n<title>Histoire du sport - Wheelchair Basketball Canada<\/title>\n<meta name=\"robots\" content=\"index, follow, max-snippet:-1, max-image-preview:large, max-video-preview:-1\" \/>\n<link rel=\"canonical\" href=\"https:\/\/www.wheelchairbasketball.ca\/fr\/le-sport\/historique-du-basketball-en-fauteuil-roulant\/\" \/>\n<meta property=\"og:locale\" content=\"fr_FR\" \/>\n<meta property=\"og:type\" content=\"article\" \/>\n<meta property=\"og:title\" content=\"Histoire du sport - Wheelchair Basketball Canada\" \/>\n<meta property=\"og:description\" content=\"Naissance du sport Le sport du basketball en fauteuil roulant est issu de la Deuxi\u00e8me Guerre mondiale (1939-1945). Un des r\u00e9sultats de ce conflit \u00e0 l&rsquo;\u00e9chelle plan\u00e9taire fut de confronter la soci\u00e9t\u00e9 \u00e0 un nombre inhabituel de personnes atteintes de d\u00e9ficiences physiques. Apr\u00e8s la guerre, un grand nombre d\u2019anciens combattants handicap\u00e9s ont \u00e9t\u00e9 plac\u00e9s dans [&hellip;]\" \/>\n<meta property=\"og:url\" content=\"https:\/\/www.wheelchairbasketball.ca\/fr\/le-sport\/historique-du-basketball-en-fauteuil-roulant\/\" \/>\n<meta property=\"og:site_name\" content=\"Wheelchair Basketball Canada\" \/>\n<meta property=\"article:publisher\" content=\"http:\/\/www.facebook.com\/wheelchairbasketball\" \/>\n<meta property=\"article:modified_time\" content=\"2015-05-05T19:18:03+00:00\" \/>\n<meta property=\"og:image\" content=\"https:\/\/www.wheelchairbasketball.ca\/wp-content\/uploads\/2015\/03\/MWW-Feature-Image.jpg\" \/>\n\t<meta property=\"og:image:width\" content=\"1400\" \/>\n\t<meta property=\"og:image:height\" content=\"600\" \/>\n\t<meta property=\"og:image:type\" content=\"image\/jpeg\" \/>\n<meta name=\"twitter:card\" content=\"summary_large_image\" \/>\n<meta name=\"twitter:site\" content=\"@WCBballCanada\" \/>\n<meta name=\"twitter:label1\" content=\"Dur\u00e9e de lecture estim\u00e9e\" \/>\n\t<meta name=\"twitter:data1\" content=\"5 minutes\" \/>\n<script type=\"application\/ld+json\" class=\"yoast-schema-graph\">{\"@context\":\"https:\/\/schema.org\",\"@graph\":[{\"@type\":\"WebPage\",\"@id\":\"https:\/\/www.wheelchairbasketball.ca\/fr\/le-sport\/historique-du-basketball-en-fauteuil-roulant\/\",\"url\":\"https:\/\/www.wheelchairbasketball.ca\/fr\/le-sport\/historique-du-basketball-en-fauteuil-roulant\/\",\"name\":\"Histoire du sport - Wheelchair Basketball Canada\",\"isPartOf\":{\"@id\":\"https:\/\/www.wheelchairbasketball.ca\/#website\"},\"datePublished\":\"2015-03-31T01:50:27+00:00\",\"dateModified\":\"2015-05-05T19:18:03+00:00\",\"breadcrumb\":{\"@id\":\"https:\/\/www.wheelchairbasketball.ca\/fr\/le-sport\/historique-du-basketball-en-fauteuil-roulant\/#breadcrumb\"},\"inLanguage\":\"fr-FR\",\"potentialAction\":[{\"@type\":\"ReadAction\",\"target\":[\"https:\/\/www.wheelchairbasketball.ca\/fr\/le-sport\/historique-du-basketball-en-fauteuil-roulant\/\"]}]},{\"@type\":\"BreadcrumbList\",\"@id\":\"https:\/\/www.wheelchairbasketball.ca\/fr\/le-sport\/historique-du-basketball-en-fauteuil-roulant\/#breadcrumb\",\"itemListElement\":[{\"@type\":\"ListItem\",\"position\":1,\"name\":\"Home\",\"item\":\"https:\/\/www.wheelchairbasketball.ca\/fr\/\"},{\"@type\":\"ListItem\",\"position\":2,\"name\":\"Le sport\",\"item\":\"https:\/\/www.wheelchairbasketball.ca\/fr\/le-sport\/\"},{\"@type\":\"ListItem\",\"position\":3,\"name\":\"Histoire du sport\"}]},{\"@type\":\"WebSite\",\"@id\":\"https:\/\/www.wheelchairbasketball.ca\/#website\",\"url\":\"https:\/\/www.wheelchairbasketball.ca\/\",\"name\":\"Wheelchair Basketball Canada\",\"description\":\"Real Life. Real Sport.\",\"potentialAction\":[{\"@type\":\"SearchAction\",\"target\":{\"@type\":\"EntryPoint\",\"urlTemplate\":\"https:\/\/www.wheelchairbasketball.ca\/?s={search_term_string}\"},\"query-input\":\"required name=search_term_string\"}],\"inLanguage\":\"fr-FR\"}]}<\/script>\n<!-- \/ Yoast SEO plugin. -->","yoast_head_json":{"title":"Histoire du sport - Wheelchair Basketball Canada","robots":{"index":"index","follow":"follow","max-snippet":"max-snippet:-1","max-image-preview":"max-image-preview:large","max-video-preview":"max-video-preview:-1"},"canonical":"https:\/\/www.wheelchairbasketball.ca\/fr\/le-sport\/historique-du-basketball-en-fauteuil-roulant\/","og_locale":"fr_FR","og_type":"article","og_title":"Histoire du sport - Wheelchair Basketball Canada","og_description":"Naissance du sport Le sport du basketball en fauteuil roulant est issu de la Deuxi\u00e8me Guerre mondiale (1939-1945). Un des r\u00e9sultats de ce conflit \u00e0 l&rsquo;\u00e9chelle plan\u00e9taire fut de confronter la soci\u00e9t\u00e9 \u00e0 un nombre inhabituel de personnes atteintes de d\u00e9ficiences physiques. Apr\u00e8s la guerre, un grand nombre d\u2019anciens combattants handicap\u00e9s ont \u00e9t\u00e9 plac\u00e9s dans [&hellip;]","og_url":"https:\/\/www.wheelchairbasketball.ca\/fr\/le-sport\/historique-du-basketball-en-fauteuil-roulant\/","og_site_name":"Wheelchair Basketball Canada","article_publisher":"http:\/\/www.facebook.com\/wheelchairbasketball","article_modified_time":"2015-05-05T19:18:03+00:00","og_image":[{"width":1400,"height":600,"url":"https:\/\/www.wheelchairbasketball.ca\/wp-content\/uploads\/2015\/03\/MWW-Feature-Image.jpg","type":"image\/jpeg"}],"twitter_card":"summary_large_image","twitter_site":"@WCBballCanada","twitter_misc":{"Dur\u00e9e de lecture estim\u00e9e":"5 minutes"},"schema":{"@context":"https:\/\/schema.org","@graph":[{"@type":"WebPage","@id":"https:\/\/www.wheelchairbasketball.ca\/fr\/le-sport\/historique-du-basketball-en-fauteuil-roulant\/","url":"https:\/\/www.wheelchairbasketball.ca\/fr\/le-sport\/historique-du-basketball-en-fauteuil-roulant\/","name":"Histoire du sport - Wheelchair Basketball Canada","isPartOf":{"@id":"https:\/\/www.wheelchairbasketball.ca\/#website"},"datePublished":"2015-03-31T01:50:27+00:00","dateModified":"2015-05-05T19:18:03+00:00","breadcrumb":{"@id":"https:\/\/www.wheelchairbasketball.ca\/fr\/le-sport\/historique-du-basketball-en-fauteuil-roulant\/#breadcrumb"},"inLanguage":"fr-FR","potentialAction":[{"@type":"ReadAction","target":["https:\/\/www.wheelchairbasketball.ca\/fr\/le-sport\/historique-du-basketball-en-fauteuil-roulant\/"]}]},{"@type":"BreadcrumbList","@id":"https:\/\/www.wheelchairbasketball.ca\/fr\/le-sport\/historique-du-basketball-en-fauteuil-roulant\/#breadcrumb","itemListElement":[{"@type":"ListItem","position":1,"name":"Home","item":"https:\/\/www.wheelchairbasketball.ca\/fr\/"},{"@type":"ListItem","position":2,"name":"Le sport","item":"https:\/\/www.wheelchairbasketball.ca\/fr\/le-sport\/"},{"@type":"ListItem","position":3,"name":"Histoire du sport"}]},{"@type":"WebSite","@id":"https:\/\/www.wheelchairbasketball.ca\/#website","url":"https:\/\/www.wheelchairbasketball.ca\/","name":"Wheelchair Basketball Canada","description":"Real Life. Real Sport.","potentialAction":[{"@type":"SearchAction","target":{"@type":"EntryPoint","urlTemplate":"https:\/\/www.wheelchairbasketball.ca\/?s={search_term_string}"},"query-input":"required name=search_term_string"}],"inLanguage":"fr-FR"}]}},"_links":{"self":[{"href":"https:\/\/www.wheelchairbasketball.ca\/fr\/wp-json\/wp\/v2\/pages\/1220"}],"collection":[{"href":"https:\/\/www.wheelchairbasketball.ca\/fr\/wp-json\/wp\/v2\/pages"}],"about":[{"href":"https:\/\/www.wheelchairbasketball.ca\/fr\/wp-json\/wp\/v2\/types\/page"}],"author":[{"embeddable":true,"href":"https:\/\/www.wheelchairbasketball.ca\/fr\/wp-json\/wp\/v2\/users\/4"}],"replies":[{"embeddable":true,"href":"https:\/\/www.wheelchairbasketball.ca\/fr\/wp-json\/wp\/v2\/comments?post=1220"}],"version-history":[{"count":6,"href":"https:\/\/www.wheelchairbasketball.ca\/fr\/wp-json\/wp\/v2\/pages\/1220\/revisions"}],"predecessor-version":[{"id":2432,"href":"https:\/\/www.wheelchairbasketball.ca\/fr\/wp-json\/wp\/v2\/pages\/1220\/revisions\/2432"}],"up":[{"embeddable":true,"href":"https:\/\/www.wheelchairbasketball.ca\/fr\/wp-json\/wp\/v2\/pages\/1204"}],"wp:featuredmedia":[{"embeddable":true,"href":"https:\/\/www.wheelchairbasketball.ca\/fr\/wp-json\/wp\/v2\/media\/11123"}],"wp:attachment":[{"href":"https:\/\/www.wheelchairbasketball.ca\/fr\/wp-json\/wp\/v2\/media?parent=1220"}],"curies":[{"name":"wp","href":"https:\/\/api.w.org\/{rel}","templated":true}]}}