{"id":1251,"date":"2015-03-31T13:47:06","date_gmt":"2015-03-31T13:47:06","guid":{"rendered":"https:\/\/www.wheelchairbasketball.ca\/?page_id=1251"},"modified":"2024-11-20T14:25:27","modified_gmt":"2024-11-20T14:25:27","slug":"ligue-canadienne-de-basketball-en-fauteuil-roulant","status":"publish","type":"page","link":"https:\/\/www.wheelchairbasketball.ca\/fr\/programmes\/ligue-canadienne-de-basketball-en-fauteuil-roulant\/","title":{"rendered":"Ligue canadienne de basketball en fauteuil roulant"},"content":{"rendered":"<p>Fond\u00e9e en 1986, la Ligue canadienne de basketball en fauteuil roulant (LCBFR).<\/p>\n<p>La ligue pr\u00e9sente les \u00e9quipes de clubs de basketball en fauteuil roulant du partout au Canada et se termine chaque saison avec Chaque printemps, \u00e0 la <a href=\"https:\/\/www.wheelchairbasketball.ca\/fr\/event\/finale-2025-de-la-lcbfr\/\">Finale de la Ligue canadienne de basketball en fauteuil roulant<\/a>.<\/p>\n<p>La ligue est pleinement int\u00e9gr\u00e9e lorsque les deux divisions sont compos\u00e9es d&rsquo;athl\u00e8tes handicap\u00e9s et non handicap\u00e9s qui jouent ensemble dans un esprit de comp\u00e9tition. La ligue met en vedette souvent certains des meilleurs joueurs de basketball en fauteuil roulant du pays, y compris des membres anciens, pr\u00e9sents et futurs de l&rsquo;\u00e9quipe canadienne.<\/p>\n<p><a href=\"https:\/\/www.wheelchairbasketball.ca\/fr\/programmes\/trouver-un-club\/\">Trouvez un club<\/a>\u00a0pr\u00e8s de chez vous pour participer maintenant!<\/p>\n","protected":false},"excerpt":{"rendered":"Fond\u00e9e en 1986, la Ligue canadienne de basketball en fauteuil roulant (LCBFR). La ligue pr\u00e9sente les \u00e9quipes de clubs de basketball en fauteuil roulant du partout au Canada et se termine chaque saison avec Chaque printemps, \u00e0 la Finale de la Ligue canadienne de basketball en fauteuil roulant. La ligue est pleinement int\u00e9gr\u00e9e lorsque les [&hellip;]","protected":false},"author":4,"featured_media":21753,"parent":1210,"menu_order":1,"comment_status":"closed","ping_status":"closed","template":"","meta":{"om_disable_all_campaigns":false,"_monsterinsights_skip_tracking":false,"_monsterinsights_sitenote_active":false,"_monsterinsights_sitenote_note":"","_monsterinsights_sitenote_category":0,"footnotes":""},"acf":[],"yoast_head":"<!-- This site is optimized with the Yoast SEO plugin v21.9.1 - https:\/\/yoast.com\/wordpress\/plugins\/seo\/ -->\n<title>Ligue canadienne de basketball en fauteuil roulant - Wheelchair Basketball Canada<\/title>\n<meta name=\"robots\" content=\"index, follow, max-snippet:-1, max-image-preview:large, max-video-preview:-1\" \/>\n<link rel=\"canonical\" href=\"https:\/\/www.wheelchairbasketball.ca\/fr\/programmes\/ligue-canadienne-de-basketball-en-fauteuil-roulant\/\" \/>\n<meta property=\"og:locale\" content=\"fr_FR\" \/>\n<meta property=\"og:type\" content=\"article\" \/>\n<meta property=\"og:title\" content=\"Ligue canadienne de basketball en fauteuil roulant - Wheelchair Basketball Canada\" \/>\n<meta property=\"og:description\" content=\"Fond\u00e9e en 1986, la Ligue canadienne de basketball en fauteuil roulant (LCBFR). La ligue pr\u00e9sente les \u00e9quipes de clubs de basketball en fauteuil roulant du partout au Canada et se termine chaque saison avec Chaque printemps, \u00e0 la Finale de la Ligue canadienne de basketball en fauteuil roulant. La ligue est pleinement int\u00e9gr\u00e9e lorsque les [&hellip;]\" \/>\n<meta property=\"og:url\" content=\"https:\/\/www.wheelchairbasketball.ca\/fr\/programmes\/ligue-canadienne-de-basketball-en-fauteuil-roulant\/\" \/>\n<meta property=\"og:site_name\" content=\"Wheelchair Basketball Canada\" \/>\n<meta property=\"article:publisher\" content=\"http:\/\/www.facebook.com\/wheelchairbasketball\" \/>\n<meta property=\"article:modified_time\" content=\"2024-11-20T14:25:27+00:00\" \/>\n<meta property=\"og:image\" content=\"https:\/\/www.wheelchairbasketball.ca\/wp-content\/uploads\/2024\/10\/CG-449-1400x600-1.png\" \/>\n\t<meta property=\"og:image:width\" content=\"1400\" \/>\n\t<meta property=\"og:image:height\" content=\"600\" \/>\n\t<meta property=\"og:image:type\" content=\"image\/png\" \/>\n<meta name=\"twitter:card\" content=\"summary_large_image\" \/>\n<meta name=\"twitter:site\" content=\"@WCBballCanada\" \/>\n<meta name=\"twitter:label1\" content=\"Dur\u00e9e de lecture estim\u00e9e\" \/>\n\t<meta name=\"twitter:data1\" content=\"1 minute\" \/>\n<script type=\"application\/ld+json\" class=\"yoast-schema-graph\">{\"@context\":\"https:\/\/schema.org\",\"@graph\":[{\"@type\":\"WebPage\",\"@id\":\"https:\/\/www.wheelchairbasketball.ca\/fr\/programmes\/ligue-canadienne-de-basketball-en-fauteuil-roulant\/\",\"url\":\"https:\/\/www.wheelchairbasketball.ca\/fr\/programmes\/ligue-canadienne-de-basketball-en-fauteuil-roulant\/\",\"name\":\"Ligue canadienne de basketball en fauteuil roulant - Wheelchair Basketball Canada\",\"isPartOf\":{\"@id\":\"https:\/\/www.wheelchairbasketball.ca\/#website\"},\"datePublished\":\"2015-03-31T13:47:06+00:00\",\"dateModified\":\"2024-11-20T14:25:27+00:00\",\"breadcrumb\":{\"@id\":\"https:\/\/www.wheelchairbasketball.ca\/fr\/programmes\/ligue-canadienne-de-basketball-en-fauteuil-roulant\/#breadcrumb\"},\"inLanguage\":\"fr-FR\",\"potentialAction\":[{\"@type\":\"ReadAction\",\"target\":[\"https:\/\/www.wheelchairbasketball.ca\/fr\/programmes\/ligue-canadienne-de-basketball-en-fauteuil-roulant\/\"]}]},{\"@type\":\"BreadcrumbList\",\"@id\":\"https:\/\/www.wheelchairbasketball.ca\/fr\/programmes\/ligue-canadienne-de-basketball-en-fauteuil-roulant\/#breadcrumb\",\"itemListElement\":[{\"@type\":\"ListItem\",\"position\":1,\"name\":\"Home\",\"item\":\"https:\/\/www.wheelchairbasketball.ca\/fr\/\"},{\"@type\":\"ListItem\",\"position\":2,\"name\":\"Programmes\",\"item\":\"https:\/\/www.wheelchairbasketball.ca\/fr\/programmes\/\"},{\"@type\":\"ListItem\",\"position\":3,\"name\":\"Ligue canadienne de basketball en fauteuil roulant\"}]},{\"@type\":\"WebSite\",\"@id\":\"https:\/\/www.wheelchairbasketball.ca\/#website\",\"url\":\"https:\/\/www.wheelchairbasketball.ca\/\",\"name\":\"Wheelchair Basketball Canada\",\"description\":\"Real Life. Real Sport.\",\"potentialAction\":[{\"@type\":\"SearchAction\",\"target\":{\"@type\":\"EntryPoint\",\"urlTemplate\":\"https:\/\/www.wheelchairbasketball.ca\/?s={search_term_string}\"},\"query-input\":\"required name=search_term_string\"}],\"inLanguage\":\"fr-FR\"}]}<\/script>\n<!-- \/ Yoast SEO plugin. -->","yoast_head_json":{"title":"Ligue canadienne de basketball en fauteuil roulant - Wheelchair Basketball Canada","robots":{"index":"index","follow":"follow","max-snippet":"max-snippet:-1","max-image-preview":"max-image-preview:large","max-video-preview":"max-video-preview:-1"},"canonical":"https:\/\/www.wheelchairbasketball.ca\/fr\/programmes\/ligue-canadienne-de-basketball-en-fauteuil-roulant\/","og_locale":"fr_FR","og_type":"article","og_title":"Ligue canadienne de basketball en fauteuil roulant - Wheelchair Basketball Canada","og_description":"Fond\u00e9e en 1986, la Ligue canadienne de basketball en fauteuil roulant (LCBFR). La ligue pr\u00e9sente les \u00e9quipes de clubs de basketball en fauteuil roulant du partout au Canada et se termine chaque saison avec Chaque printemps, \u00e0 la Finale de la Ligue canadienne de basketball en fauteuil roulant. La ligue est pleinement int\u00e9gr\u00e9e lorsque les [&hellip;]","og_url":"https:\/\/www.wheelchairbasketball.ca\/fr\/programmes\/ligue-canadienne-de-basketball-en-fauteuil-roulant\/","og_site_name":"Wheelchair Basketball Canada","article_publisher":"http:\/\/www.facebook.com\/wheelchairbasketball","article_modified_time":"2024-11-20T14:25:27+00:00","og_image":[{"width":1400,"height":600,"url":"https:\/\/www.wheelchairbasketball.ca\/wp-content\/uploads\/2024\/10\/CG-449-1400x600-1.png","type":"image\/png"}],"twitter_card":"summary_large_image","twitter_site":"@WCBballCanada","twitter_misc":{"Dur\u00e9e de lecture estim\u00e9e":"1 minute"},"schema":{"@context":"https:\/\/schema.org","@graph":[{"@type":"WebPage","@id":"https:\/\/www.wheelchairbasketball.ca\/fr\/programmes\/ligue-canadienne-de-basketball-en-fauteuil-roulant\/","url":"https:\/\/www.wheelchairbasketball.ca\/fr\/programmes\/ligue-canadienne-de-basketball-en-fauteuil-roulant\/","name":"Ligue canadienne de basketball en fauteuil roulant - Wheelchair Basketball Canada","isPartOf":{"@id":"https:\/\/www.wheelchairbasketball.ca\/#website"},"datePublished":"2015-03-31T13:47:06+00:00","dateModified":"2024-11-20T14:25:27+00:00","breadcrumb":{"@id":"https:\/\/www.wheelchairbasketball.ca\/fr\/programmes\/ligue-canadienne-de-basketball-en-fauteuil-roulant\/#breadcrumb"},"inLanguage":"fr-FR","potentialAction":[{"@type":"ReadAction","target":["https:\/\/www.wheelchairbasketball.ca\/fr\/programmes\/ligue-canadienne-de-basketball-en-fauteuil-roulant\/"]}]},{"@type":"BreadcrumbList","@id":"https:\/\/www.wheelchairbasketball.ca\/fr\/programmes\/ligue-canadienne-de-basketball-en-fauteuil-roulant\/#breadcrumb","itemListElement":[{"@type":"ListItem","position":1,"name":"Home","item":"https:\/\/www.wheelchairbasketball.ca\/fr\/"},{"@type":"ListItem","position":2,"name":"Programmes","item":"https:\/\/www.wheelchairbasketball.ca\/fr\/programmes\/"},{"@type":"ListItem","position":3,"name":"Ligue canadienne de basketball en fauteuil roulant"}]},{"@type":"WebSite","@id":"https:\/\/www.wheelchairbasketball.ca\/#website","url":"https:\/\/www.wheelchairbasketball.ca\/","name":"Wheelchair Basketball Canada","description":"Real Life. Real Sport.","potentialAction":[{"@type":"SearchAction","target":{"@type":"EntryPoint","urlTemplate":"https:\/\/www.wheelchairbasketball.ca\/?s={search_term_string}"},"query-input":"required name=search_term_string"}],"inLanguage":"fr-FR"}]}},"_links":{"self":[{"href":"https:\/\/www.wheelchairbasketball.ca\/fr\/wp-json\/wp\/v2\/pages\/1251"}],"collection":[{"href":"https:\/\/www.wheelchairbasketball.ca\/fr\/wp-json\/wp\/v2\/pages"}],"about":[{"href":"https:\/\/www.wheelchairbasketball.ca\/fr\/wp-json\/wp\/v2\/types\/page"}],"author":[{"embeddable":true,"href":"https:\/\/www.wheelchairbasketball.ca\/fr\/wp-json\/wp\/v2\/users\/4"}],"replies":[{"embeddable":true,"href":"https:\/\/www.wheelchairbasketball.ca\/fr\/wp-json\/wp\/v2\/comments?post=1251"}],"version-history":[{"count":7,"href":"https:\/\/www.wheelchairbasketball.ca\/fr\/wp-json\/wp\/v2\/pages\/1251\/revisions"}],"predecessor-version":[{"id":22065,"href":"https:\/\/www.wheelchairbasketball.ca\/fr\/wp-json\/wp\/v2\/pages\/1251\/revisions\/22065"}],"up":[{"embeddable":true,"href":"https:\/\/www.wheelchairbasketball.ca\/fr\/wp-json\/wp\/v2\/pages\/1210"}],"wp:featuredmedia":[{"embeddable":true,"href":"https:\/\/www.wheelchairbasketball.ca\/fr\/wp-json\/wp\/v2\/media\/21753"}],"wp:attachment":[{"href":"https:\/\/www.wheelchairbasketball.ca\/fr\/wp-json\/wp\/v2\/media?parent=1251"}],"curies":[{"name":"wp","href":"https:\/\/api.w.org\/{rel}","templated":true}]}}