{"id":1260,"date":"2015-03-31T13:49:27","date_gmt":"2015-03-31T13:49:27","guid":{"rendered":"https:\/\/www.wheelchairbasketball.ca\/?page_id=1260"},"modified":"2024-12-03T18:37:58","modified_gmt":"2024-12-03T18:37:58","slug":"prix-et-temple-de-la-renommee","status":"publish","type":"page","link":"https:\/\/www.wheelchairbasketball.ca\/fr\/programmes\/prix-et-temple-de-la-renommee\/","title":{"rendered":"Prix et Temple de la renomm\u00e9e"},"content":{"rendered":"<p>Basketball en fauteuil roulant Canada a le plaisir d\u2019\u00eatre en mesure d\u2019honorer les nombreux groupes et personnes exceptionnels qui ont contribu\u00e9 de diverses fa\u00e7ons \u00e0 l\u2019am\u00e9lioration du sport au fil des ans.<\/p>\n<p>Le programme des Prix et du Temple de la renomm\u00e9e a pour but de reconna\u00eetre la liste toujours croissante de personnes remarquables dont les efforts louables et la passion incessante pour le jeu profitent \u00e0 l\u2019enti\u00e8re communaut\u00e9 du basketball en fauteuil roulant. Nous remercions sinc\u00e8rement et louons tous nos r\u00e9cipiendaires de prix importants et intronis\u00e9s au Temple de la renomm\u00e9e.<\/p>\n<p>Le banquet annuel de remise des prix a lieu conjointement avec le Championnat national de la Ligue canadienne de basketball en fauteuil roulant (LCBFR), le principal \u00e9v\u00e9nement national du calendrier national de basketball en fauteuil roulant.<\/p>\n<h3>Plus de renseignements<\/h3>\n<ul>\n<li><a href=\"https:\/\/www.wheelchairbasketball.ca\/fr\/programmes\/prix-et-temple-de-la-renommee\/apercu-des-prix\/\">Aper\u00e7u des prix<\/a><\/li>\n<li><a href=\"https:\/\/www.wheelchairbasketball.ca\/fr\/programmes\/prix-et-temple-de-la-renommee\/recipiendaires-des-prix\/\">R\u00e9cipiendaires des prix<\/a><\/li>\n<li><a href=\"https:\/\/www.wheelchairbasketball.ca\/fr\/programmes\/prix-et-temple-de-la-renommee\/apercu-du-temple-de-la-renommee\/\">Aper\u00e7u du Temple de la renomm\u00e9e<\/a><\/li>\n<li><a href=\"https:\/\/www.wheelchairbasketball.ca\/fr\/programmes\/prix-et-temple-de-la-renommee\/inscrits-au-temple-de-la-renommee\/\">Inscrits\u00a0au Temple de la renomm\u00e9e<\/a><\/li>\n<\/ul>\n<h3>Formulaires de mise en candidature<\/h3>\n<ul>\n<li><a href=\"https:\/\/www.wheelchairbasketball.ca\/wp-content\/uploads\/2024\/12\/Award-Nomination-From-2024-FR.docx\">Formulaire de mise en candidature des prix 2024<\/a><\/li>\n<li><a href=\"https:\/\/www.wheelchairbasketball.ca\/wp-content\/uploads\/2024\/12\/Hall-of-Fame-Nomination-From-2024-FR.docx\">Formulaire de mise en candidature du Temple de la renomm\u00e9e 2024<\/a><\/li>\n<\/ul>\n","protected":false},"excerpt":{"rendered":"Basketball en fauteuil roulant Canada a le plaisir d\u2019\u00eatre en mesure d\u2019honorer les nombreux groupes et personnes exceptionnels qui ont contribu\u00e9 de diverses fa\u00e7ons \u00e0 l\u2019am\u00e9lioration du sport au fil des ans. Le programme des Prix et du Temple de la renomm\u00e9e a pour but de reconna\u00eetre la liste toujours croissante de personnes remarquables dont [&hellip;]","protected":false},"author":4,"featured_media":11192,"parent":1210,"menu_order":2,"comment_status":"closed","ping_status":"closed","template":"","meta":{"om_disable_all_campaigns":false,"_monsterinsights_skip_tracking":false,"_monsterinsights_sitenote_active":false,"_monsterinsights_sitenote_note":"","_monsterinsights_sitenote_category":0,"footnotes":""},"acf":[],"yoast_head":"<!-- This site is optimized with the Yoast SEO plugin v21.9.1 - https:\/\/yoast.com\/wordpress\/plugins\/seo\/ -->\n<title>Prix et Temple de la renomm\u00e9e - Wheelchair Basketball Canada<\/title>\n<meta name=\"robots\" content=\"index, follow, max-snippet:-1, max-image-preview:large, max-video-preview:-1\" \/>\n<link rel=\"canonical\" href=\"https:\/\/www.wheelchairbasketball.ca\/fr\/programmes\/prix-et-temple-de-la-renommee\/\" \/>\n<meta property=\"og:locale\" content=\"fr_FR\" \/>\n<meta property=\"og:type\" content=\"article\" \/>\n<meta property=\"og:title\" content=\"Prix et Temple de la renomm\u00e9e - Wheelchair Basketball Canada\" \/>\n<meta property=\"og:description\" content=\"Basketball en fauteuil roulant Canada a le plaisir d\u2019\u00eatre en mesure d\u2019honorer les nombreux groupes et personnes exceptionnels qui ont contribu\u00e9 de diverses fa\u00e7ons \u00e0 l\u2019am\u00e9lioration du sport au fil des ans. Le programme des Prix et du Temple de la renomm\u00e9e a pour but de reconna\u00eetre la liste toujours croissante de personnes remarquables dont [&hellip;]\" \/>\n<meta property=\"og:url\" content=\"https:\/\/www.wheelchairbasketball.ca\/fr\/programmes\/prix-et-temple-de-la-renommee\/\" \/>\n<meta property=\"og:site_name\" content=\"Wheelchair Basketball Canada\" \/>\n<meta property=\"article:publisher\" content=\"http:\/\/www.facebook.com\/wheelchairbasketball\" \/>\n<meta property=\"article:modified_time\" content=\"2024-12-03T18:37:58+00:00\" \/>\n<meta property=\"og:image\" content=\"https:\/\/www.wheelchairbasketball.ca\/wp-content\/uploads\/2015\/03\/Awards-Feature-Image.jpg\" \/>\n\t<meta property=\"og:image:width\" content=\"1400\" \/>\n\t<meta property=\"og:image:height\" content=\"600\" \/>\n\t<meta property=\"og:image:type\" content=\"image\/jpeg\" \/>\n<meta name=\"twitter:card\" content=\"summary_large_image\" \/>\n<meta name=\"twitter:site\" content=\"@WCBballCanada\" \/>\n<meta name=\"twitter:label1\" content=\"Dur\u00e9e de lecture estim\u00e9e\" \/>\n\t<meta name=\"twitter:data1\" content=\"1 minute\" \/>\n<script type=\"application\/ld+json\" class=\"yoast-schema-graph\">{\"@context\":\"https:\/\/schema.org\",\"@graph\":[{\"@type\":\"WebPage\",\"@id\":\"https:\/\/www.wheelchairbasketball.ca\/fr\/programmes\/prix-et-temple-de-la-renommee\/\",\"url\":\"https:\/\/www.wheelchairbasketball.ca\/fr\/programmes\/prix-et-temple-de-la-renommee\/\",\"name\":\"Prix et Temple de la renomm\u00e9e - Wheelchair Basketball Canada\",\"isPartOf\":{\"@id\":\"https:\/\/www.wheelchairbasketball.ca\/#website\"},\"datePublished\":\"2015-03-31T13:49:27+00:00\",\"dateModified\":\"2024-12-03T18:37:58+00:00\",\"breadcrumb\":{\"@id\":\"https:\/\/www.wheelchairbasketball.ca\/fr\/programmes\/prix-et-temple-de-la-renommee\/#breadcrumb\"},\"inLanguage\":\"fr-FR\",\"potentialAction\":[{\"@type\":\"ReadAction\",\"target\":[\"https:\/\/www.wheelchairbasketball.ca\/fr\/programmes\/prix-et-temple-de-la-renommee\/\"]}]},{\"@type\":\"BreadcrumbList\",\"@id\":\"https:\/\/www.wheelchairbasketball.ca\/fr\/programmes\/prix-et-temple-de-la-renommee\/#breadcrumb\",\"itemListElement\":[{\"@type\":\"ListItem\",\"position\":1,\"name\":\"Home\",\"item\":\"https:\/\/www.wheelchairbasketball.ca\/fr\/\"},{\"@type\":\"ListItem\",\"position\":2,\"name\":\"Programmes\",\"item\":\"https:\/\/www.wheelchairbasketball.ca\/fr\/programmes\/\"},{\"@type\":\"ListItem\",\"position\":3,\"name\":\"Prix et Temple de la renomm\u00e9e\"}]},{\"@type\":\"WebSite\",\"@id\":\"https:\/\/www.wheelchairbasketball.ca\/#website\",\"url\":\"https:\/\/www.wheelchairbasketball.ca\/\",\"name\":\"Wheelchair Basketball Canada\",\"description\":\"Real Life. Real Sport.\",\"potentialAction\":[{\"@type\":\"SearchAction\",\"target\":{\"@type\":\"EntryPoint\",\"urlTemplate\":\"https:\/\/www.wheelchairbasketball.ca\/?s={search_term_string}\"},\"query-input\":\"required name=search_term_string\"}],\"inLanguage\":\"fr-FR\"}]}<\/script>\n<!-- \/ Yoast SEO plugin. -->","yoast_head_json":{"title":"Prix et Temple de la renomm\u00e9e - Wheelchair Basketball Canada","robots":{"index":"index","follow":"follow","max-snippet":"max-snippet:-1","max-image-preview":"max-image-preview:large","max-video-preview":"max-video-preview:-1"},"canonical":"https:\/\/www.wheelchairbasketball.ca\/fr\/programmes\/prix-et-temple-de-la-renommee\/","og_locale":"fr_FR","og_type":"article","og_title":"Prix et Temple de la renomm\u00e9e - Wheelchair Basketball Canada","og_description":"Basketball en fauteuil roulant Canada a le plaisir d\u2019\u00eatre en mesure d\u2019honorer les nombreux groupes et personnes exceptionnels qui ont contribu\u00e9 de diverses fa\u00e7ons \u00e0 l\u2019am\u00e9lioration du sport au fil des ans. Le programme des Prix et du Temple de la renomm\u00e9e a pour but de reconna\u00eetre la liste toujours croissante de personnes remarquables dont [&hellip;]","og_url":"https:\/\/www.wheelchairbasketball.ca\/fr\/programmes\/prix-et-temple-de-la-renommee\/","og_site_name":"Wheelchair Basketball Canada","article_publisher":"http:\/\/www.facebook.com\/wheelchairbasketball","article_modified_time":"2024-12-03T18:37:58+00:00","og_image":[{"width":1400,"height":600,"url":"https:\/\/www.wheelchairbasketball.ca\/wp-content\/uploads\/2015\/03\/Awards-Feature-Image.jpg","type":"image\/jpeg"}],"twitter_card":"summary_large_image","twitter_site":"@WCBballCanada","twitter_misc":{"Dur\u00e9e de lecture estim\u00e9e":"1 minute"},"schema":{"@context":"https:\/\/schema.org","@graph":[{"@type":"WebPage","@id":"https:\/\/www.wheelchairbasketball.ca\/fr\/programmes\/prix-et-temple-de-la-renommee\/","url":"https:\/\/www.wheelchairbasketball.ca\/fr\/programmes\/prix-et-temple-de-la-renommee\/","name":"Prix et Temple de la renomm\u00e9e - Wheelchair Basketball Canada","isPartOf":{"@id":"https:\/\/www.wheelchairbasketball.ca\/#website"},"datePublished":"2015-03-31T13:49:27+00:00","dateModified":"2024-12-03T18:37:58+00:00","breadcrumb":{"@id":"https:\/\/www.wheelchairbasketball.ca\/fr\/programmes\/prix-et-temple-de-la-renommee\/#breadcrumb"},"inLanguage":"fr-FR","potentialAction":[{"@type":"ReadAction","target":["https:\/\/www.wheelchairbasketball.ca\/fr\/programmes\/prix-et-temple-de-la-renommee\/"]}]},{"@type":"BreadcrumbList","@id":"https:\/\/www.wheelchairbasketball.ca\/fr\/programmes\/prix-et-temple-de-la-renommee\/#breadcrumb","itemListElement":[{"@type":"ListItem","position":1,"name":"Home","item":"https:\/\/www.wheelchairbasketball.ca\/fr\/"},{"@type":"ListItem","position":2,"name":"Programmes","item":"https:\/\/www.wheelchairbasketball.ca\/fr\/programmes\/"},{"@type":"ListItem","position":3,"name":"Prix et Temple de la renomm\u00e9e"}]},{"@type":"WebSite","@id":"https:\/\/www.wheelchairbasketball.ca\/#website","url":"https:\/\/www.wheelchairbasketball.ca\/","name":"Wheelchair Basketball Canada","description":"Real Life. Real Sport.","potentialAction":[{"@type":"SearchAction","target":{"@type":"EntryPoint","urlTemplate":"https:\/\/www.wheelchairbasketball.ca\/?s={search_term_string}"},"query-input":"required name=search_term_string"}],"inLanguage":"fr-FR"}]}},"_links":{"self":[{"href":"https:\/\/www.wheelchairbasketball.ca\/fr\/wp-json\/wp\/v2\/pages\/1260"}],"collection":[{"href":"https:\/\/www.wheelchairbasketball.ca\/fr\/wp-json\/wp\/v2\/pages"}],"about":[{"href":"https:\/\/www.wheelchairbasketball.ca\/fr\/wp-json\/wp\/v2\/types\/page"}],"author":[{"embeddable":true,"href":"https:\/\/www.wheelchairbasketball.ca\/fr\/wp-json\/wp\/v2\/users\/4"}],"replies":[{"embeddable":true,"href":"https:\/\/www.wheelchairbasketball.ca\/fr\/wp-json\/wp\/v2\/comments?post=1260"}],"version-history":[{"count":11,"href":"https:\/\/www.wheelchairbasketball.ca\/fr\/wp-json\/wp\/v2\/pages\/1260\/revisions"}],"predecessor-version":[{"id":22501,"href":"https:\/\/www.wheelchairbasketball.ca\/fr\/wp-json\/wp\/v2\/pages\/1260\/revisions\/22501"}],"up":[{"embeddable":true,"href":"https:\/\/www.wheelchairbasketball.ca\/fr\/wp-json\/wp\/v2\/pages\/1210"}],"wp:featuredmedia":[{"embeddable":true,"href":"https:\/\/www.wheelchairbasketball.ca\/fr\/wp-json\/wp\/v2\/media\/11192"}],"wp:attachment":[{"href":"https:\/\/www.wheelchairbasketball.ca\/fr\/wp-json\/wp\/v2\/media?parent=1260"}],"curies":[{"name":"wp","href":"https:\/\/api.w.org\/{rel}","templated":true}]}}