{"id":1265,"date":"2015-03-31T13:52:44","date_gmt":"2015-03-31T13:52:44","guid":{"rendered":"https:\/\/www.wheelchairbasketball.ca\/?page_id=1265"},"modified":"2024-11-14T16:14:54","modified_gmt":"2024-11-14T16:14:54","slug":"programme-scolaire","status":"publish","type":"page","link":"https:\/\/www.wheelchairbasketball.ca\/fr\/programmes\/programme-scolaire\/","title":{"rendered":"Programme scolaire"},"content":{"rendered":"<p>Le Programme scolaire est con\u00e7u pour \u00e9duquer les enseignants et les \u00e9tudiants \u00e0 propos du sport du basketball en fauteuil roulant et encourager les jeunes, handicap\u00e9s ou non, \u00e0 \u00eatre physiquement actifs. Le programme inclusif vise \u00e0 mieux faire conna\u00eetre le parasport et \u00e0 promouvoir un changement positif de l\u2019attitude envers la d\u00e9ficience.<\/p>\n<h3><strong>Comment fonctionne le programme<br \/>\n<\/strong><\/h3>\n<p>Notre coordonnateur du Programme scolaire se pr\u00e9sentera \u00e0 votre \u00e9cole avec tout l&rsquo;\u00e9quipement n\u00e9cessaire pour offrir un programme hautement exp\u00e9rientiel. Au cours d&rsquo;une s\u00e9ance d&rsquo;environ 90 minutes, les \u00e9tudiants apprendront les notions de base du basketball en fauteuil roulant, y compris les habilet\u00e9s, les exercices et les r\u00e8glements. Ils auront aussi la chance d\u2019essayer activement le sport, gr\u00e2ce \u00e0 des activit\u00e9s amusantes et un match. Fait important, ce sport tr\u00e8s inclusif permet aux \u00e9tudiants de toutes capacit\u00e9s de jouer ensemble!<\/p>\n<p>Le coordonnateur du Programme scolaire peut pr\u00e9senter les s\u00e9ances en fran\u00e7ais et en anglais.<\/p>\n<h3><strong>Merci \u00e0 notre partenaire<\/strong><strong>, L\u00e9pine Apartments<br \/>\n<\/strong><\/h3>\n<p><span style=\"font-family: 'Source Sans Pro', Helvetica, sans-serif; font-size: 16px;\">Basketball en fauteuil roulant Canada est reconnaissant envers L\u00e9pine Apartments pour leur g\u00e9n\u00e9reux soutien de ce programme.<\/span><\/p>\n<p style=\"padding-left: 40px;\"><span style=\"font-family: 'Source Sans Pro', Helvetica, sans-serif; font-size: 16px;\"><br \/>\n<\/span><em><a href=\"https:\/\/www.wheelchairbasketball.ca\/wp-content\/uploads\/2024\/11\/lepine.3898ef09.png\"><img loading=\"lazy\" decoding=\"async\" class=\"wp-image-21912 alignleft\" src=\"https:\/\/www.wheelchairbasketball.ca\/wp-content\/uploads\/2024\/11\/lepine.3898ef09.png\" alt=\"\" width=\"244\" height=\"74\" srcset=\"https:\/\/www.wheelchairbasketball.ca\/wp-content\/uploads\/2024\/11\/lepine.3898ef09.png 1200w, https:\/\/www.wheelchairbasketball.ca\/wp-content\/uploads\/2024\/11\/lepine.3898ef09-300x91.png 300w, https:\/\/www.wheelchairbasketball.ca\/wp-content\/uploads\/2024\/11\/lepine.3898ef09-1024x311.png 1024w, https:\/\/www.wheelchairbasketball.ca\/wp-content\/uploads\/2024\/11\/lepine.3898ef09-768x233.png 768w\" sizes=\"(max-width: 244px) 100vw, 244px\" \/><\/a>\u00ab\u00a0L\u00e9pine commandite le Programme scolaire d\u2019Ottawa2026, \u00e0 l\u2019appui de l&rsquo;occasion qu&rsquo;il cr\u00e9e pour nos jeunes de voir au-del\u00e0 d&rsquo;eux-m\u00eames et de viser un Canada plus inclusif, accessible et diversifi\u00e9. Lorsque nos enfants exercent leur corps physiquement, par le sport et le travail d&rsquo;\u00e9quipe, peu importe leurs capacit\u00e9s, ils se comprennent mieux et comprennent davantage leurs concitoyens canadiens. Alors qu&rsquo;ils s&rsquo;efforcent d&rsquo;am\u00e9liorer leurs records personnels, aux c\u00f4t\u00e9s de leurs pairs, ils seront encore plus d\u00e9termin\u00e9s de parvenir ensemble \u00e0 l&rsquo;excellence et de devenir les b\u00e2tisseurs communautaires de l&rsquo;avenir<\/em><em>. \u00bb<\/em><\/p>\n<p style=\"padding-left: 40px; text-align: right;\"><em><br \/>\n<\/em><em>&#8211; Francis L\u00e9pine, PDG<\/em><\/p>\n<h3>T\u00e9moignage<\/h3>\n<p><img loading=\"lazy\" decoding=\"async\" width=\"345\" height=\"345\" class=\"alignright size-full wp-image-7093\" src=\"https:\/\/www.wheelchairbasketball.ca\/wp-content\/uploads\/2015\/03\/Schools-Block.jpg\" alt=\"Schools Program\" srcset=\"https:\/\/www.wheelchairbasketball.ca\/wp-content\/uploads\/2015\/03\/Schools-Block.jpg 345w, https:\/\/www.wheelchairbasketball.ca\/wp-content\/uploads\/2015\/03\/Schools-Block-150x150.jpg 150w, https:\/\/www.wheelchairbasketball.ca\/wp-content\/uploads\/2015\/03\/Schools-Block-300x300.jpg 300w\" sizes=\"(max-width: 345px) 100vw, 345px\" \/><\/p>\n<blockquote><p>\u00ab Nos \u00e9tudiants, litt\u00e9ralement, hurlaient et nous suppliaient de continuer. Ils voulaient poser plus de questions, ceux qui en avaient eu l&rsquo;occasion voulaient passer plus de temps \u00e0 essayer les fauteuils roulants, tandis que ceux qui n&rsquo;en avaient pas eu la chance se pr\u00e9cipitaient dans l\u2019espoir d&rsquo;avoir leur tour. Ce fut tout un succ\u00e8s, l\u2019atmosph\u00e8re dans notre gymnase \u00e9tait \u00e9lectrique. Les \u00e9tudiants et le personnel ont ador\u00e9 leur participation!!!<\/p>\n<p>Les \u00e9tudiants ont appris une le\u00e7on pratique et utile sur la force physique et mentale exig\u00e9e d\u2019une personne non handicap\u00e9e se servant d\u2019un fauteuil roulant. Gr\u00e2ce \u00e0 cet apprentissage, ils ont sinc\u00e8rement fait preuve de respect et d&#8217;empathie pour les athl\u00e8tes et autres personnes qui utilisent un fauteuil roulant au quotidien. En outre, nos membres du personnel ont eu la chance de prendre part \u00e0 un match de basketball et ils ont certainement tous reconnu \u00e0 quel point c&rsquo;est un bon exercice tout en ayant beaucoup de plaisir!<\/p>\n<p>L&rsquo;assembl\u00e9e a promu des messages simples et puissants sur la capacit\u00e9, l&#8217;empathie, l&rsquo;inclusion et la pers\u00e9v\u00e9rance et nous sommes reconnaissants et pleins de gratitude d\u2019avoir pu \u00eatre touch\u00e9s par des messages aussi significatifs. \u00bb<\/p>\n<p>\u2013 Professeur de sant\u00e9 et d&rsquo;\u00e9ducation physique, Toronto<\/p><\/blockquote>\n<h3><strong>Assister \u00e0 <\/strong><strong>Ottawa2026<br \/>\n<\/strong><\/h3>\n<p>Le Programme scolaire est une initiative du legs du <a href=\"https:\/\/ottawa2026.ca\/fr\/\">Championnat du monde de basketball en fauteuil roulant 2026<\/a>, qui aura lieu <strong>\u00e0 Ottawa, du 9 au 19\u00a0septembre 2026<\/strong>.<\/p>\n<p>Toutes les \u00e9coles participantes seront \u00e9galement invit\u00e9es \u00e0 assister \u00e0 Ottawa2026 et \u00e0 \u00eatre inspir\u00e9es par les meilleurs athl\u00e8tes en fauteuil roulant au monde.<\/p>\n<h3><strong>Renseignements suppl\u00e9mentaires et inscription<\/strong><strong><br \/>\n<\/strong><\/h3>\n<p>L&rsquo;inscription est maintenant ouverte pour les \u00e9coles situ\u00e9es dans la r\u00e9gion d&rsquo;Ottawa\u2011Carleton et de Gatineau, le comt\u00e9 de Renfrew et l&rsquo;Est de l&rsquo;Ontario.<\/p>\n<p>Pour inscrire votre classe \u00e0 ce programme, veuillez cliquer <a href=\"https:\/\/ottawa2026.ca\/fr\/programme-scolaire\/\">ici<\/a> ou contactez notre coordonnateur du Programme scolaire pour de plus amples renseignements\u00a0:<\/p>\n<p><strong>Nicolas Baril<\/strong><br \/>\nCoordonnateur du Programme scolaire<br \/>\nBasketball en fauteuil roulant Canada | Ontario Wheelchair Sports Association<br \/>\n<a href=\"&#x6d;&#x61;&#x69;&#x6c;&#116;&#111;&#58;&#115;cho&#x6f;&#x6c;&#x73;&#x70;&#x72;&#111;&#103;&#114;am&#64;&#x6f;&#x74;&#x74;&#x61;&#x77;&#97;&#50;&#48;26&#46;&#x63;&#x61;\">nbaril&#64;ottawa2026&#46;ca<\/a><\/p>\n","protected":false},"excerpt":{"rendered":"Le Programme scolaire est con\u00e7u pour \u00e9duquer les enseignants et les \u00e9tudiants \u00e0 propos du sport du basketball en fauteuil roulant et encourager les jeunes, handicap\u00e9s ou non, \u00e0 \u00eatre physiquement actifs. Le programme inclusif vise \u00e0 mieux faire conna\u00eetre le parasport et \u00e0 promouvoir un changement positif de l\u2019attitude envers la d\u00e9ficience. Comment fonctionne [&hellip;]","protected":false},"author":4,"featured_media":7103,"parent":1210,"menu_order":3,"comment_status":"closed","ping_status":"closed","template":"","meta":{"om_disable_all_campaigns":false,"_monsterinsights_skip_tracking":false,"_monsterinsights_sitenote_active":false,"_monsterinsights_sitenote_note":"","_monsterinsights_sitenote_category":0,"footnotes":""},"acf":[],"yoast_head":"<!-- This site is optimized with the Yoast SEO plugin v21.9.1 - https:\/\/yoast.com\/wordpress\/plugins\/seo\/ -->\n<title>Programme scolaire - Wheelchair Basketball Canada<\/title>\n<meta name=\"robots\" content=\"index, follow, max-snippet:-1, max-image-preview:large, max-video-preview:-1\" \/>\n<link rel=\"canonical\" href=\"https:\/\/www.wheelchairbasketball.ca\/fr\/programmes\/programme-scolaire\/\" \/>\n<meta property=\"og:locale\" content=\"fr_FR\" \/>\n<meta property=\"og:type\" content=\"article\" \/>\n<meta property=\"og:title\" content=\"Programme scolaire - Wheelchair Basketball Canada\" \/>\n<meta property=\"og:description\" content=\"Le Programme scolaire est con\u00e7u pour \u00e9duquer les enseignants et les \u00e9tudiants \u00e0 propos du sport du basketball en fauteuil roulant et encourager les jeunes, handicap\u00e9s ou non, \u00e0 \u00eatre physiquement actifs. Le programme inclusif vise \u00e0 mieux faire conna\u00eetre le parasport et \u00e0 promouvoir un changement positif de l\u2019attitude envers la d\u00e9ficience. Comment fonctionne [&hellip;]\" \/>\n<meta property=\"og:url\" content=\"https:\/\/www.wheelchairbasketball.ca\/fr\/programmes\/programme-scolaire\/\" \/>\n<meta property=\"og:site_name\" content=\"Wheelchair Basketball Canada\" \/>\n<meta property=\"article:publisher\" content=\"http:\/\/www.facebook.com\/wheelchairbasketball\" \/>\n<meta property=\"article:modified_time\" content=\"2024-11-14T16:14:54+00:00\" \/>\n<meta property=\"og:image\" content=\"https:\/\/www.wheelchairbasketball.ca\/wp-content\/uploads\/2015\/03\/SchoolsProgram-Feature-f.jpg\" \/>\n\t<meta property=\"og:image:width\" content=\"1400\" \/>\n\t<meta property=\"og:image:height\" content=\"600\" \/>\n\t<meta property=\"og:image:type\" content=\"image\/jpeg\" \/>\n<meta name=\"twitter:card\" content=\"summary_large_image\" \/>\n<meta name=\"twitter:site\" content=\"@WCBballCanada\" \/>\n<meta name=\"twitter:label1\" content=\"Dur\u00e9e de lecture estim\u00e9e\" \/>\n\t<meta name=\"twitter:data1\" content=\"3 minutes\" \/>\n<script type=\"application\/ld+json\" class=\"yoast-schema-graph\">{\"@context\":\"https:\/\/schema.org\",\"@graph\":[{\"@type\":\"WebPage\",\"@id\":\"https:\/\/www.wheelchairbasketball.ca\/fr\/programmes\/programme-scolaire\/\",\"url\":\"https:\/\/www.wheelchairbasketball.ca\/fr\/programmes\/programme-scolaire\/\",\"name\":\"Programme scolaire - Wheelchair Basketball Canada\",\"isPartOf\":{\"@id\":\"https:\/\/www.wheelchairbasketball.ca\/#website\"},\"datePublished\":\"2015-03-31T13:52:44+00:00\",\"dateModified\":\"2024-11-14T16:14:54+00:00\",\"breadcrumb\":{\"@id\":\"https:\/\/www.wheelchairbasketball.ca\/fr\/programmes\/programme-scolaire\/#breadcrumb\"},\"inLanguage\":\"fr-FR\",\"potentialAction\":[{\"@type\":\"ReadAction\",\"target\":[\"https:\/\/www.wheelchairbasketball.ca\/fr\/programmes\/programme-scolaire\/\"]}]},{\"@type\":\"BreadcrumbList\",\"@id\":\"https:\/\/www.wheelchairbasketball.ca\/fr\/programmes\/programme-scolaire\/#breadcrumb\",\"itemListElement\":[{\"@type\":\"ListItem\",\"position\":1,\"name\":\"Home\",\"item\":\"https:\/\/www.wheelchairbasketball.ca\/fr\/\"},{\"@type\":\"ListItem\",\"position\":2,\"name\":\"Programmes\",\"item\":\"https:\/\/www.wheelchairbasketball.ca\/fr\/programmes\/\"},{\"@type\":\"ListItem\",\"position\":3,\"name\":\"Programme scolaire\"}]},{\"@type\":\"WebSite\",\"@id\":\"https:\/\/www.wheelchairbasketball.ca\/#website\",\"url\":\"https:\/\/www.wheelchairbasketball.ca\/\",\"name\":\"Wheelchair Basketball Canada\",\"description\":\"Real Life. Real Sport.\",\"potentialAction\":[{\"@type\":\"SearchAction\",\"target\":{\"@type\":\"EntryPoint\",\"urlTemplate\":\"https:\/\/www.wheelchairbasketball.ca\/?s={search_term_string}\"},\"query-input\":\"required name=search_term_string\"}],\"inLanguage\":\"fr-FR\"}]}<\/script>\n<!-- \/ Yoast SEO plugin. -->","yoast_head_json":{"title":"Programme scolaire - Wheelchair Basketball Canada","robots":{"index":"index","follow":"follow","max-snippet":"max-snippet:-1","max-image-preview":"max-image-preview:large","max-video-preview":"max-video-preview:-1"},"canonical":"https:\/\/www.wheelchairbasketball.ca\/fr\/programmes\/programme-scolaire\/","og_locale":"fr_FR","og_type":"article","og_title":"Programme scolaire - Wheelchair Basketball Canada","og_description":"Le Programme scolaire est con\u00e7u pour \u00e9duquer les enseignants et les \u00e9tudiants \u00e0 propos du sport du basketball en fauteuil roulant et encourager les jeunes, handicap\u00e9s ou non, \u00e0 \u00eatre physiquement actifs. Le programme inclusif vise \u00e0 mieux faire conna\u00eetre le parasport et \u00e0 promouvoir un changement positif de l\u2019attitude envers la d\u00e9ficience. Comment fonctionne [&hellip;]","og_url":"https:\/\/www.wheelchairbasketball.ca\/fr\/programmes\/programme-scolaire\/","og_site_name":"Wheelchair Basketball Canada","article_publisher":"http:\/\/www.facebook.com\/wheelchairbasketball","article_modified_time":"2024-11-14T16:14:54+00:00","og_image":[{"width":1400,"height":600,"url":"https:\/\/www.wheelchairbasketball.ca\/wp-content\/uploads\/2015\/03\/SchoolsProgram-Feature-f.jpg","type":"image\/jpeg"}],"twitter_card":"summary_large_image","twitter_site":"@WCBballCanada","twitter_misc":{"Dur\u00e9e de lecture estim\u00e9e":"3 minutes"},"schema":{"@context":"https:\/\/schema.org","@graph":[{"@type":"WebPage","@id":"https:\/\/www.wheelchairbasketball.ca\/fr\/programmes\/programme-scolaire\/","url":"https:\/\/www.wheelchairbasketball.ca\/fr\/programmes\/programme-scolaire\/","name":"Programme scolaire - Wheelchair Basketball Canada","isPartOf":{"@id":"https:\/\/www.wheelchairbasketball.ca\/#website"},"datePublished":"2015-03-31T13:52:44+00:00","dateModified":"2024-11-14T16:14:54+00:00","breadcrumb":{"@id":"https:\/\/www.wheelchairbasketball.ca\/fr\/programmes\/programme-scolaire\/#breadcrumb"},"inLanguage":"fr-FR","potentialAction":[{"@type":"ReadAction","target":["https:\/\/www.wheelchairbasketball.ca\/fr\/programmes\/programme-scolaire\/"]}]},{"@type":"BreadcrumbList","@id":"https:\/\/www.wheelchairbasketball.ca\/fr\/programmes\/programme-scolaire\/#breadcrumb","itemListElement":[{"@type":"ListItem","position":1,"name":"Home","item":"https:\/\/www.wheelchairbasketball.ca\/fr\/"},{"@type":"ListItem","position":2,"name":"Programmes","item":"https:\/\/www.wheelchairbasketball.ca\/fr\/programmes\/"},{"@type":"ListItem","position":3,"name":"Programme scolaire"}]},{"@type":"WebSite","@id":"https:\/\/www.wheelchairbasketball.ca\/#website","url":"https:\/\/www.wheelchairbasketball.ca\/","name":"Wheelchair Basketball Canada","description":"Real Life. Real Sport.","potentialAction":[{"@type":"SearchAction","target":{"@type":"EntryPoint","urlTemplate":"https:\/\/www.wheelchairbasketball.ca\/?s={search_term_string}"},"query-input":"required name=search_term_string"}],"inLanguage":"fr-FR"}]}},"_links":{"self":[{"href":"https:\/\/www.wheelchairbasketball.ca\/fr\/wp-json\/wp\/v2\/pages\/1265"}],"collection":[{"href":"https:\/\/www.wheelchairbasketball.ca\/fr\/wp-json\/wp\/v2\/pages"}],"about":[{"href":"https:\/\/www.wheelchairbasketball.ca\/fr\/wp-json\/wp\/v2\/types\/page"}],"author":[{"embeddable":true,"href":"https:\/\/www.wheelchairbasketball.ca\/fr\/wp-json\/wp\/v2\/users\/4"}],"replies":[{"embeddable":true,"href":"https:\/\/www.wheelchairbasketball.ca\/fr\/wp-json\/wp\/v2\/comments?post=1265"}],"version-history":[{"count":12,"href":"https:\/\/www.wheelchairbasketball.ca\/fr\/wp-json\/wp\/v2\/pages\/1265\/revisions"}],"predecessor-version":[{"id":21921,"href":"https:\/\/www.wheelchairbasketball.ca\/fr\/wp-json\/wp\/v2\/pages\/1265\/revisions\/21921"}],"up":[{"embeddable":true,"href":"https:\/\/www.wheelchairbasketball.ca\/fr\/wp-json\/wp\/v2\/pages\/1210"}],"wp:featuredmedia":[{"embeddable":true,"href":"https:\/\/www.wheelchairbasketball.ca\/fr\/wp-json\/wp\/v2\/media\/7103"}],"wp:attachment":[{"href":"https:\/\/www.wheelchairbasketball.ca\/fr\/wp-json\/wp\/v2\/media?parent=1265"}],"curies":[{"name":"wp","href":"https:\/\/api.w.org\/{rel}","templated":true}]}}