{"id":1267,"date":"2015-03-31T13:59:39","date_gmt":"2015-03-31T13:59:39","guid":{"rendered":"https:\/\/www.wheelchairbasketball.ca\/?page_id=1267"},"modified":"2019-07-15T20:00:52","modified_gmt":"2019-07-15T20:00:52","slug":"financement-de-projets-speciaux","status":"publish","type":"page","link":"https:\/\/www.wheelchairbasketball.ca\/fr\/programmes\/financement-de-projets-speciaux\/","title":{"rendered":"Financement de projets sp\u00e9ciaux"},"content":{"rendered":"<p>Basketball en fauteuil roulant Canada s\u2019engage \u00e0 offrir d\u2019amples occasions et un soutien \u00e0 tous les clubs et organismes provinciaux de sport au Canada.<\/p>\n<p>Dans le but d\u2019assurer un leadership et de fournir des ressources pour accro\u00eetre la croissance mesurable de la participation ainsi que d\u2019offrir des occasions qui encourageront une participation et une comp\u00e9tition appropri\u00e9es et pertinentes, l\u2019organisation voue des ressources financi\u00e8res au financement de projets sp\u00e9ciaux, pour lequel les clubs et les organismes provinciaux de sport peuvent faire une demande chaque ann\u00e9e.<\/p>\n<p>Le financement de projets sp\u00e9ciaux met l\u2019accent sur les premiers stades du mod\u00e8le de d\u00e9veloppment \u00e0 long terme de l\u2019athl\u00e8te (DLTA) de basketball en fauteuil roulant, tout particuli\u00e8rement Premier contact\/recrutement jusqu\u2019au stade S\u2019entra\u00eener \u00e0 s\u2019entra\u00eener, en plus des stades de comp\u00e9tition et de Vie active.<\/p>\n<p>Les projets qui se conforment de pr\u00e8s aux buts et aux strat\u00e9gies qui sont \u00e9nonc\u00e9s dans notre Plan strat\u00e9gique sont pris en consid\u00e9ration.<\/p>\n<p>Des renseignements sur l\u2019admissibilit\u00e9 et le processus de demande se trouvent dans les formulaires qui peuvent \u00eatre t\u00e9l\u00e9charg\u00e9s ci-dessous.<\/p>\n<h3>2019-2020<\/h3>\n<p>Un financement est offert pour les projets se d\u00e9roulant entre le 1er avril 2019 et le 31 mars 2020.<\/p>\n<p>Les demandes de financement de projets sp\u00e9ciaux doivent \u00eatre envoy\u00e9es au plus tard en fin de journ\u00e9e, le <strong>31 ao\u00fbt 2019<\/strong>. Les demandes re\u00e7ues apr\u00e8s cette date ne seront pas prises en consid\u00e9ration.<\/p>\n<ul>\n<li><a href=\"https:\/\/www.wheelchairbasketball.ca\/wp-content\/uploads\/2019\/07\/Financement-de-projets-spe\u0301ciaux-2019-20_Final.pdf\">Financement de projets spe\u0301ciaux 2019-20<\/a><\/li>\n<li><a href=\"https:\/\/docs.google.com\/forms\/d\/e\/1FAIpQLSfgcoZus8YhwoazX1tZQEGHeVNpHId_0yQBbjl5_GQowWmDTg\/viewform\" rel=\"noopener noreferrer\" target=\"_blank\">Demand de Financement de Projets Sp\u00e9ciaux 2019-20<\/a><\/li>\n<li><a href=\"https:\/\/docs.google.com\/forms\/d\/e\/1FAIpQLSeQo7SLdS6F29MxtlxYAv4rPbn3v6fyvPSYrg__bSA6QnNQ6g\/viewform\" rel=\"noopener noreferrer\" target=\"_blank\">Rapport sur le financement de projets speciaux 2019-20<\/a><\/li>\n<\/ul>\n<p>Pour plus de renseignements, veuillez contacter Sean Liebich, coordonnateur de programme, au 613-260-1296, poste 202, ou \u00e0 <a href=\"mailto:s&#108;&#105;&#101;&#98;&#105;&#99;&#104;&#64;&#119;&#104;&#x65;&#x65;&#x6c;&#x63;&#x68;&#x61;&#x69;&#x72;&#x62;&#x61;&#x73;&#x6b;&#x65;&#x74;&#x62;all&#46;ca\">&#115;l&#105;e&#98;i&#x63;h&#x40;w&#x68;e&#x65;l&#x63;h&#x61;i&#x72;b&#x61;s&#x6b;e&#x74;&#98;&#x61;&#108;&#x6c;&#46;&#x63;&#97;<\/a>.<\/p>\n","protected":false},"excerpt":{"rendered":"Basketball en fauteuil roulant Canada s\u2019engage \u00e0 offrir d\u2019amples occasions et un soutien \u00e0 tous les clubs et organismes provinciaux de sport au Canada. Dans le but d\u2019assurer un leadership et de fournir des ressources pour accro\u00eetre la croissance mesurable de la participation ainsi que d\u2019offrir des occasions qui encourageront une participation et une comp\u00e9tition [&hellip;]","protected":false},"author":4,"featured_media":12854,"parent":1210,"menu_order":6,"comment_status":"closed","ping_status":"closed","template":"","meta":{"om_disable_all_campaigns":false,"_monsterinsights_skip_tracking":false,"_monsterinsights_sitenote_active":false,"_monsterinsights_sitenote_note":"","_monsterinsights_sitenote_category":0,"footnotes":""},"acf":[],"yoast_head":"<!-- This site is optimized with the Yoast SEO plugin v21.9.1 - https:\/\/yoast.com\/wordpress\/plugins\/seo\/ -->\n<title>Financement de projets sp\u00e9ciaux - Wheelchair Basketball Canada<\/title>\n<meta name=\"robots\" content=\"index, follow, max-snippet:-1, max-image-preview:large, max-video-preview:-1\" \/>\n<link rel=\"canonical\" href=\"https:\/\/www.wheelchairbasketball.ca\/programs\/special-project-funding\/\" \/>\n<meta property=\"og:locale\" content=\"fr_FR\" \/>\n<meta property=\"og:type\" content=\"article\" \/>\n<meta property=\"og:title\" content=\"Financement de projets sp\u00e9ciaux - Wheelchair Basketball Canada\" \/>\n<meta property=\"og:description\" content=\"Basketball en fauteuil roulant Canada s\u2019engage \u00e0 offrir d\u2019amples occasions et un soutien \u00e0 tous les clubs et organismes provinciaux de sport au Canada. Dans le but d\u2019assurer un leadership et de fournir des ressources pour accro\u00eetre la croissance mesurable de la participation ainsi que d\u2019offrir des occasions qui encourageront une participation et une comp\u00e9tition [&hellip;]\" \/>\n<meta property=\"og:url\" content=\"https:\/\/www.wheelchairbasketball.ca\/programs\/special-project-funding\/\" \/>\n<meta property=\"og:site_name\" content=\"Wheelchair Basketball Canada\" \/>\n<meta property=\"article:publisher\" content=\"http:\/\/www.facebook.com\/wheelchairbasketball\" \/>\n<meta property=\"article:modified_time\" content=\"2019-07-15T20:00:52+00:00\" \/>\n<meta property=\"og:image\" content=\"https:\/\/www.wheelchairbasketball.ca\/wp-content\/uploads\/2018\/08\/SPF-feature.jpg\" \/>\n\t<meta property=\"og:image:width\" content=\"1400\" \/>\n\t<meta property=\"og:image:height\" content=\"600\" \/>\n\t<meta property=\"og:image:type\" content=\"image\/jpeg\" \/>\n<meta name=\"twitter:card\" content=\"summary_large_image\" \/>\n<meta name=\"twitter:site\" content=\"@WCBballCanada\" \/>\n<meta name=\"twitter:label1\" content=\"Dur\u00e9e de lecture estim\u00e9e\" \/>\n\t<meta name=\"twitter:data1\" content=\"1 minute\" \/>\n<script type=\"application\/ld+json\" class=\"yoast-schema-graph\">{\"@context\":\"https:\/\/schema.org\",\"@graph\":[{\"@type\":\"WebPage\",\"@id\":\"https:\/\/www.wheelchairbasketball.ca\/programs\/special-project-funding\/\",\"url\":\"https:\/\/www.wheelchairbasketball.ca\/programs\/special-project-funding\/\",\"name\":\"Financement de projets sp\u00e9ciaux - Wheelchair Basketball Canada\",\"isPartOf\":{\"@id\":\"https:\/\/www.wheelchairbasketball.ca\/#website\"},\"datePublished\":\"2015-03-31T13:59:39+00:00\",\"dateModified\":\"2019-07-15T20:00:52+00:00\",\"breadcrumb\":{\"@id\":\"https:\/\/www.wheelchairbasketball.ca\/programs\/special-project-funding\/#breadcrumb\"},\"inLanguage\":\"fr-FR\",\"potentialAction\":[{\"@type\":\"ReadAction\",\"target\":[\"https:\/\/www.wheelchairbasketball.ca\/programs\/special-project-funding\/\"]}]},{\"@type\":\"BreadcrumbList\",\"@id\":\"https:\/\/www.wheelchairbasketball.ca\/programs\/special-project-funding\/#breadcrumb\",\"itemListElement\":[{\"@type\":\"ListItem\",\"position\":1,\"name\":\"Home\",\"item\":\"https:\/\/www.wheelchairbasketball.ca\/fr\/\"},{\"@type\":\"ListItem\",\"position\":2,\"name\":\"Programmes\",\"item\":\"https:\/\/www.wheelchairbasketball.ca\/fr\/programmes\/\"},{\"@type\":\"ListItem\",\"position\":3,\"name\":\"Financement de projets sp\u00e9ciaux\"}]},{\"@type\":\"WebSite\",\"@id\":\"https:\/\/www.wheelchairbasketball.ca\/#website\",\"url\":\"https:\/\/www.wheelchairbasketball.ca\/\",\"name\":\"Wheelchair Basketball Canada\",\"description\":\"Real Life. Real Sport.\",\"potentialAction\":[{\"@type\":\"SearchAction\",\"target\":{\"@type\":\"EntryPoint\",\"urlTemplate\":\"https:\/\/www.wheelchairbasketball.ca\/?s={search_term_string}\"},\"query-input\":\"required name=search_term_string\"}],\"inLanguage\":\"fr-FR\"}]}<\/script>\n<!-- \/ Yoast SEO plugin. -->","yoast_head_json":{"title":"Financement de projets sp\u00e9ciaux - Wheelchair Basketball Canada","robots":{"index":"index","follow":"follow","max-snippet":"max-snippet:-1","max-image-preview":"max-image-preview:large","max-video-preview":"max-video-preview:-1"},"canonical":"https:\/\/www.wheelchairbasketball.ca\/programs\/special-project-funding\/","og_locale":"fr_FR","og_type":"article","og_title":"Financement de projets sp\u00e9ciaux - Wheelchair Basketball Canada","og_description":"Basketball en fauteuil roulant Canada s\u2019engage \u00e0 offrir d\u2019amples occasions et un soutien \u00e0 tous les clubs et organismes provinciaux de sport au Canada. Dans le but d\u2019assurer un leadership et de fournir des ressources pour accro\u00eetre la croissance mesurable de la participation ainsi que d\u2019offrir des occasions qui encourageront une participation et une comp\u00e9tition [&hellip;]","og_url":"https:\/\/www.wheelchairbasketball.ca\/programs\/special-project-funding\/","og_site_name":"Wheelchair Basketball Canada","article_publisher":"http:\/\/www.facebook.com\/wheelchairbasketball","article_modified_time":"2019-07-15T20:00:52+00:00","og_image":[{"width":1400,"height":600,"url":"https:\/\/www.wheelchairbasketball.ca\/wp-content\/uploads\/2018\/08\/SPF-feature.jpg","type":"image\/jpeg"}],"twitter_card":"summary_large_image","twitter_site":"@WCBballCanada","twitter_misc":{"Dur\u00e9e de lecture estim\u00e9e":"1 minute"},"schema":{"@context":"https:\/\/schema.org","@graph":[{"@type":"WebPage","@id":"https:\/\/www.wheelchairbasketball.ca\/programs\/special-project-funding\/","url":"https:\/\/www.wheelchairbasketball.ca\/programs\/special-project-funding\/","name":"Financement de projets sp\u00e9ciaux - Wheelchair Basketball Canada","isPartOf":{"@id":"https:\/\/www.wheelchairbasketball.ca\/#website"},"datePublished":"2015-03-31T13:59:39+00:00","dateModified":"2019-07-15T20:00:52+00:00","breadcrumb":{"@id":"https:\/\/www.wheelchairbasketball.ca\/programs\/special-project-funding\/#breadcrumb"},"inLanguage":"fr-FR","potentialAction":[{"@type":"ReadAction","target":["https:\/\/www.wheelchairbasketball.ca\/programs\/special-project-funding\/"]}]},{"@type":"BreadcrumbList","@id":"https:\/\/www.wheelchairbasketball.ca\/programs\/special-project-funding\/#breadcrumb","itemListElement":[{"@type":"ListItem","position":1,"name":"Home","item":"https:\/\/www.wheelchairbasketball.ca\/fr\/"},{"@type":"ListItem","position":2,"name":"Programmes","item":"https:\/\/www.wheelchairbasketball.ca\/fr\/programmes\/"},{"@type":"ListItem","position":3,"name":"Financement de projets sp\u00e9ciaux"}]},{"@type":"WebSite","@id":"https:\/\/www.wheelchairbasketball.ca\/#website","url":"https:\/\/www.wheelchairbasketball.ca\/","name":"Wheelchair Basketball Canada","description":"Real Life. Real Sport.","potentialAction":[{"@type":"SearchAction","target":{"@type":"EntryPoint","urlTemplate":"https:\/\/www.wheelchairbasketball.ca\/?s={search_term_string}"},"query-input":"required name=search_term_string"}],"inLanguage":"fr-FR"}]}},"_links":{"self":[{"href":"https:\/\/www.wheelchairbasketball.ca\/fr\/wp-json\/wp\/v2\/pages\/1267"}],"collection":[{"href":"https:\/\/www.wheelchairbasketball.ca\/fr\/wp-json\/wp\/v2\/pages"}],"about":[{"href":"https:\/\/www.wheelchairbasketball.ca\/fr\/wp-json\/wp\/v2\/types\/page"}],"author":[{"embeddable":true,"href":"https:\/\/www.wheelchairbasketball.ca\/fr\/wp-json\/wp\/v2\/users\/4"}],"replies":[{"embeddable":true,"href":"https:\/\/www.wheelchairbasketball.ca\/fr\/wp-json\/wp\/v2\/comments?post=1267"}],"version-history":[{"count":10,"href":"https:\/\/www.wheelchairbasketball.ca\/fr\/wp-json\/wp\/v2\/pages\/1267\/revisions"}],"predecessor-version":[{"id":13135,"href":"https:\/\/www.wheelchairbasketball.ca\/fr\/wp-json\/wp\/v2\/pages\/1267\/revisions\/13135"}],"up":[{"embeddable":true,"href":"https:\/\/www.wheelchairbasketball.ca\/fr\/wp-json\/wp\/v2\/pages\/1210"}],"wp:featuredmedia":[{"embeddable":true,"href":"https:\/\/www.wheelchairbasketball.ca\/fr\/wp-json\/wp\/v2\/media\/12854"}],"wp:attachment":[{"href":"https:\/\/www.wheelchairbasketball.ca\/fr\/wp-json\/wp\/v2\/media?parent=1267"}],"curies":[{"name":"wp","href":"https:\/\/api.w.org\/{rel}","templated":true}]}}