{"id":1273,"date":"2015-03-31T14:12:05","date_gmt":"2015-03-31T14:12:05","guid":{"rendered":"https:\/\/www.wheelchairbasketball.ca\/?page_id=1273"},"modified":"2024-11-07T22:17:09","modified_gmt":"2024-11-07T22:17:09","slug":"jeux-paralympiques","status":"publish","type":"page","link":"https:\/\/www.wheelchairbasketball.ca\/fr\/evenements\/jeux-paralympiques\/","title":{"rendered":"Jeux paralympiques"},"content":{"rendered":"<p>Les Jeux paralympiques sont un \u00e9v\u00e9nement sportif d&rsquo;\u00e9lite auquels prennent part des athl\u00e8tes de classe mondiale avec un handicap physique. Les Jeux paralympiques soulignent toutefois les r\u00e9alisations sportives des participants et des participantes plut\u00f4t que leur d\u00e9ficience. Le <a title=\"Comit\u00e9 International Paralympique \" href=\"http:\/\/www.paralympic.org\/\" target=\"_blank\" rel=\"noopener\">Comit\u00e9 International Paralympique <\/a>(IPC) est l\u2019instance internationale responsable des Jeux paralympiques.<\/p>\n<h3>Histoire<\/h3>\n<p>Le mouvement paralympique a beaucoup \u00e9volu\u00e9 depuis ses d\u00e9buts. Le nombre d\u2019athl\u00e8tes qui participent aux Jeux paralympiques d\u2019\u00e9t\u00e9 a augment\u00e9 de 400 athl\u00e8tes de 23 pays \u00e0 Rome, en 1960, \u00e0 4 237 athl\u00e8tes de 164 pays \u00e0 Londres, en 2012.<\/p>\n<p>L&rsquo;origine des Jeux paralympiques remonte \u00e0 1948 lorsque Sir Ludwig Guttmann a organis\u00e9 une comp\u00e9tition sportive pour les v\u00e9t\u00e9rans de la Seconde Guerre mondiale avec une l\u00e9sion de la moelle \u00e9pini\u00e8re \u00e0 Stoke Mandeville, en Angleterre. Quatre ans plus tard, les concurrents des Pays-Bas a rejoint le jeux et un mouvement international \u00e9tait n\u00e9. Des Jeux de style olympique pour les personnes ayant une d\u00e9ficience ont \u00e9t\u00e9 tenus pour la premi\u00e8re fois en 1960, \u00e0 Rome. Ils sont d\u2019ailleurs consid\u00e9r\u00e9s comme les premiers Jeux paralympiques. <span lang=\"FR-CA\">\u00c0 Toronto, en 1996, on ajouta d\u2019autres groupes d\u2019athl\u00e8tes ayant une d\u00e9ficience et, ainsi, est n\u00e9e l\u2019id\u00e9e d\u2019unifier des athl\u00e8tes ayant diff\u00e9rentes d\u00e9ficiences en vue des comp\u00e9titions sportives internationales. Cette m\u00eame ann\u00e9e, les premiers Jeux paralympiques d\u2019hiver ont eu lieu en Su\u00e8de<\/span><span lang=\"FR-CA\">.<\/span><\/p>\n<p>Les Jeux paralympiques se tiennent toujours la m\u00eame ann\u00e9e que les Jeux olympiques. Depuis les Jeux paralympiques 1988 \u00e0 S\u00e9oul et les Jeux paralympiques d&rsquo;hiver 1992 \u00e0 Albertville, ils sont organis\u00e9s sur les m\u00eames sites que ceux des Jeux olympiques. Le 19 juin 2001, un accord fut sign\u00e9 entre le <a title=\"Comit\u00e9\u00a0International Olympique\" href=\"http:\/\/www.olympic.org\/fr\/\" target=\"_blank\" rel=\"noopener\">Comit\u00e9\u00a0International Olympique<\/a>\u00a0(CIO) et le <a title=\"Comit\u00e9 International Paralympique\" href=\"http:\/\/www.paralympic.org\/\" target=\"_blank\" rel=\"noopener\">Comit\u00e9 International Paralympique<\/a> (IPC) visant \u00e0 garantir cette pratique \u00e0 l\u2019avenir. Cet accord confirmait qu&rsquo;\u00e0 compter du processus de mise en candidature de 2012, la ville h\u00f4te choisie pour les Jeux olympiques serait aussi tenue d\u2019\u00eatre l\u2019h\u00f4te des Jeux paralympiques.<\/p>\n<h3>Basketball en fauteuil roulant aux Jeux paralympiques<\/h3>\n<p>Le basketball en fauteuil roulant est l&rsquo;un des sports le plus comp\u00e9titif et dynamique contest\u00e9\u00a0aux Jeux paralympiques d&rsquo;\u00e9t\u00e9. Le sport fait partie du programme paralympique depuis les premiers Jeux officiels \u00e0 Rome en 1960. La comp\u00e9tition f\u00e9minine a rejoint le programme lors des Jeux de Tel-Aviv en 1968.<\/p>\n<h3>Jeux du pass\u00e9<\/h3>\n<p><a href=\"https:\/\/www.wheelchairbasketball.ca\/fr\/event\/jeux-paralympiques-de-paris-2024\/\">Jeux paralympiques de Paris 2024<\/a><\/p>\n<p><a href=\"https:\/\/www.wheelchairbasketball.ca\/fr\/event\/jeux-paralympiques-de-tokyo-2020\/?t=\">Jeux paralympiques de Tokyo 2020<\/a><\/p>\n<p><a href=\"https:\/\/www.wheelchairbasketball.ca\/fr\/evenements\/jeux-paralympiques\/rio-2016\/\">Jeux paralympiques de 2016 \u00e0 Rio<\/a><\/p>\n<p><a href=\"https:\/\/www.wheelchairbasketball.ca\/fr\/evenements\/jeux-paralympiques\/jeux-paralympiques-de-londres-2012\/\">Jeux paralympiques de 2012 \u00e0 Londres<\/a><\/p>\n<p>&nbsp;<\/p>\n","protected":false},"excerpt":{"rendered":"Les Jeux paralympiques sont un \u00e9v\u00e9nement sportif d&rsquo;\u00e9lite auquels prennent part des athl\u00e8tes de classe mondiale avec un handicap physique. Les Jeux paralympiques soulignent toutefois les r\u00e9alisations sportives des participants et des participantes plut\u00f4t que leur d\u00e9ficience. Le Comit\u00e9 International Paralympique (IPC) est l\u2019instance internationale responsable des Jeux paralympiques. Histoire Le mouvement paralympique a beaucoup [&hellip;]","protected":false},"author":4,"featured_media":11228,"parent":1689,"menu_order":2,"comment_status":"closed","ping_status":"closed","template":"","meta":{"om_disable_all_campaigns":false,"_monsterinsights_skip_tracking":false,"_monsterinsights_sitenote_active":false,"_monsterinsights_sitenote_note":"","_monsterinsights_sitenote_category":0,"footnotes":""},"acf":[],"yoast_head":"<!-- This site is optimized with the Yoast SEO plugin v21.9.1 - https:\/\/yoast.com\/wordpress\/plugins\/seo\/ -->\n<title>Jeux paralympiques - Wheelchair Basketball Canada<\/title>\n<meta name=\"robots\" content=\"index, follow, max-snippet:-1, max-image-preview:large, max-video-preview:-1\" \/>\n<link rel=\"canonical\" href=\"https:\/\/www.wheelchairbasketball.ca\/fr\/evenements\/jeux-paralympiques\/\" \/>\n<meta property=\"og:locale\" content=\"fr_FR\" \/>\n<meta property=\"og:type\" content=\"article\" \/>\n<meta property=\"og:title\" content=\"Jeux paralympiques - Wheelchair Basketball Canada\" \/>\n<meta property=\"og:description\" content=\"Les Jeux paralympiques sont un \u00e9v\u00e9nement sportif d&rsquo;\u00e9lite auquels prennent part des athl\u00e8tes de classe mondiale avec un handicap physique. Les Jeux paralympiques soulignent toutefois les r\u00e9alisations sportives des participants et des participantes plut\u00f4t que leur d\u00e9ficience. Le Comit\u00e9 International Paralympique (IPC) est l\u2019instance internationale responsable des Jeux paralympiques. Histoire Le mouvement paralympique a beaucoup [&hellip;]\" \/>\n<meta property=\"og:url\" content=\"https:\/\/www.wheelchairbasketball.ca\/fr\/evenements\/jeux-paralympiques\/\" \/>\n<meta property=\"og:site_name\" content=\"Wheelchair Basketball Canada\" \/>\n<meta property=\"article:publisher\" content=\"http:\/\/www.facebook.com\/wheelchairbasketball\" \/>\n<meta property=\"article:modified_time\" content=\"2024-11-07T22:17:09+00:00\" \/>\n<meta property=\"og:image\" content=\"https:\/\/www.wheelchairbasketball.ca\/wp-content\/uploads\/2015\/03\/Paralympics-Feature-Image.jpg\" \/>\n\t<meta property=\"og:image:width\" content=\"1400\" \/>\n\t<meta property=\"og:image:height\" content=\"600\" \/>\n\t<meta property=\"og:image:type\" content=\"image\/jpeg\" \/>\n<meta name=\"twitter:card\" content=\"summary_large_image\" \/>\n<meta name=\"twitter:site\" content=\"@WCBballCanada\" \/>\n<meta name=\"twitter:label1\" content=\"Dur\u00e9e de lecture estim\u00e9e\" \/>\n\t<meta name=\"twitter:data1\" content=\"2 minutes\" \/>\n<script type=\"application\/ld+json\" class=\"yoast-schema-graph\">{\"@context\":\"https:\/\/schema.org\",\"@graph\":[{\"@type\":\"WebPage\",\"@id\":\"https:\/\/www.wheelchairbasketball.ca\/fr\/evenements\/jeux-paralympiques\/\",\"url\":\"https:\/\/www.wheelchairbasketball.ca\/fr\/evenements\/jeux-paralympiques\/\",\"name\":\"Jeux paralympiques - Wheelchair Basketball Canada\",\"isPartOf\":{\"@id\":\"https:\/\/www.wheelchairbasketball.ca\/#website\"},\"datePublished\":\"2015-03-31T14:12:05+00:00\",\"dateModified\":\"2024-11-07T22:17:09+00:00\",\"breadcrumb\":{\"@id\":\"https:\/\/www.wheelchairbasketball.ca\/fr\/evenements\/jeux-paralympiques\/#breadcrumb\"},\"inLanguage\":\"fr-FR\",\"potentialAction\":[{\"@type\":\"ReadAction\",\"target\":[\"https:\/\/www.wheelchairbasketball.ca\/fr\/evenements\/jeux-paralympiques\/\"]}]},{\"@type\":\"BreadcrumbList\",\"@id\":\"https:\/\/www.wheelchairbasketball.ca\/fr\/evenements\/jeux-paralympiques\/#breadcrumb\",\"itemListElement\":[{\"@type\":\"ListItem\",\"position\":1,\"name\":\"Home\",\"item\":\"https:\/\/www.wheelchairbasketball.ca\/fr\/\"},{\"@type\":\"ListItem\",\"position\":2,\"name\":\"\u00c9v\u00e9nements\",\"item\":\"https:\/\/www.wheelchairbasketball.ca\/fr\/evenements\/\"},{\"@type\":\"ListItem\",\"position\":3,\"name\":\"Jeux paralympiques\"}]},{\"@type\":\"WebSite\",\"@id\":\"https:\/\/www.wheelchairbasketball.ca\/#website\",\"url\":\"https:\/\/www.wheelchairbasketball.ca\/\",\"name\":\"Wheelchair Basketball Canada\",\"description\":\"Real Life. Real Sport.\",\"potentialAction\":[{\"@type\":\"SearchAction\",\"target\":{\"@type\":\"EntryPoint\",\"urlTemplate\":\"https:\/\/www.wheelchairbasketball.ca\/?s={search_term_string}\"},\"query-input\":\"required name=search_term_string\"}],\"inLanguage\":\"fr-FR\"}]}<\/script>\n<!-- \/ Yoast SEO plugin. -->","yoast_head_json":{"title":"Jeux paralympiques - Wheelchair Basketball Canada","robots":{"index":"index","follow":"follow","max-snippet":"max-snippet:-1","max-image-preview":"max-image-preview:large","max-video-preview":"max-video-preview:-1"},"canonical":"https:\/\/www.wheelchairbasketball.ca\/fr\/evenements\/jeux-paralympiques\/","og_locale":"fr_FR","og_type":"article","og_title":"Jeux paralympiques - Wheelchair Basketball Canada","og_description":"Les Jeux paralympiques sont un \u00e9v\u00e9nement sportif d&rsquo;\u00e9lite auquels prennent part des athl\u00e8tes de classe mondiale avec un handicap physique. Les Jeux paralympiques soulignent toutefois les r\u00e9alisations sportives des participants et des participantes plut\u00f4t que leur d\u00e9ficience. Le Comit\u00e9 International Paralympique (IPC) est l\u2019instance internationale responsable des Jeux paralympiques. Histoire Le mouvement paralympique a beaucoup [&hellip;]","og_url":"https:\/\/www.wheelchairbasketball.ca\/fr\/evenements\/jeux-paralympiques\/","og_site_name":"Wheelchair Basketball Canada","article_publisher":"http:\/\/www.facebook.com\/wheelchairbasketball","article_modified_time":"2024-11-07T22:17:09+00:00","og_image":[{"width":1400,"height":600,"url":"https:\/\/www.wheelchairbasketball.ca\/wp-content\/uploads\/2015\/03\/Paralympics-Feature-Image.jpg","type":"image\/jpeg"}],"twitter_card":"summary_large_image","twitter_site":"@WCBballCanada","twitter_misc":{"Dur\u00e9e de lecture estim\u00e9e":"2 minutes"},"schema":{"@context":"https:\/\/schema.org","@graph":[{"@type":"WebPage","@id":"https:\/\/www.wheelchairbasketball.ca\/fr\/evenements\/jeux-paralympiques\/","url":"https:\/\/www.wheelchairbasketball.ca\/fr\/evenements\/jeux-paralympiques\/","name":"Jeux paralympiques - Wheelchair Basketball Canada","isPartOf":{"@id":"https:\/\/www.wheelchairbasketball.ca\/#website"},"datePublished":"2015-03-31T14:12:05+00:00","dateModified":"2024-11-07T22:17:09+00:00","breadcrumb":{"@id":"https:\/\/www.wheelchairbasketball.ca\/fr\/evenements\/jeux-paralympiques\/#breadcrumb"},"inLanguage":"fr-FR","potentialAction":[{"@type":"ReadAction","target":["https:\/\/www.wheelchairbasketball.ca\/fr\/evenements\/jeux-paralympiques\/"]}]},{"@type":"BreadcrumbList","@id":"https:\/\/www.wheelchairbasketball.ca\/fr\/evenements\/jeux-paralympiques\/#breadcrumb","itemListElement":[{"@type":"ListItem","position":1,"name":"Home","item":"https:\/\/www.wheelchairbasketball.ca\/fr\/"},{"@type":"ListItem","position":2,"name":"\u00c9v\u00e9nements","item":"https:\/\/www.wheelchairbasketball.ca\/fr\/evenements\/"},{"@type":"ListItem","position":3,"name":"Jeux paralympiques"}]},{"@type":"WebSite","@id":"https:\/\/www.wheelchairbasketball.ca\/#website","url":"https:\/\/www.wheelchairbasketball.ca\/","name":"Wheelchair Basketball Canada","description":"Real Life. Real Sport.","potentialAction":[{"@type":"SearchAction","target":{"@type":"EntryPoint","urlTemplate":"https:\/\/www.wheelchairbasketball.ca\/?s={search_term_string}"},"query-input":"required name=search_term_string"}],"inLanguage":"fr-FR"}]}},"_links":{"self":[{"href":"https:\/\/www.wheelchairbasketball.ca\/fr\/wp-json\/wp\/v2\/pages\/1273"}],"collection":[{"href":"https:\/\/www.wheelchairbasketball.ca\/fr\/wp-json\/wp\/v2\/pages"}],"about":[{"href":"https:\/\/www.wheelchairbasketball.ca\/fr\/wp-json\/wp\/v2\/types\/page"}],"author":[{"embeddable":true,"href":"https:\/\/www.wheelchairbasketball.ca\/fr\/wp-json\/wp\/v2\/users\/4"}],"replies":[{"embeddable":true,"href":"https:\/\/www.wheelchairbasketball.ca\/fr\/wp-json\/wp\/v2\/comments?post=1273"}],"version-history":[{"count":10,"href":"https:\/\/www.wheelchairbasketball.ca\/fr\/wp-json\/wp\/v2\/pages\/1273\/revisions"}],"predecessor-version":[{"id":21892,"href":"https:\/\/www.wheelchairbasketball.ca\/fr\/wp-json\/wp\/v2\/pages\/1273\/revisions\/21892"}],"up":[{"embeddable":true,"href":"https:\/\/www.wheelchairbasketball.ca\/fr\/wp-json\/wp\/v2\/pages\/1689"}],"wp:featuredmedia":[{"embeddable":true,"href":"https:\/\/www.wheelchairbasketball.ca\/fr\/wp-json\/wp\/v2\/media\/11228"}],"wp:attachment":[{"href":"https:\/\/www.wheelchairbasketball.ca\/fr\/wp-json\/wp\/v2\/media?parent=1273"}],"curies":[{"name":"wp","href":"https:\/\/api.w.org\/{rel}","templated":true}]}}