{"id":1276,"date":"2015-03-31T14:13:59","date_gmt":"2015-03-31T14:13:59","guid":{"rendered":"https:\/\/www.wheelchairbasketball.ca\/?page_id=1276"},"modified":"2023-12-06T17:58:14","modified_gmt":"2023-12-06T17:58:14","slug":"championnats-du-monde","status":"publish","type":"page","link":"https:\/\/www.wheelchairbasketball.ca\/fr\/evenements\/championnats-du-monde\/","title":{"rendered":"Championnats du monde"},"content":{"rendered":"<p>Les Championnats du monde de basketball en fauteuil roulant sont une comp\u00e9tition internationale d&rsquo;\u00e9lite contest\u00e9e par les meilleures \u00e9quipes nationales masculines et f\u00e9minines du monde.<\/p>\n<p>La <a title=\"F\u00e9d\u00e9ration internationale de basketball en fauteuil roulant\" href=\"http:\/\/www.iwbf.org\/\" target=\"_blank\" rel=\"noopener\">F\u00e9d\u00e9ration internationale de basketball en fauteuil roulant<\/a> (I.W.B.F.) gouverne les championnats du monde, qui ont lieu tous les quatre ans. Il y a des championnats du monde pour les hommes seniors et les femmes seniors (anciennement connu sous le nom de la Coupe d&rsquo;or), ainsi que pour les hommes juniors (\u00e2g\u00e9s des moins de 23 ans) et les femmes junoirs (\u00e2g\u00e9es des moins de 25 ans).<\/p>\n<p>Le premier championnat du monde officiel pour les hommes a eu lieu \u00e0 Bruges, en Belgique en 1975, tandis que le championnat du monde f\u00e9minin inaugural\u00a0a eu lieu \u00e0 St. Etienne, en France en 1990.<\/p>\n<p>Le Basketball en fauteuil roulant Canada partage aussi une partie de l&rsquo;histoire des championnats du monde. L&rsquo;organisation a solidifi\u00e9 son engagement envers l&rsquo;excellence sportive et le d\u00e9veloppement du sport en acceuillant le tous premier championnat du monde masculin des moins de 23 ans \u00e0 Toronto en 1997, ainsi que le championnat du monde f\u00e9minin inaugural des moins de 25 ans \u00e0 St. Catharines et 2011.<\/p>\n<h3>Anciens r\u00e9sultats<\/h3>\n<ul>\n<li><a href=\"https:\/\/www.wheelchairbasketball.ca\/wp-content\/uploads\/2018\/08\/World-Championship-Results-1975-2018.pdf\" target=\"_blank\" rel=\"noopener\">R\u00e9sultats aux Championnats du monde<\/a>\u00a0(.pdf)<\/li>\n<\/ul>\n<h3>Par \u00e9v\u00e9nement<\/h3>\n<ul>\n<li><a href=\"https:\/\/www.wheelchairbasketball.ca\/fr\/event\/le-championnat-du-monde-feminin-des-moins-de-25-ans-2023\/\">Le Championnat du monde f\u00e9minin des moins de 25 ans 2023<\/a><\/li>\n<li><a href=\"https:\/\/www.wheelchairbasketball.ca\/fr\/event\/le-championnat-du-monde-de-li-w-b-f-aura-lieu-du-9-au-20-juin-au-centre-de-commerce-mondial-de-dubai-le-championnat-du-monde-2022-de-li-w-b-f-comptera-12-equipes-feminines-et-16\/\">2022 Championnat du monde de l\u2019I.W.B.F.<\/a><\/li>\n<li><a href=\"https:\/\/www.wheelchairbasketball.ca\/fr\/event\/championnat-du-monde-masculin-des-moins-de-23-ans\/?t=\">2021 Le Championnat du monde masculin des moins de 23 ans de l\u2019I.W.B.F.\u00a0<\/a><\/li>\n<li><a href=\"https:\/\/www.wheelchairbasketball.ca\/fr\/event\/championnat-du-monde-de-basketball-en-fauteuil-roulant-de-2018\/\" target=\"_blank\" rel=\"noopener\">Championnats du monde 2018<\/a><\/li>\n<li><a href=\"https:\/\/www.wheelchairbasketball.ca\/fr\/2017u23wwbc\/horaire-resultats\/\">Championnat du monde masculin des moins de 23 ans<\/a><\/li>\n<li><a href=\"https:\/\/www.wheelchairbasketball.ca\/fr\/evenements\/apercu-des-championnats-du-monde\/championnat-du-monde-feminin-m25-de-2015\/\">Championnat du monde f\u00e9minin M25 de 2015<\/a><\/li>\n<li><a href=\"https:\/\/www.wheelchairbasketball.ca\/fr\/evenements\/apercu-des-championnats-du-monde\/championnat-du-monde-feminin-2014\/\">Championnat du monde f\u00e9minin de 2014<\/a><\/li>\n<\/ul>\n","protected":false},"excerpt":{"rendered":"Les Championnats du monde de basketball en fauteuil roulant sont une comp\u00e9tition internationale d&rsquo;\u00e9lite contest\u00e9e par les meilleures \u00e9quipes nationales masculines et f\u00e9minines du monde. La F\u00e9d\u00e9ration internationale de basketball en fauteuil roulant (I.W.B.F.) gouverne les championnats du monde, qui ont lieu tous les quatre ans. Il y a des championnats du monde pour les [&hellip;]","protected":false},"author":4,"featured_media":11308,"parent":1689,"menu_order":3,"comment_status":"closed","ping_status":"closed","template":"","meta":{"om_disable_all_campaigns":false,"_monsterinsights_skip_tracking":false,"_monsterinsights_sitenote_active":false,"_monsterinsights_sitenote_note":"","_monsterinsights_sitenote_category":0,"footnotes":""},"acf":[],"yoast_head":"<!-- This site is optimized with the Yoast SEO plugin v21.9.1 - https:\/\/yoast.com\/wordpress\/plugins\/seo\/ -->\n<title>Championnats du monde - Wheelchair Basketball Canada<\/title>\n<meta name=\"robots\" content=\"index, follow, max-snippet:-1, max-image-preview:large, max-video-preview:-1\" \/>\n<link rel=\"canonical\" href=\"https:\/\/www.wheelchairbasketball.ca\/fr\/evenements\/championnats-du-monde\/\" \/>\n<meta property=\"og:locale\" content=\"fr_FR\" \/>\n<meta property=\"og:type\" content=\"article\" \/>\n<meta property=\"og:title\" content=\"Championnats du monde - Wheelchair Basketball Canada\" \/>\n<meta property=\"og:description\" content=\"Les Championnats du monde de basketball en fauteuil roulant sont une comp\u00e9tition internationale d&rsquo;\u00e9lite contest\u00e9e par les meilleures \u00e9quipes nationales masculines et f\u00e9minines du monde. La F\u00e9d\u00e9ration internationale de basketball en fauteuil roulant (I.W.B.F.) gouverne les championnats du monde, qui ont lieu tous les quatre ans. Il y a des championnats du monde pour les [&hellip;]\" \/>\n<meta property=\"og:url\" content=\"https:\/\/www.wheelchairbasketball.ca\/fr\/evenements\/championnats-du-monde\/\" \/>\n<meta property=\"og:site_name\" content=\"Wheelchair Basketball Canada\" \/>\n<meta property=\"article:publisher\" content=\"http:\/\/www.facebook.com\/wheelchairbasketball\" \/>\n<meta property=\"article:modified_time\" content=\"2023-12-06T17:58:14+00:00\" \/>\n<meta property=\"og:image\" content=\"https:\/\/www.wheelchairbasketball.ca\/wp-content\/uploads\/2015\/03\/Worlds-Feature-Image.jpg\" \/>\n\t<meta property=\"og:image:width\" content=\"1400\" \/>\n\t<meta property=\"og:image:height\" content=\"600\" \/>\n\t<meta property=\"og:image:type\" content=\"image\/jpeg\" \/>\n<meta name=\"twitter:card\" content=\"summary_large_image\" \/>\n<meta name=\"twitter:site\" content=\"@WCBballCanada\" \/>\n<meta name=\"twitter:label1\" content=\"Dur\u00e9e de lecture estim\u00e9e\" \/>\n\t<meta name=\"twitter:data1\" content=\"2 minutes\" \/>\n<script type=\"application\/ld+json\" class=\"yoast-schema-graph\">{\"@context\":\"https:\/\/schema.org\",\"@graph\":[{\"@type\":\"WebPage\",\"@id\":\"https:\/\/www.wheelchairbasketball.ca\/fr\/evenements\/championnats-du-monde\/\",\"url\":\"https:\/\/www.wheelchairbasketball.ca\/fr\/evenements\/championnats-du-monde\/\",\"name\":\"Championnats du monde - Wheelchair Basketball Canada\",\"isPartOf\":{\"@id\":\"https:\/\/www.wheelchairbasketball.ca\/#website\"},\"datePublished\":\"2015-03-31T14:13:59+00:00\",\"dateModified\":\"2023-12-06T17:58:14+00:00\",\"breadcrumb\":{\"@id\":\"https:\/\/www.wheelchairbasketball.ca\/fr\/evenements\/championnats-du-monde\/#breadcrumb\"},\"inLanguage\":\"fr-FR\",\"potentialAction\":[{\"@type\":\"ReadAction\",\"target\":[\"https:\/\/www.wheelchairbasketball.ca\/fr\/evenements\/championnats-du-monde\/\"]}]},{\"@type\":\"BreadcrumbList\",\"@id\":\"https:\/\/www.wheelchairbasketball.ca\/fr\/evenements\/championnats-du-monde\/#breadcrumb\",\"itemListElement\":[{\"@type\":\"ListItem\",\"position\":1,\"name\":\"Home\",\"item\":\"https:\/\/www.wheelchairbasketball.ca\/fr\/\"},{\"@type\":\"ListItem\",\"position\":2,\"name\":\"\u00c9v\u00e9nements\",\"item\":\"https:\/\/www.wheelchairbasketball.ca\/fr\/evenements\/\"},{\"@type\":\"ListItem\",\"position\":3,\"name\":\"Championnats du monde\"}]},{\"@type\":\"WebSite\",\"@id\":\"https:\/\/www.wheelchairbasketball.ca\/#website\",\"url\":\"https:\/\/www.wheelchairbasketball.ca\/\",\"name\":\"Wheelchair Basketball Canada\",\"description\":\"Real Life. Real Sport.\",\"potentialAction\":[{\"@type\":\"SearchAction\",\"target\":{\"@type\":\"EntryPoint\",\"urlTemplate\":\"https:\/\/www.wheelchairbasketball.ca\/?s={search_term_string}\"},\"query-input\":\"required name=search_term_string\"}],\"inLanguage\":\"fr-FR\"}]}<\/script>\n<!-- \/ Yoast SEO plugin. -->","yoast_head_json":{"title":"Championnats du monde - Wheelchair Basketball Canada","robots":{"index":"index","follow":"follow","max-snippet":"max-snippet:-1","max-image-preview":"max-image-preview:large","max-video-preview":"max-video-preview:-1"},"canonical":"https:\/\/www.wheelchairbasketball.ca\/fr\/evenements\/championnats-du-monde\/","og_locale":"fr_FR","og_type":"article","og_title":"Championnats du monde - Wheelchair Basketball Canada","og_description":"Les Championnats du monde de basketball en fauteuil roulant sont une comp\u00e9tition internationale d&rsquo;\u00e9lite contest\u00e9e par les meilleures \u00e9quipes nationales masculines et f\u00e9minines du monde. La F\u00e9d\u00e9ration internationale de basketball en fauteuil roulant (I.W.B.F.) gouverne les championnats du monde, qui ont lieu tous les quatre ans. Il y a des championnats du monde pour les [&hellip;]","og_url":"https:\/\/www.wheelchairbasketball.ca\/fr\/evenements\/championnats-du-monde\/","og_site_name":"Wheelchair Basketball Canada","article_publisher":"http:\/\/www.facebook.com\/wheelchairbasketball","article_modified_time":"2023-12-06T17:58:14+00:00","og_image":[{"width":1400,"height":600,"url":"https:\/\/www.wheelchairbasketball.ca\/wp-content\/uploads\/2015\/03\/Worlds-Feature-Image.jpg","type":"image\/jpeg"}],"twitter_card":"summary_large_image","twitter_site":"@WCBballCanada","twitter_misc":{"Dur\u00e9e de lecture estim\u00e9e":"2 minutes"},"schema":{"@context":"https:\/\/schema.org","@graph":[{"@type":"WebPage","@id":"https:\/\/www.wheelchairbasketball.ca\/fr\/evenements\/championnats-du-monde\/","url":"https:\/\/www.wheelchairbasketball.ca\/fr\/evenements\/championnats-du-monde\/","name":"Championnats du monde - Wheelchair Basketball Canada","isPartOf":{"@id":"https:\/\/www.wheelchairbasketball.ca\/#website"},"datePublished":"2015-03-31T14:13:59+00:00","dateModified":"2023-12-06T17:58:14+00:00","breadcrumb":{"@id":"https:\/\/www.wheelchairbasketball.ca\/fr\/evenements\/championnats-du-monde\/#breadcrumb"},"inLanguage":"fr-FR","potentialAction":[{"@type":"ReadAction","target":["https:\/\/www.wheelchairbasketball.ca\/fr\/evenements\/championnats-du-monde\/"]}]},{"@type":"BreadcrumbList","@id":"https:\/\/www.wheelchairbasketball.ca\/fr\/evenements\/championnats-du-monde\/#breadcrumb","itemListElement":[{"@type":"ListItem","position":1,"name":"Home","item":"https:\/\/www.wheelchairbasketball.ca\/fr\/"},{"@type":"ListItem","position":2,"name":"\u00c9v\u00e9nements","item":"https:\/\/www.wheelchairbasketball.ca\/fr\/evenements\/"},{"@type":"ListItem","position":3,"name":"Championnats du monde"}]},{"@type":"WebSite","@id":"https:\/\/www.wheelchairbasketball.ca\/#website","url":"https:\/\/www.wheelchairbasketball.ca\/","name":"Wheelchair Basketball Canada","description":"Real Life. Real Sport.","potentialAction":[{"@type":"SearchAction","target":{"@type":"EntryPoint","urlTemplate":"https:\/\/www.wheelchairbasketball.ca\/?s={search_term_string}"},"query-input":"required name=search_term_string"}],"inLanguage":"fr-FR"}]}},"_links":{"self":[{"href":"https:\/\/www.wheelchairbasketball.ca\/fr\/wp-json\/wp\/v2\/pages\/1276"}],"collection":[{"href":"https:\/\/www.wheelchairbasketball.ca\/fr\/wp-json\/wp\/v2\/pages"}],"about":[{"href":"https:\/\/www.wheelchairbasketball.ca\/fr\/wp-json\/wp\/v2\/types\/page"}],"author":[{"embeddable":true,"href":"https:\/\/www.wheelchairbasketball.ca\/fr\/wp-json\/wp\/v2\/users\/4"}],"replies":[{"embeddable":true,"href":"https:\/\/www.wheelchairbasketball.ca\/fr\/wp-json\/wp\/v2\/comments?post=1276"}],"version-history":[{"count":8,"href":"https:\/\/www.wheelchairbasketball.ca\/fr\/wp-json\/wp\/v2\/pages\/1276\/revisions"}],"predecessor-version":[{"id":19865,"href":"https:\/\/www.wheelchairbasketball.ca\/fr\/wp-json\/wp\/v2\/pages\/1276\/revisions\/19865"}],"up":[{"embeddable":true,"href":"https:\/\/www.wheelchairbasketball.ca\/fr\/wp-json\/wp\/v2\/pages\/1689"}],"wp:featuredmedia":[{"embeddable":true,"href":"https:\/\/www.wheelchairbasketball.ca\/fr\/wp-json\/wp\/v2\/media\/11308"}],"wp:attachment":[{"href":"https:\/\/www.wheelchairbasketball.ca\/fr\/wp-json\/wp\/v2\/media?parent=1276"}],"curies":[{"name":"wp","href":"https:\/\/api.w.org\/{rel}","templated":true}]}}