{"id":1278,"date":"2015-03-31T14:15:27","date_gmt":"2015-03-31T14:15:27","guid":{"rendered":"https:\/\/www.wheelchairbasketball.ca\/?page_id=1278"},"modified":"2015-05-22T18:12:09","modified_gmt":"2015-05-22T18:12:09","slug":"tournois-de-qualification","status":"publish","type":"page","link":"https:\/\/www.wheelchairbasketball.ca\/fr\/evenements\/tournois-de-qualification\/","title":{"rendered":"Tournois de qualification"},"content":{"rendered":"<p>Dans le but d\u2019\u00eatre admissibles pour concourir aux importants \u00e9v\u00e9nements internationaux, comme les <a href=\"https:\/\/www.wheelchairbasketball.ca\/fr\/evenements\/jeux-paralympiques\/\">Jeux paralympiques<\/a> et les <a href=\"https:\/\/www.wheelchairbasketball.ca\/fr\/evenements\/championnats-du-monde\/\">Championnats du monde de basketball en fauteuil roulant<\/a>, les \u00e9quipes nationales de partout au monde doivent tout d\u2019abord se tailler une place \u00e0 ces comp\u00e9titions. Les \u00e9quipes doivent se classer parmi les meilleures \u00e9quipes dans leurs tournois de qualification respectifs.\u00a0Les Championnats du monde et les Jeux paralympiques ont des tournois de qualification distincts.<\/p>\n<h3>Tournois de qualification pour les Championnats du monde<\/h3>\n<p>Les tournois de qualification pour les Championnats du monde sont r\u00e9gis par la <a href=\"http:\/\/www.iwbf.org\/\" target=\"_blank\">F\u00e9d\u00e9ration internationale de basketball en fauteuil roulant<\/a> (I.W.B.F.) et se d\u00e9roulent dans chacune des zones de l\u2019I.W.B.F. : Afrique, Am\u00e9riques, Asie-Oc\u00e9anie et Europe. Le Canada fait partie de la zone des Am\u00e9riques de l\u2019I.W.B.F. Des tournois individuels de qualification ont actuellement lieu pour les championnats du monde masculins seniors, f\u00e9minins seniors et masculins juniors.<\/p>\n<h3>Tournois de qualification pour les Jeux paralympiques<\/h3>\n<p>Les tournois de qualification pour les Jeux paralympiques se d\u00e9roulent dans chacune des zones de l&rsquo;I.W.B.F. Les Jeux parapanam\u00e9ricains, sanctionn\u00e9s par l\u2019I.W.B.F., font actuellement fonction de tournoi de qualification de basketball en fauteuil roulant pour la zone des Am\u00e9riques en vue des Jeux paralympiques. Les Jeux parapanam\u00e9ricains, tenus conjointement avec les Jeux panam\u00e9ricains, sont une manifestation multisports qui se d\u00e9roule tous les quatre ans, durant l\u2019ann\u00e9e pr\u00e9c\u00e9dant les Jeux olympiques et paralympiques d\u2019\u00e9t\u00e9.<\/p>\n","protected":false},"excerpt":{"rendered":"Dans le but d\u2019\u00eatre admissibles pour concourir aux importants \u00e9v\u00e9nements internationaux, comme les Jeux paralympiques et les Championnats du monde de basketball en fauteuil roulant, les \u00e9quipes nationales de partout au monde doivent tout d\u2019abord se tailler une place \u00e0 ces comp\u00e9titions. Les \u00e9quipes doivent se classer parmi les meilleures \u00e9quipes dans leurs tournois de [&hellip;]","protected":false},"author":4,"featured_media":3068,"parent":1689,"menu_order":4,"comment_status":"closed","ping_status":"closed","template":"","meta":{"om_disable_all_campaigns":false,"_monsterinsights_skip_tracking":false,"_monsterinsights_sitenote_active":false,"_monsterinsights_sitenote_note":"","_monsterinsights_sitenote_category":0,"footnotes":""},"acf":[],"yoast_head":"<!-- This site is optimized with the Yoast SEO plugin v21.9.1 - https:\/\/yoast.com\/wordpress\/plugins\/seo\/ -->\n<title>Tournois de qualification - Wheelchair Basketball Canada<\/title>\n<meta name=\"robots\" content=\"index, follow, max-snippet:-1, max-image-preview:large, max-video-preview:-1\" \/>\n<link rel=\"canonical\" href=\"https:\/\/www.wheelchairbasketball.ca\/fr\/evenements\/tournois-de-qualification\/\" \/>\n<meta property=\"og:locale\" content=\"fr_FR\" \/>\n<meta property=\"og:type\" content=\"article\" \/>\n<meta property=\"og:title\" content=\"Tournois de qualification - Wheelchair Basketball Canada\" \/>\n<meta property=\"og:description\" content=\"Dans le but d\u2019\u00eatre admissibles pour concourir aux importants \u00e9v\u00e9nements internationaux, comme les Jeux paralympiques et les Championnats du monde de basketball en fauteuil roulant, les \u00e9quipes nationales de partout au monde doivent tout d\u2019abord se tailler une place \u00e0 ces comp\u00e9titions. Les \u00e9quipes doivent se classer parmi les meilleures \u00e9quipes dans leurs tournois de [&hellip;]\" \/>\n<meta property=\"og:url\" content=\"https:\/\/www.wheelchairbasketball.ca\/fr\/evenements\/tournois-de-qualification\/\" \/>\n<meta property=\"og:site_name\" content=\"Wheelchair Basketball Canada\" \/>\n<meta property=\"article:publisher\" content=\"http:\/\/www.facebook.com\/wheelchairbasketball\" \/>\n<meta property=\"article:modified_time\" content=\"2015-05-22T18:12:09+00:00\" \/>\n<meta property=\"og:image\" content=\"https:\/\/www.wheelchairbasketball.ca\/wp-content\/uploads\/2015\/03\/Qualifiers-Feature-Image.jpg\" \/>\n\t<meta property=\"og:image:width\" content=\"1400\" \/>\n\t<meta property=\"og:image:height\" content=\"600\" \/>\n\t<meta property=\"og:image:type\" content=\"image\/jpeg\" \/>\n<meta name=\"twitter:card\" content=\"summary_large_image\" \/>\n<meta name=\"twitter:site\" content=\"@WCBballCanada\" \/>\n<meta name=\"twitter:label1\" content=\"Dur\u00e9e de lecture estim\u00e9e\" \/>\n\t<meta name=\"twitter:data1\" content=\"1 minute\" \/>\n<script type=\"application\/ld+json\" class=\"yoast-schema-graph\">{\"@context\":\"https:\/\/schema.org\",\"@graph\":[{\"@type\":\"WebPage\",\"@id\":\"https:\/\/www.wheelchairbasketball.ca\/fr\/evenements\/tournois-de-qualification\/\",\"url\":\"https:\/\/www.wheelchairbasketball.ca\/fr\/evenements\/tournois-de-qualification\/\",\"name\":\"Tournois de qualification - Wheelchair Basketball Canada\",\"isPartOf\":{\"@id\":\"https:\/\/www.wheelchairbasketball.ca\/#website\"},\"datePublished\":\"2015-03-31T14:15:27+00:00\",\"dateModified\":\"2015-05-22T18:12:09+00:00\",\"breadcrumb\":{\"@id\":\"https:\/\/www.wheelchairbasketball.ca\/fr\/evenements\/tournois-de-qualification\/#breadcrumb\"},\"inLanguage\":\"fr-FR\",\"potentialAction\":[{\"@type\":\"ReadAction\",\"target\":[\"https:\/\/www.wheelchairbasketball.ca\/fr\/evenements\/tournois-de-qualification\/\"]}]},{\"@type\":\"BreadcrumbList\",\"@id\":\"https:\/\/www.wheelchairbasketball.ca\/fr\/evenements\/tournois-de-qualification\/#breadcrumb\",\"itemListElement\":[{\"@type\":\"ListItem\",\"position\":1,\"name\":\"Home\",\"item\":\"https:\/\/www.wheelchairbasketball.ca\/fr\/\"},{\"@type\":\"ListItem\",\"position\":2,\"name\":\"\u00c9v\u00e9nements\",\"item\":\"https:\/\/www.wheelchairbasketball.ca\/fr\/evenements\/\"},{\"@type\":\"ListItem\",\"position\":3,\"name\":\"Tournois de qualification\"}]},{\"@type\":\"WebSite\",\"@id\":\"https:\/\/www.wheelchairbasketball.ca\/#website\",\"url\":\"https:\/\/www.wheelchairbasketball.ca\/\",\"name\":\"Wheelchair Basketball Canada\",\"description\":\"Real Life. Real Sport.\",\"potentialAction\":[{\"@type\":\"SearchAction\",\"target\":{\"@type\":\"EntryPoint\",\"urlTemplate\":\"https:\/\/www.wheelchairbasketball.ca\/?s={search_term_string}\"},\"query-input\":\"required name=search_term_string\"}],\"inLanguage\":\"fr-FR\"}]}<\/script>\n<!-- \/ Yoast SEO plugin. -->","yoast_head_json":{"title":"Tournois de qualification - Wheelchair Basketball Canada","robots":{"index":"index","follow":"follow","max-snippet":"max-snippet:-1","max-image-preview":"max-image-preview:large","max-video-preview":"max-video-preview:-1"},"canonical":"https:\/\/www.wheelchairbasketball.ca\/fr\/evenements\/tournois-de-qualification\/","og_locale":"fr_FR","og_type":"article","og_title":"Tournois de qualification - Wheelchair Basketball Canada","og_description":"Dans le but d\u2019\u00eatre admissibles pour concourir aux importants \u00e9v\u00e9nements internationaux, comme les Jeux paralympiques et les Championnats du monde de basketball en fauteuil roulant, les \u00e9quipes nationales de partout au monde doivent tout d\u2019abord se tailler une place \u00e0 ces comp\u00e9titions. Les \u00e9quipes doivent se classer parmi les meilleures \u00e9quipes dans leurs tournois de [&hellip;]","og_url":"https:\/\/www.wheelchairbasketball.ca\/fr\/evenements\/tournois-de-qualification\/","og_site_name":"Wheelchair Basketball Canada","article_publisher":"http:\/\/www.facebook.com\/wheelchairbasketball","article_modified_time":"2015-05-22T18:12:09+00:00","og_image":[{"width":1400,"height":600,"url":"https:\/\/www.wheelchairbasketball.ca\/wp-content\/uploads\/2015\/03\/Qualifiers-Feature-Image.jpg","type":"image\/jpeg"}],"twitter_card":"summary_large_image","twitter_site":"@WCBballCanada","twitter_misc":{"Dur\u00e9e de lecture estim\u00e9e":"1 minute"},"schema":{"@context":"https:\/\/schema.org","@graph":[{"@type":"WebPage","@id":"https:\/\/www.wheelchairbasketball.ca\/fr\/evenements\/tournois-de-qualification\/","url":"https:\/\/www.wheelchairbasketball.ca\/fr\/evenements\/tournois-de-qualification\/","name":"Tournois de qualification - Wheelchair Basketball Canada","isPartOf":{"@id":"https:\/\/www.wheelchairbasketball.ca\/#website"},"datePublished":"2015-03-31T14:15:27+00:00","dateModified":"2015-05-22T18:12:09+00:00","breadcrumb":{"@id":"https:\/\/www.wheelchairbasketball.ca\/fr\/evenements\/tournois-de-qualification\/#breadcrumb"},"inLanguage":"fr-FR","potentialAction":[{"@type":"ReadAction","target":["https:\/\/www.wheelchairbasketball.ca\/fr\/evenements\/tournois-de-qualification\/"]}]},{"@type":"BreadcrumbList","@id":"https:\/\/www.wheelchairbasketball.ca\/fr\/evenements\/tournois-de-qualification\/#breadcrumb","itemListElement":[{"@type":"ListItem","position":1,"name":"Home","item":"https:\/\/www.wheelchairbasketball.ca\/fr\/"},{"@type":"ListItem","position":2,"name":"\u00c9v\u00e9nements","item":"https:\/\/www.wheelchairbasketball.ca\/fr\/evenements\/"},{"@type":"ListItem","position":3,"name":"Tournois de qualification"}]},{"@type":"WebSite","@id":"https:\/\/www.wheelchairbasketball.ca\/#website","url":"https:\/\/www.wheelchairbasketball.ca\/","name":"Wheelchair Basketball Canada","description":"Real Life. Real Sport.","potentialAction":[{"@type":"SearchAction","target":{"@type":"EntryPoint","urlTemplate":"https:\/\/www.wheelchairbasketball.ca\/?s={search_term_string}"},"query-input":"required name=search_term_string"}],"inLanguage":"fr-FR"}]}},"_links":{"self":[{"href":"https:\/\/www.wheelchairbasketball.ca\/fr\/wp-json\/wp\/v2\/pages\/1278"}],"collection":[{"href":"https:\/\/www.wheelchairbasketball.ca\/fr\/wp-json\/wp\/v2\/pages"}],"about":[{"href":"https:\/\/www.wheelchairbasketball.ca\/fr\/wp-json\/wp\/v2\/types\/page"}],"author":[{"embeddable":true,"href":"https:\/\/www.wheelchairbasketball.ca\/fr\/wp-json\/wp\/v2\/users\/4"}],"replies":[{"embeddable":true,"href":"https:\/\/www.wheelchairbasketball.ca\/fr\/wp-json\/wp\/v2\/comments?post=1278"}],"version-history":[{"count":4,"href":"https:\/\/www.wheelchairbasketball.ca\/fr\/wp-json\/wp\/v2\/pages\/1278\/revisions"}],"predecessor-version":[{"id":3072,"href":"https:\/\/www.wheelchairbasketball.ca\/fr\/wp-json\/wp\/v2\/pages\/1278\/revisions\/3072"}],"up":[{"embeddable":true,"href":"https:\/\/www.wheelchairbasketball.ca\/fr\/wp-json\/wp\/v2\/pages\/1689"}],"wp:featuredmedia":[{"embeddable":true,"href":"https:\/\/www.wheelchairbasketball.ca\/fr\/wp-json\/wp\/v2\/media\/3068"}],"wp:attachment":[{"href":"https:\/\/www.wheelchairbasketball.ca\/fr\/wp-json\/wp\/v2\/media?parent=1278"}],"curies":[{"name":"wp","href":"https:\/\/api.w.org\/{rel}","templated":true}]}}