{"id":1283,"date":"2015-03-31T14:19:55","date_gmt":"2015-03-31T14:19:55","guid":{"rendered":"https:\/\/www.wheelchairbasketball.ca\/?page_id=1283"},"modified":"2023-07-07T17:20:41","modified_gmt":"2023-07-07T17:20:41","slug":"apercu-du-championnat-national-feminin-de-la-lcbfr","status":"publish","type":"page","link":"https:\/\/www.wheelchairbasketball.ca\/fr\/evenements\/apercu-du-championnat-national-feminin-de-la-lcbfr\/","title":{"rendered":"Championnat national f\u00e9minin de la LCBFR"},"content":{"rendered":"<p>Le Championnat national f\u00e9minin de la Ligue canadienne de basketball en fauteuil roulant (LCBFR) se d\u00e9roule chaque ann\u00e9e lorsque les meilleures \u00e9quipes comp\u00e9titives de club f\u00e9minines au pays disputent le titre national. Le tournoi a eu lieu chaque ann\u00e9e depuis 1990.<\/p>\n<p>Le tournoi s\u2019adresse \u00e0 toutes les \u00e9quipes f\u00e9minines admissibles de la LCBFR au Canada. Les \u00e9quipes qui souhaitent concourir aux Championnats nationaux f\u00e9minins de la LCBFR doivent informer le bureau national de leur intention de participer en contactant Basketball en fauteuil roulant Canada.<\/p>\n<h3>\u00c9v\u00e9nements pass\u00e9s<\/h3>\n<ul>\n<li><a href=\"https:\/\/www.wheelchairbasketball.ca\/fr\/event\/2023-championnat-national-feminin-de-la-lcbfr\/?t=\">Championnat national f\u00e9minin 2023 de la LCBFR<\/a><\/li>\n<li><a href=\"https:\/\/www.wheelchairbasketball.ca\/fr\/event\/championnat-national-feminin-de-la-lcbfr\/?t=\">Championnat national f\u00e9minin 2022 de la LCBFR<\/a><\/li>\n<li><a href=\"https:\/\/www.wheelchairbasketball.ca\/fr\/event\/apercu-du-championnat-national-feminin-de-la-lcbfr-2019\/?t=\">Championnat national f\u00e9minin 2019 de la LCBFR<\/a><\/li>\n<li><a href=\"https:\/\/www.wheelchairbasketball.ca\/fr\/event\/championnat-national-feminin-2018-de-la-lcbfr\/?t=\">Championnat national f\u00e9minin 2018 de la LCBFR<\/a><\/li>\n<li><a href=\"https:\/\/www.wheelchairbasketball.ca\/fr\/event\/championnat-national-feminin-2017-de-la-lcbfr\/?t=\">Championnat national f\u00e9minin 2017 de la LCBFR<\/a><\/li>\n<li><a href=\"https:\/\/www.wheelchairbasketball.ca\/fr\/event\/championnat-national-feminin-2016-de-la-lcbfr\/?t=\">Championnat national f\u00e9minin 2016 de la LCBFR<\/a><\/li>\n<li><a href=\"https:\/\/www.wheelchairbasketball.ca\/fr\/event\/championnat-national-feminin-de-2015-de-la-ligue-canadienne-de-basketball-en-fauteuil-roulant\/?t=\">Championnat national f\u00e9minin 2015 de la LCBFR<\/a><\/li>\n<\/ul>\n<p>&nbsp;<\/p>\n","protected":false},"excerpt":{"rendered":"Le Championnat national f\u00e9minin de la Ligue canadienne de basketball en fauteuil roulant (LCBFR) se d\u00e9roule chaque ann\u00e9e lorsque les meilleures \u00e9quipes comp\u00e9titives de club f\u00e9minines au pays disputent le titre national. Le tournoi a eu lieu chaque ann\u00e9e depuis 1990. Le tournoi s\u2019adresse \u00e0 toutes les \u00e9quipes f\u00e9minines admissibles de la LCBFR au Canada. [&hellip;]","protected":false},"author":4,"featured_media":11896,"parent":1689,"menu_order":1,"comment_status":"closed","ping_status":"closed","template":"","meta":{"om_disable_all_campaigns":false,"_monsterinsights_skip_tracking":false,"_monsterinsights_sitenote_active":false,"_monsterinsights_sitenote_note":"","_monsterinsights_sitenote_category":0,"footnotes":""},"acf":[],"yoast_head":"<!-- This site is optimized with the Yoast SEO plugin v21.9.1 - https:\/\/yoast.com\/wordpress\/plugins\/seo\/ -->\n<title>Championnat national f\u00e9minin de la LCBFR - Wheelchair Basketball Canada<\/title>\n<meta name=\"robots\" content=\"index, follow, max-snippet:-1, max-image-preview:large, max-video-preview:-1\" \/>\n<link rel=\"canonical\" href=\"https:\/\/www.wheelchairbasketball.ca\/fr\/evenements\/apercu-du-championnat-national-feminin-de-la-lcbfr\/\" \/>\n<meta property=\"og:locale\" content=\"fr_FR\" \/>\n<meta property=\"og:type\" content=\"article\" \/>\n<meta property=\"og:title\" content=\"Championnat national f\u00e9minin de la LCBFR - Wheelchair Basketball Canada\" \/>\n<meta property=\"og:description\" content=\"Le Championnat national f\u00e9minin de la Ligue canadienne de basketball en fauteuil roulant (LCBFR) se d\u00e9roule chaque ann\u00e9e lorsque les meilleures \u00e9quipes comp\u00e9titives de club f\u00e9minines au pays disputent le titre national. Le tournoi a eu lieu chaque ann\u00e9e depuis 1990. Le tournoi s\u2019adresse \u00e0 toutes les \u00e9quipes f\u00e9minines admissibles de la LCBFR au Canada. [&hellip;]\" \/>\n<meta property=\"og:url\" content=\"https:\/\/www.wheelchairbasketball.ca\/fr\/evenements\/apercu-du-championnat-national-feminin-de-la-lcbfr\/\" \/>\n<meta property=\"og:site_name\" content=\"Wheelchair Basketball Canada\" \/>\n<meta property=\"article:publisher\" content=\"http:\/\/www.facebook.com\/wheelchairbasketball\" \/>\n<meta property=\"article:modified_time\" content=\"2023-07-07T17:20:41+00:00\" \/>\n<meta property=\"og:image\" content=\"https:\/\/www.wheelchairbasketball.ca\/wp-content\/uploads\/2015\/03\/CWBLwomen-Feature-Image.jpg\" \/>\n\t<meta property=\"og:image:width\" content=\"1400\" \/>\n\t<meta property=\"og:image:height\" content=\"600\" \/>\n\t<meta property=\"og:image:type\" content=\"image\/jpeg\" \/>\n<meta name=\"twitter:card\" content=\"summary_large_image\" \/>\n<meta name=\"twitter:site\" content=\"@WCBballCanada\" \/>\n<meta name=\"twitter:label1\" content=\"Dur\u00e9e de lecture estim\u00e9e\" \/>\n\t<meta name=\"twitter:data1\" content=\"1 minute\" \/>\n<script type=\"application\/ld+json\" class=\"yoast-schema-graph\">{\"@context\":\"https:\/\/schema.org\",\"@graph\":[{\"@type\":\"WebPage\",\"@id\":\"https:\/\/www.wheelchairbasketball.ca\/fr\/evenements\/apercu-du-championnat-national-feminin-de-la-lcbfr\/\",\"url\":\"https:\/\/www.wheelchairbasketball.ca\/fr\/evenements\/apercu-du-championnat-national-feminin-de-la-lcbfr\/\",\"name\":\"Championnat national f\u00e9minin de la LCBFR - Wheelchair Basketball Canada\",\"isPartOf\":{\"@id\":\"https:\/\/www.wheelchairbasketball.ca\/#website\"},\"datePublished\":\"2015-03-31T14:19:55+00:00\",\"dateModified\":\"2023-07-07T17:20:41+00:00\",\"breadcrumb\":{\"@id\":\"https:\/\/www.wheelchairbasketball.ca\/fr\/evenements\/apercu-du-championnat-national-feminin-de-la-lcbfr\/#breadcrumb\"},\"inLanguage\":\"fr-FR\",\"potentialAction\":[{\"@type\":\"ReadAction\",\"target\":[\"https:\/\/www.wheelchairbasketball.ca\/fr\/evenements\/apercu-du-championnat-national-feminin-de-la-lcbfr\/\"]}]},{\"@type\":\"BreadcrumbList\",\"@id\":\"https:\/\/www.wheelchairbasketball.ca\/fr\/evenements\/apercu-du-championnat-national-feminin-de-la-lcbfr\/#breadcrumb\",\"itemListElement\":[{\"@type\":\"ListItem\",\"position\":1,\"name\":\"Home\",\"item\":\"https:\/\/www.wheelchairbasketball.ca\/fr\/\"},{\"@type\":\"ListItem\",\"position\":2,\"name\":\"\u00c9v\u00e9nements\",\"item\":\"https:\/\/www.wheelchairbasketball.ca\/fr\/evenements\/\"},{\"@type\":\"ListItem\",\"position\":3,\"name\":\"Championnat national f\u00e9minin de la LCBFR\"}]},{\"@type\":\"WebSite\",\"@id\":\"https:\/\/www.wheelchairbasketball.ca\/#website\",\"url\":\"https:\/\/www.wheelchairbasketball.ca\/\",\"name\":\"Wheelchair Basketball Canada\",\"description\":\"Real Life. Real Sport.\",\"potentialAction\":[{\"@type\":\"SearchAction\",\"target\":{\"@type\":\"EntryPoint\",\"urlTemplate\":\"https:\/\/www.wheelchairbasketball.ca\/?s={search_term_string}\"},\"query-input\":\"required name=search_term_string\"}],\"inLanguage\":\"fr-FR\"}]}<\/script>\n<!-- \/ Yoast SEO plugin. -->","yoast_head_json":{"title":"Championnat national f\u00e9minin de la LCBFR - Wheelchair Basketball Canada","robots":{"index":"index","follow":"follow","max-snippet":"max-snippet:-1","max-image-preview":"max-image-preview:large","max-video-preview":"max-video-preview:-1"},"canonical":"https:\/\/www.wheelchairbasketball.ca\/fr\/evenements\/apercu-du-championnat-national-feminin-de-la-lcbfr\/","og_locale":"fr_FR","og_type":"article","og_title":"Championnat national f\u00e9minin de la LCBFR - Wheelchair Basketball Canada","og_description":"Le Championnat national f\u00e9minin de la Ligue canadienne de basketball en fauteuil roulant (LCBFR) se d\u00e9roule chaque ann\u00e9e lorsque les meilleures \u00e9quipes comp\u00e9titives de club f\u00e9minines au pays disputent le titre national. Le tournoi a eu lieu chaque ann\u00e9e depuis 1990. Le tournoi s\u2019adresse \u00e0 toutes les \u00e9quipes f\u00e9minines admissibles de la LCBFR au Canada. [&hellip;]","og_url":"https:\/\/www.wheelchairbasketball.ca\/fr\/evenements\/apercu-du-championnat-national-feminin-de-la-lcbfr\/","og_site_name":"Wheelchair Basketball Canada","article_publisher":"http:\/\/www.facebook.com\/wheelchairbasketball","article_modified_time":"2023-07-07T17:20:41+00:00","og_image":[{"width":1400,"height":600,"url":"https:\/\/www.wheelchairbasketball.ca\/wp-content\/uploads\/2015\/03\/CWBLwomen-Feature-Image.jpg","type":"image\/jpeg"}],"twitter_card":"summary_large_image","twitter_site":"@WCBballCanada","twitter_misc":{"Dur\u00e9e de lecture estim\u00e9e":"1 minute"},"schema":{"@context":"https:\/\/schema.org","@graph":[{"@type":"WebPage","@id":"https:\/\/www.wheelchairbasketball.ca\/fr\/evenements\/apercu-du-championnat-national-feminin-de-la-lcbfr\/","url":"https:\/\/www.wheelchairbasketball.ca\/fr\/evenements\/apercu-du-championnat-national-feminin-de-la-lcbfr\/","name":"Championnat national f\u00e9minin de la LCBFR - Wheelchair Basketball Canada","isPartOf":{"@id":"https:\/\/www.wheelchairbasketball.ca\/#website"},"datePublished":"2015-03-31T14:19:55+00:00","dateModified":"2023-07-07T17:20:41+00:00","breadcrumb":{"@id":"https:\/\/www.wheelchairbasketball.ca\/fr\/evenements\/apercu-du-championnat-national-feminin-de-la-lcbfr\/#breadcrumb"},"inLanguage":"fr-FR","potentialAction":[{"@type":"ReadAction","target":["https:\/\/www.wheelchairbasketball.ca\/fr\/evenements\/apercu-du-championnat-national-feminin-de-la-lcbfr\/"]}]},{"@type":"BreadcrumbList","@id":"https:\/\/www.wheelchairbasketball.ca\/fr\/evenements\/apercu-du-championnat-national-feminin-de-la-lcbfr\/#breadcrumb","itemListElement":[{"@type":"ListItem","position":1,"name":"Home","item":"https:\/\/www.wheelchairbasketball.ca\/fr\/"},{"@type":"ListItem","position":2,"name":"\u00c9v\u00e9nements","item":"https:\/\/www.wheelchairbasketball.ca\/fr\/evenements\/"},{"@type":"ListItem","position":3,"name":"Championnat national f\u00e9minin de la LCBFR"}]},{"@type":"WebSite","@id":"https:\/\/www.wheelchairbasketball.ca\/#website","url":"https:\/\/www.wheelchairbasketball.ca\/","name":"Wheelchair Basketball Canada","description":"Real Life. Real Sport.","potentialAction":[{"@type":"SearchAction","target":{"@type":"EntryPoint","urlTemplate":"https:\/\/www.wheelchairbasketball.ca\/?s={search_term_string}"},"query-input":"required name=search_term_string"}],"inLanguage":"fr-FR"}]}},"_links":{"self":[{"href":"https:\/\/www.wheelchairbasketball.ca\/fr\/wp-json\/wp\/v2\/pages\/1283"}],"collection":[{"href":"https:\/\/www.wheelchairbasketball.ca\/fr\/wp-json\/wp\/v2\/pages"}],"about":[{"href":"https:\/\/www.wheelchairbasketball.ca\/fr\/wp-json\/wp\/v2\/types\/page"}],"author":[{"embeddable":true,"href":"https:\/\/www.wheelchairbasketball.ca\/fr\/wp-json\/wp\/v2\/users\/4"}],"replies":[{"embeddable":true,"href":"https:\/\/www.wheelchairbasketball.ca\/fr\/wp-json\/wp\/v2\/comments?post=1283"}],"version-history":[{"count":13,"href":"https:\/\/www.wheelchairbasketball.ca\/fr\/wp-json\/wp\/v2\/pages\/1283\/revisions"}],"predecessor-version":[{"id":19133,"href":"https:\/\/www.wheelchairbasketball.ca\/fr\/wp-json\/wp\/v2\/pages\/1283\/revisions\/19133"}],"up":[{"embeddable":true,"href":"https:\/\/www.wheelchairbasketball.ca\/fr\/wp-json\/wp\/v2\/pages\/1689"}],"wp:featuredmedia":[{"embeddable":true,"href":"https:\/\/www.wheelchairbasketball.ca\/fr\/wp-json\/wp\/v2\/media\/11896"}],"wp:attachment":[{"href":"https:\/\/www.wheelchairbasketball.ca\/fr\/wp-json\/wp\/v2\/media?parent=1283"}],"curies":[{"name":"wp","href":"https:\/\/api.w.org\/{rel}","templated":true}]}}