{"id":1285,"date":"2015-03-31T14:21:29","date_gmt":"2015-03-31T14:21:29","guid":{"rendered":"https:\/\/www.wheelchairbasketball.ca\/?page_id=1285"},"modified":"2023-04-11T17:48:01","modified_gmt":"2023-04-11T17:48:01","slug":"jeux-du-canada","status":"publish","type":"page","link":"https:\/\/www.wheelchairbasketball.ca\/fr\/evenements\/jeux-du-canada\/","title":{"rendered":"Jeux du Canada"},"content":{"rendered":"<p>Les Jeux du Canada sont la plus grande comp\u00e9tition multisport pour les jeunes athl\u00e8tes canadiens. L&rsquo;\u00e9v\u00e9nement rassemble les meilleurs jeunes athl\u00e8tes amateurs du Canada qui concourent pour leur province ou territoire respectif.<\/p>\n<p>Les Jeux du Canada ont lieu tous les deux ans, alternant entre l&rsquo;hiver et l&rsquo;\u00e9t\u00e9. Les Jeux agissent comme une \u00e9tape dans le d\u00e9veloppement de la prochaine g\u00e9n\u00e9ration de champions nationaux, internationaux, olympiques et paralympiques.<\/p>\n<p>Le Conseil des Jeux du Canada est l&rsquo;organisme dirigeant des Jeux du Canada. Chaque province a jou\u00e9\u00a0h\u00f4te aux Jeux au moins une fois depuis leurs d\u00e9but\u00a0\u00e0 Qu\u00e9bec en 1967.<\/p>\n<h3>Basketball en fauteuil roulant aux Jeux du Canada<\/h3>\n<p>Le basketball en fauteuil roulant a fait son d\u00e9but \u00e0 l&rsquo;\u00e9dition d&rsquo;hiver des Jeux du Canada en 1995. La\u00a0athl\u00e8tes masculins et f\u00e9minins de moins de 24 ans peuvent concourir aux Jeux du Canada. Les athl\u00e8tes ayant une d\u00e9ficience\u00a0et les athl\u00e8tes\u00a0physiquement aptes sont admissibles \u00e0 concourir en basketball en fauteuil roulant\u00a0pour leur province ou territoire respectif.<\/p>\n<p>Les Jeux du Canada 2023 auront lieu du 18 f\u00e9vrier au 5 mars 2023 \u00e0 l&rsquo;\u00cele-du-Prince-\u00c9douard.<\/p>\n<p>Pour plus de renseignements \u00e0 propos des Jeux du Canada, veuillez visiter <a href=\"https:\/\/www.2023canadagames.ca\/\">www.2023canadagames.ca<\/a><\/p>\n<h3>\u00c9v\u00e9nements pass\u00e9s<\/h3>\n<p><a href=\"https:\/\/www.wheelchairbasketball.ca\/fr\/event\/2019-canada-games\/\" target=\"_blank\" rel=\"noopener noreferrer\">Jeux du Canada 2019\u00a0<\/a><br \/>\n<a href=\"https:\/\/www.wheelchairbasketball.ca\/fr\/event\/jeux-du-canada-2023\/\">Jeux du Canada 2023<\/a><\/p>\n","protected":false},"excerpt":{"rendered":"Les Jeux du Canada sont la plus grande comp\u00e9tition multisport pour les jeunes athl\u00e8tes canadiens. L&rsquo;\u00e9v\u00e9nement rassemble les meilleurs jeunes athl\u00e8tes amateurs du Canada qui concourent pour leur province ou territoire respectif. Les Jeux du Canada ont lieu tous les deux ans, alternant entre l&rsquo;hiver et l&rsquo;\u00e9t\u00e9. Les Jeux agissent comme une \u00e9tape dans le [&hellip;]","protected":false},"author":4,"featured_media":15213,"parent":1689,"menu_order":6,"comment_status":"closed","ping_status":"closed","template":"","meta":{"om_disable_all_campaigns":false,"_monsterinsights_skip_tracking":false,"_monsterinsights_sitenote_active":false,"_monsterinsights_sitenote_note":"","_monsterinsights_sitenote_category":0,"footnotes":""},"acf":[],"yoast_head":"<!-- This site is optimized with the Yoast SEO plugin v21.9.1 - https:\/\/yoast.com\/wordpress\/plugins\/seo\/ -->\n<title>Jeux du Canada - Wheelchair Basketball Canada<\/title>\n<meta name=\"robots\" content=\"index, follow, max-snippet:-1, max-image-preview:large, max-video-preview:-1\" \/>\n<link rel=\"canonical\" href=\"https:\/\/www.wheelchairbasketball.ca\/fr\/evenements\/jeux-du-canada\/\" \/>\n<meta property=\"og:locale\" content=\"fr_FR\" \/>\n<meta property=\"og:type\" content=\"article\" \/>\n<meta property=\"og:title\" content=\"Jeux du Canada - Wheelchair Basketball Canada\" \/>\n<meta property=\"og:description\" content=\"Les Jeux du Canada sont la plus grande comp\u00e9tition multisport pour les jeunes athl\u00e8tes canadiens. L&rsquo;\u00e9v\u00e9nement rassemble les meilleurs jeunes athl\u00e8tes amateurs du Canada qui concourent pour leur province ou territoire respectif. Les Jeux du Canada ont lieu tous les deux ans, alternant entre l&rsquo;hiver et l&rsquo;\u00e9t\u00e9. Les Jeux agissent comme une \u00e9tape dans le [&hellip;]\" \/>\n<meta property=\"og:url\" content=\"https:\/\/www.wheelchairbasketball.ca\/fr\/evenements\/jeux-du-canada\/\" \/>\n<meta property=\"og:site_name\" content=\"Wheelchair Basketball Canada\" \/>\n<meta property=\"article:publisher\" content=\"http:\/\/www.facebook.com\/wheelchairbasketball\" \/>\n<meta property=\"article:modified_time\" content=\"2023-04-11T17:48:01+00:00\" \/>\n<meta property=\"og:image\" content=\"https:\/\/www.wheelchairbasketball.ca\/wp-content\/uploads\/2021\/03\/Canada-Games_Feature-Image-2021-1.jpg\" \/>\n\t<meta property=\"og:image:width\" content=\"1400\" \/>\n\t<meta property=\"og:image:height\" content=\"600\" \/>\n\t<meta property=\"og:image:type\" content=\"image\/jpeg\" \/>\n<meta name=\"twitter:card\" content=\"summary_large_image\" \/>\n<meta name=\"twitter:site\" content=\"@WCBballCanada\" \/>\n<meta name=\"twitter:label1\" content=\"Dur\u00e9e de lecture estim\u00e9e\" \/>\n\t<meta name=\"twitter:data1\" content=\"1 minute\" \/>\n<script type=\"application\/ld+json\" class=\"yoast-schema-graph\">{\"@context\":\"https:\/\/schema.org\",\"@graph\":[{\"@type\":\"WebPage\",\"@id\":\"https:\/\/www.wheelchairbasketball.ca\/fr\/evenements\/jeux-du-canada\/\",\"url\":\"https:\/\/www.wheelchairbasketball.ca\/fr\/evenements\/jeux-du-canada\/\",\"name\":\"Jeux du Canada - Wheelchair Basketball Canada\",\"isPartOf\":{\"@id\":\"https:\/\/www.wheelchairbasketball.ca\/#website\"},\"datePublished\":\"2015-03-31T14:21:29+00:00\",\"dateModified\":\"2023-04-11T17:48:01+00:00\",\"breadcrumb\":{\"@id\":\"https:\/\/www.wheelchairbasketball.ca\/fr\/evenements\/jeux-du-canada\/#breadcrumb\"},\"inLanguage\":\"fr-FR\",\"potentialAction\":[{\"@type\":\"ReadAction\",\"target\":[\"https:\/\/www.wheelchairbasketball.ca\/fr\/evenements\/jeux-du-canada\/\"]}]},{\"@type\":\"BreadcrumbList\",\"@id\":\"https:\/\/www.wheelchairbasketball.ca\/fr\/evenements\/jeux-du-canada\/#breadcrumb\",\"itemListElement\":[{\"@type\":\"ListItem\",\"position\":1,\"name\":\"Home\",\"item\":\"https:\/\/www.wheelchairbasketball.ca\/fr\/\"},{\"@type\":\"ListItem\",\"position\":2,\"name\":\"\u00c9v\u00e9nements\",\"item\":\"https:\/\/www.wheelchairbasketball.ca\/fr\/evenements\/\"},{\"@type\":\"ListItem\",\"position\":3,\"name\":\"Jeux du Canada\"}]},{\"@type\":\"WebSite\",\"@id\":\"https:\/\/www.wheelchairbasketball.ca\/#website\",\"url\":\"https:\/\/www.wheelchairbasketball.ca\/\",\"name\":\"Wheelchair Basketball Canada\",\"description\":\"Real Life. Real Sport.\",\"potentialAction\":[{\"@type\":\"SearchAction\",\"target\":{\"@type\":\"EntryPoint\",\"urlTemplate\":\"https:\/\/www.wheelchairbasketball.ca\/?s={search_term_string}\"},\"query-input\":\"required name=search_term_string\"}],\"inLanguage\":\"fr-FR\"}]}<\/script>\n<!-- \/ Yoast SEO plugin. -->","yoast_head_json":{"title":"Jeux du Canada - Wheelchair Basketball Canada","robots":{"index":"index","follow":"follow","max-snippet":"max-snippet:-1","max-image-preview":"max-image-preview:large","max-video-preview":"max-video-preview:-1"},"canonical":"https:\/\/www.wheelchairbasketball.ca\/fr\/evenements\/jeux-du-canada\/","og_locale":"fr_FR","og_type":"article","og_title":"Jeux du Canada - Wheelchair Basketball Canada","og_description":"Les Jeux du Canada sont la plus grande comp\u00e9tition multisport pour les jeunes athl\u00e8tes canadiens. L&rsquo;\u00e9v\u00e9nement rassemble les meilleurs jeunes athl\u00e8tes amateurs du Canada qui concourent pour leur province ou territoire respectif. Les Jeux du Canada ont lieu tous les deux ans, alternant entre l&rsquo;hiver et l&rsquo;\u00e9t\u00e9. Les Jeux agissent comme une \u00e9tape dans le [&hellip;]","og_url":"https:\/\/www.wheelchairbasketball.ca\/fr\/evenements\/jeux-du-canada\/","og_site_name":"Wheelchair Basketball Canada","article_publisher":"http:\/\/www.facebook.com\/wheelchairbasketball","article_modified_time":"2023-04-11T17:48:01+00:00","og_image":[{"width":1400,"height":600,"url":"https:\/\/www.wheelchairbasketball.ca\/wp-content\/uploads\/2021\/03\/Canada-Games_Feature-Image-2021-1.jpg","type":"image\/jpeg"}],"twitter_card":"summary_large_image","twitter_site":"@WCBballCanada","twitter_misc":{"Dur\u00e9e de lecture estim\u00e9e":"1 minute"},"schema":{"@context":"https:\/\/schema.org","@graph":[{"@type":"WebPage","@id":"https:\/\/www.wheelchairbasketball.ca\/fr\/evenements\/jeux-du-canada\/","url":"https:\/\/www.wheelchairbasketball.ca\/fr\/evenements\/jeux-du-canada\/","name":"Jeux du Canada - Wheelchair Basketball Canada","isPartOf":{"@id":"https:\/\/www.wheelchairbasketball.ca\/#website"},"datePublished":"2015-03-31T14:21:29+00:00","dateModified":"2023-04-11T17:48:01+00:00","breadcrumb":{"@id":"https:\/\/www.wheelchairbasketball.ca\/fr\/evenements\/jeux-du-canada\/#breadcrumb"},"inLanguage":"fr-FR","potentialAction":[{"@type":"ReadAction","target":["https:\/\/www.wheelchairbasketball.ca\/fr\/evenements\/jeux-du-canada\/"]}]},{"@type":"BreadcrumbList","@id":"https:\/\/www.wheelchairbasketball.ca\/fr\/evenements\/jeux-du-canada\/#breadcrumb","itemListElement":[{"@type":"ListItem","position":1,"name":"Home","item":"https:\/\/www.wheelchairbasketball.ca\/fr\/"},{"@type":"ListItem","position":2,"name":"\u00c9v\u00e9nements","item":"https:\/\/www.wheelchairbasketball.ca\/fr\/evenements\/"},{"@type":"ListItem","position":3,"name":"Jeux du Canada"}]},{"@type":"WebSite","@id":"https:\/\/www.wheelchairbasketball.ca\/#website","url":"https:\/\/www.wheelchairbasketball.ca\/","name":"Wheelchair Basketball Canada","description":"Real Life. Real Sport.","potentialAction":[{"@type":"SearchAction","target":{"@type":"EntryPoint","urlTemplate":"https:\/\/www.wheelchairbasketball.ca\/?s={search_term_string}"},"query-input":"required name=search_term_string"}],"inLanguage":"fr-FR"}]}},"_links":{"self":[{"href":"https:\/\/www.wheelchairbasketball.ca\/fr\/wp-json\/wp\/v2\/pages\/1285"}],"collection":[{"href":"https:\/\/www.wheelchairbasketball.ca\/fr\/wp-json\/wp\/v2\/pages"}],"about":[{"href":"https:\/\/www.wheelchairbasketball.ca\/fr\/wp-json\/wp\/v2\/types\/page"}],"author":[{"embeddable":true,"href":"https:\/\/www.wheelchairbasketball.ca\/fr\/wp-json\/wp\/v2\/users\/4"}],"replies":[{"embeddable":true,"href":"https:\/\/www.wheelchairbasketball.ca\/fr\/wp-json\/wp\/v2\/comments?post=1285"}],"version-history":[{"count":10,"href":"https:\/\/www.wheelchairbasketball.ca\/fr\/wp-json\/wp\/v2\/pages\/1285\/revisions"}],"predecessor-version":[{"id":18367,"href":"https:\/\/www.wheelchairbasketball.ca\/fr\/wp-json\/wp\/v2\/pages\/1285\/revisions\/18367"}],"up":[{"embeddable":true,"href":"https:\/\/www.wheelchairbasketball.ca\/fr\/wp-json\/wp\/v2\/pages\/1689"}],"wp:featuredmedia":[{"embeddable":true,"href":"https:\/\/www.wheelchairbasketball.ca\/fr\/wp-json\/wp\/v2\/media\/15213"}],"wp:attachment":[{"href":"https:\/\/www.wheelchairbasketball.ca\/fr\/wp-json\/wp\/v2\/media?parent=1285"}],"curies":[{"name":"wp","href":"https:\/\/api.w.org\/{rel}","templated":true}]}}