{"id":1287,"date":"2015-03-31T14:24:39","date_gmt":"2015-03-31T14:24:39","guid":{"rendered":"https:\/\/www.wheelchairbasketball.ca\/?page_id=1287"},"modified":"2022-02-24T18:56:34","modified_gmt":"2022-02-24T18:56:34","slug":"championnats-juniors","status":"publish","type":"page","link":"https:\/\/www.wheelchairbasketball.ca\/fr\/evenements\/championnats-juniors\/","title":{"rendered":"Championnats juniors"},"content":{"rendered":"<p>Basketball en fauteuil roulant Canada pr\u00e9sente les championnats juniors en pr\u00e9paration pour les <a href=\"https:\/\/www.wheelchairbasketball.ca\/fr\/evenements\/jeux-du-canada\/\">Jeux du Canada<\/a>, qui ont lieu une fois chaque quatre ans.<\/p>\n<p>Le Championnat national junior a lieu une fois chaque quatre ans \u00e0 l&rsquo;int\u00e9rieur de la p\u00e9riode quadriennale des Jeux du Canada. Le tournoi a lieu pendant la troisi\u00e8me ann\u00e9e du cycle et tient lieu de tournoi de classement pour les Jeux du Canada, qui ont lieu pendant la quartri\u00e8me ann\u00e9e du cycle.<\/p>\n<p>Deux Championnats r\u00e9gionaux juniors &#8211; Est et Ouest &#8211; ont lieu pendant les ann\u00e9es une et deux du cycle.<\/p>\n<p><strong>Championnat national junior 2022<\/strong><\/p>\n<p>Le Championnat national f\u00e9minin de la Ligue canadienne de basketball en fauteuil roulant (LCBFR) de 2022 aura lieu du 10 au 12 juin 2022, \u00e0 Charlottetown, \u00eele du prince-\u00e9douard. Le tournoi est organis\u00e9 par Parasport and Recreation PEI.<\/p>\n<ul>\n<li><a href=\"https:\/\/www.wheelchairbasketball.ca\/wp-content\/uploads\/2022\/01\/Registration-Package-JR-2022_F.pdf\">Dossier d&rsquo;inscription au championnat national junior 2022<\/a><\/li>\n<li><a href=\"https:\/\/www.wheelchairbasketball.ca\/wp-content\/uploads\/2021\/11\/Dossier-technique-Championnat-national-junior-2022-Dossier-technique.pdf\">Championnat national junior &#8211; 2021-2022 &#8211; Dossier technique<\/a><\/li>\n<\/ul>\n<h3>\u00c9v\u00e9nements pass\u00e9s<\/h3>\n<p><a href=\"https:\/\/www.wheelchairbasketball.ca\/fr\/event\/championnat-junior-est-2020\/?t=\">Championnat junior de l\u2019Est de 2020<\/a> (Annul\u00e9)<a href=\"https:\/\/www.wheelchairbasketball.ca\/fr\/event\/championnat-junior-est-2020\/?t=\"><br \/>\n<\/a><a href=\"https:\/\/www.wheelchairbasketball.ca\/fr\/event\/championnats-junior-ouest-2020\/?t=\">Championnat junior de l\u2019Ouest de 2020<\/a> (Annul\u00e9)<br \/>\n<a href=\"https:\/\/www.wheelchairbasketball.ca\/fr\/event\/championnat-national-junior-2018\/?t=\">Championnat national junior 2018<\/a><br \/>\n<a href=\"https:\/\/www.wheelchairbasketball.ca\/fr\/evenements\/championnats-juniors\/championnat-regional-junior-de-louest-2017\/?t=\">Championnat r\u00e9gional junior de l\u2019Ouest 2017<\/a><br \/>\n<a href=\"https:\/\/www.wheelchairbasketball.ca\/fr\/evenements\/championnats-juniors\/championnat-regional-junior-de-lest-2017\/?t=\">Championnat r\u00e9gional junior de l\u2019Est 2017<\/a><br \/>\n<a href=\"https:\/\/www.wheelchairbasketball.ca\/fr\/evenements\/championnats-juniors\/championnat-regionaux-juniors-ouest-2016\/?t=\">Championnat r\u00e9gional junior de l\u2019Ouest 2016<\/a><br \/>\n<a href=\"https:\/\/www.wheelchairbasketball.ca\/fr\/evenements\/championnats-juniors\/championnat-regional-junior-de-lest-2016\/?t=\">Championnat r\u00e9gional junior de l\u2019Est 2016<\/a><br \/>\n<a href=\"https:\/\/www.wheelchairbasketball.ca\/fr\/evenements\/championnats-juniors\/championnat-national-junior-2014\/?t=\">Championnat national junior 2014<\/a><br \/>\n<a href=\"https:\/\/www.wheelchairbasketball.ca\/wp-content\/uploads\/2015\/03\/Junior-Championship-Results-2008-2014.pdf\">R\u00e9sultats du championnat junior 2008-2014<\/a><\/p>\n","protected":false},"excerpt":{"rendered":"Basketball en fauteuil roulant Canada pr\u00e9sente les championnats juniors en pr\u00e9paration pour les Jeux du Canada, qui ont lieu une fois chaque quatre ans. Le Championnat national junior a lieu une fois chaque quatre ans \u00e0 l&rsquo;int\u00e9rieur de la p\u00e9riode quadriennale des Jeux du Canada. Le tournoi a lieu pendant la troisi\u00e8me ann\u00e9e du cycle [&hellip;]","protected":false},"author":4,"featured_media":11726,"parent":1689,"menu_order":7,"comment_status":"closed","ping_status":"closed","template":"","meta":{"om_disable_all_campaigns":false,"_monsterinsights_skip_tracking":false,"_monsterinsights_sitenote_active":false,"_monsterinsights_sitenote_note":"","_monsterinsights_sitenote_category":0,"footnotes":""},"acf":[],"yoast_head":"<!-- This site is optimized with the Yoast SEO plugin v21.9.1 - https:\/\/yoast.com\/wordpress\/plugins\/seo\/ -->\n<title>Championnats juniors - Wheelchair Basketball Canada<\/title>\n<meta name=\"robots\" content=\"index, follow, max-snippet:-1, max-image-preview:large, max-video-preview:-1\" \/>\n<link rel=\"canonical\" href=\"https:\/\/www.wheelchairbasketball.ca\/fr\/evenements\/championnats-juniors\/\" \/>\n<meta property=\"og:locale\" content=\"fr_FR\" \/>\n<meta property=\"og:type\" content=\"article\" \/>\n<meta property=\"og:title\" content=\"Championnats juniors - Wheelchair Basketball Canada\" \/>\n<meta property=\"og:description\" content=\"Basketball en fauteuil roulant Canada pr\u00e9sente les championnats juniors en pr\u00e9paration pour les Jeux du Canada, qui ont lieu une fois chaque quatre ans. Le Championnat national junior a lieu une fois chaque quatre ans \u00e0 l&rsquo;int\u00e9rieur de la p\u00e9riode quadriennale des Jeux du Canada. Le tournoi a lieu pendant la troisi\u00e8me ann\u00e9e du cycle [&hellip;]\" \/>\n<meta property=\"og:url\" content=\"https:\/\/www.wheelchairbasketball.ca\/fr\/evenements\/championnats-juniors\/\" \/>\n<meta property=\"og:site_name\" content=\"Wheelchair Basketball Canada\" \/>\n<meta property=\"article:publisher\" content=\"http:\/\/www.facebook.com\/wheelchairbasketball\" \/>\n<meta property=\"article:modified_time\" content=\"2022-02-24T18:56:34+00:00\" \/>\n<meta property=\"og:image\" content=\"https:\/\/www.wheelchairbasketball.ca\/wp-content\/uploads\/2015\/03\/Juniors-feature.jpg\" \/>\n\t<meta property=\"og:image:width\" content=\"1400\" \/>\n\t<meta property=\"og:image:height\" content=\"600\" \/>\n\t<meta property=\"og:image:type\" content=\"image\/jpeg\" \/>\n<meta name=\"twitter:card\" content=\"summary_large_image\" \/>\n<meta name=\"twitter:site\" content=\"@WCBballCanada\" \/>\n<meta name=\"twitter:label1\" content=\"Dur\u00e9e de lecture estim\u00e9e\" \/>\n\t<meta name=\"twitter:data1\" content=\"1 minute\" \/>\n<script type=\"application\/ld+json\" class=\"yoast-schema-graph\">{\"@context\":\"https:\/\/schema.org\",\"@graph\":[{\"@type\":\"WebPage\",\"@id\":\"https:\/\/www.wheelchairbasketball.ca\/fr\/evenements\/championnats-juniors\/\",\"url\":\"https:\/\/www.wheelchairbasketball.ca\/fr\/evenements\/championnats-juniors\/\",\"name\":\"Championnats juniors - Wheelchair Basketball Canada\",\"isPartOf\":{\"@id\":\"https:\/\/www.wheelchairbasketball.ca\/#website\"},\"datePublished\":\"2015-03-31T14:24:39+00:00\",\"dateModified\":\"2022-02-24T18:56:34+00:00\",\"breadcrumb\":{\"@id\":\"https:\/\/www.wheelchairbasketball.ca\/fr\/evenements\/championnats-juniors\/#breadcrumb\"},\"inLanguage\":\"fr-FR\",\"potentialAction\":[{\"@type\":\"ReadAction\",\"target\":[\"https:\/\/www.wheelchairbasketball.ca\/fr\/evenements\/championnats-juniors\/\"]}]},{\"@type\":\"BreadcrumbList\",\"@id\":\"https:\/\/www.wheelchairbasketball.ca\/fr\/evenements\/championnats-juniors\/#breadcrumb\",\"itemListElement\":[{\"@type\":\"ListItem\",\"position\":1,\"name\":\"Home\",\"item\":\"https:\/\/www.wheelchairbasketball.ca\/fr\/\"},{\"@type\":\"ListItem\",\"position\":2,\"name\":\"\u00c9v\u00e9nements\",\"item\":\"https:\/\/www.wheelchairbasketball.ca\/fr\/evenements\/\"},{\"@type\":\"ListItem\",\"position\":3,\"name\":\"Championnats juniors\"}]},{\"@type\":\"WebSite\",\"@id\":\"https:\/\/www.wheelchairbasketball.ca\/#website\",\"url\":\"https:\/\/www.wheelchairbasketball.ca\/\",\"name\":\"Wheelchair Basketball Canada\",\"description\":\"Real Life. Real Sport.\",\"potentialAction\":[{\"@type\":\"SearchAction\",\"target\":{\"@type\":\"EntryPoint\",\"urlTemplate\":\"https:\/\/www.wheelchairbasketball.ca\/?s={search_term_string}\"},\"query-input\":\"required name=search_term_string\"}],\"inLanguage\":\"fr-FR\"}]}<\/script>\n<!-- \/ Yoast SEO plugin. -->","yoast_head_json":{"title":"Championnats juniors - Wheelchair Basketball Canada","robots":{"index":"index","follow":"follow","max-snippet":"max-snippet:-1","max-image-preview":"max-image-preview:large","max-video-preview":"max-video-preview:-1"},"canonical":"https:\/\/www.wheelchairbasketball.ca\/fr\/evenements\/championnats-juniors\/","og_locale":"fr_FR","og_type":"article","og_title":"Championnats juniors - Wheelchair Basketball Canada","og_description":"Basketball en fauteuil roulant Canada pr\u00e9sente les championnats juniors en pr\u00e9paration pour les Jeux du Canada, qui ont lieu une fois chaque quatre ans. Le Championnat national junior a lieu une fois chaque quatre ans \u00e0 l&rsquo;int\u00e9rieur de la p\u00e9riode quadriennale des Jeux du Canada. Le tournoi a lieu pendant la troisi\u00e8me ann\u00e9e du cycle [&hellip;]","og_url":"https:\/\/www.wheelchairbasketball.ca\/fr\/evenements\/championnats-juniors\/","og_site_name":"Wheelchair Basketball Canada","article_publisher":"http:\/\/www.facebook.com\/wheelchairbasketball","article_modified_time":"2022-02-24T18:56:34+00:00","og_image":[{"width":1400,"height":600,"url":"https:\/\/www.wheelchairbasketball.ca\/wp-content\/uploads\/2015\/03\/Juniors-feature.jpg","type":"image\/jpeg"}],"twitter_card":"summary_large_image","twitter_site":"@WCBballCanada","twitter_misc":{"Dur\u00e9e de lecture estim\u00e9e":"1 minute"},"schema":{"@context":"https:\/\/schema.org","@graph":[{"@type":"WebPage","@id":"https:\/\/www.wheelchairbasketball.ca\/fr\/evenements\/championnats-juniors\/","url":"https:\/\/www.wheelchairbasketball.ca\/fr\/evenements\/championnats-juniors\/","name":"Championnats juniors - Wheelchair Basketball Canada","isPartOf":{"@id":"https:\/\/www.wheelchairbasketball.ca\/#website"},"datePublished":"2015-03-31T14:24:39+00:00","dateModified":"2022-02-24T18:56:34+00:00","breadcrumb":{"@id":"https:\/\/www.wheelchairbasketball.ca\/fr\/evenements\/championnats-juniors\/#breadcrumb"},"inLanguage":"fr-FR","potentialAction":[{"@type":"ReadAction","target":["https:\/\/www.wheelchairbasketball.ca\/fr\/evenements\/championnats-juniors\/"]}]},{"@type":"BreadcrumbList","@id":"https:\/\/www.wheelchairbasketball.ca\/fr\/evenements\/championnats-juniors\/#breadcrumb","itemListElement":[{"@type":"ListItem","position":1,"name":"Home","item":"https:\/\/www.wheelchairbasketball.ca\/fr\/"},{"@type":"ListItem","position":2,"name":"\u00c9v\u00e9nements","item":"https:\/\/www.wheelchairbasketball.ca\/fr\/evenements\/"},{"@type":"ListItem","position":3,"name":"Championnats juniors"}]},{"@type":"WebSite","@id":"https:\/\/www.wheelchairbasketball.ca\/#website","url":"https:\/\/www.wheelchairbasketball.ca\/","name":"Wheelchair Basketball Canada","description":"Real Life. Real Sport.","potentialAction":[{"@type":"SearchAction","target":{"@type":"EntryPoint","urlTemplate":"https:\/\/www.wheelchairbasketball.ca\/?s={search_term_string}"},"query-input":"required name=search_term_string"}],"inLanguage":"fr-FR"}]}},"_links":{"self":[{"href":"https:\/\/www.wheelchairbasketball.ca\/fr\/wp-json\/wp\/v2\/pages\/1287"}],"collection":[{"href":"https:\/\/www.wheelchairbasketball.ca\/fr\/wp-json\/wp\/v2\/pages"}],"about":[{"href":"https:\/\/www.wheelchairbasketball.ca\/fr\/wp-json\/wp\/v2\/types\/page"}],"author":[{"embeddable":true,"href":"https:\/\/www.wheelchairbasketball.ca\/fr\/wp-json\/wp\/v2\/users\/4"}],"replies":[{"embeddable":true,"href":"https:\/\/www.wheelchairbasketball.ca\/fr\/wp-json\/wp\/v2\/comments?post=1287"}],"version-history":[{"count":11,"href":"https:\/\/www.wheelchairbasketball.ca\/fr\/wp-json\/wp\/v2\/pages\/1287\/revisions"}],"predecessor-version":[{"id":16192,"href":"https:\/\/www.wheelchairbasketball.ca\/fr\/wp-json\/wp\/v2\/pages\/1287\/revisions\/16192"}],"up":[{"embeddable":true,"href":"https:\/\/www.wheelchairbasketball.ca\/fr\/wp-json\/wp\/v2\/pages\/1689"}],"wp:featuredmedia":[{"embeddable":true,"href":"https:\/\/www.wheelchairbasketball.ca\/fr\/wp-json\/wp\/v2\/media\/11726"}],"wp:attachment":[{"href":"https:\/\/www.wheelchairbasketball.ca\/fr\/wp-json\/wp\/v2\/media?parent=1287"}],"curies":[{"name":"wp","href":"https:\/\/api.w.org\/{rel}","templated":true}]}}