{"id":1289,"date":"2015-03-27T20:46:49","date_gmt":"2015-03-27T20:46:49","guid":{"rendered":"https:\/\/www.wheelchairbasketball.ca\/?page_id=1289"},"modified":"2025-12-04T01:53:58","modified_gmt":"2025-12-04T01:53:58","slug":"hoopfest","status":"publish","type":"page","link":"https:\/\/www.wheelchairbasketball.ca\/fr\/facons-de-donner\/hoopfest\/","title":{"rendered":"Hoopfest pr\u00e9sent\u00e9 par le Groupe Banque TD"},"content":{"rendered":"<p style=\"text-align: left;\">Hoopfest pr\u00e9sent\u00e9 par le Groupe Banque TD est un \u00e9v\u00e9nement prestigieux de collecte de fonds de Basketball en fauteuil roulant Canada. Hoopfest a permis de collecter plus de 100,000 $ \u00e0 l&rsquo;appui des programmes de basketball en fauteuil roulent de la base. Ce d\u00e9fi corporatif d\u2019une demi-journ\u00e9e vise \u00e0 renforcer l\u2019esprit d\u2019\u00e9quipe entre coll\u00e8gues, amis, parents et clients, en offrant \u00e0 chacun la possibilit\u00e9 de participer \u00e0 un tournoi de basketball en fauteuil roulant amusant et compl\u00e8tement inclusif.<\/p>\n<h6>Gr\u00e2ce \u00e0 votre soutien, plus de Canadiens handicap\u00e9s pourront transformer leur vie avec le basketball en fauteuil roulant.<\/h6>\n<p><iframe loading=\"lazy\" title=\"Hoopfest FR\" width=\"604\" height=\"340\" src=\"https:\/\/www.youtube.com\/embed\/7SCRSOuB9tk?feature=oembed\" frameborder=\"0\" allow=\"accelerometer; autoplay; clipboard-write; encrypted-media; gyroscope; picture-in-picture; web-share\" referrerpolicy=\"strict-origin-when-cross-origin\" allowfullscreen><\/iframe><\/p>\n<h3>Hoopfest pr\u00e9sent\u00e9 par le Groupe Banque TD<\/h3>\n<p>Pr\u00eat \u00e0 participer \u00e0 l&rsquo;\u00e9v\u00e9nement ? Constituez une \u00e9quipe de 4 \u00e0 5 personnes et inscrivez-vous \u00e0 l&rsquo;\u00e9v\u00e9nement Hoopfest le plus proche de chez vous :<\/p>\n<h5>Hoopfest Ottawa<\/h5>\n<div>\n<p>4 d\u00e9cembre 2025<br \/>\nAlgonquin College<\/p>\n<h5>Hoopfest Toronto<\/h5>\n<p>11 d\u00e9cembre 2025<br \/>\nToronto Pan Am Sports Centre<\/p>\n<\/div>\n<h3>Soutenir Hoopfest<\/h3>\n<p><strong>Occasions de partenariat:<\/strong> Basketball en fauteuil roulant Canada invite les entreprises \u00e0 s\u2019impliquer davantage avec Hoopfest, en devenant des partenaires officiels de l\u2019\u00e9v\u00e9nement. Au nombre des occasions se trouvent la commandite d\u2019un terrain, la reconnaissance sur des plateformes num\u00e9riques et dans des documents connexes de marketing, des mentions sp\u00e9ciales dans les discours d\u2019ouverture et de cl\u00f4ture, la participation \u00e0 des pr\u00e9sentations de prix, l\u2019engagement des employ\u00e9s et des clients et d\u2019autres occasions uniques de partenariat. Pour discuter des possibilit\u00e9s de partenariat, veuillez contacter <a href=\"mailto: &#x65;&#x62;&#x79;&#x65;&#x72;&#115;&#64;&#119;&#104;eel&#x63;&#x68;&#x61;&#x69;&#x72;&#x62;&#97;&#115;&#107;etb&#x61;&#x6c;&#x6c;&#x2e;&#x63;&#x61;\">Ed Byers<\/a> .<\/p>\n<p><strong>Faire un don:\u00a0<\/strong>Notre vision est d&rsquo;inciter les gens \u00e0 se sentir, \u00e0 penser et \u00e0 agir diff\u00e9remment en ce qui concerne le basketball en fauteuil roulent et les personnes handicap\u00e9es. Pour nous, chaque personne m\u00e9rite de pouvouir pratiquer un sport, quelles que soient ses capacit\u00e9s physiques. <a href=\"https:\/\/wheelchairbasketballca.kindful.com\/\"><strong>Faites un don maintenant<\/strong><\/a> pour cr\u00e9er un impact positif.<\/p>\n<h3>Contact<\/h3>\n<p>Obtenez toutes les plus r\u00e9centes mises \u00e0 jour, annonces et offres exclusives sur Hoopfest, l&rsquo;\u00e9v\u00e9nement prestigieux de collecte de fonds de Basketball en fauteuil roulant Canada. <a href=\"https:\/\/mailchi.mp\/wheelchairbasketball\/the-hoopfest-newsletter\">Inscrivez-vous d\u00e8s maintenant !<\/a><\/p>\n<p>Pour plus d&rsquo;informations sur Hoopfest, pour inscrire votre \u00e9quipe par courrier \u00e9lectronique ou pour faire un don veuillez contacter <a href=\"mailto: &#x65;&#98;y&#x65;&#114;s&#x40;&#x77;&#104;&#x65;&#x65;&#108;c&#x68;&#97;i&#x72;&#x62;&#97;&#x73;&#x6b;&#101;t&#x62;&#97;l&#x6c;&#x2e;&#99;&#x61;\">Ed Byers<\/a>.<\/p>\n<p><strong>Merci aux partenaires dont le soutien rend possible l&rsquo;organisation du Hoopfest :<\/strong><\/p>\n<p><a href=\"https:\/\/www.wheelchairbasketball.ca\/wp-content\/uploads\/2025\/11\/2025-hoopfest-partners.png\"><img loading=\"lazy\" decoding=\"async\" width=\"600\" height=\"300\" class=\"alignnone size-full wp-image-25360\" src=\"https:\/\/www.wheelchairbasketball.ca\/wp-content\/uploads\/2025\/11\/2025-hoopfest-partners.png\" alt=\"\" srcset=\"https:\/\/www.wheelchairbasketball.ca\/wp-content\/uploads\/2025\/11\/2025-hoopfest-partners.png 600w, https:\/\/www.wheelchairbasketball.ca\/wp-content\/uploads\/2025\/11\/2025-hoopfest-partners-300x150.png 300w\" sizes=\"(max-width: 600px) 100vw, 600px\" \/><\/a><\/p>\n<p><a href=\"https:\/\/themerrydairy.com\/\" target=\"_blank\" rel=\"noopener\">Merry Dairy <\/a>| <a href=\"https:\/\/www.thesenate.ca\/\" target=\"_blank\" rel=\"noopener\">The Senate Tavern<\/a><\/p>\n","protected":false},"excerpt":{"rendered":"Hoopfest pr\u00e9sent\u00e9 par le Groupe Banque TD est un \u00e9v\u00e9nement prestigieux de collecte de fonds de Basketball en fauteuil roulant Canada. Hoopfest a permis de collecter plus de 100,000 $ \u00e0 l&rsquo;appui des programmes de basketball en fauteuil roulent de la base. Ce d\u00e9fi corporatif d\u2019une demi-journ\u00e9e vise \u00e0 renforcer l\u2019esprit d\u2019\u00e9quipe entre coll\u00e8gues, amis, [&hellip;]","protected":false},"author":4,"featured_media":22834,"parent":1169,"menu_order":1,"comment_status":"closed","ping_status":"closed","template":"","meta":{"om_disable_all_campaigns":false,"_monsterinsights_skip_tracking":false,"_monsterinsights_sitenote_active":false,"_monsterinsights_sitenote_note":"","_monsterinsights_sitenote_category":0,"footnotes":""},"acf":[],"yoast_head":"<!-- This site is optimized with the Yoast SEO plugin v21.9.1 - https:\/\/yoast.com\/wordpress\/plugins\/seo\/ -->\n<title>Hoopfest pr\u00e9sent\u00e9 par le Groupe Banque TD - Wheelchair Basketball Canada<\/title>\n<meta name=\"robots\" content=\"index, follow, max-snippet:-1, max-image-preview:large, max-video-preview:-1\" \/>\n<link rel=\"canonical\" href=\"https:\/\/www.wheelchairbasketball.ca\/fr\/facons-de-donner\/hoopfest\/\" \/>\n<meta property=\"og:locale\" content=\"fr_FR\" \/>\n<meta property=\"og:type\" content=\"article\" \/>\n<meta property=\"og:title\" content=\"Hoopfest pr\u00e9sent\u00e9 par le Groupe Banque TD - Wheelchair Basketball Canada\" \/>\n<meta property=\"og:description\" content=\"Hoopfest pr\u00e9sent\u00e9 par le Groupe Banque TD est un \u00e9v\u00e9nement prestigieux de collecte de fonds de Basketball en fauteuil roulant Canada. Hoopfest a permis de collecter plus de 100,000 $ \u00e0 l&rsquo;appui des programmes de basketball en fauteuil roulent de la base. Ce d\u00e9fi corporatif d\u2019une demi-journ\u00e9e vise \u00e0 renforcer l\u2019esprit d\u2019\u00e9quipe entre coll\u00e8gues, amis, [&hellip;]\" \/>\n<meta property=\"og:url\" content=\"https:\/\/www.wheelchairbasketball.ca\/fr\/facons-de-donner\/hoopfest\/\" \/>\n<meta property=\"og:site_name\" content=\"Wheelchair Basketball Canada\" \/>\n<meta property=\"article:publisher\" content=\"http:\/\/www.facebook.com\/wheelchairbasketball\" \/>\n<meta property=\"article:modified_time\" content=\"2025-12-04T01:53:58+00:00\" \/>\n<meta property=\"og:image\" content=\"https:\/\/www.wheelchairbasketball.ca\/wp-content\/uploads\/2024\/12\/Hoopfest-Feature-Image-1400x600-FR.png\" \/>\n\t<meta property=\"og:image:width\" content=\"1400\" \/>\n\t<meta property=\"og:image:height\" content=\"600\" \/>\n\t<meta property=\"og:image:type\" content=\"image\/png\" \/>\n<meta name=\"twitter:card\" content=\"summary_large_image\" \/>\n<meta name=\"twitter:site\" content=\"@WCBballCanada\" \/>\n<meta name=\"twitter:label1\" content=\"Dur\u00e9e de lecture estim\u00e9e\" \/>\n\t<meta name=\"twitter:data1\" content=\"2 minutes\" \/>\n<script type=\"application\/ld+json\" class=\"yoast-schema-graph\">{\"@context\":\"https:\/\/schema.org\",\"@graph\":[{\"@type\":\"WebPage\",\"@id\":\"https:\/\/www.wheelchairbasketball.ca\/fr\/facons-de-donner\/hoopfest\/\",\"url\":\"https:\/\/www.wheelchairbasketball.ca\/fr\/facons-de-donner\/hoopfest\/\",\"name\":\"Hoopfest pr\u00e9sent\u00e9 par le Groupe Banque TD - Wheelchair Basketball Canada\",\"isPartOf\":{\"@id\":\"https:\/\/www.wheelchairbasketball.ca\/#website\"},\"datePublished\":\"2015-03-27T20:46:49+00:00\",\"dateModified\":\"2025-12-04T01:53:58+00:00\",\"breadcrumb\":{\"@id\":\"https:\/\/www.wheelchairbasketball.ca\/fr\/facons-de-donner\/hoopfest\/#breadcrumb\"},\"inLanguage\":\"fr-FR\",\"potentialAction\":[{\"@type\":\"ReadAction\",\"target\":[\"https:\/\/www.wheelchairbasketball.ca\/fr\/facons-de-donner\/hoopfest\/\"]}]},{\"@type\":\"BreadcrumbList\",\"@id\":\"https:\/\/www.wheelchairbasketball.ca\/fr\/facons-de-donner\/hoopfest\/#breadcrumb\",\"itemListElement\":[{\"@type\":\"ListItem\",\"position\":1,\"name\":\"Home\",\"item\":\"https:\/\/www.wheelchairbasketball.ca\/fr\/\"},{\"@type\":\"ListItem\",\"position\":2,\"name\":\"Fa\u00e7ons de donner\",\"item\":\"https:\/\/www.wheelchairbasketball.ca\/fr\/facons-de-donner\/\"},{\"@type\":\"ListItem\",\"position\":3,\"name\":\"Hoopfest pr\u00e9sent\u00e9 par le Groupe Banque TD\"}]},{\"@type\":\"WebSite\",\"@id\":\"https:\/\/www.wheelchairbasketball.ca\/#website\",\"url\":\"https:\/\/www.wheelchairbasketball.ca\/\",\"name\":\"Wheelchair Basketball Canada\",\"description\":\"Real Life. Real Sport.\",\"potentialAction\":[{\"@type\":\"SearchAction\",\"target\":{\"@type\":\"EntryPoint\",\"urlTemplate\":\"https:\/\/www.wheelchairbasketball.ca\/?s={search_term_string}\"},\"query-input\":\"required name=search_term_string\"}],\"inLanguage\":\"fr-FR\"}]}<\/script>\n<!-- \/ Yoast SEO plugin. -->","yoast_head_json":{"title":"Hoopfest pr\u00e9sent\u00e9 par le Groupe Banque TD - Wheelchair Basketball Canada","robots":{"index":"index","follow":"follow","max-snippet":"max-snippet:-1","max-image-preview":"max-image-preview:large","max-video-preview":"max-video-preview:-1"},"canonical":"https:\/\/www.wheelchairbasketball.ca\/fr\/facons-de-donner\/hoopfest\/","og_locale":"fr_FR","og_type":"article","og_title":"Hoopfest pr\u00e9sent\u00e9 par le Groupe Banque TD - Wheelchair Basketball Canada","og_description":"Hoopfest pr\u00e9sent\u00e9 par le Groupe Banque TD est un \u00e9v\u00e9nement prestigieux de collecte de fonds de Basketball en fauteuil roulant Canada. Hoopfest a permis de collecter plus de 100,000 $ \u00e0 l&rsquo;appui des programmes de basketball en fauteuil roulent de la base. Ce d\u00e9fi corporatif d\u2019une demi-journ\u00e9e vise \u00e0 renforcer l\u2019esprit d\u2019\u00e9quipe entre coll\u00e8gues, amis, [&hellip;]","og_url":"https:\/\/www.wheelchairbasketball.ca\/fr\/facons-de-donner\/hoopfest\/","og_site_name":"Wheelchair Basketball Canada","article_publisher":"http:\/\/www.facebook.com\/wheelchairbasketball","article_modified_time":"2025-12-04T01:53:58+00:00","og_image":[{"width":1400,"height":600,"url":"https:\/\/www.wheelchairbasketball.ca\/wp-content\/uploads\/2024\/12\/Hoopfest-Feature-Image-1400x600-FR.png","type":"image\/png"}],"twitter_card":"summary_large_image","twitter_site":"@WCBballCanada","twitter_misc":{"Dur\u00e9e de lecture estim\u00e9e":"2 minutes"},"schema":{"@context":"https:\/\/schema.org","@graph":[{"@type":"WebPage","@id":"https:\/\/www.wheelchairbasketball.ca\/fr\/facons-de-donner\/hoopfest\/","url":"https:\/\/www.wheelchairbasketball.ca\/fr\/facons-de-donner\/hoopfest\/","name":"Hoopfest pr\u00e9sent\u00e9 par le Groupe Banque TD - Wheelchair Basketball Canada","isPartOf":{"@id":"https:\/\/www.wheelchairbasketball.ca\/#website"},"datePublished":"2015-03-27T20:46:49+00:00","dateModified":"2025-12-04T01:53:58+00:00","breadcrumb":{"@id":"https:\/\/www.wheelchairbasketball.ca\/fr\/facons-de-donner\/hoopfest\/#breadcrumb"},"inLanguage":"fr-FR","potentialAction":[{"@type":"ReadAction","target":["https:\/\/www.wheelchairbasketball.ca\/fr\/facons-de-donner\/hoopfest\/"]}]},{"@type":"BreadcrumbList","@id":"https:\/\/www.wheelchairbasketball.ca\/fr\/facons-de-donner\/hoopfest\/#breadcrumb","itemListElement":[{"@type":"ListItem","position":1,"name":"Home","item":"https:\/\/www.wheelchairbasketball.ca\/fr\/"},{"@type":"ListItem","position":2,"name":"Fa\u00e7ons de donner","item":"https:\/\/www.wheelchairbasketball.ca\/fr\/facons-de-donner\/"},{"@type":"ListItem","position":3,"name":"Hoopfest pr\u00e9sent\u00e9 par le Groupe Banque TD"}]},{"@type":"WebSite","@id":"https:\/\/www.wheelchairbasketball.ca\/#website","url":"https:\/\/www.wheelchairbasketball.ca\/","name":"Wheelchair Basketball Canada","description":"Real Life. Real Sport.","potentialAction":[{"@type":"SearchAction","target":{"@type":"EntryPoint","urlTemplate":"https:\/\/www.wheelchairbasketball.ca\/?s={search_term_string}"},"query-input":"required name=search_term_string"}],"inLanguage":"fr-FR"}]}},"_links":{"self":[{"href":"https:\/\/www.wheelchairbasketball.ca\/fr\/wp-json\/wp\/v2\/pages\/1289"}],"collection":[{"href":"https:\/\/www.wheelchairbasketball.ca\/fr\/wp-json\/wp\/v2\/pages"}],"about":[{"href":"https:\/\/www.wheelchairbasketball.ca\/fr\/wp-json\/wp\/v2\/types\/page"}],"author":[{"embeddable":true,"href":"https:\/\/www.wheelchairbasketball.ca\/fr\/wp-json\/wp\/v2\/users\/4"}],"replies":[{"embeddable":true,"href":"https:\/\/www.wheelchairbasketball.ca\/fr\/wp-json\/wp\/v2\/comments?post=1289"}],"version-history":[{"count":15,"href":"https:\/\/www.wheelchairbasketball.ca\/fr\/wp-json\/wp\/v2\/pages\/1289\/revisions"}],"predecessor-version":[{"id":25381,"href":"https:\/\/www.wheelchairbasketball.ca\/fr\/wp-json\/wp\/v2\/pages\/1289\/revisions\/25381"}],"up":[{"embeddable":true,"href":"https:\/\/www.wheelchairbasketball.ca\/fr\/wp-json\/wp\/v2\/pages\/1169"}],"wp:featuredmedia":[{"embeddable":true,"href":"https:\/\/www.wheelchairbasketball.ca\/fr\/wp-json\/wp\/v2\/media\/22834"}],"wp:attachment":[{"href":"https:\/\/www.wheelchairbasketball.ca\/fr\/wp-json\/wp\/v2\/media?parent=1289"}],"curies":[{"name":"wp","href":"https:\/\/api.w.org\/{rel}","templated":true}]}}