{"id":1292,"date":"2015-03-31T14:53:47","date_gmt":"2015-03-31T14:53:47","guid":{"rendered":"https:\/\/www.wheelchairbasketball.ca\/?page_id=1292"},"modified":"2015-03-31T14:53:47","modified_gmt":"2015-03-31T14:53:47","slug":"zone-des-partisans","status":"publish","type":"page","link":"https:\/\/www.wheelchairbasketball.ca\/fr\/zone-des-partisans\/","title":{"rendered":"Zone des partisans"},"content":{"rendered":"<p><a href=\"https:\/\/www.wheelchairbasketball.ca\/wp-content\/uploads\/2015\/03\/Fan-Zone-f.jpg\"><img loading=\"lazy\" decoding=\"async\" class=\" size-full wp-image-1293 alignnone\" src=\"https:\/\/www.wheelchairbasketball.ca\/wp-content\/uploads\/2015\/03\/Fan-Zone-f.jpg\" alt=\"Fan Zone-f\" width=\"450\" height=\"281\" srcset=\"https:\/\/www.wheelchairbasketball.ca\/wp-content\/uploads\/2015\/03\/Fan-Zone-f.jpg 450w, https:\/\/www.wheelchairbasketball.ca\/wp-content\/uploads\/2015\/03\/Fan-Zone-f-300x187.jpg 300w, https:\/\/www.wheelchairbasketball.ca\/wp-content\/uploads\/2015\/03\/Fan-Zone-f-400x250.jpg 400w\" sizes=\"(max-width: 450px) 100vw, 450px\" \/><\/a><\/p>\n<p><strong>Bienvenue \u00e0 la ZONE DES PARTISANS<\/strong> &#8211; o\u00f9 les partisans du basketball en fauteuil roulant, ainsi que les athl\u00e8tes, les entra\u00eeneurs et les nouveaux venus au sport trouveront tous genres de renseignements utiles!<\/p>\n<h2>M\u00e9dias sociaux<\/h2>\n<p>Suivez-nous sur <a title=\"[Facebook]\" href=\"http:\/\/www.facebook.com\/wheelchairbasketball\" target=\"_blank\">[Facebook]<\/a>, <a title=\"[Twitter]\" href=\"https:\/\/twitter.com\/WCBballCanada\/\" target=\"_blank\">[Twitter]<\/a>, <a title=\"[YouTube]\" href=\"http:\/\/www.youtube.com\/WheelchairBball\/\" target=\"_blank\">[YouTube]<\/a> et <a title=\"[Flick'r]\" href=\"http:\/\/www.flickr.com\/photos\/wheelchairbasketball\/\" target=\"_blank\">[Flick&rsquo;r]<\/a> pour avoir acc\u00e8s aux derni\u00e8res nouvelles, aux photos, aux vid\u00e9os et beaucoup plus, et pour se connecter avec les athl\u00e8tes, les entra\u00eeneurs, et les autres partisans.<\/p>\n<h2>Bulletin<\/h2>\n<p>Obtenez les derni\u00e8res nouvelles et les renseignements les plus r\u00e9cents de Basketball en fauteuil roulant Canada, directement dans votre corbeille d\u2019arriv\u00e9e, en s&rsquo;inscrivant pour notre <a title=\"Bulletin Tip Off\" href=\"https:\/\/www.wheelchairbasketball.ca\/fr\/bulletin-tip-off\/\">[Bulletin Tip-Off]<\/a>.<\/p>\n<h2>Vid\u00e9os<\/h2>\n<p>Les points saillants de vid\u00e9os, les r\u00e9capitulations de matchs, les joueurs en vedette et beaucoup plus en un seul clic, dans la section des <a title=\"Vid\u00e9os\" href=\"https:\/\/www.wheelchairbasketball.ca\/fr\/videos\/\">[vid\u00e9os]<\/a>.<\/p>\n<h2>Interrogez l&rsquo;\u00c9quipe Canada<\/h2>\n<p>Vous avez une question concernant le basketball en fauteuil roulant ou vous cherchez \u00e0 obtenir des renseignements exclusifs? Cette section a toutes les r\u00e9ponses aux questions pos\u00e9es par vous, le partisan. Ne vous g\u00eanez pas &#8211; <a title=\"[Interrogez l'\u00c9quipe Canada]\" href=\"https:\/\/wheelchairbasketball.ca\/Interrogez_Equipe_Canada.aspx\">[Interrogez l&rsquo;\u00c9quipe Canada]<\/a> aujourd&rsquo;hui.<\/p>\n<h2>T\u00eate \u00c0 T\u00eate<\/h2>\n<p>Voici votre occasion de sonder les pens\u00e9es de certains des plus grands esprits du jeu qui font part de leurs opinions du monde du basketball en fauteuil roulant, comme ils le voient. D\u00e9couvrez les points de vue des experts dans la section [T\u00eate \u00c0 T\u00eate].<\/p>\n<h2>T\u00e9l\u00e9chargements<\/h2>\n[Ici] vous trouverez des fonds d&rsquo;\u00e9cran, des \u00e9conomiseurs d&rsquo;\u00e9cran et plus. Tout ce dont vous avez besoin pour \u00eatre un partisan sur votre ordinateur local.<\/p>\n","protected":false},"excerpt":{"rendered":"Bienvenue \u00e0 la ZONE DES PARTISANS &#8211; o\u00f9 les partisans du basketball en fauteuil roulant, ainsi que les athl\u00e8tes, les entra\u00eeneurs et les nouveaux venus au sport trouveront tous genres de renseignements utiles! M\u00e9dias sociaux Suivez-nous sur [Facebook], [Twitter], [YouTube] et [Flick&rsquo;r] pour avoir acc\u00e8s aux derni\u00e8res nouvelles, aux photos, aux vid\u00e9os et beaucoup plus, [&hellip;]","protected":false},"author":4,"featured_media":0,"parent":0,"menu_order":6,"comment_status":"closed","ping_status":"closed","template":"","meta":{"om_disable_all_campaigns":false,"_monsterinsights_skip_tracking":false,"_monsterinsights_sitenote_active":false,"_monsterinsights_sitenote_note":"","_monsterinsights_sitenote_category":0,"footnotes":""},"acf":[],"yoast_head":"<!-- This site is optimized with the Yoast SEO plugin v21.9.1 - https:\/\/yoast.com\/wordpress\/plugins\/seo\/ -->\n<title>Zone des partisans - Wheelchair Basketball Canada<\/title>\n<meta name=\"robots\" content=\"index, follow, max-snippet:-1, max-image-preview:large, max-video-preview:-1\" \/>\n<link rel=\"canonical\" href=\"https:\/\/www.wheelchairbasketball.ca\/fanzone\/\" \/>\n<meta property=\"og:locale\" content=\"fr_FR\" \/>\n<meta property=\"og:type\" content=\"article\" \/>\n<meta property=\"og:title\" content=\"Zone des partisans - Wheelchair Basketball Canada\" \/>\n<meta property=\"og:description\" content=\"Bienvenue \u00e0 la ZONE DES PARTISANS &#8211; o\u00f9 les partisans du basketball en fauteuil roulant, ainsi que les athl\u00e8tes, les entra\u00eeneurs et les nouveaux venus au sport trouveront tous genres de renseignements utiles! M\u00e9dias sociaux Suivez-nous sur [Facebook], [Twitter], [YouTube] et [Flick&rsquo;r] pour avoir acc\u00e8s aux derni\u00e8res nouvelles, aux photos, aux vid\u00e9os et beaucoup plus, [&hellip;]\" \/>\n<meta property=\"og:url\" content=\"https:\/\/www.wheelchairbasketball.ca\/fanzone\/\" \/>\n<meta property=\"og:site_name\" content=\"Wheelchair Basketball Canada\" \/>\n<meta property=\"article:publisher\" content=\"http:\/\/www.facebook.com\/wheelchairbasketball\" \/>\n<meta property=\"og:image\" content=\"https:\/\/www.wheelchairbasketball.ca\/wp-content\/uploads\/2015\/03\/Fan-Zone-f.jpg\" \/>\n<meta name=\"twitter:card\" content=\"summary_large_image\" \/>\n<meta name=\"twitter:site\" content=\"@WCBballCanada\" \/>\n<meta name=\"twitter:label1\" content=\"Dur\u00e9e de lecture estim\u00e9e\" \/>\n\t<meta name=\"twitter:data1\" content=\"1 minute\" \/>\n<script type=\"application\/ld+json\" class=\"yoast-schema-graph\">{\"@context\":\"https:\/\/schema.org\",\"@graph\":[{\"@type\":\"WebPage\",\"@id\":\"https:\/\/www.wheelchairbasketball.ca\/fanzone\/\",\"url\":\"https:\/\/www.wheelchairbasketball.ca\/fanzone\/\",\"name\":\"Zone des partisans - Wheelchair Basketball Canada\",\"isPartOf\":{\"@id\":\"https:\/\/www.wheelchairbasketball.ca\/#website\"},\"datePublished\":\"2015-03-31T14:53:47+00:00\",\"dateModified\":\"2015-03-31T14:53:47+00:00\",\"breadcrumb\":{\"@id\":\"https:\/\/www.wheelchairbasketball.ca\/fanzone\/#breadcrumb\"},\"inLanguage\":\"fr-FR\",\"potentialAction\":[{\"@type\":\"ReadAction\",\"target\":[\"https:\/\/www.wheelchairbasketball.ca\/fanzone\/\"]}]},{\"@type\":\"BreadcrumbList\",\"@id\":\"https:\/\/www.wheelchairbasketball.ca\/fanzone\/#breadcrumb\",\"itemListElement\":[{\"@type\":\"ListItem\",\"position\":1,\"name\":\"Home\",\"item\":\"https:\/\/www.wheelchairbasketball.ca\/fr\/\"},{\"@type\":\"ListItem\",\"position\":2,\"name\":\"Zone des partisans\"}]},{\"@type\":\"WebSite\",\"@id\":\"https:\/\/www.wheelchairbasketball.ca\/#website\",\"url\":\"https:\/\/www.wheelchairbasketball.ca\/\",\"name\":\"Wheelchair Basketball Canada\",\"description\":\"Real Life. Real Sport.\",\"potentialAction\":[{\"@type\":\"SearchAction\",\"target\":{\"@type\":\"EntryPoint\",\"urlTemplate\":\"https:\/\/www.wheelchairbasketball.ca\/?s={search_term_string}\"},\"query-input\":\"required name=search_term_string\"}],\"inLanguage\":\"fr-FR\"}]}<\/script>\n<!-- \/ Yoast SEO plugin. -->","yoast_head_json":{"title":"Zone des partisans - Wheelchair Basketball Canada","robots":{"index":"index","follow":"follow","max-snippet":"max-snippet:-1","max-image-preview":"max-image-preview:large","max-video-preview":"max-video-preview:-1"},"canonical":"https:\/\/www.wheelchairbasketball.ca\/fanzone\/","og_locale":"fr_FR","og_type":"article","og_title":"Zone des partisans - Wheelchair Basketball Canada","og_description":"Bienvenue \u00e0 la ZONE DES PARTISANS &#8211; o\u00f9 les partisans du basketball en fauteuil roulant, ainsi que les athl\u00e8tes, les entra\u00eeneurs et les nouveaux venus au sport trouveront tous genres de renseignements utiles! M\u00e9dias sociaux Suivez-nous sur [Facebook], [Twitter], [YouTube] et [Flick&rsquo;r] pour avoir acc\u00e8s aux derni\u00e8res nouvelles, aux photos, aux vid\u00e9os et beaucoup plus, [&hellip;]","og_url":"https:\/\/www.wheelchairbasketball.ca\/fanzone\/","og_site_name":"Wheelchair Basketball Canada","article_publisher":"http:\/\/www.facebook.com\/wheelchairbasketball","og_image":[{"url":"https:\/\/www.wheelchairbasketball.ca\/wp-content\/uploads\/2015\/03\/Fan-Zone-f.jpg"}],"twitter_card":"summary_large_image","twitter_site":"@WCBballCanada","twitter_misc":{"Dur\u00e9e de lecture estim\u00e9e":"1 minute"},"schema":{"@context":"https:\/\/schema.org","@graph":[{"@type":"WebPage","@id":"https:\/\/www.wheelchairbasketball.ca\/fanzone\/","url":"https:\/\/www.wheelchairbasketball.ca\/fanzone\/","name":"Zone des partisans - Wheelchair Basketball Canada","isPartOf":{"@id":"https:\/\/www.wheelchairbasketball.ca\/#website"},"datePublished":"2015-03-31T14:53:47+00:00","dateModified":"2015-03-31T14:53:47+00:00","breadcrumb":{"@id":"https:\/\/www.wheelchairbasketball.ca\/fanzone\/#breadcrumb"},"inLanguage":"fr-FR","potentialAction":[{"@type":"ReadAction","target":["https:\/\/www.wheelchairbasketball.ca\/fanzone\/"]}]},{"@type":"BreadcrumbList","@id":"https:\/\/www.wheelchairbasketball.ca\/fanzone\/#breadcrumb","itemListElement":[{"@type":"ListItem","position":1,"name":"Home","item":"https:\/\/www.wheelchairbasketball.ca\/fr\/"},{"@type":"ListItem","position":2,"name":"Zone des partisans"}]},{"@type":"WebSite","@id":"https:\/\/www.wheelchairbasketball.ca\/#website","url":"https:\/\/www.wheelchairbasketball.ca\/","name":"Wheelchair Basketball Canada","description":"Real Life. Real Sport.","potentialAction":[{"@type":"SearchAction","target":{"@type":"EntryPoint","urlTemplate":"https:\/\/www.wheelchairbasketball.ca\/?s={search_term_string}"},"query-input":"required name=search_term_string"}],"inLanguage":"fr-FR"}]}},"_links":{"self":[{"href":"https:\/\/www.wheelchairbasketball.ca\/fr\/wp-json\/wp\/v2\/pages\/1292"}],"collection":[{"href":"https:\/\/www.wheelchairbasketball.ca\/fr\/wp-json\/wp\/v2\/pages"}],"about":[{"href":"https:\/\/www.wheelchairbasketball.ca\/fr\/wp-json\/wp\/v2\/types\/page"}],"author":[{"embeddable":true,"href":"https:\/\/www.wheelchairbasketball.ca\/fr\/wp-json\/wp\/v2\/users\/4"}],"replies":[{"embeddable":true,"href":"https:\/\/www.wheelchairbasketball.ca\/fr\/wp-json\/wp\/v2\/comments?post=1292"}],"version-history":[{"count":3,"href":"https:\/\/www.wheelchairbasketball.ca\/fr\/wp-json\/wp\/v2\/pages\/1292\/revisions"}],"predecessor-version":[{"id":1302,"href":"https:\/\/www.wheelchairbasketball.ca\/fr\/wp-json\/wp\/v2\/pages\/1292\/revisions\/1302"}],"wp:attachment":[{"href":"https:\/\/www.wheelchairbasketball.ca\/fr\/wp-json\/wp\/v2\/media?parent=1292"}],"curies":[{"name":"wp","href":"https:\/\/api.w.org\/{rel}","templated":true}]}}