{"id":13588,"date":"2019-11-25T18:27:14","date_gmt":"2019-11-25T18:27:14","guid":{"rendered":"https:\/\/www.wheelchairbasketball.ca\/?page_id=13588"},"modified":"2019-11-25T18:27:14","modified_gmt":"2019-11-25T18:27:14","slug":"certification","status":"publish","type":"page","link":"https:\/\/www.wheelchairbasketball.ca\/fr\/le-sport\/sport-securitaire\/certification\/","title":{"rendered":"Certification"},"content":{"rendered":"<h3><strong>Exigences minimales pour les entra\u00eeneurs<\/strong><\/h3>\n<p><strong>TOUS LES ENTRA\u00ceNEURS<\/strong> aux \u00e9v\u00e9nements nationaux sanctionn\u00e9s par BFRC doivent avoir atteint le <u>niveau appropri\u00e9 de certification<\/u> pour l\u2019\u00e2ge et le stade de leurs athl\u00e8tes, d\u2019ici la date limite d\u2019inscription \u00e0 chaque comp\u00e9tition, afin d\u2019\u00eatre pr\u00e9sents au banc \u00e0 tout \u00e9v\u00e9nement sanctionn\u00e9 par BFRC.<\/p>\n<p><img loading=\"lazy\" decoding=\"async\" class=\"alignnone wp-image-13772\" src=\"https:\/\/www.wheelchairbasketball.ca\/wp-content\/uploads\/2019\/11\/NCCP-CWBL-FR.jpg\" alt=\"\" width=\"500\" height=\"221\" srcset=\"https:\/\/www.wheelchairbasketball.ca\/wp-content\/uploads\/2019\/11\/NCCP-CWBL-FR.jpg 600w, https:\/\/www.wheelchairbasketball.ca\/wp-content\/uploads\/2019\/11\/NCCP-CWBL-FR-300x133.jpg 300w\" sizes=\"(max-width: 500px) 100vw, 500px\" \/><\/p>\n<p><img loading=\"lazy\" decoding=\"async\" class=\"alignnone wp-image-13776\" src=\"https:\/\/www.wheelchairbasketball.ca\/wp-content\/uploads\/2019\/11\/NCCP-JUNIORS-FR.jpg\" alt=\"\" width=\"500\" height=\"232\" srcset=\"https:\/\/www.wheelchairbasketball.ca\/wp-content\/uploads\/2019\/11\/NCCP-JUNIORS-FR.jpg 600w, https:\/\/www.wheelchairbasketball.ca\/wp-content\/uploads\/2019\/11\/NCCP-JUNIORS-FR-300x139.jpg 300w\" sizes=\"(max-width: 500px) 100vw, 500px\" \/><\/p>\n<p><strong>TOUS LES ENTRA\u00ceNEURS<\/strong> doivent aussi effectuer le module \u00ab\u00a0<a href=\"https:\/\/www.coach.ca\/make-ethical-decisions-med--s16834&amp;language=fr\" target=\"_blank\" rel=\"noopener noreferrer\"><u>Prise de d\u00e9cisions \u00e9thiques<\/u><\/a>\u00bb et l\u2019\u00e9valuation de l\u2019Association canadienne des entra\u00eeneurs, dans le cadre du contenu appropri\u00e9 du cours.<\/p>\n<p>Le respect de ces exigences sera suivi dans <a href=\"https:\/\/lecasier.coach.ca\/account\/login?language=fr\" target=\"_blank\" rel=\"noopener noreferrer\"><u>Le Casier<\/u><\/a>.<\/p>\n","protected":false},"excerpt":{"rendered":"Exigences minimales pour les entra\u00eeneurs TOUS LES ENTRA\u00ceNEURS aux \u00e9v\u00e9nements nationaux sanctionn\u00e9s par BFRC doivent avoir atteint le niveau appropri\u00e9 de certification pour l\u2019\u00e2ge et le stade de leurs athl\u00e8tes, d\u2019ici la date limite d\u2019inscription \u00e0 chaque comp\u00e9tition, afin d\u2019\u00eatre pr\u00e9sents au banc \u00e0 tout \u00e9v\u00e9nement sanctionn\u00e9 par BFRC. TOUS LES ENTRA\u00ceNEURS doivent aussi effectuer [&hellip;]","protected":false},"author":12,"featured_media":0,"parent":13604,"menu_order":0,"comment_status":"closed","ping_status":"closed","template":"","meta":{"om_disable_all_campaigns":false,"_monsterinsights_skip_tracking":false,"_monsterinsights_sitenote_active":false,"_monsterinsights_sitenote_note":"","_monsterinsights_sitenote_category":0,"footnotes":""},"acf":[],"yoast_head":"<!-- This site is optimized with the Yoast SEO plugin v21.9.1 - https:\/\/yoast.com\/wordpress\/plugins\/seo\/ -->\n<title>Certification - Wheelchair Basketball Canada<\/title>\n<meta name=\"robots\" content=\"index, follow, max-snippet:-1, max-image-preview:large, max-video-preview:-1\" \/>\n<link rel=\"canonical\" href=\"https:\/\/www.wheelchairbasketball.ca\/fr\/le-sport\/sport-securitaire\/certification\/\" \/>\n<meta property=\"og:locale\" content=\"fr_FR\" \/>\n<meta property=\"og:type\" content=\"article\" \/>\n<meta property=\"og:title\" content=\"Certification - Wheelchair Basketball Canada\" \/>\n<meta property=\"og:description\" content=\"Exigences minimales pour les entra\u00eeneurs TOUS LES ENTRA\u00ceNEURS aux \u00e9v\u00e9nements nationaux sanctionn\u00e9s par BFRC doivent avoir atteint le niveau appropri\u00e9 de certification pour l\u2019\u00e2ge et le stade de leurs athl\u00e8tes, d\u2019ici la date limite d\u2019inscription \u00e0 chaque comp\u00e9tition, afin d\u2019\u00eatre pr\u00e9sents au banc \u00e0 tout \u00e9v\u00e9nement sanctionn\u00e9 par BFRC. TOUS LES ENTRA\u00ceNEURS doivent aussi effectuer [&hellip;]\" \/>\n<meta property=\"og:url\" content=\"https:\/\/www.wheelchairbasketball.ca\/fr\/le-sport\/sport-securitaire\/certification\/\" \/>\n<meta property=\"og:site_name\" content=\"Wheelchair Basketball Canada\" \/>\n<meta property=\"article:publisher\" content=\"http:\/\/www.facebook.com\/wheelchairbasketball\" \/>\n<meta property=\"og:image\" content=\"https:\/\/www.wheelchairbasketball.ca\/wp-content\/uploads\/2019\/11\/NCCP-CWBL-FR.jpg\" \/>\n<meta name=\"twitter:card\" content=\"summary_large_image\" \/>\n<meta name=\"twitter:site\" content=\"@WCBballCanada\" \/>\n<meta name=\"twitter:label1\" content=\"Dur\u00e9e de lecture estim\u00e9e\" \/>\n\t<meta name=\"twitter:data1\" content=\"1 minute\" \/>\n<script type=\"application\/ld+json\" class=\"yoast-schema-graph\">{\"@context\":\"https:\/\/schema.org\",\"@graph\":[{\"@type\":\"WebPage\",\"@id\":\"https:\/\/www.wheelchairbasketball.ca\/fr\/le-sport\/sport-securitaire\/certification\/\",\"url\":\"https:\/\/www.wheelchairbasketball.ca\/fr\/le-sport\/sport-securitaire\/certification\/\",\"name\":\"Certification - Wheelchair Basketball Canada\",\"isPartOf\":{\"@id\":\"https:\/\/www.wheelchairbasketball.ca\/#website\"},\"datePublished\":\"2019-11-25T18:27:14+00:00\",\"dateModified\":\"2019-11-25T18:27:14+00:00\",\"breadcrumb\":{\"@id\":\"https:\/\/www.wheelchairbasketball.ca\/fr\/le-sport\/sport-securitaire\/certification\/#breadcrumb\"},\"inLanguage\":\"fr-FR\",\"potentialAction\":[{\"@type\":\"ReadAction\",\"target\":[\"https:\/\/www.wheelchairbasketball.ca\/fr\/le-sport\/sport-securitaire\/certification\/\"]}]},{\"@type\":\"BreadcrumbList\",\"@id\":\"https:\/\/www.wheelchairbasketball.ca\/fr\/le-sport\/sport-securitaire\/certification\/#breadcrumb\",\"itemListElement\":[{\"@type\":\"ListItem\",\"position\":1,\"name\":\"Home\",\"item\":\"https:\/\/www.wheelchairbasketball.ca\/fr\/\"},{\"@type\":\"ListItem\",\"position\":2,\"name\":\"Le sport\",\"item\":\"https:\/\/www.wheelchairbasketball.ca\/fr\/le-sport\/\"},{\"@type\":\"ListItem\",\"position\":3,\"name\":\"Sport s\u00e9curitaire\",\"item\":\"https:\/\/www.wheelchairbasketball.ca\/fr\/le-sport\/sport-securitaire\/\"},{\"@type\":\"ListItem\",\"position\":4,\"name\":\"Certification\"}]},{\"@type\":\"WebSite\",\"@id\":\"https:\/\/www.wheelchairbasketball.ca\/#website\",\"url\":\"https:\/\/www.wheelchairbasketball.ca\/\",\"name\":\"Wheelchair Basketball Canada\",\"description\":\"Real Life. Real Sport.\",\"potentialAction\":[{\"@type\":\"SearchAction\",\"target\":{\"@type\":\"EntryPoint\",\"urlTemplate\":\"https:\/\/www.wheelchairbasketball.ca\/?s={search_term_string}\"},\"query-input\":\"required name=search_term_string\"}],\"inLanguage\":\"fr-FR\"}]}<\/script>\n<!-- \/ Yoast SEO plugin. -->","yoast_head_json":{"title":"Certification - Wheelchair Basketball Canada","robots":{"index":"index","follow":"follow","max-snippet":"max-snippet:-1","max-image-preview":"max-image-preview:large","max-video-preview":"max-video-preview:-1"},"canonical":"https:\/\/www.wheelchairbasketball.ca\/fr\/le-sport\/sport-securitaire\/certification\/","og_locale":"fr_FR","og_type":"article","og_title":"Certification - Wheelchair Basketball Canada","og_description":"Exigences minimales pour les entra\u00eeneurs TOUS LES ENTRA\u00ceNEURS aux \u00e9v\u00e9nements nationaux sanctionn\u00e9s par BFRC doivent avoir atteint le niveau appropri\u00e9 de certification pour l\u2019\u00e2ge et le stade de leurs athl\u00e8tes, d\u2019ici la date limite d\u2019inscription \u00e0 chaque comp\u00e9tition, afin d\u2019\u00eatre pr\u00e9sents au banc \u00e0 tout \u00e9v\u00e9nement sanctionn\u00e9 par BFRC. TOUS LES ENTRA\u00ceNEURS doivent aussi effectuer [&hellip;]","og_url":"https:\/\/www.wheelchairbasketball.ca\/fr\/le-sport\/sport-securitaire\/certification\/","og_site_name":"Wheelchair Basketball Canada","article_publisher":"http:\/\/www.facebook.com\/wheelchairbasketball","og_image":[{"url":"https:\/\/www.wheelchairbasketball.ca\/wp-content\/uploads\/2019\/11\/NCCP-CWBL-FR.jpg"}],"twitter_card":"summary_large_image","twitter_site":"@WCBballCanada","twitter_misc":{"Dur\u00e9e de lecture estim\u00e9e":"1 minute"},"schema":{"@context":"https:\/\/schema.org","@graph":[{"@type":"WebPage","@id":"https:\/\/www.wheelchairbasketball.ca\/fr\/le-sport\/sport-securitaire\/certification\/","url":"https:\/\/www.wheelchairbasketball.ca\/fr\/le-sport\/sport-securitaire\/certification\/","name":"Certification - Wheelchair Basketball Canada","isPartOf":{"@id":"https:\/\/www.wheelchairbasketball.ca\/#website"},"datePublished":"2019-11-25T18:27:14+00:00","dateModified":"2019-11-25T18:27:14+00:00","breadcrumb":{"@id":"https:\/\/www.wheelchairbasketball.ca\/fr\/le-sport\/sport-securitaire\/certification\/#breadcrumb"},"inLanguage":"fr-FR","potentialAction":[{"@type":"ReadAction","target":["https:\/\/www.wheelchairbasketball.ca\/fr\/le-sport\/sport-securitaire\/certification\/"]}]},{"@type":"BreadcrumbList","@id":"https:\/\/www.wheelchairbasketball.ca\/fr\/le-sport\/sport-securitaire\/certification\/#breadcrumb","itemListElement":[{"@type":"ListItem","position":1,"name":"Home","item":"https:\/\/www.wheelchairbasketball.ca\/fr\/"},{"@type":"ListItem","position":2,"name":"Le sport","item":"https:\/\/www.wheelchairbasketball.ca\/fr\/le-sport\/"},{"@type":"ListItem","position":3,"name":"Sport s\u00e9curitaire","item":"https:\/\/www.wheelchairbasketball.ca\/fr\/le-sport\/sport-securitaire\/"},{"@type":"ListItem","position":4,"name":"Certification"}]},{"@type":"WebSite","@id":"https:\/\/www.wheelchairbasketball.ca\/#website","url":"https:\/\/www.wheelchairbasketball.ca\/","name":"Wheelchair Basketball Canada","description":"Real Life. Real Sport.","potentialAction":[{"@type":"SearchAction","target":{"@type":"EntryPoint","urlTemplate":"https:\/\/www.wheelchairbasketball.ca\/?s={search_term_string}"},"query-input":"required name=search_term_string"}],"inLanguage":"fr-FR"}]}},"_links":{"self":[{"href":"https:\/\/www.wheelchairbasketball.ca\/fr\/wp-json\/wp\/v2\/pages\/13588"}],"collection":[{"href":"https:\/\/www.wheelchairbasketball.ca\/fr\/wp-json\/wp\/v2\/pages"}],"about":[{"href":"https:\/\/www.wheelchairbasketball.ca\/fr\/wp-json\/wp\/v2\/types\/page"}],"author":[{"embeddable":true,"href":"https:\/\/www.wheelchairbasketball.ca\/fr\/wp-json\/wp\/v2\/users\/12"}],"replies":[{"embeddable":true,"href":"https:\/\/www.wheelchairbasketball.ca\/fr\/wp-json\/wp\/v2\/comments?post=13588"}],"version-history":[{"count":6,"href":"https:\/\/www.wheelchairbasketball.ca\/fr\/wp-json\/wp\/v2\/pages\/13588\/revisions"}],"predecessor-version":[{"id":13779,"href":"https:\/\/www.wheelchairbasketball.ca\/fr\/wp-json\/wp\/v2\/pages\/13588\/revisions\/13779"}],"up":[{"embeddable":true,"href":"https:\/\/www.wheelchairbasketball.ca\/fr\/wp-json\/wp\/v2\/pages\/13604"}],"wp:attachment":[{"href":"https:\/\/www.wheelchairbasketball.ca\/fr\/wp-json\/wp\/v2\/media?parent=13588"}],"curies":[{"name":"wp","href":"https:\/\/api.w.org\/{rel}","templated":true}]}}