{"id":13593,"date":"2019-11-25T18:33:29","date_gmt":"2019-11-25T18:33:29","guid":{"rendered":"https:\/\/www.wheelchairbasketball.ca\/?page_id=13593"},"modified":"2019-11-25T18:33:29","modified_gmt":"2019-11-25T18:33:29","slug":"formation","status":"publish","type":"page","link":"https:\/\/www.wheelchairbasketball.ca\/fr\/le-sport\/sport-securitaire\/formation\/","title":{"rendered":"Formation"},"content":{"rendered":"<h3><strong>Respect et sport et formation sur les commotions c\u00e9r\u00e9brales<\/strong><\/h3>\n<p>Respect et sport est con\u00e7u pour former les leaders d\u2019activit\u00e9s sportives \u00e0 reconna\u00eetre, comprendre et r\u00e9agir aux probl\u00e8mes d\u2019intimidation, d\u2019abus, de harc\u00e8lement et de discrimination.<\/p>\n<p><strong>TOUS LES ENTRA\u00ceNEURS, LES G\u00c9RANTS, LE PERSONNEL DES \u00c9QUIPES et LES OFFICIELS<\/strong> doivent suivre la formation en ligne de <a href=\"https:\/\/wheelchair-basketball-al.respectgroupinc.com\" target=\"_blank\" rel=\"noopener noreferrer\"><u>leaders d\u2019activit\u00e9s de Respect et sport<\/u><\/a>, d\u2019ici la date limite d\u2019inscription, afin d\u2019\u00eatre sur le terrain \u00e0 un \u00e9v\u00e9nement sanctionn\u00e9 par BFRC.<\/p>\n<p><strong>TOUT LE PERSONNEL DE BUREAU, LE PERSONNEL ADMINISTRATIF DE HP ET LES MEMBRES DU CONSEIL D\u2019ADMINISTRATION <\/strong>doivent suivre la formation en ligne de <a href=\"https:\/\/wheelchair-basketball-al.respectgroupinc.com\" target=\"_blank\" rel=\"noopener noreferrer\"><u>leaders d\u2019activit\u00e9s de Respect et sport<\/u><\/a> ou de <a href=\"https:\/\/wheelchair-basketball-workplace.respectgroupinc.com\" target=\"_blank\" rel=\"noopener noreferrer\"><u>Respect au travail<\/u><\/a>.<\/p>\n<p>Le respect de ces exigences sera suivi par l\u2019interm\u00e9diaire du <a href=\"https:\/\/wheelchair-basketball-al.respectgroupinc.com\/\"><u>portail \u00ab\u00a0Respect Group\u00a0\u00bb de Basketball en fauteuil roulant Canada<\/u><\/a><\/p>\n<p><strong>TOUS LES ENTRA\u00ceNEURS<\/strong> doivent faire le module d\u2019apprentissage en ligne sur les commotions c\u00e9r\u00e9brales, intitul\u00e9 <a href=\"https:\/\/www.coach.ca\/making-head-way-concussion-elearning-series-p153487&amp;language=fr\"><u>Prendre une t\u00eate d\u2019avance dans le sport, de l\u2019<\/u><u>Association canadienne des entra\u00eeneurs<\/u><\/a>, d\u2019ici la date limite d\u2019inscription, afin d\u2019\u00eatre pr\u00e9sents au banc \u00e0 tout \u00e9v\u00e9nement sanctionn\u00e9 par BFRC.<\/p>\n","protected":false},"excerpt":{"rendered":"Respect et sport et formation sur les commotions c\u00e9r\u00e9brales Respect et sport est con\u00e7u pour former les leaders d\u2019activit\u00e9s sportives \u00e0 reconna\u00eetre, comprendre et r\u00e9agir aux probl\u00e8mes d\u2019intimidation, d\u2019abus, de harc\u00e8lement et de discrimination. TOUS LES ENTRA\u00ceNEURS, LES G\u00c9RANTS, LE PERSONNEL DES \u00c9QUIPES et LES OFFICIELS doivent suivre la formation en ligne de leaders d\u2019activit\u00e9s [&hellip;]","protected":false},"author":12,"featured_media":0,"parent":13604,"menu_order":1,"comment_status":"closed","ping_status":"closed","template":"","meta":{"om_disable_all_campaigns":false,"_monsterinsights_skip_tracking":false,"_monsterinsights_sitenote_active":false,"_monsterinsights_sitenote_note":"","_monsterinsights_sitenote_category":0,"footnotes":""},"acf":[],"yoast_head":"<!-- This site is optimized with the Yoast SEO plugin v21.9.1 - https:\/\/yoast.com\/wordpress\/plugins\/seo\/ -->\n<title>Formation - Wheelchair Basketball Canada<\/title>\n<meta name=\"robots\" content=\"index, follow, max-snippet:-1, max-image-preview:large, max-video-preview:-1\" \/>\n<link rel=\"canonical\" href=\"https:\/\/www.wheelchairbasketball.ca\/fr\/le-sport\/sport-securitaire\/formation\/\" \/>\n<meta property=\"og:locale\" content=\"fr_FR\" \/>\n<meta property=\"og:type\" content=\"article\" \/>\n<meta property=\"og:title\" content=\"Formation - Wheelchair Basketball Canada\" \/>\n<meta property=\"og:description\" content=\"Respect et sport et formation sur les commotions c\u00e9r\u00e9brales Respect et sport est con\u00e7u pour former les leaders d\u2019activit\u00e9s sportives \u00e0 reconna\u00eetre, comprendre et r\u00e9agir aux probl\u00e8mes d\u2019intimidation, d\u2019abus, de harc\u00e8lement et de discrimination. TOUS LES ENTRA\u00ceNEURS, LES G\u00c9RANTS, LE PERSONNEL DES \u00c9QUIPES et LES OFFICIELS doivent suivre la formation en ligne de leaders d\u2019activit\u00e9s [&hellip;]\" \/>\n<meta property=\"og:url\" content=\"https:\/\/www.wheelchairbasketball.ca\/fr\/le-sport\/sport-securitaire\/formation\/\" \/>\n<meta property=\"og:site_name\" content=\"Wheelchair Basketball Canada\" \/>\n<meta property=\"article:publisher\" content=\"http:\/\/www.facebook.com\/wheelchairbasketball\" \/>\n<meta name=\"twitter:card\" content=\"summary_large_image\" \/>\n<meta name=\"twitter:site\" content=\"@WCBballCanada\" \/>\n<meta name=\"twitter:label1\" content=\"Dur\u00e9e de lecture estim\u00e9e\" \/>\n\t<meta name=\"twitter:data1\" content=\"1 minute\" \/>\n<script type=\"application\/ld+json\" class=\"yoast-schema-graph\">{\"@context\":\"https:\/\/schema.org\",\"@graph\":[{\"@type\":\"WebPage\",\"@id\":\"https:\/\/www.wheelchairbasketball.ca\/fr\/le-sport\/sport-securitaire\/formation\/\",\"url\":\"https:\/\/www.wheelchairbasketball.ca\/fr\/le-sport\/sport-securitaire\/formation\/\",\"name\":\"Formation - Wheelchair Basketball Canada\",\"isPartOf\":{\"@id\":\"https:\/\/www.wheelchairbasketball.ca\/#website\"},\"datePublished\":\"2019-11-25T18:33:29+00:00\",\"dateModified\":\"2019-11-25T18:33:29+00:00\",\"breadcrumb\":{\"@id\":\"https:\/\/www.wheelchairbasketball.ca\/fr\/le-sport\/sport-securitaire\/formation\/#breadcrumb\"},\"inLanguage\":\"fr-FR\",\"potentialAction\":[{\"@type\":\"ReadAction\",\"target\":[\"https:\/\/www.wheelchairbasketball.ca\/fr\/le-sport\/sport-securitaire\/formation\/\"]}]},{\"@type\":\"BreadcrumbList\",\"@id\":\"https:\/\/www.wheelchairbasketball.ca\/fr\/le-sport\/sport-securitaire\/formation\/#breadcrumb\",\"itemListElement\":[{\"@type\":\"ListItem\",\"position\":1,\"name\":\"Home\",\"item\":\"https:\/\/www.wheelchairbasketball.ca\/fr\/\"},{\"@type\":\"ListItem\",\"position\":2,\"name\":\"Le sport\",\"item\":\"https:\/\/www.wheelchairbasketball.ca\/fr\/le-sport\/\"},{\"@type\":\"ListItem\",\"position\":3,\"name\":\"Sport s\u00e9curitaire\",\"item\":\"https:\/\/www.wheelchairbasketball.ca\/fr\/le-sport\/sport-securitaire\/\"},{\"@type\":\"ListItem\",\"position\":4,\"name\":\"Formation\"}]},{\"@type\":\"WebSite\",\"@id\":\"https:\/\/www.wheelchairbasketball.ca\/#website\",\"url\":\"https:\/\/www.wheelchairbasketball.ca\/\",\"name\":\"Wheelchair Basketball Canada\",\"description\":\"Real Life. Real Sport.\",\"potentialAction\":[{\"@type\":\"SearchAction\",\"target\":{\"@type\":\"EntryPoint\",\"urlTemplate\":\"https:\/\/www.wheelchairbasketball.ca\/?s={search_term_string}\"},\"query-input\":\"required name=search_term_string\"}],\"inLanguage\":\"fr-FR\"}]}<\/script>\n<!-- \/ Yoast SEO plugin. -->","yoast_head_json":{"title":"Formation - Wheelchair Basketball Canada","robots":{"index":"index","follow":"follow","max-snippet":"max-snippet:-1","max-image-preview":"max-image-preview:large","max-video-preview":"max-video-preview:-1"},"canonical":"https:\/\/www.wheelchairbasketball.ca\/fr\/le-sport\/sport-securitaire\/formation\/","og_locale":"fr_FR","og_type":"article","og_title":"Formation - Wheelchair Basketball Canada","og_description":"Respect et sport et formation sur les commotions c\u00e9r\u00e9brales Respect et sport est con\u00e7u pour former les leaders d\u2019activit\u00e9s sportives \u00e0 reconna\u00eetre, comprendre et r\u00e9agir aux probl\u00e8mes d\u2019intimidation, d\u2019abus, de harc\u00e8lement et de discrimination. TOUS LES ENTRA\u00ceNEURS, LES G\u00c9RANTS, LE PERSONNEL DES \u00c9QUIPES et LES OFFICIELS doivent suivre la formation en ligne de leaders d\u2019activit\u00e9s [&hellip;]","og_url":"https:\/\/www.wheelchairbasketball.ca\/fr\/le-sport\/sport-securitaire\/formation\/","og_site_name":"Wheelchair Basketball Canada","article_publisher":"http:\/\/www.facebook.com\/wheelchairbasketball","twitter_card":"summary_large_image","twitter_site":"@WCBballCanada","twitter_misc":{"Dur\u00e9e de lecture estim\u00e9e":"1 minute"},"schema":{"@context":"https:\/\/schema.org","@graph":[{"@type":"WebPage","@id":"https:\/\/www.wheelchairbasketball.ca\/fr\/le-sport\/sport-securitaire\/formation\/","url":"https:\/\/www.wheelchairbasketball.ca\/fr\/le-sport\/sport-securitaire\/formation\/","name":"Formation - Wheelchair Basketball Canada","isPartOf":{"@id":"https:\/\/www.wheelchairbasketball.ca\/#website"},"datePublished":"2019-11-25T18:33:29+00:00","dateModified":"2019-11-25T18:33:29+00:00","breadcrumb":{"@id":"https:\/\/www.wheelchairbasketball.ca\/fr\/le-sport\/sport-securitaire\/formation\/#breadcrumb"},"inLanguage":"fr-FR","potentialAction":[{"@type":"ReadAction","target":["https:\/\/www.wheelchairbasketball.ca\/fr\/le-sport\/sport-securitaire\/formation\/"]}]},{"@type":"BreadcrumbList","@id":"https:\/\/www.wheelchairbasketball.ca\/fr\/le-sport\/sport-securitaire\/formation\/#breadcrumb","itemListElement":[{"@type":"ListItem","position":1,"name":"Home","item":"https:\/\/www.wheelchairbasketball.ca\/fr\/"},{"@type":"ListItem","position":2,"name":"Le sport","item":"https:\/\/www.wheelchairbasketball.ca\/fr\/le-sport\/"},{"@type":"ListItem","position":3,"name":"Sport s\u00e9curitaire","item":"https:\/\/www.wheelchairbasketball.ca\/fr\/le-sport\/sport-securitaire\/"},{"@type":"ListItem","position":4,"name":"Formation"}]},{"@type":"WebSite","@id":"https:\/\/www.wheelchairbasketball.ca\/#website","url":"https:\/\/www.wheelchairbasketball.ca\/","name":"Wheelchair Basketball Canada","description":"Real Life. Real Sport.","potentialAction":[{"@type":"SearchAction","target":{"@type":"EntryPoint","urlTemplate":"https:\/\/www.wheelchairbasketball.ca\/?s={search_term_string}"},"query-input":"required name=search_term_string"}],"inLanguage":"fr-FR"}]}},"_links":{"self":[{"href":"https:\/\/www.wheelchairbasketball.ca\/fr\/wp-json\/wp\/v2\/pages\/13593"}],"collection":[{"href":"https:\/\/www.wheelchairbasketball.ca\/fr\/wp-json\/wp\/v2\/pages"}],"about":[{"href":"https:\/\/www.wheelchairbasketball.ca\/fr\/wp-json\/wp\/v2\/types\/page"}],"author":[{"embeddable":true,"href":"https:\/\/www.wheelchairbasketball.ca\/fr\/wp-json\/wp\/v2\/users\/12"}],"replies":[{"embeddable":true,"href":"https:\/\/www.wheelchairbasketball.ca\/fr\/wp-json\/wp\/v2\/comments?post=13593"}],"version-history":[{"count":4,"href":"https:\/\/www.wheelchairbasketball.ca\/fr\/wp-json\/wp\/v2\/pages\/13593\/revisions"}],"predecessor-version":[{"id":13782,"href":"https:\/\/www.wheelchairbasketball.ca\/fr\/wp-json\/wp\/v2\/pages\/13593\/revisions\/13782"}],"up":[{"embeddable":true,"href":"https:\/\/www.wheelchairbasketball.ca\/fr\/wp-json\/wp\/v2\/pages\/13604"}],"wp:attachment":[{"href":"https:\/\/www.wheelchairbasketball.ca\/fr\/wp-json\/wp\/v2\/media?parent=13593"}],"curies":[{"name":"wp","href":"https:\/\/api.w.org\/{rel}","templated":true}]}}