{"id":13595,"date":"2019-11-25T18:37:39","date_gmt":"2019-11-25T18:37:39","guid":{"rendered":"https:\/\/www.wheelchairbasketball.ca\/?page_id=13595"},"modified":"2019-11-25T18:37:39","modified_gmt":"2019-11-25T18:37:39","slug":"filtrage","status":"publish","type":"page","link":"https:\/\/www.wheelchairbasketball.ca\/fr\/le-sport\/sport-securitaire\/filtrage\/","title":{"rendered":"Filtrage"},"content":{"rendered":"<p><strong>TOUS LES ENTRA\u00ceNEURS, LES G\u00c9RANTS, LE PERSONNEL DES \u00c9QUIPES et LES OFFICIELS<\/strong> sont tenus de soumettre une v\u00e9rification valide du casier judiciaire et de l\u2019habilitation \u00e0 travailler aupr\u00e8s de personnes vuln\u00e9rables, au bureau national de BFRC, afin d\u2019\u00eatre sur le terrain \u00e0 un \u00e9v\u00e9nement sanctionn\u00e9 par BFRC.<\/p>\n<p><strong>TOUT LE PERSONNEL DE BUREAU, LE PERSONNEL ADMINISTRATIF DE HP ET LES MEMBRES DU CONSEIL D\u2019ADMINISTRATION<\/strong> sont tenus de soumettre une v\u00e9rification valide du casier judiciaire et de l\u2019habilitation \u00e0 travailler aupr\u00e8s de personnes vuln\u00e9rables, conform\u00e9ment \u00e0 la <span style=\"text-decoration: underline;\"><a href=\"https:\/\/www.wheelchairbasketball.ca\/wp-content\/uploads\/2019\/11\/POLITIQUE-DE-FILTRAGE.pdf\" target=\"_blank\" rel=\"noopener noreferrer\">Politique de filtrage<\/a>\u00a0<\/span>de BFRC.<\/p>\n<ul>\n<li>Une v\u00e9rification du casier judiciaire peut \u00eatre obtenue par l\u2019interm\u00e9diaire de <u><a href=\"https:\/\/www.mybackcheck.com\/Public\/Login.aspx\" target=\"_blank\" rel=\"noopener noreferrer\">mybackcheck.com<\/a>.<\/u><\/li>\n<li>Une v\u00e9rification de l\u2019habilitation \u00e0 travailler aupr\u00e8s de personnes vuln\u00e9rables peut \u00eatre obtenue aupr\u00e8s de votre service de police local.<\/li>\n<li>Ces documents seront conserv\u00e9s au dossier, dans un endroit s\u00e9curis\u00e9, et seront valides pendant trois ans, conform\u00e9ment \u00e0 la <span style=\"text-decoration: underline;\"><a href=\"https:\/\/www.wheelchairbasketball.ca\/wp-content\/uploads\/2019\/11\/POLITIQUE-DE-FILTRAGE.pdf\" target=\"_blank\" rel=\"noopener noreferrer\">Politique de filtrage<\/a><\/span>\u00a0de BFRC.<\/li>\n<\/ul>\n","protected":false},"excerpt":{"rendered":"TOUS LES ENTRA\u00ceNEURS, LES G\u00c9RANTS, LE PERSONNEL DES \u00c9QUIPES et LES OFFICIELS sont tenus de soumettre une v\u00e9rification valide du casier judiciaire et de l\u2019habilitation \u00e0 travailler aupr\u00e8s de personnes vuln\u00e9rables, au bureau national de BFRC, afin d\u2019\u00eatre sur le terrain \u00e0 un \u00e9v\u00e9nement sanctionn\u00e9 par BFRC. TOUT LE PERSONNEL DE BUREAU, LE PERSONNEL ADMINISTRATIF [&hellip;]","protected":false},"author":12,"featured_media":0,"parent":13604,"menu_order":2,"comment_status":"closed","ping_status":"closed","template":"","meta":{"om_disable_all_campaigns":false,"_monsterinsights_skip_tracking":false,"_monsterinsights_sitenote_active":false,"_monsterinsights_sitenote_note":"","_monsterinsights_sitenote_category":0,"footnotes":""},"acf":[],"yoast_head":"<!-- This site is optimized with the Yoast SEO plugin v21.9.1 - https:\/\/yoast.com\/wordpress\/plugins\/seo\/ -->\n<title>Filtrage - Wheelchair Basketball Canada<\/title>\n<meta name=\"robots\" content=\"index, follow, max-snippet:-1, max-image-preview:large, max-video-preview:-1\" \/>\n<link rel=\"canonical\" href=\"https:\/\/www.wheelchairbasketball.ca\/fr\/le-sport\/sport-securitaire\/filtrage\/\" \/>\n<meta property=\"og:locale\" content=\"fr_FR\" \/>\n<meta property=\"og:type\" content=\"article\" \/>\n<meta property=\"og:title\" content=\"Filtrage - Wheelchair Basketball Canada\" \/>\n<meta property=\"og:description\" content=\"TOUS LES ENTRA\u00ceNEURS, LES G\u00c9RANTS, LE PERSONNEL DES \u00c9QUIPES et LES OFFICIELS sont tenus de soumettre une v\u00e9rification valide du casier judiciaire et de l\u2019habilitation \u00e0 travailler aupr\u00e8s de personnes vuln\u00e9rables, au bureau national de BFRC, afin d\u2019\u00eatre sur le terrain \u00e0 un \u00e9v\u00e9nement sanctionn\u00e9 par BFRC. TOUT LE PERSONNEL DE BUREAU, LE PERSONNEL ADMINISTRATIF [&hellip;]\" \/>\n<meta property=\"og:url\" content=\"https:\/\/www.wheelchairbasketball.ca\/fr\/le-sport\/sport-securitaire\/filtrage\/\" \/>\n<meta property=\"og:site_name\" content=\"Wheelchair Basketball Canada\" \/>\n<meta property=\"article:publisher\" content=\"http:\/\/www.facebook.com\/wheelchairbasketball\" \/>\n<meta name=\"twitter:card\" content=\"summary_large_image\" \/>\n<meta name=\"twitter:site\" content=\"@WCBballCanada\" \/>\n<meta name=\"twitter:label1\" content=\"Dur\u00e9e de lecture estim\u00e9e\" \/>\n\t<meta name=\"twitter:data1\" content=\"1 minute\" \/>\n<script type=\"application\/ld+json\" class=\"yoast-schema-graph\">{\"@context\":\"https:\/\/schema.org\",\"@graph\":[{\"@type\":\"WebPage\",\"@id\":\"https:\/\/www.wheelchairbasketball.ca\/fr\/le-sport\/sport-securitaire\/filtrage\/\",\"url\":\"https:\/\/www.wheelchairbasketball.ca\/fr\/le-sport\/sport-securitaire\/filtrage\/\",\"name\":\"Filtrage - Wheelchair Basketball Canada\",\"isPartOf\":{\"@id\":\"https:\/\/www.wheelchairbasketball.ca\/#website\"},\"datePublished\":\"2019-11-25T18:37:39+00:00\",\"dateModified\":\"2019-11-25T18:37:39+00:00\",\"breadcrumb\":{\"@id\":\"https:\/\/www.wheelchairbasketball.ca\/fr\/le-sport\/sport-securitaire\/filtrage\/#breadcrumb\"},\"inLanguage\":\"fr-FR\",\"potentialAction\":[{\"@type\":\"ReadAction\",\"target\":[\"https:\/\/www.wheelchairbasketball.ca\/fr\/le-sport\/sport-securitaire\/filtrage\/\"]}]},{\"@type\":\"BreadcrumbList\",\"@id\":\"https:\/\/www.wheelchairbasketball.ca\/fr\/le-sport\/sport-securitaire\/filtrage\/#breadcrumb\",\"itemListElement\":[{\"@type\":\"ListItem\",\"position\":1,\"name\":\"Home\",\"item\":\"https:\/\/www.wheelchairbasketball.ca\/fr\/\"},{\"@type\":\"ListItem\",\"position\":2,\"name\":\"Le sport\",\"item\":\"https:\/\/www.wheelchairbasketball.ca\/fr\/le-sport\/\"},{\"@type\":\"ListItem\",\"position\":3,\"name\":\"Sport s\u00e9curitaire\",\"item\":\"https:\/\/www.wheelchairbasketball.ca\/fr\/le-sport\/sport-securitaire\/\"},{\"@type\":\"ListItem\",\"position\":4,\"name\":\"Filtrage\"}]},{\"@type\":\"WebSite\",\"@id\":\"https:\/\/www.wheelchairbasketball.ca\/#website\",\"url\":\"https:\/\/www.wheelchairbasketball.ca\/\",\"name\":\"Wheelchair Basketball Canada\",\"description\":\"Real Life. Real Sport.\",\"potentialAction\":[{\"@type\":\"SearchAction\",\"target\":{\"@type\":\"EntryPoint\",\"urlTemplate\":\"https:\/\/www.wheelchairbasketball.ca\/?s={search_term_string}\"},\"query-input\":\"required name=search_term_string\"}],\"inLanguage\":\"fr-FR\"}]}<\/script>\n<!-- \/ Yoast SEO plugin. -->","yoast_head_json":{"title":"Filtrage - Wheelchair Basketball Canada","robots":{"index":"index","follow":"follow","max-snippet":"max-snippet:-1","max-image-preview":"max-image-preview:large","max-video-preview":"max-video-preview:-1"},"canonical":"https:\/\/www.wheelchairbasketball.ca\/fr\/le-sport\/sport-securitaire\/filtrage\/","og_locale":"fr_FR","og_type":"article","og_title":"Filtrage - Wheelchair Basketball Canada","og_description":"TOUS LES ENTRA\u00ceNEURS, LES G\u00c9RANTS, LE PERSONNEL DES \u00c9QUIPES et LES OFFICIELS sont tenus de soumettre une v\u00e9rification valide du casier judiciaire et de l\u2019habilitation \u00e0 travailler aupr\u00e8s de personnes vuln\u00e9rables, au bureau national de BFRC, afin d\u2019\u00eatre sur le terrain \u00e0 un \u00e9v\u00e9nement sanctionn\u00e9 par BFRC. TOUT LE PERSONNEL DE BUREAU, LE PERSONNEL ADMINISTRATIF [&hellip;]","og_url":"https:\/\/www.wheelchairbasketball.ca\/fr\/le-sport\/sport-securitaire\/filtrage\/","og_site_name":"Wheelchair Basketball Canada","article_publisher":"http:\/\/www.facebook.com\/wheelchairbasketball","twitter_card":"summary_large_image","twitter_site":"@WCBballCanada","twitter_misc":{"Dur\u00e9e de lecture estim\u00e9e":"1 minute"},"schema":{"@context":"https:\/\/schema.org","@graph":[{"@type":"WebPage","@id":"https:\/\/www.wheelchairbasketball.ca\/fr\/le-sport\/sport-securitaire\/filtrage\/","url":"https:\/\/www.wheelchairbasketball.ca\/fr\/le-sport\/sport-securitaire\/filtrage\/","name":"Filtrage - Wheelchair Basketball Canada","isPartOf":{"@id":"https:\/\/www.wheelchairbasketball.ca\/#website"},"datePublished":"2019-11-25T18:37:39+00:00","dateModified":"2019-11-25T18:37:39+00:00","breadcrumb":{"@id":"https:\/\/www.wheelchairbasketball.ca\/fr\/le-sport\/sport-securitaire\/filtrage\/#breadcrumb"},"inLanguage":"fr-FR","potentialAction":[{"@type":"ReadAction","target":["https:\/\/www.wheelchairbasketball.ca\/fr\/le-sport\/sport-securitaire\/filtrage\/"]}]},{"@type":"BreadcrumbList","@id":"https:\/\/www.wheelchairbasketball.ca\/fr\/le-sport\/sport-securitaire\/filtrage\/#breadcrumb","itemListElement":[{"@type":"ListItem","position":1,"name":"Home","item":"https:\/\/www.wheelchairbasketball.ca\/fr\/"},{"@type":"ListItem","position":2,"name":"Le sport","item":"https:\/\/www.wheelchairbasketball.ca\/fr\/le-sport\/"},{"@type":"ListItem","position":3,"name":"Sport s\u00e9curitaire","item":"https:\/\/www.wheelchairbasketball.ca\/fr\/le-sport\/sport-securitaire\/"},{"@type":"ListItem","position":4,"name":"Filtrage"}]},{"@type":"WebSite","@id":"https:\/\/www.wheelchairbasketball.ca\/#website","url":"https:\/\/www.wheelchairbasketball.ca\/","name":"Wheelchair Basketball Canada","description":"Real Life. Real Sport.","potentialAction":[{"@type":"SearchAction","target":{"@type":"EntryPoint","urlTemplate":"https:\/\/www.wheelchairbasketball.ca\/?s={search_term_string}"},"query-input":"required name=search_term_string"}],"inLanguage":"fr-FR"}]}},"_links":{"self":[{"href":"https:\/\/www.wheelchairbasketball.ca\/fr\/wp-json\/wp\/v2\/pages\/13595"}],"collection":[{"href":"https:\/\/www.wheelchairbasketball.ca\/fr\/wp-json\/wp\/v2\/pages"}],"about":[{"href":"https:\/\/www.wheelchairbasketball.ca\/fr\/wp-json\/wp\/v2\/types\/page"}],"author":[{"embeddable":true,"href":"https:\/\/www.wheelchairbasketball.ca\/fr\/wp-json\/wp\/v2\/users\/12"}],"replies":[{"embeddable":true,"href":"https:\/\/www.wheelchairbasketball.ca\/fr\/wp-json\/wp\/v2\/comments?post=13595"}],"version-history":[{"count":7,"href":"https:\/\/www.wheelchairbasketball.ca\/fr\/wp-json\/wp\/v2\/pages\/13595\/revisions"}],"predecessor-version":[{"id":13785,"href":"https:\/\/www.wheelchairbasketball.ca\/fr\/wp-json\/wp\/v2\/pages\/13595\/revisions\/13785"}],"up":[{"embeddable":true,"href":"https:\/\/www.wheelchairbasketball.ca\/fr\/wp-json\/wp\/v2\/pages\/13604"}],"wp:attachment":[{"href":"https:\/\/www.wheelchairbasketball.ca\/fr\/wp-json\/wp\/v2\/media?parent=13595"}],"curies":[{"name":"wp","href":"https:\/\/api.w.org\/{rel}","templated":true}]}}