{"id":13604,"date":"2019-11-22T21:28:15","date_gmt":"2019-11-22T21:28:15","guid":{"rendered":"https:\/\/www.wheelchairbasketball.ca\/?page_id=13604"},"modified":"2026-02-02T17:14:27","modified_gmt":"2026-02-02T17:14:27","slug":"sport-securitaire","status":"publish","type":"page","link":"https:\/\/www.wheelchairbasketball.ca\/fr\/le-sport\/sport-securitaire\/","title":{"rendered":"Sport s\u00e9curitaire"},"content":{"rendered":"<p>Basketball en fauteuil roulant Canada (BFRC) \u00a0croit que le sport devrait \u00eatre libre de tout harc\u00e8lement, abus ou discrimination. Nous continuons \u00e0 nous vouer \u00e0 travailler avec la communaut\u00e9 sportive et nos intervenants, dans le but de favoriser un environnement s\u00e9curitaire, accueillant et inclusif pour toutes les personnes impliqu\u00e9es dans le basketball en fauteuil roulant au Canada, y compris nos athl\u00e8tes, entra\u00eeneurs, officiels, employ\u00e9s et b\u00e9n\u00e9voles.<\/p>\n<h3>Nos politiques<\/h3>\n<ul>\n<li><a href=\"https:\/\/www.wheelchairbasketball.ca\/wp-content\/uploads\/2023\/10\/WBC-Safe-Sport-Policy-Manual-FINAL-FR.pdf\">Politiques sur le sport s\u00e9curitaire\u00a0<\/a><\/li>\n<li><a title=\"[Politique sur les conflits d\u2019int\u00e9r\u00eats]\" href=\"https:\/\/www.wheelchairbasketball.ca\/uploadedFiles\/About_Us\/Resources\/Bylaws_and_Policies\/Conflict%20of%20Interest%20Policy%20-%20f.pdf\" target=\"_blank\" rel=\"noopener noreferrer\">Politique sur les conflits d\u2019int\u00e9r\u00eats<\/a><\/li>\n<li><a href=\"https:\/\/www.wheelchairbasketball.ca\/wp-content\/uploads\/2024\/11\/cces-policy-cadp-2021-final-f.pdf\">Programme canadien antidopage<\/a><\/li>\n<li><a href=\"https:\/\/www.wheelchairbasketball.ca\/wp-content\/uploads\/2019\/02\/Wheelchair-Basketball-Canada-Trans-Inclusion-Policy.pdf\" target=\"_blank\" rel=\"noopener noreferrer\">Politique sur les athl\u00e8tes et les membres transgenres<\/a><\/li>\n<li><a href=\"https:\/\/www.wheelchairbasketball.ca\/wp-content\/uploads\/2024\/12\/WHEELCHAIR-BASKETBALL-CANADA-CONCUSSION-PROTOCOL-FR.pdf\">Protocole sur les commotions c\u00e9r\u00e9brales<\/a><\/li>\n<\/ul>\n<h3><strong>Normes de sport s\u00e9curitaire<\/strong><\/h3>\n<p>BFRC s&rsquo;engage \u00e0 offrir un environnement sportif s\u00e9curitaire, amusant, inclusif et accueillant.<\/p>\n<h3>Tableau de sport s\u00e9curitaire de BFRC \u2013 Championnats nationaux<\/h3>\n<p>Le tableau ci-dessous d\u00e9crit les exigences pour diverses personnes participant \u00e0 la prestation d\u2019\u00e9v\u00e9nements nationaux sanctionn\u00e9s par BFRC.<\/p>\n<p><a href=\"https:\/\/www.wheelchairbasketball.ca\/wp-content\/uploads\/2023\/10\/MicrosoftTeams-image.png\"><img loading=\"lazy\" decoding=\"async\" width=\"750\" height=\"378\" class=\"alignnone size-full wp-image-19640\" src=\"https:\/\/www.wheelchairbasketball.ca\/wp-content\/uploads\/2023\/10\/MicrosoftTeams-image.png\" alt=\"\" srcset=\"https:\/\/www.wheelchairbasketball.ca\/wp-content\/uploads\/2023\/10\/MicrosoftTeams-image.png 750w, https:\/\/www.wheelchairbasketball.ca\/wp-content\/uploads\/2023\/10\/MicrosoftTeams-image-300x151.png 300w\" sizes=\"(max-width: 750px) 100vw, 750px\" \/><\/a><\/p>\n<p><strong>Formation<\/strong><\/p>\n<p>BFRC encourage toutes les personnes impliqu\u00e9es dans le jeu \u00e0 suivre la formation approuv\u00e9e sur le sport s\u00e9curitaire. BFRC reconna\u00eet et approuve les modules de formation suivants :<\/p>\n<p><a href=\"https:\/\/wheelchair-basketball-al.respectgroupinc.com\/koala_final\/\">Respect et sport pour leaders d\u2019activit\u00e9<\/a><\/p>\n<p><a href=\"https:\/\/safesport.coach.ca\/fr\">Formation sur la s\u00e9curit\u00e9 dans le sport de l\u2019ACE<\/a><\/p>\n<p><strong>Certification<\/strong><\/p>\n<p>Entra\u00eeneurs<\/p>\n<ul>\n<li>Tous les entra\u00eeneurs aux \u00e9v\u00e9nements nationaux sanctionn\u00e9s par BFRC doivent\u00a0:\n<ul>\n<li>d\u00e9tenir le\u00a0<u>niveau de certification<\/u> appropri\u00e9, comme il est \u00e9nonc\u00e9 dans les dossiers techniques des \u00e9v\u00e9nements;<\/li>\n<li>avoir effectu\u00e9 les modules et l\u2019\u00e9valuation de <a href=\"https:\/\/www.coach.ca\/module\/nccp-make-ethical-decisions\">Prise de d\u00e9cisions \u00e9thiques<\/a> et <a href=\"https:\/\/coach.ca\/fr\/prendre-une-tete-davance-en-sport\">Prendre une t\u00eate d\u2019avance<\/a> de l\u2019Association canadienne des entra\u00eeneurs.<\/li>\n<\/ul>\n<\/li>\n<\/ul>\n<p><strong>Filtrage<\/strong><\/p>\n<p>Tous les entra\u00eeneurs, les membres du personnel de soutien, les officiels et les classificateurs, pr\u00e9sents aux \u00e9v\u00e9nements sanctionn\u00e9s par BFRC, doivent avoir fait faire (au cours des trois derni\u00e8res ann\u00e9es) une v\u00e9rification du casier judiciaire, une v\u00e9rification accrue des renseignements de la police (E\u2011PIC) et\/ou une habilitation \u00e0 travailler aupr\u00e8s de personnes vuln\u00e9rables.<\/p>\n<p>Une v\u00e9rification du casier judiciaire peut \u00eatre obtenue par l\u2019interm\u00e9diaire de <a href=\"https:\/\/www.mybackcheck.com\/Public\/Login.aspx?reset=1.aspx\">mybackcheck.com<\/a>.<\/p>\n<h3>Tiers ind\u00e9pendant pour le basketball en fauteuil roulant au Canada<\/h3>\n<p>La capacit\u00e9 de signaler les probl\u00e8mes est essentielle au maintien d&rsquo;un environnement sportif s\u00e9curitaire pour les participants au basketball en fauteuil roulant au Canada. BFRC a nomm\u00e9 un tiers ind\u00e9pendant, Ilan Yampolsky, pour traiter objectivement et confidentiellement les plaintes de la communaut\u00e9 canadienne du basketball en fauteuil roulant. Il est en mesure d\u2019examiner les enjeux, d\u2019offrir des conseils et des recommandations pour des enqu\u00eates plus approfondies ind\u00e9pendantes de de BFRC.<\/p>\n<p>Vous pouvez contacter ITP Sports \u00e0 : <a href=\"https:\/\/app.integritycounts.ca\/org\/itpsport\">https:\/\/app.integritycounts.ca\/org\/itpsport<\/a><\/p>\n<p>Num\u00e9ro de t\u00e9l\u00e9phone (Canada) : <span class=\"ui-provider ed bvn bvo bvp bvq bvr bvs bvt bvu bvv bvw bvx bvy bvz bwa bwb bwc bwd bwe bwf bwg bwh bwi bwj bwk bwl bwm bwn bwo bwp bwq bwr bws bwt bwu\" dir=\"ltr\">1 (800) 758-9412<\/span><\/p>\n<p>Une liste compl\u00e8te des num\u00e9ros de t\u00e9l\u00e9phone internationaux est disponible <a href=\"https:\/\/app.integritycounts.ca\/call-the-hotline\">ici<\/a>.<\/p>\n<h3><strong>Programme canadien de sport s\u00e9curitaire<\/strong><\/h3>\n<p>Basketball en fauteuil roulant Canada a adopt\u00e9 le Programme canadien de sport s\u00e9curitaire (PCSS), qui entre en vigueur le 1<sup>er<\/sup> avril 2025.<\/p>\n<p>Les R\u00e8glements du PCSS dictent comment le Centre canadien pour l&rsquo;\u00e9thique dans le sport (CCES) administre de mani\u00e8re ind\u00e9pendante le Code de conduite universel pour pr\u00e9venir et contrer la maltraitance dans le sport (CCUMS) pour le compte des organismes de sport de niveau national financ\u00e9s par le gouvernement f\u00e9d\u00e9ral. Pour ce faire, le CCES s\u2019occupe de donner suite aux signalements de comportements prohib\u00e9s qui lui sont transmis et de mener des activit\u00e9s d&rsquo;\u00e9ducation, de pr\u00e9vention et d&rsquo;orientation.<\/p>\n<p>Les R\u00e8glements du PCSS \u00e9noncent clairement et publiquement comment le CCES s\u2019acquittera de ces t\u00e2ches ainsi que les d\u00e9lais impartis pour chaque \u00e9tape du processus de signalement. Le PCSS offre aussi de l\u2019assistance aux participant\u00b7es pour qu\u2019ils re\u00e7oivent de l\u2019aide en cours de route.<\/p>\n<p>Pour en savoir plus sur le PCSS et le CCUMS, <a href=\"https:\/\/cces.ca\/fr\/programme-canadien-de-sport-securitaire\">cliquez ici<\/a>. (<a href=\"https:\/\/cces.ca\/fr\/programme-canadien-de-sport-securitaire\">https:\/\/cces.ca\/fr\/programme-canadien-de-sport-securitaire<\/a>)<\/p>\n<p><strong>Comment faire un signalement<\/strong><\/p>\n<p>\u00c0 compter du 1<sup>er<\/sup> avril, le CCES acceptera les signalements faits par t\u00e9l\u00e9phone ou au moyen d\u2019un formulaire de signalement en ligne. Ces deux m\u00e9thodes vous permettent de garder l\u2019anonymat si vous le d\u00e9sirez. Si vous choisissez d\u2019indiquer votre nom lorsque vous faites un signalement, le CCES ne divulguera pas cette information \u00e0 votre organisme de sport, sauf si cela s\u2019av\u00e9rait n\u00e9cessaire pour assurer votre s\u00e9curit\u00e9 ou celle d\u2019une autre personne, auquel cas il fera tout son possible pour obtenir votre consentement au pr\u00e9alable.<\/p>\n<p>Signalement en ligne : <a href=\"https:\/\/cces.ca\/fr\/signalement-sport-securitaire\">https:\/\/cces.ca\/fr\/signalement-sport-securitaire<\/a><\/p>\n<p>Signalement par t\u00e9l\u00e9phone : 1-866-971-2777<\/p>\n<p><strong>Aide et information<\/strong><\/p>\n<p>Pour toute question ou demande d\u2019assistance, communiquez avec le PCSS au <a href=\"https:\/\/cces.ca\/fr\/joindrePCSS\">https:\/\/cces.ca\/fr\/joindrePCSS<\/a>.<\/p>\n<h4>R\u00e8gle de deux<\/h4>\n<p><a href=\"https:\/\/www.wheelchairbasketball.ca\/wp-content\/uploads\/2023\/10\/Screenshot-2023-10-23-at-1.20.39-PM.png\"><img loading=\"lazy\" decoding=\"async\" width=\"818\" height=\"310\" class=\"alignnone size-full wp-image-19650\" src=\"https:\/\/www.wheelchairbasketball.ca\/wp-content\/uploads\/2023\/10\/Screenshot-2023-10-23-at-1.20.39-PM.png\" alt=\"\" srcset=\"https:\/\/www.wheelchairbasketball.ca\/wp-content\/uploads\/2023\/10\/Screenshot-2023-10-23-at-1.20.39-PM.png 818w, https:\/\/www.wheelchairbasketball.ca\/wp-content\/uploads\/2023\/10\/Screenshot-2023-10-23-at-1.20.39-PM-300x114.png 300w, https:\/\/www.wheelchairbasketball.ca\/wp-content\/uploads\/2023\/10\/Screenshot-2023-10-23-at-1.20.39-PM-768x291.png 768w\" sizes=\"(max-width: 818px) 100vw, 818px\" \/><\/a><\/p>\n<ul>\n<li>En savoir plus: <a href=\"https:\/\/coach.ca\/fr\/mouvement-entrainement-responsable\/regle-de-deux\">coach.ca\/fr\/mouvement-entrainement-responsable\/regle-de-deux<\/a><\/li>\n<\/ul>\n<h4>Commotions c\u00e9r\u00e9brales<\/h4>\n<p>Basketball en fauteuil roulant Canada (BFRC) a \u00e9labor\u00e9 le <a href=\"https:\/\/www.wheelchairbasketball.ca\/wp-content\/uploads\/2024\/12\/WHEELCHAIR-BASKETBALL-CANADA-CONCUSSION-PROTOCOL-FR.pdf\">Protocole sur les commotions c\u00e9r\u00e9brales de Basketball en fauteuil roulant Canada<\/a> pour aider \u00e0 l\u2019orientation des athl\u00e8tes chez qui l\u2019on suspecte une commotion c\u00e9r\u00e9brale cons\u00e9cutive \u00e0 la participation aux activit\u00e9s de Basketball en fauteuil roulant Canada. <a href=\"https:\/\/www.wheelchairbasketball.ca\/fr\/le-sport\/sport-securitaire\/commotions-cerebrale\/\">Plus d&rsquo;informations<\/a>.<\/p>\n<h4>Discipline<\/h4>\n<table>\n<tbody>\n<tr>\n<td style=\"text-align: center;\" width=\"89\"><strong>Nom<\/strong><\/td>\n<td style=\"text-align: center;\" width=\"89\"><strong>Province<\/strong><\/td>\n<td style=\"text-align: center;\" width=\"89\"><strong>Comportements interdits<\/strong><\/td>\n<td style=\"text-align: center;\" width=\"91\"><strong>Restrictions en vigueur<\/strong><\/td>\n<td style=\"text-align: center;\" width=\"89\"><strong>Date de d\u00e9livrance<\/strong><\/td>\n<td style=\"text-align: center;\" width=\"89\"><strong>P\u00e9riode en vigueur<\/strong><\/td>\n<td style=\"text-align: center;\" width=\"89\"><strong>Rapport sommaire<\/strong><\/td>\n<\/tr>\n<tr>\n<td style=\"text-align: center;\" width=\"89\">Dallaire, Vincent<br \/>\n(Vince)<\/td>\n<td style=\"text-align: center;\" width=\"89\">Qu\u00e9bec<\/td>\n<td style=\"text-align: center;\" width=\"89\">Abus sexuel<\/td>\n<td style=\"text-align: center;\" width=\"91\">Suspension de jeu<\/td>\n<td style=\"text-align: center;\" width=\"89\">\u00c0 partir du 17 janvier 2026<\/td>\n<td style=\"text-align: center;\" width=\"89\">18 mois, prenant fin \u00e0 23 h 59 le 16 juillet 2027<\/td>\n<td style=\"text-align: center;\" width=\"89\"><a href=\"https:\/\/sportintegrity.ca\/sites\/default\/files\/content\/docs\/2026-01\/Sport-Integrity-Canada-Summary-Report-Dallaire-R-EN.pdf\">T\u00e9l\u00e9charger le PDF<\/a><\/td>\n<\/tr>\n<\/tbody>\n<\/table>\n","protected":false},"excerpt":{"rendered":"Basketball en fauteuil roulant Canada (BFRC) \u00a0croit que le sport devrait \u00eatre libre de tout harc\u00e8lement, abus ou discrimination. Nous continuons \u00e0 nous vouer \u00e0 travailler avec la communaut\u00e9 sportive et nos intervenants, dans le but de favoriser un environnement s\u00e9curitaire, accueillant et inclusif pour toutes les personnes impliqu\u00e9es dans le basketball en fauteuil roulant [&hellip;]","protected":false},"author":12,"featured_media":21757,"parent":1204,"menu_order":0,"comment_status":"closed","ping_status":"closed","template":"","meta":{"om_disable_all_campaigns":false,"_monsterinsights_skip_tracking":false,"_monsterinsights_sitenote_active":false,"_monsterinsights_sitenote_note":"","_monsterinsights_sitenote_category":0,"footnotes":""},"acf":[],"yoast_head":"<!-- This site is optimized with the Yoast SEO plugin v21.9.1 - https:\/\/yoast.com\/wordpress\/plugins\/seo\/ -->\n<title>Sport s\u00e9curitaire - Wheelchair Basketball Canada<\/title>\n<meta name=\"robots\" content=\"index, follow, max-snippet:-1, max-image-preview:large, max-video-preview:-1\" \/>\n<link rel=\"canonical\" href=\"https:\/\/www.wheelchairbasketball.ca\/fr\/le-sport\/sport-securitaire\/\" \/>\n<meta property=\"og:locale\" content=\"fr_FR\" \/>\n<meta property=\"og:type\" content=\"article\" \/>\n<meta property=\"og:title\" content=\"Sport s\u00e9curitaire - Wheelchair Basketball Canada\" \/>\n<meta property=\"og:description\" content=\"Basketball en fauteuil roulant Canada (BFRC) \u00a0croit que le sport devrait \u00eatre libre de tout harc\u00e8lement, abus ou discrimination. Nous continuons \u00e0 nous vouer \u00e0 travailler avec la communaut\u00e9 sportive et nos intervenants, dans le but de favoriser un environnement s\u00e9curitaire, accueillant et inclusif pour toutes les personnes impliqu\u00e9es dans le basketball en fauteuil roulant [&hellip;]\" \/>\n<meta property=\"og:url\" content=\"https:\/\/www.wheelchairbasketball.ca\/fr\/le-sport\/sport-securitaire\/\" \/>\n<meta property=\"og:site_name\" content=\"Wheelchair Basketball Canada\" \/>\n<meta property=\"article:publisher\" content=\"http:\/\/www.facebook.com\/wheelchairbasketball\" \/>\n<meta property=\"article:modified_time\" content=\"2026-02-02T17:14:27+00:00\" \/>\n<meta property=\"og:image\" content=\"https:\/\/www.wheelchairbasketball.ca\/wp-content\/uploads\/2024\/10\/20240908-MPH1830354-1400x600-1.png\" \/>\n\t<meta property=\"og:image:width\" content=\"1400\" \/>\n\t<meta property=\"og:image:height\" content=\"600\" \/>\n\t<meta property=\"og:image:type\" content=\"image\/png\" \/>\n<meta name=\"twitter:card\" content=\"summary_large_image\" \/>\n<meta name=\"twitter:site\" content=\"@WCBballCanada\" \/>\n<meta name=\"twitter:label1\" content=\"Dur\u00e9e de lecture estim\u00e9e\" \/>\n\t<meta name=\"twitter:data1\" content=\"4 minutes\" \/>\n<script type=\"application\/ld+json\" class=\"yoast-schema-graph\">{\"@context\":\"https:\/\/schema.org\",\"@graph\":[{\"@type\":\"WebPage\",\"@id\":\"https:\/\/www.wheelchairbasketball.ca\/fr\/le-sport\/sport-securitaire\/\",\"url\":\"https:\/\/www.wheelchairbasketball.ca\/fr\/le-sport\/sport-securitaire\/\",\"name\":\"Sport s\u00e9curitaire - Wheelchair Basketball Canada\",\"isPartOf\":{\"@id\":\"https:\/\/www.wheelchairbasketball.ca\/#website\"},\"datePublished\":\"2019-11-22T21:28:15+00:00\",\"dateModified\":\"2026-02-02T17:14:27+00:00\",\"breadcrumb\":{\"@id\":\"https:\/\/www.wheelchairbasketball.ca\/fr\/le-sport\/sport-securitaire\/#breadcrumb\"},\"inLanguage\":\"fr-FR\",\"potentialAction\":[{\"@type\":\"ReadAction\",\"target\":[\"https:\/\/www.wheelchairbasketball.ca\/fr\/le-sport\/sport-securitaire\/\"]}]},{\"@type\":\"BreadcrumbList\",\"@id\":\"https:\/\/www.wheelchairbasketball.ca\/fr\/le-sport\/sport-securitaire\/#breadcrumb\",\"itemListElement\":[{\"@type\":\"ListItem\",\"position\":1,\"name\":\"Home\",\"item\":\"https:\/\/www.wheelchairbasketball.ca\/fr\/\"},{\"@type\":\"ListItem\",\"position\":2,\"name\":\"Le sport\",\"item\":\"https:\/\/www.wheelchairbasketball.ca\/fr\/le-sport\/\"},{\"@type\":\"ListItem\",\"position\":3,\"name\":\"Sport s\u00e9curitaire\"}]},{\"@type\":\"WebSite\",\"@id\":\"https:\/\/www.wheelchairbasketball.ca\/#website\",\"url\":\"https:\/\/www.wheelchairbasketball.ca\/\",\"name\":\"Wheelchair Basketball Canada\",\"description\":\"Real Life. Real Sport.\",\"potentialAction\":[{\"@type\":\"SearchAction\",\"target\":{\"@type\":\"EntryPoint\",\"urlTemplate\":\"https:\/\/www.wheelchairbasketball.ca\/?s={search_term_string}\"},\"query-input\":\"required name=search_term_string\"}],\"inLanguage\":\"fr-FR\"}]}<\/script>\n<!-- \/ Yoast SEO plugin. -->","yoast_head_json":{"title":"Sport s\u00e9curitaire - Wheelchair Basketball Canada","robots":{"index":"index","follow":"follow","max-snippet":"max-snippet:-1","max-image-preview":"max-image-preview:large","max-video-preview":"max-video-preview:-1"},"canonical":"https:\/\/www.wheelchairbasketball.ca\/fr\/le-sport\/sport-securitaire\/","og_locale":"fr_FR","og_type":"article","og_title":"Sport s\u00e9curitaire - Wheelchair Basketball Canada","og_description":"Basketball en fauteuil roulant Canada (BFRC) \u00a0croit que le sport devrait \u00eatre libre de tout harc\u00e8lement, abus ou discrimination. Nous continuons \u00e0 nous vouer \u00e0 travailler avec la communaut\u00e9 sportive et nos intervenants, dans le but de favoriser un environnement s\u00e9curitaire, accueillant et inclusif pour toutes les personnes impliqu\u00e9es dans le basketball en fauteuil roulant [&hellip;]","og_url":"https:\/\/www.wheelchairbasketball.ca\/fr\/le-sport\/sport-securitaire\/","og_site_name":"Wheelchair Basketball Canada","article_publisher":"http:\/\/www.facebook.com\/wheelchairbasketball","article_modified_time":"2026-02-02T17:14:27+00:00","og_image":[{"width":1400,"height":600,"url":"https:\/\/www.wheelchairbasketball.ca\/wp-content\/uploads\/2024\/10\/20240908-MPH1830354-1400x600-1.png","type":"image\/png"}],"twitter_card":"summary_large_image","twitter_site":"@WCBballCanada","twitter_misc":{"Dur\u00e9e de lecture estim\u00e9e":"4 minutes"},"schema":{"@context":"https:\/\/schema.org","@graph":[{"@type":"WebPage","@id":"https:\/\/www.wheelchairbasketball.ca\/fr\/le-sport\/sport-securitaire\/","url":"https:\/\/www.wheelchairbasketball.ca\/fr\/le-sport\/sport-securitaire\/","name":"Sport s\u00e9curitaire - Wheelchair Basketball Canada","isPartOf":{"@id":"https:\/\/www.wheelchairbasketball.ca\/#website"},"datePublished":"2019-11-22T21:28:15+00:00","dateModified":"2026-02-02T17:14:27+00:00","breadcrumb":{"@id":"https:\/\/www.wheelchairbasketball.ca\/fr\/le-sport\/sport-securitaire\/#breadcrumb"},"inLanguage":"fr-FR","potentialAction":[{"@type":"ReadAction","target":["https:\/\/www.wheelchairbasketball.ca\/fr\/le-sport\/sport-securitaire\/"]}]},{"@type":"BreadcrumbList","@id":"https:\/\/www.wheelchairbasketball.ca\/fr\/le-sport\/sport-securitaire\/#breadcrumb","itemListElement":[{"@type":"ListItem","position":1,"name":"Home","item":"https:\/\/www.wheelchairbasketball.ca\/fr\/"},{"@type":"ListItem","position":2,"name":"Le sport","item":"https:\/\/www.wheelchairbasketball.ca\/fr\/le-sport\/"},{"@type":"ListItem","position":3,"name":"Sport s\u00e9curitaire"}]},{"@type":"WebSite","@id":"https:\/\/www.wheelchairbasketball.ca\/#website","url":"https:\/\/www.wheelchairbasketball.ca\/","name":"Wheelchair Basketball Canada","description":"Real Life. Real Sport.","potentialAction":[{"@type":"SearchAction","target":{"@type":"EntryPoint","urlTemplate":"https:\/\/www.wheelchairbasketball.ca\/?s={search_term_string}"},"query-input":"required name=search_term_string"}],"inLanguage":"fr-FR"}]}},"_links":{"self":[{"href":"https:\/\/www.wheelchairbasketball.ca\/fr\/wp-json\/wp\/v2\/pages\/13604"}],"collection":[{"href":"https:\/\/www.wheelchairbasketball.ca\/fr\/wp-json\/wp\/v2\/pages"}],"about":[{"href":"https:\/\/www.wheelchairbasketball.ca\/fr\/wp-json\/wp\/v2\/types\/page"}],"author":[{"embeddable":true,"href":"https:\/\/www.wheelchairbasketball.ca\/fr\/wp-json\/wp\/v2\/users\/12"}],"replies":[{"embeddable":true,"href":"https:\/\/www.wheelchairbasketball.ca\/fr\/wp-json\/wp\/v2\/comments?post=13604"}],"version-history":[{"count":12,"href":"https:\/\/www.wheelchairbasketball.ca\/fr\/wp-json\/wp\/v2\/pages\/13604\/revisions"}],"predecessor-version":[{"id":25465,"href":"https:\/\/www.wheelchairbasketball.ca\/fr\/wp-json\/wp\/v2\/pages\/13604\/revisions\/25465"}],"up":[{"embeddable":true,"href":"https:\/\/www.wheelchairbasketball.ca\/fr\/wp-json\/wp\/v2\/pages\/1204"}],"wp:featuredmedia":[{"embeddable":true,"href":"https:\/\/www.wheelchairbasketball.ca\/fr\/wp-json\/wp\/v2\/media\/21757"}],"wp:attachment":[{"href":"https:\/\/www.wheelchairbasketball.ca\/fr\/wp-json\/wp\/v2\/media?parent=13604"}],"curies":[{"name":"wp","href":"https:\/\/api.w.org\/{rel}","templated":true}]}}