{"id":13621,"date":"2019-11-25T19:22:24","date_gmt":"2019-11-25T19:22:24","guid":{"rendered":"https:\/\/www.wheelchairbasketball.ca\/?page_id=13621"},"modified":"2019-11-25T19:22:24","modified_gmt":"2019-11-25T19:22:24","slug":"respect-et-sport","status":"publish","type":"page","link":"https:\/\/www.wheelchairbasketball.ca\/fr\/le-sport\/sport-securitaire\/respect-et-sport\/","title":{"rendered":"Respect et sport"},"content":{"rendered":"<h3>Pour les entra\u00eeneurs et les leaders d&rsquo;activit\u00e9<\/h3>\n<p><a href=\"https:\/\/wheelchair-basketball-al.respectgroupinc.com\" target=\"_blank\" rel=\"noopener noreferrer\"><img loading=\"lazy\" decoding=\"async\" class=\"wp-image-13659 size-medium alignleft\" src=\"https:\/\/www.wheelchairbasketball.ca\/wp-content\/uploads\/2019\/11\/logoFR_RiSportAL-300x103.png\" alt=\"\" width=\"300\" height=\"103\" srcset=\"https:\/\/www.wheelchairbasketball.ca\/wp-content\/uploads\/2019\/11\/logoFR_RiSportAL-300x103.png 300w, https:\/\/www.wheelchairbasketball.ca\/wp-content\/uploads\/2019\/11\/logoFR_RiSportAL-768x263.png 768w, https:\/\/www.wheelchairbasketball.ca\/wp-content\/uploads\/2019\/11\/logoFR_RiSportAL-1024x351.png 1024w, https:\/\/www.wheelchairbasketball.ca\/wp-content\/uploads\/2019\/11\/logoFR_RiSportAL.png 1098w\" sizes=\"(max-width: 300px) 100vw, 300px\" \/><\/a>Le <strong><a href=\"https:\/\/wheelchair-basketball-al.respectgroupinc.com\" target=\"_blank\" rel=\"noopener noreferrer\">programme Respect et sport pour leaders d\u2019activit\u00e9<\/a><\/strong>\u00a0sensibilise les leaders et entra\u00eeneurs \u0153uvrant aupr\u00e8s des jeunes, les officiels et participants (14 ans et plus) \u00e0 reconnaitre, comprendre et r\u00e9agir aux probl\u00e8mes d\u2019intimidation, d\u2019abus, de harc\u00e8lement et de discrimination.<\/p>\n<h3>Pour les parents<\/h3>\n<p><a href=\"https:\/\/wheelchair-basketball-parent.respectgroupinc.com\" target=\"_blank\" rel=\"noopener noreferrer\"><img loading=\"lazy\" decoding=\"async\" class=\"wp-image-13665 size-medium alignleft\" src=\"https:\/\/www.wheelchairbasketball.ca\/wp-content\/uploads\/2019\/11\/logoFR_RiSportPP-300x130.jpg\" alt=\"\" width=\"300\" height=\"130\" srcset=\"https:\/\/www.wheelchairbasketball.ca\/wp-content\/uploads\/2019\/11\/logoFR_RiSportPP-300x130.jpg 300w, https:\/\/www.wheelchairbasketball.ca\/wp-content\/uploads\/2019\/11\/logoFR_RiSportPP-768x332.jpg 768w, https:\/\/www.wheelchairbasketball.ca\/wp-content\/uploads\/2019\/11\/logoFR_RiSportPP-1024x442.jpg 1024w, https:\/\/www.wheelchairbasketball.ca\/wp-content\/uploads\/2019\/11\/logoFR_RiSportPP.jpg 1176w\" sizes=\"(max-width: 300px) 100vw, 300px\" \/><\/a>L\u2019une des raisons les plus couramment \u00e9nonc\u00e9es par les entraineurs, les g\u00e9rants, les officiels et les athl\u00e8tes de tout \u00e2ge pour expliquer leur abandon du sport est le comportement inacceptable des parents.<\/p>\n<p>Le <a href=\"https:\/\/wheelchair-basketball-parent.respectgroupinc.com\" target=\"_blank\" rel=\"noopener noreferrer\"><strong>programme Respect et sport pour le parent<\/strong><\/a>\u00a0aidera \u00e0 d\u00e9finir une norme de comportement pour tous les parents et \u00e0 cr\u00e9er un environnement plus gratifiant, s\u00e9curitaire et respectueux pour toutes les parties impliqu\u00e9es. Les parents veulent bien faire en soutenant leurs enfants. Respect et sport fournit aux parents les outils pour y arriver.<\/p>\n<h3>Pour les organisations<\/h3>\n<p><a href=\"https:\/\/wheelchair-basketball-workplace.respectgroupinc.com\" target=\"_blank\" rel=\"noopener noreferrer\"><img loading=\"lazy\" decoding=\"async\" class=\"wp-image-13661 size-medium alignleft\" src=\"https:\/\/www.wheelchairbasketball.ca\/wp-content\/uploads\/2019\/11\/logoFR_RiWorkplace-300x130.jpg\" alt=\"\" width=\"300\" height=\"130\" srcset=\"https:\/\/www.wheelchairbasketball.ca\/wp-content\/uploads\/2019\/11\/logoFR_RiWorkplace-300x130.jpg 300w, https:\/\/www.wheelchairbasketball.ca\/wp-content\/uploads\/2019\/11\/logoFR_RiWorkplace-768x332.jpg 768w, https:\/\/www.wheelchairbasketball.ca\/wp-content\/uploads\/2019\/11\/logoFR_RiWorkplace-1024x442.jpg 1024w, https:\/\/www.wheelchairbasketball.ca\/wp-content\/uploads\/2019\/11\/logoFR_RiWorkplace.jpg 1176w\" sizes=\"(max-width: 300px) 100vw, 300px\" \/><\/a><a href=\"https:\/\/wheelchair-basketball-workplace.respectgroupinc.com\" target=\"_blank\" rel=\"noopener noreferrer\"><strong>Respect au travail<\/strong><\/a>\u00a0a \u00e9t\u00e9 d\u00e9velopp\u00e9 pour fournir aux organisations de toutes tailles un outil unique et rentable permettant \u00e0 votre \u00e9quipe d\u2019acqu\u00e9rir les comp\u00e9tences n\u00e9cessaires pour pr\u00e9venir l\u2019intimidation, l\u2019abus, le harc\u00e8lement et la discrimination.<\/p>\n<p>Pour plus de renseignements ou pour les questions fr\u00e9quemment pos\u00e9es, veuillez visiter <a href=\"https:\/\/french.respectgroupinc.com\/respect-in-sport\/\" target=\"_blank\" rel=\"noopener noreferrer\">respectgroupinc.com<\/a><\/p>\n","protected":false},"excerpt":{"rendered":"Pour les entra\u00eeneurs et les leaders d&rsquo;activit\u00e9 Le programme Respect et sport pour leaders d\u2019activit\u00e9\u00a0sensibilise les leaders et entra\u00eeneurs \u0153uvrant aupr\u00e8s des jeunes, les officiels et participants (14 ans et plus) \u00e0 reconnaitre, comprendre et r\u00e9agir aux probl\u00e8mes d\u2019intimidation, d\u2019abus, de harc\u00e8lement et de discrimination. Pour les parents L\u2019une des raisons les plus couramment \u00e9nonc\u00e9es [&hellip;]","protected":false},"author":12,"featured_media":0,"parent":13604,"menu_order":4,"comment_status":"closed","ping_status":"closed","template":"","meta":{"om_disable_all_campaigns":false,"_monsterinsights_skip_tracking":false,"_monsterinsights_sitenote_active":false,"_monsterinsights_sitenote_note":"","_monsterinsights_sitenote_category":0,"footnotes":""},"acf":[],"yoast_head":"<!-- This site is optimized with the Yoast SEO plugin v21.9.1 - https:\/\/yoast.com\/wordpress\/plugins\/seo\/ -->\n<title>Respect et sport - Wheelchair Basketball Canada<\/title>\n<meta name=\"robots\" content=\"index, follow, max-snippet:-1, max-image-preview:large, max-video-preview:-1\" \/>\n<link rel=\"canonical\" href=\"https:\/\/www.wheelchairbasketball.ca\/fr\/le-sport\/sport-securitaire\/respect-et-sport\/\" \/>\n<meta property=\"og:locale\" content=\"fr_FR\" \/>\n<meta property=\"og:type\" content=\"article\" \/>\n<meta property=\"og:title\" content=\"Respect et sport - Wheelchair Basketball Canada\" \/>\n<meta property=\"og:description\" content=\"Pour les entra\u00eeneurs et les leaders d&rsquo;activit\u00e9 Le programme Respect et sport pour leaders d\u2019activit\u00e9\u00a0sensibilise les leaders et entra\u00eeneurs \u0153uvrant aupr\u00e8s des jeunes, les officiels et participants (14 ans et plus) \u00e0 reconnaitre, comprendre et r\u00e9agir aux probl\u00e8mes d\u2019intimidation, d\u2019abus, de harc\u00e8lement et de discrimination. Pour les parents L\u2019une des raisons les plus couramment \u00e9nonc\u00e9es [&hellip;]\" \/>\n<meta property=\"og:url\" content=\"https:\/\/www.wheelchairbasketball.ca\/fr\/le-sport\/sport-securitaire\/respect-et-sport\/\" \/>\n<meta property=\"og:site_name\" content=\"Wheelchair Basketball Canada\" \/>\n<meta property=\"article:publisher\" content=\"http:\/\/www.facebook.com\/wheelchairbasketball\" \/>\n<meta property=\"og:image\" content=\"https:\/\/www.wheelchairbasketball.ca\/wp-content\/uploads\/2019\/11\/logoFR_RiSportAL-300x103.png\" \/>\n<meta name=\"twitter:card\" content=\"summary_large_image\" \/>\n<meta name=\"twitter:site\" content=\"@WCBballCanada\" \/>\n<meta name=\"twitter:label1\" content=\"Dur\u00e9e de lecture estim\u00e9e\" \/>\n\t<meta name=\"twitter:data1\" content=\"1 minute\" \/>\n<script type=\"application\/ld+json\" class=\"yoast-schema-graph\">{\"@context\":\"https:\/\/schema.org\",\"@graph\":[{\"@type\":\"WebPage\",\"@id\":\"https:\/\/www.wheelchairbasketball.ca\/fr\/le-sport\/sport-securitaire\/respect-et-sport\/\",\"url\":\"https:\/\/www.wheelchairbasketball.ca\/fr\/le-sport\/sport-securitaire\/respect-et-sport\/\",\"name\":\"Respect et sport - Wheelchair Basketball Canada\",\"isPartOf\":{\"@id\":\"https:\/\/www.wheelchairbasketball.ca\/#website\"},\"datePublished\":\"2019-11-25T19:22:24+00:00\",\"dateModified\":\"2019-11-25T19:22:24+00:00\",\"breadcrumb\":{\"@id\":\"https:\/\/www.wheelchairbasketball.ca\/fr\/le-sport\/sport-securitaire\/respect-et-sport\/#breadcrumb\"},\"inLanguage\":\"fr-FR\",\"potentialAction\":[{\"@type\":\"ReadAction\",\"target\":[\"https:\/\/www.wheelchairbasketball.ca\/fr\/le-sport\/sport-securitaire\/respect-et-sport\/\"]}]},{\"@type\":\"BreadcrumbList\",\"@id\":\"https:\/\/www.wheelchairbasketball.ca\/fr\/le-sport\/sport-securitaire\/respect-et-sport\/#breadcrumb\",\"itemListElement\":[{\"@type\":\"ListItem\",\"position\":1,\"name\":\"Home\",\"item\":\"https:\/\/www.wheelchairbasketball.ca\/fr\/\"},{\"@type\":\"ListItem\",\"position\":2,\"name\":\"Le sport\",\"item\":\"https:\/\/www.wheelchairbasketball.ca\/fr\/le-sport\/\"},{\"@type\":\"ListItem\",\"position\":3,\"name\":\"Sport s\u00e9curitaire\",\"item\":\"https:\/\/www.wheelchairbasketball.ca\/fr\/le-sport\/sport-securitaire\/\"},{\"@type\":\"ListItem\",\"position\":4,\"name\":\"Respect et sport\"}]},{\"@type\":\"WebSite\",\"@id\":\"https:\/\/www.wheelchairbasketball.ca\/#website\",\"url\":\"https:\/\/www.wheelchairbasketball.ca\/\",\"name\":\"Wheelchair Basketball Canada\",\"description\":\"Real Life. Real Sport.\",\"potentialAction\":[{\"@type\":\"SearchAction\",\"target\":{\"@type\":\"EntryPoint\",\"urlTemplate\":\"https:\/\/www.wheelchairbasketball.ca\/?s={search_term_string}\"},\"query-input\":\"required name=search_term_string\"}],\"inLanguage\":\"fr-FR\"}]}<\/script>\n<!-- \/ Yoast SEO plugin. -->","yoast_head_json":{"title":"Respect et sport - Wheelchair Basketball Canada","robots":{"index":"index","follow":"follow","max-snippet":"max-snippet:-1","max-image-preview":"max-image-preview:large","max-video-preview":"max-video-preview:-1"},"canonical":"https:\/\/www.wheelchairbasketball.ca\/fr\/le-sport\/sport-securitaire\/respect-et-sport\/","og_locale":"fr_FR","og_type":"article","og_title":"Respect et sport - Wheelchair Basketball Canada","og_description":"Pour les entra\u00eeneurs et les leaders d&rsquo;activit\u00e9 Le programme Respect et sport pour leaders d\u2019activit\u00e9\u00a0sensibilise les leaders et entra\u00eeneurs \u0153uvrant aupr\u00e8s des jeunes, les officiels et participants (14 ans et plus) \u00e0 reconnaitre, comprendre et r\u00e9agir aux probl\u00e8mes d\u2019intimidation, d\u2019abus, de harc\u00e8lement et de discrimination. Pour les parents L\u2019une des raisons les plus couramment \u00e9nonc\u00e9es [&hellip;]","og_url":"https:\/\/www.wheelchairbasketball.ca\/fr\/le-sport\/sport-securitaire\/respect-et-sport\/","og_site_name":"Wheelchair Basketball Canada","article_publisher":"http:\/\/www.facebook.com\/wheelchairbasketball","og_image":[{"url":"https:\/\/www.wheelchairbasketball.ca\/wp-content\/uploads\/2019\/11\/logoFR_RiSportAL-300x103.png"}],"twitter_card":"summary_large_image","twitter_site":"@WCBballCanada","twitter_misc":{"Dur\u00e9e de lecture estim\u00e9e":"1 minute"},"schema":{"@context":"https:\/\/schema.org","@graph":[{"@type":"WebPage","@id":"https:\/\/www.wheelchairbasketball.ca\/fr\/le-sport\/sport-securitaire\/respect-et-sport\/","url":"https:\/\/www.wheelchairbasketball.ca\/fr\/le-sport\/sport-securitaire\/respect-et-sport\/","name":"Respect et sport - Wheelchair Basketball Canada","isPartOf":{"@id":"https:\/\/www.wheelchairbasketball.ca\/#website"},"datePublished":"2019-11-25T19:22:24+00:00","dateModified":"2019-11-25T19:22:24+00:00","breadcrumb":{"@id":"https:\/\/www.wheelchairbasketball.ca\/fr\/le-sport\/sport-securitaire\/respect-et-sport\/#breadcrumb"},"inLanguage":"fr-FR","potentialAction":[{"@type":"ReadAction","target":["https:\/\/www.wheelchairbasketball.ca\/fr\/le-sport\/sport-securitaire\/respect-et-sport\/"]}]},{"@type":"BreadcrumbList","@id":"https:\/\/www.wheelchairbasketball.ca\/fr\/le-sport\/sport-securitaire\/respect-et-sport\/#breadcrumb","itemListElement":[{"@type":"ListItem","position":1,"name":"Home","item":"https:\/\/www.wheelchairbasketball.ca\/fr\/"},{"@type":"ListItem","position":2,"name":"Le sport","item":"https:\/\/www.wheelchairbasketball.ca\/fr\/le-sport\/"},{"@type":"ListItem","position":3,"name":"Sport s\u00e9curitaire","item":"https:\/\/www.wheelchairbasketball.ca\/fr\/le-sport\/sport-securitaire\/"},{"@type":"ListItem","position":4,"name":"Respect et sport"}]},{"@type":"WebSite","@id":"https:\/\/www.wheelchairbasketball.ca\/#website","url":"https:\/\/www.wheelchairbasketball.ca\/","name":"Wheelchair Basketball Canada","description":"Real Life. Real Sport.","potentialAction":[{"@type":"SearchAction","target":{"@type":"EntryPoint","urlTemplate":"https:\/\/www.wheelchairbasketball.ca\/?s={search_term_string}"},"query-input":"required name=search_term_string"}],"inLanguage":"fr-FR"}]}},"_links":{"self":[{"href":"https:\/\/www.wheelchairbasketball.ca\/fr\/wp-json\/wp\/v2\/pages\/13621"}],"collection":[{"href":"https:\/\/www.wheelchairbasketball.ca\/fr\/wp-json\/wp\/v2\/pages"}],"about":[{"href":"https:\/\/www.wheelchairbasketball.ca\/fr\/wp-json\/wp\/v2\/types\/page"}],"author":[{"embeddable":true,"href":"https:\/\/www.wheelchairbasketball.ca\/fr\/wp-json\/wp\/v2\/users\/12"}],"replies":[{"embeddable":true,"href":"https:\/\/www.wheelchairbasketball.ca\/fr\/wp-json\/wp\/v2\/comments?post=13621"}],"version-history":[{"count":5,"href":"https:\/\/www.wheelchairbasketball.ca\/fr\/wp-json\/wp\/v2\/pages\/13621\/revisions"}],"predecessor-version":[{"id":13797,"href":"https:\/\/www.wheelchairbasketball.ca\/fr\/wp-json\/wp\/v2\/pages\/13621\/revisions\/13797"}],"up":[{"embeddable":true,"href":"https:\/\/www.wheelchairbasketball.ca\/fr\/wp-json\/wp\/v2\/pages\/13604"}],"wp:attachment":[{"href":"https:\/\/www.wheelchairbasketball.ca\/fr\/wp-json\/wp\/v2\/media?parent=13621"}],"curies":[{"name":"wp","href":"https:\/\/api.w.org\/{rel}","templated":true}]}}