{"id":13640,"date":"2019-11-25T18:57:57","date_gmt":"2019-11-25T18:57:57","guid":{"rendered":"https:\/\/www.wheelchairbasketball.ca\/?page_id=13640"},"modified":"2024-11-22T16:26:21","modified_gmt":"2024-11-22T16:26:21","slug":"commotions-cerebrale","status":"publish","type":"page","link":"https:\/\/www.wheelchairbasketball.ca\/fr\/le-sport\/sport-securitaire\/commotions-cerebrale\/","title":{"rendered":"Commotions c\u00e9r\u00e9brales"},"content":{"rendered":"<p>Basketball en fauteuil roulant Canada (BFRC) a \u00e9labor\u00e9 le <a href=\"https:\/\/www.wheelchairbasketball.ca\/wp-content\/uploads\/2019\/11\/PROTOCOLE-SUR-LES-COMMOTIONS-C\u00c9R\u00c9BRALES-DE-BASKETBALL-EN-FAUTEUIL-ROULANT-CANADA.pdf\" target=\"_blank\" rel=\"noopener noreferrer\">Protocole sur les commotions c\u00e9r\u00e9brales de Basketball en fauteuil roulant Canada<\/a> pour aider \u00e0 l\u2019orientation des athl\u00e8tes chez qui l\u2019on suspecte une commotion c\u00e9r\u00e9brale cons\u00e9cutive \u00e0 la participation aux activit\u00e9s de Basketball en fauteuil roulant Canada.<\/p>\n<p>Ce protocole et tous les documents associ\u00e9s (voir les liens ci-dessous) feront l\u2019objet d\u2019un examen annuel, afin d\u2019assurer l\u2019harmonisation avec toute recherche \u00e9mergente, tout traitement, ainsi que les pratiques exemplaires de gestion.<\/p>\n<ul>\n<li><a href=\"https:\/\/www.wheelchairbasketball.ca\/wp-content\/uploads\/2024\/11\/FR-PreSeason-Education-Sheet-Parachute.pdf\">Fiche \u00e9ducative transmise avant le d\u00e9but de la saison<\/a><\/li>\n<li><a href=\"https:\/\/www.wheelchairbasketball.ca\/wp-content\/uploads\/2024\/11\/FR-Clearance-Letter-Parachute.pdf\">Lettre confirmant le diagnostic m\u00e9dical<\/a><\/li>\n<li><a href=\"https:\/\/www.wheelchairbasketball.ca\/wp-content\/uploads\/2024\/11\/FR-Assessment-Letter-kt-Parachute.pdf\">Lettre d\u2019autorisation m\u00e9dicale<\/a><\/li>\n<li><a href=\"https:\/\/www.wheelchairbasketball.ca\/wp-content\/uploads\/2024\/11\/CRT6-French.pdf\">Outil de reconnaissance des commotions c\u00e9r\u00e9brales\u00a0<\/a><\/li>\n<li><a href=\"https:\/\/www.wheelchairbasketball.ca\/wp-content\/uploads\/2024\/11\/SCAT6-23JUIN.pdf\">Outil d&rsquo;\u00e9valuation des commotions dans le sport\u00a0<\/a><\/li>\n<li><a href=\"https:\/\/www.wheelchairbasketball.ca\/wp-content\/uploads\/2024\/11\/Child-SCAT6-23-JUIN.pdf\">Outil d&rsquo;\u00e9valuation des commotions dans le sport pour les enfants\u00a0<\/a><\/li>\n<\/ul>\n","protected":false},"excerpt":{"rendered":"Basketball en fauteuil roulant Canada (BFRC) a \u00e9labor\u00e9 le Protocole sur les commotions c\u00e9r\u00e9brales de Basketball en fauteuil roulant Canada pour aider \u00e0 l\u2019orientation des athl\u00e8tes chez qui l\u2019on suspecte une commotion c\u00e9r\u00e9brale cons\u00e9cutive \u00e0 la participation aux activit\u00e9s de Basketball en fauteuil roulant Canada. Ce protocole et tous les documents associ\u00e9s (voir les liens [&hellip;]","protected":false},"author":12,"featured_media":0,"parent":13604,"menu_order":3,"comment_status":"closed","ping_status":"closed","template":"","meta":{"om_disable_all_campaigns":false,"_monsterinsights_skip_tracking":false,"_monsterinsights_sitenote_active":false,"_monsterinsights_sitenote_note":"","_monsterinsights_sitenote_category":0,"footnotes":""},"acf":[],"yoast_head":"<!-- This site is optimized with the Yoast SEO plugin v21.9.1 - https:\/\/yoast.com\/wordpress\/plugins\/seo\/ -->\n<title>Commotions c\u00e9r\u00e9brales - Wheelchair Basketball Canada<\/title>\n<meta name=\"robots\" content=\"index, follow, max-snippet:-1, max-image-preview:large, max-video-preview:-1\" \/>\n<link rel=\"canonical\" href=\"https:\/\/www.wheelchairbasketball.ca\/fr\/le-sport\/sport-securitaire\/commotions-cerebrale\/\" \/>\n<meta property=\"og:locale\" content=\"fr_FR\" \/>\n<meta property=\"og:type\" content=\"article\" \/>\n<meta property=\"og:title\" content=\"Commotions c\u00e9r\u00e9brales - Wheelchair Basketball Canada\" \/>\n<meta property=\"og:description\" content=\"Basketball en fauteuil roulant Canada (BFRC) a \u00e9labor\u00e9 le Protocole sur les commotions c\u00e9r\u00e9brales de Basketball en fauteuil roulant Canada pour aider \u00e0 l\u2019orientation des athl\u00e8tes chez qui l\u2019on suspecte une commotion c\u00e9r\u00e9brale cons\u00e9cutive \u00e0 la participation aux activit\u00e9s de Basketball en fauteuil roulant Canada. Ce protocole et tous les documents associ\u00e9s (voir les liens [&hellip;]\" \/>\n<meta property=\"og:url\" content=\"https:\/\/www.wheelchairbasketball.ca\/fr\/le-sport\/sport-securitaire\/commotions-cerebrale\/\" \/>\n<meta property=\"og:site_name\" content=\"Wheelchair Basketball Canada\" \/>\n<meta property=\"article:publisher\" content=\"http:\/\/www.facebook.com\/wheelchairbasketball\" \/>\n<meta property=\"article:modified_time\" content=\"2024-11-22T16:26:21+00:00\" \/>\n<meta name=\"twitter:card\" content=\"summary_large_image\" \/>\n<meta name=\"twitter:site\" content=\"@WCBballCanada\" \/>\n<meta name=\"twitter:label1\" content=\"Dur\u00e9e de lecture estim\u00e9e\" \/>\n\t<meta name=\"twitter:data1\" content=\"1 minute\" \/>\n<script type=\"application\/ld+json\" class=\"yoast-schema-graph\">{\"@context\":\"https:\/\/schema.org\",\"@graph\":[{\"@type\":\"WebPage\",\"@id\":\"https:\/\/www.wheelchairbasketball.ca\/fr\/le-sport\/sport-securitaire\/commotions-cerebrale\/\",\"url\":\"https:\/\/www.wheelchairbasketball.ca\/fr\/le-sport\/sport-securitaire\/commotions-cerebrale\/\",\"name\":\"Commotions c\u00e9r\u00e9brales - Wheelchair Basketball Canada\",\"isPartOf\":{\"@id\":\"https:\/\/www.wheelchairbasketball.ca\/#website\"},\"datePublished\":\"2019-11-25T18:57:57+00:00\",\"dateModified\":\"2024-11-22T16:26:21+00:00\",\"breadcrumb\":{\"@id\":\"https:\/\/www.wheelchairbasketball.ca\/fr\/le-sport\/sport-securitaire\/commotions-cerebrale\/#breadcrumb\"},\"inLanguage\":\"fr-FR\",\"potentialAction\":[{\"@type\":\"ReadAction\",\"target\":[\"https:\/\/www.wheelchairbasketball.ca\/fr\/le-sport\/sport-securitaire\/commotions-cerebrale\/\"]}]},{\"@type\":\"BreadcrumbList\",\"@id\":\"https:\/\/www.wheelchairbasketball.ca\/fr\/le-sport\/sport-securitaire\/commotions-cerebrale\/#breadcrumb\",\"itemListElement\":[{\"@type\":\"ListItem\",\"position\":1,\"name\":\"Home\",\"item\":\"https:\/\/www.wheelchairbasketball.ca\/fr\/\"},{\"@type\":\"ListItem\",\"position\":2,\"name\":\"Le sport\",\"item\":\"https:\/\/www.wheelchairbasketball.ca\/fr\/le-sport\/\"},{\"@type\":\"ListItem\",\"position\":3,\"name\":\"Sport s\u00e9curitaire\",\"item\":\"https:\/\/www.wheelchairbasketball.ca\/fr\/le-sport\/sport-securitaire\/\"},{\"@type\":\"ListItem\",\"position\":4,\"name\":\"Commotions c\u00e9r\u00e9brales\"}]},{\"@type\":\"WebSite\",\"@id\":\"https:\/\/www.wheelchairbasketball.ca\/#website\",\"url\":\"https:\/\/www.wheelchairbasketball.ca\/\",\"name\":\"Wheelchair Basketball Canada\",\"description\":\"Real Life. Real Sport.\",\"potentialAction\":[{\"@type\":\"SearchAction\",\"target\":{\"@type\":\"EntryPoint\",\"urlTemplate\":\"https:\/\/www.wheelchairbasketball.ca\/?s={search_term_string}\"},\"query-input\":\"required name=search_term_string\"}],\"inLanguage\":\"fr-FR\"}]}<\/script>\n<!-- \/ Yoast SEO plugin. -->","yoast_head_json":{"title":"Commotions c\u00e9r\u00e9brales - Wheelchair Basketball Canada","robots":{"index":"index","follow":"follow","max-snippet":"max-snippet:-1","max-image-preview":"max-image-preview:large","max-video-preview":"max-video-preview:-1"},"canonical":"https:\/\/www.wheelchairbasketball.ca\/fr\/le-sport\/sport-securitaire\/commotions-cerebrale\/","og_locale":"fr_FR","og_type":"article","og_title":"Commotions c\u00e9r\u00e9brales - Wheelchair Basketball Canada","og_description":"Basketball en fauteuil roulant Canada (BFRC) a \u00e9labor\u00e9 le Protocole sur les commotions c\u00e9r\u00e9brales de Basketball en fauteuil roulant Canada pour aider \u00e0 l\u2019orientation des athl\u00e8tes chez qui l\u2019on suspecte une commotion c\u00e9r\u00e9brale cons\u00e9cutive \u00e0 la participation aux activit\u00e9s de Basketball en fauteuil roulant Canada. Ce protocole et tous les documents associ\u00e9s (voir les liens [&hellip;]","og_url":"https:\/\/www.wheelchairbasketball.ca\/fr\/le-sport\/sport-securitaire\/commotions-cerebrale\/","og_site_name":"Wheelchair Basketball Canada","article_publisher":"http:\/\/www.facebook.com\/wheelchairbasketball","article_modified_time":"2024-11-22T16:26:21+00:00","twitter_card":"summary_large_image","twitter_site":"@WCBballCanada","twitter_misc":{"Dur\u00e9e de lecture estim\u00e9e":"1 minute"},"schema":{"@context":"https:\/\/schema.org","@graph":[{"@type":"WebPage","@id":"https:\/\/www.wheelchairbasketball.ca\/fr\/le-sport\/sport-securitaire\/commotions-cerebrale\/","url":"https:\/\/www.wheelchairbasketball.ca\/fr\/le-sport\/sport-securitaire\/commotions-cerebrale\/","name":"Commotions c\u00e9r\u00e9brales - Wheelchair Basketball Canada","isPartOf":{"@id":"https:\/\/www.wheelchairbasketball.ca\/#website"},"datePublished":"2019-11-25T18:57:57+00:00","dateModified":"2024-11-22T16:26:21+00:00","breadcrumb":{"@id":"https:\/\/www.wheelchairbasketball.ca\/fr\/le-sport\/sport-securitaire\/commotions-cerebrale\/#breadcrumb"},"inLanguage":"fr-FR","potentialAction":[{"@type":"ReadAction","target":["https:\/\/www.wheelchairbasketball.ca\/fr\/le-sport\/sport-securitaire\/commotions-cerebrale\/"]}]},{"@type":"BreadcrumbList","@id":"https:\/\/www.wheelchairbasketball.ca\/fr\/le-sport\/sport-securitaire\/commotions-cerebrale\/#breadcrumb","itemListElement":[{"@type":"ListItem","position":1,"name":"Home","item":"https:\/\/www.wheelchairbasketball.ca\/fr\/"},{"@type":"ListItem","position":2,"name":"Le sport","item":"https:\/\/www.wheelchairbasketball.ca\/fr\/le-sport\/"},{"@type":"ListItem","position":3,"name":"Sport s\u00e9curitaire","item":"https:\/\/www.wheelchairbasketball.ca\/fr\/le-sport\/sport-securitaire\/"},{"@type":"ListItem","position":4,"name":"Commotions c\u00e9r\u00e9brales"}]},{"@type":"WebSite","@id":"https:\/\/www.wheelchairbasketball.ca\/#website","url":"https:\/\/www.wheelchairbasketball.ca\/","name":"Wheelchair Basketball Canada","description":"Real Life. Real Sport.","potentialAction":[{"@type":"SearchAction","target":{"@type":"EntryPoint","urlTemplate":"https:\/\/www.wheelchairbasketball.ca\/?s={search_term_string}"},"query-input":"required name=search_term_string"}],"inLanguage":"fr-FR"}]}},"_links":{"self":[{"href":"https:\/\/www.wheelchairbasketball.ca\/fr\/wp-json\/wp\/v2\/pages\/13640"}],"collection":[{"href":"https:\/\/www.wheelchairbasketball.ca\/fr\/wp-json\/wp\/v2\/pages"}],"about":[{"href":"https:\/\/www.wheelchairbasketball.ca\/fr\/wp-json\/wp\/v2\/types\/page"}],"author":[{"embeddable":true,"href":"https:\/\/www.wheelchairbasketball.ca\/fr\/wp-json\/wp\/v2\/users\/12"}],"replies":[{"embeddable":true,"href":"https:\/\/www.wheelchairbasketball.ca\/fr\/wp-json\/wp\/v2\/comments?post=13640"}],"version-history":[{"count":7,"href":"https:\/\/www.wheelchairbasketball.ca\/fr\/wp-json\/wp\/v2\/pages\/13640\/revisions"}],"predecessor-version":[{"id":22298,"href":"https:\/\/www.wheelchairbasketball.ca\/fr\/wp-json\/wp\/v2\/pages\/13640\/revisions\/22298"}],"up":[{"embeddable":true,"href":"https:\/\/www.wheelchairbasketball.ca\/fr\/wp-json\/wp\/v2\/pages\/13604"}],"wp:attachment":[{"href":"https:\/\/www.wheelchairbasketball.ca\/fr\/wp-json\/wp\/v2\/media?parent=13640"}],"curies":[{"name":"wp","href":"https:\/\/api.w.org\/{rel}","templated":true}]}}