{"id":1518,"date":"2015-04-01T13:01:23","date_gmt":"2015-04-01T13:01:23","guid":{"rendered":"https:\/\/www.wheelchairbasketball.ca\/?page_id=1518"},"modified":"2024-11-20T22:09:22","modified_gmt":"2024-11-20T22:09:22","slug":"haute-performance","status":"publish","type":"page","link":"https:\/\/www.wheelchairbasketball.ca\/fr\/equipe-canada\/haute-performance\/","title":{"rendered":"Haute performance"},"content":{"rendered":"<p>Le Programme de haute performance de Basketball en fauteuil roulant Canada fonctionne\u00a0afin d\u2019assurer que nos athl\u00e8tes ont toutes les occasions possibles d\u2019exceller \u00e0 un niveau d\u2019\u00e9lite.<\/p>\n<p>Le Canada est reconnu \u00e0 titre de chef de file international et le basketball en fauteuil roulant canadien est devenu synonyme de la valeur de joueurs et de joueuses de classe mondiale qui demeurent vou\u00e9s \u00e0 la croissance et au perfectionnement du jeu tant au Canada qu&rsquo;\u00e0 l&rsquo;\u00e9tranger.<\/p>\n<h3>\u00c9quipe Canada<\/h3>\n<p>Le programme de la haute performance se compose des \u00e9quipes nationales canadiennes pour les <a href=\"https:\/\/www.wheelchairbasketball.ca\/fr\/equipe-canada\/equipe-nationale-masculine-senior\/\">hommes seniors<\/a>, les <a href=\"https:\/\/www.wheelchairbasketball.ca\/fr\/equipe-canada\/equipe-nationale-feminine-senior\/\">femmes seniors<\/a>, les <a href=\"https:\/\/www.wheelchairbasketball.ca\/fr\/equipe-canada\/equipe-nationale-masculine-des-moins-de-23-ans\/\">hommes juniors<\/a> (\u00e2g\u00e9s de moins de 23 ans), et les <a href=\"https:\/\/www.wheelchairbasketball.ca\/fr\/equipe-canada\/equipe-nationale-feminine-des-moins-de-25-ans\/\">femmes juniors<\/a> (\u00e2g\u00e9es de moins de 25 ans). Les programmes existent dans le but d\u2019entra\u00eener les athl\u00e8tes pour repr\u00e9senter le Canada sur la sc\u00e8ne internationale aux principaux \u00e9v\u00e9nements tels que les Championnats du monde et les Jeux paralympiques.<\/p>\n<p>Les programmes des \u00e9quipes nationales seniors f\u00e9minine et masculine ont \u00e9t\u00e9 acclam\u00e9s \u00e0 l&rsquo;\u00e9chelon international, non seulement pour leurs classements continuellement dignes du podium en comp\u00e9tition internationale, mais aussi pour leurs efforts continus en vue de perp\u00e9tuellement d\u00e9finir et red\u00e9finir les limites de la haute performance en ce qui a trait au basketball en fauteuil roulant.<\/p>\n<h4>R\u00e9serves d\u2019athl\u00e8tes<\/h4>\n<p>Les r\u00e9serves d\u2019athl\u00e8tes des \u00e9quipes nationales sont compos\u00e9es d\u2019un groupe d\u2019athl\u00e8tes identifi\u00e9s parmi les athl\u00e8tes d\u2019\u00e9lite les mieux class\u00e9s en basketball en fauteuil roulant au Canada. Ces athl\u00e8tes d\u2019\u00e9lite s\u00e9lectionn\u00e9s font partie du programme de l&rsquo;\u00e9quipe national de BFRC, qui offre un entra\u00eenement sp\u00e9cialis\u00e9 et intensif ainsi que des possibilit\u00e9s accrues de comp\u00e9tition, en plus de la chance de participer \u00e0 des comp\u00e9titions internationales.<\/p>\n<div class=\"entry-header\">\n<h3 class=\"entry-title\">Programme de la prochaine g\u00e9n\u00e9ration<\/h3>\n<\/div>\n<div class=\"entry-content\">Le programme de la prochaine g\u00e9n\u00e9ration de basketball en fauteuil roulant repr\u00e9sente un \u00e9l\u00e9ment essentiel de nos \u00e9quipes nationales seniors et sert de point d\u2019entr\u00e9e aux athl\u00e8tes qui aspirent \u00e0 jouer pour \u00c9quipe Canada. Plus d&rsquo;informations sur la programme de la prochaine g\u00e9n\u00e9ration cliquez <a href=\"https:\/\/www.wheelchairbasketball.ca\/fr\/programme-de-la-prochaine-generation\/?t=\">ici<\/a>.<\/div>\n<h3>Centre national d&rsquo;entra\u00eenement<\/h3>\n<p>Le Centre national d&rsquo;entra\u00eenement de BFRC est un centre d\u2019entra\u00eenement quotidien ouvert \u00e0 plein temps, \u00e0 l\u2019intention des athl\u00e8tes de haute performance de basketball en fauteuil roulant. Le Centre national d&rsquo;entra\u00eenement offre un environnement pour le d\u00e9veloppement acc\u00e9l\u00e9r\u00e9 des athl\u00e8tes, entra\u00eeneurs et officiels en vue de repr\u00e9senter le Canada et s&rsquo;efforce d\u2019\u00eatre le centre le plus int\u00e9gr\u00e9, innovateur et efficace au monde, pour assurer un succ\u00e8s continu digne du podium au basketball en fauteuil roulant.<\/p>\n<p>Le Centre national d&rsquo;entra\u00eenement est situ\u00e9 au Toronto Pan Am Sports Centre \u00e0 Scarborough, en Ontario. Il accueille plusieurs \u00e9v\u00e9nements, dont des camps de s\u00e9lection et d\u2019entra\u00eenement pour le programme de l\u2019\u00e9quipe nationale canadienne, des camps de rep\u00e9rage du talent, des tournois d\u2019exhibition et des stages pour les entra\u00eeneurs et les officiels techniques.<\/p>\n<p>Pour une liste compl\u00e8te des \u00e9v\u00e9nements \u00e0 venir \u00e0 l\u2019Acad\u00e9mie nationale, veuillez consulter la\u00a0<a href=\"https:\/\/www.wheelchairbasketball.ca\/fr\/evenements\/liste-devenements\/\">Liste d\u2019\u00e9v\u00e9nements<\/a>.<\/p>\n","protected":false},"excerpt":{"rendered":"Le Programme de haute performance de Basketball en fauteuil roulant Canada fonctionne\u00a0afin d\u2019assurer que nos athl\u00e8tes ont toutes les occasions possibles d\u2019exceller \u00e0 un niveau d\u2019\u00e9lite. Le Canada est reconnu \u00e0 titre de chef de file international et le basketball en fauteuil roulant canadien est devenu synonyme de la valeur de joueurs et de joueuses [&hellip;]","protected":false},"author":4,"featured_media":21741,"parent":1539,"menu_order":1,"comment_status":"closed","ping_status":"closed","template":"","meta":{"om_disable_all_campaigns":false,"_monsterinsights_skip_tracking":false,"_monsterinsights_sitenote_active":false,"_monsterinsights_sitenote_note":"","_monsterinsights_sitenote_category":0,"footnotes":""},"acf":[],"yoast_head":"<!-- This site is optimized with the Yoast SEO plugin v21.9.1 - https:\/\/yoast.com\/wordpress\/plugins\/seo\/ -->\n<title>Haute performance - Wheelchair Basketball Canada<\/title>\n<meta name=\"robots\" content=\"index, follow, max-snippet:-1, max-image-preview:large, max-video-preview:-1\" \/>\n<link rel=\"canonical\" href=\"https:\/\/www.wheelchairbasketball.ca\/fr\/equipe-canada\/haute-performance\/\" \/>\n<meta property=\"og:locale\" content=\"fr_FR\" \/>\n<meta property=\"og:type\" content=\"article\" \/>\n<meta property=\"og:title\" content=\"Haute performance - Wheelchair Basketball Canada\" \/>\n<meta property=\"og:description\" content=\"Le Programme de haute performance de Basketball en fauteuil roulant Canada fonctionne\u00a0afin d\u2019assurer que nos athl\u00e8tes ont toutes les occasions possibles d\u2019exceller \u00e0 un niveau d\u2019\u00e9lite. Le Canada est reconnu \u00e0 titre de chef de file international et le basketball en fauteuil roulant canadien est devenu synonyme de la valeur de joueurs et de joueuses [&hellip;]\" \/>\n<meta property=\"og:url\" content=\"https:\/\/www.wheelchairbasketball.ca\/fr\/equipe-canada\/haute-performance\/\" \/>\n<meta property=\"og:site_name\" content=\"Wheelchair Basketball Canada\" \/>\n<meta property=\"article:publisher\" content=\"http:\/\/www.facebook.com\/wheelchairbasketball\" \/>\n<meta property=\"article:modified_time\" content=\"2024-11-20T22:09:22+00:00\" \/>\n<meta property=\"og:image\" content=\"https:\/\/www.wheelchairbasketball.ca\/wp-content\/uploads\/2024\/10\/20230518-AR-294-1400x600-1.png\" \/>\n\t<meta property=\"og:image:width\" content=\"1400\" \/>\n\t<meta property=\"og:image:height\" content=\"600\" \/>\n\t<meta property=\"og:image:type\" content=\"image\/png\" \/>\n<meta name=\"twitter:card\" content=\"summary_large_image\" \/>\n<meta name=\"twitter:site\" content=\"@WCBballCanada\" \/>\n<meta name=\"twitter:label1\" content=\"Dur\u00e9e de lecture estim\u00e9e\" \/>\n\t<meta name=\"twitter:data1\" content=\"3 minutes\" \/>\n<script type=\"application\/ld+json\" class=\"yoast-schema-graph\">{\"@context\":\"https:\/\/schema.org\",\"@graph\":[{\"@type\":\"WebPage\",\"@id\":\"https:\/\/www.wheelchairbasketball.ca\/fr\/equipe-canada\/haute-performance\/\",\"url\":\"https:\/\/www.wheelchairbasketball.ca\/fr\/equipe-canada\/haute-performance\/\",\"name\":\"Haute performance - Wheelchair Basketball Canada\",\"isPartOf\":{\"@id\":\"https:\/\/www.wheelchairbasketball.ca\/#website\"},\"datePublished\":\"2015-04-01T13:01:23+00:00\",\"dateModified\":\"2024-11-20T22:09:22+00:00\",\"breadcrumb\":{\"@id\":\"https:\/\/www.wheelchairbasketball.ca\/fr\/equipe-canada\/haute-performance\/#breadcrumb\"},\"inLanguage\":\"fr-FR\",\"potentialAction\":[{\"@type\":\"ReadAction\",\"target\":[\"https:\/\/www.wheelchairbasketball.ca\/fr\/equipe-canada\/haute-performance\/\"]}]},{\"@type\":\"BreadcrumbList\",\"@id\":\"https:\/\/www.wheelchairbasketball.ca\/fr\/equipe-canada\/haute-performance\/#breadcrumb\",\"itemListElement\":[{\"@type\":\"ListItem\",\"position\":1,\"name\":\"Home\",\"item\":\"https:\/\/www.wheelchairbasketball.ca\/fr\/\"},{\"@type\":\"ListItem\",\"position\":2,\"name\":\"\u00c9quipe Canada\",\"item\":\"https:\/\/www.wheelchairbasketball.ca\/fr\/equipe-canada\/\"},{\"@type\":\"ListItem\",\"position\":3,\"name\":\"Haute performance\"}]},{\"@type\":\"WebSite\",\"@id\":\"https:\/\/www.wheelchairbasketball.ca\/#website\",\"url\":\"https:\/\/www.wheelchairbasketball.ca\/\",\"name\":\"Wheelchair Basketball Canada\",\"description\":\"Real Life. Real Sport.\",\"potentialAction\":[{\"@type\":\"SearchAction\",\"target\":{\"@type\":\"EntryPoint\",\"urlTemplate\":\"https:\/\/www.wheelchairbasketball.ca\/?s={search_term_string}\"},\"query-input\":\"required name=search_term_string\"}],\"inLanguage\":\"fr-FR\"}]}<\/script>\n<!-- \/ Yoast SEO plugin. -->","yoast_head_json":{"title":"Haute performance - Wheelchair Basketball Canada","robots":{"index":"index","follow":"follow","max-snippet":"max-snippet:-1","max-image-preview":"max-image-preview:large","max-video-preview":"max-video-preview:-1"},"canonical":"https:\/\/www.wheelchairbasketball.ca\/fr\/equipe-canada\/haute-performance\/","og_locale":"fr_FR","og_type":"article","og_title":"Haute performance - Wheelchair Basketball Canada","og_description":"Le Programme de haute performance de Basketball en fauteuil roulant Canada fonctionne\u00a0afin d\u2019assurer que nos athl\u00e8tes ont toutes les occasions possibles d\u2019exceller \u00e0 un niveau d\u2019\u00e9lite. Le Canada est reconnu \u00e0 titre de chef de file international et le basketball en fauteuil roulant canadien est devenu synonyme de la valeur de joueurs et de joueuses [&hellip;]","og_url":"https:\/\/www.wheelchairbasketball.ca\/fr\/equipe-canada\/haute-performance\/","og_site_name":"Wheelchair Basketball Canada","article_publisher":"http:\/\/www.facebook.com\/wheelchairbasketball","article_modified_time":"2024-11-20T22:09:22+00:00","og_image":[{"width":1400,"height":600,"url":"https:\/\/www.wheelchairbasketball.ca\/wp-content\/uploads\/2024\/10\/20230518-AR-294-1400x600-1.png","type":"image\/png"}],"twitter_card":"summary_large_image","twitter_site":"@WCBballCanada","twitter_misc":{"Dur\u00e9e de lecture estim\u00e9e":"3 minutes"},"schema":{"@context":"https:\/\/schema.org","@graph":[{"@type":"WebPage","@id":"https:\/\/www.wheelchairbasketball.ca\/fr\/equipe-canada\/haute-performance\/","url":"https:\/\/www.wheelchairbasketball.ca\/fr\/equipe-canada\/haute-performance\/","name":"Haute performance - Wheelchair Basketball Canada","isPartOf":{"@id":"https:\/\/www.wheelchairbasketball.ca\/#website"},"datePublished":"2015-04-01T13:01:23+00:00","dateModified":"2024-11-20T22:09:22+00:00","breadcrumb":{"@id":"https:\/\/www.wheelchairbasketball.ca\/fr\/equipe-canada\/haute-performance\/#breadcrumb"},"inLanguage":"fr-FR","potentialAction":[{"@type":"ReadAction","target":["https:\/\/www.wheelchairbasketball.ca\/fr\/equipe-canada\/haute-performance\/"]}]},{"@type":"BreadcrumbList","@id":"https:\/\/www.wheelchairbasketball.ca\/fr\/equipe-canada\/haute-performance\/#breadcrumb","itemListElement":[{"@type":"ListItem","position":1,"name":"Home","item":"https:\/\/www.wheelchairbasketball.ca\/fr\/"},{"@type":"ListItem","position":2,"name":"\u00c9quipe Canada","item":"https:\/\/www.wheelchairbasketball.ca\/fr\/equipe-canada\/"},{"@type":"ListItem","position":3,"name":"Haute performance"}]},{"@type":"WebSite","@id":"https:\/\/www.wheelchairbasketball.ca\/#website","url":"https:\/\/www.wheelchairbasketball.ca\/","name":"Wheelchair Basketball Canada","description":"Real Life. Real Sport.","potentialAction":[{"@type":"SearchAction","target":{"@type":"EntryPoint","urlTemplate":"https:\/\/www.wheelchairbasketball.ca\/?s={search_term_string}"},"query-input":"required name=search_term_string"}],"inLanguage":"fr-FR"}]}},"_links":{"self":[{"href":"https:\/\/www.wheelchairbasketball.ca\/fr\/wp-json\/wp\/v2\/pages\/1518"}],"collection":[{"href":"https:\/\/www.wheelchairbasketball.ca\/fr\/wp-json\/wp\/v2\/pages"}],"about":[{"href":"https:\/\/www.wheelchairbasketball.ca\/fr\/wp-json\/wp\/v2\/types\/page"}],"author":[{"embeddable":true,"href":"https:\/\/www.wheelchairbasketball.ca\/fr\/wp-json\/wp\/v2\/users\/4"}],"replies":[{"embeddable":true,"href":"https:\/\/www.wheelchairbasketball.ca\/fr\/wp-json\/wp\/v2\/comments?post=1518"}],"version-history":[{"count":10,"href":"https:\/\/www.wheelchairbasketball.ca\/fr\/wp-json\/wp\/v2\/pages\/1518\/revisions"}],"predecessor-version":[{"id":22124,"href":"https:\/\/www.wheelchairbasketball.ca\/fr\/wp-json\/wp\/v2\/pages\/1518\/revisions\/22124"}],"up":[{"embeddable":true,"href":"https:\/\/www.wheelchairbasketball.ca\/fr\/wp-json\/wp\/v2\/pages\/1539"}],"wp:featuredmedia":[{"embeddable":true,"href":"https:\/\/www.wheelchairbasketball.ca\/fr\/wp-json\/wp\/v2\/media\/21741"}],"wp:attachment":[{"href":"https:\/\/www.wheelchairbasketball.ca\/fr\/wp-json\/wp\/v2\/media?parent=1518"}],"curies":[{"name":"wp","href":"https:\/\/api.w.org\/{rel}","templated":true}]}}