{"id":1521,"date":"2015-04-01T13:04:33","date_gmt":"2015-04-01T13:04:33","guid":{"rendered":"https:\/\/www.wheelchairbasketball.ca\/?page_id=1521"},"modified":"2025-05-07T13:47:52","modified_gmt":"2025-05-07T13:47:52","slug":"equipe-nationale-masculine-senior","status":"publish","type":"page","link":"https:\/\/www.wheelchairbasketball.ca\/fr\/equipe-canada\/equipe-nationale-masculine-senior\/","title":{"rendered":"\u00c9quipe nationale masculine senior"},"content":{"rendered":"<p>Le Canada participe aux comp\u00e9titions internationales de basketball en fauteuil roulant depuis les Jeux internationaux Stoke Mandeville, tenus en 1953. Au fil des ans, l\u2019\u00e9quipe nationale masculine senior du Canada est devenue un chef de file mondial, dont la force jouit d\u2019une grande renomm\u00e9e dans le sport gr\u00e2ce \u00e0 ses nombreux succ\u00e8s internationaux, dont des m\u00e9dailles d\u2019or paralympiques en 2000, 2004, et 2012, et une m\u00e9daille d\u2019argent aux Jeux paralympiques de P\u00e9quin, en 2008. Le Canada a aussi remport\u00e9 des m\u00e9dailles d\u2019or au Championnat du monde 2006 ainsi que toute une gamme d\u2019autres comp\u00e9titions au cours de la derni\u00e8re d\u00e9cennie et demie.<\/p>\n<p>Aujourd\u2019hui, l&rsquo;\u00e9quipe nationale masculine senior du Canada est bien \u00e9tablie au nombre des meilleures \u00e9quipes au monde et le programme canadien de haute performance s\u2019est d\u00e9gag\u00e9 comme mod\u00e8le pr\u00e9\u00e9minent de succ\u00e8s. Notre \u00e9quipe se compose d\u2019un groupe de v\u00e9t\u00e9rans chevronn\u00e9s et de jeunes joueurs talentueux qui sont s\u00e9lectionn\u00e9s chaque ann\u00e9e pour repr\u00e9senter le Canada dans un certain nombre de comp\u00e9titions et de tournois internationaux, dans le but ultime de remporter la m\u00e9daille d\u2019or aux \u00e9v\u00e9nements importants, tels que les Championnats du monde (tenus tous les quatre ans) et les Jeux paralympiques (organis\u00e9s conjointement avec les Jeux olympiques, tous les quatre ans).<\/p>\n<h3>Formation de l&rsquo;\u00e9quipe<\/h3>\n<ul>\n<li><a href=\"https:\/\/www.wheelchairbasketball.ca\/fr\/equipe-canada\/equipe-nationale-masculine-senior\/formation-de-lequipe\/\">Formation actuelle<\/a><\/li>\n<\/ul>\n<h3>Principaux succ\u00e8s internationaux<\/h3>\n<h4><img loading=\"lazy\" decoding=\"async\" width=\"345\" height=\"345\" class=\"alignright size-full wp-image-4464\" src=\"https:\/\/www.wheelchairbasketball.ca\/wp-content\/uploads\/2015\/04\/SMNT-Medal-Count-2012-f.jpg\" alt=\"SMNT-Medal-Count-2012-f\" srcset=\"https:\/\/www.wheelchairbasketball.ca\/wp-content\/uploads\/2015\/04\/SMNT-Medal-Count-2012-f.jpg 345w, https:\/\/www.wheelchairbasketball.ca\/wp-content\/uploads\/2015\/04\/SMNT-Medal-Count-2012-f-150x150.jpg 150w, https:\/\/www.wheelchairbasketball.ca\/wp-content\/uploads\/2015\/04\/SMNT-Medal-Count-2012-f-300x300.jpg 300w\" sizes=\"(max-width: 345px) 100vw, 345px\" \/>Jeux paralympiques<\/h4>\n<ul>\n<li>2012 &#8211; Or &#8211; Londres, Grande-Bretagne<\/li>\n<li>2008 &#8211; Argent &#8211; P\u00e9kin, Chine<\/li>\n<li>2004 &#8211; Or &#8211; Ath\u00e8nes, Gr\u00e8ce<\/li>\n<li>2000 &#8211; Or &#8211; Sydney, Australie<\/li>\n<\/ul>\n<h4>Championnats du monde<\/h4>\n<ul>\n<li>2006 &#8211; Or &#8211; Amsterdam, Pays-Bas<\/li>\n<li>2002 &#8211; Bronze &#8211; Kitakyushu, Japon<\/li>\n<li>1998 &#8211; Bronze &#8211; Sydney, Australie<\/li>\n<li>1994 &#8211; Bronze &#8211; Edmonton, Canada<\/li>\n<li>1990 &#8211; Bronze &#8211; Bruges, Belgique<\/li>\n<li>1986 &#8211; Argent &#8211; Melbourne, Australie<\/li>\n<\/ul>\n<h3>Horaire de l&rsquo;\u00e9quipe<\/h3>\n<p>Veuillez visiter la <a href=\"https:\/\/www.wheelchairbasketball.ca\/fr\/evenements\/liste-devenements\/\">liste d&rsquo;\u00e9v\u00e9nements<\/a> pour voir les \u00e9v\u00e9nements \u00e0 venir pour l&rsquo;\u00e9quipe nationale masculine senior.<\/p>\n","protected":false},"excerpt":{"rendered":"Le Canada participe aux comp\u00e9titions internationales de basketball en fauteuil roulant depuis les Jeux internationaux Stoke Mandeville, tenus en 1953. Au fil des ans, l\u2019\u00e9quipe nationale masculine senior du Canada est devenue un chef de file mondial, dont la force jouit d\u2019une grande renomm\u00e9e dans le sport gr\u00e2ce \u00e0 ses nombreux succ\u00e8s internationaux, dont des [&hellip;]","protected":false},"author":4,"featured_media":21747,"parent":1539,"menu_order":2,"comment_status":"closed","ping_status":"closed","template":"page_roster.php","meta":{"om_disable_all_campaigns":false,"_monsterinsights_skip_tracking":false,"_monsterinsights_sitenote_active":false,"_monsterinsights_sitenote_note":"","_monsterinsights_sitenote_category":0,"footnotes":""},"acf":[],"yoast_head":"<!-- This site is optimized with the Yoast SEO plugin v21.9.1 - https:\/\/yoast.com\/wordpress\/plugins\/seo\/ -->\n<title>\u00c9quipe nationale masculine senior - Wheelchair Basketball Canada<\/title>\n<meta name=\"robots\" content=\"index, follow, max-snippet:-1, max-image-preview:large, max-video-preview:-1\" \/>\n<link rel=\"canonical\" href=\"https:\/\/www.wheelchairbasketball.ca\/fr\/equipe-canada\/equipe-nationale-masculine-senior\/\" \/>\n<meta property=\"og:locale\" content=\"fr_FR\" \/>\n<meta property=\"og:type\" content=\"article\" \/>\n<meta property=\"og:title\" content=\"\u00c9quipe nationale masculine senior - Wheelchair Basketball Canada\" \/>\n<meta property=\"og:description\" content=\"Le Canada participe aux comp\u00e9titions internationales de basketball en fauteuil roulant depuis les Jeux internationaux Stoke Mandeville, tenus en 1953. Au fil des ans, l\u2019\u00e9quipe nationale masculine senior du Canada est devenue un chef de file mondial, dont la force jouit d\u2019une grande renomm\u00e9e dans le sport gr\u00e2ce \u00e0 ses nombreux succ\u00e8s internationaux, dont des [&hellip;]\" \/>\n<meta property=\"og:url\" content=\"https:\/\/www.wheelchairbasketball.ca\/fr\/equipe-canada\/equipe-nationale-masculine-senior\/\" \/>\n<meta property=\"og:site_name\" content=\"Wheelchair Basketball Canada\" \/>\n<meta property=\"article:publisher\" content=\"http:\/\/www.facebook.com\/wheelchairbasketball\" \/>\n<meta property=\"article:modified_time\" content=\"2025-05-07T13:47:52+00:00\" \/>\n<meta property=\"og:image\" content=\"https:\/\/www.wheelchairbasketball.ca\/wp-content\/uploads\/2024\/10\/53656229713_eac135e62d_o-1400x600-1.png\" \/>\n\t<meta property=\"og:image:width\" content=\"1400\" \/>\n\t<meta property=\"og:image:height\" content=\"600\" \/>\n\t<meta property=\"og:image:type\" content=\"image\/png\" \/>\n<meta name=\"twitter:card\" content=\"summary_large_image\" \/>\n<meta name=\"twitter:site\" content=\"@WCBballCanada\" \/>\n<meta name=\"twitter:label1\" content=\"Dur\u00e9e de lecture estim\u00e9e\" \/>\n\t<meta name=\"twitter:data1\" content=\"2 minutes\" \/>\n<script type=\"application\/ld+json\" class=\"yoast-schema-graph\">{\"@context\":\"https:\/\/schema.org\",\"@graph\":[{\"@type\":\"WebPage\",\"@id\":\"https:\/\/www.wheelchairbasketball.ca\/fr\/equipe-canada\/equipe-nationale-masculine-senior\/\",\"url\":\"https:\/\/www.wheelchairbasketball.ca\/fr\/equipe-canada\/equipe-nationale-masculine-senior\/\",\"name\":\"\u00c9quipe nationale masculine senior - Wheelchair Basketball Canada\",\"isPartOf\":{\"@id\":\"https:\/\/www.wheelchairbasketball.ca\/#website\"},\"datePublished\":\"2015-04-01T13:04:33+00:00\",\"dateModified\":\"2025-05-07T13:47:52+00:00\",\"breadcrumb\":{\"@id\":\"https:\/\/www.wheelchairbasketball.ca\/fr\/equipe-canada\/equipe-nationale-masculine-senior\/#breadcrumb\"},\"inLanguage\":\"fr-FR\",\"potentialAction\":[{\"@type\":\"ReadAction\",\"target\":[\"https:\/\/www.wheelchairbasketball.ca\/fr\/equipe-canada\/equipe-nationale-masculine-senior\/\"]}]},{\"@type\":\"BreadcrumbList\",\"@id\":\"https:\/\/www.wheelchairbasketball.ca\/fr\/equipe-canada\/equipe-nationale-masculine-senior\/#breadcrumb\",\"itemListElement\":[{\"@type\":\"ListItem\",\"position\":1,\"name\":\"Home\",\"item\":\"https:\/\/www.wheelchairbasketball.ca\/fr\/\"},{\"@type\":\"ListItem\",\"position\":2,\"name\":\"\u00c9quipe Canada\",\"item\":\"https:\/\/www.wheelchairbasketball.ca\/fr\/equipe-canada\/\"},{\"@type\":\"ListItem\",\"position\":3,\"name\":\"\u00c9quipe nationale masculine senior\"}]},{\"@type\":\"WebSite\",\"@id\":\"https:\/\/www.wheelchairbasketball.ca\/#website\",\"url\":\"https:\/\/www.wheelchairbasketball.ca\/\",\"name\":\"Wheelchair Basketball Canada\",\"description\":\"Real Life. Real Sport.\",\"potentialAction\":[{\"@type\":\"SearchAction\",\"target\":{\"@type\":\"EntryPoint\",\"urlTemplate\":\"https:\/\/www.wheelchairbasketball.ca\/?s={search_term_string}\"},\"query-input\":\"required name=search_term_string\"}],\"inLanguage\":\"fr-FR\"}]}<\/script>\n<!-- \/ Yoast SEO plugin. -->","yoast_head_json":{"title":"\u00c9quipe nationale masculine senior - Wheelchair Basketball Canada","robots":{"index":"index","follow":"follow","max-snippet":"max-snippet:-1","max-image-preview":"max-image-preview:large","max-video-preview":"max-video-preview:-1"},"canonical":"https:\/\/www.wheelchairbasketball.ca\/fr\/equipe-canada\/equipe-nationale-masculine-senior\/","og_locale":"fr_FR","og_type":"article","og_title":"\u00c9quipe nationale masculine senior - Wheelchair Basketball Canada","og_description":"Le Canada participe aux comp\u00e9titions internationales de basketball en fauteuil roulant depuis les Jeux internationaux Stoke Mandeville, tenus en 1953. Au fil des ans, l\u2019\u00e9quipe nationale masculine senior du Canada est devenue un chef de file mondial, dont la force jouit d\u2019une grande renomm\u00e9e dans le sport gr\u00e2ce \u00e0 ses nombreux succ\u00e8s internationaux, dont des [&hellip;]","og_url":"https:\/\/www.wheelchairbasketball.ca\/fr\/equipe-canada\/equipe-nationale-masculine-senior\/","og_site_name":"Wheelchair Basketball Canada","article_publisher":"http:\/\/www.facebook.com\/wheelchairbasketball","article_modified_time":"2025-05-07T13:47:52+00:00","og_image":[{"width":1400,"height":600,"url":"https:\/\/www.wheelchairbasketball.ca\/wp-content\/uploads\/2024\/10\/53656229713_eac135e62d_o-1400x600-1.png","type":"image\/png"}],"twitter_card":"summary_large_image","twitter_site":"@WCBballCanada","twitter_misc":{"Dur\u00e9e de lecture estim\u00e9e":"2 minutes"},"schema":{"@context":"https:\/\/schema.org","@graph":[{"@type":"WebPage","@id":"https:\/\/www.wheelchairbasketball.ca\/fr\/equipe-canada\/equipe-nationale-masculine-senior\/","url":"https:\/\/www.wheelchairbasketball.ca\/fr\/equipe-canada\/equipe-nationale-masculine-senior\/","name":"\u00c9quipe nationale masculine senior - Wheelchair Basketball Canada","isPartOf":{"@id":"https:\/\/www.wheelchairbasketball.ca\/#website"},"datePublished":"2015-04-01T13:04:33+00:00","dateModified":"2025-05-07T13:47:52+00:00","breadcrumb":{"@id":"https:\/\/www.wheelchairbasketball.ca\/fr\/equipe-canada\/equipe-nationale-masculine-senior\/#breadcrumb"},"inLanguage":"fr-FR","potentialAction":[{"@type":"ReadAction","target":["https:\/\/www.wheelchairbasketball.ca\/fr\/equipe-canada\/equipe-nationale-masculine-senior\/"]}]},{"@type":"BreadcrumbList","@id":"https:\/\/www.wheelchairbasketball.ca\/fr\/equipe-canada\/equipe-nationale-masculine-senior\/#breadcrumb","itemListElement":[{"@type":"ListItem","position":1,"name":"Home","item":"https:\/\/www.wheelchairbasketball.ca\/fr\/"},{"@type":"ListItem","position":2,"name":"\u00c9quipe Canada","item":"https:\/\/www.wheelchairbasketball.ca\/fr\/equipe-canada\/"},{"@type":"ListItem","position":3,"name":"\u00c9quipe nationale masculine senior"}]},{"@type":"WebSite","@id":"https:\/\/www.wheelchairbasketball.ca\/#website","url":"https:\/\/www.wheelchairbasketball.ca\/","name":"Wheelchair Basketball Canada","description":"Real Life. Real Sport.","potentialAction":[{"@type":"SearchAction","target":{"@type":"EntryPoint","urlTemplate":"https:\/\/www.wheelchairbasketball.ca\/?s={search_term_string}"},"query-input":"required name=search_term_string"}],"inLanguage":"fr-FR"}]}},"_links":{"self":[{"href":"https:\/\/www.wheelchairbasketball.ca\/fr\/wp-json\/wp\/v2\/pages\/1521"}],"collection":[{"href":"https:\/\/www.wheelchairbasketball.ca\/fr\/wp-json\/wp\/v2\/pages"}],"about":[{"href":"https:\/\/www.wheelchairbasketball.ca\/fr\/wp-json\/wp\/v2\/types\/page"}],"author":[{"embeddable":true,"href":"https:\/\/www.wheelchairbasketball.ca\/fr\/wp-json\/wp\/v2\/users\/4"}],"replies":[{"embeddable":true,"href":"https:\/\/www.wheelchairbasketball.ca\/fr\/wp-json\/wp\/v2\/comments?post=1521"}],"version-history":[{"count":10,"href":"https:\/\/www.wheelchairbasketball.ca\/fr\/wp-json\/wp\/v2\/pages\/1521\/revisions"}],"predecessor-version":[{"id":24224,"href":"https:\/\/www.wheelchairbasketball.ca\/fr\/wp-json\/wp\/v2\/pages\/1521\/revisions\/24224"}],"up":[{"embeddable":true,"href":"https:\/\/www.wheelchairbasketball.ca\/fr\/wp-json\/wp\/v2\/pages\/1539"}],"wp:featuredmedia":[{"embeddable":true,"href":"https:\/\/www.wheelchairbasketball.ca\/fr\/wp-json\/wp\/v2\/media\/21747"}],"wp:attachment":[{"href":"https:\/\/www.wheelchairbasketball.ca\/fr\/wp-json\/wp\/v2\/media?parent=1521"}],"curies":[{"name":"wp","href":"https:\/\/api.w.org\/{rel}","templated":true}]}}