{"id":1525,"date":"2015-04-01T13:06:35","date_gmt":"2015-04-01T13:06:35","guid":{"rendered":"https:\/\/www.wheelchairbasketball.ca\/?page_id=1525"},"modified":"2025-05-07T13:46:43","modified_gmt":"2025-05-07T13:46:43","slug":"equipe-nationale-feminine-senior","status":"publish","type":"page","link":"https:\/\/www.wheelchairbasketball.ca\/fr\/equipe-canada\/equipe-nationale-feminine-senior\/","title":{"rendered":"\u00c9quipe nationale f\u00e9minine senior"},"content":{"rendered":"<p>L\u2019\u00e9quipe nationale f\u00e9minine senior du Canada compte au nombre des \u00e9quipes les plus couronn\u00e9es de succ\u00e8s de l\u2019histoire enti\u00e8re du sport amateur canadien. Peu d\u2019\u00e9quipes canadiennes, \u00e0 l\u2019exception du hockey et du curling, n\u2019ont r\u00e9ussi \u00e0 arriver \u00e0 \u00e9galer le niveau de succ\u00e8s et la pure pr\u00e9dominance des Canadiennes en comp\u00e9tition internationale.<\/p>\n<p>Le Canada est la seule \u00e9quipe de basketball en fauteuil roulant qui a remport\u00e9 trois m\u00e9dailles d\u2019or paralympiques cons\u00e9cutives (en 1992, 1996 et 2000) et quatre Championnats du monde de suite (en 1994, 1998, 2002 et 2006). Depuis sa performance m\u00e9daill\u00e9e d\u2019or aux Jeux paralympiques de Barcelone en 1992, le Canada est demeur\u00e9 invaincu, incroyablement pendant toute une d\u00e9cennie, durant laquelle l\u2019\u00e9quipe s\u2019est \u00e9tablie comme perp\u00e9tuelle favorite \u00e0 chaque importante comp\u00e9tition internationale et son programme est devenu l\u2019un des mieux respect\u00e9s dans le monde entier.<\/p>\n<p>Aujourd\u2019hui, l&rsquo;\u00e9quipe nationale f\u00e9minine senior du Canada est tenue en grande estime et sa force doit \u00eatre prise en compte, gr\u00e2ce en partie au leadership d\u2019un groupe solide de v\u00e9t\u00e9rans et de nouveaux talents. L\u2019\u00e9quipe est s\u00e9lectionn\u00e9e annuellement pour repr\u00e9senter le Canada dans un certain nombre de comp\u00e9titions et de tournois internationaux, dans le but ultime de remporter la m\u00e9daille d\u2019or aux \u00e9v\u00e9nements importants, tels que les Championnats du monde (tenus tous les quatre ans) et les Jeux paralympiques (organis\u00e9s conjointement avec les Jeux olympiques, tous les quatre ans).<\/p>\n<h3>Formation de l&rsquo;\u00e9quipe<\/h3>\n<ul>\n<li><a href=\"https:\/\/www.wheelchairbasketball.ca\/fr\/equipe-canada\/equipe-nationale-feminine-senior\/formation-de-lequipe\/\">Formation de l&rsquo;\u00e9quipe<\/a><\/li>\n<\/ul>\n<h3>Principaux succ\u00e8s internationaux<\/h3>\n<h4><img loading=\"lazy\" decoding=\"async\" width=\"345\" height=\"345\" class=\"alignright size-full wp-image-4442\" src=\"https:\/\/www.wheelchairbasketball.ca\/wp-content\/uploads\/2015\/04\/SWNT-Medal-Count-2014-f.jpg\" alt=\"SWNT-Medal-Count-2014-f\" srcset=\"https:\/\/www.wheelchairbasketball.ca\/wp-content\/uploads\/2015\/04\/SWNT-Medal-Count-2014-f.jpg 345w, https:\/\/www.wheelchairbasketball.ca\/wp-content\/uploads\/2015\/04\/SWNT-Medal-Count-2014-f-150x150.jpg 150w, https:\/\/www.wheelchairbasketball.ca\/wp-content\/uploads\/2015\/04\/SWNT-Medal-Count-2014-f-300x300.jpg 300w\" sizes=\"(max-width: 345px) 100vw, 345px\" \/>Jeux paralympiques<\/h4>\n<ul>\n<li>2004 &#8211; Bronze &#8211; Ath\u00e8nes, Gr\u00e8ce<\/li>\n<li>2000 &#8211; Or &#8211; Sydney, Australie<\/li>\n<li>1996 &#8211; Or &#8211; Atlanta, \u00c9tats-Unis<\/li>\n<li>1992 &#8211; Or &#8211; Barcelone, Espagne<\/li>\n<\/ul>\n<h4>Championnats du monde<\/h4>\n<ul>\n<li>2014 &#8211; Or &#8211; Toronto, Canada<\/li>\n<li>2010 &#8211; Bronze &#8211; Birmingham, Grande-Bretagne<\/li>\n<li>2006 &#8211; Or &#8211; Amsterdam, les Pays-Bas<\/li>\n<li>2002 &#8211; Or &#8211; Kitakyushu, Japon<\/li>\n<li>1998 &#8211; Or &#8211; Sydney, Australie<\/li>\n<li>1994 &#8211; Or &#8211; Stoke Mandeville, Grande-Bretagne<\/li>\n<li>1990 &#8211; Bronze &#8211; St-Etienne, France<\/li>\n<\/ul>\n<h3>Horaire de l\u2019\u00e9quipe<\/h3>\n<p>Veuillez visiter la\u00a0<a href=\"https:\/\/www.wheelchairbasketball.ca\/fr\/evenements\/liste-devenements\/\">liste d\u2019\u00e9v\u00e9nements<\/a>\u00a0pour voir les \u00e9v\u00e9nements \u00e0 venir pour l\u2019\u00e9quipe nationale f\u00e9minine senior.<\/p>\n","protected":false},"excerpt":{"rendered":"L\u2019\u00e9quipe nationale f\u00e9minine senior du Canada compte au nombre des \u00e9quipes les plus couronn\u00e9es de succ\u00e8s de l\u2019histoire enti\u00e8re du sport amateur canadien. Peu d\u2019\u00e9quipes canadiennes, \u00e0 l\u2019exception du hockey et du curling, n\u2019ont r\u00e9ussi \u00e0 arriver \u00e0 \u00e9galer le niveau de succ\u00e8s et la pure pr\u00e9dominance des Canadiennes en comp\u00e9tition internationale. Le Canada est [&hellip;]","protected":false},"author":4,"featured_media":21749,"parent":1539,"menu_order":3,"comment_status":"closed","ping_status":"closed","template":"page_roster.php","meta":{"om_disable_all_campaigns":false,"_monsterinsights_skip_tracking":false,"_monsterinsights_sitenote_active":false,"_monsterinsights_sitenote_note":"","_monsterinsights_sitenote_category":0,"footnotes":""},"acf":[],"yoast_head":"<!-- This site is optimized with the Yoast SEO plugin v21.9.1 - https:\/\/yoast.com\/wordpress\/plugins\/seo\/ -->\n<title>\u00c9quipe nationale f\u00e9minine senior - Wheelchair Basketball Canada<\/title>\n<meta name=\"robots\" content=\"index, follow, max-snippet:-1, max-image-preview:large, max-video-preview:-1\" \/>\n<link rel=\"canonical\" href=\"https:\/\/www.wheelchairbasketball.ca\/fr\/equipe-canada\/equipe-nationale-feminine-senior\/\" \/>\n<meta property=\"og:locale\" content=\"fr_FR\" \/>\n<meta property=\"og:type\" content=\"article\" \/>\n<meta property=\"og:title\" content=\"\u00c9quipe nationale f\u00e9minine senior - Wheelchair Basketball Canada\" \/>\n<meta property=\"og:description\" content=\"L\u2019\u00e9quipe nationale f\u00e9minine senior du Canada compte au nombre des \u00e9quipes les plus couronn\u00e9es de succ\u00e8s de l\u2019histoire enti\u00e8re du sport amateur canadien. Peu d\u2019\u00e9quipes canadiennes, \u00e0 l\u2019exception du hockey et du curling, n\u2019ont r\u00e9ussi \u00e0 arriver \u00e0 \u00e9galer le niveau de succ\u00e8s et la pure pr\u00e9dominance des Canadiennes en comp\u00e9tition internationale. Le Canada est [&hellip;]\" \/>\n<meta property=\"og:url\" content=\"https:\/\/www.wheelchairbasketball.ca\/fr\/equipe-canada\/equipe-nationale-feminine-senior\/\" \/>\n<meta property=\"og:site_name\" content=\"Wheelchair Basketball Canada\" \/>\n<meta property=\"article:publisher\" content=\"http:\/\/www.facebook.com\/wheelchairbasketball\" \/>\n<meta property=\"article:modified_time\" content=\"2025-05-07T13:46:43+00:00\" \/>\n<meta property=\"og:image\" content=\"https:\/\/www.wheelchairbasketball.ca\/wp-content\/uploads\/2024\/10\/ed745934-8a1d-4ffe-8359-deaa73025c62-1400x600-1.png\" \/>\n\t<meta property=\"og:image:width\" content=\"1400\" \/>\n\t<meta property=\"og:image:height\" content=\"600\" \/>\n\t<meta property=\"og:image:type\" content=\"image\/png\" \/>\n<meta name=\"twitter:card\" content=\"summary_large_image\" \/>\n<meta name=\"twitter:site\" content=\"@WCBballCanada\" \/>\n<meta name=\"twitter:label1\" content=\"Dur\u00e9e de lecture estim\u00e9e\" \/>\n\t<meta name=\"twitter:data1\" content=\"2 minutes\" \/>\n<script type=\"application\/ld+json\" class=\"yoast-schema-graph\">{\"@context\":\"https:\/\/schema.org\",\"@graph\":[{\"@type\":\"WebPage\",\"@id\":\"https:\/\/www.wheelchairbasketball.ca\/fr\/equipe-canada\/equipe-nationale-feminine-senior\/\",\"url\":\"https:\/\/www.wheelchairbasketball.ca\/fr\/equipe-canada\/equipe-nationale-feminine-senior\/\",\"name\":\"\u00c9quipe nationale f\u00e9minine senior - Wheelchair Basketball Canada\",\"isPartOf\":{\"@id\":\"https:\/\/www.wheelchairbasketball.ca\/#website\"},\"datePublished\":\"2015-04-01T13:06:35+00:00\",\"dateModified\":\"2025-05-07T13:46:43+00:00\",\"breadcrumb\":{\"@id\":\"https:\/\/www.wheelchairbasketball.ca\/fr\/equipe-canada\/equipe-nationale-feminine-senior\/#breadcrumb\"},\"inLanguage\":\"fr-FR\",\"potentialAction\":[{\"@type\":\"ReadAction\",\"target\":[\"https:\/\/www.wheelchairbasketball.ca\/fr\/equipe-canada\/equipe-nationale-feminine-senior\/\"]}]},{\"@type\":\"BreadcrumbList\",\"@id\":\"https:\/\/www.wheelchairbasketball.ca\/fr\/equipe-canada\/equipe-nationale-feminine-senior\/#breadcrumb\",\"itemListElement\":[{\"@type\":\"ListItem\",\"position\":1,\"name\":\"Home\",\"item\":\"https:\/\/www.wheelchairbasketball.ca\/fr\/\"},{\"@type\":\"ListItem\",\"position\":2,\"name\":\"\u00c9quipe Canada\",\"item\":\"https:\/\/www.wheelchairbasketball.ca\/fr\/equipe-canada\/\"},{\"@type\":\"ListItem\",\"position\":3,\"name\":\"\u00c9quipe nationale f\u00e9minine senior\"}]},{\"@type\":\"WebSite\",\"@id\":\"https:\/\/www.wheelchairbasketball.ca\/#website\",\"url\":\"https:\/\/www.wheelchairbasketball.ca\/\",\"name\":\"Wheelchair Basketball Canada\",\"description\":\"Real Life. Real Sport.\",\"potentialAction\":[{\"@type\":\"SearchAction\",\"target\":{\"@type\":\"EntryPoint\",\"urlTemplate\":\"https:\/\/www.wheelchairbasketball.ca\/?s={search_term_string}\"},\"query-input\":\"required name=search_term_string\"}],\"inLanguage\":\"fr-FR\"}]}<\/script>\n<!-- \/ Yoast SEO plugin. -->","yoast_head_json":{"title":"\u00c9quipe nationale f\u00e9minine senior - Wheelchair Basketball Canada","robots":{"index":"index","follow":"follow","max-snippet":"max-snippet:-1","max-image-preview":"max-image-preview:large","max-video-preview":"max-video-preview:-1"},"canonical":"https:\/\/www.wheelchairbasketball.ca\/fr\/equipe-canada\/equipe-nationale-feminine-senior\/","og_locale":"fr_FR","og_type":"article","og_title":"\u00c9quipe nationale f\u00e9minine senior - Wheelchair Basketball Canada","og_description":"L\u2019\u00e9quipe nationale f\u00e9minine senior du Canada compte au nombre des \u00e9quipes les plus couronn\u00e9es de succ\u00e8s de l\u2019histoire enti\u00e8re du sport amateur canadien. Peu d\u2019\u00e9quipes canadiennes, \u00e0 l\u2019exception du hockey et du curling, n\u2019ont r\u00e9ussi \u00e0 arriver \u00e0 \u00e9galer le niveau de succ\u00e8s et la pure pr\u00e9dominance des Canadiennes en comp\u00e9tition internationale. Le Canada est [&hellip;]","og_url":"https:\/\/www.wheelchairbasketball.ca\/fr\/equipe-canada\/equipe-nationale-feminine-senior\/","og_site_name":"Wheelchair Basketball Canada","article_publisher":"http:\/\/www.facebook.com\/wheelchairbasketball","article_modified_time":"2025-05-07T13:46:43+00:00","og_image":[{"width":1400,"height":600,"url":"https:\/\/www.wheelchairbasketball.ca\/wp-content\/uploads\/2024\/10\/ed745934-8a1d-4ffe-8359-deaa73025c62-1400x600-1.png","type":"image\/png"}],"twitter_card":"summary_large_image","twitter_site":"@WCBballCanada","twitter_misc":{"Dur\u00e9e de lecture estim\u00e9e":"2 minutes"},"schema":{"@context":"https:\/\/schema.org","@graph":[{"@type":"WebPage","@id":"https:\/\/www.wheelchairbasketball.ca\/fr\/equipe-canada\/equipe-nationale-feminine-senior\/","url":"https:\/\/www.wheelchairbasketball.ca\/fr\/equipe-canada\/equipe-nationale-feminine-senior\/","name":"\u00c9quipe nationale f\u00e9minine senior - Wheelchair Basketball Canada","isPartOf":{"@id":"https:\/\/www.wheelchairbasketball.ca\/#website"},"datePublished":"2015-04-01T13:06:35+00:00","dateModified":"2025-05-07T13:46:43+00:00","breadcrumb":{"@id":"https:\/\/www.wheelchairbasketball.ca\/fr\/equipe-canada\/equipe-nationale-feminine-senior\/#breadcrumb"},"inLanguage":"fr-FR","potentialAction":[{"@type":"ReadAction","target":["https:\/\/www.wheelchairbasketball.ca\/fr\/equipe-canada\/equipe-nationale-feminine-senior\/"]}]},{"@type":"BreadcrumbList","@id":"https:\/\/www.wheelchairbasketball.ca\/fr\/equipe-canada\/equipe-nationale-feminine-senior\/#breadcrumb","itemListElement":[{"@type":"ListItem","position":1,"name":"Home","item":"https:\/\/www.wheelchairbasketball.ca\/fr\/"},{"@type":"ListItem","position":2,"name":"\u00c9quipe Canada","item":"https:\/\/www.wheelchairbasketball.ca\/fr\/equipe-canada\/"},{"@type":"ListItem","position":3,"name":"\u00c9quipe nationale f\u00e9minine senior"}]},{"@type":"WebSite","@id":"https:\/\/www.wheelchairbasketball.ca\/#website","url":"https:\/\/www.wheelchairbasketball.ca\/","name":"Wheelchair Basketball Canada","description":"Real Life. Real Sport.","potentialAction":[{"@type":"SearchAction","target":{"@type":"EntryPoint","urlTemplate":"https:\/\/www.wheelchairbasketball.ca\/?s={search_term_string}"},"query-input":"required name=search_term_string"}],"inLanguage":"fr-FR"}]}},"_links":{"self":[{"href":"https:\/\/www.wheelchairbasketball.ca\/fr\/wp-json\/wp\/v2\/pages\/1525"}],"collection":[{"href":"https:\/\/www.wheelchairbasketball.ca\/fr\/wp-json\/wp\/v2\/pages"}],"about":[{"href":"https:\/\/www.wheelchairbasketball.ca\/fr\/wp-json\/wp\/v2\/types\/page"}],"author":[{"embeddable":true,"href":"https:\/\/www.wheelchairbasketball.ca\/fr\/wp-json\/wp\/v2\/users\/4"}],"replies":[{"embeddable":true,"href":"https:\/\/www.wheelchairbasketball.ca\/fr\/wp-json\/wp\/v2\/comments?post=1525"}],"version-history":[{"count":10,"href":"https:\/\/www.wheelchairbasketball.ca\/fr\/wp-json\/wp\/v2\/pages\/1525\/revisions"}],"predecessor-version":[{"id":24222,"href":"https:\/\/www.wheelchairbasketball.ca\/fr\/wp-json\/wp\/v2\/pages\/1525\/revisions\/24222"}],"up":[{"embeddable":true,"href":"https:\/\/www.wheelchairbasketball.ca\/fr\/wp-json\/wp\/v2\/pages\/1539"}],"wp:featuredmedia":[{"embeddable":true,"href":"https:\/\/www.wheelchairbasketball.ca\/fr\/wp-json\/wp\/v2\/media\/21749"}],"wp:attachment":[{"href":"https:\/\/www.wheelchairbasketball.ca\/fr\/wp-json\/wp\/v2\/media?parent=1525"}],"curies":[{"name":"wp","href":"https:\/\/api.w.org\/{rel}","templated":true}]}}