{"id":1528,"date":"2015-04-01T13:10:28","date_gmt":"2015-04-01T13:10:28","guid":{"rendered":"https:\/\/www.wheelchairbasketball.ca\/?page_id=1528"},"modified":"2025-06-23T20:32:02","modified_gmt":"2025-06-23T20:32:02","slug":"equipe-nationale-masculine-des-moins-de-23-ans","status":"publish","type":"page","link":"https:\/\/www.wheelchairbasketball.ca\/fr\/equipe-canada\/equipe-nationale-masculine-des-moins-de-23-ans\/","title":{"rendered":"\u00c9quipe nationale masculine M23"},"content":{"rendered":"<p>L&rsquo;\u00e9quipe nationale masculine des moins de 23 ans, aussi reconnu comme l&rsquo;\u00e9quipe masculine junior,\u00a0a pour but de permettre aux joueurs, \u00e2g\u00e9s de 22\u00a0ans ou moins pour \u00eatre admissibles \u00e0 concourir, de participer au Championnat du monde masculin des 23 ans, organis\u00e9s tous les quatre ans par la F\u00e9d\u00e9ration internationale de basketball en fauteuil roulant (I.W.B.F.).<\/p>\n<p>Le programme masculin junior fonctionne conjointement avec le programme masculin senior et de nombreux athl\u00e8tes juniors passent ensuite \u00e0 <a href=\"https:\/\/www.wheelchairbasketball.ca\/fr\/equipe-canada\/equipe-nationale-masculine-senior\/\">l\u2019\u00e9quipe nationale masculine senior<\/a><em>.<\/em><\/p>\n<h3>Formation de l&rsquo;\u00e9quipe<\/h3>\n<ul>\n<li><a href=\"https:\/\/www.wheelchairbasketball.ca\/fr\/equipe-canada\/equipe-nationale-masculine-des-moins-de-23-ans\/formation-de-lequipe\/?t=\">Liste actuelle<\/a><\/li>\n<\/ul>\n<h3>Championnat du monde pour les hommes juniors<\/h3>\n<p>En 1997, le Canada a accueilli le premier championnat du monde pour les hommes juniors et a remport\u00e9 le tournoi. Quatre ans plus tard, en 2001, les hommes canadiens ont remport\u00e9 ses deuxi\u00e8mes championnats cons\u00e9cutifs.\u00a0Le <a href=\"http:\/\/www.2017u23wwbc.com\">Championnat du monde masculin des moins de 23 ans 2017<\/a>\u00a0a retourn\u00e9 \u00e0 Toronto et a marqu\u00e9 le 20e\u00a0anniversaire de la tenue, au Canada, de l&rsquo;\u00e9v\u00e9nement inaugural.<\/p>\n<h3><img loading=\"lazy\" decoding=\"async\" width=\"345\" height=\"345\" class=\"alignright size-full wp-image-8428\" src=\"https:\/\/www.wheelchairbasketball.ca\/wp-content\/uploads\/2015\/04\/JMNT-Medal-Count-f.jpg\" alt=\"\" srcset=\"https:\/\/www.wheelchairbasketball.ca\/wp-content\/uploads\/2015\/04\/JMNT-Medal-Count-f.jpg 345w, https:\/\/www.wheelchairbasketball.ca\/wp-content\/uploads\/2015\/04\/JMNT-Medal-Count-f-150x150.jpg 150w, https:\/\/www.wheelchairbasketball.ca\/wp-content\/uploads\/2015\/04\/JMNT-Medal-Count-f-300x300.jpg 300w\" sizes=\"(max-width: 345px) 100vw, 345px\" \/>Principaux succ\u00e8s internationaux<\/h3>\n<ul>\n<li>2025 &#8211; 9\u00e8me place &#8211; S\u00e3o Paulo, Br\u00e9sil<\/li>\n<li>2022 &#8211; 10e place &#8211; Phuket, Tha\u00eflande<\/li>\n<li>2017 &#8211; 6e place &#8211; Toronto, Canada<\/li>\n<li>2013 &#8211; 6e place &#8211; Adana, Turquie<\/li>\n<li>2009 &#8211; 8e place &#8211; Paris, France<\/li>\n<li>2005 &#8211; 6e place &#8211; Birmingham, Grande-Bretagne<\/li>\n<li>2001 &#8211; Or &#8211; Blumenau, Br\u00e9sil<\/li>\n<li>1997 &#8211; Or &#8211; Toronto, Canada<\/li>\n<\/ul>\n<h3>Horaire de l&rsquo;\u00e9quipe<\/h3>\n<p>Veuillez visiter la <a href=\"https:\/\/www.wheelchairbasketball.ca\/fr\/evenements\/liste-devenements\/\">Liste d&rsquo;\u00e9v\u00e9nements<\/a> pour voir les \u00e9v\u00e9nements \u00e0 venir pour l&rsquo;\u00e9quipe nationale masculine des moins de 23 ans.<\/p>\n","protected":false},"excerpt":{"rendered":"L&rsquo;\u00e9quipe nationale masculine des moins de 23 ans, aussi reconnu comme l&rsquo;\u00e9quipe masculine junior,\u00a0a pour but de permettre aux joueurs, \u00e2g\u00e9s de 22\u00a0ans ou moins pour \u00eatre admissibles \u00e0 concourir, de participer au Championnat du monde masculin des 23 ans, organis\u00e9s tous les quatre ans par la F\u00e9d\u00e9ration internationale de basketball en fauteuil roulant (I.W.B.F.). [&hellip;]","protected":false},"author":4,"featured_media":24163,"parent":1539,"menu_order":4,"comment_status":"closed","ping_status":"closed","template":"page_roster.php","meta":{"om_disable_all_campaigns":false,"_monsterinsights_skip_tracking":false,"_monsterinsights_sitenote_active":false,"_monsterinsights_sitenote_note":"","_monsterinsights_sitenote_category":0,"footnotes":""},"acf":[],"yoast_head":"<!-- This site is optimized with the Yoast SEO plugin v21.9.1 - https:\/\/yoast.com\/wordpress\/plugins\/seo\/ -->\n<title>\u00c9quipe nationale masculine M23 - Wheelchair Basketball Canada<\/title>\n<meta name=\"robots\" content=\"index, follow, max-snippet:-1, max-image-preview:large, max-video-preview:-1\" \/>\n<link rel=\"canonical\" href=\"https:\/\/www.wheelchairbasketball.ca\/fr\/equipe-canada\/equipe-nationale-masculine-des-moins-de-23-ans\/\" \/>\n<meta property=\"og:locale\" content=\"fr_FR\" \/>\n<meta property=\"og:type\" content=\"article\" \/>\n<meta property=\"og:title\" content=\"\u00c9quipe nationale masculine M23 - Wheelchair Basketball Canada\" \/>\n<meta property=\"og:description\" content=\"L&rsquo;\u00e9quipe nationale masculine des moins de 23 ans, aussi reconnu comme l&rsquo;\u00e9quipe masculine junior,\u00a0a pour but de permettre aux joueurs, \u00e2g\u00e9s de 22\u00a0ans ou moins pour \u00eatre admissibles \u00e0 concourir, de participer au Championnat du monde masculin des 23 ans, organis\u00e9s tous les quatre ans par la F\u00e9d\u00e9ration internationale de basketball en fauteuil roulant (I.W.B.F.). [&hellip;]\" \/>\n<meta property=\"og:url\" content=\"https:\/\/www.wheelchairbasketball.ca\/fr\/equipe-canada\/equipe-nationale-masculine-des-moins-de-23-ans\/\" \/>\n<meta property=\"og:site_name\" content=\"Wheelchair Basketball Canada\" \/>\n<meta property=\"article:publisher\" content=\"http:\/\/www.facebook.com\/wheelchairbasketball\" \/>\n<meta property=\"article:modified_time\" content=\"2025-06-23T20:32:02+00:00\" \/>\n<meta property=\"og:image\" content=\"https:\/\/www.wheelchairbasketball.ca\/wp-content\/uploads\/2025\/04\/WhatsApp-Image-2025-04-05-at-18.03.11-1400x600-1.png\" \/>\n\t<meta property=\"og:image:width\" content=\"1400\" \/>\n\t<meta property=\"og:image:height\" content=\"600\" \/>\n\t<meta property=\"og:image:type\" content=\"image\/png\" \/>\n<meta name=\"twitter:card\" content=\"summary_large_image\" \/>\n<meta name=\"twitter:site\" content=\"@WCBballCanada\" \/>\n<meta name=\"twitter:label1\" content=\"Dur\u00e9e de lecture estim\u00e9e\" \/>\n\t<meta name=\"twitter:data1\" content=\"2 minutes\" \/>\n<script type=\"application\/ld+json\" class=\"yoast-schema-graph\">{\"@context\":\"https:\/\/schema.org\",\"@graph\":[{\"@type\":\"WebPage\",\"@id\":\"https:\/\/www.wheelchairbasketball.ca\/fr\/equipe-canada\/equipe-nationale-masculine-des-moins-de-23-ans\/\",\"url\":\"https:\/\/www.wheelchairbasketball.ca\/fr\/equipe-canada\/equipe-nationale-masculine-des-moins-de-23-ans\/\",\"name\":\"\u00c9quipe nationale masculine M23 - Wheelchair Basketball Canada\",\"isPartOf\":{\"@id\":\"https:\/\/www.wheelchairbasketball.ca\/#website\"},\"datePublished\":\"2015-04-01T13:10:28+00:00\",\"dateModified\":\"2025-06-23T20:32:02+00:00\",\"breadcrumb\":{\"@id\":\"https:\/\/www.wheelchairbasketball.ca\/fr\/equipe-canada\/equipe-nationale-masculine-des-moins-de-23-ans\/#breadcrumb\"},\"inLanguage\":\"fr-FR\",\"potentialAction\":[{\"@type\":\"ReadAction\",\"target\":[\"https:\/\/www.wheelchairbasketball.ca\/fr\/equipe-canada\/equipe-nationale-masculine-des-moins-de-23-ans\/\"]}]},{\"@type\":\"BreadcrumbList\",\"@id\":\"https:\/\/www.wheelchairbasketball.ca\/fr\/equipe-canada\/equipe-nationale-masculine-des-moins-de-23-ans\/#breadcrumb\",\"itemListElement\":[{\"@type\":\"ListItem\",\"position\":1,\"name\":\"Home\",\"item\":\"https:\/\/www.wheelchairbasketball.ca\/fr\/\"},{\"@type\":\"ListItem\",\"position\":2,\"name\":\"\u00c9quipe Canada\",\"item\":\"https:\/\/www.wheelchairbasketball.ca\/fr\/equipe-canada\/\"},{\"@type\":\"ListItem\",\"position\":3,\"name\":\"\u00c9quipe nationale masculine M23\"}]},{\"@type\":\"WebSite\",\"@id\":\"https:\/\/www.wheelchairbasketball.ca\/#website\",\"url\":\"https:\/\/www.wheelchairbasketball.ca\/\",\"name\":\"Wheelchair Basketball Canada\",\"description\":\"Real Life. Real Sport.\",\"potentialAction\":[{\"@type\":\"SearchAction\",\"target\":{\"@type\":\"EntryPoint\",\"urlTemplate\":\"https:\/\/www.wheelchairbasketball.ca\/?s={search_term_string}\"},\"query-input\":\"required name=search_term_string\"}],\"inLanguage\":\"fr-FR\"}]}<\/script>\n<!-- \/ Yoast SEO plugin. -->","yoast_head_json":{"title":"\u00c9quipe nationale masculine M23 - Wheelchair Basketball Canada","robots":{"index":"index","follow":"follow","max-snippet":"max-snippet:-1","max-image-preview":"max-image-preview:large","max-video-preview":"max-video-preview:-1"},"canonical":"https:\/\/www.wheelchairbasketball.ca\/fr\/equipe-canada\/equipe-nationale-masculine-des-moins-de-23-ans\/","og_locale":"fr_FR","og_type":"article","og_title":"\u00c9quipe nationale masculine M23 - Wheelchair Basketball Canada","og_description":"L&rsquo;\u00e9quipe nationale masculine des moins de 23 ans, aussi reconnu comme l&rsquo;\u00e9quipe masculine junior,\u00a0a pour but de permettre aux joueurs, \u00e2g\u00e9s de 22\u00a0ans ou moins pour \u00eatre admissibles \u00e0 concourir, de participer au Championnat du monde masculin des 23 ans, organis\u00e9s tous les quatre ans par la F\u00e9d\u00e9ration internationale de basketball en fauteuil roulant (I.W.B.F.). [&hellip;]","og_url":"https:\/\/www.wheelchairbasketball.ca\/fr\/equipe-canada\/equipe-nationale-masculine-des-moins-de-23-ans\/","og_site_name":"Wheelchair Basketball Canada","article_publisher":"http:\/\/www.facebook.com\/wheelchairbasketball","article_modified_time":"2025-06-23T20:32:02+00:00","og_image":[{"width":1400,"height":600,"url":"https:\/\/www.wheelchairbasketball.ca\/wp-content\/uploads\/2025\/04\/WhatsApp-Image-2025-04-05-at-18.03.11-1400x600-1.png","type":"image\/png"}],"twitter_card":"summary_large_image","twitter_site":"@WCBballCanada","twitter_misc":{"Dur\u00e9e de lecture estim\u00e9e":"2 minutes"},"schema":{"@context":"https:\/\/schema.org","@graph":[{"@type":"WebPage","@id":"https:\/\/www.wheelchairbasketball.ca\/fr\/equipe-canada\/equipe-nationale-masculine-des-moins-de-23-ans\/","url":"https:\/\/www.wheelchairbasketball.ca\/fr\/equipe-canada\/equipe-nationale-masculine-des-moins-de-23-ans\/","name":"\u00c9quipe nationale masculine M23 - Wheelchair Basketball Canada","isPartOf":{"@id":"https:\/\/www.wheelchairbasketball.ca\/#website"},"datePublished":"2015-04-01T13:10:28+00:00","dateModified":"2025-06-23T20:32:02+00:00","breadcrumb":{"@id":"https:\/\/www.wheelchairbasketball.ca\/fr\/equipe-canada\/equipe-nationale-masculine-des-moins-de-23-ans\/#breadcrumb"},"inLanguage":"fr-FR","potentialAction":[{"@type":"ReadAction","target":["https:\/\/www.wheelchairbasketball.ca\/fr\/equipe-canada\/equipe-nationale-masculine-des-moins-de-23-ans\/"]}]},{"@type":"BreadcrumbList","@id":"https:\/\/www.wheelchairbasketball.ca\/fr\/equipe-canada\/equipe-nationale-masculine-des-moins-de-23-ans\/#breadcrumb","itemListElement":[{"@type":"ListItem","position":1,"name":"Home","item":"https:\/\/www.wheelchairbasketball.ca\/fr\/"},{"@type":"ListItem","position":2,"name":"\u00c9quipe Canada","item":"https:\/\/www.wheelchairbasketball.ca\/fr\/equipe-canada\/"},{"@type":"ListItem","position":3,"name":"\u00c9quipe nationale masculine M23"}]},{"@type":"WebSite","@id":"https:\/\/www.wheelchairbasketball.ca\/#website","url":"https:\/\/www.wheelchairbasketball.ca\/","name":"Wheelchair Basketball Canada","description":"Real Life. Real Sport.","potentialAction":[{"@type":"SearchAction","target":{"@type":"EntryPoint","urlTemplate":"https:\/\/www.wheelchairbasketball.ca\/?s={search_term_string}"},"query-input":"required name=search_term_string"}],"inLanguage":"fr-FR"}]}},"_links":{"self":[{"href":"https:\/\/www.wheelchairbasketball.ca\/fr\/wp-json\/wp\/v2\/pages\/1528"}],"collection":[{"href":"https:\/\/www.wheelchairbasketball.ca\/fr\/wp-json\/wp\/v2\/pages"}],"about":[{"href":"https:\/\/www.wheelchairbasketball.ca\/fr\/wp-json\/wp\/v2\/types\/page"}],"author":[{"embeddable":true,"href":"https:\/\/www.wheelchairbasketball.ca\/fr\/wp-json\/wp\/v2\/users\/4"}],"replies":[{"embeddable":true,"href":"https:\/\/www.wheelchairbasketball.ca\/fr\/wp-json\/wp\/v2\/comments?post=1528"}],"version-history":[{"count":11,"href":"https:\/\/www.wheelchairbasketball.ca\/fr\/wp-json\/wp\/v2\/pages\/1528\/revisions"}],"predecessor-version":[{"id":24535,"href":"https:\/\/www.wheelchairbasketball.ca\/fr\/wp-json\/wp\/v2\/pages\/1528\/revisions\/24535"}],"up":[{"embeddable":true,"href":"https:\/\/www.wheelchairbasketball.ca\/fr\/wp-json\/wp\/v2\/pages\/1539"}],"wp:featuredmedia":[{"embeddable":true,"href":"https:\/\/www.wheelchairbasketball.ca\/fr\/wp-json\/wp\/v2\/media\/24163"}],"wp:attachment":[{"href":"https:\/\/www.wheelchairbasketball.ca\/fr\/wp-json\/wp\/v2\/media?parent=1528"}],"curies":[{"name":"wp","href":"https:\/\/api.w.org\/{rel}","templated":true}]}}