		  		  		  		  		  		  		  		  		  		  		  {"id":1530,"date":"2015-04-01T13:11:48","date_gmt":"2015-04-01T13:11:48","guid":{"rendered":"https:\/\/www.wheelchairbasketball.ca\/?page_id=1530"},"modified":"2024-11-15T20:47:50","modified_gmt":"2024-11-15T20:47:50","slug":"equipe-nationale-feminine-des-moins-de-25-ans","status":"publish","type":"page","link":"https:\/\/www.wheelchairbasketball.ca\/fr\/equipe-canada\/equipe-nationale-feminine-des-moins-de-25-ans\/","title":{"rendered":"\u00c9quipe nationale f\u00e9minine M25"},"content":{"rendered":"<p>Le programme de l&rsquo;\u00e9quipe nationale f\u00e9minine des moins de 25 ans a pour but de permettre aux joueuses, \u00e2g\u00e9s de 25 ans ou moins pour \u00eatre admissibles \u00e0 concourir, de participer au Championnat du monde f\u00e9minin des moins de 25 ans, organis\u00e9 tous les quatre ans par la F\u00e9d\u00e9ration internationale de basketball en fauteuil roulant (I.W.B.F.).<\/p>\n<p>En 2011, le Canada a accueilli le championnat du monde f\u00e9minin junior inaugural, o\u00f9 la toute-premier \u00e9quipe canadienne nationale f\u00e9minine des mois de 25 ans s&rsquo;est class\u00e9e en quatri\u00e8me place.<\/p>\n<h3>Principaux succ\u00e8s internationaux<\/h3>\n<h4>Championnat du monde de basket-ball en fauteuil roulant U25 de l&rsquo;IWBF<\/h4>\n<ul>\n<li>2023 &#8211; 6e place &#8211; Bangkok, Tha\u00eflande<\/li>\n<li>2015 &#8211; 4e &#8211; P\u00e9quin, Chine<\/li>\n<li>2011 &#8211; 4e place &#8211; St. Catharines, Canada<\/li>\n<\/ul>\n<h3>Formation de l\u2019\u00e9quipe<\/h3>\n<ul>\n<li><a href=\"https:\/\/www.wheelchairbasketball.ca\/wp-content\/uploads\/2024\/11\/JWNT-Past-Rosters-2011-2023-1.pdf\">Anciennes formations de l&rsquo;\u00e9quipe<\/a><\/li>\n<\/ul>\n\n\t\t<ul class=\"roster_list\">\n\t\t  <li class=\"column-group list_header hide-medium hide-small hide-tiny\">\n\t\t\t  <div class=\"all-10 large-20 medium-33 small-100 tiny-100\"><\/div>\n\t\t\t  <div class=\"all-90 large-80 medium-66 small-100 tiny-100\">\n\t\t\t\t  <div class=\"column-group\">\n\t\t\t\t  <div class=\"all-50 medium-100 small-100 tiny-100\">Nom<\/div>\n\t\t\t\t  <div class=\"all-20 medium-100 small-100 tiny-100\">Class<\/div>\n\t\t\t\t  <div class=\"all-30 medium-100 small-100 tiny-100\">Club<\/div>\n\t\t\t\t<\/div>\n\t\t\t  <\/div>\n\t\t  <\/li>\n\t\t\t  <li class=\"column-group\">\n\t\t\t\t  <div class=\"all-10 large-20 medium-33 small-100 tiny-100\"><img decoding=\"async\" src=\"https:\/\/www.wheelchairbasketball.ca\/wp-content\/uploads\/2023\/06\/20230417-AR-048-200x269-1.jpg\" \/><\/div>\n\t\t\t\t  <div class=\"all-90 large-80 medium-66 small-100 tiny-100\">\n\t\t\t\t\t  <div class=\"column-group\">\n\t\t\t\t\t  <div class=\"all-50 medium-100 small-100 tiny-100\"><strong>#4 <a href=\"https:\/\/www.wheelchairbasketball.ca\/fr\/players\/megan-smith\/\">Megan Smith<\/a><\/strong><br \/>10-05-2002<\/div>\n\t\t\t\t\t  <div class=\"all-20 medium-100 small-100 tiny-100\">2.0<\/div>\n\t\t\t\t\t  <div class=\"all-30 medium-100 small-100 tiny-100\">BC Grizzlies<\/div>\n\t\t\t\t\t<\/div>\n\t\t\t\t  <\/div>\n\t\t\t  <\/li>\n\t\t\t  \n\t\t\t  <li class=\"column-group\">\n\t\t\t\t  <div class=\"all-10 large-20 medium-33 small-100 tiny-100\"><img decoding=\"async\" src=\"https:\/\/www.wheelchairbasketball.ca\/wp-content\/uploads\/2024\/11\/Canada-5-Nyakundi-Mercy-U25_0330-1.jpg\" \/><\/div>\n\t\t\t\t  <div class=\"all-90 large-80 medium-66 small-100 tiny-100\">\n\t\t\t\t\t  <div class=\"column-group\">\n\t\t\t\t\t  <div class=\"all-50 medium-100 small-100 tiny-100\"><strong>#5 <a href=\"https:\/\/www.wheelchairbasketball.ca\/fr\/players\/mercy-nyakundi\/\">Mercy Nyakundi<\/a><\/strong><br \/>12-03-2005<\/div>\n\t\t\t\t\t  <div class=\"all-20 medium-100 small-100 tiny-100\">2.5<\/div>\n\t\t\t\t\t  <div class=\"all-30 medium-100 small-100 tiny-100\">University of Texas at Arlington<\/div>\n\t\t\t\t\t<\/div>\n\t\t\t\t  <\/div>\n\t\t\t  <\/li>\n\t\t\t  \n\t\t\t  <li class=\"column-group\">\n\t\t\t\t  <div class=\"all-10 large-20 medium-33 small-100 tiny-100\"><img decoding=\"async\" src=\"https:\/\/www.wheelchairbasketball.ca\/wp-content\/uploads\/2024\/11\/Canada-7-Bajema-Katie-U25_0351-1.jpg\" \/><\/div>\n\t\t\t\t  <div class=\"all-90 large-80 medium-66 small-100 tiny-100\">\n\t\t\t\t\t  <div class=\"column-group\">\n\t\t\t\t\t  <div class=\"all-50 medium-100 small-100 tiny-100\"><strong>#7 <a href=\"https:\/\/www.wheelchairbasketball.ca\/fr\/players\/katie-bajema\/\">Katie Bajema<\/a><\/strong><br \/>06-07-2001<\/div>\n\t\t\t\t\t  <div class=\"all-20 medium-100 small-100 tiny-100\">1.0<\/div>\n\t\t\t\t\t  <div class=\"all-30 medium-100 small-100 tiny-100\">Edmonton Inferno<\/div>\n\t\t\t\t\t<\/div>\n\t\t\t\t  <\/div>\n\t\t\t  <\/li>\n\t\t\t  \n\t\t\t  <li class=\"column-group\">\n\t\t\t\t  <div class=\"all-10 large-20 medium-33 small-100 tiny-100\"><img decoding=\"async\" src=\"https:\/\/www.wheelchairbasketball.ca\/wp-content\/uploads\/2024\/11\/Canada-8-Manning-Maggie-U25_0332-1.jpg\" \/><\/div>\n\t\t\t\t  <div class=\"all-90 large-80 medium-66 small-100 tiny-100\">\n\t\t\t\t\t  <div class=\"column-group\">\n\t\t\t\t\t  <div class=\"all-50 medium-100 small-100 tiny-100\"><strong>#8 <a href=\"https:\/\/www.wheelchairbasketball.ca\/fr\/players\/maggie-manning\/\">Maggie Manning<\/a><\/strong><br \/>24-02-2003<\/div>\n\t\t\t\t\t  <div class=\"all-20 medium-100 small-100 tiny-100\">2.0<\/div>\n\t\t\t\t\t  <div class=\"all-30 medium-100 small-100 tiny-100\">BC Breakers<\/div>\n\t\t\t\t\t<\/div>\n\t\t\t\t  <\/div>\n\t\t\t  <\/li>\n\t\t\t  \n\t\t\t  <li class=\"column-group\">\n\t\t\t\t  <div class=\"all-10 large-20 medium-33 small-100 tiny-100\"><img decoding=\"async\" src=\"https:\/\/www.wheelchairbasketball.ca\/wp-content\/uploads\/2024\/11\/Canada-9-Brook-Lily-U25_0324-1.jpg\" \/><\/div>\n\t\t\t\t  <div class=\"all-90 large-80 medium-66 small-100 tiny-100\">\n\t\t\t\t\t  <div class=\"column-group\">\n\t\t\t\t\t  <div class=\"all-50 medium-100 small-100 tiny-100\"><strong>#9 <a href=\"https:\/\/www.wheelchairbasketball.ca\/fr\/players\/lily-brook\/\">Lily Brook<\/a><\/strong><br \/>09-01-2005<\/div>\n\t\t\t\t\t  <div class=\"all-20 medium-100 small-100 tiny-100\">4.5<\/div>\n\t\t\t\t\t  <div class=\"all-30 medium-100 small-100 tiny-100\">BC Orcas<\/div>\n\t\t\t\t\t<\/div>\n\t\t\t\t  <\/div>\n\t\t\t  <\/li>\n\t\t\t  \n\t\t\t  <li class=\"column-group\">\n\t\t\t\t  <div class=\"all-10 large-20 medium-33 small-100 tiny-100\"><img decoding=\"async\" src=\"https:\/\/www.wheelchairbasketball.ca\/wp-content\/uploads\/2018\/07\/20230417-AR-389-200x269-1.jpg\" \/><\/div>\n\t\t\t\t  <div class=\"all-90 large-80 medium-66 small-100 tiny-100\">\n\t\t\t\t\t  <div class=\"column-group\">\n\t\t\t\t\t  <div class=\"all-50 medium-100 small-100 tiny-100\"><strong>#10 <a href=\"https:\/\/www.wheelchairbasketball.ca\/fr\/players\/puisand-lai\/\">Puisand Lai<\/a><\/strong><br \/>29-07-2000<\/div>\n\t\t\t\t\t  <div class=\"all-20 medium-100 small-100 tiny-100\">1,0<\/div>\n\t\t\t\t\t  <div class=\"all-30 medium-100 small-100 tiny-100\"><\/div>\n\t\t\t\t\t<\/div>\n\t\t\t\t  <\/div>\n\t\t\t  <\/li>\n\t\t\t  \n\t\t\t  <li class=\"column-group\">\n\t\t\t\t  <div class=\"all-10 large-20 medium-33 small-100 tiny-100\"><img decoding=\"async\" src=\"https:\/\/www.wheelchairbasketball.ca\/wp-content\/uploads\/2024\/11\/Canada-11-Mcelroy-Charlotte-U25_0356-1.jpg\" \/><\/div>\n\t\t\t\t  <div class=\"all-90 large-80 medium-66 small-100 tiny-100\">\n\t\t\t\t\t  <div class=\"column-group\">\n\t\t\t\t\t  <div class=\"all-50 medium-100 small-100 tiny-100\"><strong>#11 <a href=\"https:\/\/www.wheelchairbasketball.ca\/fr\/players\/charlotte-mcelroy\/\">Charlotte McElroy<\/a><\/strong><br \/>26-09-2008<\/div>\n\t\t\t\t\t  <div class=\"all-20 medium-100 small-100 tiny-100\">2.5<\/div>\n\t\t\t\t\t  <div class=\"all-30 medium-100 small-100 tiny-100\">Burlington Vipers<\/div>\n\t\t\t\t\t<\/div>\n\t\t\t\t  <\/div>\n\t\t\t  <\/li>\n\t\t\t  \n\t\t\t  <li class=\"column-group\">\n\t\t\t\t  <div class=\"all-10 large-20 medium-33 small-100 tiny-100\"><img decoding=\"async\" src=\"https:\/\/www.wheelchairbasketball.ca\/wp-content\/uploads\/2023\/12\/20240325-016TA-200x269-1-scaled.jpg\" \/><\/div>\n\t\t\t\t  <div class=\"all-90 large-80 medium-66 small-100 tiny-100\">\n\t\t\t\t\t  <div class=\"column-group\">\n\t\t\t\t\t  <div class=\"all-50 medium-100 small-100 tiny-100\"><strong>#12 <a href=\"https:\/\/www.wheelchairbasketball.ca\/fr\/players\/desiree-isaac-pictou\/\">Desiree Isaac-Pictou<\/a><\/strong><br \/>10-12-1999<\/div>\n\t\t\t\t\t  <div class=\"all-20 medium-100 small-100 tiny-100\">4.0<\/div>\n\t\t\t\t\t  <div class=\"all-30 medium-100 small-100 tiny-100\">Nouveau-Brunswick<\/div>\n\t\t\t\t\t<\/div>\n\t\t\t\t  <\/div>\n\t\t\t  <\/li>\n\t\t\t  \n\t\t\t  <li class=\"column-group\">\n\t\t\t\t  <div class=\"all-10 large-20 medium-33 small-100 tiny-100\"><img decoding=\"async\" src=\"https:\/\/www.wheelchairbasketball.ca\/wp-content\/uploads\/2024\/11\/Canada-13-Froese-Elise-U25_0349-1.jpg\" \/><\/div>\n\t\t\t\t  <div class=\"all-90 large-80 medium-66 small-100 tiny-100\">\n\t\t\t\t\t  <div class=\"column-group\">\n\t\t\t\t\t  <div class=\"all-50 medium-100 small-100 tiny-100\"><strong>#13 <a href=\"https:\/\/www.wheelchairbasketball.ca\/fr\/players\/elise-froese\/\">Elise Froese<\/a><\/strong><br \/>19-07-2006<\/div>\n\t\t\t\t\t  <div class=\"all-20 medium-100 small-100 tiny-100\">4.5<\/div>\n\t\t\t\t\t  <div class=\"all-30 medium-100 small-100 tiny-100\">University of Arizona<\/div>\n\t\t\t\t\t<\/div>\n\t\t\t\t  <\/div>\n\t\t\t  <\/li>\n\t\t\t  \n\t\t\t  <li class=\"column-group\">\n\t\t\t\t  <div class=\"all-10 large-20 medium-33 small-100 tiny-100\"><img decoding=\"async\" src=\"https:\/\/www.wheelchairbasketball.ca\/wp-content\/uploads\/2024\/11\/Canada-6-Mckinnon-Kayla-U25_0343-1.jpg\" \/><\/div>\n\t\t\t\t  <div class=\"all-90 large-80 medium-66 small-100 tiny-100\">\n\t\t\t\t\t  <div class=\"column-group\">\n\t\t\t\t\t  <div class=\"all-50 medium-100 small-100 tiny-100\"><strong>#14 <a href=\"https:\/\/www.wheelchairbasketball.ca\/fr\/players\/kayla-mackinnon\/\">Kayla MacKinnon<\/a><\/strong><br \/>14-09-2003<\/div>\n\t\t\t\t\t  <div class=\"all-20 medium-100 small-100 tiny-100\">1.5<\/div>\n\t\t\t\t\t  <div class=\"all-30 medium-100 small-100 tiny-100\">Halifax Wheelchair Basketball Club<\/div>\n\t\t\t\t\t<\/div>\n\t\t\t\t  <\/div>\n\t\t\t  <\/li>\n\t\t\t  \n\t\t\t  <li class=\"column-group\">\n\t\t\t\t  <div class=\"all-10 large-20 medium-33 small-100 tiny-100\"><img decoding=\"async\" src=\"https:\/\/www.wheelchairbasketball.ca\/wp-content\/uploads\/2023\/12\/20240325-040TA-200x269-1.jpg\" \/><\/div>\n\t\t\t\t  <div class=\"all-90 large-80 medium-66 small-100 tiny-100\">\n\t\t\t\t\t  <div class=\"column-group\">\n\t\t\t\t\t  <div class=\"all-50 medium-100 small-100 tiny-100\"><strong>#15 <a href=\"https:\/\/www.wheelchairbasketball.ca\/fr\/players\/bethany-johnson\/\">Bethany Johnson<\/a><\/strong><br \/>29-11-2001<\/div>\n\t\t\t\t\t  <div class=\"all-20 medium-100 small-100 tiny-100\">4.0<\/div>\n\t\t\t\t\t  <div class=\"all-30 medium-100 small-100 tiny-100\">University of Illinois<\/div>\n\t\t\t\t\t<\/div>\n\t\t\t\t  <\/div>\n\t\t\t  <\/li>\n\t\t\t  \n\t\t  <h4>Entra\u00eeneurs et personnel<\/h4>\n\t\t  <li class=\"column-group\">\n\t\t\t  <div class=\"all-10 large-20 medium-33 small-100 tiny-100\"><img decoding=\"async\" src=\"https:\/\/www.wheelchairbasketball.ca\/wp-content\/uploads\/2023\/06\/20230417-AR-787-200x269-1.jpg\" \/><\/div>\n\t\t\t  <div class=\"all-90 large-80 medium-66 small-100 tiny-100\">\n\t\t\t\t  <div class=\"column-group\">\n\t\t\t\t  <div class=\"all-50 medium-100 small-100 tiny-100\"><a href=\"https:\/\/www.wheelchairbasketball.ca\/fr\/team_staff\/marni-abbott-peter\/\">Marni Abbott<\/a><br \/>\n\t\t\t\t\t<br \/>10-11-1965<\/div>\n\t\t\t\t  <div class=\"all-20 medium-100 small-100 tiny-100\">Entra\u00eeneur en chef<\/div>\n\t\t\t\t<\/div>\n\t\t\t  <\/div>\n\t\t  <\/li>\n\t      <li class=\"column-group\">\n            <div class=\"all-100\">\n              Dylan Carter (Toronto, Ont.) - Entra\u00eeneur adjoint\n            <\/div>\n          <\/li><\/ul>\n","protected":false},"excerpt":{"rendered":"Le programme de l&rsquo;\u00e9quipe nationale f\u00e9minine des moins de 25 ans a pour but de permettre aux joueuses, \u00e2g\u00e9s de 25 ans ou moins pour \u00eatre admissibles \u00e0 concourir, de participer au Championnat du monde f\u00e9minin des moins de 25 ans, organis\u00e9 tous les quatre ans par la F\u00e9d\u00e9ration internationale de basketball en fauteuil roulant [&hellip;]","protected":false},"author":4,"featured_media":19499,"parent":1539,"menu_order":5,"comment_status":"closed","ping_status":"closed","template":"page_roster.php","meta":{"om_disable_all_campaigns":false,"_monsterinsights_skip_tracking":false,"_monsterinsights_sitenote_active":false,"_monsterinsights_sitenote_note":"","_monsterinsights_sitenote_category":0,"footnotes":""},"acf":[],"yoast_head":"<!-- This site is optimized with the Yoast SEO plugin v21.9.1 - https:\/\/yoast.com\/wordpress\/plugins\/seo\/ -->\n<title>\u00c9quipe nationale f\u00e9minine M25 - Wheelchair Basketball Canada<\/title>\n<meta name=\"robots\" content=\"index, follow, max-snippet:-1, max-image-preview:large, max-video-preview:-1\" \/>\n<link rel=\"canonical\" href=\"https:\/\/www.wheelchairbasketball.ca\/fr\/equipe-canada\/equipe-nationale-feminine-des-moins-de-25-ans\/\" \/>\n<meta property=\"og:locale\" content=\"fr_FR\" \/>\n<meta property=\"og:type\" content=\"article\" \/>\n<meta property=\"og:title\" content=\"\u00c9quipe nationale f\u00e9minine M25 - Wheelchair Basketball Canada\" \/>\n<meta property=\"og:description\" content=\"Le programme de l&rsquo;\u00e9quipe nationale f\u00e9minine des moins de 25 ans a pour but de permettre aux joueuses, \u00e2g\u00e9s de 25 ans ou moins pour \u00eatre admissibles \u00e0 concourir, de participer au Championnat du monde f\u00e9minin des moins de 25 ans, organis\u00e9 tous les quatre ans par la F\u00e9d\u00e9ration internationale de basketball en fauteuil roulant [&hellip;]\" \/>\n<meta property=\"og:url\" content=\"https:\/\/www.wheelchairbasketball.ca\/fr\/equipe-canada\/equipe-nationale-feminine-des-moins-de-25-ans\/\" \/>\n<meta property=\"og:site_name\" content=\"Wheelchair Basketball Canada\" \/>\n<meta property=\"article:publisher\" content=\"http:\/\/www.facebook.com\/wheelchairbasketball\" \/>\n<meta property=\"article:modified_time\" content=\"2024-11-15T20:47:50+00:00\" \/>\n<meta property=\"og:image\" content=\"https:\/\/www.wheelchairbasketball.ca\/wp-content\/uploads\/2023\/10\/image00155-1400x600-1.jpg\" \/>\n\t<meta property=\"og:image:width\" content=\"1400\" \/>\n\t<meta property=\"og:image:height\" content=\"600\" \/>\n\t<meta property=\"og:image:type\" content=\"image\/jpeg\" \/>\n<meta name=\"twitter:card\" content=\"summary_large_image\" \/>\n<meta name=\"twitter:site\" content=\"@WCBballCanada\" \/>\n<meta name=\"twitter:label1\" content=\"Dur\u00e9e de lecture estim\u00e9e\" \/>\n\t<meta name=\"twitter:data1\" content=\"1 minute\" \/>\n<script type=\"application\/ld+json\" class=\"yoast-schema-graph\">{\"@context\":\"https:\/\/schema.org\",\"@graph\":[{\"@type\":\"WebPage\",\"@id\":\"https:\/\/www.wheelchairbasketball.ca\/fr\/equipe-canada\/equipe-nationale-feminine-des-moins-de-25-ans\/\",\"url\":\"https:\/\/www.wheelchairbasketball.ca\/fr\/equipe-canada\/equipe-nationale-feminine-des-moins-de-25-ans\/\",\"name\":\"\u00c9quipe nationale f\u00e9minine M25 - Wheelchair Basketball Canada\",\"isPartOf\":{\"@id\":\"https:\/\/www.wheelchairbasketball.ca\/#website\"},\"datePublished\":\"2015-04-01T13:11:48+00:00\",\"dateModified\":\"2024-11-15T20:47:50+00:00\",\"breadcrumb\":{\"@id\":\"https:\/\/www.wheelchairbasketball.ca\/fr\/equipe-canada\/equipe-nationale-feminine-des-moins-de-25-ans\/#breadcrumb\"},\"inLanguage\":\"fr-FR\",\"potentialAction\":[{\"@type\":\"ReadAction\",\"target\":[\"https:\/\/www.wheelchairbasketball.ca\/fr\/equipe-canada\/equipe-nationale-feminine-des-moins-de-25-ans\/\"]}]},{\"@type\":\"BreadcrumbList\",\"@id\":\"https:\/\/www.wheelchairbasketball.ca\/fr\/equipe-canada\/equipe-nationale-feminine-des-moins-de-25-ans\/#breadcrumb\",\"itemListElement\":[{\"@type\":\"ListItem\",\"position\":1,\"name\":\"Home\",\"item\":\"https:\/\/www.wheelchairbasketball.ca\/fr\/\"},{\"@type\":\"ListItem\",\"position\":2,\"name\":\"\u00c9quipe Canada\",\"item\":\"https:\/\/www.wheelchairbasketball.ca\/fr\/equipe-canada\/\"},{\"@type\":\"ListItem\",\"position\":3,\"name\":\"\u00c9quipe nationale f\u00e9minine M25\"}]},{\"@type\":\"WebSite\",\"@id\":\"https:\/\/www.wheelchairbasketball.ca\/#website\",\"url\":\"https:\/\/www.wheelchairbasketball.ca\/\",\"name\":\"Wheelchair Basketball Canada\",\"description\":\"Real Life. Real Sport.\",\"potentialAction\":[{\"@type\":\"SearchAction\",\"target\":{\"@type\":\"EntryPoint\",\"urlTemplate\":\"https:\/\/www.wheelchairbasketball.ca\/?s={search_term_string}\"},\"query-input\":\"required name=search_term_string\"}],\"inLanguage\":\"fr-FR\"}]}<\/script>\n<!-- \/ Yoast SEO plugin. -->","yoast_head_json":{"title":"\u00c9quipe nationale f\u00e9minine M25 - Wheelchair Basketball Canada","robots":{"index":"index","follow":"follow","max-snippet":"max-snippet:-1","max-image-preview":"max-image-preview:large","max-video-preview":"max-video-preview:-1"},"canonical":"https:\/\/www.wheelchairbasketball.ca\/fr\/equipe-canada\/equipe-nationale-feminine-des-moins-de-25-ans\/","og_locale":"fr_FR","og_type":"article","og_title":"\u00c9quipe nationale f\u00e9minine M25 - Wheelchair Basketball Canada","og_description":"Le programme de l&rsquo;\u00e9quipe nationale f\u00e9minine des moins de 25 ans a pour but de permettre aux joueuses, \u00e2g\u00e9s de 25 ans ou moins pour \u00eatre admissibles \u00e0 concourir, de participer au Championnat du monde f\u00e9minin des moins de 25 ans, organis\u00e9 tous les quatre ans par la F\u00e9d\u00e9ration internationale de basketball en fauteuil roulant [&hellip;]","og_url":"https:\/\/www.wheelchairbasketball.ca\/fr\/equipe-canada\/equipe-nationale-feminine-des-moins-de-25-ans\/","og_site_name":"Wheelchair Basketball Canada","article_publisher":"http:\/\/www.facebook.com\/wheelchairbasketball","article_modified_time":"2024-11-15T20:47:50+00:00","og_image":[{"width":1400,"height":600,"url":"https:\/\/www.wheelchairbasketball.ca\/wp-content\/uploads\/2023\/10\/image00155-1400x600-1.jpg","type":"image\/jpeg"}],"twitter_card":"summary_large_image","twitter_site":"@WCBballCanada","twitter_misc":{"Dur\u00e9e de lecture estim\u00e9e":"1 minute"},"schema":{"@context":"https:\/\/schema.org","@graph":[{"@type":"WebPage","@id":"https:\/\/www.wheelchairbasketball.ca\/fr\/equipe-canada\/equipe-nationale-feminine-des-moins-de-25-ans\/","url":"https:\/\/www.wheelchairbasketball.ca\/fr\/equipe-canada\/equipe-nationale-feminine-des-moins-de-25-ans\/","name":"\u00c9quipe nationale f\u00e9minine M25 - Wheelchair Basketball Canada","isPartOf":{"@id":"https:\/\/www.wheelchairbasketball.ca\/#website"},"datePublished":"2015-04-01T13:11:48+00:00","dateModified":"2024-11-15T20:47:50+00:00","breadcrumb":{"@id":"https:\/\/www.wheelchairbasketball.ca\/fr\/equipe-canada\/equipe-nationale-feminine-des-moins-de-25-ans\/#breadcrumb"},"inLanguage":"fr-FR","potentialAction":[{"@type":"ReadAction","target":["https:\/\/www.wheelchairbasketball.ca\/fr\/equipe-canada\/equipe-nationale-feminine-des-moins-de-25-ans\/"]}]},{"@type":"BreadcrumbList","@id":"https:\/\/www.wheelchairbasketball.ca\/fr\/equipe-canada\/equipe-nationale-feminine-des-moins-de-25-ans\/#breadcrumb","itemListElement":[{"@type":"ListItem","position":1,"name":"Home","item":"https:\/\/www.wheelchairbasketball.ca\/fr\/"},{"@type":"ListItem","position":2,"name":"\u00c9quipe Canada","item":"https:\/\/www.wheelchairbasketball.ca\/fr\/equipe-canada\/"},{"@type":"ListItem","position":3,"name":"\u00c9quipe nationale f\u00e9minine M25"}]},{"@type":"WebSite","@id":"https:\/\/www.wheelchairbasketball.ca\/#website","url":"https:\/\/www.wheelchairbasketball.ca\/","name":"Wheelchair Basketball Canada","description":"Real Life. Real Sport.","potentialAction":[{"@type":"SearchAction","target":{"@type":"EntryPoint","urlTemplate":"https:\/\/www.wheelchairbasketball.ca\/?s={search_term_string}"},"query-input":"required name=search_term_string"}],"inLanguage":"fr-FR"}]}},"_links":{"self":[{"href":"https:\/\/www.wheelchairbasketball.ca\/fr\/wp-json\/wp\/v2\/pages\/1530"}],"collection":[{"href":"https:\/\/www.wheelchairbasketball.ca\/fr\/wp-json\/wp\/v2\/pages"}],"about":[{"href":"https:\/\/www.wheelchairbasketball.ca\/fr\/wp-json\/wp\/v2\/types\/page"}],"author":[{"embeddable":true,"href":"https:\/\/www.wheelchairbasketball.ca\/fr\/wp-json\/wp\/v2\/users\/4"}],"replies":[{"embeddable":true,"href":"https:\/\/www.wheelchairbasketball.ca\/fr\/wp-json\/wp\/v2\/comments?post=1530"}],"version-history":[{"count":12,"href":"https:\/\/www.wheelchairbasketball.ca\/fr\/wp-json\/wp\/v2\/pages\/1530\/revisions"}],"predecessor-version":[{"id":22002,"href":"https:\/\/www.wheelchairbasketball.ca\/fr\/wp-json\/wp\/v2\/pages\/1530\/revisions\/22002"}],"up":[{"embeddable":true,"href":"https:\/\/www.wheelchairbasketball.ca\/fr\/wp-json\/wp\/v2\/pages\/1539"}],"wp:featuredmedia":[{"embeddable":true,"href":"https:\/\/www.wheelchairbasketball.ca\/fr\/wp-json\/wp\/v2\/media\/19499"}],"wp:attachment":[{"href":"https:\/\/www.wheelchairbasketball.ca\/fr\/wp-json\/wp\/v2\/media?parent=1530"}],"curies":[{"name":"wp","href":"https:\/\/api.w.org\/{rel}","templated":true}]}}