{"id":1539,"date":"2015-04-01T19:24:17","date_gmt":"2015-04-01T19:24:17","guid":{"rendered":"https:\/\/www.wheelchairbasketball.ca\/?page_id=1539"},"modified":"2015-05-28T19:54:57","modified_gmt":"2015-05-28T19:54:57","slug":"equipe-canada","status":"publish","type":"page","link":"https:\/\/www.wheelchairbasketball.ca\/fr\/equipe-canada\/","title":{"rendered":"\u00c9quipe Canada"},"content":{"rendered":"<p>Les programmes de l\u2019\u00e9quipe canadienne de basketball en fauteuil roulant se composent des <a href=\"https:\/\/www.wheelchairbasketball.ca\/fr\/equipe-canada\/equipe-nationale-masculine-des-moins-de-23-ans\/\">hommes juniors<\/a> (\u00e2g\u00e9s de moins de 23\u00a0ans), des <a href=\"https:\/\/www.wheelchairbasketball.ca\/fr\/equipe-canada\/equipe-nationale-feminine-des-moins-de-25-ans\/\">femmes juniors<\/a>\u00a0(\u00e2g\u00e9es de moins de 25 ans) et de deux programmes seniors &#8211; <a href=\"https:\/\/www.wheelchairbasketball.ca\/fr\/equipe-canada\/equipe-nationale-masculine-senior\/\">l&rsquo;\u00e9quipe nationale masculine senior<\/a>\u00a0et <a href=\"https:\/\/www.wheelchairbasketball.ca\/fr\/equipe-canada\/equipe-nationale-feminine-senior\/\">l&rsquo;\u00e9quipe nationale f\u00e9minine senior<\/a>. Les programmes\u00a0existent dans le but d\u2019entra\u00eener les athl\u00e8tes qui auraient le potentiel voulu pour repr\u00e9senter le Canada sur la sc\u00e8ne internationale aux principaux \u00e9v\u00e9nements tels que les <a href=\"https:\/\/www.wheelchairbasketball.ca\/fr\/evenements\/championnats-du-monde\/\">Championnats du monde<\/a> et les <a href=\"https:\/\/www.wheelchairbasketball.ca\/fr\/evenements\/jeux-paralympiques\/\">Jeux paralympiques<\/a>.<\/p>\n","protected":false},"excerpt":{"rendered":"Les programmes de l\u2019\u00e9quipe canadienne de basketball en fauteuil roulant se composent des hommes juniors (\u00e2g\u00e9s de moins de 23\u00a0ans), des femmes juniors\u00a0(\u00e2g\u00e9es de moins de 25 ans) et de deux programmes seniors &#8211; l&rsquo;\u00e9quipe nationale masculine senior\u00a0et l&rsquo;\u00e9quipe nationale f\u00e9minine senior. Les programmes\u00a0existent dans le but d\u2019entra\u00eener les athl\u00e8tes qui auraient le potentiel voulu [&hellip;]","protected":false},"author":4,"featured_media":3325,"parent":0,"menu_order":8,"comment_status":"closed","ping_status":"closed","template":"","meta":{"om_disable_all_campaigns":false,"_monsterinsights_skip_tracking":false,"_monsterinsights_sitenote_active":false,"_monsterinsights_sitenote_note":"","_monsterinsights_sitenote_category":0,"footnotes":""},"acf":[],"yoast_head":"<!-- This site is optimized with the Yoast SEO plugin v21.9.1 - https:\/\/yoast.com\/wordpress\/plugins\/seo\/ -->\n<title>\u00c9quipe Canada - Wheelchair Basketball Canada<\/title>\n<meta name=\"robots\" content=\"index, follow, max-snippet:-1, max-image-preview:large, max-video-preview:-1\" \/>\n<link rel=\"canonical\" href=\"https:\/\/www.wheelchairbasketball.ca\/fr\/equipe-canada\/\" \/>\n<meta property=\"og:locale\" content=\"fr_FR\" \/>\n<meta property=\"og:type\" content=\"article\" \/>\n<meta property=\"og:title\" content=\"\u00c9quipe Canada - Wheelchair Basketball Canada\" \/>\n<meta property=\"og:description\" content=\"Les programmes de l\u2019\u00e9quipe canadienne de basketball en fauteuil roulant se composent des hommes juniors (\u00e2g\u00e9s de moins de 23\u00a0ans), des femmes juniors\u00a0(\u00e2g\u00e9es de moins de 25 ans) et de deux programmes seniors &#8211; l&rsquo;\u00e9quipe nationale masculine senior\u00a0et l&rsquo;\u00e9quipe nationale f\u00e9minine senior. Les programmes\u00a0existent dans le but d\u2019entra\u00eener les athl\u00e8tes qui auraient le potentiel voulu [&hellip;]\" \/>\n<meta property=\"og:url\" content=\"https:\/\/www.wheelchairbasketball.ca\/fr\/equipe-canada\/\" \/>\n<meta property=\"og:site_name\" content=\"Wheelchair Basketball Canada\" \/>\n<meta property=\"article:publisher\" content=\"http:\/\/www.facebook.com\/wheelchairbasketball\" \/>\n<meta property=\"article:modified_time\" content=\"2015-05-28T19:54:57+00:00\" \/>\n<meta property=\"og:image\" content=\"https:\/\/www.wheelchairbasketball.ca\/wp-content\/uploads\/2015\/04\/TeamCanada-feature.jpg\" \/>\n\t<meta property=\"og:image:width\" content=\"1400\" \/>\n\t<meta property=\"og:image:height\" content=\"600\" \/>\n\t<meta property=\"og:image:type\" content=\"image\/jpeg\" \/>\n<meta name=\"twitter:card\" content=\"summary_large_image\" \/>\n<meta name=\"twitter:site\" content=\"@WCBballCanada\" \/>\n<script type=\"application\/ld+json\" class=\"yoast-schema-graph\">{\"@context\":\"https:\/\/schema.org\",\"@graph\":[{\"@type\":\"WebPage\",\"@id\":\"https:\/\/www.wheelchairbasketball.ca\/fr\/equipe-canada\/\",\"url\":\"https:\/\/www.wheelchairbasketball.ca\/fr\/equipe-canada\/\",\"name\":\"\u00c9quipe Canada - Wheelchair Basketball Canada\",\"isPartOf\":{\"@id\":\"https:\/\/www.wheelchairbasketball.ca\/#website\"},\"datePublished\":\"2015-04-01T19:24:17+00:00\",\"dateModified\":\"2015-05-28T19:54:57+00:00\",\"breadcrumb\":{\"@id\":\"https:\/\/www.wheelchairbasketball.ca\/fr\/equipe-canada\/#breadcrumb\"},\"inLanguage\":\"fr-FR\",\"potentialAction\":[{\"@type\":\"ReadAction\",\"target\":[\"https:\/\/www.wheelchairbasketball.ca\/fr\/equipe-canada\/\"]}]},{\"@type\":\"BreadcrumbList\",\"@id\":\"https:\/\/www.wheelchairbasketball.ca\/fr\/equipe-canada\/#breadcrumb\",\"itemListElement\":[{\"@type\":\"ListItem\",\"position\":1,\"name\":\"Home\",\"item\":\"https:\/\/www.wheelchairbasketball.ca\/fr\/\"},{\"@type\":\"ListItem\",\"position\":2,\"name\":\"\u00c9quipe Canada\"}]},{\"@type\":\"WebSite\",\"@id\":\"https:\/\/www.wheelchairbasketball.ca\/#website\",\"url\":\"https:\/\/www.wheelchairbasketball.ca\/\",\"name\":\"Wheelchair Basketball Canada\",\"description\":\"Real Life. Real Sport.\",\"potentialAction\":[{\"@type\":\"SearchAction\",\"target\":{\"@type\":\"EntryPoint\",\"urlTemplate\":\"https:\/\/www.wheelchairbasketball.ca\/?s={search_term_string}\"},\"query-input\":\"required name=search_term_string\"}],\"inLanguage\":\"fr-FR\"}]}<\/script>\n<!-- \/ Yoast SEO plugin. -->","yoast_head_json":{"title":"\u00c9quipe Canada - Wheelchair Basketball Canada","robots":{"index":"index","follow":"follow","max-snippet":"max-snippet:-1","max-image-preview":"max-image-preview:large","max-video-preview":"max-video-preview:-1"},"canonical":"https:\/\/www.wheelchairbasketball.ca\/fr\/equipe-canada\/","og_locale":"fr_FR","og_type":"article","og_title":"\u00c9quipe Canada - Wheelchair Basketball Canada","og_description":"Les programmes de l\u2019\u00e9quipe canadienne de basketball en fauteuil roulant se composent des hommes juniors (\u00e2g\u00e9s de moins de 23\u00a0ans), des femmes juniors\u00a0(\u00e2g\u00e9es de moins de 25 ans) et de deux programmes seniors &#8211; l&rsquo;\u00e9quipe nationale masculine senior\u00a0et l&rsquo;\u00e9quipe nationale f\u00e9minine senior. Les programmes\u00a0existent dans le but d\u2019entra\u00eener les athl\u00e8tes qui auraient le potentiel voulu [&hellip;]","og_url":"https:\/\/www.wheelchairbasketball.ca\/fr\/equipe-canada\/","og_site_name":"Wheelchair Basketball Canada","article_publisher":"http:\/\/www.facebook.com\/wheelchairbasketball","article_modified_time":"2015-05-28T19:54:57+00:00","og_image":[{"width":1400,"height":600,"url":"https:\/\/www.wheelchairbasketball.ca\/wp-content\/uploads\/2015\/04\/TeamCanada-feature.jpg","type":"image\/jpeg"}],"twitter_card":"summary_large_image","twitter_site":"@WCBballCanada","schema":{"@context":"https:\/\/schema.org","@graph":[{"@type":"WebPage","@id":"https:\/\/www.wheelchairbasketball.ca\/fr\/equipe-canada\/","url":"https:\/\/www.wheelchairbasketball.ca\/fr\/equipe-canada\/","name":"\u00c9quipe Canada - Wheelchair Basketball Canada","isPartOf":{"@id":"https:\/\/www.wheelchairbasketball.ca\/#website"},"datePublished":"2015-04-01T19:24:17+00:00","dateModified":"2015-05-28T19:54:57+00:00","breadcrumb":{"@id":"https:\/\/www.wheelchairbasketball.ca\/fr\/equipe-canada\/#breadcrumb"},"inLanguage":"fr-FR","potentialAction":[{"@type":"ReadAction","target":["https:\/\/www.wheelchairbasketball.ca\/fr\/equipe-canada\/"]}]},{"@type":"BreadcrumbList","@id":"https:\/\/www.wheelchairbasketball.ca\/fr\/equipe-canada\/#breadcrumb","itemListElement":[{"@type":"ListItem","position":1,"name":"Home","item":"https:\/\/www.wheelchairbasketball.ca\/fr\/"},{"@type":"ListItem","position":2,"name":"\u00c9quipe Canada"}]},{"@type":"WebSite","@id":"https:\/\/www.wheelchairbasketball.ca\/#website","url":"https:\/\/www.wheelchairbasketball.ca\/","name":"Wheelchair Basketball Canada","description":"Real Life. Real Sport.","potentialAction":[{"@type":"SearchAction","target":{"@type":"EntryPoint","urlTemplate":"https:\/\/www.wheelchairbasketball.ca\/?s={search_term_string}"},"query-input":"required name=search_term_string"}],"inLanguage":"fr-FR"}]}},"_links":{"self":[{"href":"https:\/\/www.wheelchairbasketball.ca\/fr\/wp-json\/wp\/v2\/pages\/1539"}],"collection":[{"href":"https:\/\/www.wheelchairbasketball.ca\/fr\/wp-json\/wp\/v2\/pages"}],"about":[{"href":"https:\/\/www.wheelchairbasketball.ca\/fr\/wp-json\/wp\/v2\/types\/page"}],"author":[{"embeddable":true,"href":"https:\/\/www.wheelchairbasketball.ca\/fr\/wp-json\/wp\/v2\/users\/4"}],"replies":[{"embeddable":true,"href":"https:\/\/www.wheelchairbasketball.ca\/fr\/wp-json\/wp\/v2\/comments?post=1539"}],"version-history":[{"count":7,"href":"https:\/\/www.wheelchairbasketball.ca\/fr\/wp-json\/wp\/v2\/pages\/1539\/revisions"}],"predecessor-version":[{"id":3328,"href":"https:\/\/www.wheelchairbasketball.ca\/fr\/wp-json\/wp\/v2\/pages\/1539\/revisions\/3328"}],"wp:featuredmedia":[{"embeddable":true,"href":"https:\/\/www.wheelchairbasketball.ca\/fr\/wp-json\/wp\/v2\/media\/3325"}],"wp:attachment":[{"href":"https:\/\/www.wheelchairbasketball.ca\/fr\/wp-json\/wp\/v2\/media?parent=1539"}],"curies":[{"name":"wp","href":"https:\/\/api.w.org\/{rel}","templated":true}]}}