{"id":1544,"date":"2015-04-01T19:28:48","date_gmt":"2015-04-01T19:28:48","guid":{"rendered":"https:\/\/www.wheelchairbasketball.ca\/?page_id=1544"},"modified":"2015-04-01T19:28:48","modified_gmt":"2015-04-01T19:28:48","slug":"policy-disclaimer-2","status":"publish","type":"page","link":"https:\/\/www.wheelchairbasketball.ca\/fr\/policy-disclaimer-2\/","title":{"rendered":"Policy Disclaimer"},"content":{"rendered":"<p>Le pr\u00e9sent site Web est un produit de Basketball en fauteuil roulant Canada. Tous les logos et marques de Basketball en fauteuil roulant Canada ainsi que tout autre mat\u00e9riel exclusif qui figure sur le site Web appartient \u00e0 Basketball en fauteuil roulant Canada et ne peut \u00eatre reproduit sans consentement pr\u00e9alable par \u00e9crit. (c) Basketball en fauteuil roulant Canada. Tous droits r\u00e9serv\u00e9s.<\/p>\n<p><strong>Exactitude<\/strong><\/p>\n<p>Basketball en fauteuil roulant Canada fait tout son possible pour s\u2019assurer que l\u2019information qui se trouve sur son site Web est exacte et y figure en temps opportun, toutefois, en raison de circonstances ind\u00e9pendantes de notre volont\u00e9, cette information et ces dates peuvent changer sans pr\u00e9avis.<\/p>\n<p>Basketball en fauteuil roulant Canada n\u2019offre aucune garantie \u00e0 propos de l\u2019exactitude ou de l\u2019int\u00e9gralit\u00e9 de l\u2019information sur ces pages ou des graphiques connexes publi\u00e9s sur ce serveur, quel qu&rsquo;en soit le but. Tous les renseignements, documents et graphiques connexes sont fournis \u00ab tel quel \u00bb, sans aucune garantie, explicite ou implicite, prescrite par la loi ou autre.<\/p>\n<p><strong>Liens \u00e0 des sites de tiers<\/strong><\/p>\n<p>Tout lien \u00e0 un site de tiers suscite g\u00e9n\u00e9ralement l\u2019ouverture d\u2019une nouvelle fen\u00eatre du navigateur. Basketball en fauteuil roulant Canada fournit ces liens par souci de commodit\u00e9 et l\u2019inclusion de liens sur notre site Web ne signifie aucunement ni ne sous-entend explicitement que Basketball en fauteuil roulant Canada appuie ces sites de tiers, et ne doit en aucune fa\u00e7on \u00eatre tenu responsable du contenu figurant dans tout site Web d&rsquo;un tiers.<\/p>\n","protected":false},"excerpt":{"rendered":"Le pr\u00e9sent site Web est un produit de Basketball en fauteuil roulant Canada. Tous les logos et marques de Basketball en fauteuil roulant Canada ainsi que tout autre mat\u00e9riel exclusif qui figure sur le site Web appartient \u00e0 Basketball en fauteuil roulant Canada et ne peut \u00eatre reproduit sans consentement pr\u00e9alable par \u00e9crit. (c) Basketball [&hellip;]","protected":false},"author":4,"featured_media":0,"parent":0,"menu_order":17,"comment_status":"closed","ping_status":"open","template":"","meta":{"om_disable_all_campaigns":false,"_monsterinsights_skip_tracking":false,"_monsterinsights_sitenote_active":false,"_monsterinsights_sitenote_note":"","_monsterinsights_sitenote_category":0,"footnotes":""},"acf":[],"yoast_head":"<!-- This site is optimized with the Yoast SEO plugin v21.9.1 - https:\/\/yoast.com\/wordpress\/plugins\/seo\/ -->\n<title>Policy Disclaimer - Wheelchair Basketball Canada<\/title>\n<meta name=\"robots\" content=\"index, follow, max-snippet:-1, max-image-preview:large, max-video-preview:-1\" \/>\n<link rel=\"canonical\" href=\"https:\/\/www.wheelchairbasketball.ca\/fr\/policy-disclaimer-2\/\" \/>\n<meta property=\"og:locale\" content=\"fr_FR\" \/>\n<meta property=\"og:type\" content=\"article\" \/>\n<meta property=\"og:title\" content=\"Policy Disclaimer - Wheelchair Basketball Canada\" \/>\n<meta property=\"og:description\" content=\"Le pr\u00e9sent site Web est un produit de Basketball en fauteuil roulant Canada. Tous les logos et marques de Basketball en fauteuil roulant Canada ainsi que tout autre mat\u00e9riel exclusif qui figure sur le site Web appartient \u00e0 Basketball en fauteuil roulant Canada et ne peut \u00eatre reproduit sans consentement pr\u00e9alable par \u00e9crit. (c) Basketball [&hellip;]\" \/>\n<meta property=\"og:url\" content=\"https:\/\/www.wheelchairbasketball.ca\/fr\/policy-disclaimer-2\/\" \/>\n<meta property=\"og:site_name\" content=\"Wheelchair Basketball Canada\" \/>\n<meta property=\"article:publisher\" content=\"http:\/\/www.facebook.com\/wheelchairbasketball\" \/>\n<meta name=\"twitter:card\" content=\"summary_large_image\" \/>\n<meta name=\"twitter:site\" content=\"@WCBballCanada\" \/>\n<meta name=\"twitter:label1\" content=\"Dur\u00e9e de lecture estim\u00e9e\" \/>\n\t<meta name=\"twitter:data1\" content=\"1 minute\" \/>\n<script type=\"application\/ld+json\" class=\"yoast-schema-graph\">{\"@context\":\"https:\/\/schema.org\",\"@graph\":[{\"@type\":\"WebPage\",\"@id\":\"https:\/\/www.wheelchairbasketball.ca\/fr\/policy-disclaimer-2\/\",\"url\":\"https:\/\/www.wheelchairbasketball.ca\/fr\/policy-disclaimer-2\/\",\"name\":\"Policy Disclaimer - Wheelchair Basketball Canada\",\"isPartOf\":{\"@id\":\"https:\/\/www.wheelchairbasketball.ca\/#website\"},\"datePublished\":\"2015-04-01T19:28:48+00:00\",\"dateModified\":\"2015-04-01T19:28:48+00:00\",\"breadcrumb\":{\"@id\":\"https:\/\/www.wheelchairbasketball.ca\/fr\/policy-disclaimer-2\/#breadcrumb\"},\"inLanguage\":\"fr-FR\",\"potentialAction\":[{\"@type\":\"ReadAction\",\"target\":[\"https:\/\/www.wheelchairbasketball.ca\/fr\/policy-disclaimer-2\/\"]}]},{\"@type\":\"BreadcrumbList\",\"@id\":\"https:\/\/www.wheelchairbasketball.ca\/fr\/policy-disclaimer-2\/#breadcrumb\",\"itemListElement\":[{\"@type\":\"ListItem\",\"position\":1,\"name\":\"Home\",\"item\":\"https:\/\/www.wheelchairbasketball.ca\/fr\/\"},{\"@type\":\"ListItem\",\"position\":2,\"name\":\"Policy Disclaimer\"}]},{\"@type\":\"WebSite\",\"@id\":\"https:\/\/www.wheelchairbasketball.ca\/#website\",\"url\":\"https:\/\/www.wheelchairbasketball.ca\/\",\"name\":\"Wheelchair Basketball Canada\",\"description\":\"Real Life. Real Sport.\",\"potentialAction\":[{\"@type\":\"SearchAction\",\"target\":{\"@type\":\"EntryPoint\",\"urlTemplate\":\"https:\/\/www.wheelchairbasketball.ca\/?s={search_term_string}\"},\"query-input\":\"required name=search_term_string\"}],\"inLanguage\":\"fr-FR\"}]}<\/script>\n<!-- \/ Yoast SEO plugin. -->","yoast_head_json":{"title":"Policy Disclaimer - Wheelchair Basketball Canada","robots":{"index":"index","follow":"follow","max-snippet":"max-snippet:-1","max-image-preview":"max-image-preview:large","max-video-preview":"max-video-preview:-1"},"canonical":"https:\/\/www.wheelchairbasketball.ca\/fr\/policy-disclaimer-2\/","og_locale":"fr_FR","og_type":"article","og_title":"Policy Disclaimer - Wheelchair Basketball Canada","og_description":"Le pr\u00e9sent site Web est un produit de Basketball en fauteuil roulant Canada. Tous les logos et marques de Basketball en fauteuil roulant Canada ainsi que tout autre mat\u00e9riel exclusif qui figure sur le site Web appartient \u00e0 Basketball en fauteuil roulant Canada et ne peut \u00eatre reproduit sans consentement pr\u00e9alable par \u00e9crit. (c) Basketball [&hellip;]","og_url":"https:\/\/www.wheelchairbasketball.ca\/fr\/policy-disclaimer-2\/","og_site_name":"Wheelchair Basketball Canada","article_publisher":"http:\/\/www.facebook.com\/wheelchairbasketball","twitter_card":"summary_large_image","twitter_site":"@WCBballCanada","twitter_misc":{"Dur\u00e9e de lecture estim\u00e9e":"1 minute"},"schema":{"@context":"https:\/\/schema.org","@graph":[{"@type":"WebPage","@id":"https:\/\/www.wheelchairbasketball.ca\/fr\/policy-disclaimer-2\/","url":"https:\/\/www.wheelchairbasketball.ca\/fr\/policy-disclaimer-2\/","name":"Policy Disclaimer - Wheelchair Basketball Canada","isPartOf":{"@id":"https:\/\/www.wheelchairbasketball.ca\/#website"},"datePublished":"2015-04-01T19:28:48+00:00","dateModified":"2015-04-01T19:28:48+00:00","breadcrumb":{"@id":"https:\/\/www.wheelchairbasketball.ca\/fr\/policy-disclaimer-2\/#breadcrumb"},"inLanguage":"fr-FR","potentialAction":[{"@type":"ReadAction","target":["https:\/\/www.wheelchairbasketball.ca\/fr\/policy-disclaimer-2\/"]}]},{"@type":"BreadcrumbList","@id":"https:\/\/www.wheelchairbasketball.ca\/fr\/policy-disclaimer-2\/#breadcrumb","itemListElement":[{"@type":"ListItem","position":1,"name":"Home","item":"https:\/\/www.wheelchairbasketball.ca\/fr\/"},{"@type":"ListItem","position":2,"name":"Policy Disclaimer"}]},{"@type":"WebSite","@id":"https:\/\/www.wheelchairbasketball.ca\/#website","url":"https:\/\/www.wheelchairbasketball.ca\/","name":"Wheelchair Basketball Canada","description":"Real Life. Real Sport.","potentialAction":[{"@type":"SearchAction","target":{"@type":"EntryPoint","urlTemplate":"https:\/\/www.wheelchairbasketball.ca\/?s={search_term_string}"},"query-input":"required name=search_term_string"}],"inLanguage":"fr-FR"}]}},"_links":{"self":[{"href":"https:\/\/www.wheelchairbasketball.ca\/fr\/wp-json\/wp\/v2\/pages\/1544"}],"collection":[{"href":"https:\/\/www.wheelchairbasketball.ca\/fr\/wp-json\/wp\/v2\/pages"}],"about":[{"href":"https:\/\/www.wheelchairbasketball.ca\/fr\/wp-json\/wp\/v2\/types\/page"}],"author":[{"embeddable":true,"href":"https:\/\/www.wheelchairbasketball.ca\/fr\/wp-json\/wp\/v2\/users\/4"}],"replies":[{"embeddable":true,"href":"https:\/\/www.wheelchairbasketball.ca\/fr\/wp-json\/wp\/v2\/comments?post=1544"}],"version-history":[{"count":1,"href":"https:\/\/www.wheelchairbasketball.ca\/fr\/wp-json\/wp\/v2\/pages\/1544\/revisions"}],"predecessor-version":[{"id":1545,"href":"https:\/\/www.wheelchairbasketball.ca\/fr\/wp-json\/wp\/v2\/pages\/1544\/revisions\/1545"}],"wp:attachment":[{"href":"https:\/\/www.wheelchairbasketball.ca\/fr\/wp-json\/wp\/v2\/media?parent=1544"}],"curies":[{"name":"wp","href":"https:\/\/api.w.org\/{rel}","templated":true}]}}