{"id":1547,"date":"2015-04-01T19:42:14","date_gmt":"2015-04-01T19:42:14","guid":{"rendered":"https:\/\/www.wheelchairbasketball.ca\/?page_id=1547"},"modified":"2016-05-06T21:22:07","modified_gmt":"2016-05-06T21:22:07","slug":"politique-confidentialite","status":"publish","type":"page","link":"https:\/\/www.wheelchairbasketball.ca\/fr\/politique-confidentialite\/","title":{"rendered":"Politique de confidentialit\u00e9"},"content":{"rendered":"<p>Basketball en fauteuil roulant Canada reconna\u00eet l\u2019importance de la protection de vos renseignements personnels et en tient compte. Toute information est recueillie \u00e0 usage interne seulement et ne sera pas divulgu\u00e9e \u00e0 des tiers.<\/p>\n<p>Pour toute question ou pr\u00e9occupation particuli\u00e8re <a title=\"Contactez-nous\" href=\"https:\/\/www.wheelchairbasketball.ca\/fr\/a-propos-de-nous\/contactez-nous\/\">contactez-nous<\/a>. Vous pouvez nous joindre par courriel \u00e0\u00a0<a title=\"Privacy\" href=\"&#x6d;&#x61;&#x69;&#108;&#116;o:&#x69;&#x6e;&#x66;&#111;&#64;wh&#x65;&#x65;&#x6c;&#99;&#104;ai&#x72;&#x62;&#x61;&#115;&#107;et&#x62;&#x61;&#x6c;&#108;&#46;ca?subject=Privacy\">&#x69;&#110;&#x66;&#x6f;&#64;&#x77;&#104;e&#x65;&#108;c&#x68;&#97;&#x69;&#x72;b&#x61;&#115;k&#x65;&#116;b&#x61;&#108;&#x6c;&#x2e;&#99;&#x61;<\/a>.<\/p>\n","protected":false},"excerpt":{"rendered":"Basketball en fauteuil roulant Canada reconna\u00eet l\u2019importance de la protection de vos renseignements personnels et en tient compte. Toute information est recueillie \u00e0 usage interne seulement et ne sera pas divulgu\u00e9e \u00e0 des tiers. Pour toute question ou pr\u00e9occupation particuli\u00e8re contactez-nous. Vous pouvez nous joindre par courriel \u00e0\u00a0&#x69;&#x6e;&#x66;&#x6f;&#x40;&#x77;&#x68;&#x65;&#x65;&#x6c;&#x63;&#x68;&#x61;&#x69;&#x72;&#x62;&#x61;&#x73;&#x6b;&#x65;&#x74;&#x62;&#x61;&#x6c;&#x6c;&#x2e;&#x63;&#x61;.","protected":false},"author":4,"featured_media":0,"parent":0,"menu_order":19,"comment_status":"closed","ping_status":"open","template":"","meta":{"om_disable_all_campaigns":false,"_monsterinsights_skip_tracking":false,"_monsterinsights_sitenote_active":false,"_monsterinsights_sitenote_note":"","_monsterinsights_sitenote_category":0,"footnotes":""},"acf":[],"yoast_head":"<!-- This site is optimized with the Yoast SEO plugin v21.9.1 - https:\/\/yoast.com\/wordpress\/plugins\/seo\/ -->\n<title>Politique de confidentialit\u00e9 - Wheelchair Basketball Canada<\/title>\n<meta name=\"robots\" content=\"index, follow, max-snippet:-1, max-image-preview:large, max-video-preview:-1\" \/>\n<link rel=\"canonical\" href=\"https:\/\/www.wheelchairbasketball.ca\/fr\/politique-confidentialite\/\" \/>\n<meta property=\"og:locale\" content=\"fr_FR\" \/>\n<meta property=\"og:type\" content=\"article\" \/>\n<meta property=\"og:title\" content=\"Politique de confidentialit\u00e9 - Wheelchair Basketball Canada\" \/>\n<meta property=\"og:description\" content=\"Basketball en fauteuil roulant Canada reconna\u00eet l\u2019importance de la protection de vos renseignements personnels et en tient compte. Toute information est recueillie \u00e0 usage interne seulement et ne sera pas divulgu\u00e9e \u00e0 des tiers. Pour toute question ou pr\u00e9occupation particuli\u00e8re contactez-nous. Vous pouvez nous joindre par courriel \u00e0\u00a0&#105;&#x6e;&#102;&#x6f;&#064;&#x77;h&#x65;e&#x6c;c&#104;&#x61;&#105;&#x72;&#098;&#x61;&#115;&#x6b;e&#x74;b&#x61;l&#108;&#x2e;&#099;&#x61;.\" \/>\n<meta property=\"og:url\" content=\"https:\/\/www.wheelchairbasketball.ca\/fr\/politique-confidentialite\/\" \/>\n<meta property=\"og:site_name\" content=\"Wheelchair Basketball Canada\" \/>\n<meta property=\"article:publisher\" content=\"http:\/\/www.facebook.com\/wheelchairbasketball\" \/>\n<meta property=\"article:modified_time\" content=\"2016-05-06T21:22:07+00:00\" \/>\n<meta name=\"twitter:card\" content=\"summary_large_image\" \/>\n<meta name=\"twitter:site\" content=\"@WCBballCanada\" \/>\n<script type=\"application\/ld+json\" class=\"yoast-schema-graph\">{\"@context\":\"https:\/\/schema.org\",\"@graph\":[{\"@type\":\"WebPage\",\"@id\":\"https:\/\/www.wheelchairbasketball.ca\/fr\/politique-confidentialite\/\",\"url\":\"https:\/\/www.wheelchairbasketball.ca\/fr\/politique-confidentialite\/\",\"name\":\"Politique de confidentialit\u00e9 - Wheelchair Basketball Canada\",\"isPartOf\":{\"@id\":\"https:\/\/www.wheelchairbasketball.ca\/#website\"},\"datePublished\":\"2015-04-01T19:42:14+00:00\",\"dateModified\":\"2016-05-06T21:22:07+00:00\",\"breadcrumb\":{\"@id\":\"https:\/\/www.wheelchairbasketball.ca\/fr\/politique-confidentialite\/#breadcrumb\"},\"inLanguage\":\"fr-FR\",\"potentialAction\":[{\"@type\":\"ReadAction\",\"target\":[\"https:\/\/www.wheelchairbasketball.ca\/fr\/politique-confidentialite\/\"]}]},{\"@type\":\"BreadcrumbList\",\"@id\":\"https:\/\/www.wheelchairbasketball.ca\/fr\/politique-confidentialite\/#breadcrumb\",\"itemListElement\":[{\"@type\":\"ListItem\",\"position\":1,\"name\":\"Home\",\"item\":\"https:\/\/www.wheelchairbasketball.ca\/fr\/\"},{\"@type\":\"ListItem\",\"position\":2,\"name\":\"Politique de confidentialit\u00e9\"}]},{\"@type\":\"WebSite\",\"@id\":\"https:\/\/www.wheelchairbasketball.ca\/#website\",\"url\":\"https:\/\/www.wheelchairbasketball.ca\/\",\"name\":\"Wheelchair Basketball Canada\",\"description\":\"Real Life. Real Sport.\",\"potentialAction\":[{\"@type\":\"SearchAction\",\"target\":{\"@type\":\"EntryPoint\",\"urlTemplate\":\"https:\/\/www.wheelchairbasketball.ca\/?s={search_term_string}\"},\"query-input\":\"required name=search_term_string\"}],\"inLanguage\":\"fr-FR\"}]}<\/script>\n<!-- \/ Yoast SEO plugin. -->","yoast_head_json":{"title":"Politique de confidentialit\u00e9 - Wheelchair Basketball Canada","robots":{"index":"index","follow":"follow","max-snippet":"max-snippet:-1","max-image-preview":"max-image-preview:large","max-video-preview":"max-video-preview:-1"},"canonical":"https:\/\/www.wheelchairbasketball.ca\/fr\/politique-confidentialite\/","og_locale":"fr_FR","og_type":"article","og_title":"Politique de confidentialit\u00e9 - Wheelchair Basketball Canada","og_description":"Basketball en fauteuil roulant Canada reconna\u00eet l\u2019importance de la protection de vos renseignements personnels et en tient compte. Toute information est recueillie \u00e0 usage interne seulement et ne sera pas divulgu\u00e9e \u00e0 des tiers. Pour toute question ou pr\u00e9occupation particuli\u00e8re contactez-nous. Vous pouvez nous joindre par courriel \u00e0\u00a0&#105;&#x6e;&#102;&#x6f;&#64;&#x77;h&#x65;e&#x6c;c&#104;&#x61;&#105;&#x72;&#98;&#x61;&#115;&#x6b;e&#x74;b&#x61;l&#108;&#x2e;&#99;&#x61;.","og_url":"https:\/\/www.wheelchairbasketball.ca\/fr\/politique-confidentialite\/","og_site_name":"Wheelchair Basketball Canada","article_publisher":"http:\/\/www.facebook.com\/wheelchairbasketball","article_modified_time":"2016-05-06T21:22:07+00:00","twitter_card":"summary_large_image","twitter_site":"@WCBballCanada","schema":{"@context":"https:\/\/schema.org","@graph":[{"@type":"WebPage","@id":"https:\/\/www.wheelchairbasketball.ca\/fr\/politique-confidentialite\/","url":"https:\/\/www.wheelchairbasketball.ca\/fr\/politique-confidentialite\/","name":"Politique de confidentialit\u00e9 - Wheelchair Basketball Canada","isPartOf":{"@id":"https:\/\/www.wheelchairbasketball.ca\/#website"},"datePublished":"2015-04-01T19:42:14+00:00","dateModified":"2016-05-06T21:22:07+00:00","breadcrumb":{"@id":"https:\/\/www.wheelchairbasketball.ca\/fr\/politique-confidentialite\/#breadcrumb"},"inLanguage":"fr-FR","potentialAction":[{"@type":"ReadAction","target":["https:\/\/www.wheelchairbasketball.ca\/fr\/politique-confidentialite\/"]}]},{"@type":"BreadcrumbList","@id":"https:\/\/www.wheelchairbasketball.ca\/fr\/politique-confidentialite\/#breadcrumb","itemListElement":[{"@type":"ListItem","position":1,"name":"Home","item":"https:\/\/www.wheelchairbasketball.ca\/fr\/"},{"@type":"ListItem","position":2,"name":"Politique de confidentialit\u00e9"}]},{"@type":"WebSite","@id":"https:\/\/www.wheelchairbasketball.ca\/#website","url":"https:\/\/www.wheelchairbasketball.ca\/","name":"Wheelchair Basketball Canada","description":"Real Life. Real Sport.","potentialAction":[{"@type":"SearchAction","target":{"@type":"EntryPoint","urlTemplate":"https:\/\/www.wheelchairbasketball.ca\/?s={search_term_string}"},"query-input":"required name=search_term_string"}],"inLanguage":"fr-FR"}]}},"_links":{"self":[{"href":"https:\/\/www.wheelchairbasketball.ca\/fr\/wp-json\/wp\/v2\/pages\/1547"}],"collection":[{"href":"https:\/\/www.wheelchairbasketball.ca\/fr\/wp-json\/wp\/v2\/pages"}],"about":[{"href":"https:\/\/www.wheelchairbasketball.ca\/fr\/wp-json\/wp\/v2\/types\/page"}],"author":[{"embeddable":true,"href":"https:\/\/www.wheelchairbasketball.ca\/fr\/wp-json\/wp\/v2\/users\/4"}],"replies":[{"embeddable":true,"href":"https:\/\/www.wheelchairbasketball.ca\/fr\/wp-json\/wp\/v2\/comments?post=1547"}],"version-history":[{"count":4,"href":"https:\/\/www.wheelchairbasketball.ca\/fr\/wp-json\/wp\/v2\/pages\/1547\/revisions"}],"predecessor-version":[{"id":5969,"href":"https:\/\/www.wheelchairbasketball.ca\/fr\/wp-json\/wp\/v2\/pages\/1547\/revisions\/5969"}],"wp:attachment":[{"href":"https:\/\/www.wheelchairbasketball.ca\/fr\/wp-json\/wp\/v2\/media?parent=1547"}],"curies":[{"name":"wp","href":"https:\/\/api.w.org\/{rel}","templated":true}]}}