{"id":1549,"date":"2015-04-01T19:51:36","date_gmt":"2015-04-01T19:51:36","guid":{"rendered":"https:\/\/www.wheelchairbasketball.ca\/?page_id=1549"},"modified":"2015-05-22T16:54:47","modified_gmt":"2015-05-22T16:54:47","slug":"jeux-paralympiques-de-londres-2012","status":"publish","type":"page","link":"https:\/\/www.wheelchairbasketball.ca\/fr\/evenements\/jeux-paralympiques\/jeux-paralympiques-de-londres-2012\/","title":{"rendered":"Jeux paralympiques de 2012 \u00e0 Londres"},"content":{"rendered":"<p>Les Jeux paralympiques de 2012 \u00e0 Londres ont \u00e9t\u00e9\u00a0les plus importants jamais pr\u00e9sent\u00e9s, mettant en vedette 20 sports, y compris le basketball en fauteuil roulant, qui ont \u00e9t\u00e9 contest\u00e9s par des athl\u00e8tes de 163 pays concourrents.<\/p>\n<p>Les Jeux paralympiques ont eu lieu\u00a0du 29 ao\u00fbt au 9 septembre 2012, \u00e0 Londres, en Angleterre. Les comp\u00e9titions de basketball en fauteuil roulant ont eu lieu\u00a0du 30 ao\u00fbt au 8 septembre au pavillon de basketball et \u00e0 la North Greenwich Arena.<\/p>\n<h3>\u00c9quipe canadienne masculine m\u00e9daill\u00e9e d&rsquo;or<\/h3>\n<div class=\"thevid\"><iframe loading=\"lazy\" src=\"http:\/\/www.youtube.com\/embed\/y44koDmznoQ?wmode=transparent\" width=\"450\" height=\"300\" frameborder=\"0\" allowfullscreen=\"allowfullscreen\"><\/iframe><\/div>\n<p>&nbsp;<\/p>\n<h3>Classements finals\u00a0&#8211; Hommes<\/h3>\n<table style=\"width: 500px;\" border=\"1\" cellspacing=\"2\" cellpadding=\"5\">\n<tbody>\n<tr>\n<td align=\"center\" valign=\"top\"><strong>Rang<\/strong><\/td>\n<td align=\"left\" valign=\"top\"><b>\u00c9quipe<\/b><\/td>\n<td align=\"center\" valign=\"top\"><b>Fiche<\/b><\/td>\n<td align=\"center\" valign=\"top\"><b>Classement de groupe<\/b><\/td>\n<\/tr>\n<tr>\n<td align=\"center\" valign=\"top\">1<\/td>\n<td align=\"left\" valign=\"top\">Canada (CAN)<\/td>\n<td align=\"center\" valign=\"top\">8-0<\/td>\n<td align=\"center\" valign=\"top\">1 &#8211; B<\/td>\n<\/tr>\n<tr>\n<td align=\"center\" valign=\"top\">2<\/td>\n<td align=\"left\" valign=\"top\">Australie (AUS)<\/td>\n<td align=\"center\" valign=\"top\">7-1<\/td>\n<td align=\"center\" valign=\"top\">1 &#8211; A<\/td>\n<\/tr>\n<tr>\n<td align=\"center\" valign=\"top\">3<\/td>\n<td align=\"left\" valign=\"top\">\u00c9tats-Unis (USA)<\/td>\n<td align=\"center\" valign=\"top\">5-3<\/td>\n<td align=\"center\" valign=\"top\">3 &#8211; A<\/td>\n<\/tr>\n<tr>\n<td align=\"center\" valign=\"top\">4<\/td>\n<td align=\"left\" valign=\"top\">Grande-Bretagne (GBR)<\/td>\n<td align=\"center\" valign=\"top\">4-4<\/td>\n<td align=\"center\" valign=\"top\">3 &#8211; B<\/td>\n<\/tr>\n<tr>\n<td align=\"center\" valign=\"top\">5<\/td>\n<td align=\"left\" valign=\"top\">Espagne (ESP)<\/td>\n<td align=\"center\" valign=\"top\">5-3<\/td>\n<td align=\"center\" valign=\"top\">4 &#8211; A<\/td>\n<\/tr>\n<tr>\n<td align=\"center\" valign=\"top\">6<\/td>\n<td align=\"left\" valign=\"top\">Allemagne (GER)<\/td>\n<td align=\"center\" valign=\"top\">5-3<\/td>\n<td align=\"center\" valign=\"top\">2 &#8211; B<\/td>\n<\/tr>\n<tr>\n<td align=\"center\" valign=\"top\">7<\/td>\n<td align=\"left\" valign=\"top\">Turquie (TUR)<\/td>\n<td align=\"center\" valign=\"top\">4-4<\/td>\n<td align=\"center\" valign=\"top\">2 &#8211; A<\/td>\n<\/tr>\n<tr>\n<td align=\"center\" valign=\"top\">8<\/td>\n<td align=\"left\" valign=\"top\">Pologne (POL)<\/td>\n<td align=\"center\" valign=\"top\">2-6<\/td>\n<td align=\"center\" valign=\"top\">4 &#8211; B<\/td>\n<\/tr>\n<tr>\n<td align=\"center\" valign=\"top\">9<\/td>\n<td align=\"left\" valign=\"top\">Japon (JPN)<\/td>\n<td align=\"center\" valign=\"top\">2-4<\/td>\n<td align=\"center\" valign=\"top\">5 &#8211; B<\/td>\n<\/tr>\n<tr>\n<td align=\"center\" valign=\"top\">10<\/td>\n<td align=\"left\" valign=\"top\">Italie (ITA)<\/td>\n<td align=\"center\" valign=\"top\">1-5<\/td>\n<td align=\"center\" valign=\"top\">5 &#8211; A<\/td>\n<\/tr>\n<tr>\n<td align=\"center\" valign=\"top\">11<\/td>\n<td align=\"left\" valign=\"top\">Colombie (COL)<\/td>\n<td align=\"center\" valign=\"top\">1-5<\/td>\n<td align=\"center\" valign=\"top\">6 &#8211; B<\/td>\n<\/tr>\n<tr>\n<td align=\"center\" valign=\"top\">12<\/td>\n<td align=\"left\" valign=\"top\">Afrique du Sud (RSA)<\/td>\n<td align=\"center\" valign=\"top\">0-6<\/td>\n<td align=\"center\" valign=\"top\">6 &#8211; A<\/td>\n<\/tr>\n<\/tbody>\n<\/table>\n<p>&nbsp;<\/p>\n<h3>Classements finals\u00a0&#8211; Femmes<\/h3>\n<table style=\"width: 500px;\" border=\"1\" cellspacing=\"2\" cellpadding=\"5\">\n<tbody>\n<tr>\n<td align=\"center\" valign=\"top\"><strong>Rang<\/strong><\/td>\n<td align=\"left\" valign=\"top\"><b>\u00c9quipe<\/b><\/td>\n<td align=\"center\" valign=\"top\"><b>Fiche<\/b><\/td>\n<td align=\"center\" valign=\"top\"><b>Classement de groupe<\/b><\/td>\n<\/tr>\n<tr>\n<td align=\"center\" valign=\"top\">1<\/td>\n<td align=\"left\" valign=\"top\">Allemagne (GER)<\/td>\n<td align=\"center\" valign=\"top\">7-0<\/td>\n<td align=\"center\" valign=\"top\">1 &#8211; B<\/td>\n<\/tr>\n<tr>\n<td align=\"center\" valign=\"top\">2<\/td>\n<td align=\"left\" valign=\"top\">Australie (AUS)<\/td>\n<td align=\"center\" valign=\"top\">5-2<\/td>\n<td align=\"center\" valign=\"top\">1 &#8211; A<\/td>\n<\/tr>\n<tr>\n<td align=\"center\" valign=\"top\">3<\/td>\n<td align=\"left\" valign=\"top\">Pays-Bas (NED)<\/td>\n<td align=\"center\" valign=\"top\">5-2<\/td>\n<td align=\"center\" valign=\"top\">2 &#8211; A<\/td>\n<\/tr>\n<tr>\n<td align=\"center\" valign=\"top\">4<\/td>\n<td align=\"left\" valign=\"top\">\u00c9tats-Unis (USA)<\/td>\n<td align=\"center\" valign=\"top\">4-3<\/td>\n<td align=\"center\" valign=\"top\">2 &#8211; B<\/td>\n<\/tr>\n<tr>\n<td align=\"center\" valign=\"top\">5<\/td>\n<td align=\"left\" valign=\"top\">Chine (CHN)<\/td>\n<td align=\"center\" valign=\"top\">4-3<\/td>\n<td align=\"center\" valign=\"top\">3 &#8211; B<\/td>\n<\/tr>\n<tr>\n<td align=\"center\" valign=\"top\">6<\/td>\n<td align=\"left\" valign=\"top\">Canada (CAN)<\/td>\n<td align=\"center\" valign=\"top\">4-3<\/td>\n<td align=\"center\" valign=\"top\">3 &#8211; A<\/td>\n<\/tr>\n<tr>\n<td align=\"center\" valign=\"top\">7<\/td>\n<td align=\"left\" valign=\"top\">Grande-Bretagne (GBR)<\/td>\n<td align=\"center\" valign=\"top\">2-5<\/td>\n<td align=\"center\" valign=\"top\">4 &#8211; A<\/td>\n<\/tr>\n<tr>\n<td align=\"center\" valign=\"top\">8<\/td>\n<td align=\"left\" valign=\"top\">Mexique (MEX)<\/td>\n<td align=\"center\" valign=\"top\">1-6<\/td>\n<td align=\"center\" valign=\"top\">4 &#8211; B<\/td>\n<\/tr>\n<tr>\n<td align=\"center\" valign=\"top\">9<\/td>\n<td align=\"left\" valign=\"top\">Br\u00e9sil (BRA)<\/td>\n<td align=\"center\" valign=\"top\">1-4<\/td>\n<td align=\"center\" valign=\"top\">5 &#8211; A<\/td>\n<\/tr>\n<tr>\n<td align=\"center\" valign=\"top\">10<\/td>\n<td align=\"left\" valign=\"top\">France (FRA)<\/td>\n<td align=\"center\" valign=\"top\">0-5<\/td>\n<td align=\"center\" valign=\"top\">5 &#8211; B<\/td>\n<\/tr>\n<\/tbody>\n<\/table>\n<p>&nbsp;<\/p>\n","protected":false},"excerpt":{"rendered":"Les Jeux paralympiques de 2012 \u00e0 Londres ont \u00e9t\u00e9\u00a0les plus importants jamais pr\u00e9sent\u00e9s, mettant en vedette 20 sports, y compris le basketball en fauteuil roulant, qui ont \u00e9t\u00e9 contest\u00e9s par des athl\u00e8tes de 163 pays concourrents. Les Jeux paralympiques ont eu lieu\u00a0du 29 ao\u00fbt au 9 septembre 2012, \u00e0 Londres, en Angleterre. Les comp\u00e9titions de [&hellip;]","protected":false},"author":4,"featured_media":3019,"parent":1273,"menu_order":1,"comment_status":"closed","ping_status":"closed","template":"","meta":{"om_disable_all_campaigns":false,"_monsterinsights_skip_tracking":false,"_monsterinsights_sitenote_active":false,"_monsterinsights_sitenote_note":"","_monsterinsights_sitenote_category":0,"footnotes":""},"acf":[],"yoast_head":"<!-- This site is optimized with the Yoast SEO plugin v21.9.1 - https:\/\/yoast.com\/wordpress\/plugins\/seo\/ -->\n<title>Jeux paralympiques de 2012 \u00e0 Londres - Wheelchair Basketball Canada<\/title>\n<meta name=\"robots\" content=\"index, follow, max-snippet:-1, max-image-preview:large, max-video-preview:-1\" \/>\n<link rel=\"canonical\" href=\"https:\/\/www.wheelchairbasketball.ca\/fr\/evenements\/jeux-paralympiques\/jeux-paralympiques-de-londres-2012\/\" \/>\n<meta property=\"og:locale\" content=\"fr_FR\" \/>\n<meta property=\"og:type\" content=\"article\" \/>\n<meta property=\"og:title\" content=\"Jeux paralympiques de 2012 \u00e0 Londres - Wheelchair Basketball Canada\" \/>\n<meta property=\"og:description\" content=\"Les Jeux paralympiques de 2012 \u00e0 Londres ont \u00e9t\u00e9\u00a0les plus importants jamais pr\u00e9sent\u00e9s, mettant en vedette 20 sports, y compris le basketball en fauteuil roulant, qui ont \u00e9t\u00e9 contest\u00e9s par des athl\u00e8tes de 163 pays concourrents. Les Jeux paralympiques ont eu lieu\u00a0du 29 ao\u00fbt au 9 septembre 2012, \u00e0 Londres, en Angleterre. Les comp\u00e9titions de [&hellip;]\" \/>\n<meta property=\"og:url\" content=\"https:\/\/www.wheelchairbasketball.ca\/fr\/evenements\/jeux-paralympiques\/jeux-paralympiques-de-londres-2012\/\" \/>\n<meta property=\"og:site_name\" content=\"Wheelchair Basketball Canada\" \/>\n<meta property=\"article:publisher\" content=\"http:\/\/www.facebook.com\/wheelchairbasketball\" \/>\n<meta property=\"article:modified_time\" content=\"2015-05-22T16:54:47+00:00\" \/>\n<meta property=\"og:image\" content=\"https:\/\/www.wheelchairbasketball.ca\/wp-content\/uploads\/2015\/03\/London2012-Feature-Image.jpg\" \/>\n\t<meta property=\"og:image:width\" content=\"1400\" \/>\n\t<meta property=\"og:image:height\" content=\"600\" \/>\n\t<meta property=\"og:image:type\" content=\"image\/jpeg\" \/>\n<meta name=\"twitter:card\" content=\"summary_large_image\" \/>\n<meta name=\"twitter:site\" content=\"@WCBballCanada\" \/>\n<meta name=\"twitter:label1\" content=\"Dur\u00e9e de lecture estim\u00e9e\" \/>\n\t<meta name=\"twitter:data1\" content=\"1 minute\" \/>\n<script type=\"application\/ld+json\" class=\"yoast-schema-graph\">{\"@context\":\"https:\/\/schema.org\",\"@graph\":[{\"@type\":\"WebPage\",\"@id\":\"https:\/\/www.wheelchairbasketball.ca\/fr\/evenements\/jeux-paralympiques\/jeux-paralympiques-de-londres-2012\/\",\"url\":\"https:\/\/www.wheelchairbasketball.ca\/fr\/evenements\/jeux-paralympiques\/jeux-paralympiques-de-londres-2012\/\",\"name\":\"Jeux paralympiques de 2012 \u00e0 Londres - Wheelchair Basketball Canada\",\"isPartOf\":{\"@id\":\"https:\/\/www.wheelchairbasketball.ca\/#website\"},\"datePublished\":\"2015-04-01T19:51:36+00:00\",\"dateModified\":\"2015-05-22T16:54:47+00:00\",\"breadcrumb\":{\"@id\":\"https:\/\/www.wheelchairbasketball.ca\/fr\/evenements\/jeux-paralympiques\/jeux-paralympiques-de-londres-2012\/#breadcrumb\"},\"inLanguage\":\"fr-FR\",\"potentialAction\":[{\"@type\":\"ReadAction\",\"target\":[\"https:\/\/www.wheelchairbasketball.ca\/fr\/evenements\/jeux-paralympiques\/jeux-paralympiques-de-londres-2012\/\"]}]},{\"@type\":\"BreadcrumbList\",\"@id\":\"https:\/\/www.wheelchairbasketball.ca\/fr\/evenements\/jeux-paralympiques\/jeux-paralympiques-de-londres-2012\/#breadcrumb\",\"itemListElement\":[{\"@type\":\"ListItem\",\"position\":1,\"name\":\"Home\",\"item\":\"https:\/\/www.wheelchairbasketball.ca\/fr\/\"},{\"@type\":\"ListItem\",\"position\":2,\"name\":\"\u00c9v\u00e9nements\",\"item\":\"https:\/\/www.wheelchairbasketball.ca\/fr\/evenements\/\"},{\"@type\":\"ListItem\",\"position\":3,\"name\":\"Jeux paralympiques\",\"item\":\"https:\/\/www.wheelchairbasketball.ca\/fr\/evenements\/jeux-paralympiques\/\"},{\"@type\":\"ListItem\",\"position\":4,\"name\":\"Jeux paralympiques de 2012 \u00e0 Londres\"}]},{\"@type\":\"WebSite\",\"@id\":\"https:\/\/www.wheelchairbasketball.ca\/#website\",\"url\":\"https:\/\/www.wheelchairbasketball.ca\/\",\"name\":\"Wheelchair Basketball Canada\",\"description\":\"Real Life. Real Sport.\",\"potentialAction\":[{\"@type\":\"SearchAction\",\"target\":{\"@type\":\"EntryPoint\",\"urlTemplate\":\"https:\/\/www.wheelchairbasketball.ca\/?s={search_term_string}\"},\"query-input\":\"required name=search_term_string\"}],\"inLanguage\":\"fr-FR\"}]}<\/script>\n<!-- \/ Yoast SEO plugin. -->","yoast_head_json":{"title":"Jeux paralympiques de 2012 \u00e0 Londres - Wheelchair Basketball Canada","robots":{"index":"index","follow":"follow","max-snippet":"max-snippet:-1","max-image-preview":"max-image-preview:large","max-video-preview":"max-video-preview:-1"},"canonical":"https:\/\/www.wheelchairbasketball.ca\/fr\/evenements\/jeux-paralympiques\/jeux-paralympiques-de-londres-2012\/","og_locale":"fr_FR","og_type":"article","og_title":"Jeux paralympiques de 2012 \u00e0 Londres - Wheelchair Basketball Canada","og_description":"Les Jeux paralympiques de 2012 \u00e0 Londres ont \u00e9t\u00e9\u00a0les plus importants jamais pr\u00e9sent\u00e9s, mettant en vedette 20 sports, y compris le basketball en fauteuil roulant, qui ont \u00e9t\u00e9 contest\u00e9s par des athl\u00e8tes de 163 pays concourrents. Les Jeux paralympiques ont eu lieu\u00a0du 29 ao\u00fbt au 9 septembre 2012, \u00e0 Londres, en Angleterre. Les comp\u00e9titions de [&hellip;]","og_url":"https:\/\/www.wheelchairbasketball.ca\/fr\/evenements\/jeux-paralympiques\/jeux-paralympiques-de-londres-2012\/","og_site_name":"Wheelchair Basketball Canada","article_publisher":"http:\/\/www.facebook.com\/wheelchairbasketball","article_modified_time":"2015-05-22T16:54:47+00:00","og_image":[{"width":1400,"height":600,"url":"https:\/\/www.wheelchairbasketball.ca\/wp-content\/uploads\/2015\/03\/London2012-Feature-Image.jpg","type":"image\/jpeg"}],"twitter_card":"summary_large_image","twitter_site":"@WCBballCanada","twitter_misc":{"Dur\u00e9e de lecture estim\u00e9e":"1 minute"},"schema":{"@context":"https:\/\/schema.org","@graph":[{"@type":"WebPage","@id":"https:\/\/www.wheelchairbasketball.ca\/fr\/evenements\/jeux-paralympiques\/jeux-paralympiques-de-londres-2012\/","url":"https:\/\/www.wheelchairbasketball.ca\/fr\/evenements\/jeux-paralympiques\/jeux-paralympiques-de-londres-2012\/","name":"Jeux paralympiques de 2012 \u00e0 Londres - Wheelchair Basketball Canada","isPartOf":{"@id":"https:\/\/www.wheelchairbasketball.ca\/#website"},"datePublished":"2015-04-01T19:51:36+00:00","dateModified":"2015-05-22T16:54:47+00:00","breadcrumb":{"@id":"https:\/\/www.wheelchairbasketball.ca\/fr\/evenements\/jeux-paralympiques\/jeux-paralympiques-de-londres-2012\/#breadcrumb"},"inLanguage":"fr-FR","potentialAction":[{"@type":"ReadAction","target":["https:\/\/www.wheelchairbasketball.ca\/fr\/evenements\/jeux-paralympiques\/jeux-paralympiques-de-londres-2012\/"]}]},{"@type":"BreadcrumbList","@id":"https:\/\/www.wheelchairbasketball.ca\/fr\/evenements\/jeux-paralympiques\/jeux-paralympiques-de-londres-2012\/#breadcrumb","itemListElement":[{"@type":"ListItem","position":1,"name":"Home","item":"https:\/\/www.wheelchairbasketball.ca\/fr\/"},{"@type":"ListItem","position":2,"name":"\u00c9v\u00e9nements","item":"https:\/\/www.wheelchairbasketball.ca\/fr\/evenements\/"},{"@type":"ListItem","position":3,"name":"Jeux paralympiques","item":"https:\/\/www.wheelchairbasketball.ca\/fr\/evenements\/jeux-paralympiques\/"},{"@type":"ListItem","position":4,"name":"Jeux paralympiques de 2012 \u00e0 Londres"}]},{"@type":"WebSite","@id":"https:\/\/www.wheelchairbasketball.ca\/#website","url":"https:\/\/www.wheelchairbasketball.ca\/","name":"Wheelchair Basketball Canada","description":"Real Life. Real Sport.","potentialAction":[{"@type":"SearchAction","target":{"@type":"EntryPoint","urlTemplate":"https:\/\/www.wheelchairbasketball.ca\/?s={search_term_string}"},"query-input":"required name=search_term_string"}],"inLanguage":"fr-FR"}]}},"_links":{"self":[{"href":"https:\/\/www.wheelchairbasketball.ca\/fr\/wp-json\/wp\/v2\/pages\/1549"}],"collection":[{"href":"https:\/\/www.wheelchairbasketball.ca\/fr\/wp-json\/wp\/v2\/pages"}],"about":[{"href":"https:\/\/www.wheelchairbasketball.ca\/fr\/wp-json\/wp\/v2\/types\/page"}],"author":[{"embeddable":true,"href":"https:\/\/www.wheelchairbasketball.ca\/fr\/wp-json\/wp\/v2\/users\/4"}],"replies":[{"embeddable":true,"href":"https:\/\/www.wheelchairbasketball.ca\/fr\/wp-json\/wp\/v2\/comments?post=1549"}],"version-history":[{"count":3,"href":"https:\/\/www.wheelchairbasketball.ca\/fr\/wp-json\/wp\/v2\/pages\/1549\/revisions"}],"predecessor-version":[{"id":3035,"href":"https:\/\/www.wheelchairbasketball.ca\/fr\/wp-json\/wp\/v2\/pages\/1549\/revisions\/3035"}],"up":[{"embeddable":true,"href":"https:\/\/www.wheelchairbasketball.ca\/fr\/wp-json\/wp\/v2\/pages\/1273"}],"wp:featuredmedia":[{"embeddable":true,"href":"https:\/\/www.wheelchairbasketball.ca\/fr\/wp-json\/wp\/v2\/media\/3019"}],"wp:attachment":[{"href":"https:\/\/www.wheelchairbasketball.ca\/fr\/wp-json\/wp\/v2\/media?parent=1549"}],"curies":[{"name":"wp","href":"https:\/\/api.w.org\/{rel}","templated":true}]}}