{"id":1585,"date":"2015-04-01T20:44:53","date_gmt":"2015-04-01T20:44:53","guid":{"rendered":"https:\/\/www.wheelchairbasketball.ca\/?page_id=1585"},"modified":"2021-01-26T17:56:07","modified_gmt":"2021-01-26T17:56:07","slug":"camps-de-lacademie-nationale","status":"publish","type":"page","link":"https:\/\/www.wheelchairbasketball.ca\/fr\/equipe-canada\/academie-nationale\/camps-de-lacademie-nationale\/","title":{"rendered":"Camps de prochaine g\u00e9n\u00e9ration"},"content":{"rendered":"<p>Tout au long de l\u2019ann\u00e9e, BFRC\u00a0organisera une s\u00e9rie de camps de d\u00e9pistage des talents comportant un entra\u00eenement sur le terrain, des s\u00e9ances de musculation et d&rsquo;endurance\u00a0et\u00a0des s\u00e9ances d\u2019information.\u00a0 Ces camps sont con\u00e7us pour \u00e9valuer les athl\u00e8tes de basketball en fauteuil roulant qui ont le potentiel de participer aux programmes Prochaine G\u00e9n et de devenir membres de l&rsquo;\u00e9quipe nationale.<\/p>\n<h3>Camp sur invitation pour hommes M23 et femmes M25<\/h3>\n<p>Ce camp est con\u00e7u pour les athl\u00e8tes masculins (de moins de 23 ans) et les athl\u00e8tes f\u00e9minines (de moins de 25 ans) qui d\u00e9montrent le potentiel de devenir membres de l&rsquo;\u00e9quipe nationale dans l&rsquo;avenir. Seuls les athl\u00e8tes invit\u00e9s \u00e0 ce camp peuvent y participer. Les invitations sont coordonn\u00e9es avec l&rsquo;entra\u00eeneur en chef de l&rsquo;\u00e9quipe nationale masculine M23 et f\u00e9minine M25.\u00a0 Les athl\u00e8tes que ce camp int\u00e9resse devraient discuter de leur participation avec l&rsquo;entra\u00eeneur en question. Ce camp a lieu une fois par ann\u00e9e au Centre national d&rsquo;entra\u00eenement (CNE) et se tient conjointement avec le camp d&rsquo;entr\u00e9e tardive.<\/p>\n<h3>Camp d&rsquo;entr\u00e9e tardive<\/h3>\n<p><img loading=\"lazy\" decoding=\"async\" width=\"200\" height=\"269\" class=\"alignright size-full wp-image-2476\" src=\"https:\/\/www.wheelchairbasketball.ca\/wp-content\/uploads\/2015\/03\/ElodieTessier-portrait.jpg\" alt=\"\u00c9lodie Tessier\" \/>Ce camp s&rsquo;adresse aux athl\u00e8tes d&rsquo;entr\u00e9e tardive qui s&rsquo;int\u00e9ressent \u00e0 une participation possible au programme de l&rsquo;\u00e9quipe nationale. Il est con\u00e7u pour offrir le d\u00e9veloppement d&rsquo;aptitudes fondamentales ou avanc\u00e9es, selon les besoins de l&rsquo;athl\u00e8te. Il vise aussi \u00e0 permettre \u00e0 l&rsquo;athl\u00e8te de perfectionner les aptitudes n\u00e9cessaires pour choisir un parcours r\u00e9cr\u00e9atif ou comp\u00e9titif en basketball en fauteuil roulant.<\/p>\n<p>G\u00e9n\u00e9ralement, les athl\u00e8tes ont entre 18 et 28 ans, mais la structure du camp est telle que tous les athl\u00e8tes d&rsquo;entr\u00e9e tardive peuvent \u00eatre pris en consid\u00e9ration. Pour plus de renseignements sur ce camp, veuillez communiquer avec Mike\u00a0Frogley, directeur et entra\u00eeneur en chef de l&rsquo;Acad\u00e9mie nationale.<\/p>\n<h3>Camps de d\u00e9veloppement de haute performance provinciaux de BFRC<\/h3>\n<p>Ces camps sont organis\u00e9s et anim\u00e9s une fois l&rsquo;an,\u00a0dans chaque province,\u00a0par les entra\u00eeneurs du programme de l&rsquo;\u00e9quipe nationale de BFRC. Les athl\u00e8tes sont invit\u00e9s par leur province respective et \u00e9valu\u00e9s pendant\u00a0le camp\u00a0en fonction des mesures du profil des m\u00e9daill\u00e9s d&rsquo;or de BFRC. BFRC con\u00e7oit le curriculum et anime le camp en collaboration avec ses partenaires provinciaux et\u00a0avec\u00a0ceux provenant des clubs. Pour plus de renseignements sur\u00a0ces camps, veuillez communiquer avec Mike\u00a0Frogley, directeur et entra\u00eeneur en chef de l&rsquo;Acad\u00e9mie nationale.<\/p>\n<p>Pour obtenir les coordonn\u00e9es, veuillez consulter notre <a href=\"https:\/\/www.wheelchairbasketball.ca\/fr\/a-propos-de-nous\/contactez-nous\/personnel\/\">r\u00e9pertoire du personnel<\/a>.<\/p>\n","protected":false},"excerpt":{"rendered":"Tout au long de l\u2019ann\u00e9e, BFRC\u00a0organisera une s\u00e9rie de camps de d\u00e9pistage des talents comportant un entra\u00eenement sur le terrain, des s\u00e9ances de musculation et d&rsquo;endurance\u00a0et\u00a0des s\u00e9ances d\u2019information.\u00a0 Ces camps sont con\u00e7us pour \u00e9valuer les athl\u00e8tes de basketball en fauteuil roulant qui ont le potentiel de participer aux programmes Prochaine G\u00e9n et de devenir membres [&hellip;]","protected":false},"author":4,"featured_media":0,"parent":1532,"menu_order":0,"comment_status":"closed","ping_status":"closed","template":"","meta":{"om_disable_all_campaigns":false,"_monsterinsights_skip_tracking":false,"_monsterinsights_sitenote_active":false,"_monsterinsights_sitenote_note":"","_monsterinsights_sitenote_category":0,"footnotes":""},"acf":[],"yoast_head":"<!-- This site is optimized with the Yoast SEO plugin v21.9.1 - https:\/\/yoast.com\/wordpress\/plugins\/seo\/ -->\n<title>Camps de prochaine g\u00e9n\u00e9ration - Wheelchair Basketball Canada<\/title>\n<meta name=\"robots\" content=\"index, follow, max-snippet:-1, max-image-preview:large, max-video-preview:-1\" \/>\n<link rel=\"canonical\" href=\"https:\/\/www.wheelchairbasketball.ca\/fr\/equipe-canada\/academie-nationale\/camps-de-lacademie-nationale\/\" \/>\n<meta property=\"og:locale\" content=\"fr_FR\" \/>\n<meta property=\"og:type\" content=\"article\" \/>\n<meta property=\"og:title\" content=\"Camps de prochaine g\u00e9n\u00e9ration - Wheelchair Basketball Canada\" \/>\n<meta property=\"og:description\" content=\"Tout au long de l\u2019ann\u00e9e, BFRC\u00a0organisera une s\u00e9rie de camps de d\u00e9pistage des talents comportant un entra\u00eenement sur le terrain, des s\u00e9ances de musculation et d&rsquo;endurance\u00a0et\u00a0des s\u00e9ances d\u2019information.\u00a0 Ces camps sont con\u00e7us pour \u00e9valuer les athl\u00e8tes de basketball en fauteuil roulant qui ont le potentiel de participer aux programmes Prochaine G\u00e9n et de devenir membres [&hellip;]\" \/>\n<meta property=\"og:url\" content=\"https:\/\/www.wheelchairbasketball.ca\/fr\/equipe-canada\/academie-nationale\/camps-de-lacademie-nationale\/\" \/>\n<meta property=\"og:site_name\" content=\"Wheelchair Basketball Canada\" \/>\n<meta property=\"article:publisher\" content=\"http:\/\/www.facebook.com\/wheelchairbasketball\" \/>\n<meta property=\"article:modified_time\" content=\"2021-01-26T17:56:07+00:00\" \/>\n<meta property=\"og:image\" content=\"https:\/\/www.wheelchairbasketball.ca\/wp-content\/uploads\/2015\/03\/ElodieTessier-portrait.jpg\" \/>\n<meta name=\"twitter:card\" content=\"summary_large_image\" \/>\n<meta name=\"twitter:site\" content=\"@WCBballCanada\" \/>\n<meta name=\"twitter:label1\" content=\"Dur\u00e9e de lecture estim\u00e9e\" \/>\n\t<meta name=\"twitter:data1\" content=\"2 minutes\" \/>\n<script type=\"application\/ld+json\" class=\"yoast-schema-graph\">{\"@context\":\"https:\/\/schema.org\",\"@graph\":[{\"@type\":\"WebPage\",\"@id\":\"https:\/\/www.wheelchairbasketball.ca\/fr\/equipe-canada\/academie-nationale\/camps-de-lacademie-nationale\/\",\"url\":\"https:\/\/www.wheelchairbasketball.ca\/fr\/equipe-canada\/academie-nationale\/camps-de-lacademie-nationale\/\",\"name\":\"Camps de prochaine g\u00e9n\u00e9ration - Wheelchair Basketball Canada\",\"isPartOf\":{\"@id\":\"https:\/\/www.wheelchairbasketball.ca\/#website\"},\"datePublished\":\"2015-04-01T20:44:53+00:00\",\"dateModified\":\"2021-01-26T17:56:07+00:00\",\"breadcrumb\":{\"@id\":\"https:\/\/www.wheelchairbasketball.ca\/fr\/equipe-canada\/academie-nationale\/camps-de-lacademie-nationale\/#breadcrumb\"},\"inLanguage\":\"fr-FR\",\"potentialAction\":[{\"@type\":\"ReadAction\",\"target\":[\"https:\/\/www.wheelchairbasketball.ca\/fr\/equipe-canada\/academie-nationale\/camps-de-lacademie-nationale\/\"]}]},{\"@type\":\"BreadcrumbList\",\"@id\":\"https:\/\/www.wheelchairbasketball.ca\/fr\/equipe-canada\/academie-nationale\/camps-de-lacademie-nationale\/#breadcrumb\",\"itemListElement\":[{\"@type\":\"ListItem\",\"position\":1,\"name\":\"Home\",\"item\":\"https:\/\/www.wheelchairbasketball.ca\/fr\/\"},{\"@type\":\"ListItem\",\"position\":2,\"name\":\"\u00c9quipe Canada\",\"item\":\"https:\/\/www.wheelchairbasketball.ca\/fr\/equipe-canada\/\"},{\"@type\":\"ListItem\",\"position\":3,\"name\":\"Acad\u00e9mie nationale\",\"item\":\"https:\/\/www.wheelchairbasketball.ca\/fr\/equipe-canada\/academie-nationale\/\"},{\"@type\":\"ListItem\",\"position\":4,\"name\":\"Camps de prochaine g\u00e9n\u00e9ration\"}]},{\"@type\":\"WebSite\",\"@id\":\"https:\/\/www.wheelchairbasketball.ca\/#website\",\"url\":\"https:\/\/www.wheelchairbasketball.ca\/\",\"name\":\"Wheelchair Basketball Canada\",\"description\":\"Real Life. Real Sport.\",\"potentialAction\":[{\"@type\":\"SearchAction\",\"target\":{\"@type\":\"EntryPoint\",\"urlTemplate\":\"https:\/\/www.wheelchairbasketball.ca\/?s={search_term_string}\"},\"query-input\":\"required name=search_term_string\"}],\"inLanguage\":\"fr-FR\"}]}<\/script>\n<!-- \/ Yoast SEO plugin. -->","yoast_head_json":{"title":"Camps de prochaine g\u00e9n\u00e9ration - Wheelchair Basketball Canada","robots":{"index":"index","follow":"follow","max-snippet":"max-snippet:-1","max-image-preview":"max-image-preview:large","max-video-preview":"max-video-preview:-1"},"canonical":"https:\/\/www.wheelchairbasketball.ca\/fr\/equipe-canada\/academie-nationale\/camps-de-lacademie-nationale\/","og_locale":"fr_FR","og_type":"article","og_title":"Camps de prochaine g\u00e9n\u00e9ration - Wheelchair Basketball Canada","og_description":"Tout au long de l\u2019ann\u00e9e, BFRC\u00a0organisera une s\u00e9rie de camps de d\u00e9pistage des talents comportant un entra\u00eenement sur le terrain, des s\u00e9ances de musculation et d&rsquo;endurance\u00a0et\u00a0des s\u00e9ances d\u2019information.\u00a0 Ces camps sont con\u00e7us pour \u00e9valuer les athl\u00e8tes de basketball en fauteuil roulant qui ont le potentiel de participer aux programmes Prochaine G\u00e9n et de devenir membres [&hellip;]","og_url":"https:\/\/www.wheelchairbasketball.ca\/fr\/equipe-canada\/academie-nationale\/camps-de-lacademie-nationale\/","og_site_name":"Wheelchair Basketball Canada","article_publisher":"http:\/\/www.facebook.com\/wheelchairbasketball","article_modified_time":"2021-01-26T17:56:07+00:00","og_image":[{"url":"https:\/\/www.wheelchairbasketball.ca\/wp-content\/uploads\/2015\/03\/ElodieTessier-portrait.jpg"}],"twitter_card":"summary_large_image","twitter_site":"@WCBballCanada","twitter_misc":{"Dur\u00e9e de lecture estim\u00e9e":"2 minutes"},"schema":{"@context":"https:\/\/schema.org","@graph":[{"@type":"WebPage","@id":"https:\/\/www.wheelchairbasketball.ca\/fr\/equipe-canada\/academie-nationale\/camps-de-lacademie-nationale\/","url":"https:\/\/www.wheelchairbasketball.ca\/fr\/equipe-canada\/academie-nationale\/camps-de-lacademie-nationale\/","name":"Camps de prochaine g\u00e9n\u00e9ration - Wheelchair Basketball Canada","isPartOf":{"@id":"https:\/\/www.wheelchairbasketball.ca\/#website"},"datePublished":"2015-04-01T20:44:53+00:00","dateModified":"2021-01-26T17:56:07+00:00","breadcrumb":{"@id":"https:\/\/www.wheelchairbasketball.ca\/fr\/equipe-canada\/academie-nationale\/camps-de-lacademie-nationale\/#breadcrumb"},"inLanguage":"fr-FR","potentialAction":[{"@type":"ReadAction","target":["https:\/\/www.wheelchairbasketball.ca\/fr\/equipe-canada\/academie-nationale\/camps-de-lacademie-nationale\/"]}]},{"@type":"BreadcrumbList","@id":"https:\/\/www.wheelchairbasketball.ca\/fr\/equipe-canada\/academie-nationale\/camps-de-lacademie-nationale\/#breadcrumb","itemListElement":[{"@type":"ListItem","position":1,"name":"Home","item":"https:\/\/www.wheelchairbasketball.ca\/fr\/"},{"@type":"ListItem","position":2,"name":"\u00c9quipe Canada","item":"https:\/\/www.wheelchairbasketball.ca\/fr\/equipe-canada\/"},{"@type":"ListItem","position":3,"name":"Acad\u00e9mie nationale","item":"https:\/\/www.wheelchairbasketball.ca\/fr\/equipe-canada\/academie-nationale\/"},{"@type":"ListItem","position":4,"name":"Camps de prochaine g\u00e9n\u00e9ration"}]},{"@type":"WebSite","@id":"https:\/\/www.wheelchairbasketball.ca\/#website","url":"https:\/\/www.wheelchairbasketball.ca\/","name":"Wheelchair Basketball Canada","description":"Real Life. Real Sport.","potentialAction":[{"@type":"SearchAction","target":{"@type":"EntryPoint","urlTemplate":"https:\/\/www.wheelchairbasketball.ca\/?s={search_term_string}"},"query-input":"required name=search_term_string"}],"inLanguage":"fr-FR"}]}},"_links":{"self":[{"href":"https:\/\/www.wheelchairbasketball.ca\/fr\/wp-json\/wp\/v2\/pages\/1585"}],"collection":[{"href":"https:\/\/www.wheelchairbasketball.ca\/fr\/wp-json\/wp\/v2\/pages"}],"about":[{"href":"https:\/\/www.wheelchairbasketball.ca\/fr\/wp-json\/wp\/v2\/types\/page"}],"author":[{"embeddable":true,"href":"https:\/\/www.wheelchairbasketball.ca\/fr\/wp-json\/wp\/v2\/users\/4"}],"replies":[{"embeddable":true,"href":"https:\/\/www.wheelchairbasketball.ca\/fr\/wp-json\/wp\/v2\/comments?post=1585"}],"version-history":[{"count":7,"href":"https:\/\/www.wheelchairbasketball.ca\/fr\/wp-json\/wp\/v2\/pages\/1585\/revisions"}],"predecessor-version":[{"id":15000,"href":"https:\/\/www.wheelchairbasketball.ca\/fr\/wp-json\/wp\/v2\/pages\/1585\/revisions\/15000"}],"up":[{"embeddable":true,"href":"https:\/\/www.wheelchairbasketball.ca\/fr\/wp-json\/wp\/v2\/pages\/1532"}],"wp:attachment":[{"href":"https:\/\/www.wheelchairbasketball.ca\/fr\/wp-json\/wp\/v2\/media?parent=1585"}],"curies":[{"name":"wp","href":"https:\/\/api.w.org\/{rel}","templated":true}]}}