{"id":1588,"date":"2015-04-01T20:47:25","date_gmt":"2015-04-01T20:47:25","guid":{"rendered":"https:\/\/www.wheelchairbasketball.ca\/?page_id=1588"},"modified":"2020-01-09T14:10:42","modified_gmt":"2020-01-09T14:10:42","slug":"apercu-des-prix","status":"publish","type":"page","link":"https:\/\/www.wheelchairbasketball.ca\/fr\/programmes\/prix-et-temple-de-la-renommee\/apercu-des-prix\/","title":{"rendered":"Aper\u00e7u des prix"},"content":{"rendered":"<p>En 2007, Basketball en fauteuil roulant Canada a d\u00e9cid\u00e9 d\u2019organiser un banquet annuel de remise de prix. Cet \u00e9v\u00e9nement vise avant tout \u00e0 reconna\u00eetre les r\u00e9alisations de nos athl\u00e8tes, entra\u00eeneurs, officiels et b\u00e9n\u00e9voles, et \u00e0 stimuler et \u00e0 favoriser la croissance de notre sport au Canada. Le basketball en fauteuil roulant au Canada est profond\u00e9ment enracin\u00e9 dans notre histoire et de tels prix viennent le souligner tout en contribuant \u00e0 b\u00e2tir une v\u00e9ritable tradition.<\/p>\n<p>Tout en c\u00e9l\u00e9brant l\u2019excellence chez ces gens, n\u2019oublions pas que ces personnes jouent un r\u00f4le important en ce qui a trait aux succ\u00e8s de l\u2019association et qu\u2019elles nous permettent de concr\u00e9tiser notre vision de devenir le chef de file mondial du basketball en fauteuil roulant.<\/p>\n<p>Les finalistes des diff\u00e9rentes cat\u00e9gories incarnent tous les valeurs de Basketball en fauteuil roulant Canada. Ils donnent pr\u00e9s\u00e9ance \u00e0 l\u2019esprit sportif et au franc jeu, tout en s\u2019engageant envers les valeurs de l\u2019inclusion. Ils font preuve de leadership dans leurs communaut\u00e9s, ils sont des mod\u00e8les pour les autres et ils accomplissent des exploits dans leurs disciplines respectives. Ces prix donnent aux membres l\u2019occasion de s\u00e9lectionner et de reconna\u00eetre des candidats et des candidates pour leur contribution exceptionnelle au sein de leurs communaut\u00e9s respectives.<\/p>\n<h3>Cat\u00e9gories<\/h3>\n<h4>Athl\u00e8te junior de l\u2019ann\u00e9e<\/h4>\n<p>Ce prix est d\u00e9cern\u00e9 \u00e0 un ou une athl\u00e8te d\u2019\u00e2ge junior qui a \u00e9t\u00e9 un exemple d\u2019excellence et d\u2019exploits sportifs exceptionnels.<\/p>\n<p>Le candidat ou la candidate doit \u00eatre un athl\u00e8te de basketball en fauteuil roulant, handicap\u00e9 ou non, et membre en r\u00e8gle de sa province ou de son territoire affili\u00e9. Le candidat ou la candidate doit avoir fait preuve d\u2019excellence au basketball en fauteuil roulant en \u00e9tant un exemple de franc jeu, d\u2019esprit sportif, de performance sup\u00e9rieure dans des comp\u00e9titions importantes et d\u2019engagement envers l\u2019entra\u00eenement au niveau provincial, national ou international.<\/p>\n<h4>Athl\u00e8te f\u00e9minine de l\u2019ann\u00e9e pr\u00e9sent\u00e9 par Grosso Hooper Law<\/h4>\n<p>Ce prix est d\u00e9cern\u00e9 \u00e0 une athl\u00e8te qui a \u00e9t\u00e9 un exemple d\u2019excellence et d\u2019exploits sportifs exceptionnels.<\/p>\n<p>La candidate doit \u00eatre une athl\u00e8te de basketball en fauteuil roulant, handicap\u00e9e ou non, et membre en r\u00e8gle de sa province ou de son territoire affili\u00e9. La candidate doit avoir fait preuve d\u2019excellence au basketball en fauteuil roulant en \u00e9tant un exemple de franc jeu, d\u2019esprit sportif, de performance sup\u00e9rieure dans des comp\u00e9titions importantes et d\u2019engagement envers l\u2019entra\u00eenement au niveau provincial, national ou international.<\/p>\n<h4>Athl\u00e8te masculin de l\u2019ann\u00e9e<\/h4>\n<p>Ce prix est d\u00e9cern\u00e9 \u00e0 un athl\u00e8te qui a \u00e9t\u00e9 un exemple d\u2019excellence et d\u2019exploits sportifs exceptionnels.<\/p>\n<p>Le candidat doit \u00eatre un athl\u00e8te de basketball en fauteuil roulant, handicap\u00e9 ou non, et membre en r\u00e8gle de sa province ou de son territoire affili\u00e9. Le candidat doit avoir fait preuve d\u2019excellence au basketball en fauteuil roulant en \u00e9tant un exemple de franc jeu, d\u2019esprit sportif, de performance sup\u00e9rieure dans des comp\u00e9titions importantes et d\u2019engagement envers l\u2019entra\u00eenement au niveau provincial, national ou international.<\/p>\n<h4>Prix Sport pur<\/h4>\n<p>Ce prix est d\u00e9cern\u00e9 \u00e0 une personne qui est un exemple des principes de Sport pur. Le candidat ou la candidate met en valeur un jeu sain, \u00e9quitable, inclusif et amusant.<\/p>\n<p>Le candidat ou la candidate doit \u00eatre membre en r\u00e8gle de sa province ou de son territoire affili\u00e9.<\/p>\n<h4>Prix d\u2019excellence en leadership<\/h4>\n<p>Ce prix est d\u00e9cern\u00e9 \u00e0 une personne qui personnifie les caract\u00e9ristiques d\u2019un leader exceptionnel dans son organisation, province, r\u00e9gion, ou \u00e9quipe respective.<\/p>\n<p>Le candidat ou la candidate peut participer \u00e0 n\u2019importe quel niveau et n\u2019importe quel titre au basketball en fauteuil roulant au Canada. Les contributions ne sont pas r\u00e9gies par une limite de temps et la personne n\u2019est pas tenue de remplir encore le m\u00eame r\u00f4le.<\/p>\n<h3>Processus de mise en candidature<\/h3>\n<p>Chaque ann\u00e9e, Basketball en fauteuil roulant Canada annonce un appel pour les mises en candidatures pour le programme des Prix et du Temple de la renomm\u00e9e. Les auteurs des propositions doivent compl\u00e9ter les formulaires de mise en candidature appropri\u00e9s et doivent les soumettre au Coodonnateur de programme de Basketball en fauteuil roulant Canada avant la date limite.<\/p>\n<p>Le comit\u00e9 des prix examinera les formulaires de mise en candidature et les gagnants de prix seront annonc\u00e9s au banquet de remise des prix, qui aura lieu conjointement avec le Championnat national de la Ligue canadienne de basketball en fauteuil roulant (LCBFR).<\/p>\n","protected":false},"excerpt":{"rendered":"En 2007, Basketball en fauteuil roulant Canada a d\u00e9cid\u00e9 d\u2019organiser un banquet annuel de remise de prix. Cet \u00e9v\u00e9nement vise avant tout \u00e0 reconna\u00eetre les r\u00e9alisations de nos athl\u00e8tes, entra\u00eeneurs, officiels et b\u00e9n\u00e9voles, et \u00e0 stimuler et \u00e0 favoriser la croissance de notre sport au Canada. Le basketball en fauteuil roulant au Canada est profond\u00e9ment [&hellip;]","protected":false},"author":4,"featured_media":0,"parent":1260,"menu_order":0,"comment_status":"closed","ping_status":"closed","template":"","meta":{"om_disable_all_campaigns":false,"_monsterinsights_skip_tracking":false,"_monsterinsights_sitenote_active":false,"_monsterinsights_sitenote_note":"","_monsterinsights_sitenote_category":0,"footnotes":""},"acf":[],"yoast_head":"<!-- This site is optimized with the Yoast SEO plugin v21.9.1 - https:\/\/yoast.com\/wordpress\/plugins\/seo\/ -->\n<title>Aper\u00e7u des prix - Wheelchair Basketball Canada<\/title>\n<meta name=\"robots\" content=\"index, follow, max-snippet:-1, max-image-preview:large, max-video-preview:-1\" \/>\n<link rel=\"canonical\" href=\"https:\/\/www.wheelchairbasketball.ca\/fr\/programmes\/prix-et-temple-de-la-renommee\/apercu-des-prix\/\" \/>\n<meta property=\"og:locale\" content=\"fr_FR\" \/>\n<meta property=\"og:type\" content=\"article\" \/>\n<meta property=\"og:title\" content=\"Aper\u00e7u des prix - Wheelchair Basketball Canada\" \/>\n<meta property=\"og:description\" content=\"En 2007, Basketball en fauteuil roulant Canada a d\u00e9cid\u00e9 d\u2019organiser un banquet annuel de remise de prix. Cet \u00e9v\u00e9nement vise avant tout \u00e0 reconna\u00eetre les r\u00e9alisations de nos athl\u00e8tes, entra\u00eeneurs, officiels et b\u00e9n\u00e9voles, et \u00e0 stimuler et \u00e0 favoriser la croissance de notre sport au Canada. Le basketball en fauteuil roulant au Canada est profond\u00e9ment [&hellip;]\" \/>\n<meta property=\"og:url\" content=\"https:\/\/www.wheelchairbasketball.ca\/fr\/programmes\/prix-et-temple-de-la-renommee\/apercu-des-prix\/\" \/>\n<meta property=\"og:site_name\" content=\"Wheelchair Basketball Canada\" \/>\n<meta property=\"article:publisher\" content=\"http:\/\/www.facebook.com\/wheelchairbasketball\" \/>\n<meta property=\"article:modified_time\" content=\"2020-01-09T14:10:42+00:00\" \/>\n<meta name=\"twitter:card\" content=\"summary_large_image\" \/>\n<meta name=\"twitter:site\" content=\"@WCBballCanada\" \/>\n<meta name=\"twitter:label1\" content=\"Dur\u00e9e de lecture estim\u00e9e\" \/>\n\t<meta name=\"twitter:data1\" content=\"4 minutes\" \/>\n<script type=\"application\/ld+json\" class=\"yoast-schema-graph\">{\"@context\":\"https:\/\/schema.org\",\"@graph\":[{\"@type\":\"WebPage\",\"@id\":\"https:\/\/www.wheelchairbasketball.ca\/fr\/programmes\/prix-et-temple-de-la-renommee\/apercu-des-prix\/\",\"url\":\"https:\/\/www.wheelchairbasketball.ca\/fr\/programmes\/prix-et-temple-de-la-renommee\/apercu-des-prix\/\",\"name\":\"Aper\u00e7u des prix - Wheelchair Basketball Canada\",\"isPartOf\":{\"@id\":\"https:\/\/www.wheelchairbasketball.ca\/#website\"},\"datePublished\":\"2015-04-01T20:47:25+00:00\",\"dateModified\":\"2020-01-09T14:10:42+00:00\",\"breadcrumb\":{\"@id\":\"https:\/\/www.wheelchairbasketball.ca\/fr\/programmes\/prix-et-temple-de-la-renommee\/apercu-des-prix\/#breadcrumb\"},\"inLanguage\":\"fr-FR\",\"potentialAction\":[{\"@type\":\"ReadAction\",\"target\":[\"https:\/\/www.wheelchairbasketball.ca\/fr\/programmes\/prix-et-temple-de-la-renommee\/apercu-des-prix\/\"]}]},{\"@type\":\"BreadcrumbList\",\"@id\":\"https:\/\/www.wheelchairbasketball.ca\/fr\/programmes\/prix-et-temple-de-la-renommee\/apercu-des-prix\/#breadcrumb\",\"itemListElement\":[{\"@type\":\"ListItem\",\"position\":1,\"name\":\"Home\",\"item\":\"https:\/\/www.wheelchairbasketball.ca\/fr\/\"},{\"@type\":\"ListItem\",\"position\":2,\"name\":\"Programmes\",\"item\":\"https:\/\/www.wheelchairbasketball.ca\/fr\/programmes\/\"},{\"@type\":\"ListItem\",\"position\":3,\"name\":\"Prix et Temple de la renomm\u00e9e\",\"item\":\"https:\/\/www.wheelchairbasketball.ca\/fr\/programmes\/prix-et-temple-de-la-renommee\/\"},{\"@type\":\"ListItem\",\"position\":4,\"name\":\"Aper\u00e7u des prix\"}]},{\"@type\":\"WebSite\",\"@id\":\"https:\/\/www.wheelchairbasketball.ca\/#website\",\"url\":\"https:\/\/www.wheelchairbasketball.ca\/\",\"name\":\"Wheelchair Basketball Canada\",\"description\":\"Real Life. Real Sport.\",\"potentialAction\":[{\"@type\":\"SearchAction\",\"target\":{\"@type\":\"EntryPoint\",\"urlTemplate\":\"https:\/\/www.wheelchairbasketball.ca\/?s={search_term_string}\"},\"query-input\":\"required name=search_term_string\"}],\"inLanguage\":\"fr-FR\"}]}<\/script>\n<!-- \/ Yoast SEO plugin. -->","yoast_head_json":{"title":"Aper\u00e7u des prix - Wheelchair Basketball Canada","robots":{"index":"index","follow":"follow","max-snippet":"max-snippet:-1","max-image-preview":"max-image-preview:large","max-video-preview":"max-video-preview:-1"},"canonical":"https:\/\/www.wheelchairbasketball.ca\/fr\/programmes\/prix-et-temple-de-la-renommee\/apercu-des-prix\/","og_locale":"fr_FR","og_type":"article","og_title":"Aper\u00e7u des prix - Wheelchair Basketball Canada","og_description":"En 2007, Basketball en fauteuil roulant Canada a d\u00e9cid\u00e9 d\u2019organiser un banquet annuel de remise de prix. Cet \u00e9v\u00e9nement vise avant tout \u00e0 reconna\u00eetre les r\u00e9alisations de nos athl\u00e8tes, entra\u00eeneurs, officiels et b\u00e9n\u00e9voles, et \u00e0 stimuler et \u00e0 favoriser la croissance de notre sport au Canada. Le basketball en fauteuil roulant au Canada est profond\u00e9ment [&hellip;]","og_url":"https:\/\/www.wheelchairbasketball.ca\/fr\/programmes\/prix-et-temple-de-la-renommee\/apercu-des-prix\/","og_site_name":"Wheelchair Basketball Canada","article_publisher":"http:\/\/www.facebook.com\/wheelchairbasketball","article_modified_time":"2020-01-09T14:10:42+00:00","twitter_card":"summary_large_image","twitter_site":"@WCBballCanada","twitter_misc":{"Dur\u00e9e de lecture estim\u00e9e":"4 minutes"},"schema":{"@context":"https:\/\/schema.org","@graph":[{"@type":"WebPage","@id":"https:\/\/www.wheelchairbasketball.ca\/fr\/programmes\/prix-et-temple-de-la-renommee\/apercu-des-prix\/","url":"https:\/\/www.wheelchairbasketball.ca\/fr\/programmes\/prix-et-temple-de-la-renommee\/apercu-des-prix\/","name":"Aper\u00e7u des prix - Wheelchair Basketball Canada","isPartOf":{"@id":"https:\/\/www.wheelchairbasketball.ca\/#website"},"datePublished":"2015-04-01T20:47:25+00:00","dateModified":"2020-01-09T14:10:42+00:00","breadcrumb":{"@id":"https:\/\/www.wheelchairbasketball.ca\/fr\/programmes\/prix-et-temple-de-la-renommee\/apercu-des-prix\/#breadcrumb"},"inLanguage":"fr-FR","potentialAction":[{"@type":"ReadAction","target":["https:\/\/www.wheelchairbasketball.ca\/fr\/programmes\/prix-et-temple-de-la-renommee\/apercu-des-prix\/"]}]},{"@type":"BreadcrumbList","@id":"https:\/\/www.wheelchairbasketball.ca\/fr\/programmes\/prix-et-temple-de-la-renommee\/apercu-des-prix\/#breadcrumb","itemListElement":[{"@type":"ListItem","position":1,"name":"Home","item":"https:\/\/www.wheelchairbasketball.ca\/fr\/"},{"@type":"ListItem","position":2,"name":"Programmes","item":"https:\/\/www.wheelchairbasketball.ca\/fr\/programmes\/"},{"@type":"ListItem","position":3,"name":"Prix et Temple de la renomm\u00e9e","item":"https:\/\/www.wheelchairbasketball.ca\/fr\/programmes\/prix-et-temple-de-la-renommee\/"},{"@type":"ListItem","position":4,"name":"Aper\u00e7u des prix"}]},{"@type":"WebSite","@id":"https:\/\/www.wheelchairbasketball.ca\/#website","url":"https:\/\/www.wheelchairbasketball.ca\/","name":"Wheelchair Basketball Canada","description":"Real Life. Real Sport.","potentialAction":[{"@type":"SearchAction","target":{"@type":"EntryPoint","urlTemplate":"https:\/\/www.wheelchairbasketball.ca\/?s={search_term_string}"},"query-input":"required name=search_term_string"}],"inLanguage":"fr-FR"}]}},"_links":{"self":[{"href":"https:\/\/www.wheelchairbasketball.ca\/fr\/wp-json\/wp\/v2\/pages\/1588"}],"collection":[{"href":"https:\/\/www.wheelchairbasketball.ca\/fr\/wp-json\/wp\/v2\/pages"}],"about":[{"href":"https:\/\/www.wheelchairbasketball.ca\/fr\/wp-json\/wp\/v2\/types\/page"}],"author":[{"embeddable":true,"href":"https:\/\/www.wheelchairbasketball.ca\/fr\/wp-json\/wp\/v2\/users\/4"}],"replies":[{"embeddable":true,"href":"https:\/\/www.wheelchairbasketball.ca\/fr\/wp-json\/wp\/v2\/comments?post=1588"}],"version-history":[{"count":6,"href":"https:\/\/www.wheelchairbasketball.ca\/fr\/wp-json\/wp\/v2\/pages\/1588\/revisions"}],"predecessor-version":[{"id":13932,"href":"https:\/\/www.wheelchairbasketball.ca\/fr\/wp-json\/wp\/v2\/pages\/1588\/revisions\/13932"}],"up":[{"embeddable":true,"href":"https:\/\/www.wheelchairbasketball.ca\/fr\/wp-json\/wp\/v2\/pages\/1260"}],"wp:attachment":[{"href":"https:\/\/www.wheelchairbasketball.ca\/fr\/wp-json\/wp\/v2\/media?parent=1588"}],"curies":[{"name":"wp","href":"https:\/\/api.w.org\/{rel}","templated":true}]}}