{"id":1591,"date":"2015-04-01T20:49:23","date_gmt":"2015-04-01T20:49:23","guid":{"rendered":"https:\/\/www.wheelchairbasketball.ca\/?page_id=1591"},"modified":"2026-03-31T17:00:44","modified_gmt":"2026-03-31T17:00:44","slug":"recipiendaires-des-prix","status":"publish","type":"page","link":"https:\/\/www.wheelchairbasketball.ca\/fr\/programmes\/prix-et-temple-de-la-renommee\/recipiendaires-des-prix\/","title":{"rendered":"R\u00e9cipiendaires des Prix"},"content":{"rendered":"<h3>Athl\u00e8te junior de l&rsquo;ann\u00e9e<\/h3>\n<p>2024 &#8211; Ibrahim Odza<br \/>\n2023 &#8211; Nick van Bakel<br \/>\n2022 &#8211; Kyrell Sopotyk<br \/>\n2020 &#8211; Reed De&rsquo;Aeth<br \/>\n2019 &#8211; Bradon Doll<br \/>\n2018 &#8211; Benjamin Palmer<br \/>\n2017 &#8211; Alex Hayward<br \/>\n2016 &#8211; Rosalie Lalonde<br \/>\n2015 &#8211; Liam Hickey<br \/>\n2014 &#8211; Nik Goncin<br \/>\n2013 &#8211; Justin Johnson<br \/>\n2012 &#8211; Alarissa Haak<br \/>\n2011 &#8211; Shayne Smith<br \/>\n2010 &#8211; Avril Harris<br \/>\n2009 &#8211; Maxime Poulin<br \/>\n2008 &#8211; Maude Jacques \/ Gregg Johnstone<br \/>\n2007 &#8211; Cindy Ouellet \/ Corey Smith<\/p>\n<h3>Athl\u00e8te f\u00e9minine de l&rsquo;ann\u00e9e<\/h3>\n<p>2024 &#8211; Kady Dandeneau<br \/>\n2023 &#8211; Puisand Lai<br \/>\n2022 &#8211; Tara Llanes<br \/>\n2020 &#8211; Kady Dandeneau<br \/>\n2019 &#8211; Arinn Young<br \/>\n2018 &#8211; Cindy Ouellet<br \/>\n2017 &#8211; Cindy Ouellet<br \/>\n2016 &#8211; Cindy Ouellet<br \/>\n2015 &#8211; Janet McLachlan<br \/>\n2013 &#8211; Janet McLachlan<br \/>\n2012 &#8211; Cindy Ouellet<br \/>\n2011 &#8211; Janet McLachlan<br \/>\n2010 &#8211; Tara Feser<br \/>\n2009 &#8211; Chantal Benoit<br \/>\n2008 &#8211; Jen Krempien<br \/>\n2007 &#8211; Misty Thomas<\/p>\n<h3>Athl\u00e8te masculin de l&rsquo;ann\u00e9e<\/h3>\n<p>2024 &#8211; Patrick Anderson<br \/>\n2023 &#8211; Colin Higgins<br \/>\n2022 &#8211; Nik Goncin<br \/>\n2020 &#8211; Lee Melymick<br \/>\n2018 &#8211; Patrick Anderson<br \/>\n2017 &#8211; David Eng<br \/>\n2016 &#8211; Maxime Poulin<br \/>\n2015 &#8211; David Eng<br \/>\n2013 &#8211; Patrick Anderson<br \/>\n2012 &#8211; David Eng<br \/>\n2011 &#8211; Dayton Sopha<br \/>\n2010 &#8211; Bo Hedges<br \/>\n2009 &#8211; Patrick Anderson<br \/>\n2008 &#8211; Richard Peter<br \/>\n2007 &#8211; Jaimie Borisoff<\/p>\n<h3>Prix d&rsquo;excellence en leadership<\/h3>\n<p>2024 &#8211; Chantal L\u2019\u00c9cuyer<br \/>\n2023 &#8211; Kaitlin Lauridsen<br \/>\n2022 &#8211; Karine Chicoine<br \/>\n2020 &#8211; Nicolas Palmer<br \/>\n2019 &#8211; Cher Smith<br \/>\n2018 &#8211; Joelle Buckle<br \/>\n2017 &#8211; Pierre Poulin<br \/>\n2016 &#8211; Marc Antoine Ducharme<br \/>\n2015 &#8211; Sabrina Durepos<br \/>\n2014 &#8211; Darrell Nordell<br \/>\n2013 &#8211; Yves D\u00e9ziel<br \/>\n2012 &#8211; Karla Tritten<br \/>\n2011 &#8211; Joe Higgins<br \/>\n2010 &#8211; Pat Harris<\/p>\n<h3>Prix Sport pur<\/h3>\n<p>2024 &#8211; Sam Graham<br \/>\n2023 &#8211; Logan Aalders<br \/>\n2022 &#8211; Emily Glossop, Jenn Talbot<br \/>\n2021 &#8211; Veronique Desrochers<br \/>\n2020 &#8211; Chris Chandler<br \/>\n2019 &#8211; Jon Bilan<br \/>\n2018 &#8211; Kathy Ludwig<br \/>\n2017 &#8211; Paul Bowes<br \/>\n2016 &#8211; Mitch Bossaer<br \/>\n2015 &#8211; Melanie Hawtin<br \/>\n2014 &#8211; Amanda Yan<br \/>\n2013 &#8211; Samuel Graham<br \/>\n2012 &#8211; Frances McLean<br \/>\n2011 &#8211; Ross MacDonald<br \/>\n2010 &#8211; Danielle Peers<\/p>\n<hr \/>\n<p>&nbsp;<\/p>\n<h3>Entra\u00eeneur(e) de l&rsquo;ann\u00e9e<\/h3>\n<p>2009 &#8211; Marni Abbott-Peter<br \/>\n<span id=\"ektronTempNode\">2008 &#8211; Peter Taylor<br \/>\n<span id=\"ektronTempNode\">2007 &#8211; Bill Johnson<\/span><\/span><\/p>\n<h3>Officiel de l&rsquo;ann\u00e9e<\/h3>\n<p>2009 &#8211; Jean Choini\u00e8re<br \/>\n<span id=\"ektronTempNode\">2008 &#8211; Kyle Kushnier<br \/>\n<span id=\"ektronTempNode\">2007 &#8211; Trevor Kerr<\/span><\/span><\/p>\n<h3>B\u00e9n\u00e9vole de l&rsquo;ann\u00e9e<\/h3>\n<p>2009 &#8211; Anne Lachance<br \/>\n<span id=\"ektronTempNode\">2008 &#8211; Joelle Buckle<br \/>\n<span id=\"ektronTempNode\">2007 &#8211; Ann Marie Hagey<\/span><\/span><\/p>\n","protected":false},"excerpt":{"rendered":"Athl\u00e8te junior de l&rsquo;ann\u00e9e 2024 &#8211; Ibrahim Odza 2023 &#8211; Nick van Bakel 2022 &#8211; Kyrell Sopotyk 2020 &#8211; Reed De&rsquo;Aeth 2019 &#8211; Bradon Doll 2018 &#8211; Benjamin Palmer 2017 &#8211; Alex Hayward 2016 &#8211; Rosalie Lalonde 2015 &#8211; Liam Hickey 2014 &#8211; Nik Goncin 2013 &#8211; Justin Johnson 2012 &#8211; Alarissa Haak 2011 &#8211; [&hellip;]","protected":false},"author":4,"featured_media":0,"parent":1260,"menu_order":1,"comment_status":"closed","ping_status":"closed","template":"","meta":{"om_disable_all_campaigns":false,"_monsterinsights_skip_tracking":false,"_monsterinsights_sitenote_active":false,"_monsterinsights_sitenote_note":"","_monsterinsights_sitenote_category":0,"footnotes":""},"acf":[],"yoast_head":"<!-- This site is optimized with the Yoast SEO plugin v21.9.1 - https:\/\/yoast.com\/wordpress\/plugins\/seo\/ -->\n<title>R\u00e9cipiendaires des Prix - Wheelchair Basketball Canada<\/title>\n<meta name=\"robots\" content=\"index, follow, max-snippet:-1, max-image-preview:large, max-video-preview:-1\" \/>\n<link rel=\"canonical\" href=\"https:\/\/www.wheelchairbasketball.ca\/fr\/programmes\/prix-et-temple-de-la-renommee\/recipiendaires-des-prix\/\" \/>\n<meta property=\"og:locale\" content=\"fr_FR\" \/>\n<meta property=\"og:type\" content=\"article\" \/>\n<meta property=\"og:title\" content=\"R\u00e9cipiendaires des Prix - Wheelchair Basketball Canada\" \/>\n<meta property=\"og:description\" content=\"Athl\u00e8te junior de l&rsquo;ann\u00e9e 2024 &#8211; Ibrahim Odza 2023 &#8211; Nick van Bakel 2022 &#8211; Kyrell Sopotyk 2020 &#8211; Reed De&rsquo;Aeth 2019 &#8211; Bradon Doll 2018 &#8211; Benjamin Palmer 2017 &#8211; Alex Hayward 2016 &#8211; Rosalie Lalonde 2015 &#8211; Liam Hickey 2014 &#8211; Nik Goncin 2013 &#8211; Justin Johnson 2012 &#8211; Alarissa Haak 2011 &#8211; [&hellip;]\" \/>\n<meta property=\"og:url\" content=\"https:\/\/www.wheelchairbasketball.ca\/fr\/programmes\/prix-et-temple-de-la-renommee\/recipiendaires-des-prix\/\" \/>\n<meta property=\"og:site_name\" content=\"Wheelchair Basketball Canada\" \/>\n<meta property=\"article:publisher\" content=\"http:\/\/www.facebook.com\/wheelchairbasketball\" \/>\n<meta property=\"article:modified_time\" content=\"2026-03-31T17:00:44+00:00\" \/>\n<meta name=\"twitter:card\" content=\"summary_large_image\" \/>\n<meta name=\"twitter:site\" content=\"@WCBballCanada\" \/>\n<meta name=\"twitter:label1\" content=\"Dur\u00e9e de lecture estim\u00e9e\" \/>\n\t<meta name=\"twitter:data1\" content=\"2 minutes\" \/>\n<script type=\"application\/ld+json\" class=\"yoast-schema-graph\">{\"@context\":\"https:\/\/schema.org\",\"@graph\":[{\"@type\":\"WebPage\",\"@id\":\"https:\/\/www.wheelchairbasketball.ca\/fr\/programmes\/prix-et-temple-de-la-renommee\/recipiendaires-des-prix\/\",\"url\":\"https:\/\/www.wheelchairbasketball.ca\/fr\/programmes\/prix-et-temple-de-la-renommee\/recipiendaires-des-prix\/\",\"name\":\"R\u00e9cipiendaires des Prix - Wheelchair Basketball Canada\",\"isPartOf\":{\"@id\":\"https:\/\/www.wheelchairbasketball.ca\/#website\"},\"datePublished\":\"2015-04-01T20:49:23+00:00\",\"dateModified\":\"2026-03-31T17:00:44+00:00\",\"breadcrumb\":{\"@id\":\"https:\/\/www.wheelchairbasketball.ca\/fr\/programmes\/prix-et-temple-de-la-renommee\/recipiendaires-des-prix\/#breadcrumb\"},\"inLanguage\":\"fr-FR\",\"potentialAction\":[{\"@type\":\"ReadAction\",\"target\":[\"https:\/\/www.wheelchairbasketball.ca\/fr\/programmes\/prix-et-temple-de-la-renommee\/recipiendaires-des-prix\/\"]}]},{\"@type\":\"BreadcrumbList\",\"@id\":\"https:\/\/www.wheelchairbasketball.ca\/fr\/programmes\/prix-et-temple-de-la-renommee\/recipiendaires-des-prix\/#breadcrumb\",\"itemListElement\":[{\"@type\":\"ListItem\",\"position\":1,\"name\":\"Home\",\"item\":\"https:\/\/www.wheelchairbasketball.ca\/fr\/\"},{\"@type\":\"ListItem\",\"position\":2,\"name\":\"Programmes\",\"item\":\"https:\/\/www.wheelchairbasketball.ca\/fr\/programmes\/\"},{\"@type\":\"ListItem\",\"position\":3,\"name\":\"Prix et Temple de la renomm\u00e9e\",\"item\":\"https:\/\/www.wheelchairbasketball.ca\/fr\/programmes\/prix-et-temple-de-la-renommee\/\"},{\"@type\":\"ListItem\",\"position\":4,\"name\":\"R\u00e9cipiendaires des Prix\"}]},{\"@type\":\"WebSite\",\"@id\":\"https:\/\/www.wheelchairbasketball.ca\/#website\",\"url\":\"https:\/\/www.wheelchairbasketball.ca\/\",\"name\":\"Wheelchair Basketball Canada\",\"description\":\"Real Life. Real Sport.\",\"potentialAction\":[{\"@type\":\"SearchAction\",\"target\":{\"@type\":\"EntryPoint\",\"urlTemplate\":\"https:\/\/www.wheelchairbasketball.ca\/?s={search_term_string}\"},\"query-input\":\"required name=search_term_string\"}],\"inLanguage\":\"fr-FR\"}]}<\/script>\n<!-- \/ Yoast SEO plugin. -->","yoast_head_json":{"title":"R\u00e9cipiendaires des Prix - Wheelchair Basketball Canada","robots":{"index":"index","follow":"follow","max-snippet":"max-snippet:-1","max-image-preview":"max-image-preview:large","max-video-preview":"max-video-preview:-1"},"canonical":"https:\/\/www.wheelchairbasketball.ca\/fr\/programmes\/prix-et-temple-de-la-renommee\/recipiendaires-des-prix\/","og_locale":"fr_FR","og_type":"article","og_title":"R\u00e9cipiendaires des Prix - Wheelchair Basketball Canada","og_description":"Athl\u00e8te junior de l&rsquo;ann\u00e9e 2024 &#8211; Ibrahim Odza 2023 &#8211; Nick van Bakel 2022 &#8211; Kyrell Sopotyk 2020 &#8211; Reed De&rsquo;Aeth 2019 &#8211; Bradon Doll 2018 &#8211; Benjamin Palmer 2017 &#8211; Alex Hayward 2016 &#8211; Rosalie Lalonde 2015 &#8211; Liam Hickey 2014 &#8211; Nik Goncin 2013 &#8211; Justin Johnson 2012 &#8211; Alarissa Haak 2011 &#8211; [&hellip;]","og_url":"https:\/\/www.wheelchairbasketball.ca\/fr\/programmes\/prix-et-temple-de-la-renommee\/recipiendaires-des-prix\/","og_site_name":"Wheelchair Basketball Canada","article_publisher":"http:\/\/www.facebook.com\/wheelchairbasketball","article_modified_time":"2026-03-31T17:00:44+00:00","twitter_card":"summary_large_image","twitter_site":"@WCBballCanada","twitter_misc":{"Dur\u00e9e de lecture estim\u00e9e":"2 minutes"},"schema":{"@context":"https:\/\/schema.org","@graph":[{"@type":"WebPage","@id":"https:\/\/www.wheelchairbasketball.ca\/fr\/programmes\/prix-et-temple-de-la-renommee\/recipiendaires-des-prix\/","url":"https:\/\/www.wheelchairbasketball.ca\/fr\/programmes\/prix-et-temple-de-la-renommee\/recipiendaires-des-prix\/","name":"R\u00e9cipiendaires des Prix - Wheelchair Basketball Canada","isPartOf":{"@id":"https:\/\/www.wheelchairbasketball.ca\/#website"},"datePublished":"2015-04-01T20:49:23+00:00","dateModified":"2026-03-31T17:00:44+00:00","breadcrumb":{"@id":"https:\/\/www.wheelchairbasketball.ca\/fr\/programmes\/prix-et-temple-de-la-renommee\/recipiendaires-des-prix\/#breadcrumb"},"inLanguage":"fr-FR","potentialAction":[{"@type":"ReadAction","target":["https:\/\/www.wheelchairbasketball.ca\/fr\/programmes\/prix-et-temple-de-la-renommee\/recipiendaires-des-prix\/"]}]},{"@type":"BreadcrumbList","@id":"https:\/\/www.wheelchairbasketball.ca\/fr\/programmes\/prix-et-temple-de-la-renommee\/recipiendaires-des-prix\/#breadcrumb","itemListElement":[{"@type":"ListItem","position":1,"name":"Home","item":"https:\/\/www.wheelchairbasketball.ca\/fr\/"},{"@type":"ListItem","position":2,"name":"Programmes","item":"https:\/\/www.wheelchairbasketball.ca\/fr\/programmes\/"},{"@type":"ListItem","position":3,"name":"Prix et Temple de la renomm\u00e9e","item":"https:\/\/www.wheelchairbasketball.ca\/fr\/programmes\/prix-et-temple-de-la-renommee\/"},{"@type":"ListItem","position":4,"name":"R\u00e9cipiendaires des Prix"}]},{"@type":"WebSite","@id":"https:\/\/www.wheelchairbasketball.ca\/#website","url":"https:\/\/www.wheelchairbasketball.ca\/","name":"Wheelchair Basketball Canada","description":"Real Life. Real Sport.","potentialAction":[{"@type":"SearchAction","target":{"@type":"EntryPoint","urlTemplate":"https:\/\/www.wheelchairbasketball.ca\/?s={search_term_string}"},"query-input":"required name=search_term_string"}],"inLanguage":"fr-FR"}]}},"_links":{"self":[{"href":"https:\/\/www.wheelchairbasketball.ca\/fr\/wp-json\/wp\/v2\/pages\/1591"}],"collection":[{"href":"https:\/\/www.wheelchairbasketball.ca\/fr\/wp-json\/wp\/v2\/pages"}],"about":[{"href":"https:\/\/www.wheelchairbasketball.ca\/fr\/wp-json\/wp\/v2\/types\/page"}],"author":[{"embeddable":true,"href":"https:\/\/www.wheelchairbasketball.ca\/fr\/wp-json\/wp\/v2\/users\/4"}],"replies":[{"embeddable":true,"href":"https:\/\/www.wheelchairbasketball.ca\/fr\/wp-json\/wp\/v2\/comments?post=1591"}],"version-history":[{"count":10,"href":"https:\/\/www.wheelchairbasketball.ca\/fr\/wp-json\/wp\/v2\/pages\/1591\/revisions"}],"predecessor-version":[{"id":25594,"href":"https:\/\/www.wheelchairbasketball.ca\/fr\/wp-json\/wp\/v2\/pages\/1591\/revisions\/25594"}],"up":[{"embeddable":true,"href":"https:\/\/www.wheelchairbasketball.ca\/fr\/wp-json\/wp\/v2\/pages\/1260"}],"wp:attachment":[{"href":"https:\/\/www.wheelchairbasketball.ca\/fr\/wp-json\/wp\/v2\/media?parent=1591"}],"curies":[{"name":"wp","href":"https:\/\/api.w.org\/{rel}","templated":true}]}}