{"id":1595,"date":"2015-04-01T20:53:59","date_gmt":"2015-04-01T20:53:59","guid":{"rendered":"https:\/\/www.wheelchairbasketball.ca\/?page_id=1595"},"modified":"2015-05-20T17:35:03","modified_gmt":"2015-05-20T17:35:03","slug":"apercu-du-temple-de-la-renommee","status":"publish","type":"page","link":"https:\/\/www.wheelchairbasketball.ca\/fr\/programmes\/prix-et-temple-de-la-renommee\/apercu-du-temple-de-la-renommee\/","title":{"rendered":"Aper\u00e7u du Temple de la renomm\u00e9e"},"content":{"rendered":"<p>Les buts du programme du Temple de la renomm\u00e9e de Basketball en fauteuil roulant Canada sont de :<\/p>\n<ul>\n<li>Reconna\u00eetre et honorer des personnes et des \u00e9quipes canadiennes qui ont accompli des r\u00e9alisations extraordinaires dans le sport du basketball en fauteuil roulant au Canada ou sur le plan international.<\/li>\n<li>Reconna\u00eetre et honorer les Canadiens qui ont offert des services distingu\u00e9s et qui ont fait une contribution importante au d\u00e9veloppement et \u00e0 l&rsquo;avancement du sport du basketball en fauteuil roulant au Canada ou sur le plan international.<\/li>\n<li>Encourager le d\u00e9veloppement de tous les aspects du sport du basketball en fauteuil roulant, en enregistrant de mani\u00e8re permanente les accomplissements et l&rsquo;histoire du sport du basketball en fauteuil roulant au Canada.<\/li>\n<li>Poursuivre ces objectifs en \u00e9tablissant et en tenant \u00e0 jour des archives officielles pour le basketball en fauteuil roulant et faisant ainsi publiquement conna\u00eetre les r\u00e9alisations de personnes et d&rsquo;\u00e9quipes dans le sport du basketball en fauteuil roulant au Canada et pour ce sport.<\/li>\n<\/ul>\n<h3>Cat\u00e9gories et crit\u00e8res d&rsquo;admissibilit\u00e9<\/h3>\n<p>Tout citoyen canadien ou toute personne qui a r\u00e9sid\u00e9 au Canada pendant au moins cinq ans et qui a fait une contribution remarquable au basketball en fauteuil roulant au Canada, au niveau local, provincial, national ou international, sera admissible \u00e0 \u00eatre \u00e9lu au Temple de la renomm\u00e9.<\/p>\n<h4>Athl\u00e8tes<\/h4>\n<p>Les\u00a0candidats seront choisis en fonction de leurs habilet\u00e9s sportives, esprit sportif, caract\u00e8re et distinction extraordinaire dans le sport du basketball en fauteuil roulant par rapport \u00e0 la classification physique. Les athl\u00e8tes propos\u00e9s ne seront pas pris en consid\u00e9ration avant qu&rsquo;ils se soient retir\u00e9s depuis trois ans des comp\u00e9titions de championnats importants.<\/p>\n<h4>Entra\u00eeneurs et officiels<\/h4>\n<p>Les candidats\u00a0seront choisis en fonction d&rsquo;une contribution importante faite au d\u00e9veloppement et \u00e0 l&rsquo;avancement du sport de basketball en fauteuil roulant, au niveau local, provincial ou national ou international. Ces candidats auront pris leur retraite du poste pour lequel ils ont \u00e9t\u00e9 nomm\u00e9s ou auront servi plus de dix ans dans le poste respectif pour lequel ils ont \u00e9t\u00e9 mis en candidature.<\/p>\n<h4>B\u00e2tisseurs<\/h4>\n<p>Les candidats\u00a0seront choisis en fonction d&rsquo;une contribution importante faite au d\u00e9veloppement et \u00e0 l&rsquo;avancement du sport de basketball en fauteuil roulant, au niveau local, provincial ou national ou international. Ces candidats seront soit actifs, soit inactifs au moment d&rsquo;\u00eatre consid\u00e9r\u00e9s.<\/p>\n<h4>\u00c9quipes<\/h4>\n<p>Les \u00e9quipes\u00a0candidates seront choisies en fonction d&rsquo;une contribution importante faite au d\u00e9veloppement et \u00e0 l&rsquo;avancement du sport de basketball en fauteuil roulant, au niveau local, provincial ou national ou international. Les \u00e9quipes nationales sont automatiquement intronis\u00e9es dans le Temple de la renomm\u00e9e si elles ont gagn\u00e9 une m\u00e9daille d&rsquo;or aux championnats du monde masculins, f\u00e9minins ou juniors ou aux Jeux paralympiques.<\/p>\n<p>Des circonstances sp\u00e9ciales seront consid\u00e9r\u00e9es au cas par cas par le Comit\u00e9 du Temple de la renomm\u00e9e.<\/p>\n<h3>Processus de mise en candidature<\/h3>\n<p>Chaque ann\u00e9e, Basketball en fauteuil roulant Canada annonce un appel pour les mises en candidatures pour le programme des Prix et du Temple de la renomm\u00e9e. Les auteurs des propositions doivent compl\u00e9ter les formulaires de mise en candidature appropri\u00e9s et doivent les soumettre au Coodonnateur de programme de Basketball en fauteuil roulant Canada avant la date limite. Le comit\u00e9 du Temple de la renomm\u00e9e examinera les formulaires de mise en candidature et les intronis\u00e9s seront annonc\u00e9s au banquet de remise des prix, qui aura lieu conjointement avec le Championnat national de la Ligue canadienne de basketball en fauteuil roulant (LCBFR).<\/p>\n<ul>\n<li>Le conseil d\u2019administration de l\u2019Association canadienne de basketball en fauteuil roulant (ACBFR) a le droit de proposer des candidat(e)s, qui pourront \u00eatre \u00e9lu(e)s au Temple de la renomm\u00e9e.<\/li>\n<li>Tout membre en r\u00e8gle de l\u2019ACBFR peut aussi pr\u00e9senter des candidat(e)s, qui pourront \u00eatre \u00e9lu(e)s au Temple de la renomm\u00e9e.<\/li>\n<li>Tout citoyen canadien peut proposer la candidature d\u2019une autre personne au Temple de la renomm\u00e9e pourvu que les administrateurs de l\u2019ACBFR ou un membre en r\u00e8gle de l\u2019ACBFR approuvent la proposition par leur signature, avant la soumission au comit\u00e9 du Temple de la renomm\u00e9e.<\/li>\n<li>Toutes les mises en candidature doivent \u00eatre faites par \u00e9crit et contenir un \u00e9tat complet des honneurs et des exploits de chaque candidat(e).<\/li>\n<li>Les mises en candidature peuvent \u00eatre soumises au bureau national. Le comit\u00e9 du Temple de la renomm\u00e9e de Basketball en fauteuil roulant Canada doit informer les membres de l\u2019appel de mise en candidature chaque ann\u00e9e. Le comit\u00e9 doit s\u2019assurer de donner un pr\u00e9avis ad\u00e9quat des dates limites afin que les candidat(e)s puissent participer aux d\u00e9lib\u00e9rations. Les mises en candidature re\u00e7ues apr\u00e8s la date limite seront gard\u00e9es et consid\u00e9r\u00e9es pour la prochaine fois.<\/li>\n<\/ul>\n","protected":false},"excerpt":{"rendered":"Les buts du programme du Temple de la renomm\u00e9e de Basketball en fauteuil roulant Canada sont de : Reconna\u00eetre et honorer des personnes et des \u00e9quipes canadiennes qui ont accompli des r\u00e9alisations extraordinaires dans le sport du basketball en fauteuil roulant au Canada ou sur le plan international. Reconna\u00eetre et honorer les Canadiens qui ont [&hellip;]","protected":false},"author":4,"featured_media":0,"parent":1260,"menu_order":2,"comment_status":"closed","ping_status":"closed","template":"","meta":{"om_disable_all_campaigns":false,"_monsterinsights_skip_tracking":false,"_monsterinsights_sitenote_active":false,"_monsterinsights_sitenote_note":"","_monsterinsights_sitenote_category":0,"footnotes":""},"acf":[],"yoast_head":"<!-- This site is optimized with the Yoast SEO plugin v21.9.1 - https:\/\/yoast.com\/wordpress\/plugins\/seo\/ -->\n<title>Aper\u00e7u du Temple de la renomm\u00e9e - Wheelchair Basketball Canada<\/title>\n<meta name=\"robots\" content=\"index, follow, max-snippet:-1, max-image-preview:large, max-video-preview:-1\" \/>\n<link rel=\"canonical\" href=\"https:\/\/www.wheelchairbasketball.ca\/fr\/programmes\/prix-et-temple-de-la-renommee\/apercu-du-temple-de-la-renommee\/\" \/>\n<meta property=\"og:locale\" content=\"fr_FR\" \/>\n<meta property=\"og:type\" content=\"article\" \/>\n<meta property=\"og:title\" content=\"Aper\u00e7u du Temple de la renomm\u00e9e - Wheelchair Basketball Canada\" \/>\n<meta property=\"og:description\" content=\"Les buts du programme du Temple de la renomm\u00e9e de Basketball en fauteuil roulant Canada sont de : Reconna\u00eetre et honorer des personnes et des \u00e9quipes canadiennes qui ont accompli des r\u00e9alisations extraordinaires dans le sport du basketball en fauteuil roulant au Canada ou sur le plan international. Reconna\u00eetre et honorer les Canadiens qui ont [&hellip;]\" \/>\n<meta property=\"og:url\" content=\"https:\/\/www.wheelchairbasketball.ca\/fr\/programmes\/prix-et-temple-de-la-renommee\/apercu-du-temple-de-la-renommee\/\" \/>\n<meta property=\"og:site_name\" content=\"Wheelchair Basketball Canada\" \/>\n<meta property=\"article:publisher\" content=\"http:\/\/www.facebook.com\/wheelchairbasketball\" \/>\n<meta property=\"article:modified_time\" content=\"2015-05-20T17:35:03+00:00\" \/>\n<meta name=\"twitter:card\" content=\"summary_large_image\" \/>\n<meta name=\"twitter:site\" content=\"@WCBballCanada\" \/>\n<meta name=\"twitter:label1\" content=\"Dur\u00e9e de lecture estim\u00e9e\" \/>\n\t<meta name=\"twitter:data1\" content=\"4 minutes\" \/>\n<script type=\"application\/ld+json\" class=\"yoast-schema-graph\">{\"@context\":\"https:\/\/schema.org\",\"@graph\":[{\"@type\":\"WebPage\",\"@id\":\"https:\/\/www.wheelchairbasketball.ca\/fr\/programmes\/prix-et-temple-de-la-renommee\/apercu-du-temple-de-la-renommee\/\",\"url\":\"https:\/\/www.wheelchairbasketball.ca\/fr\/programmes\/prix-et-temple-de-la-renommee\/apercu-du-temple-de-la-renommee\/\",\"name\":\"Aper\u00e7u du Temple de la renomm\u00e9e - Wheelchair Basketball Canada\",\"isPartOf\":{\"@id\":\"https:\/\/www.wheelchairbasketball.ca\/#website\"},\"datePublished\":\"2015-04-01T20:53:59+00:00\",\"dateModified\":\"2015-05-20T17:35:03+00:00\",\"breadcrumb\":{\"@id\":\"https:\/\/www.wheelchairbasketball.ca\/fr\/programmes\/prix-et-temple-de-la-renommee\/apercu-du-temple-de-la-renommee\/#breadcrumb\"},\"inLanguage\":\"fr-FR\",\"potentialAction\":[{\"@type\":\"ReadAction\",\"target\":[\"https:\/\/www.wheelchairbasketball.ca\/fr\/programmes\/prix-et-temple-de-la-renommee\/apercu-du-temple-de-la-renommee\/\"]}]},{\"@type\":\"BreadcrumbList\",\"@id\":\"https:\/\/www.wheelchairbasketball.ca\/fr\/programmes\/prix-et-temple-de-la-renommee\/apercu-du-temple-de-la-renommee\/#breadcrumb\",\"itemListElement\":[{\"@type\":\"ListItem\",\"position\":1,\"name\":\"Home\",\"item\":\"https:\/\/www.wheelchairbasketball.ca\/fr\/\"},{\"@type\":\"ListItem\",\"position\":2,\"name\":\"Programmes\",\"item\":\"https:\/\/www.wheelchairbasketball.ca\/fr\/programmes\/\"},{\"@type\":\"ListItem\",\"position\":3,\"name\":\"Prix et Temple de la renomm\u00e9e\",\"item\":\"https:\/\/www.wheelchairbasketball.ca\/fr\/programmes\/prix-et-temple-de-la-renommee\/\"},{\"@type\":\"ListItem\",\"position\":4,\"name\":\"Aper\u00e7u du Temple de la renomm\u00e9e\"}]},{\"@type\":\"WebSite\",\"@id\":\"https:\/\/www.wheelchairbasketball.ca\/#website\",\"url\":\"https:\/\/www.wheelchairbasketball.ca\/\",\"name\":\"Wheelchair Basketball Canada\",\"description\":\"Real Life. Real Sport.\",\"potentialAction\":[{\"@type\":\"SearchAction\",\"target\":{\"@type\":\"EntryPoint\",\"urlTemplate\":\"https:\/\/www.wheelchairbasketball.ca\/?s={search_term_string}\"},\"query-input\":\"required name=search_term_string\"}],\"inLanguage\":\"fr-FR\"}]}<\/script>\n<!-- \/ Yoast SEO plugin. -->","yoast_head_json":{"title":"Aper\u00e7u du Temple de la renomm\u00e9e - Wheelchair Basketball Canada","robots":{"index":"index","follow":"follow","max-snippet":"max-snippet:-1","max-image-preview":"max-image-preview:large","max-video-preview":"max-video-preview:-1"},"canonical":"https:\/\/www.wheelchairbasketball.ca\/fr\/programmes\/prix-et-temple-de-la-renommee\/apercu-du-temple-de-la-renommee\/","og_locale":"fr_FR","og_type":"article","og_title":"Aper\u00e7u du Temple de la renomm\u00e9e - Wheelchair Basketball Canada","og_description":"Les buts du programme du Temple de la renomm\u00e9e de Basketball en fauteuil roulant Canada sont de : Reconna\u00eetre et honorer des personnes et des \u00e9quipes canadiennes qui ont accompli des r\u00e9alisations extraordinaires dans le sport du basketball en fauteuil roulant au Canada ou sur le plan international. Reconna\u00eetre et honorer les Canadiens qui ont [&hellip;]","og_url":"https:\/\/www.wheelchairbasketball.ca\/fr\/programmes\/prix-et-temple-de-la-renommee\/apercu-du-temple-de-la-renommee\/","og_site_name":"Wheelchair Basketball Canada","article_publisher":"http:\/\/www.facebook.com\/wheelchairbasketball","article_modified_time":"2015-05-20T17:35:03+00:00","twitter_card":"summary_large_image","twitter_site":"@WCBballCanada","twitter_misc":{"Dur\u00e9e de lecture estim\u00e9e":"4 minutes"},"schema":{"@context":"https:\/\/schema.org","@graph":[{"@type":"WebPage","@id":"https:\/\/www.wheelchairbasketball.ca\/fr\/programmes\/prix-et-temple-de-la-renommee\/apercu-du-temple-de-la-renommee\/","url":"https:\/\/www.wheelchairbasketball.ca\/fr\/programmes\/prix-et-temple-de-la-renommee\/apercu-du-temple-de-la-renommee\/","name":"Aper\u00e7u du Temple de la renomm\u00e9e - Wheelchair Basketball Canada","isPartOf":{"@id":"https:\/\/www.wheelchairbasketball.ca\/#website"},"datePublished":"2015-04-01T20:53:59+00:00","dateModified":"2015-05-20T17:35:03+00:00","breadcrumb":{"@id":"https:\/\/www.wheelchairbasketball.ca\/fr\/programmes\/prix-et-temple-de-la-renommee\/apercu-du-temple-de-la-renommee\/#breadcrumb"},"inLanguage":"fr-FR","potentialAction":[{"@type":"ReadAction","target":["https:\/\/www.wheelchairbasketball.ca\/fr\/programmes\/prix-et-temple-de-la-renommee\/apercu-du-temple-de-la-renommee\/"]}]},{"@type":"BreadcrumbList","@id":"https:\/\/www.wheelchairbasketball.ca\/fr\/programmes\/prix-et-temple-de-la-renommee\/apercu-du-temple-de-la-renommee\/#breadcrumb","itemListElement":[{"@type":"ListItem","position":1,"name":"Home","item":"https:\/\/www.wheelchairbasketball.ca\/fr\/"},{"@type":"ListItem","position":2,"name":"Programmes","item":"https:\/\/www.wheelchairbasketball.ca\/fr\/programmes\/"},{"@type":"ListItem","position":3,"name":"Prix et Temple de la renomm\u00e9e","item":"https:\/\/www.wheelchairbasketball.ca\/fr\/programmes\/prix-et-temple-de-la-renommee\/"},{"@type":"ListItem","position":4,"name":"Aper\u00e7u du Temple de la renomm\u00e9e"}]},{"@type":"WebSite","@id":"https:\/\/www.wheelchairbasketball.ca\/#website","url":"https:\/\/www.wheelchairbasketball.ca\/","name":"Wheelchair Basketball Canada","description":"Real Life. Real Sport.","potentialAction":[{"@type":"SearchAction","target":{"@type":"EntryPoint","urlTemplate":"https:\/\/www.wheelchairbasketball.ca\/?s={search_term_string}"},"query-input":"required name=search_term_string"}],"inLanguage":"fr-FR"}]}},"_links":{"self":[{"href":"https:\/\/www.wheelchairbasketball.ca\/fr\/wp-json\/wp\/v2\/pages\/1595"}],"collection":[{"href":"https:\/\/www.wheelchairbasketball.ca\/fr\/wp-json\/wp\/v2\/pages"}],"about":[{"href":"https:\/\/www.wheelchairbasketball.ca\/fr\/wp-json\/wp\/v2\/types\/page"}],"author":[{"embeddable":true,"href":"https:\/\/www.wheelchairbasketball.ca\/fr\/wp-json\/wp\/v2\/users\/4"}],"replies":[{"embeddable":true,"href":"https:\/\/www.wheelchairbasketball.ca\/fr\/wp-json\/wp\/v2\/comments?post=1595"}],"version-history":[{"count":3,"href":"https:\/\/www.wheelchairbasketball.ca\/fr\/wp-json\/wp\/v2\/pages\/1595\/revisions"}],"predecessor-version":[{"id":2832,"href":"https:\/\/www.wheelchairbasketball.ca\/fr\/wp-json\/wp\/v2\/pages\/1595\/revisions\/2832"}],"up":[{"embeddable":true,"href":"https:\/\/www.wheelchairbasketball.ca\/fr\/wp-json\/wp\/v2\/pages\/1260"}],"wp:attachment":[{"href":"https:\/\/www.wheelchairbasketball.ca\/fr\/wp-json\/wp\/v2\/media?parent=1595"}],"curies":[{"name":"wp","href":"https:\/\/api.w.org\/{rel}","templated":true}]}}