{"id":1599,"date":"2015-04-01T20:55:26","date_gmt":"2015-04-01T20:55:26","guid":{"rendered":"https:\/\/www.wheelchairbasketball.ca\/?page_id=1599"},"modified":"2025-09-29T14:29:35","modified_gmt":"2025-09-29T14:29:35","slug":"inscrits-au-temple-de-la-renommee","status":"publish","type":"page","link":"https:\/\/www.wheelchairbasketball.ca\/fr\/programmes\/prix-et-temple-de-la-renommee\/inscrits-au-temple-de-la-renommee\/","title":{"rendered":"Inscrits au Temple de la renomm\u00e9e"},"content":{"rendered":"<h3>Athl\u00e8tes<\/h3>\n<p>2024 &#8211; Joey Johnson<br \/>\n2023 &#8211; Walter Dann\/Dave Durepos\/Sabrina Durepos<br \/>\n2020 &#8211; Joanne MacDonald<br \/>\n2016 &#8211; Richard Peter<br \/>\n2014 &#8211; Roy Henderson<br \/>\n2011 &#8211; Danielle Peers \/ Linda Kutrowski<br \/>\n2008 \u2013 Marni Abbott-Peter<br \/>\n2004 &#8211; John &lsquo;Clary&rsquo; Stubbert<br \/>\n1998 &#8211; Lucie Raiche \/ George Boshko<br \/>\n1997 &#8211; MJ Waugh Drouin \/ Murray Brown \/ Diane Hrychuck \/ Peter Colistro<br \/>\n1996 &#8211; Diane Earl \/ Flo Aukema \/ Ron Minor<\/p>\n<h3>\u00c9quipes<\/h3>\n<p>2015 &#8211; \u00c9quipe f\u00e9minine m\u00e9daill\u00e9e d&rsquo;or au Championnat du monde (2014)<br \/>\n2013 &#8211; \u00c9quipe masculine m\u00e9daill\u00e9e d&rsquo;or paraplympique (Londres 2012)<br \/>\n2008 &#8211; Vancouver Cable Cars (1971-1983)<br \/>\n2007 &#8211; \u00c9quipes masculine et f\u00e9minine m\u00e9daill\u00e9es d&rsquo;or au Championnat du monde (2006)<br \/>\n2005 &#8211; \u00c9quipe masculine m\u00e9daill\u00e9e d&rsquo;or paralympique (Ath\u00e8nes 2004)<br \/>\n2003 &#8211; \u00c9quipe f\u00e9minine m\u00e9daill\u00e9e d&rsquo;or au Championnat du monde (2002)<br \/>\n2002 &#8211; \u00c9quipe masculine junior m\u00e9daill\u00e9e d&rsquo;or au Championnat du monde junior (2001)<br \/>\n2001 &#8211; \u00c9quipes masculine et f\u00e9minine m\u00e9daill\u00e9es d&rsquo;or paralympiques (Sydney 2000)<br \/>\n1999 &#8211; \u00c9quipe f\u00e9minine m\u00e9daill\u00e9e d&rsquo;or au Championnat du monde (1998)<br \/>\n1998 &#8211; \u00c9quipe masculine junior m\u00e9daill\u00e9e d&rsquo;or au Championnat du monde junior (1997)<br \/>\n1997 &#8211; \u00c9quipe f\u00e9minine m\u00e9daill\u00e9e d&rsquo;or paralympique (Atlanta 1996)<br \/>\n1996 &#8211; \u00c9quipe f\u00e9minine m\u00e9daill\u00e9e d\u2019or paralympique (Barcelone 1992)<br \/>\n1995 &#8211; Dueck Powerglides \/ Wheelchair Wonders de Montr\u00e9al<\/p>\n<h3>Entra\u00eeneurs<\/h3>\n<p>2024 &#8211; Paul Bowes<br \/>\n2012 &#8211; Tim Frick<br \/>\n1995 &#8211; Vic Cue<\/p>\n<h3>Officiels<\/h3>\n<p>2024 &#8211; Anne L<br \/>\n2019 &#8211; Sergio Giordano<br \/>\n2014 &#8211; Trevor Kerr<br \/>\n2001 &#8211; Gilles Bri\u00e8re<br \/>\n1998 &#8211; Vlad Eshenko<br \/>\n1996 &#8211; Ben Harnish<br \/>\n1995 &#8211; Don \u2018Butch\u2019 Steponchev<\/p>\n<h3>B\u00e2tisseurs<\/h3>\n<p>2022 &#8211; Joe Higgins<br \/>\n2017 &#8211; Martine Talbot \/ Andr\u00e9 Ducharme<br \/>\n2006 &#8211; Bruce Russell<br \/>\n2003 &#8211; Keith Cartwright<br \/>\n1998 &#8211; Michael Bryce \/ Maureen Orchard<br \/>\n1997 &#8211; MIM Foundation<br \/>\n1996 &#8211; Reg McClellan \/ Donald Royer<br \/>\n1995 &#8211; Stan Strong \/ Bill Hepburn<\/p>\n","protected":false},"excerpt":{"rendered":"Athl\u00e8tes 2024 &#8211; Joey Johnson 2023 &#8211; Walter Dann\/Dave Durepos\/Sabrina Durepos 2020 &#8211; Joanne MacDonald 2016 &#8211; Richard Peter 2014 &#8211; Roy Henderson 2011 &#8211; Danielle Peers \/ Linda Kutrowski 2008 \u2013 Marni Abbott-Peter 2004 &#8211; John &lsquo;Clary&rsquo; Stubbert 1998 &#8211; Lucie Raiche \/ George Boshko 1997 &#8211; MJ Waugh Drouin \/ Murray Brown \/ [&hellip;]","protected":false},"author":4,"featured_media":0,"parent":1260,"menu_order":3,"comment_status":"closed","ping_status":"closed","template":"","meta":{"om_disable_all_campaigns":false,"_monsterinsights_skip_tracking":false,"_monsterinsights_sitenote_active":false,"_monsterinsights_sitenote_note":"","_monsterinsights_sitenote_category":0,"footnotes":""},"acf":[],"yoast_head":"<!-- This site is optimized with the Yoast SEO plugin v21.9.1 - https:\/\/yoast.com\/wordpress\/plugins\/seo\/ -->\n<title>Inscrits au Temple de la renomm\u00e9e - Wheelchair Basketball Canada<\/title>\n<meta name=\"robots\" content=\"index, follow, max-snippet:-1, max-image-preview:large, max-video-preview:-1\" \/>\n<link rel=\"canonical\" href=\"https:\/\/www.wheelchairbasketball.ca\/fr\/programmes\/prix-et-temple-de-la-renommee\/inscrits-au-temple-de-la-renommee\/\" \/>\n<meta property=\"og:locale\" content=\"fr_FR\" \/>\n<meta property=\"og:type\" content=\"article\" \/>\n<meta property=\"og:title\" content=\"Inscrits au Temple de la renomm\u00e9e - Wheelchair Basketball Canada\" \/>\n<meta property=\"og:description\" content=\"Athl\u00e8tes 2024 &#8211; Joey Johnson 2023 &#8211; Walter Dann\/Dave Durepos\/Sabrina Durepos 2020 &#8211; Joanne MacDonald 2016 &#8211; Richard Peter 2014 &#8211; Roy Henderson 2011 &#8211; Danielle Peers \/ Linda Kutrowski 2008 \u2013 Marni Abbott-Peter 2004 &#8211; John &lsquo;Clary&rsquo; Stubbert 1998 &#8211; Lucie Raiche \/ George Boshko 1997 &#8211; MJ Waugh Drouin \/ Murray Brown \/ [&hellip;]\" \/>\n<meta property=\"og:url\" content=\"https:\/\/www.wheelchairbasketball.ca\/fr\/programmes\/prix-et-temple-de-la-renommee\/inscrits-au-temple-de-la-renommee\/\" \/>\n<meta property=\"og:site_name\" content=\"Wheelchair Basketball Canada\" \/>\n<meta property=\"article:publisher\" content=\"http:\/\/www.facebook.com\/wheelchairbasketball\" \/>\n<meta property=\"article:modified_time\" content=\"2025-09-29T14:29:35+00:00\" \/>\n<meta name=\"twitter:card\" content=\"summary_large_image\" \/>\n<meta name=\"twitter:site\" content=\"@WCBballCanada\" \/>\n<meta name=\"twitter:label1\" content=\"Dur\u00e9e de lecture estim\u00e9e\" \/>\n\t<meta name=\"twitter:data1\" content=\"2 minutes\" \/>\n<script type=\"application\/ld+json\" class=\"yoast-schema-graph\">{\"@context\":\"https:\/\/schema.org\",\"@graph\":[{\"@type\":\"WebPage\",\"@id\":\"https:\/\/www.wheelchairbasketball.ca\/fr\/programmes\/prix-et-temple-de-la-renommee\/inscrits-au-temple-de-la-renommee\/\",\"url\":\"https:\/\/www.wheelchairbasketball.ca\/fr\/programmes\/prix-et-temple-de-la-renommee\/inscrits-au-temple-de-la-renommee\/\",\"name\":\"Inscrits au Temple de la renomm\u00e9e - Wheelchair Basketball Canada\",\"isPartOf\":{\"@id\":\"https:\/\/www.wheelchairbasketball.ca\/#website\"},\"datePublished\":\"2015-04-01T20:55:26+00:00\",\"dateModified\":\"2025-09-29T14:29:35+00:00\",\"breadcrumb\":{\"@id\":\"https:\/\/www.wheelchairbasketball.ca\/fr\/programmes\/prix-et-temple-de-la-renommee\/inscrits-au-temple-de-la-renommee\/#breadcrumb\"},\"inLanguage\":\"fr-FR\",\"potentialAction\":[{\"@type\":\"ReadAction\",\"target\":[\"https:\/\/www.wheelchairbasketball.ca\/fr\/programmes\/prix-et-temple-de-la-renommee\/inscrits-au-temple-de-la-renommee\/\"]}]},{\"@type\":\"BreadcrumbList\",\"@id\":\"https:\/\/www.wheelchairbasketball.ca\/fr\/programmes\/prix-et-temple-de-la-renommee\/inscrits-au-temple-de-la-renommee\/#breadcrumb\",\"itemListElement\":[{\"@type\":\"ListItem\",\"position\":1,\"name\":\"Home\",\"item\":\"https:\/\/www.wheelchairbasketball.ca\/fr\/\"},{\"@type\":\"ListItem\",\"position\":2,\"name\":\"Programmes\",\"item\":\"https:\/\/www.wheelchairbasketball.ca\/fr\/programmes\/\"},{\"@type\":\"ListItem\",\"position\":3,\"name\":\"Prix et Temple de la renomm\u00e9e\",\"item\":\"https:\/\/www.wheelchairbasketball.ca\/fr\/programmes\/prix-et-temple-de-la-renommee\/\"},{\"@type\":\"ListItem\",\"position\":4,\"name\":\"Inscrits au Temple de la renomm\u00e9e\"}]},{\"@type\":\"WebSite\",\"@id\":\"https:\/\/www.wheelchairbasketball.ca\/#website\",\"url\":\"https:\/\/www.wheelchairbasketball.ca\/\",\"name\":\"Wheelchair Basketball Canada\",\"description\":\"Real Life. Real Sport.\",\"potentialAction\":[{\"@type\":\"SearchAction\",\"target\":{\"@type\":\"EntryPoint\",\"urlTemplate\":\"https:\/\/www.wheelchairbasketball.ca\/?s={search_term_string}\"},\"query-input\":\"required name=search_term_string\"}],\"inLanguage\":\"fr-FR\"}]}<\/script>\n<!-- \/ Yoast SEO plugin. -->","yoast_head_json":{"title":"Inscrits au Temple de la renomm\u00e9e - Wheelchair Basketball Canada","robots":{"index":"index","follow":"follow","max-snippet":"max-snippet:-1","max-image-preview":"max-image-preview:large","max-video-preview":"max-video-preview:-1"},"canonical":"https:\/\/www.wheelchairbasketball.ca\/fr\/programmes\/prix-et-temple-de-la-renommee\/inscrits-au-temple-de-la-renommee\/","og_locale":"fr_FR","og_type":"article","og_title":"Inscrits au Temple de la renomm\u00e9e - Wheelchair Basketball Canada","og_description":"Athl\u00e8tes 2024 &#8211; Joey Johnson 2023 &#8211; Walter Dann\/Dave Durepos\/Sabrina Durepos 2020 &#8211; Joanne MacDonald 2016 &#8211; Richard Peter 2014 &#8211; Roy Henderson 2011 &#8211; Danielle Peers \/ Linda Kutrowski 2008 \u2013 Marni Abbott-Peter 2004 &#8211; John &lsquo;Clary&rsquo; Stubbert 1998 &#8211; Lucie Raiche \/ George Boshko 1997 &#8211; MJ Waugh Drouin \/ Murray Brown \/ [&hellip;]","og_url":"https:\/\/www.wheelchairbasketball.ca\/fr\/programmes\/prix-et-temple-de-la-renommee\/inscrits-au-temple-de-la-renommee\/","og_site_name":"Wheelchair Basketball Canada","article_publisher":"http:\/\/www.facebook.com\/wheelchairbasketball","article_modified_time":"2025-09-29T14:29:35+00:00","twitter_card":"summary_large_image","twitter_site":"@WCBballCanada","twitter_misc":{"Dur\u00e9e de lecture estim\u00e9e":"2 minutes"},"schema":{"@context":"https:\/\/schema.org","@graph":[{"@type":"WebPage","@id":"https:\/\/www.wheelchairbasketball.ca\/fr\/programmes\/prix-et-temple-de-la-renommee\/inscrits-au-temple-de-la-renommee\/","url":"https:\/\/www.wheelchairbasketball.ca\/fr\/programmes\/prix-et-temple-de-la-renommee\/inscrits-au-temple-de-la-renommee\/","name":"Inscrits au Temple de la renomm\u00e9e - Wheelchair Basketball Canada","isPartOf":{"@id":"https:\/\/www.wheelchairbasketball.ca\/#website"},"datePublished":"2015-04-01T20:55:26+00:00","dateModified":"2025-09-29T14:29:35+00:00","breadcrumb":{"@id":"https:\/\/www.wheelchairbasketball.ca\/fr\/programmes\/prix-et-temple-de-la-renommee\/inscrits-au-temple-de-la-renommee\/#breadcrumb"},"inLanguage":"fr-FR","potentialAction":[{"@type":"ReadAction","target":["https:\/\/www.wheelchairbasketball.ca\/fr\/programmes\/prix-et-temple-de-la-renommee\/inscrits-au-temple-de-la-renommee\/"]}]},{"@type":"BreadcrumbList","@id":"https:\/\/www.wheelchairbasketball.ca\/fr\/programmes\/prix-et-temple-de-la-renommee\/inscrits-au-temple-de-la-renommee\/#breadcrumb","itemListElement":[{"@type":"ListItem","position":1,"name":"Home","item":"https:\/\/www.wheelchairbasketball.ca\/fr\/"},{"@type":"ListItem","position":2,"name":"Programmes","item":"https:\/\/www.wheelchairbasketball.ca\/fr\/programmes\/"},{"@type":"ListItem","position":3,"name":"Prix et Temple de la renomm\u00e9e","item":"https:\/\/www.wheelchairbasketball.ca\/fr\/programmes\/prix-et-temple-de-la-renommee\/"},{"@type":"ListItem","position":4,"name":"Inscrits au Temple de la renomm\u00e9e"}]},{"@type":"WebSite","@id":"https:\/\/www.wheelchairbasketball.ca\/#website","url":"https:\/\/www.wheelchairbasketball.ca\/","name":"Wheelchair Basketball Canada","description":"Real Life. Real Sport.","potentialAction":[{"@type":"SearchAction","target":{"@type":"EntryPoint","urlTemplate":"https:\/\/www.wheelchairbasketball.ca\/?s={search_term_string}"},"query-input":"required name=search_term_string"}],"inLanguage":"fr-FR"}]}},"_links":{"self":[{"href":"https:\/\/www.wheelchairbasketball.ca\/fr\/wp-json\/wp\/v2\/pages\/1599"}],"collection":[{"href":"https:\/\/www.wheelchairbasketball.ca\/fr\/wp-json\/wp\/v2\/pages"}],"about":[{"href":"https:\/\/www.wheelchairbasketball.ca\/fr\/wp-json\/wp\/v2\/types\/page"}],"author":[{"embeddable":true,"href":"https:\/\/www.wheelchairbasketball.ca\/fr\/wp-json\/wp\/v2\/users\/4"}],"replies":[{"embeddable":true,"href":"https:\/\/www.wheelchairbasketball.ca\/fr\/wp-json\/wp\/v2\/comments?post=1599"}],"version-history":[{"count":11,"href":"https:\/\/www.wheelchairbasketball.ca\/fr\/wp-json\/wp\/v2\/pages\/1599\/revisions"}],"predecessor-version":[{"id":25081,"href":"https:\/\/www.wheelchairbasketball.ca\/fr\/wp-json\/wp\/v2\/pages\/1599\/revisions\/25081"}],"up":[{"embeddable":true,"href":"https:\/\/www.wheelchairbasketball.ca\/fr\/wp-json\/wp\/v2\/pages\/1260"}],"wp:attachment":[{"href":"https:\/\/www.wheelchairbasketball.ca\/fr\/wp-json\/wp\/v2\/media?parent=1599"}],"curies":[{"name":"wp","href":"https:\/\/api.w.org\/{rel}","templated":true}]}}